{"id":12390,"date":"2020-05-11T08:19:43","date_gmt":"2020-05-11T08:19:43","guid":{"rendered":"https:\/\/sindicom.hr\/katalog\/ulje-za-kocnice-total-pentozin-1l-lhm\/"},"modified":"2025-10-27T11:34:48","modified_gmt":"2025-10-27T11:34:48","slug":"ulje-za-kocnice-total-pentozin-1l-lhm","status":"publish","type":"product","link":"https:\/\/sindicom.hr\/en\/katalog\/ulje-za-kocnice-total-pentozin-1l-lhm\/","title":{"rendered":"ULJE ZA KO\u010cNICE 1L MINERALNO PENTOZIN ULJE LHM PLUS TOTAL OE"},"content":{"rendered":"<p>214174 TOTAL  4002\/1900 JCB  490408 MANITOU  24.9903-5001.2 ATE  1987479037 BOSCH  1 987 479 037 BOSCH  06161 FEBI  214174 TOTAL  4002\/1900 JCB  490408 MANITOU  24.9903-5001.2 ATE  1987479037 BOSCH  1 987 479 037 BOSCH  G 002 000 AUDI  G 002 500 AUDI  G 004 000 M2 AUDI  81 22 9 407 758 BMW  82 11 0 148 132 BMW  82 11 1 468 041 BMW  83 19 2 179 990 BMW  83 29 0 429 576 BMW  00MS-10838 CHRYSLER  0MS 11655b CHRYSLER  MS 11655b CHRYSLER  MS-10838 CHRYSLER  9730.A1 CITRO\u00cbN  9730.A5 CITRO\u00cbN  9979.64 CITRO\u00cbN  9979.69 CITRO\u00cbN  9979.A3 CITRO\u00cbN  1786 432 DAF  39.060-001 EVOBUS  A39.060-001 EVOBUS  X902011622000 FENDT  955550AG3 FIAT  1 384 110 FORD  09110030427 MAN  09.11003.0427 MAN  83 29 0 429 576 MINI  19 49 715 OPEL  1940715 OPEL  1940766 OPEL  S71 2710 PEUGEOT  90 392 706 SAAB  93 160 548 SAAB  93 165 227 SAAB  G 002 000 SEAT  G 002 500 SEAT  G 004 000 M2 SEAT  G 002 000 SKODA  G 002 500 SKODA  G 004 000 M2 SKODA  093160548 VAUXHALL  93160548 VAUXHALL  1161317 VOLVO  1161529 VOLVO  30741424 VOLVO  8713081 VOLVO  G 002 000 A2 VW  G 002 000 VW  G 004 000 M2 VW  0023219017 HYUNDAI  0310000130 HYUNDAI  o0232-19017 HYUNDAI  o3100-00130 HYUNDAI  LR003401 LAND ROVER  STC50519 LAND ROVER  000 043 203 33 PORSCHE  000 043 206 56 PORSCHE  00004320489 PORSCHE  99991755100 PORSCHE  090544116 GENERAL MOTORS  093160548 GENERAL MOTORS  90544116 GENERAL MOTORS  93160548 GENERAL MOTORS  104154 AUGER  9.58030 DT  PENTOSIN CHF 11S  Mineral\u00f6l Pentosin LHM CHF 11S  Mineral oil Pentosin LHM CHF 11S  Olio minerale Pentosin LHM CHF 11S<\/p>\n","protected":false},"excerpt":{"rendered":"<p><img decoding=\"async\" class=\"alignnone size-medium wp-image-18048\" src=\"https:\/\/sindicom.hr\/wp-content\/uploads\/2020\/05\/total-300x300.png\" alt=\"\" width=\"300\" height=\"300\" srcset=\"https:\/\/sindicom.hr\/wp-content\/uploads\/2020\/05\/total-64x64.png 64w, https:\/\/sindicom.hr\/wp-content\/uploads\/2020\/05\/total-66x66.png 66w, https:\/\/sindicom.hr\/wp-content\/uploads\/2020\/05\/total-100x100.png 100w, https:\/\/sindicom.hr\/wp-content\/uploads\/2020\/05\/total-150x150.png 150w, https:\/\/sindicom.hr\/wp-content\/uploads\/2020\/05\/total-200x200.png 200w, https:\/\/sindicom.hr\/wp-content\/uploads\/2020\/05\/total.png 300w\" sizes=\"(max-width: 300px) 100vw, 300px\" \/><\/p>\n","protected":false},"featured_media":44869,"template":"","meta":{"inline_featured_image":false},"product_brand":[],"product_cat":[15,207],"product_tag":[],"class_list":{"0":"post-12390","1":"product","2":"type-product","3":"status-publish","4":"has-post-thumbnail","6":"product_cat-all-products","7":"product_cat-mast-ulja-kemijska-sredstvagrease-oil-chemicals","9":"first","10":"instock","11":"shipping-taxable","12":"purchasable","13":"product-type-simple"},"yoast_head":"<!-- This site is optimized with the Yoast SEO plugin v26.2 - https:\/\/yoast.com\/wordpress\/plugins\/seo\/ -->\n<title>ULJE ZA KO\u010cNICE 1L MINERALNO PENTOZIN ULJE LHM PLUS TOTAL OE - Sindicom<\/title>\n<meta name=\"robots\" content=\"index, follow, max-snippet:-1, max-image-preview:large, max-video-preview:-1\" \/>\n<link rel=\"canonical\" href=\"https:\/\/sindicom.hr\/en\/katalog\/ulje-za-kocnice-total-pentozin-1l-lhm\/\" \/>\n<meta property=\"og:locale\" content=\"en_US\" \/>\n<meta property=\"og:type\" content=\"article\" \/>\n<meta property=\"og:title\" content=\"ULJE ZA KO\u010cNICE 1L MINERALNO PENTOZIN ULJE LHM PLUS TOTAL OE - Sindicom\" \/>\n<meta property=\"og:url\" content=\"https:\/\/sindicom.hr\/en\/katalog\/ulje-za-kocnice-total-pentozin-1l-lhm\/\" \/>\n<meta property=\"og:site_name\" content=\"Sindicom\" \/>\n<meta property=\"article:publisher\" content=\"https:\/\/www.facebook.com\/Sindicom-doo-170277286366043\/\" \/>\n<meta property=\"article:modified_time\" content=\"2025-10-27T11:34:48+00:00\" \/>\n<meta property=\"og:image\" content=\"https:\/\/sindicom.hr\/wp-content\/uploads\/2020\/05\/214174-TOTAL.webp\" \/>\n\t<meta property=\"og:image:width\" content=\"600\" \/>\n\t<meta property=\"og:image:height\" content=\"600\" \/>\n\t<meta property=\"og:image:type\" content=\"image\/webp\" \/>\n<meta name=\"twitter:card\" content=\"summary_large_image\" \/>\n<meta name=\"twitter:label1\" content=\"Est. reading time\" \/>\n\t<meta name=\"twitter:data1\" content=\"1 minute\" \/>\n<script type=\"application\/ld+json\" class=\"yoast-schema-graph\">{\"@context\":\"https:\/\/schema.org\",\"@graph\":[{\"@type\":\"WebPage\",\"@id\":\"https:\/\/sindicom.hr\/en\/katalog\/ulje-za-kocnice-total-pentozin-1l-lhm\/\",\"url\":\"https:\/\/sindicom.hr\/en\/katalog\/ulje-za-kocnice-total-pentozin-1l-lhm\/\",\"name\":\"ULJE ZA KO\u010cNICE 1L MINERALNO PENTOZIN ULJE LHM PLUS TOTAL OE - Sindicom\",\"isPartOf\":{\"@id\":\"https:\/\/sindicom.hr\/en\/#website\"},\"primaryImageOfPage\":{\"@id\":\"https:\/\/sindicom.hr\/en\/katalog\/ulje-za-kocnice-total-pentozin-1l-lhm\/#primaryimage\"},\"image\":{\"@id\":\"https:\/\/sindicom.hr\/en\/katalog\/ulje-za-kocnice-total-pentozin-1l-lhm\/#primaryimage\"},\"thumbnailUrl\":\"https:\/\/sindicom.hr\/wp-content\/uploads\/2020\/05\/214174-TOTAL.webp\",\"datePublished\":\"2020-05-11T08:19:43+00:00\",\"dateModified\":\"2025-10-27T11:34:48+00:00\",\"breadcrumb\":{\"@id\":\"https:\/\/sindicom.hr\/en\/katalog\/ulje-za-kocnice-total-pentozin-1l-lhm\/#breadcrumb\"},\"inLanguage\":\"en-US\",\"potentialAction\":[{\"@type\":\"ReadAction\",\"target\":[\"https:\/\/sindicom.hr\/en\/katalog\/ulje-za-kocnice-total-pentozin-1l-lhm\/\"]}]},{\"@type\":\"ImageObject\",\"inLanguage\":\"en-US\",\"@id\":\"https:\/\/sindicom.hr\/en\/katalog\/ulje-za-kocnice-total-pentozin-1l-lhm\/#primaryimage\",\"url\":\"https:\/\/sindicom.hr\/wp-content\/uploads\/2020\/05\/214174-TOTAL.webp\",\"contentUrl\":\"https:\/\/sindicom.hr\/wp-content\/uploads\/2020\/05\/214174-TOTAL.webp\",\"width\":600,\"height\":600},{\"@type\":\"BreadcrumbList\",\"@id\":\"https:\/\/sindicom.hr\/en\/katalog\/ulje-za-kocnice-total-pentozin-1l-lhm\/#breadcrumb\",\"itemListElement\":[{\"@type\":\"ListItem\",\"position\":1,\"name\":\"Po\u010detna stranica\",\"item\":\"https:\/\/sindicom.hr\/en\/\"},{\"@type\":\"ListItem\",\"position\":2,\"name\":\"Katalog dijelova\",\"item\":\"https:\/\/sindicom.hr\/en\/catalog\/\"},{\"@type\":\"ListItem\",\"position\":3,\"name\":\"ULJE ZA KO\u010cNICE 1L MINERALNO PENTOZIN ULJE LHM PLUS TOTAL OE\"}]},{\"@type\":\"WebSite\",\"@id\":\"https:\/\/sindicom.hr\/en\/#website\",\"url\":\"https:\/\/sindicom.hr\/en\/\",\"name\":\"SINDICOM\",\"description\":\"Trade and repair of pneumatic brakes, air and hydraulic systems for trucks and buses\",\"publisher\":{\"@id\":\"https:\/\/sindicom.hr\/en\/#organization\"},\"potentialAction\":[{\"@type\":\"SearchAction\",\"target\":{\"@type\":\"EntryPoint\",\"urlTemplate\":\"https:\/\/sindicom.hr\/en\/?s={search_term_string}\"},\"query-input\":{\"@type\":\"PropertyValueSpecification\",\"valueRequired\":true,\"valueName\":\"search_term_string\"}}],\"inLanguage\":\"en-US\"},{\"@type\":\"Organization\",\"@id\":\"https:\/\/sindicom.hr\/en\/#organization\",\"name\":\"SINDICOM d.o.o.\",\"url\":\"https:\/\/sindicom.hr\/en\/\",\"logo\":{\"@type\":\"ImageObject\",\"inLanguage\":\"en-US\",\"@id\":\"https:\/\/sindicom.hr\/en\/#\/schema\/logo\/image\/\",\"url\":\"https:\/\/sindicom.hr\/wp-content\/uploads\/2019\/11\/sindicom_logo_veliki1.jpg.png\",\"contentUrl\":\"https:\/\/sindicom.hr\/wp-content\/uploads\/2019\/11\/sindicom_logo_veliki1.jpg.png\",\"width\":732,\"height\":706,\"caption\":\"SINDICOM d.o.o.\"},\"image\":{\"@id\":\"https:\/\/sindicom.hr\/en\/#\/schema\/logo\/image\/\"},\"sameAs\":[\"https:\/\/www.facebook.com\/Sindicom-doo-170277286366043\/\",\"https:\/\/instagram.com\/sindicomdoo\"]}]}<\/script>\n<!-- \/ Yoast SEO plugin. -->","yoast_head_json":{"title":"ULJE ZA KO\u010cNICE 1L MINERALNO PENTOZIN ULJE LHM PLUS TOTAL OE - Sindicom","robots":{"index":"index","follow":"follow","max-snippet":"max-snippet:-1","max-image-preview":"max-image-preview:large","max-video-preview":"max-video-preview:-1"},"canonical":"https:\/\/sindicom.hr\/en\/katalog\/ulje-za-kocnice-total-pentozin-1l-lhm\/","og_locale":"en_US","og_type":"article","og_title":"ULJE ZA KO\u010cNICE 1L MINERALNO PENTOZIN ULJE LHM PLUS TOTAL OE - Sindicom","og_url":"https:\/\/sindicom.hr\/en\/katalog\/ulje-za-kocnice-total-pentozin-1l-lhm\/","og_site_name":"Sindicom","article_publisher":"https:\/\/www.facebook.com\/Sindicom-doo-170277286366043\/","article_modified_time":"2025-10-27T11:34:48+00:00","og_image":[{"width":600,"height":600,"url":"https:\/\/sindicom.hr\/wp-content\/uploads\/2020\/05\/214174-TOTAL.webp","type":"image\/webp"}],"twitter_card":"summary_large_image","twitter_misc":{"Est. reading time":"1 minute"},"schema":{"@context":"https:\/\/schema.org","@graph":[{"@type":"WebPage","@id":"https:\/\/sindicom.hr\/en\/katalog\/ulje-za-kocnice-total-pentozin-1l-lhm\/","url":"https:\/\/sindicom.hr\/en\/katalog\/ulje-za-kocnice-total-pentozin-1l-lhm\/","name":"ULJE ZA KO\u010cNICE 1L MINERALNO PENTOZIN ULJE LHM PLUS TOTAL OE - Sindicom","isPartOf":{"@id":"https:\/\/sindicom.hr\/en\/#website"},"primaryImageOfPage":{"@id":"https:\/\/sindicom.hr\/en\/katalog\/ulje-za-kocnice-total-pentozin-1l-lhm\/#primaryimage"},"image":{"@id":"https:\/\/sindicom.hr\/en\/katalog\/ulje-za-kocnice-total-pentozin-1l-lhm\/#primaryimage"},"thumbnailUrl":"https:\/\/sindicom.hr\/wp-content\/uploads\/2020\/05\/214174-TOTAL.webp","datePublished":"2020-05-11T08:19:43+00:00","dateModified":"2025-10-27T11:34:48+00:00","breadcrumb":{"@id":"https:\/\/sindicom.hr\/en\/katalog\/ulje-za-kocnice-total-pentozin-1l-lhm\/#breadcrumb"},"inLanguage":"en-US","potentialAction":[{"@type":"ReadAction","target":["https:\/\/sindicom.hr\/en\/katalog\/ulje-za-kocnice-total-pentozin-1l-lhm\/"]}]},{"@type":"ImageObject","inLanguage":"en-US","@id":"https:\/\/sindicom.hr\/en\/katalog\/ulje-za-kocnice-total-pentozin-1l-lhm\/#primaryimage","url":"https:\/\/sindicom.hr\/wp-content\/uploads\/2020\/05\/214174-TOTAL.webp","contentUrl":"https:\/\/sindicom.hr\/wp-content\/uploads\/2020\/05\/214174-TOTAL.webp","width":600,"height":600},{"@type":"BreadcrumbList","@id":"https:\/\/sindicom.hr\/en\/katalog\/ulje-za-kocnice-total-pentozin-1l-lhm\/#breadcrumb","itemListElement":[{"@type":"ListItem","position":1,"name":"Po\u010detna stranica","item":"https:\/\/sindicom.hr\/en\/"},{"@type":"ListItem","position":2,"name":"Katalog dijelova","item":"https:\/\/sindicom.hr\/en\/catalog\/"},{"@type":"ListItem","position":3,"name":"ULJE ZA KO\u010cNICE 1L MINERALNO PENTOZIN ULJE LHM PLUS TOTAL OE"}]},{"@type":"WebSite","@id":"https:\/\/sindicom.hr\/en\/#website","url":"https:\/\/sindicom.hr\/en\/","name":"SINDICOM","description":"Trade and repair of pneumatic brakes, air and hydraulic systems for trucks and buses","publisher":{"@id":"https:\/\/sindicom.hr\/en\/#organization"},"potentialAction":[{"@type":"SearchAction","target":{"@type":"EntryPoint","urlTemplate":"https:\/\/sindicom.hr\/en\/?s={search_term_string}"},"query-input":{"@type":"PropertyValueSpecification","valueRequired":true,"valueName":"search_term_string"}}],"inLanguage":"en-US"},{"@type":"Organization","@id":"https:\/\/sindicom.hr\/en\/#organization","name":"SINDICOM d.o.o.","url":"https:\/\/sindicom.hr\/en\/","logo":{"@type":"ImageObject","inLanguage":"en-US","@id":"https:\/\/sindicom.hr\/en\/#\/schema\/logo\/image\/","url":"https:\/\/sindicom.hr\/wp-content\/uploads\/2019\/11\/sindicom_logo_veliki1.jpg.png","contentUrl":"https:\/\/sindicom.hr\/wp-content\/uploads\/2019\/11\/sindicom_logo_veliki1.jpg.png","width":732,"height":706,"caption":"SINDICOM d.o.o."},"image":{"@id":"https:\/\/sindicom.hr\/en\/#\/schema\/logo\/image\/"},"sameAs":["https:\/\/www.facebook.com\/Sindicom-doo-170277286366043\/","https:\/\/instagram.com\/sindicomdoo"]}]}},"_links":{"self":[{"href":"https:\/\/sindicom.hr\/en\/wp-json\/wp\/v2\/product\/12390","targetHints":{"allow":["GET"]}}],"collection":[{"href":"https:\/\/sindicom.hr\/en\/wp-json\/wp\/v2\/product"}],"about":[{"href":"https:\/\/sindicom.hr\/en\/wp-json\/wp\/v2\/types\/product"}],"wp:featuredmedia":[{"embeddable":true,"href":"https:\/\/sindicom.hr\/en\/wp-json\/wp\/v2\/media\/44869"}],"wp:attachment":[{"href":"https:\/\/sindicom.hr\/en\/wp-json\/wp\/v2\/media?parent=12390"}],"wp:term":[{"taxonomy":"product_brand","embeddable":true,"href":"https:\/\/sindicom.hr\/en\/wp-json\/wp\/v2\/product_brand?post=12390"},{"taxonomy":"product_cat","embeddable":true,"href":"https:\/\/sindicom.hr\/en\/wp-json\/wp\/v2\/product_cat?post=12390"},{"taxonomy":"product_tag","embeddable":true,"href":"https:\/\/sindicom.hr\/en\/wp-json\/wp\/v2\/product_tag?post=12390"}],"curies":[{"name":"wp","href":"https:\/\/api.w.org\/{rel}","templated":true}]}}