{"id":12588,"date":"2020-05-11T08:20:19","date_gmt":"2020-05-11T08:20:19","guid":{"rendered":"https:\/\/sindicom.hr\/katalog\/set-kocione-celjusti-meritor\/"},"modified":"2025-10-27T11:36:10","modified_gmt":"2025-10-27T11:36:10","slug":"set-kocione-celjusti-meritor","status":"publish","type":"product","link":"https:\/\/sindicom.hr\/en\/katalog\/set-kocione-celjusti-meritor\/","title":{"rendered":"SET ODU\u0160AK EAPU JEDINICE ISU\u0160IVA\u010cA ZRAKA MAN TGS TGX LIONS SCANIA EURO 6 WABCO OE"},"content":{"rendered":"<p>9325109132 WABCO  9325109052 WABCO  9325109082 WABCO  9325103000 WABCO  9325103010 WABCO  9325103020 WABCO  9325103030 WABCO  9325104000 WABCO  9325102072 WABCO  9325102060 WABCO  9325102050 WABCO  9325102030 WABCO  9325102020 WABCO  9325102000 WABCO  9325108000 WABCO  2551090 SCANIA  2591905 SCANIA  2897060 SCANIA  2795850 SCANIA  2440299 SCANIA  2564986 SCANIA  2591905 SCANIA  2594138 SCANIA  2598599 SCANIA  2551090 SCANIA  2591905 SCANIA  2897060 SCANIA  2795850 SCANIA  2651887 SCANIA  2440299 SCANIA  2608040 SCANIA  2591905 SCANIA  81521716004 MAN  81.52171-6004 MAN  81521086028 MAN  81.52108-6028 MAN  81521086027 MAN  81.52108-6027 MAN  81521086031 MAN  81.52108-6031 MAN  8845100360 MAN  88.4510-0360 MAN  36521086000 LIONS  36 52108 6000 LIONS  JC462A131BB FORD  2203110 COJALI  Electronic Air Processing Unit (EAPU) Repair Kit  Electronic Air Processing Unit (EAPU) E-APU repair kit  Repair kit  Spares Kit  Reparatieset  Reparatursatz  Reparationssat  Kit di riparazione  Kit de r\u00e9paration  Kit de reparaci\u00f3n  Zestaw naprawczy<\/p>\n","protected":false},"excerpt":{"rendered":"<p><img decoding=\"async\" class=\"alignnone size-medium wp-image-17720\" src=\"https:\/\/sindicom.hr\/wp-content\/uploads\/2020\/05\/wabco-300x300.png\" alt=\"\" width=\"300\" height=\"300\" srcset=\"https:\/\/sindicom.hr\/wp-content\/uploads\/2020\/05\/wabco-64x64.png 64w, https:\/\/sindicom.hr\/wp-content\/uploads\/2020\/05\/wabco-66x66.png 66w, https:\/\/sindicom.hr\/wp-content\/uploads\/2020\/05\/wabco-100x100.png 100w, https:\/\/sindicom.hr\/wp-content\/uploads\/2020\/05\/wabco-150x150.png 150w, https:\/\/sindicom.hr\/wp-content\/uploads\/2020\/05\/wabco-200x200.png 200w, https:\/\/sindicom.hr\/wp-content\/uploads\/2020\/05\/wabco.png 300w\" sizes=\"(max-width: 300px) 100vw, 300px\" \/><\/p>\n","protected":false},"featured_media":49345,"template":"","meta":{"inline_featured_image":false},"product_brand":[],"product_cat":[15,108,120,109,107],"product_tag":[],"class_list":{"0":"post-12588","1":"product","2":"type-product","3":"status-publish","4":"has-post-thumbnail","6":"product_cat-all-products","7":"product_cat-man-teretna-vozila","8":"product_cat-reparaturni-setovi","9":"product_cat-scania-teretna-vozila","10":"product_cat-teretna-vozila","12":"first","13":"instock","14":"shipping-taxable","15":"purchasable","16":"product-type-simple"},"yoast_head":"<!-- This site is optimized with the Yoast SEO plugin v26.2 - https:\/\/yoast.com\/wordpress\/plugins\/seo\/ -->\n<title>SET ODU\u0160AK EAPU JEDINICE ISU\u0160IVA\u010cA ZRAKA MAN TGS TGX LIONS SCANIA EURO 6 WABCO OE - Sindicom<\/title>\n<meta name=\"robots\" content=\"index, follow, max-snippet:-1, max-image-preview:large, max-video-preview:-1\" \/>\n<link rel=\"canonical\" href=\"https:\/\/sindicom.hr\/en\/katalog\/set-kocione-celjusti-meritor\/\" \/>\n<meta property=\"og:locale\" content=\"en_US\" \/>\n<meta property=\"og:type\" content=\"article\" \/>\n<meta property=\"og:title\" content=\"SET ODU\u0160AK EAPU JEDINICE ISU\u0160IVA\u010cA ZRAKA MAN TGS TGX LIONS SCANIA EURO 6 WABCO OE - Sindicom\" \/>\n<meta property=\"og:url\" content=\"https:\/\/sindicom.hr\/en\/katalog\/set-kocione-celjusti-meritor\/\" \/>\n<meta property=\"og:site_name\" content=\"Sindicom\" \/>\n<meta property=\"article:publisher\" content=\"https:\/\/www.facebook.com\/Sindicom-doo-170277286366043\/\" \/>\n<meta property=\"article:modified_time\" content=\"2025-10-27T11:36:10+00:00\" \/>\n<meta property=\"og:image\" content=\"https:\/\/sindicom.hr\/wp-content\/uploads\/2020\/05\/9325109132.webp\" \/>\n\t<meta property=\"og:image:width\" content=\"1600\" \/>\n\t<meta property=\"og:image:height\" content=\"900\" \/>\n\t<meta property=\"og:image:type\" content=\"image\/webp\" \/>\n<meta name=\"twitter:card\" content=\"summary_large_image\" \/>\n<meta name=\"twitter:label1\" content=\"Est. reading time\" \/>\n\t<meta name=\"twitter:data1\" content=\"1 minute\" \/>\n<script type=\"application\/ld+json\" class=\"yoast-schema-graph\">{\"@context\":\"https:\/\/schema.org\",\"@graph\":[{\"@type\":\"WebPage\",\"@id\":\"https:\/\/sindicom.hr\/en\/katalog\/set-kocione-celjusti-meritor\/\",\"url\":\"https:\/\/sindicom.hr\/en\/katalog\/set-kocione-celjusti-meritor\/\",\"name\":\"SET ODU\u0160AK EAPU JEDINICE ISU\u0160IVA\u010cA ZRAKA MAN TGS TGX LIONS SCANIA EURO 6 WABCO OE - Sindicom\",\"isPartOf\":{\"@id\":\"https:\/\/sindicom.hr\/en\/#website\"},\"primaryImageOfPage\":{\"@id\":\"https:\/\/sindicom.hr\/en\/katalog\/set-kocione-celjusti-meritor\/#primaryimage\"},\"image\":{\"@id\":\"https:\/\/sindicom.hr\/en\/katalog\/set-kocione-celjusti-meritor\/#primaryimage\"},\"thumbnailUrl\":\"https:\/\/sindicom.hr\/wp-content\/uploads\/2020\/05\/9325109132.webp\",\"datePublished\":\"2020-05-11T08:20:19+00:00\",\"dateModified\":\"2025-10-27T11:36:10+00:00\",\"breadcrumb\":{\"@id\":\"https:\/\/sindicom.hr\/en\/katalog\/set-kocione-celjusti-meritor\/#breadcrumb\"},\"inLanguage\":\"en-US\",\"potentialAction\":[{\"@type\":\"ReadAction\",\"target\":[\"https:\/\/sindicom.hr\/en\/katalog\/set-kocione-celjusti-meritor\/\"]}]},{\"@type\":\"ImageObject\",\"inLanguage\":\"en-US\",\"@id\":\"https:\/\/sindicom.hr\/en\/katalog\/set-kocione-celjusti-meritor\/#primaryimage\",\"url\":\"https:\/\/sindicom.hr\/wp-content\/uploads\/2020\/05\/9325109132.webp\",\"contentUrl\":\"https:\/\/sindicom.hr\/wp-content\/uploads\/2020\/05\/9325109132.webp\",\"width\":1600,\"height\":900},{\"@type\":\"BreadcrumbList\",\"@id\":\"https:\/\/sindicom.hr\/en\/katalog\/set-kocione-celjusti-meritor\/#breadcrumb\",\"itemListElement\":[{\"@type\":\"ListItem\",\"position\":1,\"name\":\"Po\u010detna stranica\",\"item\":\"https:\/\/sindicom.hr\/en\/\"},{\"@type\":\"ListItem\",\"position\":2,\"name\":\"Katalog dijelova\",\"item\":\"https:\/\/sindicom.hr\/en\/catalog\/\"},{\"@type\":\"ListItem\",\"position\":3,\"name\":\"SET ODU\u0160AK EAPU JEDINICE ISU\u0160IVA\u010cA ZRAKA MAN TGS TGX LIONS SCANIA EURO 6 WABCO OE\"}]},{\"@type\":\"WebSite\",\"@id\":\"https:\/\/sindicom.hr\/en\/#website\",\"url\":\"https:\/\/sindicom.hr\/en\/\",\"name\":\"SINDICOM\",\"description\":\"Trade and repair of pneumatic brakes, air and hydraulic systems for trucks and buses\",\"publisher\":{\"@id\":\"https:\/\/sindicom.hr\/en\/#organization\"},\"potentialAction\":[{\"@type\":\"SearchAction\",\"target\":{\"@type\":\"EntryPoint\",\"urlTemplate\":\"https:\/\/sindicom.hr\/en\/?s={search_term_string}\"},\"query-input\":{\"@type\":\"PropertyValueSpecification\",\"valueRequired\":true,\"valueName\":\"search_term_string\"}}],\"inLanguage\":\"en-US\"},{\"@type\":\"Organization\",\"@id\":\"https:\/\/sindicom.hr\/en\/#organization\",\"name\":\"SINDICOM d.o.o.\",\"url\":\"https:\/\/sindicom.hr\/en\/\",\"logo\":{\"@type\":\"ImageObject\",\"inLanguage\":\"en-US\",\"@id\":\"https:\/\/sindicom.hr\/en\/#\/schema\/logo\/image\/\",\"url\":\"https:\/\/sindicom.hr\/wp-content\/uploads\/2019\/11\/sindicom_logo_veliki1.jpg.png\",\"contentUrl\":\"https:\/\/sindicom.hr\/wp-content\/uploads\/2019\/11\/sindicom_logo_veliki1.jpg.png\",\"width\":732,\"height\":706,\"caption\":\"SINDICOM d.o.o.\"},\"image\":{\"@id\":\"https:\/\/sindicom.hr\/en\/#\/schema\/logo\/image\/\"},\"sameAs\":[\"https:\/\/www.facebook.com\/Sindicom-doo-170277286366043\/\",\"https:\/\/instagram.com\/sindicomdoo\"]}]}<\/script>\n<!-- \/ Yoast SEO plugin. -->","yoast_head_json":{"title":"SET ODU\u0160AK EAPU JEDINICE ISU\u0160IVA\u010cA ZRAKA MAN TGS TGX LIONS SCANIA EURO 6 WABCO OE - Sindicom","robots":{"index":"index","follow":"follow","max-snippet":"max-snippet:-1","max-image-preview":"max-image-preview:large","max-video-preview":"max-video-preview:-1"},"canonical":"https:\/\/sindicom.hr\/en\/katalog\/set-kocione-celjusti-meritor\/","og_locale":"en_US","og_type":"article","og_title":"SET ODU\u0160AK EAPU JEDINICE ISU\u0160IVA\u010cA ZRAKA MAN TGS TGX LIONS SCANIA EURO 6 WABCO OE - Sindicom","og_url":"https:\/\/sindicom.hr\/en\/katalog\/set-kocione-celjusti-meritor\/","og_site_name":"Sindicom","article_publisher":"https:\/\/www.facebook.com\/Sindicom-doo-170277286366043\/","article_modified_time":"2025-10-27T11:36:10+00:00","og_image":[{"width":1600,"height":900,"url":"https:\/\/sindicom.hr\/wp-content\/uploads\/2020\/05\/9325109132.webp","type":"image\/webp"}],"twitter_card":"summary_large_image","twitter_misc":{"Est. reading time":"1 minute"},"schema":{"@context":"https:\/\/schema.org","@graph":[{"@type":"WebPage","@id":"https:\/\/sindicom.hr\/en\/katalog\/set-kocione-celjusti-meritor\/","url":"https:\/\/sindicom.hr\/en\/katalog\/set-kocione-celjusti-meritor\/","name":"SET ODU\u0160AK EAPU JEDINICE ISU\u0160IVA\u010cA ZRAKA MAN TGS TGX LIONS SCANIA EURO 6 WABCO OE - Sindicom","isPartOf":{"@id":"https:\/\/sindicom.hr\/en\/#website"},"primaryImageOfPage":{"@id":"https:\/\/sindicom.hr\/en\/katalog\/set-kocione-celjusti-meritor\/#primaryimage"},"image":{"@id":"https:\/\/sindicom.hr\/en\/katalog\/set-kocione-celjusti-meritor\/#primaryimage"},"thumbnailUrl":"https:\/\/sindicom.hr\/wp-content\/uploads\/2020\/05\/9325109132.webp","datePublished":"2020-05-11T08:20:19+00:00","dateModified":"2025-10-27T11:36:10+00:00","breadcrumb":{"@id":"https:\/\/sindicom.hr\/en\/katalog\/set-kocione-celjusti-meritor\/#breadcrumb"},"inLanguage":"en-US","potentialAction":[{"@type":"ReadAction","target":["https:\/\/sindicom.hr\/en\/katalog\/set-kocione-celjusti-meritor\/"]}]},{"@type":"ImageObject","inLanguage":"en-US","@id":"https:\/\/sindicom.hr\/en\/katalog\/set-kocione-celjusti-meritor\/#primaryimage","url":"https:\/\/sindicom.hr\/wp-content\/uploads\/2020\/05\/9325109132.webp","contentUrl":"https:\/\/sindicom.hr\/wp-content\/uploads\/2020\/05\/9325109132.webp","width":1600,"height":900},{"@type":"BreadcrumbList","@id":"https:\/\/sindicom.hr\/en\/katalog\/set-kocione-celjusti-meritor\/#breadcrumb","itemListElement":[{"@type":"ListItem","position":1,"name":"Po\u010detna stranica","item":"https:\/\/sindicom.hr\/en\/"},{"@type":"ListItem","position":2,"name":"Katalog dijelova","item":"https:\/\/sindicom.hr\/en\/catalog\/"},{"@type":"ListItem","position":3,"name":"SET ODU\u0160AK EAPU JEDINICE ISU\u0160IVA\u010cA ZRAKA MAN TGS TGX LIONS SCANIA EURO 6 WABCO OE"}]},{"@type":"WebSite","@id":"https:\/\/sindicom.hr\/en\/#website","url":"https:\/\/sindicom.hr\/en\/","name":"SINDICOM","description":"Trade and repair of pneumatic brakes, air and hydraulic systems for trucks and buses","publisher":{"@id":"https:\/\/sindicom.hr\/en\/#organization"},"potentialAction":[{"@type":"SearchAction","target":{"@type":"EntryPoint","urlTemplate":"https:\/\/sindicom.hr\/en\/?s={search_term_string}"},"query-input":{"@type":"PropertyValueSpecification","valueRequired":true,"valueName":"search_term_string"}}],"inLanguage":"en-US"},{"@type":"Organization","@id":"https:\/\/sindicom.hr\/en\/#organization","name":"SINDICOM d.o.o.","url":"https:\/\/sindicom.hr\/en\/","logo":{"@type":"ImageObject","inLanguage":"en-US","@id":"https:\/\/sindicom.hr\/en\/#\/schema\/logo\/image\/","url":"https:\/\/sindicom.hr\/wp-content\/uploads\/2019\/11\/sindicom_logo_veliki1.jpg.png","contentUrl":"https:\/\/sindicom.hr\/wp-content\/uploads\/2019\/11\/sindicom_logo_veliki1.jpg.png","width":732,"height":706,"caption":"SINDICOM d.o.o."},"image":{"@id":"https:\/\/sindicom.hr\/en\/#\/schema\/logo\/image\/"},"sameAs":["https:\/\/www.facebook.com\/Sindicom-doo-170277286366043\/","https:\/\/instagram.com\/sindicomdoo"]}]}},"_links":{"self":[{"href":"https:\/\/sindicom.hr\/en\/wp-json\/wp\/v2\/product\/12588","targetHints":{"allow":["GET"]}}],"collection":[{"href":"https:\/\/sindicom.hr\/en\/wp-json\/wp\/v2\/product"}],"about":[{"href":"https:\/\/sindicom.hr\/en\/wp-json\/wp\/v2\/types\/product"}],"wp:featuredmedia":[{"embeddable":true,"href":"https:\/\/sindicom.hr\/en\/wp-json\/wp\/v2\/media\/49345"}],"wp:attachment":[{"href":"https:\/\/sindicom.hr\/en\/wp-json\/wp\/v2\/media?parent=12588"}],"wp:term":[{"taxonomy":"product_brand","embeddable":true,"href":"https:\/\/sindicom.hr\/en\/wp-json\/wp\/v2\/product_brand?post=12588"},{"taxonomy":"product_cat","embeddable":true,"href":"https:\/\/sindicom.hr\/en\/wp-json\/wp\/v2\/product_cat?post=12588"},{"taxonomy":"product_tag","embeddable":true,"href":"https:\/\/sindicom.hr\/en\/wp-json\/wp\/v2\/product_tag?post=12588"}],"curies":[{"name":"wp","href":"https:\/\/api.w.org\/{rel}","templated":true}]}}