{"id":12738,"date":"2020-05-11T08:20:49","date_gmt":"2020-05-11T08:20:49","guid":{"rendered":"https:\/\/sindicom.hr\/katalog\/ventil-za-vrata-autobusa-knorr-bosch-org\/"},"modified":"2025-10-27T11:37:10","modified_gmt":"2025-10-27T11:37:10","slug":"ventil-za-vrata-autobusa-knorr-bosch-org","status":"publish","type":"product","link":"https:\/\/sindicom.hr\/en\/katalog\/ventil-za-vrata-autobusa-knorr-bosch-org\/","title":{"rendered":"VENTIL ZA VRATA BUS MERCEDES EVOBUS SETRA IRISBUS MAN NEOPLAN BOSCH KNORR OE"},"content":{"rendered":"<p>0481500102000 KNORR  0481500105000 KNORR  0481500101000 KNORR  0481500102090 KNORR  0481500102100 KNORR  0481500104000 KNORR  0481500102 KNORR  0481500105 KNORR  0481500101 KNORR  0481500104 KNORR  Z001746 KNORR  K015713N00 KNORR  GHABO42F20D06 KNORR  4720023020 WABCO  4720174807 WABCO  4720174800 WABCO  4753186 IVECO  08018480 MAN  81749206017 MAN  81.74920-6017 MAN  0007601178 EVOBUS  0007600378 EVOBUS  A0007601178 EVOBUS  A0007600378 EVOBUS  A 000 760 11 78 EVOBUS  A 000 760 03 78 EVOBUS  81749206017 NEOPLAN  81.74920-6017 NEOPLAN  7601178 MERCEDES  A7601178 MERCEDES  0007600378 MERCEDES  A0007600378 MERCEDES  A 000 760 03 78 MERCEDES  0007601178 MERCEDES  A0007601178 MERCEDES  A 000 760 11 78 MERCEDES  2237539 SOLENOID COIL KNORR  2237539 ELEKTROMAGNET KNORR  0481500104 OKRENUTI \u0160PULU KNORR  1487213002 SOLENOID KNORR  1487213002 ELEKTROMAGNET KNORR  Bus-Magnett\u00fcrventil  Elettrovalvola porta bus  Bus solenoid door valve  \u00c9lectrovanne de porte de bus<\/p>\n","protected":false},"excerpt":{"rendered":"<p><img decoding=\"async\" class=\"alignnone size-medium wp-image-17705\" src=\"https:\/\/sindicom.hr\/wp-content\/uploads\/2020\/05\/knorr-bremse-300x300.png\" alt=\"\" width=\"300\" height=\"300\" srcset=\"https:\/\/sindicom.hr\/wp-content\/uploads\/2020\/05\/knorr-bremse-64x64.png 64w, https:\/\/sindicom.hr\/wp-content\/uploads\/2020\/05\/knorr-bremse-66x66.png 66w, https:\/\/sindicom.hr\/wp-content\/uploads\/2020\/05\/knorr-bremse-100x100.png 100w, https:\/\/sindicom.hr\/wp-content\/uploads\/2020\/05\/knorr-bremse-150x150.png 150w, https:\/\/sindicom.hr\/wp-content\/uploads\/2020\/05\/knorr-bremse-200x200.png 200w, https:\/\/sindicom.hr\/wp-content\/uploads\/2020\/05\/knorr-bremse.png 300w\" sizes=\"(max-width: 300px) 100vw, 300px\" \/><\/p>\n","protected":false},"featured_media":45487,"template":"","meta":{"inline_featured_image":false},"product_brand":[],"product_cat":[15,96,101,135,110,97,108,113,105,99,107,129,254,186],"product_tag":[],"class_list":{"0":"post-12738","1":"product","2":"type-product","3":"status-publish","4":"has-post-thumbnail","6":"product_cat-all-products","7":"product_cat-busevi","8":"product_cat-evobus","9":"product_cat-irisbus","10":"product_cat-iveco-teretna-vozila","11":"product_cat-man","12":"product_cat-man-teretna-vozila","13":"product_cat-mercedes-teretna-vozila","14":"product_cat-mercedes","15":"product_cat-setra","16":"product_cat-teretna-vozila","17":"product_cat-tourismo","18":"product_cat-travego","19":"product_cat-ventili-vrata","21":"first","22":"instock","23":"shipping-taxable","24":"purchasable","25":"product-type-simple"},"yoast_head":"<!-- This site is optimized with the Yoast SEO plugin v26.2 - https:\/\/yoast.com\/wordpress\/plugins\/seo\/ -->\n<title>VENTIL ZA VRATA BUS MERCEDES EVOBUS SETRA IRISBUS MAN NEOPLAN BOSCH KNORR OE - Sindicom<\/title>\n<meta name=\"robots\" content=\"index, follow, max-snippet:-1, max-image-preview:large, max-video-preview:-1\" \/>\n<link rel=\"canonical\" href=\"https:\/\/sindicom.hr\/en\/katalog\/ventil-za-vrata-autobusa-knorr-bosch-org\/\" \/>\n<meta property=\"og:locale\" content=\"en_US\" \/>\n<meta property=\"og:type\" content=\"article\" \/>\n<meta property=\"og:title\" content=\"VENTIL ZA VRATA BUS MERCEDES EVOBUS SETRA IRISBUS MAN NEOPLAN BOSCH KNORR OE - Sindicom\" \/>\n<meta property=\"og:url\" content=\"https:\/\/sindicom.hr\/en\/katalog\/ventil-za-vrata-autobusa-knorr-bosch-org\/\" \/>\n<meta property=\"og:site_name\" content=\"Sindicom\" \/>\n<meta property=\"article:publisher\" content=\"https:\/\/www.facebook.com\/Sindicom-doo-170277286366043\/\" \/>\n<meta property=\"article:modified_time\" content=\"2025-10-27T11:37:10+00:00\" \/>\n<meta property=\"og:image\" content=\"https:\/\/sindicom.hr\/wp-content\/uploads\/2020\/05\/0481500102000-KNORR-1.webp\" \/>\n\t<meta property=\"og:image:width\" content=\"600\" \/>\n\t<meta property=\"og:image:height\" content=\"600\" \/>\n\t<meta property=\"og:image:type\" content=\"image\/webp\" \/>\n<meta name=\"twitter:card\" content=\"summary_large_image\" \/>\n<meta name=\"twitter:label1\" content=\"Est. reading time\" \/>\n\t<meta name=\"twitter:data1\" content=\"1 minute\" \/>\n<script type=\"application\/ld+json\" class=\"yoast-schema-graph\">{\"@context\":\"https:\/\/schema.org\",\"@graph\":[{\"@type\":\"WebPage\",\"@id\":\"https:\/\/sindicom.hr\/en\/katalog\/ventil-za-vrata-autobusa-knorr-bosch-org\/\",\"url\":\"https:\/\/sindicom.hr\/en\/katalog\/ventil-za-vrata-autobusa-knorr-bosch-org\/\",\"name\":\"VENTIL ZA VRATA BUS MERCEDES EVOBUS SETRA IRISBUS MAN NEOPLAN BOSCH KNORR OE - Sindicom\",\"isPartOf\":{\"@id\":\"https:\/\/sindicom.hr\/en\/#website\"},\"primaryImageOfPage\":{\"@id\":\"https:\/\/sindicom.hr\/en\/katalog\/ventil-za-vrata-autobusa-knorr-bosch-org\/#primaryimage\"},\"image\":{\"@id\":\"https:\/\/sindicom.hr\/en\/katalog\/ventil-za-vrata-autobusa-knorr-bosch-org\/#primaryimage\"},\"thumbnailUrl\":\"https:\/\/sindicom.hr\/wp-content\/uploads\/2020\/05\/0481500102000-KNORR-1.webp\",\"datePublished\":\"2020-05-11T08:20:49+00:00\",\"dateModified\":\"2025-10-27T11:37:10+00:00\",\"breadcrumb\":{\"@id\":\"https:\/\/sindicom.hr\/en\/katalog\/ventil-za-vrata-autobusa-knorr-bosch-org\/#breadcrumb\"},\"inLanguage\":\"en-US\",\"potentialAction\":[{\"@type\":\"ReadAction\",\"target\":[\"https:\/\/sindicom.hr\/en\/katalog\/ventil-za-vrata-autobusa-knorr-bosch-org\/\"]}]},{\"@type\":\"ImageObject\",\"inLanguage\":\"en-US\",\"@id\":\"https:\/\/sindicom.hr\/en\/katalog\/ventil-za-vrata-autobusa-knorr-bosch-org\/#primaryimage\",\"url\":\"https:\/\/sindicom.hr\/wp-content\/uploads\/2020\/05\/0481500102000-KNORR-1.webp\",\"contentUrl\":\"https:\/\/sindicom.hr\/wp-content\/uploads\/2020\/05\/0481500102000-KNORR-1.webp\",\"width\":600,\"height\":600},{\"@type\":\"BreadcrumbList\",\"@id\":\"https:\/\/sindicom.hr\/en\/katalog\/ventil-za-vrata-autobusa-knorr-bosch-org\/#breadcrumb\",\"itemListElement\":[{\"@type\":\"ListItem\",\"position\":1,\"name\":\"Po\u010detna stranica\",\"item\":\"https:\/\/sindicom.hr\/en\/\"},{\"@type\":\"ListItem\",\"position\":2,\"name\":\"Katalog dijelova\",\"item\":\"https:\/\/sindicom.hr\/en\/catalog\/\"},{\"@type\":\"ListItem\",\"position\":3,\"name\":\"VENTIL ZA VRATA BUS MERCEDES EVOBUS SETRA IRISBUS MAN NEOPLAN BOSCH KNORR OE\"}]},{\"@type\":\"WebSite\",\"@id\":\"https:\/\/sindicom.hr\/en\/#website\",\"url\":\"https:\/\/sindicom.hr\/en\/\",\"name\":\"SINDICOM\",\"description\":\"Trade and repair of pneumatic brakes, air and hydraulic systems for trucks and buses\",\"publisher\":{\"@id\":\"https:\/\/sindicom.hr\/en\/#organization\"},\"potentialAction\":[{\"@type\":\"SearchAction\",\"target\":{\"@type\":\"EntryPoint\",\"urlTemplate\":\"https:\/\/sindicom.hr\/en\/?s={search_term_string}\"},\"query-input\":{\"@type\":\"PropertyValueSpecification\",\"valueRequired\":true,\"valueName\":\"search_term_string\"}}],\"inLanguage\":\"en-US\"},{\"@type\":\"Organization\",\"@id\":\"https:\/\/sindicom.hr\/en\/#organization\",\"name\":\"SINDICOM d.o.o.\",\"url\":\"https:\/\/sindicom.hr\/en\/\",\"logo\":{\"@type\":\"ImageObject\",\"inLanguage\":\"en-US\",\"@id\":\"https:\/\/sindicom.hr\/en\/#\/schema\/logo\/image\/\",\"url\":\"https:\/\/sindicom.hr\/wp-content\/uploads\/2019\/11\/sindicom_logo_veliki1.jpg.png\",\"contentUrl\":\"https:\/\/sindicom.hr\/wp-content\/uploads\/2019\/11\/sindicom_logo_veliki1.jpg.png\",\"width\":732,\"height\":706,\"caption\":\"SINDICOM d.o.o.\"},\"image\":{\"@id\":\"https:\/\/sindicom.hr\/en\/#\/schema\/logo\/image\/\"},\"sameAs\":[\"https:\/\/www.facebook.com\/Sindicom-doo-170277286366043\/\",\"https:\/\/instagram.com\/sindicomdoo\"]}]}<\/script>\n<!-- \/ Yoast SEO plugin. -->","yoast_head_json":{"title":"VENTIL ZA VRATA BUS MERCEDES EVOBUS SETRA IRISBUS MAN NEOPLAN BOSCH KNORR OE - Sindicom","robots":{"index":"index","follow":"follow","max-snippet":"max-snippet:-1","max-image-preview":"max-image-preview:large","max-video-preview":"max-video-preview:-1"},"canonical":"https:\/\/sindicom.hr\/en\/katalog\/ventil-za-vrata-autobusa-knorr-bosch-org\/","og_locale":"en_US","og_type":"article","og_title":"VENTIL ZA VRATA BUS MERCEDES EVOBUS SETRA IRISBUS MAN NEOPLAN BOSCH KNORR OE - Sindicom","og_url":"https:\/\/sindicom.hr\/en\/katalog\/ventil-za-vrata-autobusa-knorr-bosch-org\/","og_site_name":"Sindicom","article_publisher":"https:\/\/www.facebook.com\/Sindicom-doo-170277286366043\/","article_modified_time":"2025-10-27T11:37:10+00:00","og_image":[{"width":600,"height":600,"url":"https:\/\/sindicom.hr\/wp-content\/uploads\/2020\/05\/0481500102000-KNORR-1.webp","type":"image\/webp"}],"twitter_card":"summary_large_image","twitter_misc":{"Est. reading time":"1 minute"},"schema":{"@context":"https:\/\/schema.org","@graph":[{"@type":"WebPage","@id":"https:\/\/sindicom.hr\/en\/katalog\/ventil-za-vrata-autobusa-knorr-bosch-org\/","url":"https:\/\/sindicom.hr\/en\/katalog\/ventil-za-vrata-autobusa-knorr-bosch-org\/","name":"VENTIL ZA VRATA BUS MERCEDES EVOBUS SETRA IRISBUS MAN NEOPLAN BOSCH KNORR OE - Sindicom","isPartOf":{"@id":"https:\/\/sindicom.hr\/en\/#website"},"primaryImageOfPage":{"@id":"https:\/\/sindicom.hr\/en\/katalog\/ventil-za-vrata-autobusa-knorr-bosch-org\/#primaryimage"},"image":{"@id":"https:\/\/sindicom.hr\/en\/katalog\/ventil-za-vrata-autobusa-knorr-bosch-org\/#primaryimage"},"thumbnailUrl":"https:\/\/sindicom.hr\/wp-content\/uploads\/2020\/05\/0481500102000-KNORR-1.webp","datePublished":"2020-05-11T08:20:49+00:00","dateModified":"2025-10-27T11:37:10+00:00","breadcrumb":{"@id":"https:\/\/sindicom.hr\/en\/katalog\/ventil-za-vrata-autobusa-knorr-bosch-org\/#breadcrumb"},"inLanguage":"en-US","potentialAction":[{"@type":"ReadAction","target":["https:\/\/sindicom.hr\/en\/katalog\/ventil-za-vrata-autobusa-knorr-bosch-org\/"]}]},{"@type":"ImageObject","inLanguage":"en-US","@id":"https:\/\/sindicom.hr\/en\/katalog\/ventil-za-vrata-autobusa-knorr-bosch-org\/#primaryimage","url":"https:\/\/sindicom.hr\/wp-content\/uploads\/2020\/05\/0481500102000-KNORR-1.webp","contentUrl":"https:\/\/sindicom.hr\/wp-content\/uploads\/2020\/05\/0481500102000-KNORR-1.webp","width":600,"height":600},{"@type":"BreadcrumbList","@id":"https:\/\/sindicom.hr\/en\/katalog\/ventil-za-vrata-autobusa-knorr-bosch-org\/#breadcrumb","itemListElement":[{"@type":"ListItem","position":1,"name":"Po\u010detna stranica","item":"https:\/\/sindicom.hr\/en\/"},{"@type":"ListItem","position":2,"name":"Katalog dijelova","item":"https:\/\/sindicom.hr\/en\/catalog\/"},{"@type":"ListItem","position":3,"name":"VENTIL ZA VRATA BUS MERCEDES EVOBUS SETRA IRISBUS MAN NEOPLAN BOSCH KNORR OE"}]},{"@type":"WebSite","@id":"https:\/\/sindicom.hr\/en\/#website","url":"https:\/\/sindicom.hr\/en\/","name":"SINDICOM","description":"Trade and repair of pneumatic brakes, air and hydraulic systems for trucks and buses","publisher":{"@id":"https:\/\/sindicom.hr\/en\/#organization"},"potentialAction":[{"@type":"SearchAction","target":{"@type":"EntryPoint","urlTemplate":"https:\/\/sindicom.hr\/en\/?s={search_term_string}"},"query-input":{"@type":"PropertyValueSpecification","valueRequired":true,"valueName":"search_term_string"}}],"inLanguage":"en-US"},{"@type":"Organization","@id":"https:\/\/sindicom.hr\/en\/#organization","name":"SINDICOM d.o.o.","url":"https:\/\/sindicom.hr\/en\/","logo":{"@type":"ImageObject","inLanguage":"en-US","@id":"https:\/\/sindicom.hr\/en\/#\/schema\/logo\/image\/","url":"https:\/\/sindicom.hr\/wp-content\/uploads\/2019\/11\/sindicom_logo_veliki1.jpg.png","contentUrl":"https:\/\/sindicom.hr\/wp-content\/uploads\/2019\/11\/sindicom_logo_veliki1.jpg.png","width":732,"height":706,"caption":"SINDICOM d.o.o."},"image":{"@id":"https:\/\/sindicom.hr\/en\/#\/schema\/logo\/image\/"},"sameAs":["https:\/\/www.facebook.com\/Sindicom-doo-170277286366043\/","https:\/\/instagram.com\/sindicomdoo"]}]}},"_links":{"self":[{"href":"https:\/\/sindicom.hr\/en\/wp-json\/wp\/v2\/product\/12738","targetHints":{"allow":["GET"]}}],"collection":[{"href":"https:\/\/sindicom.hr\/en\/wp-json\/wp\/v2\/product"}],"about":[{"href":"https:\/\/sindicom.hr\/en\/wp-json\/wp\/v2\/types\/product"}],"wp:featuredmedia":[{"embeddable":true,"href":"https:\/\/sindicom.hr\/en\/wp-json\/wp\/v2\/media\/45487"}],"wp:attachment":[{"href":"https:\/\/sindicom.hr\/en\/wp-json\/wp\/v2\/media?parent=12738"}],"wp:term":[{"taxonomy":"product_brand","embeddable":true,"href":"https:\/\/sindicom.hr\/en\/wp-json\/wp\/v2\/product_brand?post=12738"},{"taxonomy":"product_cat","embeddable":true,"href":"https:\/\/sindicom.hr\/en\/wp-json\/wp\/v2\/product_cat?post=12738"},{"taxonomy":"product_tag","embeddable":true,"href":"https:\/\/sindicom.hr\/en\/wp-json\/wp\/v2\/product_tag?post=12738"}],"curies":[{"name":"wp","href":"https:\/\/api.w.org\/{rel}","templated":true}]}}