{"id":12740,"date":"2020-05-11T08:20:49","date_gmt":"2020-05-11T08:20:49","guid":{"rendered":"https:\/\/sindicom.hr\/katalog\/regulator-pritiska-zraka-8-1-b-8-8-5-b-wabco-org\/"},"modified":"2025-10-27T11:37:11","modified_gmt":"2025-10-27T11:37:11","slug":"regulator-pritiska-zraka-8-1-b-8-8-5-b-wabco-org","status":"publish","type":"product","link":"https:\/\/sindicom.hr\/en\/katalog\/regulator-pritiska-zraka-8-1-b-8-8-5-b-wabco-org\/","title":{"rendered":"REGULATOR PRITISKA ZRAKA 8.1 b 8-8.5 b WABCO OE"},"content":{"rendered":"<p>9753034730 WABCO  9753034737 WABCO  9753034650 WABCO  9753001100 WABCO  9753030600 WABCO  9753034470 WABCO  9753034430 WABCO  9753034600 WABCO  9753034410 WABCO  AC135BZ KNORR  DR3500 KNORR  DR3200 KNORR  DR3214 KNORR  DR3510 KNORR  DR3570 KNORR  DR3565 KNORR  DR3548 KNORR  DR3546 KNORR  II17239 KNORR  312013014 HALDEX  312013514 HALDEX  330300102 HALDEX  330350102 HALDEX  312041011 HALDEX  0481039201000 KNORR  0481039223000 KNORR  0481039235000 KNORR  0481039265000 KNORR  0481039264000 KNORR  0481039248000 KNORR  0481039247000 KNORR  0481622294000 KNORR  0481622292000 KNORR  312043001 HALDEX  330302801 HALDEX  330352801 HALDEX  312043021 HALDEX  820010150 CASE  1506504 DAF  4434820 DEUTZ  42085762 IVECO  32409540 TEREX  04398756 DEUTZ  4398756 DEUTZ  04784766 IVECO  04804764 IVECO  04831983 IVECO  04842612 IVECO  42007712 IVECO  42008234 IVECO  42009103 IVECO  42021855 IVECO  42085761 IVECO  4804764 IVECO  5026264 LIEBHERR  5029655 LIEBHERR  81521016083 MAN  81521016085 MAN  81521016112 MAN  81521016114 MAN  81.52101-6083 MAN  81.52101-6085 MAN  81.52101-6112 MAN  81.52101-6114 MAN  79100360070 STEYR  99100360002 STEYR  79100360002 STEYR  791.00.36.0002 STEYR  791.00.36.0070 STEYR  991.00.36.0002 STEYR  AL112538 JOHN DEERE  G822880020150 FENDT  G822.880.020.150 FENDT  8.283.657.000 EVOBUS  A0024314906 EVOBUS  0024314906 MERCEDES  0014310006 MERCEDES  0024313406 MERCEDES  0024314306 MERCEDES  0014311206 MERCEDES  0024318306 MERCEDES  0024315206 MERCEDES  A0024314906 MERCEDES  A0014310006 MERCEDES  A0024313406 MERCEDES  A0024314306 MERCEDES  A0014311206 MERCEDES  A0024318306 MERCEDES  A0024315206 MERCEDES  4.60858 DT  38124 FEBI  Governor and Unloader  Unloader  Druckregler  Valvola di scarico  V\u00e1lvula de descarga  Od\u013eah\u010dovac\u00ed ventil  Soupape de d\u00e9charge  Pressure regulator  Pressure control valve  Druckregler  Druckregelventil  Regolatore di pressione  Valvola di controllo della pressione  Regulador de presi\u00f3n  V\u00e1lvula de control de presi\u00f3n  Drukregelaar  Drukregelventiel<\/p>\n","protected":false},"excerpt":{"rendered":"<p><img decoding=\"async\" class=\"alignnone size-medium wp-image-17720\" src=\"https:\/\/sindicom.hr\/wp-content\/uploads\/2020\/05\/wabco-300x300.png\" alt=\"\" width=\"300\" height=\"300\" srcset=\"https:\/\/sindicom.hr\/wp-content\/uploads\/2020\/05\/wabco-64x64.png 64w, https:\/\/sindicom.hr\/wp-content\/uploads\/2020\/05\/wabco-66x66.png 66w, https:\/\/sindicom.hr\/wp-content\/uploads\/2020\/05\/wabco-100x100.png 100w, https:\/\/sindicom.hr\/wp-content\/uploads\/2020\/05\/wabco-150x150.png 150w, https:\/\/sindicom.hr\/wp-content\/uploads\/2020\/05\/wabco-200x200.png 200w, https:\/\/sindicom.hr\/wp-content\/uploads\/2020\/05\/wabco.png 300w\" sizes=\"(max-width: 300px) 100vw, 300px\" \/><\/p>\n","protected":false},"featured_media":34654,"template":"","meta":{"inline_featured_image":false},"product_brand":[],"product_cat":[15,96,126,101,148,135,110,117,133,108,113,104,114,112,109,137,107,136,111],"product_tag":[],"class_list":{"0":"post-12740","1":"product","2":"type-product","3":"status-publish","4":"has-post-thumbnail","6":"product_cat-all-products","7":"product_cat-busevi","8":"product_cat-daf","9":"product_cat-evobus","10":"product_cat-ikarus","11":"product_cat-irisbus","12":"product_cat-iveco-teretna-vozila","13":"product_cat-krone","14":"product_cat-leyland-daf","15":"product_cat-man-teretna-vozila","16":"product_cat-mercedes-teretna-vozila","17":"product_cat-neoplan","18":"product_cat-prikolice","19":"product_cat-renault","20":"product_cat-scania-teretna-vozila","21":"product_cat-steyr","22":"product_cat-teretna-vozila","23":"product_cat-traktori","24":"product_cat-volvo","26":"first","27":"instock","28":"shipping-taxable","29":"purchasable","30":"product-type-simple"},"yoast_head":"<!-- This site is optimized with the Yoast SEO plugin v26.2 - https:\/\/yoast.com\/wordpress\/plugins\/seo\/ -->\n<title>REGULATOR PRITISKA ZRAKA 8.1 b 8-8.5 b WABCO OE - Sindicom<\/title>\n<meta name=\"robots\" content=\"index, follow, max-snippet:-1, max-image-preview:large, max-video-preview:-1\" \/>\n<link rel=\"canonical\" href=\"https:\/\/sindicom.hr\/en\/katalog\/regulator-pritiska-zraka-8-1-b-8-8-5-b-wabco-org\/\" \/>\n<meta property=\"og:locale\" content=\"en_US\" \/>\n<meta property=\"og:type\" content=\"article\" \/>\n<meta property=\"og:title\" content=\"REGULATOR PRITISKA ZRAKA 8.1 b 8-8.5 b WABCO OE - Sindicom\" \/>\n<meta property=\"og:url\" content=\"https:\/\/sindicom.hr\/en\/katalog\/regulator-pritiska-zraka-8-1-b-8-8-5-b-wabco-org\/\" \/>\n<meta property=\"og:site_name\" content=\"Sindicom\" \/>\n<meta property=\"article:publisher\" content=\"https:\/\/www.facebook.com\/Sindicom-doo-170277286366043\/\" \/>\n<meta property=\"article:modified_time\" content=\"2025-10-27T11:37:11+00:00\" \/>\n<meta property=\"og:image\" content=\"https:\/\/sindicom.hr\/wp-content\/uploads\/2020\/05\/9753034730-WABCO.webp\" \/>\n\t<meta property=\"og:image:width\" content=\"600\" \/>\n\t<meta property=\"og:image:height\" content=\"600\" \/>\n\t<meta property=\"og:image:type\" content=\"image\/webp\" \/>\n<meta name=\"twitter:card\" content=\"summary_large_image\" \/>\n<meta name=\"twitter:label1\" content=\"Est. reading time\" \/>\n\t<meta name=\"twitter:data1\" content=\"1 minute\" \/>\n<script type=\"application\/ld+json\" class=\"yoast-schema-graph\">{\"@context\":\"https:\/\/schema.org\",\"@graph\":[{\"@type\":\"WebPage\",\"@id\":\"https:\/\/sindicom.hr\/en\/katalog\/regulator-pritiska-zraka-8-1-b-8-8-5-b-wabco-org\/\",\"url\":\"https:\/\/sindicom.hr\/en\/katalog\/regulator-pritiska-zraka-8-1-b-8-8-5-b-wabco-org\/\",\"name\":\"REGULATOR PRITISKA ZRAKA 8.1 b 8-8.5 b WABCO OE - Sindicom\",\"isPartOf\":{\"@id\":\"https:\/\/sindicom.hr\/en\/#website\"},\"primaryImageOfPage\":{\"@id\":\"https:\/\/sindicom.hr\/en\/katalog\/regulator-pritiska-zraka-8-1-b-8-8-5-b-wabco-org\/#primaryimage\"},\"image\":{\"@id\":\"https:\/\/sindicom.hr\/en\/katalog\/regulator-pritiska-zraka-8-1-b-8-8-5-b-wabco-org\/#primaryimage\"},\"thumbnailUrl\":\"https:\/\/sindicom.hr\/wp-content\/uploads\/2020\/05\/9753034730-WABCO.webp\",\"datePublished\":\"2020-05-11T08:20:49+00:00\",\"dateModified\":\"2025-10-27T11:37:11+00:00\",\"breadcrumb\":{\"@id\":\"https:\/\/sindicom.hr\/en\/katalog\/regulator-pritiska-zraka-8-1-b-8-8-5-b-wabco-org\/#breadcrumb\"},\"inLanguage\":\"en-US\",\"potentialAction\":[{\"@type\":\"ReadAction\",\"target\":[\"https:\/\/sindicom.hr\/en\/katalog\/regulator-pritiska-zraka-8-1-b-8-8-5-b-wabco-org\/\"]}]},{\"@type\":\"ImageObject\",\"inLanguage\":\"en-US\",\"@id\":\"https:\/\/sindicom.hr\/en\/katalog\/regulator-pritiska-zraka-8-1-b-8-8-5-b-wabco-org\/#primaryimage\",\"url\":\"https:\/\/sindicom.hr\/wp-content\/uploads\/2020\/05\/9753034730-WABCO.webp\",\"contentUrl\":\"https:\/\/sindicom.hr\/wp-content\/uploads\/2020\/05\/9753034730-WABCO.webp\",\"width\":600,\"height\":600},{\"@type\":\"BreadcrumbList\",\"@id\":\"https:\/\/sindicom.hr\/en\/katalog\/regulator-pritiska-zraka-8-1-b-8-8-5-b-wabco-org\/#breadcrumb\",\"itemListElement\":[{\"@type\":\"ListItem\",\"position\":1,\"name\":\"Po\u010detna stranica\",\"item\":\"https:\/\/sindicom.hr\/en\/\"},{\"@type\":\"ListItem\",\"position\":2,\"name\":\"Katalog dijelova\",\"item\":\"https:\/\/sindicom.hr\/en\/catalog\/\"},{\"@type\":\"ListItem\",\"position\":3,\"name\":\"REGULATOR PRITISKA ZRAKA 8.1 b 8-8.5 b WABCO OE\"}]},{\"@type\":\"WebSite\",\"@id\":\"https:\/\/sindicom.hr\/en\/#website\",\"url\":\"https:\/\/sindicom.hr\/en\/\",\"name\":\"SINDICOM\",\"description\":\"Trade and repair of pneumatic brakes, air and hydraulic systems for trucks and buses\",\"publisher\":{\"@id\":\"https:\/\/sindicom.hr\/en\/#organization\"},\"potentialAction\":[{\"@type\":\"SearchAction\",\"target\":{\"@type\":\"EntryPoint\",\"urlTemplate\":\"https:\/\/sindicom.hr\/en\/?s={search_term_string}\"},\"query-input\":{\"@type\":\"PropertyValueSpecification\",\"valueRequired\":true,\"valueName\":\"search_term_string\"}}],\"inLanguage\":\"en-US\"},{\"@type\":\"Organization\",\"@id\":\"https:\/\/sindicom.hr\/en\/#organization\",\"name\":\"SINDICOM d.o.o.\",\"url\":\"https:\/\/sindicom.hr\/en\/\",\"logo\":{\"@type\":\"ImageObject\",\"inLanguage\":\"en-US\",\"@id\":\"https:\/\/sindicom.hr\/en\/#\/schema\/logo\/image\/\",\"url\":\"https:\/\/sindicom.hr\/wp-content\/uploads\/2019\/11\/sindicom_logo_veliki1.jpg.png\",\"contentUrl\":\"https:\/\/sindicom.hr\/wp-content\/uploads\/2019\/11\/sindicom_logo_veliki1.jpg.png\",\"width\":732,\"height\":706,\"caption\":\"SINDICOM d.o.o.\"},\"image\":{\"@id\":\"https:\/\/sindicom.hr\/en\/#\/schema\/logo\/image\/\"},\"sameAs\":[\"https:\/\/www.facebook.com\/Sindicom-doo-170277286366043\/\",\"https:\/\/instagram.com\/sindicomdoo\"]}]}<\/script>\n<!-- \/ Yoast SEO plugin. -->","yoast_head_json":{"title":"REGULATOR PRITISKA ZRAKA 8.1 b 8-8.5 b WABCO OE - Sindicom","robots":{"index":"index","follow":"follow","max-snippet":"max-snippet:-1","max-image-preview":"max-image-preview:large","max-video-preview":"max-video-preview:-1"},"canonical":"https:\/\/sindicom.hr\/en\/katalog\/regulator-pritiska-zraka-8-1-b-8-8-5-b-wabco-org\/","og_locale":"en_US","og_type":"article","og_title":"REGULATOR PRITISKA ZRAKA 8.1 b 8-8.5 b WABCO OE - Sindicom","og_url":"https:\/\/sindicom.hr\/en\/katalog\/regulator-pritiska-zraka-8-1-b-8-8-5-b-wabco-org\/","og_site_name":"Sindicom","article_publisher":"https:\/\/www.facebook.com\/Sindicom-doo-170277286366043\/","article_modified_time":"2025-10-27T11:37:11+00:00","og_image":[{"width":600,"height":600,"url":"https:\/\/sindicom.hr\/wp-content\/uploads\/2020\/05\/9753034730-WABCO.webp","type":"image\/webp"}],"twitter_card":"summary_large_image","twitter_misc":{"Est. reading time":"1 minute"},"schema":{"@context":"https:\/\/schema.org","@graph":[{"@type":"WebPage","@id":"https:\/\/sindicom.hr\/en\/katalog\/regulator-pritiska-zraka-8-1-b-8-8-5-b-wabco-org\/","url":"https:\/\/sindicom.hr\/en\/katalog\/regulator-pritiska-zraka-8-1-b-8-8-5-b-wabco-org\/","name":"REGULATOR PRITISKA ZRAKA 8.1 b 8-8.5 b WABCO OE - Sindicom","isPartOf":{"@id":"https:\/\/sindicom.hr\/en\/#website"},"primaryImageOfPage":{"@id":"https:\/\/sindicom.hr\/en\/katalog\/regulator-pritiska-zraka-8-1-b-8-8-5-b-wabco-org\/#primaryimage"},"image":{"@id":"https:\/\/sindicom.hr\/en\/katalog\/regulator-pritiska-zraka-8-1-b-8-8-5-b-wabco-org\/#primaryimage"},"thumbnailUrl":"https:\/\/sindicom.hr\/wp-content\/uploads\/2020\/05\/9753034730-WABCO.webp","datePublished":"2020-05-11T08:20:49+00:00","dateModified":"2025-10-27T11:37:11+00:00","breadcrumb":{"@id":"https:\/\/sindicom.hr\/en\/katalog\/regulator-pritiska-zraka-8-1-b-8-8-5-b-wabco-org\/#breadcrumb"},"inLanguage":"en-US","potentialAction":[{"@type":"ReadAction","target":["https:\/\/sindicom.hr\/en\/katalog\/regulator-pritiska-zraka-8-1-b-8-8-5-b-wabco-org\/"]}]},{"@type":"ImageObject","inLanguage":"en-US","@id":"https:\/\/sindicom.hr\/en\/katalog\/regulator-pritiska-zraka-8-1-b-8-8-5-b-wabco-org\/#primaryimage","url":"https:\/\/sindicom.hr\/wp-content\/uploads\/2020\/05\/9753034730-WABCO.webp","contentUrl":"https:\/\/sindicom.hr\/wp-content\/uploads\/2020\/05\/9753034730-WABCO.webp","width":600,"height":600},{"@type":"BreadcrumbList","@id":"https:\/\/sindicom.hr\/en\/katalog\/regulator-pritiska-zraka-8-1-b-8-8-5-b-wabco-org\/#breadcrumb","itemListElement":[{"@type":"ListItem","position":1,"name":"Po\u010detna stranica","item":"https:\/\/sindicom.hr\/en\/"},{"@type":"ListItem","position":2,"name":"Katalog dijelova","item":"https:\/\/sindicom.hr\/en\/catalog\/"},{"@type":"ListItem","position":3,"name":"REGULATOR PRITISKA ZRAKA 8.1 b 8-8.5 b WABCO OE"}]},{"@type":"WebSite","@id":"https:\/\/sindicom.hr\/en\/#website","url":"https:\/\/sindicom.hr\/en\/","name":"SINDICOM","description":"Trade and repair of pneumatic brakes, air and hydraulic systems for trucks and buses","publisher":{"@id":"https:\/\/sindicom.hr\/en\/#organization"},"potentialAction":[{"@type":"SearchAction","target":{"@type":"EntryPoint","urlTemplate":"https:\/\/sindicom.hr\/en\/?s={search_term_string}"},"query-input":{"@type":"PropertyValueSpecification","valueRequired":true,"valueName":"search_term_string"}}],"inLanguage":"en-US"},{"@type":"Organization","@id":"https:\/\/sindicom.hr\/en\/#organization","name":"SINDICOM d.o.o.","url":"https:\/\/sindicom.hr\/en\/","logo":{"@type":"ImageObject","inLanguage":"en-US","@id":"https:\/\/sindicom.hr\/en\/#\/schema\/logo\/image\/","url":"https:\/\/sindicom.hr\/wp-content\/uploads\/2019\/11\/sindicom_logo_veliki1.jpg.png","contentUrl":"https:\/\/sindicom.hr\/wp-content\/uploads\/2019\/11\/sindicom_logo_veliki1.jpg.png","width":732,"height":706,"caption":"SINDICOM d.o.o."},"image":{"@id":"https:\/\/sindicom.hr\/en\/#\/schema\/logo\/image\/"},"sameAs":["https:\/\/www.facebook.com\/Sindicom-doo-170277286366043\/","https:\/\/instagram.com\/sindicomdoo"]}]}},"_links":{"self":[{"href":"https:\/\/sindicom.hr\/en\/wp-json\/wp\/v2\/product\/12740","targetHints":{"allow":["GET"]}}],"collection":[{"href":"https:\/\/sindicom.hr\/en\/wp-json\/wp\/v2\/product"}],"about":[{"href":"https:\/\/sindicom.hr\/en\/wp-json\/wp\/v2\/types\/product"}],"wp:featuredmedia":[{"embeddable":true,"href":"https:\/\/sindicom.hr\/en\/wp-json\/wp\/v2\/media\/34654"}],"wp:attachment":[{"href":"https:\/\/sindicom.hr\/en\/wp-json\/wp\/v2\/media?parent=12740"}],"wp:term":[{"taxonomy":"product_brand","embeddable":true,"href":"https:\/\/sindicom.hr\/en\/wp-json\/wp\/v2\/product_brand?post=12740"},{"taxonomy":"product_cat","embeddable":true,"href":"https:\/\/sindicom.hr\/en\/wp-json\/wp\/v2\/product_cat?post=12740"},{"taxonomy":"product_tag","embeddable":true,"href":"https:\/\/sindicom.hr\/en\/wp-json\/wp\/v2\/product_tag?post=12740"}],"curies":[{"name":"wp","href":"https:\/\/api.w.org\/{rel}","templated":true}]}}