{"id":12760,"date":"2020-05-11T08:20:52","date_gmt":"2020-05-11T08:20:52","guid":{"rendered":"https:\/\/sindicom.hr\/katalog\/set-osovina-kocione-celjusti-lucas-volvo-iveco-zamj\/"},"modified":"2025-10-27T11:37:19","modified_gmt":"2025-10-27T11:37:19","slug":"set-osovina-kocione-celjusti-lucas-volvo-iveco-zamj","status":"publish","type":"product","link":"https:\/\/sindicom.hr\/en\/katalog\/set-osovina-kocione-celjusti-lucas-volvo-iveco-zamj\/","title":{"rendered":"SET RU\u010cNE HIDRAULI\u010cNE KO\u010cIONE \u010cELJUSTI 60 mm 68 mm IVECO EUROCARGO MERITOR KPL. ZAMJ."},"content":{"rendered":"<p>095.843 SAMPA  8401-23 MAY  SJ1032 MERITOR  SP8570 MERITOR  SKP484G MERITOR  LRG624 MERITOR  LRG625 MERITOR  LRG624 MERITOR  LRG625 MERITOR  LRG626 MERITOR  LRG627 MERITOR  6704206901 MERCEDES  6704205201 MERCEDES  6704207001 MERCEDES  6704205301 MERCEDES  6704206401 MERCEDES  095843 SAMPA  57595 AUGER  6085016 COJALI  10.011.17414 EBS OLDI  Hydraulic brake caliper repair kit  OSOVINA+\u010cEP+LE\u017dAJ MANJI TRN  IVECO Eurocargo 65E 75E O 60 mm REAR  (LRG612 68032210. LRG613 68032211)  IVECO Eurocargo 80E 100E 109E O 68 mm REAR  (LRG614 68032208. LRG615 68032209)<\/p>\n","protected":false},"excerpt":{"rendered":"<p><img decoding=\"async\" class=\"alignnone size-medium wp-image-17694\" src=\"https:\/\/sindicom.hr\/wp-content\/uploads\/2020\/05\/aftermarket-300x300.png\" alt=\"\" width=\"300\" height=\"300\" srcset=\"https:\/\/sindicom.hr\/wp-content\/uploads\/2020\/05\/aftermarket-64x64.png 64w, https:\/\/sindicom.hr\/wp-content\/uploads\/2020\/05\/aftermarket-66x66.png 66w, https:\/\/sindicom.hr\/wp-content\/uploads\/2020\/05\/aftermarket-100x100.png 100w, https:\/\/sindicom.hr\/wp-content\/uploads\/2020\/05\/aftermarket-150x150.png 150w, https:\/\/sindicom.hr\/wp-content\/uploads\/2020\/05\/aftermarket-200x200.png 200w, https:\/\/sindicom.hr\/wp-content\/uploads\/2020\/05\/aftermarket.png 300w\" sizes=\"(max-width: 300px) 100vw, 300px\" \/><\/p>\n","protected":false},"featured_media":0,"template":"","meta":{"inline_featured_image":false},"product_brand":[],"product_cat":[15,132],"product_tag":[],"class_list":{"0":"post-12760","1":"product","2":"type-product","3":"status-publish","5":"product_cat-all-products","6":"product_cat-reparaturni-setovi-kocionih-celjusti","8":"first","9":"instock","10":"shipping-taxable","11":"purchasable","12":"product-type-simple"},"yoast_head":"<!-- This site is optimized with the Yoast SEO plugin v26.2 - https:\/\/yoast.com\/wordpress\/plugins\/seo\/ -->\n<title>SET RU\u010cNE HIDRAULI\u010cNE KO\u010cIONE \u010cELJUSTI 60 mm 68 mm IVECO EUROCARGO MERITOR KPL. ZAMJ. - Sindicom<\/title>\n<meta name=\"robots\" content=\"index, follow, max-snippet:-1, max-image-preview:large, max-video-preview:-1\" \/>\n<link rel=\"canonical\" href=\"https:\/\/sindicom.hr\/en\/katalog\/set-osovina-kocione-celjusti-lucas-volvo-iveco-zamj\/\" \/>\n<meta property=\"og:locale\" content=\"en_US\" \/>\n<meta property=\"og:type\" content=\"article\" \/>\n<meta property=\"og:title\" content=\"SET RU\u010cNE HIDRAULI\u010cNE KO\u010cIONE \u010cELJUSTI 60 mm 68 mm IVECO EUROCARGO MERITOR KPL. ZAMJ. - Sindicom\" \/>\n<meta property=\"og:url\" content=\"https:\/\/sindicom.hr\/en\/katalog\/set-osovina-kocione-celjusti-lucas-volvo-iveco-zamj\/\" \/>\n<meta property=\"og:site_name\" content=\"Sindicom\" \/>\n<meta property=\"article:publisher\" content=\"https:\/\/www.facebook.com\/Sindicom-doo-170277286366043\/\" \/>\n<meta property=\"article:modified_time\" content=\"2025-10-27T11:37:19+00:00\" \/>\n<meta name=\"twitter:card\" content=\"summary_large_image\" \/>\n<script type=\"application\/ld+json\" class=\"yoast-schema-graph\">{\"@context\":\"https:\/\/schema.org\",\"@graph\":[{\"@type\":\"WebPage\",\"@id\":\"https:\/\/sindicom.hr\/en\/katalog\/set-osovina-kocione-celjusti-lucas-volvo-iveco-zamj\/\",\"url\":\"https:\/\/sindicom.hr\/en\/katalog\/set-osovina-kocione-celjusti-lucas-volvo-iveco-zamj\/\",\"name\":\"SET RU\u010cNE HIDRAULI\u010cNE KO\u010cIONE \u010cELJUSTI 60 mm 68 mm IVECO EUROCARGO MERITOR KPL. ZAMJ. - Sindicom\",\"isPartOf\":{\"@id\":\"https:\/\/sindicom.hr\/en\/#website\"},\"datePublished\":\"2020-05-11T08:20:52+00:00\",\"dateModified\":\"2025-10-27T11:37:19+00:00\",\"breadcrumb\":{\"@id\":\"https:\/\/sindicom.hr\/en\/katalog\/set-osovina-kocione-celjusti-lucas-volvo-iveco-zamj\/#breadcrumb\"},\"inLanguage\":\"en-US\",\"potentialAction\":[{\"@type\":\"ReadAction\",\"target\":[\"https:\/\/sindicom.hr\/en\/katalog\/set-osovina-kocione-celjusti-lucas-volvo-iveco-zamj\/\"]}]},{\"@type\":\"BreadcrumbList\",\"@id\":\"https:\/\/sindicom.hr\/en\/katalog\/set-osovina-kocione-celjusti-lucas-volvo-iveco-zamj\/#breadcrumb\",\"itemListElement\":[{\"@type\":\"ListItem\",\"position\":1,\"name\":\"Po\u010detna stranica\",\"item\":\"https:\/\/sindicom.hr\/en\/\"},{\"@type\":\"ListItem\",\"position\":2,\"name\":\"Katalog dijelova\",\"item\":\"https:\/\/sindicom.hr\/en\/catalog\/\"},{\"@type\":\"ListItem\",\"position\":3,\"name\":\"SET RU\u010cNE HIDRAULI\u010cNE KO\u010cIONE \u010cELJUSTI 60 mm 68 mm IVECO EUROCARGO MERITOR KPL. ZAMJ.\"}]},{\"@type\":\"WebSite\",\"@id\":\"https:\/\/sindicom.hr\/en\/#website\",\"url\":\"https:\/\/sindicom.hr\/en\/\",\"name\":\"SINDICOM\",\"description\":\"Trade and repair of pneumatic brakes, air and hydraulic systems for trucks and buses\",\"publisher\":{\"@id\":\"https:\/\/sindicom.hr\/en\/#organization\"},\"potentialAction\":[{\"@type\":\"SearchAction\",\"target\":{\"@type\":\"EntryPoint\",\"urlTemplate\":\"https:\/\/sindicom.hr\/en\/?s={search_term_string}\"},\"query-input\":{\"@type\":\"PropertyValueSpecification\",\"valueRequired\":true,\"valueName\":\"search_term_string\"}}],\"inLanguage\":\"en-US\"},{\"@type\":\"Organization\",\"@id\":\"https:\/\/sindicom.hr\/en\/#organization\",\"name\":\"SINDICOM d.o.o.\",\"url\":\"https:\/\/sindicom.hr\/en\/\",\"logo\":{\"@type\":\"ImageObject\",\"inLanguage\":\"en-US\",\"@id\":\"https:\/\/sindicom.hr\/en\/#\/schema\/logo\/image\/\",\"url\":\"https:\/\/sindicom.hr\/wp-content\/uploads\/2019\/11\/sindicom_logo_veliki1.jpg.png\",\"contentUrl\":\"https:\/\/sindicom.hr\/wp-content\/uploads\/2019\/11\/sindicom_logo_veliki1.jpg.png\",\"width\":732,\"height\":706,\"caption\":\"SINDICOM d.o.o.\"},\"image\":{\"@id\":\"https:\/\/sindicom.hr\/en\/#\/schema\/logo\/image\/\"},\"sameAs\":[\"https:\/\/www.facebook.com\/Sindicom-doo-170277286366043\/\",\"https:\/\/instagram.com\/sindicomdoo\"]}]}<\/script>\n<!-- \/ Yoast SEO plugin. -->","yoast_head_json":{"title":"SET RU\u010cNE HIDRAULI\u010cNE KO\u010cIONE \u010cELJUSTI 60 mm 68 mm IVECO EUROCARGO MERITOR KPL. ZAMJ. - Sindicom","robots":{"index":"index","follow":"follow","max-snippet":"max-snippet:-1","max-image-preview":"max-image-preview:large","max-video-preview":"max-video-preview:-1"},"canonical":"https:\/\/sindicom.hr\/en\/katalog\/set-osovina-kocione-celjusti-lucas-volvo-iveco-zamj\/","og_locale":"en_US","og_type":"article","og_title":"SET RU\u010cNE HIDRAULI\u010cNE KO\u010cIONE \u010cELJUSTI 60 mm 68 mm IVECO EUROCARGO MERITOR KPL. ZAMJ. - Sindicom","og_url":"https:\/\/sindicom.hr\/en\/katalog\/set-osovina-kocione-celjusti-lucas-volvo-iveco-zamj\/","og_site_name":"Sindicom","article_publisher":"https:\/\/www.facebook.com\/Sindicom-doo-170277286366043\/","article_modified_time":"2025-10-27T11:37:19+00:00","twitter_card":"summary_large_image","schema":{"@context":"https:\/\/schema.org","@graph":[{"@type":"WebPage","@id":"https:\/\/sindicom.hr\/en\/katalog\/set-osovina-kocione-celjusti-lucas-volvo-iveco-zamj\/","url":"https:\/\/sindicom.hr\/en\/katalog\/set-osovina-kocione-celjusti-lucas-volvo-iveco-zamj\/","name":"SET RU\u010cNE HIDRAULI\u010cNE KO\u010cIONE \u010cELJUSTI 60 mm 68 mm IVECO EUROCARGO MERITOR KPL. ZAMJ. - Sindicom","isPartOf":{"@id":"https:\/\/sindicom.hr\/en\/#website"},"datePublished":"2020-05-11T08:20:52+00:00","dateModified":"2025-10-27T11:37:19+00:00","breadcrumb":{"@id":"https:\/\/sindicom.hr\/en\/katalog\/set-osovina-kocione-celjusti-lucas-volvo-iveco-zamj\/#breadcrumb"},"inLanguage":"en-US","potentialAction":[{"@type":"ReadAction","target":["https:\/\/sindicom.hr\/en\/katalog\/set-osovina-kocione-celjusti-lucas-volvo-iveco-zamj\/"]}]},{"@type":"BreadcrumbList","@id":"https:\/\/sindicom.hr\/en\/katalog\/set-osovina-kocione-celjusti-lucas-volvo-iveco-zamj\/#breadcrumb","itemListElement":[{"@type":"ListItem","position":1,"name":"Po\u010detna stranica","item":"https:\/\/sindicom.hr\/en\/"},{"@type":"ListItem","position":2,"name":"Katalog dijelova","item":"https:\/\/sindicom.hr\/en\/catalog\/"},{"@type":"ListItem","position":3,"name":"SET RU\u010cNE HIDRAULI\u010cNE KO\u010cIONE \u010cELJUSTI 60 mm 68 mm IVECO EUROCARGO MERITOR KPL. ZAMJ."}]},{"@type":"WebSite","@id":"https:\/\/sindicom.hr\/en\/#website","url":"https:\/\/sindicom.hr\/en\/","name":"SINDICOM","description":"Trade and repair of pneumatic brakes, air and hydraulic systems for trucks and buses","publisher":{"@id":"https:\/\/sindicom.hr\/en\/#organization"},"potentialAction":[{"@type":"SearchAction","target":{"@type":"EntryPoint","urlTemplate":"https:\/\/sindicom.hr\/en\/?s={search_term_string}"},"query-input":{"@type":"PropertyValueSpecification","valueRequired":true,"valueName":"search_term_string"}}],"inLanguage":"en-US"},{"@type":"Organization","@id":"https:\/\/sindicom.hr\/en\/#organization","name":"SINDICOM d.o.o.","url":"https:\/\/sindicom.hr\/en\/","logo":{"@type":"ImageObject","inLanguage":"en-US","@id":"https:\/\/sindicom.hr\/en\/#\/schema\/logo\/image\/","url":"https:\/\/sindicom.hr\/wp-content\/uploads\/2019\/11\/sindicom_logo_veliki1.jpg.png","contentUrl":"https:\/\/sindicom.hr\/wp-content\/uploads\/2019\/11\/sindicom_logo_veliki1.jpg.png","width":732,"height":706,"caption":"SINDICOM d.o.o."},"image":{"@id":"https:\/\/sindicom.hr\/en\/#\/schema\/logo\/image\/"},"sameAs":["https:\/\/www.facebook.com\/Sindicom-doo-170277286366043\/","https:\/\/instagram.com\/sindicomdoo"]}]}},"_links":{"self":[{"href":"https:\/\/sindicom.hr\/en\/wp-json\/wp\/v2\/product\/12760","targetHints":{"allow":["GET"]}}],"collection":[{"href":"https:\/\/sindicom.hr\/en\/wp-json\/wp\/v2\/product"}],"about":[{"href":"https:\/\/sindicom.hr\/en\/wp-json\/wp\/v2\/types\/product"}],"wp:attachment":[{"href":"https:\/\/sindicom.hr\/en\/wp-json\/wp\/v2\/media?parent=12760"}],"wp:term":[{"taxonomy":"product_brand","embeddable":true,"href":"https:\/\/sindicom.hr\/en\/wp-json\/wp\/v2\/product_brand?post=12760"},{"taxonomy":"product_cat","embeddable":true,"href":"https:\/\/sindicom.hr\/en\/wp-json\/wp\/v2\/product_cat?post=12760"},{"taxonomy":"product_tag","embeddable":true,"href":"https:\/\/sindicom.hr\/en\/wp-json\/wp\/v2\/product_tag?post=12760"}],"curies":[{"name":"wp","href":"https:\/\/api.w.org\/{rel}","templated":true}]}}