{"id":12765,"date":"2020-05-11T08:20:53","date_gmt":"2020-05-11T08:20:53","guid":{"rendered":"https:\/\/sindicom.hr\/katalog\/set-klizaca-kocione-celjusti-meritor-60-mm-mercedes-iveco-tt-org\/"},"modified":"2025-10-27T11:37:22","modified_gmt":"2025-10-27T11:37:22","slug":"set-klizaca-kocione-celjusti-meritor-60-mm-mercedes-iveco-tt-org","status":"publish","type":"product","link":"https:\/\/sindicom.hr\/en\/katalog\/set-klizaca-kocione-celjusti-meritor-60-mm-mercedes-iveco-tt-org\/","title":{"rendered":"SET KLIZA\u010cA KO\u010cIONE \u010cELJUSTI MERITOR 60 mm MERCEDES IVECO TT ORG."},"content":{"rendered":"<p>CRK235 MERITOR  206029 BUDWEG  CMSK.17 TRUCKTECHNIC  0004200476 MERCEDES  A0004200476 MERCEDES  0004218686 MERCEDES  A0004218686 MERCEDES  6704200383 MERITOR  6704200283 MERITOR  6704206901 MERITOR  SJ1035 ROR  ST1153 ROR  1522179 DAF  93161472 IVECO  93161029 IVECO  095.617 SAMPA  5705444148251<\/p>\n","protected":false},"excerpt":{"rendered":"<p><img decoding=\"async\" class=\"alignnone size-medium wp-image-18038\" src=\"https:\/\/sindicom.hr\/wp-content\/uploads\/2020\/05\/iveco-300x300.png\" alt=\"\" width=\"300\" height=\"300\" srcset=\"https:\/\/sindicom.hr\/wp-content\/uploads\/2020\/05\/iveco-64x64.png 64w, https:\/\/sindicom.hr\/wp-content\/uploads\/2020\/05\/iveco-66x66.png 66w, https:\/\/sindicom.hr\/wp-content\/uploads\/2020\/05\/iveco-100x100.png 100w, https:\/\/sindicom.hr\/wp-content\/uploads\/2020\/05\/iveco-150x150.png 150w, https:\/\/sindicom.hr\/wp-content\/uploads\/2020\/05\/iveco-200x200.png 200w, https:\/\/sindicom.hr\/wp-content\/uploads\/2020\/05\/iveco.png 300w\" sizes=\"(max-width: 300px) 100vw, 300px\" \/><\/p>\n","protected":false},"featured_media":23504,"template":"","meta":{"inline_featured_image":false},"product_brand":[],"product_cat":[15,110,113,132],"product_tag":[],"class_list":{"0":"post-12765","1":"product","2":"type-product","3":"status-publish","4":"has-post-thumbnail","6":"product_cat-all-products","7":"product_cat-iveco-teretna-vozila","8":"product_cat-mercedes-teretna-vozila","9":"product_cat-reparaturni-setovi-kocionih-celjusti","11":"first","12":"instock","13":"shipping-taxable","14":"purchasable","15":"product-type-simple"},"yoast_head":"<!-- This site is optimized with the Yoast SEO plugin v26.2 - https:\/\/yoast.com\/wordpress\/plugins\/seo\/ -->\n<title>SET KLIZA\u010cA KO\u010cIONE \u010cELJUSTI MERITOR 60 mm MERCEDES IVECO TT ORG. - Sindicom<\/title>\n<meta name=\"robots\" content=\"index, follow, max-snippet:-1, max-image-preview:large, max-video-preview:-1\" \/>\n<link rel=\"canonical\" href=\"https:\/\/sindicom.hr\/en\/katalog\/set-klizaca-kocione-celjusti-meritor-60-mm-mercedes-iveco-tt-org\/\" \/>\n<meta property=\"og:locale\" content=\"en_US\" \/>\n<meta property=\"og:type\" content=\"article\" \/>\n<meta property=\"og:title\" content=\"SET KLIZA\u010cA KO\u010cIONE \u010cELJUSTI MERITOR 60 mm MERCEDES IVECO TT ORG. - Sindicom\" \/>\n<meta property=\"og:url\" content=\"https:\/\/sindicom.hr\/en\/katalog\/set-klizaca-kocione-celjusti-meritor-60-mm-mercedes-iveco-tt-org\/\" \/>\n<meta property=\"og:site_name\" content=\"Sindicom\" \/>\n<meta property=\"article:publisher\" content=\"https:\/\/www.facebook.com\/Sindicom-doo-170277286366043\/\" \/>\n<meta property=\"article:modified_time\" content=\"2025-10-27T11:37:22+00:00\" \/>\n<meta property=\"og:image\" content=\"https:\/\/sindicom.hr\/wp-content\/uploads\/2020\/05\/CRK235-IVECO.png\" \/>\n\t<meta property=\"og:image:width\" content=\"600\" \/>\n\t<meta property=\"og:image:height\" content=\"600\" \/>\n\t<meta property=\"og:image:type\" content=\"image\/png\" \/>\n<meta name=\"twitter:card\" content=\"summary_large_image\" \/>\n<script type=\"application\/ld+json\" class=\"yoast-schema-graph\">{\"@context\":\"https:\/\/schema.org\",\"@graph\":[{\"@type\":\"WebPage\",\"@id\":\"https:\/\/sindicom.hr\/en\/katalog\/set-klizaca-kocione-celjusti-meritor-60-mm-mercedes-iveco-tt-org\/\",\"url\":\"https:\/\/sindicom.hr\/en\/katalog\/set-klizaca-kocione-celjusti-meritor-60-mm-mercedes-iveco-tt-org\/\",\"name\":\"SET KLIZA\u010cA KO\u010cIONE \u010cELJUSTI MERITOR 60 mm MERCEDES IVECO TT ORG. - Sindicom\",\"isPartOf\":{\"@id\":\"https:\/\/sindicom.hr\/en\/#website\"},\"primaryImageOfPage\":{\"@id\":\"https:\/\/sindicom.hr\/en\/katalog\/set-klizaca-kocione-celjusti-meritor-60-mm-mercedes-iveco-tt-org\/#primaryimage\"},\"image\":{\"@id\":\"https:\/\/sindicom.hr\/en\/katalog\/set-klizaca-kocione-celjusti-meritor-60-mm-mercedes-iveco-tt-org\/#primaryimage\"},\"thumbnailUrl\":\"https:\/\/sindicom.hr\/wp-content\/uploads\/2020\/05\/CRK235-IVECO.png\",\"datePublished\":\"2020-05-11T08:20:53+00:00\",\"dateModified\":\"2025-10-27T11:37:22+00:00\",\"breadcrumb\":{\"@id\":\"https:\/\/sindicom.hr\/en\/katalog\/set-klizaca-kocione-celjusti-meritor-60-mm-mercedes-iveco-tt-org\/#breadcrumb\"},\"inLanguage\":\"en-US\",\"potentialAction\":[{\"@type\":\"ReadAction\",\"target\":[\"https:\/\/sindicom.hr\/en\/katalog\/set-klizaca-kocione-celjusti-meritor-60-mm-mercedes-iveco-tt-org\/\"]}]},{\"@type\":\"ImageObject\",\"inLanguage\":\"en-US\",\"@id\":\"https:\/\/sindicom.hr\/en\/katalog\/set-klizaca-kocione-celjusti-meritor-60-mm-mercedes-iveco-tt-org\/#primaryimage\",\"url\":\"https:\/\/sindicom.hr\/wp-content\/uploads\/2020\/05\/CRK235-IVECO.png\",\"contentUrl\":\"https:\/\/sindicom.hr\/wp-content\/uploads\/2020\/05\/CRK235-IVECO.png\",\"width\":600,\"height\":600},{\"@type\":\"BreadcrumbList\",\"@id\":\"https:\/\/sindicom.hr\/en\/katalog\/set-klizaca-kocione-celjusti-meritor-60-mm-mercedes-iveco-tt-org\/#breadcrumb\",\"itemListElement\":[{\"@type\":\"ListItem\",\"position\":1,\"name\":\"Po\u010detna stranica\",\"item\":\"https:\/\/sindicom.hr\/en\/\"},{\"@type\":\"ListItem\",\"position\":2,\"name\":\"Katalog dijelova\",\"item\":\"https:\/\/sindicom.hr\/en\/catalog\/\"},{\"@type\":\"ListItem\",\"position\":3,\"name\":\"SET KLIZA\u010cA KO\u010cIONE \u010cELJUSTI MERITOR 60 mm MERCEDES IVECO TT ORG.\"}]},{\"@type\":\"WebSite\",\"@id\":\"https:\/\/sindicom.hr\/en\/#website\",\"url\":\"https:\/\/sindicom.hr\/en\/\",\"name\":\"SINDICOM\",\"description\":\"Trade and repair of pneumatic brakes, air and hydraulic systems for trucks and buses\",\"publisher\":{\"@id\":\"https:\/\/sindicom.hr\/en\/#organization\"},\"potentialAction\":[{\"@type\":\"SearchAction\",\"target\":{\"@type\":\"EntryPoint\",\"urlTemplate\":\"https:\/\/sindicom.hr\/en\/?s={search_term_string}\"},\"query-input\":{\"@type\":\"PropertyValueSpecification\",\"valueRequired\":true,\"valueName\":\"search_term_string\"}}],\"inLanguage\":\"en-US\"},{\"@type\":\"Organization\",\"@id\":\"https:\/\/sindicom.hr\/en\/#organization\",\"name\":\"SINDICOM d.o.o.\",\"url\":\"https:\/\/sindicom.hr\/en\/\",\"logo\":{\"@type\":\"ImageObject\",\"inLanguage\":\"en-US\",\"@id\":\"https:\/\/sindicom.hr\/en\/#\/schema\/logo\/image\/\",\"url\":\"https:\/\/sindicom.hr\/wp-content\/uploads\/2019\/11\/sindicom_logo_veliki1.jpg.png\",\"contentUrl\":\"https:\/\/sindicom.hr\/wp-content\/uploads\/2019\/11\/sindicom_logo_veliki1.jpg.png\",\"width\":732,\"height\":706,\"caption\":\"SINDICOM d.o.o.\"},\"image\":{\"@id\":\"https:\/\/sindicom.hr\/en\/#\/schema\/logo\/image\/\"},\"sameAs\":[\"https:\/\/www.facebook.com\/Sindicom-doo-170277286366043\/\",\"https:\/\/instagram.com\/sindicomdoo\"]}]}<\/script>\n<!-- \/ Yoast SEO plugin. -->","yoast_head_json":{"title":"SET KLIZA\u010cA KO\u010cIONE \u010cELJUSTI MERITOR 60 mm MERCEDES IVECO TT ORG. - Sindicom","robots":{"index":"index","follow":"follow","max-snippet":"max-snippet:-1","max-image-preview":"max-image-preview:large","max-video-preview":"max-video-preview:-1"},"canonical":"https:\/\/sindicom.hr\/en\/katalog\/set-klizaca-kocione-celjusti-meritor-60-mm-mercedes-iveco-tt-org\/","og_locale":"en_US","og_type":"article","og_title":"SET KLIZA\u010cA KO\u010cIONE \u010cELJUSTI MERITOR 60 mm MERCEDES IVECO TT ORG. - Sindicom","og_url":"https:\/\/sindicom.hr\/en\/katalog\/set-klizaca-kocione-celjusti-meritor-60-mm-mercedes-iveco-tt-org\/","og_site_name":"Sindicom","article_publisher":"https:\/\/www.facebook.com\/Sindicom-doo-170277286366043\/","article_modified_time":"2025-10-27T11:37:22+00:00","og_image":[{"width":600,"height":600,"url":"https:\/\/sindicom.hr\/wp-content\/uploads\/2020\/05\/CRK235-IVECO.png","type":"image\/png"}],"twitter_card":"summary_large_image","schema":{"@context":"https:\/\/schema.org","@graph":[{"@type":"WebPage","@id":"https:\/\/sindicom.hr\/en\/katalog\/set-klizaca-kocione-celjusti-meritor-60-mm-mercedes-iveco-tt-org\/","url":"https:\/\/sindicom.hr\/en\/katalog\/set-klizaca-kocione-celjusti-meritor-60-mm-mercedes-iveco-tt-org\/","name":"SET KLIZA\u010cA KO\u010cIONE \u010cELJUSTI MERITOR 60 mm MERCEDES IVECO TT ORG. - Sindicom","isPartOf":{"@id":"https:\/\/sindicom.hr\/en\/#website"},"primaryImageOfPage":{"@id":"https:\/\/sindicom.hr\/en\/katalog\/set-klizaca-kocione-celjusti-meritor-60-mm-mercedes-iveco-tt-org\/#primaryimage"},"image":{"@id":"https:\/\/sindicom.hr\/en\/katalog\/set-klizaca-kocione-celjusti-meritor-60-mm-mercedes-iveco-tt-org\/#primaryimage"},"thumbnailUrl":"https:\/\/sindicom.hr\/wp-content\/uploads\/2020\/05\/CRK235-IVECO.png","datePublished":"2020-05-11T08:20:53+00:00","dateModified":"2025-10-27T11:37:22+00:00","breadcrumb":{"@id":"https:\/\/sindicom.hr\/en\/katalog\/set-klizaca-kocione-celjusti-meritor-60-mm-mercedes-iveco-tt-org\/#breadcrumb"},"inLanguage":"en-US","potentialAction":[{"@type":"ReadAction","target":["https:\/\/sindicom.hr\/en\/katalog\/set-klizaca-kocione-celjusti-meritor-60-mm-mercedes-iveco-tt-org\/"]}]},{"@type":"ImageObject","inLanguage":"en-US","@id":"https:\/\/sindicom.hr\/en\/katalog\/set-klizaca-kocione-celjusti-meritor-60-mm-mercedes-iveco-tt-org\/#primaryimage","url":"https:\/\/sindicom.hr\/wp-content\/uploads\/2020\/05\/CRK235-IVECO.png","contentUrl":"https:\/\/sindicom.hr\/wp-content\/uploads\/2020\/05\/CRK235-IVECO.png","width":600,"height":600},{"@type":"BreadcrumbList","@id":"https:\/\/sindicom.hr\/en\/katalog\/set-klizaca-kocione-celjusti-meritor-60-mm-mercedes-iveco-tt-org\/#breadcrumb","itemListElement":[{"@type":"ListItem","position":1,"name":"Po\u010detna stranica","item":"https:\/\/sindicom.hr\/en\/"},{"@type":"ListItem","position":2,"name":"Katalog dijelova","item":"https:\/\/sindicom.hr\/en\/catalog\/"},{"@type":"ListItem","position":3,"name":"SET KLIZA\u010cA KO\u010cIONE \u010cELJUSTI MERITOR 60 mm MERCEDES IVECO TT ORG."}]},{"@type":"WebSite","@id":"https:\/\/sindicom.hr\/en\/#website","url":"https:\/\/sindicom.hr\/en\/","name":"SINDICOM","description":"Trade and repair of pneumatic brakes, air and hydraulic systems for trucks and buses","publisher":{"@id":"https:\/\/sindicom.hr\/en\/#organization"},"potentialAction":[{"@type":"SearchAction","target":{"@type":"EntryPoint","urlTemplate":"https:\/\/sindicom.hr\/en\/?s={search_term_string}"},"query-input":{"@type":"PropertyValueSpecification","valueRequired":true,"valueName":"search_term_string"}}],"inLanguage":"en-US"},{"@type":"Organization","@id":"https:\/\/sindicom.hr\/en\/#organization","name":"SINDICOM d.o.o.","url":"https:\/\/sindicom.hr\/en\/","logo":{"@type":"ImageObject","inLanguage":"en-US","@id":"https:\/\/sindicom.hr\/en\/#\/schema\/logo\/image\/","url":"https:\/\/sindicom.hr\/wp-content\/uploads\/2019\/11\/sindicom_logo_veliki1.jpg.png","contentUrl":"https:\/\/sindicom.hr\/wp-content\/uploads\/2019\/11\/sindicom_logo_veliki1.jpg.png","width":732,"height":706,"caption":"SINDICOM d.o.o."},"image":{"@id":"https:\/\/sindicom.hr\/en\/#\/schema\/logo\/image\/"},"sameAs":["https:\/\/www.facebook.com\/Sindicom-doo-170277286366043\/","https:\/\/instagram.com\/sindicomdoo"]}]}},"_links":{"self":[{"href":"https:\/\/sindicom.hr\/en\/wp-json\/wp\/v2\/product\/12765","targetHints":{"allow":["GET"]}}],"collection":[{"href":"https:\/\/sindicom.hr\/en\/wp-json\/wp\/v2\/product"}],"about":[{"href":"https:\/\/sindicom.hr\/en\/wp-json\/wp\/v2\/types\/product"}],"wp:featuredmedia":[{"embeddable":true,"href":"https:\/\/sindicom.hr\/en\/wp-json\/wp\/v2\/media\/23504"}],"wp:attachment":[{"href":"https:\/\/sindicom.hr\/en\/wp-json\/wp\/v2\/media?parent=12765"}],"wp:term":[{"taxonomy":"product_brand","embeddable":true,"href":"https:\/\/sindicom.hr\/en\/wp-json\/wp\/v2\/product_brand?post=12765"},{"taxonomy":"product_cat","embeddable":true,"href":"https:\/\/sindicom.hr\/en\/wp-json\/wp\/v2\/product_cat?post=12765"},{"taxonomy":"product_tag","embeddable":true,"href":"https:\/\/sindicom.hr\/en\/wp-json\/wp\/v2\/product_tag?post=12765"}],"curies":[{"name":"wp","href":"https:\/\/api.w.org\/{rel}","templated":true}]}}