{"id":12973,"date":"2020-05-11T08:21:30","date_gmt":"2020-05-11T08:21:30","guid":{"rendered":"https:\/\/sindicom.hr\/katalog\/a-8001-posudica-za-ulje-0-13-l-m22\/"},"modified":"2025-10-27T11:38:45","modified_gmt":"2025-10-27T11:38:45","slug":"a-8001-posudica-za-ulje-0-13-l-m22","status":"publish","type":"product","link":"https:\/\/sindicom.hr\/en\/katalog\/a-8001-posudica-za-ulje-0-13-l-m22\/","title":{"rendered":"POSUDICA ZA ULJE 0.13 L M22x1.5 NAVOJ L=90 mm VISINA UK4 FTE VALEO OE"},"content":{"rendered":"<p>A8000 FTE  9201803 VALEO  03.3508-0401.3 ATE  03.3508-0405.3 ATE  03.3508-1803.3 ATE  03.3508-6601.3 ATE  03.3508-0451.3 ATE  2747056R CASE  3141806R91 CASE  3401328R1 CASE  2 747 056 R CASE  3 141 806 R91 CASE  3 401 328 R1 CASE  892364 DAF  5281474 TAM  5281 474 TAM  3419036 DEUTZ-FAHR  4326387 DEUTZ-FAHR  03419036 DEUTZ-FAHR  04326387 DEUTZ-FAHR  105483105002 FIAT  10564120510101 FIAT  10564120510401 FIAT  116001205101 FIAT  11600120511180 FIAT  116001205130 FIAT  60516951 FIAT  924746 HANOMAG  247925719 HANOMAG  541922709 HANOMAG  780924746 HANOMAG  03419036 IVECO  5148-52-03.05 IVECO  5604517 LIEBHERR  5 604 517 LIEBHERR  85500011382 MAN  90810522203 MAN  85.50001-1382 MAN  90.81052-2203 MAN  250940 STEINBOCK  159000360184 STEYR  1780360035 STEYR  17803635 STEYR  59000360184 STEYR  590.00.36.0184 STEYR  7803635 STEYR  780.36.0035 STEYR  3103731 VOLVO  3 103 731 VOLVO  3 103 731-0 VOLVO  211611301B VW  211611301C VW  0002951815 MERCEDES  0004311602 MERCEDES  A0002951815 MERCEDES  A0004311602 MERCEDES  000 295 18 15 MERCEDES  000 431 16 02 MERCEDES  A 000 431 16 02 MERCEDES  A 000 295 18 15 MERCEDES  0024312302 MERCEDES  A0024312302 MERCEDES  A 002 431 23 02 MERCEDES  0014318902 MERCEDES  A0014318902 MERCEDES  A001 431 89 02 MERCEDES  402044839 HALDEX  A8001 FTE  A 8001 FTE  4.63909 DT  Brake fluid expansion tank  Ausgleichsbeh\u00e4lter f\u00fcr Bremsfl\u00fcssigkeit<\/p>\n","protected":false},"excerpt":{"rendered":"<p><img decoding=\"async\" class=\"alignnone size-medium wp-image-17724\" src=\"https:\/\/sindicom.hr\/wp-content\/uploads\/2020\/05\/valeo-fte-300x300.png\" alt=\"\" width=\"300\" height=\"300\" srcset=\"https:\/\/sindicom.hr\/wp-content\/uploads\/2020\/05\/valeo-fte-64x64.png 64w, https:\/\/sindicom.hr\/wp-content\/uploads\/2020\/05\/valeo-fte-66x66.png 66w, https:\/\/sindicom.hr\/wp-content\/uploads\/2020\/05\/valeo-fte-100x100.png 100w, https:\/\/sindicom.hr\/wp-content\/uploads\/2020\/05\/valeo-fte-150x150.png 150w, https:\/\/sindicom.hr\/wp-content\/uploads\/2020\/05\/valeo-fte-200x200.png 200w, https:\/\/sindicom.hr\/wp-content\/uploads\/2020\/05\/valeo-fte.png 300w\" sizes=\"(max-width: 300px) 100vw, 300px\" \/><\/p>\n","protected":false},"featured_media":44393,"template":"","meta":{"inline_featured_image":false},"product_brand":[],"product_cat":[15,96,151,126,138,211,139,110,163,156,203,197,141,108,97,194,113,105,149,188,140,120,137,107,136,215],"product_tag":[],"class_list":{"0":"post-12973","1":"product","2":"type-product","3":"status-publish","4":"has-post-thumbnail","6":"product_cat-all-products","7":"product_cat-busevi","8":"product_cat-claas","9":"product_cat-daf","10":"product_cat-deutz","11":"product_cat-fastrack","12":"product_cat-fendt","13":"product_cat-iveco-teretna-vozila","14":"product_cat-jcb","15":"product_cat-john-deere","16":"product_cat-komatsu","17":"product_cat-landini","18":"product_cat-liebherr","19":"product_cat-man-teretna-vozila","20":"product_cat-man","21":"product_cat-massey-ferguson","22":"product_cat-mercedes-teretna-vozila","23":"product_cat-mercedes","24":"product_cat-unimog","25":"product_cat-new-holland","26":"product_cat-radni-strojevi","27":"product_cat-reparaturni-setovi","28":"product_cat-steyr","29":"product_cat-teretna-vozila","30":"product_cat-traktori","31":"product_cat-volvo-radni-strojevi","33":"first","34":"instock","35":"shipping-taxable","36":"purchasable","37":"product-type-simple"},"yoast_head":"<!-- This site is optimized with the Yoast SEO plugin v26.2 - https:\/\/yoast.com\/wordpress\/plugins\/seo\/ -->\n<title>POSUDICA ZA ULJE 0.13 L M22x1.5 NAVOJ L=90 mm VISINA UK4 FTE VALEO OE - Sindicom<\/title>\n<meta name=\"robots\" content=\"index, follow, max-snippet:-1, max-image-preview:large, max-video-preview:-1\" \/>\n<link rel=\"canonical\" href=\"https:\/\/sindicom.hr\/en\/katalog\/a-8001-posudica-za-ulje-0-13-l-m22\/\" \/>\n<meta property=\"og:locale\" content=\"en_US\" \/>\n<meta property=\"og:type\" content=\"article\" \/>\n<meta property=\"og:title\" content=\"POSUDICA ZA ULJE 0.13 L M22x1.5 NAVOJ L=90 mm VISINA UK4 FTE VALEO OE - Sindicom\" \/>\n<meta property=\"og:url\" content=\"https:\/\/sindicom.hr\/en\/katalog\/a-8001-posudica-za-ulje-0-13-l-m22\/\" \/>\n<meta property=\"og:site_name\" content=\"Sindicom\" \/>\n<meta property=\"article:publisher\" content=\"https:\/\/www.facebook.com\/Sindicom-doo-170277286366043\/\" \/>\n<meta property=\"article:modified_time\" content=\"2025-10-27T11:38:45+00:00\" \/>\n<meta property=\"og:image\" content=\"https:\/\/sindicom.hr\/wp-content\/uploads\/2020\/05\/A8000.webp\" \/>\n\t<meta property=\"og:image:width\" content=\"600\" \/>\n\t<meta property=\"og:image:height\" content=\"600\" \/>\n\t<meta property=\"og:image:type\" content=\"image\/webp\" \/>\n<meta name=\"twitter:card\" content=\"summary_large_image\" \/>\n<meta name=\"twitter:label1\" content=\"Est. reading time\" \/>\n\t<meta name=\"twitter:data1\" content=\"2 minutes\" \/>\n<script type=\"application\/ld+json\" class=\"yoast-schema-graph\">{\"@context\":\"https:\/\/schema.org\",\"@graph\":[{\"@type\":\"WebPage\",\"@id\":\"https:\/\/sindicom.hr\/en\/katalog\/a-8001-posudica-za-ulje-0-13-l-m22\/\",\"url\":\"https:\/\/sindicom.hr\/en\/katalog\/a-8001-posudica-za-ulje-0-13-l-m22\/\",\"name\":\"POSUDICA ZA ULJE 0.13 L M22x1.5 NAVOJ L=90 mm VISINA UK4 FTE VALEO OE - Sindicom\",\"isPartOf\":{\"@id\":\"https:\/\/sindicom.hr\/en\/#website\"},\"primaryImageOfPage\":{\"@id\":\"https:\/\/sindicom.hr\/en\/katalog\/a-8001-posudica-za-ulje-0-13-l-m22\/#primaryimage\"},\"image\":{\"@id\":\"https:\/\/sindicom.hr\/en\/katalog\/a-8001-posudica-za-ulje-0-13-l-m22\/#primaryimage\"},\"thumbnailUrl\":\"https:\/\/sindicom.hr\/wp-content\/uploads\/2020\/05\/A8000.webp\",\"datePublished\":\"2020-05-11T08:21:30+00:00\",\"dateModified\":\"2025-10-27T11:38:45+00:00\",\"breadcrumb\":{\"@id\":\"https:\/\/sindicom.hr\/en\/katalog\/a-8001-posudica-za-ulje-0-13-l-m22\/#breadcrumb\"},\"inLanguage\":\"en-US\",\"potentialAction\":[{\"@type\":\"ReadAction\",\"target\":[\"https:\/\/sindicom.hr\/en\/katalog\/a-8001-posudica-za-ulje-0-13-l-m22\/\"]}]},{\"@type\":\"ImageObject\",\"inLanguage\":\"en-US\",\"@id\":\"https:\/\/sindicom.hr\/en\/katalog\/a-8001-posudica-za-ulje-0-13-l-m22\/#primaryimage\",\"url\":\"https:\/\/sindicom.hr\/wp-content\/uploads\/2020\/05\/A8000.webp\",\"contentUrl\":\"https:\/\/sindicom.hr\/wp-content\/uploads\/2020\/05\/A8000.webp\",\"width\":600,\"height\":600},{\"@type\":\"BreadcrumbList\",\"@id\":\"https:\/\/sindicom.hr\/en\/katalog\/a-8001-posudica-za-ulje-0-13-l-m22\/#breadcrumb\",\"itemListElement\":[{\"@type\":\"ListItem\",\"position\":1,\"name\":\"Po\u010detna stranica\",\"item\":\"https:\/\/sindicom.hr\/en\/\"},{\"@type\":\"ListItem\",\"position\":2,\"name\":\"Katalog dijelova\",\"item\":\"https:\/\/sindicom.hr\/en\/catalog\/\"},{\"@type\":\"ListItem\",\"position\":3,\"name\":\"POSUDICA ZA ULJE 0.13 L M22x1.5 NAVOJ 90 mm VISINA UK4 FTE VALEO OE\"}]},{\"@type\":\"WebSite\",\"@id\":\"https:\/\/sindicom.hr\/en\/#website\",\"url\":\"https:\/\/sindicom.hr\/en\/\",\"name\":\"SINDICOM\",\"description\":\"Trade and repair of pneumatic brakes, air and hydraulic systems for trucks and buses\",\"publisher\":{\"@id\":\"https:\/\/sindicom.hr\/en\/#organization\"},\"potentialAction\":[{\"@type\":\"SearchAction\",\"target\":{\"@type\":\"EntryPoint\",\"urlTemplate\":\"https:\/\/sindicom.hr\/en\/?s={search_term_string}\"},\"query-input\":{\"@type\":\"PropertyValueSpecification\",\"valueRequired\":true,\"valueName\":\"search_term_string\"}}],\"inLanguage\":\"en-US\"},{\"@type\":\"Organization\",\"@id\":\"https:\/\/sindicom.hr\/en\/#organization\",\"name\":\"SINDICOM d.o.o.\",\"url\":\"https:\/\/sindicom.hr\/en\/\",\"logo\":{\"@type\":\"ImageObject\",\"inLanguage\":\"en-US\",\"@id\":\"https:\/\/sindicom.hr\/en\/#\/schema\/logo\/image\/\",\"url\":\"https:\/\/sindicom.hr\/wp-content\/uploads\/2019\/11\/sindicom_logo_veliki1.jpg.png\",\"contentUrl\":\"https:\/\/sindicom.hr\/wp-content\/uploads\/2019\/11\/sindicom_logo_veliki1.jpg.png\",\"width\":732,\"height\":706,\"caption\":\"SINDICOM d.o.o.\"},\"image\":{\"@id\":\"https:\/\/sindicom.hr\/en\/#\/schema\/logo\/image\/\"},\"sameAs\":[\"https:\/\/www.facebook.com\/Sindicom-doo-170277286366043\/\",\"https:\/\/instagram.com\/sindicomdoo\"]}]}<\/script>\n<!-- \/ Yoast SEO plugin. -->","yoast_head_json":{"title":"POSUDICA ZA ULJE 0.13 L M22x1.5 NAVOJ L=90 mm VISINA UK4 FTE VALEO OE - Sindicom","robots":{"index":"index","follow":"follow","max-snippet":"max-snippet:-1","max-image-preview":"max-image-preview:large","max-video-preview":"max-video-preview:-1"},"canonical":"https:\/\/sindicom.hr\/en\/katalog\/a-8001-posudica-za-ulje-0-13-l-m22\/","og_locale":"en_US","og_type":"article","og_title":"POSUDICA ZA ULJE 0.13 L M22x1.5 NAVOJ L=90 mm VISINA UK4 FTE VALEO OE - Sindicom","og_url":"https:\/\/sindicom.hr\/en\/katalog\/a-8001-posudica-za-ulje-0-13-l-m22\/","og_site_name":"Sindicom","article_publisher":"https:\/\/www.facebook.com\/Sindicom-doo-170277286366043\/","article_modified_time":"2025-10-27T11:38:45+00:00","og_image":[{"width":600,"height":600,"url":"https:\/\/sindicom.hr\/wp-content\/uploads\/2020\/05\/A8000.webp","type":"image\/webp"}],"twitter_card":"summary_large_image","twitter_misc":{"Est. reading time":"2 minutes"},"schema":{"@context":"https:\/\/schema.org","@graph":[{"@type":"WebPage","@id":"https:\/\/sindicom.hr\/en\/katalog\/a-8001-posudica-za-ulje-0-13-l-m22\/","url":"https:\/\/sindicom.hr\/en\/katalog\/a-8001-posudica-za-ulje-0-13-l-m22\/","name":"POSUDICA ZA ULJE 0.13 L M22x1.5 NAVOJ L=90 mm VISINA UK4 FTE VALEO OE - Sindicom","isPartOf":{"@id":"https:\/\/sindicom.hr\/en\/#website"},"primaryImageOfPage":{"@id":"https:\/\/sindicom.hr\/en\/katalog\/a-8001-posudica-za-ulje-0-13-l-m22\/#primaryimage"},"image":{"@id":"https:\/\/sindicom.hr\/en\/katalog\/a-8001-posudica-za-ulje-0-13-l-m22\/#primaryimage"},"thumbnailUrl":"https:\/\/sindicom.hr\/wp-content\/uploads\/2020\/05\/A8000.webp","datePublished":"2020-05-11T08:21:30+00:00","dateModified":"2025-10-27T11:38:45+00:00","breadcrumb":{"@id":"https:\/\/sindicom.hr\/en\/katalog\/a-8001-posudica-za-ulje-0-13-l-m22\/#breadcrumb"},"inLanguage":"en-US","potentialAction":[{"@type":"ReadAction","target":["https:\/\/sindicom.hr\/en\/katalog\/a-8001-posudica-za-ulje-0-13-l-m22\/"]}]},{"@type":"ImageObject","inLanguage":"en-US","@id":"https:\/\/sindicom.hr\/en\/katalog\/a-8001-posudica-za-ulje-0-13-l-m22\/#primaryimage","url":"https:\/\/sindicom.hr\/wp-content\/uploads\/2020\/05\/A8000.webp","contentUrl":"https:\/\/sindicom.hr\/wp-content\/uploads\/2020\/05\/A8000.webp","width":600,"height":600},{"@type":"BreadcrumbList","@id":"https:\/\/sindicom.hr\/en\/katalog\/a-8001-posudica-za-ulje-0-13-l-m22\/#breadcrumb","itemListElement":[{"@type":"ListItem","position":1,"name":"Po\u010detna stranica","item":"https:\/\/sindicom.hr\/en\/"},{"@type":"ListItem","position":2,"name":"Katalog dijelova","item":"https:\/\/sindicom.hr\/en\/catalog\/"},{"@type":"ListItem","position":3,"name":"POSUDICA ZA ULJE 0.13 L M22x1.5 NAVOJ 90 mm VISINA UK4 FTE VALEO OE"}]},{"@type":"WebSite","@id":"https:\/\/sindicom.hr\/en\/#website","url":"https:\/\/sindicom.hr\/en\/","name":"SINDICOM","description":"Trade and repair of pneumatic brakes, air and hydraulic systems for trucks and buses","publisher":{"@id":"https:\/\/sindicom.hr\/en\/#organization"},"potentialAction":[{"@type":"SearchAction","target":{"@type":"EntryPoint","urlTemplate":"https:\/\/sindicom.hr\/en\/?s={search_term_string}"},"query-input":{"@type":"PropertyValueSpecification","valueRequired":true,"valueName":"search_term_string"}}],"inLanguage":"en-US"},{"@type":"Organization","@id":"https:\/\/sindicom.hr\/en\/#organization","name":"SINDICOM d.o.o.","url":"https:\/\/sindicom.hr\/en\/","logo":{"@type":"ImageObject","inLanguage":"en-US","@id":"https:\/\/sindicom.hr\/en\/#\/schema\/logo\/image\/","url":"https:\/\/sindicom.hr\/wp-content\/uploads\/2019\/11\/sindicom_logo_veliki1.jpg.png","contentUrl":"https:\/\/sindicom.hr\/wp-content\/uploads\/2019\/11\/sindicom_logo_veliki1.jpg.png","width":732,"height":706,"caption":"SINDICOM d.o.o."},"image":{"@id":"https:\/\/sindicom.hr\/en\/#\/schema\/logo\/image\/"},"sameAs":["https:\/\/www.facebook.com\/Sindicom-doo-170277286366043\/","https:\/\/instagram.com\/sindicomdoo"]}]}},"_links":{"self":[{"href":"https:\/\/sindicom.hr\/en\/wp-json\/wp\/v2\/product\/12973","targetHints":{"allow":["GET"]}}],"collection":[{"href":"https:\/\/sindicom.hr\/en\/wp-json\/wp\/v2\/product"}],"about":[{"href":"https:\/\/sindicom.hr\/en\/wp-json\/wp\/v2\/types\/product"}],"wp:featuredmedia":[{"embeddable":true,"href":"https:\/\/sindicom.hr\/en\/wp-json\/wp\/v2\/media\/44393"}],"wp:attachment":[{"href":"https:\/\/sindicom.hr\/en\/wp-json\/wp\/v2\/media?parent=12973"}],"wp:term":[{"taxonomy":"product_brand","embeddable":true,"href":"https:\/\/sindicom.hr\/en\/wp-json\/wp\/v2\/product_brand?post=12973"},{"taxonomy":"product_cat","embeddable":true,"href":"https:\/\/sindicom.hr\/en\/wp-json\/wp\/v2\/product_cat?post=12973"},{"taxonomy":"product_tag","embeddable":true,"href":"https:\/\/sindicom.hr\/en\/wp-json\/wp\/v2\/product_tag?post=12973"}],"curies":[{"name":"wp","href":"https:\/\/api.w.org\/{rel}","templated":true}]}}