{"id":13056,"date":"2020-05-11T08:21:47","date_gmt":"2020-05-11T08:21:47","guid":{"rendered":"https:\/\/sindicom.hr\/katalog\/senzor-potrosenosti-obloga-mercedes-org\/"},"modified":"2025-10-27T11:39:17","modified_gmt":"2025-10-27T11:39:17","slug":"senzor-potrosenosti-obloga-mercedes-org","status":"publish","type":"product","link":"https:\/\/sindicom.hr\/en\/katalog\/senzor-potrosenosti-obloga-mercedes-org\/","title":{"rendered":"SPOJNI KABEL SENZORA POTRO\u0160ENOSTI KO\u010cNICA \u010cELJUSTI 2.2 m EVOBUS MERCEDES OE"},"content":{"rendered":"<p>A0005406336 MERCEDES  4497560220 WABCO  4497560170 WABCO  4497560150 WABCO  41425236 BOVA  1425236 DAF  11176664 VAN HOOL  41425236 VDL  41425234 BOVA  137707 DAF  1425234 DAF  20288067 VDL  41425234 VDL  3879500570 DAEWOO  P38795 00570 DAEWOO  946007M600 HYUNDAI  95677 7H001 HYUNDAI  946007M600 KIA  946007M700 HYUNDAI  0005401736 MERCEDES  0005402236 MERCEDES  0005403936 MERCEDES  A0005401736 MERCEDES  A0005402236 MERCEDES  A0005403936 MERCEDES  A 000 540 17 36 MERCEDES  A 000 540 22 36 MERCEDES  A 000 540 39 36 MERCEDES  0005406336 EVOBUS  A0005406336 EVOBUS  0005406336 MERCEDES  A000 540 63 36 MERCEDES  A 000 540 63 36 MERCEDES  0005406636 MERCEDES  A0005406636 MERCEDES  A 000 540 66 36 MERCEDES  4.67500 DT  85631 AUGER  2261185 COJALI  Brake pad wear sensor connecting cable  Brake wear indicator left\/right rear disc  Anschlusskabel f\u00fcr Bremsbelagverschlei\u00dfsensor  Bremsverschlei\u00dfanzeige links\/rechts hinten  Cavo di collegamento del sensore di usura delle pastiglie dei freni  Indicatore usura freni disco posteriore sinistro\/destro<\/p>\n","protected":false},"excerpt":{"rendered":"<p><img decoding=\"async\" class=\"alignnone size-medium wp-image-17709\" src=\"https:\/\/sindicom.hr\/wp-content\/uploads\/2020\/05\/mercedes-300x300.png\" alt=\"\" width=\"300\" height=\"300\" srcset=\"https:\/\/sindicom.hr\/wp-content\/uploads\/2020\/05\/mercedes-64x64.png 64w, https:\/\/sindicom.hr\/wp-content\/uploads\/2020\/05\/mercedes-66x66.png 66w, https:\/\/sindicom.hr\/wp-content\/uploads\/2020\/05\/mercedes-100x100.png 100w, https:\/\/sindicom.hr\/wp-content\/uploads\/2020\/05\/mercedes-150x150.png 150w, https:\/\/sindicom.hr\/wp-content\/uploads\/2020\/05\/mercedes-200x200.png 200w, https:\/\/sindicom.hr\/wp-content\/uploads\/2020\/05\/mercedes.png 300w\" sizes=\"(max-width: 300px) 100vw, 300px\" \/><\/p>\n","protected":false},"featured_media":35051,"template":"","meta":{"inline_featured_image":false},"product_brand":[],"product_cat":[15,40,100,96,97,113,105,104,191,102,107,106],"product_tag":[],"class_list":{"0":"post-13056","1":"product","2":"type-product","3":"status-publish","4":"has-post-thumbnail","6":"product_cat-all-products","7":"product_cat-abs-senzori","8":"product_cat-bova-vdl","9":"product_cat-busevi","10":"product_cat-man","11":"product_cat-mercedes-teretna-vozila","12":"product_cat-mercedes","13":"product_cat-neoplan","14":"product_cat-senzori","15":"product_cat-solaris","16":"product_cat-teretna-vozila","17":"product_cat-van-hool-eos","19":"first","20":"instock","21":"shipping-taxable","22":"purchasable","23":"product-type-simple"},"yoast_head":"<!-- This site is optimized with the Yoast SEO plugin v26.2 - https:\/\/yoast.com\/wordpress\/plugins\/seo\/ -->\n<title>SPOJNI KABEL SENZORA POTRO\u0160ENOSTI KO\u010cNICA \u010cELJUSTI 2.2 m EVOBUS MERCEDES OE - Sindicom<\/title>\n<meta name=\"robots\" content=\"index, follow, max-snippet:-1, max-image-preview:large, max-video-preview:-1\" \/>\n<link rel=\"canonical\" href=\"https:\/\/sindicom.hr\/en\/katalog\/senzor-potrosenosti-obloga-mercedes-org\/\" \/>\n<meta property=\"og:locale\" content=\"en_US\" \/>\n<meta property=\"og:type\" content=\"article\" \/>\n<meta property=\"og:title\" content=\"SPOJNI KABEL SENZORA POTRO\u0160ENOSTI KO\u010cNICA \u010cELJUSTI 2.2 m EVOBUS MERCEDES OE - Sindicom\" \/>\n<meta property=\"og:url\" content=\"https:\/\/sindicom.hr\/en\/katalog\/senzor-potrosenosti-obloga-mercedes-org\/\" \/>\n<meta property=\"og:site_name\" content=\"Sindicom\" \/>\n<meta property=\"article:publisher\" content=\"https:\/\/www.facebook.com\/Sindicom-doo-170277286366043\/\" \/>\n<meta property=\"article:modified_time\" content=\"2025-10-27T11:39:17+00:00\" \/>\n<meta property=\"og:image\" content=\"https:\/\/sindicom.hr\/wp-content\/uploads\/2020\/05\/A0005406336.webp\" \/>\n\t<meta property=\"og:image:width\" content=\"600\" \/>\n\t<meta property=\"og:image:height\" content=\"600\" \/>\n\t<meta property=\"og:image:type\" content=\"image\/webp\" \/>\n<meta name=\"twitter:card\" content=\"summary_large_image\" \/>\n<meta name=\"twitter:label1\" content=\"Est. reading time\" \/>\n\t<meta name=\"twitter:data1\" content=\"1 minute\" \/>\n<script type=\"application\/ld+json\" class=\"yoast-schema-graph\">{\"@context\":\"https:\/\/schema.org\",\"@graph\":[{\"@type\":\"WebPage\",\"@id\":\"https:\/\/sindicom.hr\/en\/katalog\/senzor-potrosenosti-obloga-mercedes-org\/\",\"url\":\"https:\/\/sindicom.hr\/en\/katalog\/senzor-potrosenosti-obloga-mercedes-org\/\",\"name\":\"SPOJNI KABEL SENZORA POTRO\u0160ENOSTI KO\u010cNICA \u010cELJUSTI 2.2 m EVOBUS MERCEDES OE - Sindicom\",\"isPartOf\":{\"@id\":\"https:\/\/sindicom.hr\/en\/#website\"},\"primaryImageOfPage\":{\"@id\":\"https:\/\/sindicom.hr\/en\/katalog\/senzor-potrosenosti-obloga-mercedes-org\/#primaryimage\"},\"image\":{\"@id\":\"https:\/\/sindicom.hr\/en\/katalog\/senzor-potrosenosti-obloga-mercedes-org\/#primaryimage\"},\"thumbnailUrl\":\"https:\/\/sindicom.hr\/wp-content\/uploads\/2020\/05\/A0005406336.webp\",\"datePublished\":\"2020-05-11T08:21:47+00:00\",\"dateModified\":\"2025-10-27T11:39:17+00:00\",\"breadcrumb\":{\"@id\":\"https:\/\/sindicom.hr\/en\/katalog\/senzor-potrosenosti-obloga-mercedes-org\/#breadcrumb\"},\"inLanguage\":\"en-US\",\"potentialAction\":[{\"@type\":\"ReadAction\",\"target\":[\"https:\/\/sindicom.hr\/en\/katalog\/senzor-potrosenosti-obloga-mercedes-org\/\"]}]},{\"@type\":\"ImageObject\",\"inLanguage\":\"en-US\",\"@id\":\"https:\/\/sindicom.hr\/en\/katalog\/senzor-potrosenosti-obloga-mercedes-org\/#primaryimage\",\"url\":\"https:\/\/sindicom.hr\/wp-content\/uploads\/2020\/05\/A0005406336.webp\",\"contentUrl\":\"https:\/\/sindicom.hr\/wp-content\/uploads\/2020\/05\/A0005406336.webp\",\"width\":600,\"height\":600},{\"@type\":\"BreadcrumbList\",\"@id\":\"https:\/\/sindicom.hr\/en\/katalog\/senzor-potrosenosti-obloga-mercedes-org\/#breadcrumb\",\"itemListElement\":[{\"@type\":\"ListItem\",\"position\":1,\"name\":\"Po\u010detna stranica\",\"item\":\"https:\/\/sindicom.hr\/en\/\"},{\"@type\":\"ListItem\",\"position\":2,\"name\":\"Katalog dijelova\",\"item\":\"https:\/\/sindicom.hr\/en\/catalog\/\"},{\"@type\":\"ListItem\",\"position\":3,\"name\":\"SPOJNI KABEL SENZORA POTRO\u0160ENOSTI KO\u010cNICA \u010cELJUSTI 2.2 m EVOBUS MERCEDES OE\"}]},{\"@type\":\"WebSite\",\"@id\":\"https:\/\/sindicom.hr\/en\/#website\",\"url\":\"https:\/\/sindicom.hr\/en\/\",\"name\":\"SINDICOM\",\"description\":\"Trade and repair of pneumatic brakes, air and hydraulic systems for trucks and buses\",\"publisher\":{\"@id\":\"https:\/\/sindicom.hr\/en\/#organization\"},\"potentialAction\":[{\"@type\":\"SearchAction\",\"target\":{\"@type\":\"EntryPoint\",\"urlTemplate\":\"https:\/\/sindicom.hr\/en\/?s={search_term_string}\"},\"query-input\":{\"@type\":\"PropertyValueSpecification\",\"valueRequired\":true,\"valueName\":\"search_term_string\"}}],\"inLanguage\":\"en-US\"},{\"@type\":\"Organization\",\"@id\":\"https:\/\/sindicom.hr\/en\/#organization\",\"name\":\"SINDICOM d.o.o.\",\"url\":\"https:\/\/sindicom.hr\/en\/\",\"logo\":{\"@type\":\"ImageObject\",\"inLanguage\":\"en-US\",\"@id\":\"https:\/\/sindicom.hr\/en\/#\/schema\/logo\/image\/\",\"url\":\"https:\/\/sindicom.hr\/wp-content\/uploads\/2019\/11\/sindicom_logo_veliki1.jpg.png\",\"contentUrl\":\"https:\/\/sindicom.hr\/wp-content\/uploads\/2019\/11\/sindicom_logo_veliki1.jpg.png\",\"width\":732,\"height\":706,\"caption\":\"SINDICOM d.o.o.\"},\"image\":{\"@id\":\"https:\/\/sindicom.hr\/en\/#\/schema\/logo\/image\/\"},\"sameAs\":[\"https:\/\/www.facebook.com\/Sindicom-doo-170277286366043\/\",\"https:\/\/instagram.com\/sindicomdoo\"]}]}<\/script>\n<!-- \/ Yoast SEO plugin. -->","yoast_head_json":{"title":"SPOJNI KABEL SENZORA POTRO\u0160ENOSTI KO\u010cNICA \u010cELJUSTI 2.2 m EVOBUS MERCEDES OE - Sindicom","robots":{"index":"index","follow":"follow","max-snippet":"max-snippet:-1","max-image-preview":"max-image-preview:large","max-video-preview":"max-video-preview:-1"},"canonical":"https:\/\/sindicom.hr\/en\/katalog\/senzor-potrosenosti-obloga-mercedes-org\/","og_locale":"en_US","og_type":"article","og_title":"SPOJNI KABEL SENZORA POTRO\u0160ENOSTI KO\u010cNICA \u010cELJUSTI 2.2 m EVOBUS MERCEDES OE - Sindicom","og_url":"https:\/\/sindicom.hr\/en\/katalog\/senzor-potrosenosti-obloga-mercedes-org\/","og_site_name":"Sindicom","article_publisher":"https:\/\/www.facebook.com\/Sindicom-doo-170277286366043\/","article_modified_time":"2025-10-27T11:39:17+00:00","og_image":[{"width":600,"height":600,"url":"https:\/\/sindicom.hr\/wp-content\/uploads\/2020\/05\/A0005406336.webp","type":"image\/webp"}],"twitter_card":"summary_large_image","twitter_misc":{"Est. reading time":"1 minute"},"schema":{"@context":"https:\/\/schema.org","@graph":[{"@type":"WebPage","@id":"https:\/\/sindicom.hr\/en\/katalog\/senzor-potrosenosti-obloga-mercedes-org\/","url":"https:\/\/sindicom.hr\/en\/katalog\/senzor-potrosenosti-obloga-mercedes-org\/","name":"SPOJNI KABEL SENZORA POTRO\u0160ENOSTI KO\u010cNICA \u010cELJUSTI 2.2 m EVOBUS MERCEDES OE - Sindicom","isPartOf":{"@id":"https:\/\/sindicom.hr\/en\/#website"},"primaryImageOfPage":{"@id":"https:\/\/sindicom.hr\/en\/katalog\/senzor-potrosenosti-obloga-mercedes-org\/#primaryimage"},"image":{"@id":"https:\/\/sindicom.hr\/en\/katalog\/senzor-potrosenosti-obloga-mercedes-org\/#primaryimage"},"thumbnailUrl":"https:\/\/sindicom.hr\/wp-content\/uploads\/2020\/05\/A0005406336.webp","datePublished":"2020-05-11T08:21:47+00:00","dateModified":"2025-10-27T11:39:17+00:00","breadcrumb":{"@id":"https:\/\/sindicom.hr\/en\/katalog\/senzor-potrosenosti-obloga-mercedes-org\/#breadcrumb"},"inLanguage":"en-US","potentialAction":[{"@type":"ReadAction","target":["https:\/\/sindicom.hr\/en\/katalog\/senzor-potrosenosti-obloga-mercedes-org\/"]}]},{"@type":"ImageObject","inLanguage":"en-US","@id":"https:\/\/sindicom.hr\/en\/katalog\/senzor-potrosenosti-obloga-mercedes-org\/#primaryimage","url":"https:\/\/sindicom.hr\/wp-content\/uploads\/2020\/05\/A0005406336.webp","contentUrl":"https:\/\/sindicom.hr\/wp-content\/uploads\/2020\/05\/A0005406336.webp","width":600,"height":600},{"@type":"BreadcrumbList","@id":"https:\/\/sindicom.hr\/en\/katalog\/senzor-potrosenosti-obloga-mercedes-org\/#breadcrumb","itemListElement":[{"@type":"ListItem","position":1,"name":"Po\u010detna stranica","item":"https:\/\/sindicom.hr\/en\/"},{"@type":"ListItem","position":2,"name":"Katalog dijelova","item":"https:\/\/sindicom.hr\/en\/catalog\/"},{"@type":"ListItem","position":3,"name":"SPOJNI KABEL SENZORA POTRO\u0160ENOSTI KO\u010cNICA \u010cELJUSTI 2.2 m EVOBUS MERCEDES OE"}]},{"@type":"WebSite","@id":"https:\/\/sindicom.hr\/en\/#website","url":"https:\/\/sindicom.hr\/en\/","name":"SINDICOM","description":"Trade and repair of pneumatic brakes, air and hydraulic systems for trucks and buses","publisher":{"@id":"https:\/\/sindicom.hr\/en\/#organization"},"potentialAction":[{"@type":"SearchAction","target":{"@type":"EntryPoint","urlTemplate":"https:\/\/sindicom.hr\/en\/?s={search_term_string}"},"query-input":{"@type":"PropertyValueSpecification","valueRequired":true,"valueName":"search_term_string"}}],"inLanguage":"en-US"},{"@type":"Organization","@id":"https:\/\/sindicom.hr\/en\/#organization","name":"SINDICOM d.o.o.","url":"https:\/\/sindicom.hr\/en\/","logo":{"@type":"ImageObject","inLanguage":"en-US","@id":"https:\/\/sindicom.hr\/en\/#\/schema\/logo\/image\/","url":"https:\/\/sindicom.hr\/wp-content\/uploads\/2019\/11\/sindicom_logo_veliki1.jpg.png","contentUrl":"https:\/\/sindicom.hr\/wp-content\/uploads\/2019\/11\/sindicom_logo_veliki1.jpg.png","width":732,"height":706,"caption":"SINDICOM d.o.o."},"image":{"@id":"https:\/\/sindicom.hr\/en\/#\/schema\/logo\/image\/"},"sameAs":["https:\/\/www.facebook.com\/Sindicom-doo-170277286366043\/","https:\/\/instagram.com\/sindicomdoo"]}]}},"_links":{"self":[{"href":"https:\/\/sindicom.hr\/en\/wp-json\/wp\/v2\/product\/13056","targetHints":{"allow":["GET"]}}],"collection":[{"href":"https:\/\/sindicom.hr\/en\/wp-json\/wp\/v2\/product"}],"about":[{"href":"https:\/\/sindicom.hr\/en\/wp-json\/wp\/v2\/types\/product"}],"wp:featuredmedia":[{"embeddable":true,"href":"https:\/\/sindicom.hr\/en\/wp-json\/wp\/v2\/media\/35051"}],"wp:attachment":[{"href":"https:\/\/sindicom.hr\/en\/wp-json\/wp\/v2\/media?parent=13056"}],"wp:term":[{"taxonomy":"product_brand","embeddable":true,"href":"https:\/\/sindicom.hr\/en\/wp-json\/wp\/v2\/product_brand?post=13056"},{"taxonomy":"product_cat","embeddable":true,"href":"https:\/\/sindicom.hr\/en\/wp-json\/wp\/v2\/product_cat?post=13056"},{"taxonomy":"product_tag","embeddable":true,"href":"https:\/\/sindicom.hr\/en\/wp-json\/wp\/v2\/product_tag?post=13056"}],"curies":[{"name":"wp","href":"https:\/\/api.w.org\/{rel}","templated":true}]}}