{"id":13507,"date":"2020-05-11T08:23:14","date_gmt":"2020-05-11T08:23:14","guid":{"rendered":"https:\/\/sindicom.hr\/katalog\/set-stelaca-isusivaca-zraka-bosch-tt\/"},"modified":"2025-10-27T11:42:10","modified_gmt":"2025-10-27T11:42:10","slug":"set-stelaca-isusivaca-zraka-bosch-tt","status":"publish","type":"product","link":"https:\/\/sindicom.hr\/en\/katalog\/set-stelaca-isusivaca-zraka-bosch-tt\/","title":{"rendered":"SET \u0160TELA\u010cA ISU\u0160IVA\u010cA ZRAKA KNORR BOSCH TRUCKTECHNIC"},"content":{"rendered":"<p>BOSK.63.1 TRUCKTECHNIC  148701031600 KNORR BOSCH  0484460 KNORR BOSCH  0484461 KNORR BOSCH  048446001 KNORR BOSCH  048446017021K KNORR BOSCH  0484460196000 KNORR BOSCH  0484460171 KNORR BOSCH  0484460186 KNORR BOSCH  0484460196115 KNORR BOSCH  0484460177000 KNORR BOSCH  0484460153000 KNORR BOSCH  0484460153115 KNORR BOSCH  0484460171000 KNORR BOSCH  0484460186000 KNORR BOSCH  0484460170000 KNORR BOSCH  0484460186115 KNORR BOSCH  0484460177 KNORR BOSCH<\/p>\n","protected":false},"excerpt":{"rendered":"<p><img decoding=\"async\" class=\"alignnone size-medium wp-image-26176\" src=\"https:\/\/sindicom.hr\/wp-content\/uploads\/2022\/10\/Truck-Technic-300x300.jpg\" alt=\"\" width=\"300\" height=\"300\" srcset=\"https:\/\/sindicom.hr\/wp-content\/uploads\/2022\/10\/Truck-Technic-64x64.jpg 64w, https:\/\/sindicom.hr\/wp-content\/uploads\/2022\/10\/Truck-Technic-66x66.jpg 66w, https:\/\/sindicom.hr\/wp-content\/uploads\/2022\/10\/Truck-Technic-100x100.jpg 100w, https:\/\/sindicom.hr\/wp-content\/uploads\/2022\/10\/Truck-Technic-150x150.jpg 150w, https:\/\/sindicom.hr\/wp-content\/uploads\/2022\/10\/Truck-Technic-200x200.jpg 200w, https:\/\/sindicom.hr\/wp-content\/uploads\/2022\/10\/Truck-Technic.jpg 300w\" sizes=\"(max-width: 300px) 100vw, 300px\" \/><\/p>\n","protected":false},"featured_media":28453,"template":"","meta":{"inline_featured_image":false},"product_brand":[],"product_cat":[15],"product_tag":[],"class_list":{"0":"post-13507","1":"product","2":"type-product","3":"status-publish","4":"has-post-thumbnail","6":"product_cat-all-products","8":"first","9":"instock","10":"shipping-taxable","11":"purchasable","12":"product-type-simple"},"yoast_head":"<!-- This site is optimized with the Yoast SEO plugin v26.2 - https:\/\/yoast.com\/wordpress\/plugins\/seo\/ -->\n<title>SET \u0160TELA\u010cA ISU\u0160IVA\u010cA ZRAKA KNORR BOSCH TRUCKTECHNIC - Sindicom<\/title>\n<meta name=\"robots\" content=\"index, follow, max-snippet:-1, max-image-preview:large, max-video-preview:-1\" \/>\n<link rel=\"canonical\" href=\"https:\/\/sindicom.hr\/en\/katalog\/set-stelaca-isusivaca-zraka-bosch-tt\/\" \/>\n<meta property=\"og:locale\" content=\"en_US\" \/>\n<meta property=\"og:type\" content=\"article\" \/>\n<meta property=\"og:title\" content=\"SET \u0160TELA\u010cA ISU\u0160IVA\u010cA ZRAKA KNORR BOSCH TRUCKTECHNIC - Sindicom\" \/>\n<meta property=\"og:url\" content=\"https:\/\/sindicom.hr\/en\/katalog\/set-stelaca-isusivaca-zraka-bosch-tt\/\" \/>\n<meta property=\"og:site_name\" content=\"Sindicom\" \/>\n<meta property=\"article:publisher\" content=\"https:\/\/www.facebook.com\/Sindicom-doo-170277286366043\/\" \/>\n<meta property=\"article:modified_time\" content=\"2025-10-27T11:42:10+00:00\" \/>\n<meta property=\"og:image\" content=\"https:\/\/sindicom.hr\/wp-content\/uploads\/2020\/05\/BOSK.63.1.webp\" \/>\n\t<meta property=\"og:image:width\" content=\"600\" \/>\n\t<meta property=\"og:image:height\" content=\"600\" \/>\n\t<meta property=\"og:image:type\" content=\"image\/webp\" \/>\n<meta name=\"twitter:card\" content=\"summary_large_image\" \/>\n<meta name=\"twitter:label1\" content=\"Est. reading time\" \/>\n\t<meta name=\"twitter:data1\" content=\"1 minute\" \/>\n<script type=\"application\/ld+json\" class=\"yoast-schema-graph\">{\"@context\":\"https:\/\/schema.org\",\"@graph\":[{\"@type\":\"WebPage\",\"@id\":\"https:\/\/sindicom.hr\/en\/katalog\/set-stelaca-isusivaca-zraka-bosch-tt\/\",\"url\":\"https:\/\/sindicom.hr\/en\/katalog\/set-stelaca-isusivaca-zraka-bosch-tt\/\",\"name\":\"SET \u0160TELA\u010cA ISU\u0160IVA\u010cA ZRAKA KNORR BOSCH TRUCKTECHNIC - Sindicom\",\"isPartOf\":{\"@id\":\"https:\/\/sindicom.hr\/en\/#website\"},\"primaryImageOfPage\":{\"@id\":\"https:\/\/sindicom.hr\/en\/katalog\/set-stelaca-isusivaca-zraka-bosch-tt\/#primaryimage\"},\"image\":{\"@id\":\"https:\/\/sindicom.hr\/en\/katalog\/set-stelaca-isusivaca-zraka-bosch-tt\/#primaryimage\"},\"thumbnailUrl\":\"https:\/\/sindicom.hr\/wp-content\/uploads\/2020\/05\/BOSK.63.1.webp\",\"datePublished\":\"2020-05-11T08:23:14+00:00\",\"dateModified\":\"2025-10-27T11:42:10+00:00\",\"breadcrumb\":{\"@id\":\"https:\/\/sindicom.hr\/en\/katalog\/set-stelaca-isusivaca-zraka-bosch-tt\/#breadcrumb\"},\"inLanguage\":\"en-US\",\"potentialAction\":[{\"@type\":\"ReadAction\",\"target\":[\"https:\/\/sindicom.hr\/en\/katalog\/set-stelaca-isusivaca-zraka-bosch-tt\/\"]}]},{\"@type\":\"ImageObject\",\"inLanguage\":\"en-US\",\"@id\":\"https:\/\/sindicom.hr\/en\/katalog\/set-stelaca-isusivaca-zraka-bosch-tt\/#primaryimage\",\"url\":\"https:\/\/sindicom.hr\/wp-content\/uploads\/2020\/05\/BOSK.63.1.webp\",\"contentUrl\":\"https:\/\/sindicom.hr\/wp-content\/uploads\/2020\/05\/BOSK.63.1.webp\",\"width\":600,\"height\":600},{\"@type\":\"BreadcrumbList\",\"@id\":\"https:\/\/sindicom.hr\/en\/katalog\/set-stelaca-isusivaca-zraka-bosch-tt\/#breadcrumb\",\"itemListElement\":[{\"@type\":\"ListItem\",\"position\":1,\"name\":\"Po\u010detna stranica\",\"item\":\"https:\/\/sindicom.hr\/en\/\"},{\"@type\":\"ListItem\",\"position\":2,\"name\":\"Katalog dijelova\",\"item\":\"https:\/\/sindicom.hr\/en\/catalog\/\"},{\"@type\":\"ListItem\",\"position\":3,\"name\":\"SET \u0160TELA\u010cA ISU\u0160IVA\u010cA ZRAKA KNORR BOSCH TRUCKTECHNIC\"}]},{\"@type\":\"WebSite\",\"@id\":\"https:\/\/sindicom.hr\/en\/#website\",\"url\":\"https:\/\/sindicom.hr\/en\/\",\"name\":\"SINDICOM\",\"description\":\"Trade and repair of pneumatic brakes, air and hydraulic systems for trucks and buses\",\"publisher\":{\"@id\":\"https:\/\/sindicom.hr\/en\/#organization\"},\"potentialAction\":[{\"@type\":\"SearchAction\",\"target\":{\"@type\":\"EntryPoint\",\"urlTemplate\":\"https:\/\/sindicom.hr\/en\/?s={search_term_string}\"},\"query-input\":{\"@type\":\"PropertyValueSpecification\",\"valueRequired\":true,\"valueName\":\"search_term_string\"}}],\"inLanguage\":\"en-US\"},{\"@type\":\"Organization\",\"@id\":\"https:\/\/sindicom.hr\/en\/#organization\",\"name\":\"SINDICOM d.o.o.\",\"url\":\"https:\/\/sindicom.hr\/en\/\",\"logo\":{\"@type\":\"ImageObject\",\"inLanguage\":\"en-US\",\"@id\":\"https:\/\/sindicom.hr\/en\/#\/schema\/logo\/image\/\",\"url\":\"https:\/\/sindicom.hr\/wp-content\/uploads\/2019\/11\/sindicom_logo_veliki1.jpg.png\",\"contentUrl\":\"https:\/\/sindicom.hr\/wp-content\/uploads\/2019\/11\/sindicom_logo_veliki1.jpg.png\",\"width\":732,\"height\":706,\"caption\":\"SINDICOM d.o.o.\"},\"image\":{\"@id\":\"https:\/\/sindicom.hr\/en\/#\/schema\/logo\/image\/\"},\"sameAs\":[\"https:\/\/www.facebook.com\/Sindicom-doo-170277286366043\/\",\"https:\/\/instagram.com\/sindicomdoo\"]}]}<\/script>\n<!-- \/ Yoast SEO plugin. -->","yoast_head_json":{"title":"SET \u0160TELA\u010cA ISU\u0160IVA\u010cA ZRAKA KNORR BOSCH TRUCKTECHNIC - Sindicom","robots":{"index":"index","follow":"follow","max-snippet":"max-snippet:-1","max-image-preview":"max-image-preview:large","max-video-preview":"max-video-preview:-1"},"canonical":"https:\/\/sindicom.hr\/en\/katalog\/set-stelaca-isusivaca-zraka-bosch-tt\/","og_locale":"en_US","og_type":"article","og_title":"SET \u0160TELA\u010cA ISU\u0160IVA\u010cA ZRAKA KNORR BOSCH TRUCKTECHNIC - Sindicom","og_url":"https:\/\/sindicom.hr\/en\/katalog\/set-stelaca-isusivaca-zraka-bosch-tt\/","og_site_name":"Sindicom","article_publisher":"https:\/\/www.facebook.com\/Sindicom-doo-170277286366043\/","article_modified_time":"2025-10-27T11:42:10+00:00","og_image":[{"width":600,"height":600,"url":"https:\/\/sindicom.hr\/wp-content\/uploads\/2020\/05\/BOSK.63.1.webp","type":"image\/webp"}],"twitter_card":"summary_large_image","twitter_misc":{"Est. reading time":"1 minute"},"schema":{"@context":"https:\/\/schema.org","@graph":[{"@type":"WebPage","@id":"https:\/\/sindicom.hr\/en\/katalog\/set-stelaca-isusivaca-zraka-bosch-tt\/","url":"https:\/\/sindicom.hr\/en\/katalog\/set-stelaca-isusivaca-zraka-bosch-tt\/","name":"SET \u0160TELA\u010cA ISU\u0160IVA\u010cA ZRAKA KNORR BOSCH TRUCKTECHNIC - Sindicom","isPartOf":{"@id":"https:\/\/sindicom.hr\/en\/#website"},"primaryImageOfPage":{"@id":"https:\/\/sindicom.hr\/en\/katalog\/set-stelaca-isusivaca-zraka-bosch-tt\/#primaryimage"},"image":{"@id":"https:\/\/sindicom.hr\/en\/katalog\/set-stelaca-isusivaca-zraka-bosch-tt\/#primaryimage"},"thumbnailUrl":"https:\/\/sindicom.hr\/wp-content\/uploads\/2020\/05\/BOSK.63.1.webp","datePublished":"2020-05-11T08:23:14+00:00","dateModified":"2025-10-27T11:42:10+00:00","breadcrumb":{"@id":"https:\/\/sindicom.hr\/en\/katalog\/set-stelaca-isusivaca-zraka-bosch-tt\/#breadcrumb"},"inLanguage":"en-US","potentialAction":[{"@type":"ReadAction","target":["https:\/\/sindicom.hr\/en\/katalog\/set-stelaca-isusivaca-zraka-bosch-tt\/"]}]},{"@type":"ImageObject","inLanguage":"en-US","@id":"https:\/\/sindicom.hr\/en\/katalog\/set-stelaca-isusivaca-zraka-bosch-tt\/#primaryimage","url":"https:\/\/sindicom.hr\/wp-content\/uploads\/2020\/05\/BOSK.63.1.webp","contentUrl":"https:\/\/sindicom.hr\/wp-content\/uploads\/2020\/05\/BOSK.63.1.webp","width":600,"height":600},{"@type":"BreadcrumbList","@id":"https:\/\/sindicom.hr\/en\/katalog\/set-stelaca-isusivaca-zraka-bosch-tt\/#breadcrumb","itemListElement":[{"@type":"ListItem","position":1,"name":"Po\u010detna stranica","item":"https:\/\/sindicom.hr\/en\/"},{"@type":"ListItem","position":2,"name":"Katalog dijelova","item":"https:\/\/sindicom.hr\/en\/catalog\/"},{"@type":"ListItem","position":3,"name":"SET \u0160TELA\u010cA ISU\u0160IVA\u010cA ZRAKA KNORR BOSCH TRUCKTECHNIC"}]},{"@type":"WebSite","@id":"https:\/\/sindicom.hr\/en\/#website","url":"https:\/\/sindicom.hr\/en\/","name":"SINDICOM","description":"Trade and repair of pneumatic brakes, air and hydraulic systems for trucks and buses","publisher":{"@id":"https:\/\/sindicom.hr\/en\/#organization"},"potentialAction":[{"@type":"SearchAction","target":{"@type":"EntryPoint","urlTemplate":"https:\/\/sindicom.hr\/en\/?s={search_term_string}"},"query-input":{"@type":"PropertyValueSpecification","valueRequired":true,"valueName":"search_term_string"}}],"inLanguage":"en-US"},{"@type":"Organization","@id":"https:\/\/sindicom.hr\/en\/#organization","name":"SINDICOM d.o.o.","url":"https:\/\/sindicom.hr\/en\/","logo":{"@type":"ImageObject","inLanguage":"en-US","@id":"https:\/\/sindicom.hr\/en\/#\/schema\/logo\/image\/","url":"https:\/\/sindicom.hr\/wp-content\/uploads\/2019\/11\/sindicom_logo_veliki1.jpg.png","contentUrl":"https:\/\/sindicom.hr\/wp-content\/uploads\/2019\/11\/sindicom_logo_veliki1.jpg.png","width":732,"height":706,"caption":"SINDICOM d.o.o."},"image":{"@id":"https:\/\/sindicom.hr\/en\/#\/schema\/logo\/image\/"},"sameAs":["https:\/\/www.facebook.com\/Sindicom-doo-170277286366043\/","https:\/\/instagram.com\/sindicomdoo"]}]}},"_links":{"self":[{"href":"https:\/\/sindicom.hr\/en\/wp-json\/wp\/v2\/product\/13507","targetHints":{"allow":["GET"]}}],"collection":[{"href":"https:\/\/sindicom.hr\/en\/wp-json\/wp\/v2\/product"}],"about":[{"href":"https:\/\/sindicom.hr\/en\/wp-json\/wp\/v2\/types\/product"}],"wp:featuredmedia":[{"embeddable":true,"href":"https:\/\/sindicom.hr\/en\/wp-json\/wp\/v2\/media\/28453"}],"wp:attachment":[{"href":"https:\/\/sindicom.hr\/en\/wp-json\/wp\/v2\/media?parent=13507"}],"wp:term":[{"taxonomy":"product_brand","embeddable":true,"href":"https:\/\/sindicom.hr\/en\/wp-json\/wp\/v2\/product_brand?post=13507"},{"taxonomy":"product_cat","embeddable":true,"href":"https:\/\/sindicom.hr\/en\/wp-json\/wp\/v2\/product_cat?post=13507"},{"taxonomy":"product_tag","embeddable":true,"href":"https:\/\/sindicom.hr\/en\/wp-json\/wp\/v2\/product_tag?post=13507"}],"curies":[{"name":"wp","href":"https:\/\/api.w.org\/{rel}","templated":true}]}}