{"id":13564,"date":"2020-05-11T08:23:23","date_gmt":"2020-05-11T08:23:23","guid":{"rendered":"https:\/\/sindicom.hr\/katalog\/set-ebs-prikolicnog-ventila-knorr-may\/"},"modified":"2025-10-27T11:42:33","modified_gmt":"2025-10-27T11:42:33","slug":"set-ebs-prikolicnog-ventila-knorr-may","status":"publish","type":"product","link":"https:\/\/sindicom.hr\/en\/katalog\/set-ebs-prikolicnog-ventila-knorr-may\/","title":{"rendered":"SET EBS PRIKOLI\u010cNOG VENTILA MERCEDES ATEGO KNORR BREMSE ZAMJ."},"content":{"rendered":"<p>2490-C MAY  ETC1A KNORR  ETC1AK KNORR  0014310113 MERCEDES  A0014310113 MERCEDES  A 001 431 01 13 MERCEDES  0004319113 MERCEDES  A0004319113 MERCEDES  A 000 431 91 13 MERCEDES  Repair kit  Spares Kit  Reparatieset  Reparatursatz  Reparationssat  Kit di riparazione  Kit de r\u00e9paration  Kit de reparaci\u00f3n  Zestaw naprawczy  EBS Trailer Control Module Repair kit  Reparatursatz f\u00fcr EBS-Anh\u00e4ngersteuermodul  Kit di riparazione del modulo di controllo del rimorchio EBS<\/p>\n","protected":false},"excerpt":{"rendered":"<p><img decoding=\"async\" class=\"alignnone size-medium wp-image-17708\" src=\"https:\/\/sindicom.hr\/wp-content\/uploads\/2020\/05\/may-300x300.png\" alt=\"\" width=\"300\" height=\"300\" srcset=\"https:\/\/sindicom.hr\/wp-content\/uploads\/2020\/05\/may-64x64.png 64w, https:\/\/sindicom.hr\/wp-content\/uploads\/2020\/05\/may-66x66.png 66w, https:\/\/sindicom.hr\/wp-content\/uploads\/2020\/05\/may-100x100.png 100w, https:\/\/sindicom.hr\/wp-content\/uploads\/2020\/05\/may-150x150.png 150w, https:\/\/sindicom.hr\/wp-content\/uploads\/2020\/05\/may-200x200.png 200w, https:\/\/sindicom.hr\/wp-content\/uploads\/2020\/05\/may.png 300w\" sizes=\"(max-width: 300px) 100vw, 300px\" \/><\/p>\n","protected":false},"featured_media":28751,"template":"","meta":{"inline_featured_image":false},"product_brand":[],"product_cat":[15,113,120,107],"product_tag":[],"class_list":{"0":"post-13564","1":"product","2":"type-product","3":"status-publish","4":"has-post-thumbnail","6":"product_cat-all-products","7":"product_cat-mercedes-teretna-vozila","8":"product_cat-reparaturni-setovi","9":"product_cat-teretna-vozila","11":"first","12":"instock","13":"shipping-taxable","14":"purchasable","15":"product-type-simple"},"yoast_head":"<!-- This site is optimized with the Yoast SEO plugin v26.2 - https:\/\/yoast.com\/wordpress\/plugins\/seo\/ -->\n<title>SET EBS PRIKOLI\u010cNOG VENTILA MERCEDES ATEGO KNORR BREMSE ZAMJ. - Sindicom<\/title>\n<meta name=\"robots\" content=\"index, follow, max-snippet:-1, max-image-preview:large, max-video-preview:-1\" \/>\n<link rel=\"canonical\" href=\"https:\/\/sindicom.hr\/en\/katalog\/set-ebs-prikolicnog-ventila-knorr-may\/\" \/>\n<meta property=\"og:locale\" content=\"en_US\" \/>\n<meta property=\"og:type\" content=\"article\" \/>\n<meta property=\"og:title\" content=\"SET EBS PRIKOLI\u010cNOG VENTILA MERCEDES ATEGO KNORR BREMSE ZAMJ. - Sindicom\" \/>\n<meta property=\"og:url\" content=\"https:\/\/sindicom.hr\/en\/katalog\/set-ebs-prikolicnog-ventila-knorr-may\/\" \/>\n<meta property=\"og:site_name\" content=\"Sindicom\" \/>\n<meta property=\"article:publisher\" content=\"https:\/\/www.facebook.com\/Sindicom-doo-170277286366043\/\" \/>\n<meta property=\"article:modified_time\" content=\"2025-10-27T11:42:33+00:00\" \/>\n<meta property=\"og:image\" content=\"https:\/\/sindicom.hr\/wp-content\/uploads\/2020\/05\/2490-C.png\" \/>\n\t<meta property=\"og:image:width\" content=\"600\" \/>\n\t<meta property=\"og:image:height\" content=\"600\" \/>\n\t<meta property=\"og:image:type\" content=\"image\/png\" \/>\n<meta name=\"twitter:card\" content=\"summary_large_image\" \/>\n<meta name=\"twitter:label1\" content=\"Est. reading time\" \/>\n\t<meta name=\"twitter:data1\" content=\"1 minute\" \/>\n<script type=\"application\/ld+json\" class=\"yoast-schema-graph\">{\"@context\":\"https:\/\/schema.org\",\"@graph\":[{\"@type\":\"WebPage\",\"@id\":\"https:\/\/sindicom.hr\/en\/katalog\/set-ebs-prikolicnog-ventila-knorr-may\/\",\"url\":\"https:\/\/sindicom.hr\/en\/katalog\/set-ebs-prikolicnog-ventila-knorr-may\/\",\"name\":\"SET EBS PRIKOLI\u010cNOG VENTILA MERCEDES ATEGO KNORR BREMSE ZAMJ. - Sindicom\",\"isPartOf\":{\"@id\":\"https:\/\/sindicom.hr\/en\/#website\"},\"primaryImageOfPage\":{\"@id\":\"https:\/\/sindicom.hr\/en\/katalog\/set-ebs-prikolicnog-ventila-knorr-may\/#primaryimage\"},\"image\":{\"@id\":\"https:\/\/sindicom.hr\/en\/katalog\/set-ebs-prikolicnog-ventila-knorr-may\/#primaryimage\"},\"thumbnailUrl\":\"https:\/\/sindicom.hr\/wp-content\/uploads\/2020\/05\/2490-C.png\",\"datePublished\":\"2020-05-11T08:23:23+00:00\",\"dateModified\":\"2025-10-27T11:42:33+00:00\",\"breadcrumb\":{\"@id\":\"https:\/\/sindicom.hr\/en\/katalog\/set-ebs-prikolicnog-ventila-knorr-may\/#breadcrumb\"},\"inLanguage\":\"en-US\",\"potentialAction\":[{\"@type\":\"ReadAction\",\"target\":[\"https:\/\/sindicom.hr\/en\/katalog\/set-ebs-prikolicnog-ventila-knorr-may\/\"]}]},{\"@type\":\"ImageObject\",\"inLanguage\":\"en-US\",\"@id\":\"https:\/\/sindicom.hr\/en\/katalog\/set-ebs-prikolicnog-ventila-knorr-may\/#primaryimage\",\"url\":\"https:\/\/sindicom.hr\/wp-content\/uploads\/2020\/05\/2490-C.png\",\"contentUrl\":\"https:\/\/sindicom.hr\/wp-content\/uploads\/2020\/05\/2490-C.png\",\"width\":600,\"height\":600},{\"@type\":\"BreadcrumbList\",\"@id\":\"https:\/\/sindicom.hr\/en\/katalog\/set-ebs-prikolicnog-ventila-knorr-may\/#breadcrumb\",\"itemListElement\":[{\"@type\":\"ListItem\",\"position\":1,\"name\":\"Po\u010detna stranica\",\"item\":\"https:\/\/sindicom.hr\/en\/\"},{\"@type\":\"ListItem\",\"position\":2,\"name\":\"Katalog dijelova\",\"item\":\"https:\/\/sindicom.hr\/en\/catalog\/\"},{\"@type\":\"ListItem\",\"position\":3,\"name\":\"SET EBS PRIKOLI\u010cNOG VENTILA MERCEDES ATEGO KNORR BREMSE ZAMJ.\"}]},{\"@type\":\"WebSite\",\"@id\":\"https:\/\/sindicom.hr\/en\/#website\",\"url\":\"https:\/\/sindicom.hr\/en\/\",\"name\":\"SINDICOM\",\"description\":\"Trade and repair of pneumatic brakes, air and hydraulic systems for trucks and buses\",\"publisher\":{\"@id\":\"https:\/\/sindicom.hr\/en\/#organization\"},\"potentialAction\":[{\"@type\":\"SearchAction\",\"target\":{\"@type\":\"EntryPoint\",\"urlTemplate\":\"https:\/\/sindicom.hr\/en\/?s={search_term_string}\"},\"query-input\":{\"@type\":\"PropertyValueSpecification\",\"valueRequired\":true,\"valueName\":\"search_term_string\"}}],\"inLanguage\":\"en-US\"},{\"@type\":\"Organization\",\"@id\":\"https:\/\/sindicom.hr\/en\/#organization\",\"name\":\"SINDICOM d.o.o.\",\"url\":\"https:\/\/sindicom.hr\/en\/\",\"logo\":{\"@type\":\"ImageObject\",\"inLanguage\":\"en-US\",\"@id\":\"https:\/\/sindicom.hr\/en\/#\/schema\/logo\/image\/\",\"url\":\"https:\/\/sindicom.hr\/wp-content\/uploads\/2019\/11\/sindicom_logo_veliki1.jpg.png\",\"contentUrl\":\"https:\/\/sindicom.hr\/wp-content\/uploads\/2019\/11\/sindicom_logo_veliki1.jpg.png\",\"width\":732,\"height\":706,\"caption\":\"SINDICOM d.o.o.\"},\"image\":{\"@id\":\"https:\/\/sindicom.hr\/en\/#\/schema\/logo\/image\/\"},\"sameAs\":[\"https:\/\/www.facebook.com\/Sindicom-doo-170277286366043\/\",\"https:\/\/instagram.com\/sindicomdoo\"]}]}<\/script>\n<!-- \/ Yoast SEO plugin. -->","yoast_head_json":{"title":"SET EBS PRIKOLI\u010cNOG VENTILA MERCEDES ATEGO KNORR BREMSE ZAMJ. - Sindicom","robots":{"index":"index","follow":"follow","max-snippet":"max-snippet:-1","max-image-preview":"max-image-preview:large","max-video-preview":"max-video-preview:-1"},"canonical":"https:\/\/sindicom.hr\/en\/katalog\/set-ebs-prikolicnog-ventila-knorr-may\/","og_locale":"en_US","og_type":"article","og_title":"SET EBS PRIKOLI\u010cNOG VENTILA MERCEDES ATEGO KNORR BREMSE ZAMJ. - Sindicom","og_url":"https:\/\/sindicom.hr\/en\/katalog\/set-ebs-prikolicnog-ventila-knorr-may\/","og_site_name":"Sindicom","article_publisher":"https:\/\/www.facebook.com\/Sindicom-doo-170277286366043\/","article_modified_time":"2025-10-27T11:42:33+00:00","og_image":[{"width":600,"height":600,"url":"https:\/\/sindicom.hr\/wp-content\/uploads\/2020\/05\/2490-C.png","type":"image\/png"}],"twitter_card":"summary_large_image","twitter_misc":{"Est. reading time":"1 minute"},"schema":{"@context":"https:\/\/schema.org","@graph":[{"@type":"WebPage","@id":"https:\/\/sindicom.hr\/en\/katalog\/set-ebs-prikolicnog-ventila-knorr-may\/","url":"https:\/\/sindicom.hr\/en\/katalog\/set-ebs-prikolicnog-ventila-knorr-may\/","name":"SET EBS PRIKOLI\u010cNOG VENTILA MERCEDES ATEGO KNORR BREMSE ZAMJ. - Sindicom","isPartOf":{"@id":"https:\/\/sindicom.hr\/en\/#website"},"primaryImageOfPage":{"@id":"https:\/\/sindicom.hr\/en\/katalog\/set-ebs-prikolicnog-ventila-knorr-may\/#primaryimage"},"image":{"@id":"https:\/\/sindicom.hr\/en\/katalog\/set-ebs-prikolicnog-ventila-knorr-may\/#primaryimage"},"thumbnailUrl":"https:\/\/sindicom.hr\/wp-content\/uploads\/2020\/05\/2490-C.png","datePublished":"2020-05-11T08:23:23+00:00","dateModified":"2025-10-27T11:42:33+00:00","breadcrumb":{"@id":"https:\/\/sindicom.hr\/en\/katalog\/set-ebs-prikolicnog-ventila-knorr-may\/#breadcrumb"},"inLanguage":"en-US","potentialAction":[{"@type":"ReadAction","target":["https:\/\/sindicom.hr\/en\/katalog\/set-ebs-prikolicnog-ventila-knorr-may\/"]}]},{"@type":"ImageObject","inLanguage":"en-US","@id":"https:\/\/sindicom.hr\/en\/katalog\/set-ebs-prikolicnog-ventila-knorr-may\/#primaryimage","url":"https:\/\/sindicom.hr\/wp-content\/uploads\/2020\/05\/2490-C.png","contentUrl":"https:\/\/sindicom.hr\/wp-content\/uploads\/2020\/05\/2490-C.png","width":600,"height":600},{"@type":"BreadcrumbList","@id":"https:\/\/sindicom.hr\/en\/katalog\/set-ebs-prikolicnog-ventila-knorr-may\/#breadcrumb","itemListElement":[{"@type":"ListItem","position":1,"name":"Po\u010detna stranica","item":"https:\/\/sindicom.hr\/en\/"},{"@type":"ListItem","position":2,"name":"Katalog dijelova","item":"https:\/\/sindicom.hr\/en\/catalog\/"},{"@type":"ListItem","position":3,"name":"SET EBS PRIKOLI\u010cNOG VENTILA MERCEDES ATEGO KNORR BREMSE ZAMJ."}]},{"@type":"WebSite","@id":"https:\/\/sindicom.hr\/en\/#website","url":"https:\/\/sindicom.hr\/en\/","name":"SINDICOM","description":"Trade and repair of pneumatic brakes, air and hydraulic systems for trucks and buses","publisher":{"@id":"https:\/\/sindicom.hr\/en\/#organization"},"potentialAction":[{"@type":"SearchAction","target":{"@type":"EntryPoint","urlTemplate":"https:\/\/sindicom.hr\/en\/?s={search_term_string}"},"query-input":{"@type":"PropertyValueSpecification","valueRequired":true,"valueName":"search_term_string"}}],"inLanguage":"en-US"},{"@type":"Organization","@id":"https:\/\/sindicom.hr\/en\/#organization","name":"SINDICOM d.o.o.","url":"https:\/\/sindicom.hr\/en\/","logo":{"@type":"ImageObject","inLanguage":"en-US","@id":"https:\/\/sindicom.hr\/en\/#\/schema\/logo\/image\/","url":"https:\/\/sindicom.hr\/wp-content\/uploads\/2019\/11\/sindicom_logo_veliki1.jpg.png","contentUrl":"https:\/\/sindicom.hr\/wp-content\/uploads\/2019\/11\/sindicom_logo_veliki1.jpg.png","width":732,"height":706,"caption":"SINDICOM d.o.o."},"image":{"@id":"https:\/\/sindicom.hr\/en\/#\/schema\/logo\/image\/"},"sameAs":["https:\/\/www.facebook.com\/Sindicom-doo-170277286366043\/","https:\/\/instagram.com\/sindicomdoo"]}]}},"_links":{"self":[{"href":"https:\/\/sindicom.hr\/en\/wp-json\/wp\/v2\/product\/13564","targetHints":{"allow":["GET"]}}],"collection":[{"href":"https:\/\/sindicom.hr\/en\/wp-json\/wp\/v2\/product"}],"about":[{"href":"https:\/\/sindicom.hr\/en\/wp-json\/wp\/v2\/types\/product"}],"wp:featuredmedia":[{"embeddable":true,"href":"https:\/\/sindicom.hr\/en\/wp-json\/wp\/v2\/media\/28751"}],"wp:attachment":[{"href":"https:\/\/sindicom.hr\/en\/wp-json\/wp\/v2\/media?parent=13564"}],"wp:term":[{"taxonomy":"product_brand","embeddable":true,"href":"https:\/\/sindicom.hr\/en\/wp-json\/wp\/v2\/product_brand?post=13564"},{"taxonomy":"product_cat","embeddable":true,"href":"https:\/\/sindicom.hr\/en\/wp-json\/wp\/v2\/product_cat?post=13564"},{"taxonomy":"product_tag","embeddable":true,"href":"https:\/\/sindicom.hr\/en\/wp-json\/wp\/v2\/product_tag?post=13564"}],"curies":[{"name":"wp","href":"https:\/\/api.w.org\/{rel}","templated":true}]}}