{"id":13567,"date":"2020-05-11T08:23:25","date_gmt":"2020-05-11T08:23:25","guid":{"rendered":"https:\/\/sindicom.hr\/katalog\/guraci-kocione-celjusti-knorr-may-2\/"},"modified":"2025-10-27T11:42:37","modified_gmt":"2025-10-27T11:42:37","slug":"guraci-kocione-celjusti-knorr-may-2","status":"publish","type":"product","link":"https:\/\/sindicom.hr\/en\/katalog\/guraci-kocione-celjusti-knorr-may-2\/","title":{"rendered":"GURA\u010cI KO\u010cIONE \u010cELJUSTI KNORR ZAMJ."},"content":{"rendered":"<p>6001-07 MAY  3031 ALCAN  6001-01 MAY  K010604 KNORR  K000944 KNORR  K010606 KNORR  II370760065 KNORR  1623221 DAF  1743421 SCANIA  1746824 SCANIA  1756389 SCANIA  1759811 SCANIA  1723414 SCANIA  1448913 SCANIA  2121859 SCANIA  017264 SCHMITZ  3434380400 SAF  3.434.3804.00 SAF  81508226032 MAN  81508226007 MAN  81508226022 MAN  81.50822-6032 MAN  81.50822-6007 MAN  81.50822-6022 MAN  11031121 VAN HOOL  0820352198 SOLARIS  0820.352.198 SOLARIS  0821357000 SOLARIS  0821.357.000 SOLARIS  0870052000 SOLARIS  0870.052.000 SOLARIS  0870213897 SOLARIS  0870.213.897 SOLARIS  0870215060 SOLARIS  0870.215.060 SOLARIS  45260 SCHWARZMULLER  0004203982 MERCEDES  0004204882 MERCEDES  0004200682 MERCEDES  A0004203982 MERCEDES  A0004204882 MERCEDES  A0004200682 MERCEDES  A 000 420 39 82 MERCEDES  A 000 420 48 82 MERCEDES  A 000 420 06 82 MERCEDES  13333 TTT  9201.002.5 5M  Brake Caliper repair kit  Bremssattel Reparatursatz  Kit di riparazione della pinza del freno<\/p>\n","protected":false},"excerpt":{"rendered":"<p>6001-07 MAY 3031 ALCAN 6001-01 MAY K010604 KNORR K000944 KNORR  [&#8230;]<\/p>\n","protected":false},"featured_media":0,"template":"","meta":{"inline_featured_image":false},"product_brand":[],"product_cat":[140],"product_tag":[],"class_list":{"0":"post-13567","1":"product","2":"type-product","3":"status-publish","5":"product_cat-radni-strojevi","7":"first","8":"instock","9":"shipping-taxable","10":"purchasable","11":"product-type-simple"},"yoast_head":"<!-- This site is optimized with the Yoast SEO plugin v26.2 - https:\/\/yoast.com\/wordpress\/plugins\/seo\/ -->\n<title>GURA\u010cI KO\u010cIONE \u010cELJUSTI KNORR ZAMJ. - Sindicom<\/title>\n<meta name=\"robots\" content=\"index, follow, max-snippet:-1, max-image-preview:large, max-video-preview:-1\" \/>\n<link rel=\"canonical\" href=\"https:\/\/sindicom.hr\/en\/katalog\/guraci-kocione-celjusti-knorr-may-2\/\" \/>\n<meta property=\"og:locale\" content=\"en_US\" \/>\n<meta property=\"og:type\" content=\"article\" \/>\n<meta property=\"og:title\" content=\"GURA\u010cI KO\u010cIONE \u010cELJUSTI KNORR ZAMJ. - Sindicom\" \/>\n<meta property=\"og:description\" content=\"6001-07 MAY 3031 ALCAN 6001-01 MAY K010604 KNORR K000944 KNORR [...]\" \/>\n<meta property=\"og:url\" content=\"https:\/\/sindicom.hr\/en\/katalog\/guraci-kocione-celjusti-knorr-may-2\/\" \/>\n<meta property=\"og:site_name\" content=\"Sindicom\" \/>\n<meta property=\"article:publisher\" content=\"https:\/\/www.facebook.com\/Sindicom-doo-170277286366043\/\" \/>\n<meta property=\"article:modified_time\" content=\"2025-10-27T11:42:37+00:00\" \/>\n<meta name=\"twitter:card\" content=\"summary_large_image\" \/>\n<script type=\"application\/ld+json\" class=\"yoast-schema-graph\">{\"@context\":\"https:\/\/schema.org\",\"@graph\":[{\"@type\":\"WebPage\",\"@id\":\"https:\/\/sindicom.hr\/en\/katalog\/guraci-kocione-celjusti-knorr-may-2\/\",\"url\":\"https:\/\/sindicom.hr\/en\/katalog\/guraci-kocione-celjusti-knorr-may-2\/\",\"name\":\"GURA\u010cI KO\u010cIONE \u010cELJUSTI KNORR ZAMJ. - Sindicom\",\"isPartOf\":{\"@id\":\"https:\/\/sindicom.hr\/en\/#website\"},\"datePublished\":\"2020-05-11T08:23:25+00:00\",\"dateModified\":\"2025-10-27T11:42:37+00:00\",\"breadcrumb\":{\"@id\":\"https:\/\/sindicom.hr\/en\/katalog\/guraci-kocione-celjusti-knorr-may-2\/#breadcrumb\"},\"inLanguage\":\"en-US\",\"potentialAction\":[{\"@type\":\"ReadAction\",\"target\":[\"https:\/\/sindicom.hr\/en\/katalog\/guraci-kocione-celjusti-knorr-may-2\/\"]}]},{\"@type\":\"BreadcrumbList\",\"@id\":\"https:\/\/sindicom.hr\/en\/katalog\/guraci-kocione-celjusti-knorr-may-2\/#breadcrumb\",\"itemListElement\":[{\"@type\":\"ListItem\",\"position\":1,\"name\":\"Po\u010detna stranica\",\"item\":\"https:\/\/sindicom.hr\/en\/\"},{\"@type\":\"ListItem\",\"position\":2,\"name\":\"Katalog dijelova\",\"item\":\"https:\/\/sindicom.hr\/en\/catalog\/\"},{\"@type\":\"ListItem\",\"position\":3,\"name\":\"GURA\u010cI KO\u010cIONE \u010cELJUSTI KNORR MAY\"}]},{\"@type\":\"WebSite\",\"@id\":\"https:\/\/sindicom.hr\/en\/#website\",\"url\":\"https:\/\/sindicom.hr\/en\/\",\"name\":\"SINDICOM\",\"description\":\"Trade and repair of pneumatic brakes, air and hydraulic systems for trucks and buses\",\"publisher\":{\"@id\":\"https:\/\/sindicom.hr\/en\/#organization\"},\"potentialAction\":[{\"@type\":\"SearchAction\",\"target\":{\"@type\":\"EntryPoint\",\"urlTemplate\":\"https:\/\/sindicom.hr\/en\/?s={search_term_string}\"},\"query-input\":{\"@type\":\"PropertyValueSpecification\",\"valueRequired\":true,\"valueName\":\"search_term_string\"}}],\"inLanguage\":\"en-US\"},{\"@type\":\"Organization\",\"@id\":\"https:\/\/sindicom.hr\/en\/#organization\",\"name\":\"SINDICOM d.o.o.\",\"url\":\"https:\/\/sindicom.hr\/en\/\",\"logo\":{\"@type\":\"ImageObject\",\"inLanguage\":\"en-US\",\"@id\":\"https:\/\/sindicom.hr\/en\/#\/schema\/logo\/image\/\",\"url\":\"https:\/\/sindicom.hr\/wp-content\/uploads\/2019\/11\/sindicom_logo_veliki1.jpg.png\",\"contentUrl\":\"https:\/\/sindicom.hr\/wp-content\/uploads\/2019\/11\/sindicom_logo_veliki1.jpg.png\",\"width\":732,\"height\":706,\"caption\":\"SINDICOM d.o.o.\"},\"image\":{\"@id\":\"https:\/\/sindicom.hr\/en\/#\/schema\/logo\/image\/\"},\"sameAs\":[\"https:\/\/www.facebook.com\/Sindicom-doo-170277286366043\/\",\"https:\/\/instagram.com\/sindicomdoo\"]}]}<\/script>\n<!-- \/ Yoast SEO plugin. -->","yoast_head_json":{"title":"GURA\u010cI KO\u010cIONE \u010cELJUSTI KNORR ZAMJ. - Sindicom","robots":{"index":"index","follow":"follow","max-snippet":"max-snippet:-1","max-image-preview":"max-image-preview:large","max-video-preview":"max-video-preview:-1"},"canonical":"https:\/\/sindicom.hr\/en\/katalog\/guraci-kocione-celjusti-knorr-may-2\/","og_locale":"en_US","og_type":"article","og_title":"GURA\u010cI KO\u010cIONE \u010cELJUSTI KNORR ZAMJ. - Sindicom","og_description":"6001-07 MAY 3031 ALCAN 6001-01 MAY K010604 KNORR K000944 KNORR [...]","og_url":"https:\/\/sindicom.hr\/en\/katalog\/guraci-kocione-celjusti-knorr-may-2\/","og_site_name":"Sindicom","article_publisher":"https:\/\/www.facebook.com\/Sindicom-doo-170277286366043\/","article_modified_time":"2025-10-27T11:42:37+00:00","twitter_card":"summary_large_image","schema":{"@context":"https:\/\/schema.org","@graph":[{"@type":"WebPage","@id":"https:\/\/sindicom.hr\/en\/katalog\/guraci-kocione-celjusti-knorr-may-2\/","url":"https:\/\/sindicom.hr\/en\/katalog\/guraci-kocione-celjusti-knorr-may-2\/","name":"GURA\u010cI KO\u010cIONE \u010cELJUSTI KNORR ZAMJ. - Sindicom","isPartOf":{"@id":"https:\/\/sindicom.hr\/en\/#website"},"datePublished":"2020-05-11T08:23:25+00:00","dateModified":"2025-10-27T11:42:37+00:00","breadcrumb":{"@id":"https:\/\/sindicom.hr\/en\/katalog\/guraci-kocione-celjusti-knorr-may-2\/#breadcrumb"},"inLanguage":"en-US","potentialAction":[{"@type":"ReadAction","target":["https:\/\/sindicom.hr\/en\/katalog\/guraci-kocione-celjusti-knorr-may-2\/"]}]},{"@type":"BreadcrumbList","@id":"https:\/\/sindicom.hr\/en\/katalog\/guraci-kocione-celjusti-knorr-may-2\/#breadcrumb","itemListElement":[{"@type":"ListItem","position":1,"name":"Po\u010detna stranica","item":"https:\/\/sindicom.hr\/en\/"},{"@type":"ListItem","position":2,"name":"Katalog dijelova","item":"https:\/\/sindicom.hr\/en\/catalog\/"},{"@type":"ListItem","position":3,"name":"GURA\u010cI KO\u010cIONE \u010cELJUSTI KNORR MAY"}]},{"@type":"WebSite","@id":"https:\/\/sindicom.hr\/en\/#website","url":"https:\/\/sindicom.hr\/en\/","name":"SINDICOM","description":"Trade and repair of pneumatic brakes, air and hydraulic systems for trucks and buses","publisher":{"@id":"https:\/\/sindicom.hr\/en\/#organization"},"potentialAction":[{"@type":"SearchAction","target":{"@type":"EntryPoint","urlTemplate":"https:\/\/sindicom.hr\/en\/?s={search_term_string}"},"query-input":{"@type":"PropertyValueSpecification","valueRequired":true,"valueName":"search_term_string"}}],"inLanguage":"en-US"},{"@type":"Organization","@id":"https:\/\/sindicom.hr\/en\/#organization","name":"SINDICOM d.o.o.","url":"https:\/\/sindicom.hr\/en\/","logo":{"@type":"ImageObject","inLanguage":"en-US","@id":"https:\/\/sindicom.hr\/en\/#\/schema\/logo\/image\/","url":"https:\/\/sindicom.hr\/wp-content\/uploads\/2019\/11\/sindicom_logo_veliki1.jpg.png","contentUrl":"https:\/\/sindicom.hr\/wp-content\/uploads\/2019\/11\/sindicom_logo_veliki1.jpg.png","width":732,"height":706,"caption":"SINDICOM d.o.o."},"image":{"@id":"https:\/\/sindicom.hr\/en\/#\/schema\/logo\/image\/"},"sameAs":["https:\/\/www.facebook.com\/Sindicom-doo-170277286366043\/","https:\/\/instagram.com\/sindicomdoo"]}]}},"_links":{"self":[{"href":"https:\/\/sindicom.hr\/en\/wp-json\/wp\/v2\/product\/13567","targetHints":{"allow":["GET"]}}],"collection":[{"href":"https:\/\/sindicom.hr\/en\/wp-json\/wp\/v2\/product"}],"about":[{"href":"https:\/\/sindicom.hr\/en\/wp-json\/wp\/v2\/types\/product"}],"wp:attachment":[{"href":"https:\/\/sindicom.hr\/en\/wp-json\/wp\/v2\/media?parent=13567"}],"wp:term":[{"taxonomy":"product_brand","embeddable":true,"href":"https:\/\/sindicom.hr\/en\/wp-json\/wp\/v2\/product_brand?post=13567"},{"taxonomy":"product_cat","embeddable":true,"href":"https:\/\/sindicom.hr\/en\/wp-json\/wp\/v2\/product_cat?post=13567"},{"taxonomy":"product_tag","embeddable":true,"href":"https:\/\/sindicom.hr\/en\/wp-json\/wp\/v2\/product_tag?post=13567"}],"curies":[{"name":"wp","href":"https:\/\/api.w.org\/{rel}","templated":true}]}}