{"id":13576,"date":"2020-05-11T08:23:26","date_gmt":"2020-05-11T08:23:26","guid":{"rendered":"https:\/\/sindicom.hr\/katalog\/most-kocione-celjusti-knorr-may\/"},"modified":"2025-10-27T11:42:41","modified_gmt":"2025-10-27T11:42:41","slug":"most-kocione-celjusti-knorr-may","status":"publish","type":"product","link":"https:\/\/sindicom.hr\/en\/katalog\/most-kocione-celjusti-knorr-may\/","title":{"rendered":"KO\u010cIONA \u010cELJUST DESNA BEZ NOSA\u010cA ST7 DV SAF KNORR BREMSE REP. KAUCIJA"},"content":{"rendered":"<p>K097530K50 KNORR  ST7002 KNORR  ST7001 KNORR  ST7003 KNORR  ST7003RC KNORR  SBS2220 KNORR  K069395 KNORR  K097530K62 KNORR  K090766 KNORR  K090766N64 KNORR  95621 HALDEX  95621C HALDEX  DBT22LT HALDEX  550017645 KRONE  550017648 KRONE  719001005 GIGANT  719001011 GIGANT  719001025 GIGANT  0719001023 GIGANT  5400102600 SAF  5400.1026.00 SAF  3080009850 SAF  3080.0098.50 SAF  03080008201 SAF  3080008200 SAF  3080008201 SAF  3080008800 SAF  3080008820 SAF  3080008850 SAF  3080008201 SAF  03080008800 SAF  03080008820 SAF  03080008850 SAF  03080008201 SAF  03.080.0088.00 SAF  03.080.0088.20 SAF  03.080.0088.50 SAF  03.080.0082.01 SAF  03 080 0088 00 SAF  03 080 0088 20 SAF  03 080 0088 50 SAF  03 080 0082 01 SAF  1227593 SCHMITZ  1214885 SCHMITZ  1227596 SCHMITZ  JAE0250410183 JOST  JAS0210410201 JOST  Air Disc Brake caliper  Luftscheibenbremse Bremssattel  Pinza del freno a disco pneumatico  \u00c9trier de frein a disque pneumatique  Pinza de freno de disco de aire<\/p>\n","protected":false},"excerpt":{"rendered":"<p>K097530K50 KNORR ST7002 KNORR ST7001 KNORR ST7003 KNORR ST7003RC KNORR  [&#8230;]<\/p>\n","protected":false},"featured_media":0,"template":"","meta":{"inline_featured_image":false},"product_brand":[],"product_cat":[140],"product_tag":[],"class_list":{"0":"post-13576","1":"product","2":"type-product","3":"status-publish","5":"product_cat-radni-strojevi","7":"first","8":"instock","9":"shipping-taxable","10":"purchasable","11":"product-type-simple"},"yoast_head":"<!-- This site is optimized with the Yoast SEO plugin v26.2 - https:\/\/yoast.com\/wordpress\/plugins\/seo\/ -->\n<title>KO\u010cIONA \u010cELJUST DESNA BEZ NOSA\u010cA ST7 DV SAF KNORR BREMSE REP. KAUCIJA - Sindicom<\/title>\n<meta name=\"robots\" content=\"index, follow, max-snippet:-1, max-image-preview:large, max-video-preview:-1\" \/>\n<link rel=\"canonical\" href=\"https:\/\/sindicom.hr\/en\/katalog\/most-kocione-celjusti-knorr-may\/\" \/>\n<meta property=\"og:locale\" content=\"en_US\" \/>\n<meta property=\"og:type\" content=\"article\" \/>\n<meta property=\"og:title\" content=\"KO\u010cIONA \u010cELJUST DESNA BEZ NOSA\u010cA ST7 DV SAF KNORR BREMSE REP. KAUCIJA - Sindicom\" \/>\n<meta property=\"og:description\" content=\"K097530K50 KNORR ST7002 KNORR ST7001 KNORR ST7003 KNORR ST7003RC KNORR [...]\" \/>\n<meta property=\"og:url\" content=\"https:\/\/sindicom.hr\/en\/katalog\/most-kocione-celjusti-knorr-may\/\" \/>\n<meta property=\"og:site_name\" content=\"Sindicom\" \/>\n<meta property=\"article:publisher\" content=\"https:\/\/www.facebook.com\/Sindicom-doo-170277286366043\/\" \/>\n<meta property=\"article:modified_time\" content=\"2025-10-27T11:42:41+00:00\" \/>\n<meta name=\"twitter:card\" content=\"summary_large_image\" \/>\n<script type=\"application\/ld+json\" class=\"yoast-schema-graph\">{\"@context\":\"https:\/\/schema.org\",\"@graph\":[{\"@type\":\"WebPage\",\"@id\":\"https:\/\/sindicom.hr\/en\/katalog\/most-kocione-celjusti-knorr-may\/\",\"url\":\"https:\/\/sindicom.hr\/en\/katalog\/most-kocione-celjusti-knorr-may\/\",\"name\":\"KO\u010cIONA \u010cELJUST DESNA BEZ NOSA\u010cA ST7 DV SAF KNORR BREMSE REP. KAUCIJA - Sindicom\",\"isPartOf\":{\"@id\":\"https:\/\/sindicom.hr\/en\/#website\"},\"datePublished\":\"2020-05-11T08:23:26+00:00\",\"dateModified\":\"2025-10-27T11:42:41+00:00\",\"breadcrumb\":{\"@id\":\"https:\/\/sindicom.hr\/en\/katalog\/most-kocione-celjusti-knorr-may\/#breadcrumb\"},\"inLanguage\":\"en-US\",\"potentialAction\":[{\"@type\":\"ReadAction\",\"target\":[\"https:\/\/sindicom.hr\/en\/katalog\/most-kocione-celjusti-knorr-may\/\"]}]},{\"@type\":\"BreadcrumbList\",\"@id\":\"https:\/\/sindicom.hr\/en\/katalog\/most-kocione-celjusti-knorr-may\/#breadcrumb\",\"itemListElement\":[{\"@type\":\"ListItem\",\"position\":1,\"name\":\"Po\u010detna stranica\",\"item\":\"https:\/\/sindicom.hr\/en\/\"},{\"@type\":\"ListItem\",\"position\":2,\"name\":\"Katalog dijelova\",\"item\":\"https:\/\/sindicom.hr\/en\/catalog\/\"},{\"@type\":\"ListItem\",\"position\":3,\"name\":\"KO\u010cIONA \u010cELJUST DESNA BEZ NOSA\u010cA ST7 DV SAF KNORR BREMSE REP. KAUCIJA\"}]},{\"@type\":\"WebSite\",\"@id\":\"https:\/\/sindicom.hr\/en\/#website\",\"url\":\"https:\/\/sindicom.hr\/en\/\",\"name\":\"SINDICOM\",\"description\":\"Trade and repair of pneumatic brakes, air and hydraulic systems for trucks and buses\",\"publisher\":{\"@id\":\"https:\/\/sindicom.hr\/en\/#organization\"},\"potentialAction\":[{\"@type\":\"SearchAction\",\"target\":{\"@type\":\"EntryPoint\",\"urlTemplate\":\"https:\/\/sindicom.hr\/en\/?s={search_term_string}\"},\"query-input\":{\"@type\":\"PropertyValueSpecification\",\"valueRequired\":true,\"valueName\":\"search_term_string\"}}],\"inLanguage\":\"en-US\"},{\"@type\":\"Organization\",\"@id\":\"https:\/\/sindicom.hr\/en\/#organization\",\"name\":\"SINDICOM d.o.o.\",\"url\":\"https:\/\/sindicom.hr\/en\/\",\"logo\":{\"@type\":\"ImageObject\",\"inLanguage\":\"en-US\",\"@id\":\"https:\/\/sindicom.hr\/en\/#\/schema\/logo\/image\/\",\"url\":\"https:\/\/sindicom.hr\/wp-content\/uploads\/2019\/11\/sindicom_logo_veliki1.jpg.png\",\"contentUrl\":\"https:\/\/sindicom.hr\/wp-content\/uploads\/2019\/11\/sindicom_logo_veliki1.jpg.png\",\"width\":732,\"height\":706,\"caption\":\"SINDICOM d.o.o.\"},\"image\":{\"@id\":\"https:\/\/sindicom.hr\/en\/#\/schema\/logo\/image\/\"},\"sameAs\":[\"https:\/\/www.facebook.com\/Sindicom-doo-170277286366043\/\",\"https:\/\/instagram.com\/sindicomdoo\"]}]}<\/script>\n<!-- \/ Yoast SEO plugin. -->","yoast_head_json":{"title":"KO\u010cIONA \u010cELJUST DESNA BEZ NOSA\u010cA ST7 DV SAF KNORR BREMSE REP. KAUCIJA - Sindicom","robots":{"index":"index","follow":"follow","max-snippet":"max-snippet:-1","max-image-preview":"max-image-preview:large","max-video-preview":"max-video-preview:-1"},"canonical":"https:\/\/sindicom.hr\/en\/katalog\/most-kocione-celjusti-knorr-may\/","og_locale":"en_US","og_type":"article","og_title":"KO\u010cIONA \u010cELJUST DESNA BEZ NOSA\u010cA ST7 DV SAF KNORR BREMSE REP. KAUCIJA - Sindicom","og_description":"K097530K50 KNORR ST7002 KNORR ST7001 KNORR ST7003 KNORR ST7003RC KNORR [...]","og_url":"https:\/\/sindicom.hr\/en\/katalog\/most-kocione-celjusti-knorr-may\/","og_site_name":"Sindicom","article_publisher":"https:\/\/www.facebook.com\/Sindicom-doo-170277286366043\/","article_modified_time":"2025-10-27T11:42:41+00:00","twitter_card":"summary_large_image","schema":{"@context":"https:\/\/schema.org","@graph":[{"@type":"WebPage","@id":"https:\/\/sindicom.hr\/en\/katalog\/most-kocione-celjusti-knorr-may\/","url":"https:\/\/sindicom.hr\/en\/katalog\/most-kocione-celjusti-knorr-may\/","name":"KO\u010cIONA \u010cELJUST DESNA BEZ NOSA\u010cA ST7 DV SAF KNORR BREMSE REP. KAUCIJA - Sindicom","isPartOf":{"@id":"https:\/\/sindicom.hr\/en\/#website"},"datePublished":"2020-05-11T08:23:26+00:00","dateModified":"2025-10-27T11:42:41+00:00","breadcrumb":{"@id":"https:\/\/sindicom.hr\/en\/katalog\/most-kocione-celjusti-knorr-may\/#breadcrumb"},"inLanguage":"en-US","potentialAction":[{"@type":"ReadAction","target":["https:\/\/sindicom.hr\/en\/katalog\/most-kocione-celjusti-knorr-may\/"]}]},{"@type":"BreadcrumbList","@id":"https:\/\/sindicom.hr\/en\/katalog\/most-kocione-celjusti-knorr-may\/#breadcrumb","itemListElement":[{"@type":"ListItem","position":1,"name":"Po\u010detna stranica","item":"https:\/\/sindicom.hr\/en\/"},{"@type":"ListItem","position":2,"name":"Katalog dijelova","item":"https:\/\/sindicom.hr\/en\/catalog\/"},{"@type":"ListItem","position":3,"name":"KO\u010cIONA \u010cELJUST DESNA BEZ NOSA\u010cA ST7 DV SAF KNORR BREMSE REP. KAUCIJA"}]},{"@type":"WebSite","@id":"https:\/\/sindicom.hr\/en\/#website","url":"https:\/\/sindicom.hr\/en\/","name":"SINDICOM","description":"Trade and repair of pneumatic brakes, air and hydraulic systems for trucks and buses","publisher":{"@id":"https:\/\/sindicom.hr\/en\/#organization"},"potentialAction":[{"@type":"SearchAction","target":{"@type":"EntryPoint","urlTemplate":"https:\/\/sindicom.hr\/en\/?s={search_term_string}"},"query-input":{"@type":"PropertyValueSpecification","valueRequired":true,"valueName":"search_term_string"}}],"inLanguage":"en-US"},{"@type":"Organization","@id":"https:\/\/sindicom.hr\/en\/#organization","name":"SINDICOM d.o.o.","url":"https:\/\/sindicom.hr\/en\/","logo":{"@type":"ImageObject","inLanguage":"en-US","@id":"https:\/\/sindicom.hr\/en\/#\/schema\/logo\/image\/","url":"https:\/\/sindicom.hr\/wp-content\/uploads\/2019\/11\/sindicom_logo_veliki1.jpg.png","contentUrl":"https:\/\/sindicom.hr\/wp-content\/uploads\/2019\/11\/sindicom_logo_veliki1.jpg.png","width":732,"height":706,"caption":"SINDICOM d.o.o."},"image":{"@id":"https:\/\/sindicom.hr\/en\/#\/schema\/logo\/image\/"},"sameAs":["https:\/\/www.facebook.com\/Sindicom-doo-170277286366043\/","https:\/\/instagram.com\/sindicomdoo"]}]}},"_links":{"self":[{"href":"https:\/\/sindicom.hr\/en\/wp-json\/wp\/v2\/product\/13576","targetHints":{"allow":["GET"]}}],"collection":[{"href":"https:\/\/sindicom.hr\/en\/wp-json\/wp\/v2\/product"}],"about":[{"href":"https:\/\/sindicom.hr\/en\/wp-json\/wp\/v2\/types\/product"}],"wp:attachment":[{"href":"https:\/\/sindicom.hr\/en\/wp-json\/wp\/v2\/media?parent=13576"}],"wp:term":[{"taxonomy":"product_brand","embeddable":true,"href":"https:\/\/sindicom.hr\/en\/wp-json\/wp\/v2\/product_brand?post=13576"},{"taxonomy":"product_cat","embeddable":true,"href":"https:\/\/sindicom.hr\/en\/wp-json\/wp\/v2\/product_cat?post=13576"},{"taxonomy":"product_tag","embeddable":true,"href":"https:\/\/sindicom.hr\/en\/wp-json\/wp\/v2\/product_tag?post=13576"}],"curies":[{"name":"wp","href":"https:\/\/api.w.org\/{rel}","templated":true}]}}