{"id":13719,"date":"2020-05-11T08:23:54","date_gmt":"2020-05-11T08:23:54","guid":{"rendered":"https:\/\/sindicom.hr\/katalog\/elektromagnetni-ventil-norgren-bus-org\/"},"modified":"2025-10-27T11:43:34","modified_gmt":"2025-10-27T11:43:34","slug":"elektromagnetni-ventil-norgren-bus-org","status":"publish","type":"product","link":"https:\/\/sindicom.hr\/en\/katalog\/elektromagnetni-ventil-norgren-bus-org\/","title":{"rendered":"ELEKTROMAGNETNI VENTIL 24V DC S KU\u010cI\u0160TEM MERCEDES TRAVEGO EVOBUS SETRA HERION NORGREN OE"},"content":{"rendered":"<p>1025424 NORGREN  1020333+1025424 NORGREN  1020333 NORGREN  1025424 NORGREN  9702601157 MERCEDES  A9702601157 MERCEDES  A 970 260 11 57 MERCEDES  0022605357 MERCEDES  A0022605357 MERCEDES  A 002 260 53 57 MERCEDES  0022605357 MERCEDES  A0022605357 MERCEDES  A 002 260 53 57 MERCEDES  9602601457 MERCEDES  A9602601457 MERCEDES  A 960 260 14 57 MERCEDES  0012605963 MERCEDES  A0012605963 MERCEDES  A 001 260 59 63 MERCEDES  A4052640389 EVOBUS  A0022605357 EVOBUS  A9452600057 EVOBUS  A9602601457 EVOBUS  1020295 HERION  1020295 NORGREN  B4373009 NORGREN  1020381 NORGREN  1025470 NORGREN  627494AM KONGSBERG  629139AM KONGSBERG  626583AM KONGSBERG  629138AM KONGSBERG  628456AM KONGSBERG  4052640389 MERCEDES  A4052640389 MERCEDES  A 405 264 03 89 MERCEDES  9452600057 MERCEDES  A9452600057 MERCEDES  A 945 260 00 57 MERCEDES  9452614057 MERCEDES  A9452614057 MERCEDES  A 945 261 40 57 MERCEDES  9605503255 MERCEDES  A9605503255 MERCEDES  A 960 550 32 55 MERCEDES  9605504355 MERCEDES  A9605504355 MERCEDES  A 960 550 43 55 MERCEDES  9605504855 MERCEDES  A9605504855 MERCEDES  A 960 550 48 55 MERCEDES  9605504655 MERCEDES  A9605504655 MERCEDES  A 960 550 46 55 MERCEDES  9702601157 MERCEDES  A9702601157 MERCEDES  A 970 260 11 57 MERCEDES  9452601957 MERCEDES  A9452601957 MERCEDES  A 945 260 19 57 MERCEDES  0012609163 MERCEDES  A0012609163 MERCEDES  A 001 260 91 63 MERCEDES  SETRA S409 S415 HD  Magnetventil  Electrovanne  M\u00e1gnesszelep  Solenoid Valve  Magneetventiel  V\u00e1lvula Solenoide  Valvola elettromagnetica  Zaw\u00f3r elektromagnetyczny  Solenoid Valve 24V DC Gearbox Housing<\/p>\n","protected":false},"excerpt":{"rendered":"<p><img decoding=\"async\" class=\"alignnone size-medium wp-image-17711\" src=\"https:\/\/sindicom.hr\/wp-content\/uploads\/2020\/05\/norgreen-300x300.png\" alt=\"\" width=\"300\" height=\"300\" srcset=\"https:\/\/sindicom.hr\/wp-content\/uploads\/2020\/05\/norgreen-64x64.png 64w, https:\/\/sindicom.hr\/wp-content\/uploads\/2020\/05\/norgreen-66x66.png 66w, https:\/\/sindicom.hr\/wp-content\/uploads\/2020\/05\/norgreen-100x100.png 100w, https:\/\/sindicom.hr\/wp-content\/uploads\/2020\/05\/norgreen-150x150.png 150w, https:\/\/sindicom.hr\/wp-content\/uploads\/2020\/05\/norgreen-200x200.png 200w, https:\/\/sindicom.hr\/wp-content\/uploads\/2020\/05\/norgreen.png 300w\" sizes=\"(max-width: 300px) 100vw, 300px\" \/><\/p>\n","protected":false},"featured_media":42511,"template":"","meta":{"inline_featured_image":false},"product_brand":[],"product_cat":[15,96,212,88,101,105,113,99,102,107,277,129,254,235],"product_tag":[],"class_list":{"0":"post-13719","1":"product","2":"type-product","3":"status-publish","4":"has-post-thumbnail","6":"product_cat-all-products","7":"product_cat-busevi","8":"product_cat-elektromagneti-electromagnets","9":"product_cat-elektromagnetni-ventili","10":"product_cat-evobus","11":"product_cat-mercedes","12":"product_cat-mercedes-teretna-vozila","13":"product_cat-setra","14":"product_cat-solaris","15":"product_cat-teretna-vozila","16":"product_cat-tourino","17":"product_cat-tourismo","18":"product_cat-travego","19":"product_cat-urbino","21":"first","22":"instock","23":"shipping-taxable","24":"purchasable","25":"product-type-simple"},"yoast_head":"<!-- This site is optimized with the Yoast SEO plugin v26.2 - https:\/\/yoast.com\/wordpress\/plugins\/seo\/ -->\n<title>ELEKTROMAGNETNI VENTIL 24V DC S KU\u010cI\u0160TEM MERCEDES TRAVEGO EVOBUS SETRA HERION NORGREN OE - Sindicom<\/title>\n<meta name=\"robots\" content=\"index, follow, max-snippet:-1, max-image-preview:large, max-video-preview:-1\" \/>\n<link rel=\"canonical\" href=\"https:\/\/sindicom.hr\/en\/katalog\/elektromagnetni-ventil-norgren-bus-org\/\" \/>\n<meta property=\"og:locale\" content=\"en_US\" \/>\n<meta property=\"og:type\" content=\"article\" \/>\n<meta property=\"og:title\" content=\"ELEKTROMAGNETNI VENTIL 24V DC S KU\u010cI\u0160TEM MERCEDES TRAVEGO EVOBUS SETRA HERION NORGREN OE - Sindicom\" \/>\n<meta property=\"og:url\" content=\"https:\/\/sindicom.hr\/en\/katalog\/elektromagnetni-ventil-norgren-bus-org\/\" \/>\n<meta property=\"og:site_name\" content=\"Sindicom\" \/>\n<meta property=\"article:publisher\" content=\"https:\/\/www.facebook.com\/Sindicom-doo-170277286366043\/\" \/>\n<meta property=\"article:modified_time\" content=\"2025-10-27T11:43:34+00:00\" \/>\n<meta property=\"og:image\" content=\"https:\/\/sindicom.hr\/wp-content\/uploads\/2020\/05\/1025424-NORGREN.webp\" \/>\n\t<meta property=\"og:image:width\" content=\"600\" \/>\n\t<meta property=\"og:image:height\" content=\"600\" \/>\n\t<meta property=\"og:image:type\" content=\"image\/webp\" \/>\n<meta name=\"twitter:card\" content=\"summary_large_image\" \/>\n<meta name=\"twitter:label1\" content=\"Est. reading time\" \/>\n\t<meta name=\"twitter:data1\" content=\"2 minutes\" \/>\n<script type=\"application\/ld+json\" class=\"yoast-schema-graph\">{\"@context\":\"https:\/\/schema.org\",\"@graph\":[{\"@type\":\"WebPage\",\"@id\":\"https:\/\/sindicom.hr\/en\/katalog\/elektromagnetni-ventil-norgren-bus-org\/\",\"url\":\"https:\/\/sindicom.hr\/en\/katalog\/elektromagnetni-ventil-norgren-bus-org\/\",\"name\":\"ELEKTROMAGNETNI VENTIL 24V DC S KU\u010cI\u0160TEM MERCEDES TRAVEGO EVOBUS SETRA HERION NORGREN OE - Sindicom\",\"isPartOf\":{\"@id\":\"https:\/\/sindicom.hr\/en\/#website\"},\"primaryImageOfPage\":{\"@id\":\"https:\/\/sindicom.hr\/en\/katalog\/elektromagnetni-ventil-norgren-bus-org\/#primaryimage\"},\"image\":{\"@id\":\"https:\/\/sindicom.hr\/en\/katalog\/elektromagnetni-ventil-norgren-bus-org\/#primaryimage\"},\"thumbnailUrl\":\"https:\/\/sindicom.hr\/wp-content\/uploads\/2020\/05\/1025424-NORGREN.webp\",\"datePublished\":\"2020-05-11T08:23:54+00:00\",\"dateModified\":\"2025-10-27T11:43:34+00:00\",\"breadcrumb\":{\"@id\":\"https:\/\/sindicom.hr\/en\/katalog\/elektromagnetni-ventil-norgren-bus-org\/#breadcrumb\"},\"inLanguage\":\"en-US\",\"potentialAction\":[{\"@type\":\"ReadAction\",\"target\":[\"https:\/\/sindicom.hr\/en\/katalog\/elektromagnetni-ventil-norgren-bus-org\/\"]}]},{\"@type\":\"ImageObject\",\"inLanguage\":\"en-US\",\"@id\":\"https:\/\/sindicom.hr\/en\/katalog\/elektromagnetni-ventil-norgren-bus-org\/#primaryimage\",\"url\":\"https:\/\/sindicom.hr\/wp-content\/uploads\/2020\/05\/1025424-NORGREN.webp\",\"contentUrl\":\"https:\/\/sindicom.hr\/wp-content\/uploads\/2020\/05\/1025424-NORGREN.webp\",\"width\":600,\"height\":600},{\"@type\":\"BreadcrumbList\",\"@id\":\"https:\/\/sindicom.hr\/en\/katalog\/elektromagnetni-ventil-norgren-bus-org\/#breadcrumb\",\"itemListElement\":[{\"@type\":\"ListItem\",\"position\":1,\"name\":\"Po\u010detna stranica\",\"item\":\"https:\/\/sindicom.hr\/en\/\"},{\"@type\":\"ListItem\",\"position\":2,\"name\":\"Katalog dijelova\",\"item\":\"https:\/\/sindicom.hr\/en\/catalog\/\"},{\"@type\":\"ListItem\",\"position\":3,\"name\":\"ELEKTROMAGNETNI VENTIL 24V DC S KU\u010cI\u0160TEM MERCEDES TRAVEGO EVOBUS SETRA HERION NORGREN OE\"}]},{\"@type\":\"WebSite\",\"@id\":\"https:\/\/sindicom.hr\/en\/#website\",\"url\":\"https:\/\/sindicom.hr\/en\/\",\"name\":\"SINDICOM\",\"description\":\"Trade and repair of pneumatic brakes, air and hydraulic systems for trucks and buses\",\"publisher\":{\"@id\":\"https:\/\/sindicom.hr\/en\/#organization\"},\"potentialAction\":[{\"@type\":\"SearchAction\",\"target\":{\"@type\":\"EntryPoint\",\"urlTemplate\":\"https:\/\/sindicom.hr\/en\/?s={search_term_string}\"},\"query-input\":{\"@type\":\"PropertyValueSpecification\",\"valueRequired\":true,\"valueName\":\"search_term_string\"}}],\"inLanguage\":\"en-US\"},{\"@type\":\"Organization\",\"@id\":\"https:\/\/sindicom.hr\/en\/#organization\",\"name\":\"SINDICOM d.o.o.\",\"url\":\"https:\/\/sindicom.hr\/en\/\",\"logo\":{\"@type\":\"ImageObject\",\"inLanguage\":\"en-US\",\"@id\":\"https:\/\/sindicom.hr\/en\/#\/schema\/logo\/image\/\",\"url\":\"https:\/\/sindicom.hr\/wp-content\/uploads\/2019\/11\/sindicom_logo_veliki1.jpg.png\",\"contentUrl\":\"https:\/\/sindicom.hr\/wp-content\/uploads\/2019\/11\/sindicom_logo_veliki1.jpg.png\",\"width\":732,\"height\":706,\"caption\":\"SINDICOM d.o.o.\"},\"image\":{\"@id\":\"https:\/\/sindicom.hr\/en\/#\/schema\/logo\/image\/\"},\"sameAs\":[\"https:\/\/www.facebook.com\/Sindicom-doo-170277286366043\/\",\"https:\/\/instagram.com\/sindicomdoo\"]}]}<\/script>\n<!-- \/ Yoast SEO plugin. -->","yoast_head_json":{"title":"ELEKTROMAGNETNI VENTIL 24V DC S KU\u010cI\u0160TEM MERCEDES TRAVEGO EVOBUS SETRA HERION NORGREN OE - Sindicom","robots":{"index":"index","follow":"follow","max-snippet":"max-snippet:-1","max-image-preview":"max-image-preview:large","max-video-preview":"max-video-preview:-1"},"canonical":"https:\/\/sindicom.hr\/en\/katalog\/elektromagnetni-ventil-norgren-bus-org\/","og_locale":"en_US","og_type":"article","og_title":"ELEKTROMAGNETNI VENTIL 24V DC S KU\u010cI\u0160TEM MERCEDES TRAVEGO EVOBUS SETRA HERION NORGREN OE - Sindicom","og_url":"https:\/\/sindicom.hr\/en\/katalog\/elektromagnetni-ventil-norgren-bus-org\/","og_site_name":"Sindicom","article_publisher":"https:\/\/www.facebook.com\/Sindicom-doo-170277286366043\/","article_modified_time":"2025-10-27T11:43:34+00:00","og_image":[{"width":600,"height":600,"url":"https:\/\/sindicom.hr\/wp-content\/uploads\/2020\/05\/1025424-NORGREN.webp","type":"image\/webp"}],"twitter_card":"summary_large_image","twitter_misc":{"Est. reading time":"2 minutes"},"schema":{"@context":"https:\/\/schema.org","@graph":[{"@type":"WebPage","@id":"https:\/\/sindicom.hr\/en\/katalog\/elektromagnetni-ventil-norgren-bus-org\/","url":"https:\/\/sindicom.hr\/en\/katalog\/elektromagnetni-ventil-norgren-bus-org\/","name":"ELEKTROMAGNETNI VENTIL 24V DC S KU\u010cI\u0160TEM MERCEDES TRAVEGO EVOBUS SETRA HERION NORGREN OE - Sindicom","isPartOf":{"@id":"https:\/\/sindicom.hr\/en\/#website"},"primaryImageOfPage":{"@id":"https:\/\/sindicom.hr\/en\/katalog\/elektromagnetni-ventil-norgren-bus-org\/#primaryimage"},"image":{"@id":"https:\/\/sindicom.hr\/en\/katalog\/elektromagnetni-ventil-norgren-bus-org\/#primaryimage"},"thumbnailUrl":"https:\/\/sindicom.hr\/wp-content\/uploads\/2020\/05\/1025424-NORGREN.webp","datePublished":"2020-05-11T08:23:54+00:00","dateModified":"2025-10-27T11:43:34+00:00","breadcrumb":{"@id":"https:\/\/sindicom.hr\/en\/katalog\/elektromagnetni-ventil-norgren-bus-org\/#breadcrumb"},"inLanguage":"en-US","potentialAction":[{"@type":"ReadAction","target":["https:\/\/sindicom.hr\/en\/katalog\/elektromagnetni-ventil-norgren-bus-org\/"]}]},{"@type":"ImageObject","inLanguage":"en-US","@id":"https:\/\/sindicom.hr\/en\/katalog\/elektromagnetni-ventil-norgren-bus-org\/#primaryimage","url":"https:\/\/sindicom.hr\/wp-content\/uploads\/2020\/05\/1025424-NORGREN.webp","contentUrl":"https:\/\/sindicom.hr\/wp-content\/uploads\/2020\/05\/1025424-NORGREN.webp","width":600,"height":600},{"@type":"BreadcrumbList","@id":"https:\/\/sindicom.hr\/en\/katalog\/elektromagnetni-ventil-norgren-bus-org\/#breadcrumb","itemListElement":[{"@type":"ListItem","position":1,"name":"Po\u010detna stranica","item":"https:\/\/sindicom.hr\/en\/"},{"@type":"ListItem","position":2,"name":"Katalog dijelova","item":"https:\/\/sindicom.hr\/en\/catalog\/"},{"@type":"ListItem","position":3,"name":"ELEKTROMAGNETNI VENTIL 24V DC S KU\u010cI\u0160TEM MERCEDES TRAVEGO EVOBUS SETRA HERION NORGREN OE"}]},{"@type":"WebSite","@id":"https:\/\/sindicom.hr\/en\/#website","url":"https:\/\/sindicom.hr\/en\/","name":"SINDICOM","description":"Trade and repair of pneumatic brakes, air and hydraulic systems for trucks and buses","publisher":{"@id":"https:\/\/sindicom.hr\/en\/#organization"},"potentialAction":[{"@type":"SearchAction","target":{"@type":"EntryPoint","urlTemplate":"https:\/\/sindicom.hr\/en\/?s={search_term_string}"},"query-input":{"@type":"PropertyValueSpecification","valueRequired":true,"valueName":"search_term_string"}}],"inLanguage":"en-US"},{"@type":"Organization","@id":"https:\/\/sindicom.hr\/en\/#organization","name":"SINDICOM d.o.o.","url":"https:\/\/sindicom.hr\/en\/","logo":{"@type":"ImageObject","inLanguage":"en-US","@id":"https:\/\/sindicom.hr\/en\/#\/schema\/logo\/image\/","url":"https:\/\/sindicom.hr\/wp-content\/uploads\/2019\/11\/sindicom_logo_veliki1.jpg.png","contentUrl":"https:\/\/sindicom.hr\/wp-content\/uploads\/2019\/11\/sindicom_logo_veliki1.jpg.png","width":732,"height":706,"caption":"SINDICOM d.o.o."},"image":{"@id":"https:\/\/sindicom.hr\/en\/#\/schema\/logo\/image\/"},"sameAs":["https:\/\/www.facebook.com\/Sindicom-doo-170277286366043\/","https:\/\/instagram.com\/sindicomdoo"]}]}},"_links":{"self":[{"href":"https:\/\/sindicom.hr\/en\/wp-json\/wp\/v2\/product\/13719","targetHints":{"allow":["GET"]}}],"collection":[{"href":"https:\/\/sindicom.hr\/en\/wp-json\/wp\/v2\/product"}],"about":[{"href":"https:\/\/sindicom.hr\/en\/wp-json\/wp\/v2\/types\/product"}],"wp:featuredmedia":[{"embeddable":true,"href":"https:\/\/sindicom.hr\/en\/wp-json\/wp\/v2\/media\/42511"}],"wp:attachment":[{"href":"https:\/\/sindicom.hr\/en\/wp-json\/wp\/v2\/media?parent=13719"}],"wp:term":[{"taxonomy":"product_brand","embeddable":true,"href":"https:\/\/sindicom.hr\/en\/wp-json\/wp\/v2\/product_brand?post=13719"},{"taxonomy":"product_cat","embeddable":true,"href":"https:\/\/sindicom.hr\/en\/wp-json\/wp\/v2\/product_cat?post=13719"},{"taxonomy":"product_tag","embeddable":true,"href":"https:\/\/sindicom.hr\/en\/wp-json\/wp\/v2\/product_tag?post=13719"}],"curies":[{"name":"wp","href":"https:\/\/api.w.org\/{rel}","templated":true}]}}