{"id":13720,"date":"2020-05-11T08:23:54","date_gmt":"2020-05-11T08:23:54","guid":{"rendered":"https:\/\/sindicom.hr\/katalog\/ventil-za-vrata-asco-joucomatic-bus-org\/"},"modified":"2025-10-27T11:43:35","modified_gmt":"2025-10-27T11:43:35","slug":"ventil-za-vrata-asco-joucomatic-bus-org","status":"publish","type":"product","link":"https:\/\/sindicom.hr\/en\/katalog\/ventil-za-vrata-asco-joucomatic-bus-org\/","title":{"rendered":"VENTIL ZA VRATA BUS SETRA MERCEDES TOURISMO TRAVEGO ASCO NUMATICS OE"},"content":{"rendered":"<p>A0007608378 MERCEDES  X94950718300100 ASCO  2109-0003-750 ASCO  833-950.808 ASCO  833-950 808 ASCO  833-950808 ASCO  833950808 ASCO  833-700.443 ASCO  833-700 443 ASCO  833700443 ASCO  833-700443 ASCO  833-700919 ASCO  833700-919 ASCO  833700919 ASCO  833-650102 ASCO  833650-102 ASCO  833-650 102 ASCO  833650102 ASCO  833700821 ASCO  833-700821 ASCO  833-700 821 ASCO  833-995044 ASCO  833995044 ASCO  833-995045 ASCO  833995045 ASCO  833-700919 ASCO  833700919 ASCO  916024 SETRA  2701783 SETRA  0007608378 MERCEDES  0007606178 MERCEDES  0008201085 MERCEDES  0009971712 MERCEDES  0007607578 MERCEDES  A0007608378 MERCEDES  A0007606178 MERCEDES  A0008201085 MERCEDES  A0009971712 MERCEDES  A0007607578 MERCEDES  A.000.760.61.78 MERCEDES  A.000.760.83.78 MERCEDES  A 000 760 83 78 MERCEDES  A 000 760 61 78 MERCEDES  A 000 820 10 85 MERCEDES  A 000 997 17 12 MERCEDES  A 000 760 75 78 MERCEDES  A0065452814 SENZOR PREKIDA\u010c 2 b  A0065452914 SENZOR PREKIDA\u010c 3 b  A0065453014 SENZOR PREKIDA\u010c 4.5 b  A0065452814 SENSOR SWITCH 2 b  A0065452914 SENSOR SWITCH 3 b  A0065453014 SENSOR SWITCH 4.5 b  A 006 545 28 14 SENSOR SWITCH 2 b  A 006 545 29 14 SENSOR SWITCH 3 b  A 006 545 30 14 SENSOR SWITCH 4.5 b  49800084500 WINKLER  498 000 845 00 WINKLER  Magnetventil  Solenoid Valve  Valvola elettromagnetica  Ventil tuersteuerung  Magnett\u00fcrventil f\u00fcr Mercedes Setra  Solenid door valve for Mercedes Setra  Elettrovalvola porta per Mercedes Setra  \u00c9lectrovanne de porte pour Mercedes Setra  Zaw\u00f3r elektromagnetyczny drzwi do Mercedesa Setra<\/p>\n","protected":false},"excerpt":{"rendered":"<p><img decoding=\"async\" class=\"alignnone size-medium wp-image-17709\" src=\"https:\/\/sindicom.hr\/wp-content\/uploads\/2020\/05\/mercedes-300x300.png\" alt=\"\" width=\"300\" height=\"300\" srcset=\"https:\/\/sindicom.hr\/wp-content\/uploads\/2020\/05\/mercedes-64x64.png 64w, https:\/\/sindicom.hr\/wp-content\/uploads\/2020\/05\/mercedes-66x66.png 66w, https:\/\/sindicom.hr\/wp-content\/uploads\/2020\/05\/mercedes-100x100.png 100w, https:\/\/sindicom.hr\/wp-content\/uploads\/2020\/05\/mercedes-150x150.png 150w, https:\/\/sindicom.hr\/wp-content\/uploads\/2020\/05\/mercedes-200x200.png 200w, https:\/\/sindicom.hr\/wp-content\/uploads\/2020\/05\/mercedes.png 300w\" sizes=\"(max-width: 300px) 100vw, 300px\" \/><\/p>\n","protected":false},"featured_media":39074,"template":"","meta":{"inline_featured_image":false},"product_brand":[],"product_cat":[15,96,88,101,105,99,186],"product_tag":[],"class_list":{"0":"post-13720","1":"product","2":"type-product","3":"status-publish","4":"has-post-thumbnail","6":"product_cat-all-products","7":"product_cat-busevi","8":"product_cat-elektromagnetni-ventili","9":"product_cat-evobus","10":"product_cat-mercedes","11":"product_cat-setra","12":"product_cat-ventili-vrata","14":"first","15":"instock","16":"shipping-taxable","17":"purchasable","18":"product-type-simple"},"yoast_head":"<!-- This site is optimized with the Yoast SEO plugin v26.2 - https:\/\/yoast.com\/wordpress\/plugins\/seo\/ -->\n<title>VENTIL ZA VRATA BUS SETRA MERCEDES TOURISMO TRAVEGO ASCO NUMATICS OE - Sindicom<\/title>\n<meta name=\"robots\" content=\"index, follow, max-snippet:-1, max-image-preview:large, max-video-preview:-1\" \/>\n<link rel=\"canonical\" href=\"https:\/\/sindicom.hr\/en\/katalog\/ventil-za-vrata-asco-joucomatic-bus-org\/\" \/>\n<meta property=\"og:locale\" content=\"en_US\" \/>\n<meta property=\"og:type\" content=\"article\" \/>\n<meta property=\"og:title\" content=\"VENTIL ZA VRATA BUS SETRA MERCEDES TOURISMO TRAVEGO ASCO NUMATICS OE - Sindicom\" \/>\n<meta property=\"og:url\" content=\"https:\/\/sindicom.hr\/en\/katalog\/ventil-za-vrata-asco-joucomatic-bus-org\/\" \/>\n<meta property=\"og:site_name\" content=\"Sindicom\" \/>\n<meta property=\"article:publisher\" content=\"https:\/\/www.facebook.com\/Sindicom-doo-170277286366043\/\" \/>\n<meta property=\"article:modified_time\" content=\"2025-10-27T11:43:35+00:00\" \/>\n<meta property=\"og:image\" content=\"https:\/\/sindicom.hr\/wp-content\/uploads\/2020\/05\/A0007608378-MERCEDES-1.webp\" \/>\n\t<meta property=\"og:image:width\" content=\"600\" \/>\n\t<meta property=\"og:image:height\" content=\"600\" \/>\n\t<meta property=\"og:image:type\" content=\"image\/webp\" \/>\n<meta name=\"twitter:card\" content=\"summary_large_image\" \/>\n<meta name=\"twitter:label1\" content=\"Est. reading time\" \/>\n\t<meta name=\"twitter:data1\" content=\"2 minutes\" \/>\n<script type=\"application\/ld+json\" class=\"yoast-schema-graph\">{\"@context\":\"https:\/\/schema.org\",\"@graph\":[{\"@type\":\"WebPage\",\"@id\":\"https:\/\/sindicom.hr\/en\/katalog\/ventil-za-vrata-asco-joucomatic-bus-org\/\",\"url\":\"https:\/\/sindicom.hr\/en\/katalog\/ventil-za-vrata-asco-joucomatic-bus-org\/\",\"name\":\"VENTIL ZA VRATA BUS SETRA MERCEDES TOURISMO TRAVEGO ASCO NUMATICS OE - Sindicom\",\"isPartOf\":{\"@id\":\"https:\/\/sindicom.hr\/en\/#website\"},\"primaryImageOfPage\":{\"@id\":\"https:\/\/sindicom.hr\/en\/katalog\/ventil-za-vrata-asco-joucomatic-bus-org\/#primaryimage\"},\"image\":{\"@id\":\"https:\/\/sindicom.hr\/en\/katalog\/ventil-za-vrata-asco-joucomatic-bus-org\/#primaryimage\"},\"thumbnailUrl\":\"https:\/\/sindicom.hr\/wp-content\/uploads\/2020\/05\/A0007608378-MERCEDES-1.webp\",\"datePublished\":\"2020-05-11T08:23:54+00:00\",\"dateModified\":\"2025-10-27T11:43:35+00:00\",\"breadcrumb\":{\"@id\":\"https:\/\/sindicom.hr\/en\/katalog\/ventil-za-vrata-asco-joucomatic-bus-org\/#breadcrumb\"},\"inLanguage\":\"en-US\",\"potentialAction\":[{\"@type\":\"ReadAction\",\"target\":[\"https:\/\/sindicom.hr\/en\/katalog\/ventil-za-vrata-asco-joucomatic-bus-org\/\"]}]},{\"@type\":\"ImageObject\",\"inLanguage\":\"en-US\",\"@id\":\"https:\/\/sindicom.hr\/en\/katalog\/ventil-za-vrata-asco-joucomatic-bus-org\/#primaryimage\",\"url\":\"https:\/\/sindicom.hr\/wp-content\/uploads\/2020\/05\/A0007608378-MERCEDES-1.webp\",\"contentUrl\":\"https:\/\/sindicom.hr\/wp-content\/uploads\/2020\/05\/A0007608378-MERCEDES-1.webp\",\"width\":600,\"height\":600},{\"@type\":\"BreadcrumbList\",\"@id\":\"https:\/\/sindicom.hr\/en\/katalog\/ventil-za-vrata-asco-joucomatic-bus-org\/#breadcrumb\",\"itemListElement\":[{\"@type\":\"ListItem\",\"position\":1,\"name\":\"Po\u010detna stranica\",\"item\":\"https:\/\/sindicom.hr\/en\/\"},{\"@type\":\"ListItem\",\"position\":2,\"name\":\"Katalog dijelova\",\"item\":\"https:\/\/sindicom.hr\/en\/catalog\/\"},{\"@type\":\"ListItem\",\"position\":3,\"name\":\"VENTIL ZA VRATA BUS SETRA MERCEDES TOURISMO TRAVEGO ASCO NUMATICS OE\"}]},{\"@type\":\"WebSite\",\"@id\":\"https:\/\/sindicom.hr\/en\/#website\",\"url\":\"https:\/\/sindicom.hr\/en\/\",\"name\":\"SINDICOM\",\"description\":\"Trade and repair of pneumatic brakes, air and hydraulic systems for trucks and buses\",\"publisher\":{\"@id\":\"https:\/\/sindicom.hr\/en\/#organization\"},\"potentialAction\":[{\"@type\":\"SearchAction\",\"target\":{\"@type\":\"EntryPoint\",\"urlTemplate\":\"https:\/\/sindicom.hr\/en\/?s={search_term_string}\"},\"query-input\":{\"@type\":\"PropertyValueSpecification\",\"valueRequired\":true,\"valueName\":\"search_term_string\"}}],\"inLanguage\":\"en-US\"},{\"@type\":\"Organization\",\"@id\":\"https:\/\/sindicom.hr\/en\/#organization\",\"name\":\"SINDICOM d.o.o.\",\"url\":\"https:\/\/sindicom.hr\/en\/\",\"logo\":{\"@type\":\"ImageObject\",\"inLanguage\":\"en-US\",\"@id\":\"https:\/\/sindicom.hr\/en\/#\/schema\/logo\/image\/\",\"url\":\"https:\/\/sindicom.hr\/wp-content\/uploads\/2019\/11\/sindicom_logo_veliki1.jpg.png\",\"contentUrl\":\"https:\/\/sindicom.hr\/wp-content\/uploads\/2019\/11\/sindicom_logo_veliki1.jpg.png\",\"width\":732,\"height\":706,\"caption\":\"SINDICOM d.o.o.\"},\"image\":{\"@id\":\"https:\/\/sindicom.hr\/en\/#\/schema\/logo\/image\/\"},\"sameAs\":[\"https:\/\/www.facebook.com\/Sindicom-doo-170277286366043\/\",\"https:\/\/instagram.com\/sindicomdoo\"]}]}<\/script>\n<!-- \/ Yoast SEO plugin. -->","yoast_head_json":{"title":"VENTIL ZA VRATA BUS SETRA MERCEDES TOURISMO TRAVEGO ASCO NUMATICS OE - Sindicom","robots":{"index":"index","follow":"follow","max-snippet":"max-snippet:-1","max-image-preview":"max-image-preview:large","max-video-preview":"max-video-preview:-1"},"canonical":"https:\/\/sindicom.hr\/en\/katalog\/ventil-za-vrata-asco-joucomatic-bus-org\/","og_locale":"en_US","og_type":"article","og_title":"VENTIL ZA VRATA BUS SETRA MERCEDES TOURISMO TRAVEGO ASCO NUMATICS OE - Sindicom","og_url":"https:\/\/sindicom.hr\/en\/katalog\/ventil-za-vrata-asco-joucomatic-bus-org\/","og_site_name":"Sindicom","article_publisher":"https:\/\/www.facebook.com\/Sindicom-doo-170277286366043\/","article_modified_time":"2025-10-27T11:43:35+00:00","og_image":[{"width":600,"height":600,"url":"https:\/\/sindicom.hr\/wp-content\/uploads\/2020\/05\/A0007608378-MERCEDES-1.webp","type":"image\/webp"}],"twitter_card":"summary_large_image","twitter_misc":{"Est. reading time":"2 minutes"},"schema":{"@context":"https:\/\/schema.org","@graph":[{"@type":"WebPage","@id":"https:\/\/sindicom.hr\/en\/katalog\/ventil-za-vrata-asco-joucomatic-bus-org\/","url":"https:\/\/sindicom.hr\/en\/katalog\/ventil-za-vrata-asco-joucomatic-bus-org\/","name":"VENTIL ZA VRATA BUS SETRA MERCEDES TOURISMO TRAVEGO ASCO NUMATICS OE - Sindicom","isPartOf":{"@id":"https:\/\/sindicom.hr\/en\/#website"},"primaryImageOfPage":{"@id":"https:\/\/sindicom.hr\/en\/katalog\/ventil-za-vrata-asco-joucomatic-bus-org\/#primaryimage"},"image":{"@id":"https:\/\/sindicom.hr\/en\/katalog\/ventil-za-vrata-asco-joucomatic-bus-org\/#primaryimage"},"thumbnailUrl":"https:\/\/sindicom.hr\/wp-content\/uploads\/2020\/05\/A0007608378-MERCEDES-1.webp","datePublished":"2020-05-11T08:23:54+00:00","dateModified":"2025-10-27T11:43:35+00:00","breadcrumb":{"@id":"https:\/\/sindicom.hr\/en\/katalog\/ventil-za-vrata-asco-joucomatic-bus-org\/#breadcrumb"},"inLanguage":"en-US","potentialAction":[{"@type":"ReadAction","target":["https:\/\/sindicom.hr\/en\/katalog\/ventil-za-vrata-asco-joucomatic-bus-org\/"]}]},{"@type":"ImageObject","inLanguage":"en-US","@id":"https:\/\/sindicom.hr\/en\/katalog\/ventil-za-vrata-asco-joucomatic-bus-org\/#primaryimage","url":"https:\/\/sindicom.hr\/wp-content\/uploads\/2020\/05\/A0007608378-MERCEDES-1.webp","contentUrl":"https:\/\/sindicom.hr\/wp-content\/uploads\/2020\/05\/A0007608378-MERCEDES-1.webp","width":600,"height":600},{"@type":"BreadcrumbList","@id":"https:\/\/sindicom.hr\/en\/katalog\/ventil-za-vrata-asco-joucomatic-bus-org\/#breadcrumb","itemListElement":[{"@type":"ListItem","position":1,"name":"Po\u010detna stranica","item":"https:\/\/sindicom.hr\/en\/"},{"@type":"ListItem","position":2,"name":"Katalog dijelova","item":"https:\/\/sindicom.hr\/en\/catalog\/"},{"@type":"ListItem","position":3,"name":"VENTIL ZA VRATA BUS SETRA MERCEDES TOURISMO TRAVEGO ASCO NUMATICS OE"}]},{"@type":"WebSite","@id":"https:\/\/sindicom.hr\/en\/#website","url":"https:\/\/sindicom.hr\/en\/","name":"SINDICOM","description":"Trade and repair of pneumatic brakes, air and hydraulic systems for trucks and buses","publisher":{"@id":"https:\/\/sindicom.hr\/en\/#organization"},"potentialAction":[{"@type":"SearchAction","target":{"@type":"EntryPoint","urlTemplate":"https:\/\/sindicom.hr\/en\/?s={search_term_string}"},"query-input":{"@type":"PropertyValueSpecification","valueRequired":true,"valueName":"search_term_string"}}],"inLanguage":"en-US"},{"@type":"Organization","@id":"https:\/\/sindicom.hr\/en\/#organization","name":"SINDICOM d.o.o.","url":"https:\/\/sindicom.hr\/en\/","logo":{"@type":"ImageObject","inLanguage":"en-US","@id":"https:\/\/sindicom.hr\/en\/#\/schema\/logo\/image\/","url":"https:\/\/sindicom.hr\/wp-content\/uploads\/2019\/11\/sindicom_logo_veliki1.jpg.png","contentUrl":"https:\/\/sindicom.hr\/wp-content\/uploads\/2019\/11\/sindicom_logo_veliki1.jpg.png","width":732,"height":706,"caption":"SINDICOM d.o.o."},"image":{"@id":"https:\/\/sindicom.hr\/en\/#\/schema\/logo\/image\/"},"sameAs":["https:\/\/www.facebook.com\/Sindicom-doo-170277286366043\/","https:\/\/instagram.com\/sindicomdoo"]}]}},"_links":{"self":[{"href":"https:\/\/sindicom.hr\/en\/wp-json\/wp\/v2\/product\/13720","targetHints":{"allow":["GET"]}}],"collection":[{"href":"https:\/\/sindicom.hr\/en\/wp-json\/wp\/v2\/product"}],"about":[{"href":"https:\/\/sindicom.hr\/en\/wp-json\/wp\/v2\/types\/product"}],"wp:featuredmedia":[{"embeddable":true,"href":"https:\/\/sindicom.hr\/en\/wp-json\/wp\/v2\/media\/39074"}],"wp:attachment":[{"href":"https:\/\/sindicom.hr\/en\/wp-json\/wp\/v2\/media?parent=13720"}],"wp:term":[{"taxonomy":"product_brand","embeddable":true,"href":"https:\/\/sindicom.hr\/en\/wp-json\/wp\/v2\/product_brand?post=13720"},{"taxonomy":"product_cat","embeddable":true,"href":"https:\/\/sindicom.hr\/en\/wp-json\/wp\/v2\/product_cat?post=13720"},{"taxonomy":"product_tag","embeddable":true,"href":"https:\/\/sindicom.hr\/en\/wp-json\/wp\/v2\/product_tag?post=13720"}],"curies":[{"name":"wp","href":"https:\/\/api.w.org\/{rel}","templated":true}]}}