{"id":13958,"date":"2020-05-11T08:24:40","date_gmt":"2020-05-11T08:24:40","guid":{"rendered":"https:\/\/sindicom.hr\/katalog\/o-prsten-18x3\/"},"modified":"2025-10-27T11:45:06","modified_gmt":"2025-10-27T11:45:06","slug":"o-prsten-18x3","status":"publish","type":"product","link":"https:\/\/sindicom.hr\/en\/katalog\/o-prsten-18x3\/","title":{"rendered":"O-PRSTEN O-RING 18.72X2.62-FPM1-70-BR 18&#215;2.62 EATON WABCO OE"},"content":{"rendered":"<p>8970861504 WABCO  115704 DAF  115 704 DAF  0115704 DAF  0704873 DAF  704873 DAF  249646 SCANIA  14345 FULLER  9930132 IVECO  20525972 VOLVO  81965010683 MAN  81965010683 MAN  81.96501.0683 MAN  81.96501-0683 MAN  81327356030 MAN  81965016013 MAN  90912916008 MAN  81.32735-6030 MAN  81.96501-6013 MAN  90.91291-6008 MAN  0059976545 EVOBUS  A0059976545 EVOBUS  502628108 LIEBHERR  90912916008 NEOPLAN  0059976545 MERCEDES  A0059976545 MERCEDES  A 005 997 65 45 MERCEDES  81326380030 CYLINDER MAN  81.32638-0030 CYLINDER MAN  81326390057 SHIFT CYLINDER PISTON MAN  81.32639-0057 SHIFT CYLINDER PISTON MAN  2754148 ACI  35540360 EURORICAMBI  Transmission element. sealing ring (transmission actuator o-ring) EATON  \u00dcbertragungselement. Dichtring (O-Ring f\u00fcr \u00dcbertragungsaktuator) EATON  Elemento di trasmissione. anello di tenuta (O-ring dell&#8217;attuatore della trasmissione) EATON  Elemento de transmisi\u00f3n. anillo de sellado (junta t\u00f3rica del actuador de transmisi\u00f3n) EATON<\/p>\n","protected":false},"excerpt":{"rendered":"<p>8970861504 WABCO 115704 DAF 115 704 DAF 0115704 DAF 0704873  [&#8230;]<\/p>\n","protected":false},"featured_media":0,"template":"","meta":{"inline_featured_image":false},"product_brand":[],"product_cat":[140],"product_tag":[],"class_list":{"0":"post-13958","1":"product","2":"type-product","3":"status-publish","5":"product_cat-radni-strojevi","7":"first","8":"instock","9":"shipping-taxable","10":"purchasable","11":"product-type-simple"},"yoast_head":"<!-- This site is optimized with the Yoast SEO plugin v26.2 - https:\/\/yoast.com\/wordpress\/plugins\/seo\/ -->\n<title>O-PRSTEN O-RING 18.72X2.62-FPM1-70-BR 18x2.62 EATON WABCO OE - Sindicom<\/title>\n<meta name=\"robots\" content=\"index, follow, max-snippet:-1, max-image-preview:large, max-video-preview:-1\" \/>\n<link rel=\"canonical\" href=\"https:\/\/sindicom.hr\/en\/katalog\/o-prsten-18x3\/\" \/>\n<meta property=\"og:locale\" content=\"en_US\" \/>\n<meta property=\"og:type\" content=\"article\" \/>\n<meta property=\"og:title\" content=\"O-PRSTEN O-RING 18.72X2.62-FPM1-70-BR 18x2.62 EATON WABCO OE - Sindicom\" \/>\n<meta property=\"og:description\" content=\"8970861504 WABCO 115704 DAF 115 704 DAF 0115704 DAF 0704873 [...]\" \/>\n<meta property=\"og:url\" content=\"https:\/\/sindicom.hr\/en\/katalog\/o-prsten-18x3\/\" \/>\n<meta property=\"og:site_name\" content=\"Sindicom\" \/>\n<meta property=\"article:publisher\" content=\"https:\/\/www.facebook.com\/Sindicom-doo-170277286366043\/\" \/>\n<meta property=\"article:modified_time\" content=\"2025-10-27T11:45:06+00:00\" \/>\n<meta name=\"twitter:card\" content=\"summary_large_image\" \/>\n<script type=\"application\/ld+json\" class=\"yoast-schema-graph\">{\"@context\":\"https:\/\/schema.org\",\"@graph\":[{\"@type\":\"WebPage\",\"@id\":\"https:\/\/sindicom.hr\/en\/katalog\/o-prsten-18x3\/\",\"url\":\"https:\/\/sindicom.hr\/en\/katalog\/o-prsten-18x3\/\",\"name\":\"O-PRSTEN O-RING 18.72X2.62-FPM1-70-BR 18x2.62 EATON WABCO OE - Sindicom\",\"isPartOf\":{\"@id\":\"https:\/\/sindicom.hr\/en\/#website\"},\"datePublished\":\"2020-05-11T08:24:40+00:00\",\"dateModified\":\"2025-10-27T11:45:06+00:00\",\"breadcrumb\":{\"@id\":\"https:\/\/sindicom.hr\/en\/katalog\/o-prsten-18x3\/#breadcrumb\"},\"inLanguage\":\"en-US\",\"potentialAction\":[{\"@type\":\"ReadAction\",\"target\":[\"https:\/\/sindicom.hr\/en\/katalog\/o-prsten-18x3\/\"]}]},{\"@type\":\"BreadcrumbList\",\"@id\":\"https:\/\/sindicom.hr\/en\/katalog\/o-prsten-18x3\/#breadcrumb\",\"itemListElement\":[{\"@type\":\"ListItem\",\"position\":1,\"name\":\"Po\u010detna stranica\",\"item\":\"https:\/\/sindicom.hr\/en\/\"},{\"@type\":\"ListItem\",\"position\":2,\"name\":\"Katalog dijelova\",\"item\":\"https:\/\/sindicom.hr\/en\/catalog\/\"},{\"@type\":\"ListItem\",\"position\":3,\"name\":\"O-PRSTEN O-RING 18.72X2.62-FPM1-70-BR 18&#215;2.62 EATON WABCO OE\"}]},{\"@type\":\"WebSite\",\"@id\":\"https:\/\/sindicom.hr\/en\/#website\",\"url\":\"https:\/\/sindicom.hr\/en\/\",\"name\":\"SINDICOM\",\"description\":\"Trade and repair of pneumatic brakes, air and hydraulic systems for trucks and buses\",\"publisher\":{\"@id\":\"https:\/\/sindicom.hr\/en\/#organization\"},\"potentialAction\":[{\"@type\":\"SearchAction\",\"target\":{\"@type\":\"EntryPoint\",\"urlTemplate\":\"https:\/\/sindicom.hr\/en\/?s={search_term_string}\"},\"query-input\":{\"@type\":\"PropertyValueSpecification\",\"valueRequired\":true,\"valueName\":\"search_term_string\"}}],\"inLanguage\":\"en-US\"},{\"@type\":\"Organization\",\"@id\":\"https:\/\/sindicom.hr\/en\/#organization\",\"name\":\"SINDICOM d.o.o.\",\"url\":\"https:\/\/sindicom.hr\/en\/\",\"logo\":{\"@type\":\"ImageObject\",\"inLanguage\":\"en-US\",\"@id\":\"https:\/\/sindicom.hr\/en\/#\/schema\/logo\/image\/\",\"url\":\"https:\/\/sindicom.hr\/wp-content\/uploads\/2019\/11\/sindicom_logo_veliki1.jpg.png\",\"contentUrl\":\"https:\/\/sindicom.hr\/wp-content\/uploads\/2019\/11\/sindicom_logo_veliki1.jpg.png\",\"width\":732,\"height\":706,\"caption\":\"SINDICOM d.o.o.\"},\"image\":{\"@id\":\"https:\/\/sindicom.hr\/en\/#\/schema\/logo\/image\/\"},\"sameAs\":[\"https:\/\/www.facebook.com\/Sindicom-doo-170277286366043\/\",\"https:\/\/instagram.com\/sindicomdoo\"]}]}<\/script>\n<!-- \/ Yoast SEO plugin. -->","yoast_head_json":{"title":"O-PRSTEN O-RING 18.72X2.62-FPM1-70-BR 18x2.62 EATON WABCO OE - Sindicom","robots":{"index":"index","follow":"follow","max-snippet":"max-snippet:-1","max-image-preview":"max-image-preview:large","max-video-preview":"max-video-preview:-1"},"canonical":"https:\/\/sindicom.hr\/en\/katalog\/o-prsten-18x3\/","og_locale":"en_US","og_type":"article","og_title":"O-PRSTEN O-RING 18.72X2.62-FPM1-70-BR 18x2.62 EATON WABCO OE - Sindicom","og_description":"8970861504 WABCO 115704 DAF 115 704 DAF 0115704 DAF 0704873 [...]","og_url":"https:\/\/sindicom.hr\/en\/katalog\/o-prsten-18x3\/","og_site_name":"Sindicom","article_publisher":"https:\/\/www.facebook.com\/Sindicom-doo-170277286366043\/","article_modified_time":"2025-10-27T11:45:06+00:00","twitter_card":"summary_large_image","schema":{"@context":"https:\/\/schema.org","@graph":[{"@type":"WebPage","@id":"https:\/\/sindicom.hr\/en\/katalog\/o-prsten-18x3\/","url":"https:\/\/sindicom.hr\/en\/katalog\/o-prsten-18x3\/","name":"O-PRSTEN O-RING 18.72X2.62-FPM1-70-BR 18x2.62 EATON WABCO OE - Sindicom","isPartOf":{"@id":"https:\/\/sindicom.hr\/en\/#website"},"datePublished":"2020-05-11T08:24:40+00:00","dateModified":"2025-10-27T11:45:06+00:00","breadcrumb":{"@id":"https:\/\/sindicom.hr\/en\/katalog\/o-prsten-18x3\/#breadcrumb"},"inLanguage":"en-US","potentialAction":[{"@type":"ReadAction","target":["https:\/\/sindicom.hr\/en\/katalog\/o-prsten-18x3\/"]}]},{"@type":"BreadcrumbList","@id":"https:\/\/sindicom.hr\/en\/katalog\/o-prsten-18x3\/#breadcrumb","itemListElement":[{"@type":"ListItem","position":1,"name":"Po\u010detna stranica","item":"https:\/\/sindicom.hr\/en\/"},{"@type":"ListItem","position":2,"name":"Katalog dijelova","item":"https:\/\/sindicom.hr\/en\/catalog\/"},{"@type":"ListItem","position":3,"name":"O-PRSTEN O-RING 18.72X2.62-FPM1-70-BR 18&#215;2.62 EATON WABCO OE"}]},{"@type":"WebSite","@id":"https:\/\/sindicom.hr\/en\/#website","url":"https:\/\/sindicom.hr\/en\/","name":"SINDICOM","description":"Trade and repair of pneumatic brakes, air and hydraulic systems for trucks and buses","publisher":{"@id":"https:\/\/sindicom.hr\/en\/#organization"},"potentialAction":[{"@type":"SearchAction","target":{"@type":"EntryPoint","urlTemplate":"https:\/\/sindicom.hr\/en\/?s={search_term_string}"},"query-input":{"@type":"PropertyValueSpecification","valueRequired":true,"valueName":"search_term_string"}}],"inLanguage":"en-US"},{"@type":"Organization","@id":"https:\/\/sindicom.hr\/en\/#organization","name":"SINDICOM d.o.o.","url":"https:\/\/sindicom.hr\/en\/","logo":{"@type":"ImageObject","inLanguage":"en-US","@id":"https:\/\/sindicom.hr\/en\/#\/schema\/logo\/image\/","url":"https:\/\/sindicom.hr\/wp-content\/uploads\/2019\/11\/sindicom_logo_veliki1.jpg.png","contentUrl":"https:\/\/sindicom.hr\/wp-content\/uploads\/2019\/11\/sindicom_logo_veliki1.jpg.png","width":732,"height":706,"caption":"SINDICOM d.o.o."},"image":{"@id":"https:\/\/sindicom.hr\/en\/#\/schema\/logo\/image\/"},"sameAs":["https:\/\/www.facebook.com\/Sindicom-doo-170277286366043\/","https:\/\/instagram.com\/sindicomdoo"]}]}},"_links":{"self":[{"href":"https:\/\/sindicom.hr\/en\/wp-json\/wp\/v2\/product\/13958","targetHints":{"allow":["GET"]}}],"collection":[{"href":"https:\/\/sindicom.hr\/en\/wp-json\/wp\/v2\/product"}],"about":[{"href":"https:\/\/sindicom.hr\/en\/wp-json\/wp\/v2\/types\/product"}],"wp:attachment":[{"href":"https:\/\/sindicom.hr\/en\/wp-json\/wp\/v2\/media?parent=13958"}],"wp:term":[{"taxonomy":"product_brand","embeddable":true,"href":"https:\/\/sindicom.hr\/en\/wp-json\/wp\/v2\/product_brand?post=13958"},{"taxonomy":"product_cat","embeddable":true,"href":"https:\/\/sindicom.hr\/en\/wp-json\/wp\/v2\/product_cat?post=13958"},{"taxonomy":"product_tag","embeddable":true,"href":"https:\/\/sindicom.hr\/en\/wp-json\/wp\/v2\/product_tag?post=13958"}],"curies":[{"name":"wp","href":"https:\/\/api.w.org\/{rel}","templated":true}]}}