{"id":13973,"date":"2020-05-11T08:24:43","date_gmt":"2020-05-11T08:24:43","guid":{"rendered":"https:\/\/sindicom.hr\/katalog\/ventil-ispustanja-jastuka-prikolice-camozzi-1-8-prihvat\/"},"modified":"2025-10-27T11:45:14","modified_gmt":"2025-10-27T11:45:14","slug":"ventil-ispustanja-jastuka-prikolice-camozzi-1-8-prihvat","status":"publish","type":"product","link":"https:\/\/sindicom.hr\/en\/katalog\/ventil-ispustanja-jastuka-prikolice-camozzi-1-8-prihvat\/","title":{"rendered":"VENTIL ISPU\u0160TANJA JASTUKA PRIKOLICE S KOTA\u010cI\u0106EM G1\/8 PRIKLJU\u010cCI CAMOZZI OE"},"content":{"rendered":"<p>338-955S05 CAMOZZI  338955S05 CAMOZZI  33895505 CAMOZZI  338 95505 CAMOZZI  338-955 CAMOZZI  338955 CAMOZZI  8182\/3 RIEGLER  81823 RIEGLER  174058 RIEGLER  PB-VB174058 RIEGLER  BR311701 HAFNER  BR 311701 HAFNER  5631020000 WABCO  5631020000 REXROTH  563 102 000 0 WABCO  563 102 000 0 REXROTH  43791 SCHWARZMULLER  213965 SCHWARZMULLER  111813 SCHWARZMULLER  123744 SCHWARZMULLER  Mechanically operated valves  Trailer air below release valve with wheel 32x86x16 mm  Trailer side opening pneumatic valve 32x86x16 mm  Valvola pneumatica apertura lato rimorchio 32x86x16 mm  Pneumatisches Ventil zur seitlichen \u00d6ffnung des Anh\u00e4ngers 32x86x16 mm<\/p>\n","protected":false},"excerpt":{"rendered":"<p><img decoding=\"async\" class=\"alignnone size-full wp-image-28004\" src=\"https:\/\/sindicom.hr\/wp-content\/uploads\/2020\/05\/CAMOZZI.png\" alt=\"\" width=\"300\" height=\"228\" srcset=\"https:\/\/sindicom.hr\/wp-content\/uploads\/2020\/05\/CAMOZZI-64x49.png 64w, https:\/\/sindicom.hr\/wp-content\/uploads\/2020\/05\/CAMOZZI-200x152.png 200w, https:\/\/sindicom.hr\/wp-content\/uploads\/2020\/05\/CAMOZZI.png 300w\" sizes=\"(max-width: 300px) 100vw, 300px\" \/><\/p>\n","protected":false},"featured_media":42959,"template":"","meta":{"inline_featured_image":false},"product_brand":[],"product_cat":[15,114,50,119,196,74,183],"product_tag":[],"class_list":{"0":"post-13973","1":"product","2":"type-product","3":"status-publish","4":"has-post-thumbnail","6":"product_cat-all-products","7":"product_cat-prikolice","8":"product_cat-prikolicni-ventili","9":"product_cat-schwarzmuller","10":"product_cat-ventili-jastuka","11":"product_cat-ventili-jastuka-prikolice","12":"product_cat-zracni-ventili","14":"first","15":"instock","16":"shipping-taxable","17":"purchasable","18":"product-type-simple"},"yoast_head":"<!-- This site is optimized with the Yoast SEO plugin v26.2 - https:\/\/yoast.com\/wordpress\/plugins\/seo\/ -->\n<title>VENTIL ISPU\u0160TANJA JASTUKA PRIKOLICE S KOTA\u010cI\u0106EM G1\/8 PRIKLJU\u010cCI CAMOZZI OE - Sindicom<\/title>\n<meta name=\"robots\" content=\"index, follow, max-snippet:-1, max-image-preview:large, max-video-preview:-1\" \/>\n<link rel=\"canonical\" href=\"https:\/\/sindicom.hr\/en\/katalog\/ventil-ispustanja-jastuka-prikolice-camozzi-1-8-prihvat\/\" \/>\n<meta property=\"og:locale\" content=\"en_US\" \/>\n<meta property=\"og:type\" content=\"article\" \/>\n<meta property=\"og:title\" content=\"VENTIL ISPU\u0160TANJA JASTUKA PRIKOLICE S KOTA\u010cI\u0106EM G1\/8 PRIKLJU\u010cCI CAMOZZI OE - Sindicom\" \/>\n<meta property=\"og:url\" content=\"https:\/\/sindicom.hr\/en\/katalog\/ventil-ispustanja-jastuka-prikolice-camozzi-1-8-prihvat\/\" \/>\n<meta property=\"og:site_name\" content=\"Sindicom\" \/>\n<meta property=\"article:publisher\" content=\"https:\/\/www.facebook.com\/Sindicom-doo-170277286366043\/\" \/>\n<meta property=\"article:modified_time\" content=\"2025-10-27T11:45:14+00:00\" \/>\n<meta property=\"og:image\" content=\"https:\/\/sindicom.hr\/wp-content\/uploads\/2020\/05\/338-955S05.webp\" \/>\n\t<meta property=\"og:image:width\" content=\"600\" \/>\n\t<meta property=\"og:image:height\" content=\"600\" \/>\n\t<meta property=\"og:image:type\" content=\"image\/webp\" \/>\n<meta name=\"twitter:card\" content=\"summary_large_image\" \/>\n<meta name=\"twitter:label1\" content=\"Est. reading time\" \/>\n\t<meta name=\"twitter:data1\" content=\"1 minute\" \/>\n<script type=\"application\/ld+json\" class=\"yoast-schema-graph\">{\"@context\":\"https:\/\/schema.org\",\"@graph\":[{\"@type\":\"WebPage\",\"@id\":\"https:\/\/sindicom.hr\/en\/katalog\/ventil-ispustanja-jastuka-prikolice-camozzi-1-8-prihvat\/\",\"url\":\"https:\/\/sindicom.hr\/en\/katalog\/ventil-ispustanja-jastuka-prikolice-camozzi-1-8-prihvat\/\",\"name\":\"VENTIL ISPU\u0160TANJA JASTUKA PRIKOLICE S KOTA\u010cI\u0106EM G1\/8 PRIKLJU\u010cCI CAMOZZI OE - Sindicom\",\"isPartOf\":{\"@id\":\"https:\/\/sindicom.hr\/en\/#website\"},\"primaryImageOfPage\":{\"@id\":\"https:\/\/sindicom.hr\/en\/katalog\/ventil-ispustanja-jastuka-prikolice-camozzi-1-8-prihvat\/#primaryimage\"},\"image\":{\"@id\":\"https:\/\/sindicom.hr\/en\/katalog\/ventil-ispustanja-jastuka-prikolice-camozzi-1-8-prihvat\/#primaryimage\"},\"thumbnailUrl\":\"https:\/\/sindicom.hr\/wp-content\/uploads\/2020\/05\/338-955S05.webp\",\"datePublished\":\"2020-05-11T08:24:43+00:00\",\"dateModified\":\"2025-10-27T11:45:14+00:00\",\"breadcrumb\":{\"@id\":\"https:\/\/sindicom.hr\/en\/katalog\/ventil-ispustanja-jastuka-prikolice-camozzi-1-8-prihvat\/#breadcrumb\"},\"inLanguage\":\"en-US\",\"potentialAction\":[{\"@type\":\"ReadAction\",\"target\":[\"https:\/\/sindicom.hr\/en\/katalog\/ventil-ispustanja-jastuka-prikolice-camozzi-1-8-prihvat\/\"]}]},{\"@type\":\"ImageObject\",\"inLanguage\":\"en-US\",\"@id\":\"https:\/\/sindicom.hr\/en\/katalog\/ventil-ispustanja-jastuka-prikolice-camozzi-1-8-prihvat\/#primaryimage\",\"url\":\"https:\/\/sindicom.hr\/wp-content\/uploads\/2020\/05\/338-955S05.webp\",\"contentUrl\":\"https:\/\/sindicom.hr\/wp-content\/uploads\/2020\/05\/338-955S05.webp\",\"width\":600,\"height\":600},{\"@type\":\"BreadcrumbList\",\"@id\":\"https:\/\/sindicom.hr\/en\/katalog\/ventil-ispustanja-jastuka-prikolice-camozzi-1-8-prihvat\/#breadcrumb\",\"itemListElement\":[{\"@type\":\"ListItem\",\"position\":1,\"name\":\"Po\u010detna stranica\",\"item\":\"https:\/\/sindicom.hr\/en\/\"},{\"@type\":\"ListItem\",\"position\":2,\"name\":\"Katalog dijelova\",\"item\":\"https:\/\/sindicom.hr\/en\/catalog\/\"},{\"@type\":\"ListItem\",\"position\":3,\"name\":\"VENTIL ISPU\u0160TANJA JASTUKA PRIKOLICE S KOTA\u010cI\u0106EM G1\/8 PRIKLJU\u010cCI CAMOZZI OE\"}]},{\"@type\":\"WebSite\",\"@id\":\"https:\/\/sindicom.hr\/en\/#website\",\"url\":\"https:\/\/sindicom.hr\/en\/\",\"name\":\"SINDICOM\",\"description\":\"Trade and repair of pneumatic brakes, air and hydraulic systems for trucks and buses\",\"publisher\":{\"@id\":\"https:\/\/sindicom.hr\/en\/#organization\"},\"potentialAction\":[{\"@type\":\"SearchAction\",\"target\":{\"@type\":\"EntryPoint\",\"urlTemplate\":\"https:\/\/sindicom.hr\/en\/?s={search_term_string}\"},\"query-input\":{\"@type\":\"PropertyValueSpecification\",\"valueRequired\":true,\"valueName\":\"search_term_string\"}}],\"inLanguage\":\"en-US\"},{\"@type\":\"Organization\",\"@id\":\"https:\/\/sindicom.hr\/en\/#organization\",\"name\":\"SINDICOM d.o.o.\",\"url\":\"https:\/\/sindicom.hr\/en\/\",\"logo\":{\"@type\":\"ImageObject\",\"inLanguage\":\"en-US\",\"@id\":\"https:\/\/sindicom.hr\/en\/#\/schema\/logo\/image\/\",\"url\":\"https:\/\/sindicom.hr\/wp-content\/uploads\/2019\/11\/sindicom_logo_veliki1.jpg.png\",\"contentUrl\":\"https:\/\/sindicom.hr\/wp-content\/uploads\/2019\/11\/sindicom_logo_veliki1.jpg.png\",\"width\":732,\"height\":706,\"caption\":\"SINDICOM d.o.o.\"},\"image\":{\"@id\":\"https:\/\/sindicom.hr\/en\/#\/schema\/logo\/image\/\"},\"sameAs\":[\"https:\/\/www.facebook.com\/Sindicom-doo-170277286366043\/\",\"https:\/\/instagram.com\/sindicomdoo\"]}]}<\/script>\n<!-- \/ Yoast SEO plugin. -->","yoast_head_json":{"title":"VENTIL ISPU\u0160TANJA JASTUKA PRIKOLICE S KOTA\u010cI\u0106EM G1\/8 PRIKLJU\u010cCI CAMOZZI OE - Sindicom","robots":{"index":"index","follow":"follow","max-snippet":"max-snippet:-1","max-image-preview":"max-image-preview:large","max-video-preview":"max-video-preview:-1"},"canonical":"https:\/\/sindicom.hr\/en\/katalog\/ventil-ispustanja-jastuka-prikolice-camozzi-1-8-prihvat\/","og_locale":"en_US","og_type":"article","og_title":"VENTIL ISPU\u0160TANJA JASTUKA PRIKOLICE S KOTA\u010cI\u0106EM G1\/8 PRIKLJU\u010cCI CAMOZZI OE - Sindicom","og_url":"https:\/\/sindicom.hr\/en\/katalog\/ventil-ispustanja-jastuka-prikolice-camozzi-1-8-prihvat\/","og_site_name":"Sindicom","article_publisher":"https:\/\/www.facebook.com\/Sindicom-doo-170277286366043\/","article_modified_time":"2025-10-27T11:45:14+00:00","og_image":[{"width":600,"height":600,"url":"https:\/\/sindicom.hr\/wp-content\/uploads\/2020\/05\/338-955S05.webp","type":"image\/webp"}],"twitter_card":"summary_large_image","twitter_misc":{"Est. reading time":"1 minute"},"schema":{"@context":"https:\/\/schema.org","@graph":[{"@type":"WebPage","@id":"https:\/\/sindicom.hr\/en\/katalog\/ventil-ispustanja-jastuka-prikolice-camozzi-1-8-prihvat\/","url":"https:\/\/sindicom.hr\/en\/katalog\/ventil-ispustanja-jastuka-prikolice-camozzi-1-8-prihvat\/","name":"VENTIL ISPU\u0160TANJA JASTUKA PRIKOLICE S KOTA\u010cI\u0106EM G1\/8 PRIKLJU\u010cCI CAMOZZI OE - Sindicom","isPartOf":{"@id":"https:\/\/sindicom.hr\/en\/#website"},"primaryImageOfPage":{"@id":"https:\/\/sindicom.hr\/en\/katalog\/ventil-ispustanja-jastuka-prikolice-camozzi-1-8-prihvat\/#primaryimage"},"image":{"@id":"https:\/\/sindicom.hr\/en\/katalog\/ventil-ispustanja-jastuka-prikolice-camozzi-1-8-prihvat\/#primaryimage"},"thumbnailUrl":"https:\/\/sindicom.hr\/wp-content\/uploads\/2020\/05\/338-955S05.webp","datePublished":"2020-05-11T08:24:43+00:00","dateModified":"2025-10-27T11:45:14+00:00","breadcrumb":{"@id":"https:\/\/sindicom.hr\/en\/katalog\/ventil-ispustanja-jastuka-prikolice-camozzi-1-8-prihvat\/#breadcrumb"},"inLanguage":"en-US","potentialAction":[{"@type":"ReadAction","target":["https:\/\/sindicom.hr\/en\/katalog\/ventil-ispustanja-jastuka-prikolice-camozzi-1-8-prihvat\/"]}]},{"@type":"ImageObject","inLanguage":"en-US","@id":"https:\/\/sindicom.hr\/en\/katalog\/ventil-ispustanja-jastuka-prikolice-camozzi-1-8-prihvat\/#primaryimage","url":"https:\/\/sindicom.hr\/wp-content\/uploads\/2020\/05\/338-955S05.webp","contentUrl":"https:\/\/sindicom.hr\/wp-content\/uploads\/2020\/05\/338-955S05.webp","width":600,"height":600},{"@type":"BreadcrumbList","@id":"https:\/\/sindicom.hr\/en\/katalog\/ventil-ispustanja-jastuka-prikolice-camozzi-1-8-prihvat\/#breadcrumb","itemListElement":[{"@type":"ListItem","position":1,"name":"Po\u010detna stranica","item":"https:\/\/sindicom.hr\/en\/"},{"@type":"ListItem","position":2,"name":"Katalog dijelova","item":"https:\/\/sindicom.hr\/en\/catalog\/"},{"@type":"ListItem","position":3,"name":"VENTIL ISPU\u0160TANJA JASTUKA PRIKOLICE S KOTA\u010cI\u0106EM G1\/8 PRIKLJU\u010cCI CAMOZZI OE"}]},{"@type":"WebSite","@id":"https:\/\/sindicom.hr\/en\/#website","url":"https:\/\/sindicom.hr\/en\/","name":"SINDICOM","description":"Trade and repair of pneumatic brakes, air and hydraulic systems for trucks and buses","publisher":{"@id":"https:\/\/sindicom.hr\/en\/#organization"},"potentialAction":[{"@type":"SearchAction","target":{"@type":"EntryPoint","urlTemplate":"https:\/\/sindicom.hr\/en\/?s={search_term_string}"},"query-input":{"@type":"PropertyValueSpecification","valueRequired":true,"valueName":"search_term_string"}}],"inLanguage":"en-US"},{"@type":"Organization","@id":"https:\/\/sindicom.hr\/en\/#organization","name":"SINDICOM d.o.o.","url":"https:\/\/sindicom.hr\/en\/","logo":{"@type":"ImageObject","inLanguage":"en-US","@id":"https:\/\/sindicom.hr\/en\/#\/schema\/logo\/image\/","url":"https:\/\/sindicom.hr\/wp-content\/uploads\/2019\/11\/sindicom_logo_veliki1.jpg.png","contentUrl":"https:\/\/sindicom.hr\/wp-content\/uploads\/2019\/11\/sindicom_logo_veliki1.jpg.png","width":732,"height":706,"caption":"SINDICOM d.o.o."},"image":{"@id":"https:\/\/sindicom.hr\/en\/#\/schema\/logo\/image\/"},"sameAs":["https:\/\/www.facebook.com\/Sindicom-doo-170277286366043\/","https:\/\/instagram.com\/sindicomdoo"]}]}},"_links":{"self":[{"href":"https:\/\/sindicom.hr\/en\/wp-json\/wp\/v2\/product\/13973","targetHints":{"allow":["GET"]}}],"collection":[{"href":"https:\/\/sindicom.hr\/en\/wp-json\/wp\/v2\/product"}],"about":[{"href":"https:\/\/sindicom.hr\/en\/wp-json\/wp\/v2\/types\/product"}],"wp:featuredmedia":[{"embeddable":true,"href":"https:\/\/sindicom.hr\/en\/wp-json\/wp\/v2\/media\/42959"}],"wp:attachment":[{"href":"https:\/\/sindicom.hr\/en\/wp-json\/wp\/v2\/media?parent=13973"}],"wp:term":[{"taxonomy":"product_brand","embeddable":true,"href":"https:\/\/sindicom.hr\/en\/wp-json\/wp\/v2\/product_brand?post=13973"},{"taxonomy":"product_cat","embeddable":true,"href":"https:\/\/sindicom.hr\/en\/wp-json\/wp\/v2\/product_cat?post=13973"},{"taxonomy":"product_tag","embeddable":true,"href":"https:\/\/sindicom.hr\/en\/wp-json\/wp\/v2\/product_tag?post=13973"}],"curies":[{"name":"wp","href":"https:\/\/api.w.org\/{rel}","templated":true}]}}