{"id":14056,"date":"2020-05-11T08:24:59","date_gmt":"2020-05-11T08:24:59","guid":{"rendered":"https:\/\/sindicom.hr\/katalog\/isusivac-zraka-eac-knorr-actros-org-kaucija-2\/"},"modified":"2025-10-27T11:45:43","modified_gmt":"2025-10-27T11:45:43","slug":"isusivac-zraka-eac-knorr-actros-org-kaucija-2","status":"publish","type":"product","link":"https:\/\/sindicom.hr\/en\/katalog\/isusivac-zraka-eac-knorr-actros-org-kaucija-2\/","title":{"rendered":"ISU\u0160IVA\u010c ZRAKA EAC MERCEDES ACTROS KNORR BREMSE OE KAUCIJA"},"content":{"rendered":"<p>K138267N50 KNORR  EL2208 KNORR  EL2209 KNORR  EL2206 KNORR  K044454 KNORR  K078213 KNORR  K082609 KNORR  K102144 KNORR  K044455 KNORR  K082610 KNORR  K078214 KNORR  K102145 KNORR  K138268 KNORR  K102144N01 KNORR  K138267N00 KNORR  K138267N01 KNORR  310028105 HALDEX  310029105 HALDEX  310028101 HALDEX  310029104 HALDEX  310027104 HALDEX  310027105 HALDEX  0004465164 MERCEDES  0014460464 MERCEDES  0014462064 MERCEDES  0014465464 MERCEDES  0004465064 MERCEDES  0014460364 MERCEDES  0014461964 MERCEDES  0014465364 MERCEDES  0004465664 MERCEDES  0014463264 MERCEDES  0004467664 MERCEDES  0004469664 MERCEDES  0004469864 MERCEDES  A0004465864 MERCEDES  A0004467864 MERCEDES  A0014463664 MERCEDES  001446326407 MERCEDES  A001446326407 MERCEDES  0014461464 MERCEDES  0014465664 MERCEDES  A0004466464 MERCEDES  A 000 446 64 64 MERCEDES  A0014460464 MERCEDES  A 001 446 04 64 MERCEDES  A0014462264 MERCEDES  A 001 446 22 64 MERCEDES  A0014465664 MERCEDES  A 001 446 56 64 MERCEDES  K163455 FILTER ISU\u0160IVA\u010cA KNORR  K020314 ELECTRONICS SENSOR KNORR  EAC EconX Utensile  EAC-Luftaufbereitung  EAC Air Processing Unit  Unit\u00e9 de traitement d&#8217;air EAC  EAC-luchtverwerkingseenheid  Unidad de procesamiento de aire EAC<\/p>\n","protected":false},"excerpt":{"rendered":"<p><img decoding=\"async\" class=\"alignnone size-medium wp-image-17705\" src=\"https:\/\/sindicom.hr\/wp-content\/uploads\/2020\/05\/knorr-bremse-300x300.png\" alt=\"\" width=\"300\" height=\"300\" srcset=\"https:\/\/sindicom.hr\/wp-content\/uploads\/2020\/05\/knorr-bremse-64x64.png 64w, https:\/\/sindicom.hr\/wp-content\/uploads\/2020\/05\/knorr-bremse-66x66.png 66w, https:\/\/sindicom.hr\/wp-content\/uploads\/2020\/05\/knorr-bremse-100x100.png 100w, https:\/\/sindicom.hr\/wp-content\/uploads\/2020\/05\/knorr-bremse-150x150.png 150w, https:\/\/sindicom.hr\/wp-content\/uploads\/2020\/05\/knorr-bremse-200x200.png 200w, https:\/\/sindicom.hr\/wp-content\/uploads\/2020\/05\/knorr-bremse.png 300w\" sizes=\"(max-width: 300px) 100vw, 300px\" \/><\/p>\n","protected":false},"featured_media":33735,"template":"","meta":{"inline_featured_image":false},"product_brand":[],"product_cat":[15,33,34,113,130,107],"product_tag":[],"class_list":{"0":"post-14056","1":"product","2":"type-product","3":"status-publish","4":"has-post-thumbnail","6":"product_cat-all-products","7":"product_cat-isusivaci-zraka","8":"product_cat-jedinice-za-obradu-zraka","9":"product_cat-mercedes-teretna-vozila","10":"product_cat-naslovna","11":"product_cat-teretna-vozila","13":"first","14":"instock","15":"shipping-taxable","16":"purchasable","17":"product-type-simple"},"yoast_head":"<!-- This site is optimized with the Yoast SEO plugin v26.2 - https:\/\/yoast.com\/wordpress\/plugins\/seo\/ -->\n<title>ISU\u0160IVA\u010c ZRAKA EAC MERCEDES ACTROS KNORR BREMSE OE KAUCIJA - Sindicom<\/title>\n<meta name=\"robots\" content=\"index, follow, max-snippet:-1, max-image-preview:large, max-video-preview:-1\" \/>\n<link rel=\"canonical\" href=\"https:\/\/sindicom.hr\/en\/katalog\/isusivac-zraka-eac-knorr-actros-org-kaucija-2\/\" \/>\n<meta property=\"og:locale\" content=\"en_US\" \/>\n<meta property=\"og:type\" content=\"article\" \/>\n<meta property=\"og:title\" content=\"ISU\u0160IVA\u010c ZRAKA EAC MERCEDES ACTROS KNORR BREMSE OE KAUCIJA - Sindicom\" \/>\n<meta property=\"og:url\" content=\"https:\/\/sindicom.hr\/en\/katalog\/isusivac-zraka-eac-knorr-actros-org-kaucija-2\/\" \/>\n<meta property=\"og:site_name\" content=\"Sindicom\" \/>\n<meta property=\"article:publisher\" content=\"https:\/\/www.facebook.com\/Sindicom-doo-170277286366043\/\" \/>\n<meta property=\"article:modified_time\" content=\"2025-10-27T11:45:43+00:00\" \/>\n<meta property=\"og:image\" content=\"https:\/\/sindicom.hr\/wp-content\/uploads\/2020\/05\/K138267N50-3.webp\" \/>\n\t<meta property=\"og:image:width\" content=\"600\" \/>\n\t<meta property=\"og:image:height\" content=\"600\" \/>\n\t<meta property=\"og:image:type\" content=\"image\/webp\" \/>\n<meta name=\"twitter:card\" content=\"summary_large_image\" \/>\n<meta name=\"twitter:label1\" content=\"Est. reading time\" \/>\n\t<meta name=\"twitter:data1\" content=\"1 minute\" \/>\n<script type=\"application\/ld+json\" class=\"yoast-schema-graph\">{\"@context\":\"https:\/\/schema.org\",\"@graph\":[{\"@type\":\"WebPage\",\"@id\":\"https:\/\/sindicom.hr\/en\/katalog\/isusivac-zraka-eac-knorr-actros-org-kaucija-2\/\",\"url\":\"https:\/\/sindicom.hr\/en\/katalog\/isusivac-zraka-eac-knorr-actros-org-kaucija-2\/\",\"name\":\"ISU\u0160IVA\u010c ZRAKA EAC MERCEDES ACTROS KNORR BREMSE OE KAUCIJA - Sindicom\",\"isPartOf\":{\"@id\":\"https:\/\/sindicom.hr\/en\/#website\"},\"primaryImageOfPage\":{\"@id\":\"https:\/\/sindicom.hr\/en\/katalog\/isusivac-zraka-eac-knorr-actros-org-kaucija-2\/#primaryimage\"},\"image\":{\"@id\":\"https:\/\/sindicom.hr\/en\/katalog\/isusivac-zraka-eac-knorr-actros-org-kaucija-2\/#primaryimage\"},\"thumbnailUrl\":\"https:\/\/sindicom.hr\/wp-content\/uploads\/2020\/05\/K138267N50-3.webp\",\"datePublished\":\"2020-05-11T08:24:59+00:00\",\"dateModified\":\"2025-10-27T11:45:43+00:00\",\"breadcrumb\":{\"@id\":\"https:\/\/sindicom.hr\/en\/katalog\/isusivac-zraka-eac-knorr-actros-org-kaucija-2\/#breadcrumb\"},\"inLanguage\":\"en-US\",\"potentialAction\":[{\"@type\":\"ReadAction\",\"target\":[\"https:\/\/sindicom.hr\/en\/katalog\/isusivac-zraka-eac-knorr-actros-org-kaucija-2\/\"]}]},{\"@type\":\"ImageObject\",\"inLanguage\":\"en-US\",\"@id\":\"https:\/\/sindicom.hr\/en\/katalog\/isusivac-zraka-eac-knorr-actros-org-kaucija-2\/#primaryimage\",\"url\":\"https:\/\/sindicom.hr\/wp-content\/uploads\/2020\/05\/K138267N50-3.webp\",\"contentUrl\":\"https:\/\/sindicom.hr\/wp-content\/uploads\/2020\/05\/K138267N50-3.webp\",\"width\":600,\"height\":600},{\"@type\":\"BreadcrumbList\",\"@id\":\"https:\/\/sindicom.hr\/en\/katalog\/isusivac-zraka-eac-knorr-actros-org-kaucija-2\/#breadcrumb\",\"itemListElement\":[{\"@type\":\"ListItem\",\"position\":1,\"name\":\"Po\u010detna stranica\",\"item\":\"https:\/\/sindicom.hr\/en\/\"},{\"@type\":\"ListItem\",\"position\":2,\"name\":\"Katalog dijelova\",\"item\":\"https:\/\/sindicom.hr\/en\/catalog\/\"},{\"@type\":\"ListItem\",\"position\":3,\"name\":\"ISU\u0160IVA\u010c ZRAKA EAC MERCEDES ACTROS KNORR BREMSE OE KAUCIJA\"}]},{\"@type\":\"WebSite\",\"@id\":\"https:\/\/sindicom.hr\/en\/#website\",\"url\":\"https:\/\/sindicom.hr\/en\/\",\"name\":\"SINDICOM\",\"description\":\"Trade and repair of pneumatic brakes, air and hydraulic systems for trucks and buses\",\"publisher\":{\"@id\":\"https:\/\/sindicom.hr\/en\/#organization\"},\"potentialAction\":[{\"@type\":\"SearchAction\",\"target\":{\"@type\":\"EntryPoint\",\"urlTemplate\":\"https:\/\/sindicom.hr\/en\/?s={search_term_string}\"},\"query-input\":{\"@type\":\"PropertyValueSpecification\",\"valueRequired\":true,\"valueName\":\"search_term_string\"}}],\"inLanguage\":\"en-US\"},{\"@type\":\"Organization\",\"@id\":\"https:\/\/sindicom.hr\/en\/#organization\",\"name\":\"SINDICOM d.o.o.\",\"url\":\"https:\/\/sindicom.hr\/en\/\",\"logo\":{\"@type\":\"ImageObject\",\"inLanguage\":\"en-US\",\"@id\":\"https:\/\/sindicom.hr\/en\/#\/schema\/logo\/image\/\",\"url\":\"https:\/\/sindicom.hr\/wp-content\/uploads\/2019\/11\/sindicom_logo_veliki1.jpg.png\",\"contentUrl\":\"https:\/\/sindicom.hr\/wp-content\/uploads\/2019\/11\/sindicom_logo_veliki1.jpg.png\",\"width\":732,\"height\":706,\"caption\":\"SINDICOM d.o.o.\"},\"image\":{\"@id\":\"https:\/\/sindicom.hr\/en\/#\/schema\/logo\/image\/\"},\"sameAs\":[\"https:\/\/www.facebook.com\/Sindicom-doo-170277286366043\/\",\"https:\/\/instagram.com\/sindicomdoo\"]}]}<\/script>\n<!-- \/ Yoast SEO plugin. -->","yoast_head_json":{"title":"ISU\u0160IVA\u010c ZRAKA EAC MERCEDES ACTROS KNORR BREMSE OE KAUCIJA - Sindicom","robots":{"index":"index","follow":"follow","max-snippet":"max-snippet:-1","max-image-preview":"max-image-preview:large","max-video-preview":"max-video-preview:-1"},"canonical":"https:\/\/sindicom.hr\/en\/katalog\/isusivac-zraka-eac-knorr-actros-org-kaucija-2\/","og_locale":"en_US","og_type":"article","og_title":"ISU\u0160IVA\u010c ZRAKA EAC MERCEDES ACTROS KNORR BREMSE OE KAUCIJA - Sindicom","og_url":"https:\/\/sindicom.hr\/en\/katalog\/isusivac-zraka-eac-knorr-actros-org-kaucija-2\/","og_site_name":"Sindicom","article_publisher":"https:\/\/www.facebook.com\/Sindicom-doo-170277286366043\/","article_modified_time":"2025-10-27T11:45:43+00:00","og_image":[{"width":600,"height":600,"url":"https:\/\/sindicom.hr\/wp-content\/uploads\/2020\/05\/K138267N50-3.webp","type":"image\/webp"}],"twitter_card":"summary_large_image","twitter_misc":{"Est. reading time":"1 minute"},"schema":{"@context":"https:\/\/schema.org","@graph":[{"@type":"WebPage","@id":"https:\/\/sindicom.hr\/en\/katalog\/isusivac-zraka-eac-knorr-actros-org-kaucija-2\/","url":"https:\/\/sindicom.hr\/en\/katalog\/isusivac-zraka-eac-knorr-actros-org-kaucija-2\/","name":"ISU\u0160IVA\u010c ZRAKA EAC MERCEDES ACTROS KNORR BREMSE OE KAUCIJA - Sindicom","isPartOf":{"@id":"https:\/\/sindicom.hr\/en\/#website"},"primaryImageOfPage":{"@id":"https:\/\/sindicom.hr\/en\/katalog\/isusivac-zraka-eac-knorr-actros-org-kaucija-2\/#primaryimage"},"image":{"@id":"https:\/\/sindicom.hr\/en\/katalog\/isusivac-zraka-eac-knorr-actros-org-kaucija-2\/#primaryimage"},"thumbnailUrl":"https:\/\/sindicom.hr\/wp-content\/uploads\/2020\/05\/K138267N50-3.webp","datePublished":"2020-05-11T08:24:59+00:00","dateModified":"2025-10-27T11:45:43+00:00","breadcrumb":{"@id":"https:\/\/sindicom.hr\/en\/katalog\/isusivac-zraka-eac-knorr-actros-org-kaucija-2\/#breadcrumb"},"inLanguage":"en-US","potentialAction":[{"@type":"ReadAction","target":["https:\/\/sindicom.hr\/en\/katalog\/isusivac-zraka-eac-knorr-actros-org-kaucija-2\/"]}]},{"@type":"ImageObject","inLanguage":"en-US","@id":"https:\/\/sindicom.hr\/en\/katalog\/isusivac-zraka-eac-knorr-actros-org-kaucija-2\/#primaryimage","url":"https:\/\/sindicom.hr\/wp-content\/uploads\/2020\/05\/K138267N50-3.webp","contentUrl":"https:\/\/sindicom.hr\/wp-content\/uploads\/2020\/05\/K138267N50-3.webp","width":600,"height":600},{"@type":"BreadcrumbList","@id":"https:\/\/sindicom.hr\/en\/katalog\/isusivac-zraka-eac-knorr-actros-org-kaucija-2\/#breadcrumb","itemListElement":[{"@type":"ListItem","position":1,"name":"Po\u010detna stranica","item":"https:\/\/sindicom.hr\/en\/"},{"@type":"ListItem","position":2,"name":"Katalog dijelova","item":"https:\/\/sindicom.hr\/en\/catalog\/"},{"@type":"ListItem","position":3,"name":"ISU\u0160IVA\u010c ZRAKA EAC MERCEDES ACTROS KNORR BREMSE OE KAUCIJA"}]},{"@type":"WebSite","@id":"https:\/\/sindicom.hr\/en\/#website","url":"https:\/\/sindicom.hr\/en\/","name":"SINDICOM","description":"Trade and repair of pneumatic brakes, air and hydraulic systems for trucks and buses","publisher":{"@id":"https:\/\/sindicom.hr\/en\/#organization"},"potentialAction":[{"@type":"SearchAction","target":{"@type":"EntryPoint","urlTemplate":"https:\/\/sindicom.hr\/en\/?s={search_term_string}"},"query-input":{"@type":"PropertyValueSpecification","valueRequired":true,"valueName":"search_term_string"}}],"inLanguage":"en-US"},{"@type":"Organization","@id":"https:\/\/sindicom.hr\/en\/#organization","name":"SINDICOM d.o.o.","url":"https:\/\/sindicom.hr\/en\/","logo":{"@type":"ImageObject","inLanguage":"en-US","@id":"https:\/\/sindicom.hr\/en\/#\/schema\/logo\/image\/","url":"https:\/\/sindicom.hr\/wp-content\/uploads\/2019\/11\/sindicom_logo_veliki1.jpg.png","contentUrl":"https:\/\/sindicom.hr\/wp-content\/uploads\/2019\/11\/sindicom_logo_veliki1.jpg.png","width":732,"height":706,"caption":"SINDICOM d.o.o."},"image":{"@id":"https:\/\/sindicom.hr\/en\/#\/schema\/logo\/image\/"},"sameAs":["https:\/\/www.facebook.com\/Sindicom-doo-170277286366043\/","https:\/\/instagram.com\/sindicomdoo"]}]}},"_links":{"self":[{"href":"https:\/\/sindicom.hr\/en\/wp-json\/wp\/v2\/product\/14056","targetHints":{"allow":["GET"]}}],"collection":[{"href":"https:\/\/sindicom.hr\/en\/wp-json\/wp\/v2\/product"}],"about":[{"href":"https:\/\/sindicom.hr\/en\/wp-json\/wp\/v2\/types\/product"}],"wp:featuredmedia":[{"embeddable":true,"href":"https:\/\/sindicom.hr\/en\/wp-json\/wp\/v2\/media\/33735"}],"wp:attachment":[{"href":"https:\/\/sindicom.hr\/en\/wp-json\/wp\/v2\/media?parent=14056"}],"wp:term":[{"taxonomy":"product_brand","embeddable":true,"href":"https:\/\/sindicom.hr\/en\/wp-json\/wp\/v2\/product_brand?post=14056"},{"taxonomy":"product_cat","embeddable":true,"href":"https:\/\/sindicom.hr\/en\/wp-json\/wp\/v2\/product_cat?post=14056"},{"taxonomy":"product_tag","embeddable":true,"href":"https:\/\/sindicom.hr\/en\/wp-json\/wp\/v2\/product_tag?post=14056"}],"curies":[{"name":"wp","href":"https:\/\/api.w.org\/{rel}","templated":true}]}}