{"id":14294,"date":"2020-05-11T08:25:47","date_gmt":"2020-05-11T08:25:47","guid":{"rendered":"https:\/\/sindicom.hr\/katalog\/set-serva-kvacila-kongsberg-100-mm-zamj-2\/"},"modified":"2025-10-27T11:47:05","modified_gmt":"2025-10-27T11:47:05","slug":"set-serva-kvacila-kongsberg-100-mm-zamj-2","status":"publish","type":"product","link":"https:\/\/sindicom.hr\/en\/katalog\/set-serva-kvacila-kongsberg-100-mm-zamj-2\/","title":{"rendered":"CIJEV VODE GLAVE KOMPRESORA ZRAKA VOITH MERCEDES EURO 6 VADEN ZAMJ."},"content":{"rendered":"<p>0101272 VADEN  4712000252 MERCEDES  4712001652 MERCEDES  A4712000252 MERCEDES  A4712001652 MERCEDES  K091889K50 KNORR  K091890K50 KNORR  K091891K50 KNORR  K091883K50 KNORR  K044364N01 KNORR  K051975N00 KNORR  K051975N01 KNORR  K057862N01 KNORR  K066254N00 KNORR  K066254N01 KNORR  K165523N00 KNORR  K165523N01 KNORR  K214161N00 KNORR  K214161N01 KNORR  K052059N01 KNORR  K063238N01 KNORR  K066349N00 KNORR  K066349N01 KNORR  K171591N00 KNORR  K171591N01 KNORR  K214165N00 KNORR  K214165N01 KNORR  K057764N00 KNORR  K057764N01 KNORR  K066332N00 KNORR  K066332N01 KNORR  K168097N00 KNORR  K168097N01 KNORR  K214163N00 KNORR  K214163N01 KNORR  LK4975 KNORR  LK4972 KNORR  A0011305515 MERCEDES  A0011307415 MERCEDES  A0011308215 MERCEDES  A4711301915 MERCEDES  A4711302415 MERCEDES  A4711303715 MERCEDES  A4711306015 MERCEDES  A4711307615 MERCEDES  114848 AUGER  Cooling plastic hose for compressor MAN  Coolant pipe water supply compressor MAN  K\u00fchlkunststoffschlauch f\u00fcr MAN Kompressor  K\u00fchlmittelrohrleitung Wasserversorgung Kompressor MAN  Tubo refrigerante alimentazione acqua compressore MAN  Tubo flessibile di raffreddamento in plastica per compressore MAN<\/p>\n","protected":false},"excerpt":{"rendered":"<p><img decoding=\"async\" class=\"alignnone size-medium wp-image-17694\" src=\"https:\/\/sindicom.hr\/wp-content\/uploads\/2020\/05\/aftermarket-300x300.png\" alt=\"\" width=\"300\" height=\"300\" srcset=\"https:\/\/sindicom.hr\/wp-content\/uploads\/2020\/05\/aftermarket-64x64.png 64w, https:\/\/sindicom.hr\/wp-content\/uploads\/2020\/05\/aftermarket-66x66.png 66w, https:\/\/sindicom.hr\/wp-content\/uploads\/2020\/05\/aftermarket-100x100.png 100w, https:\/\/sindicom.hr\/wp-content\/uploads\/2020\/05\/aftermarket-150x150.png 150w, https:\/\/sindicom.hr\/wp-content\/uploads\/2020\/05\/aftermarket-200x200.png 200w, https:\/\/sindicom.hr\/wp-content\/uploads\/2020\/05\/aftermarket.png 300w\" sizes=\"(max-width: 300px) 100vw, 300px\" \/><\/p>\n","protected":false},"featured_media":39133,"template":"","meta":{"inline_featured_image":false},"product_brand":[],"product_cat":[15,120,107,111],"product_tag":[],"class_list":{"0":"post-14294","1":"product","2":"type-product","3":"status-publish","4":"has-post-thumbnail","6":"product_cat-all-products","7":"product_cat-reparaturni-setovi","8":"product_cat-teretna-vozila","9":"product_cat-volvo","11":"first","12":"instock","13":"shipping-taxable","14":"purchasable","15":"product-type-simple"},"yoast_head":"<!-- This site is optimized with the Yoast SEO plugin v26.2 - https:\/\/yoast.com\/wordpress\/plugins\/seo\/ -->\n<title>CIJEV VODE GLAVE KOMPRESORA ZRAKA VOITH MERCEDES EURO 6 VADEN ZAMJ. - Sindicom<\/title>\n<meta name=\"robots\" content=\"index, follow, max-snippet:-1, max-image-preview:large, max-video-preview:-1\" \/>\n<link rel=\"canonical\" href=\"https:\/\/sindicom.hr\/en\/katalog\/set-serva-kvacila-kongsberg-100-mm-zamj-2\/\" \/>\n<meta property=\"og:locale\" content=\"en_US\" \/>\n<meta property=\"og:type\" content=\"article\" \/>\n<meta property=\"og:title\" content=\"CIJEV VODE GLAVE KOMPRESORA ZRAKA VOITH MERCEDES EURO 6 VADEN ZAMJ. - Sindicom\" \/>\n<meta property=\"og:url\" content=\"https:\/\/sindicom.hr\/en\/katalog\/set-serva-kvacila-kongsberg-100-mm-zamj-2\/\" \/>\n<meta property=\"og:site_name\" content=\"Sindicom\" \/>\n<meta property=\"article:publisher\" content=\"https:\/\/www.facebook.com\/Sindicom-doo-170277286366043\/\" \/>\n<meta property=\"article:modified_time\" content=\"2025-10-27T11:47:05+00:00\" \/>\n<meta property=\"og:image\" content=\"https:\/\/sindicom.hr\/wp-content\/uploads\/2020\/05\/0101272-VADEN-4712000252.webp\" \/>\n\t<meta property=\"og:image:width\" content=\"600\" \/>\n\t<meta property=\"og:image:height\" content=\"600\" \/>\n\t<meta property=\"og:image:type\" content=\"image\/webp\" \/>\n<meta name=\"twitter:card\" content=\"summary_large_image\" \/>\n<meta name=\"twitter:label1\" content=\"Est. reading time\" \/>\n\t<meta name=\"twitter:data1\" content=\"1 minute\" \/>\n<script type=\"application\/ld+json\" class=\"yoast-schema-graph\">{\"@context\":\"https:\/\/schema.org\",\"@graph\":[{\"@type\":\"WebPage\",\"@id\":\"https:\/\/sindicom.hr\/en\/katalog\/set-serva-kvacila-kongsberg-100-mm-zamj-2\/\",\"url\":\"https:\/\/sindicom.hr\/en\/katalog\/set-serva-kvacila-kongsberg-100-mm-zamj-2\/\",\"name\":\"CIJEV VODE GLAVE KOMPRESORA ZRAKA VOITH MERCEDES EURO 6 VADEN ZAMJ. - Sindicom\",\"isPartOf\":{\"@id\":\"https:\/\/sindicom.hr\/en\/#website\"},\"primaryImageOfPage\":{\"@id\":\"https:\/\/sindicom.hr\/en\/katalog\/set-serva-kvacila-kongsberg-100-mm-zamj-2\/#primaryimage\"},\"image\":{\"@id\":\"https:\/\/sindicom.hr\/en\/katalog\/set-serva-kvacila-kongsberg-100-mm-zamj-2\/#primaryimage\"},\"thumbnailUrl\":\"https:\/\/sindicom.hr\/wp-content\/uploads\/2020\/05\/0101272-VADEN-4712000252.webp\",\"datePublished\":\"2020-05-11T08:25:47+00:00\",\"dateModified\":\"2025-10-27T11:47:05+00:00\",\"breadcrumb\":{\"@id\":\"https:\/\/sindicom.hr\/en\/katalog\/set-serva-kvacila-kongsberg-100-mm-zamj-2\/#breadcrumb\"},\"inLanguage\":\"en-US\",\"potentialAction\":[{\"@type\":\"ReadAction\",\"target\":[\"https:\/\/sindicom.hr\/en\/katalog\/set-serva-kvacila-kongsberg-100-mm-zamj-2\/\"]}]},{\"@type\":\"ImageObject\",\"inLanguage\":\"en-US\",\"@id\":\"https:\/\/sindicom.hr\/en\/katalog\/set-serva-kvacila-kongsberg-100-mm-zamj-2\/#primaryimage\",\"url\":\"https:\/\/sindicom.hr\/wp-content\/uploads\/2020\/05\/0101272-VADEN-4712000252.webp\",\"contentUrl\":\"https:\/\/sindicom.hr\/wp-content\/uploads\/2020\/05\/0101272-VADEN-4712000252.webp\",\"width\":600,\"height\":600},{\"@type\":\"BreadcrumbList\",\"@id\":\"https:\/\/sindicom.hr\/en\/katalog\/set-serva-kvacila-kongsberg-100-mm-zamj-2\/#breadcrumb\",\"itemListElement\":[{\"@type\":\"ListItem\",\"position\":1,\"name\":\"Po\u010detna stranica\",\"item\":\"https:\/\/sindicom.hr\/en\/\"},{\"@type\":\"ListItem\",\"position\":2,\"name\":\"Katalog dijelova\",\"item\":\"https:\/\/sindicom.hr\/en\/catalog\/\"},{\"@type\":\"ListItem\",\"position\":3,\"name\":\"CIJEV VODE GLAVE KOMPRESORA ZRAKA VOITH MERCEDES EURO 6 VADEN ZAMJ.\"}]},{\"@type\":\"WebSite\",\"@id\":\"https:\/\/sindicom.hr\/en\/#website\",\"url\":\"https:\/\/sindicom.hr\/en\/\",\"name\":\"SINDICOM\",\"description\":\"Trade and repair of pneumatic brakes, air and hydraulic systems for trucks and buses\",\"publisher\":{\"@id\":\"https:\/\/sindicom.hr\/en\/#organization\"},\"potentialAction\":[{\"@type\":\"SearchAction\",\"target\":{\"@type\":\"EntryPoint\",\"urlTemplate\":\"https:\/\/sindicom.hr\/en\/?s={search_term_string}\"},\"query-input\":{\"@type\":\"PropertyValueSpecification\",\"valueRequired\":true,\"valueName\":\"search_term_string\"}}],\"inLanguage\":\"en-US\"},{\"@type\":\"Organization\",\"@id\":\"https:\/\/sindicom.hr\/en\/#organization\",\"name\":\"SINDICOM d.o.o.\",\"url\":\"https:\/\/sindicom.hr\/en\/\",\"logo\":{\"@type\":\"ImageObject\",\"inLanguage\":\"en-US\",\"@id\":\"https:\/\/sindicom.hr\/en\/#\/schema\/logo\/image\/\",\"url\":\"https:\/\/sindicom.hr\/wp-content\/uploads\/2019\/11\/sindicom_logo_veliki1.jpg.png\",\"contentUrl\":\"https:\/\/sindicom.hr\/wp-content\/uploads\/2019\/11\/sindicom_logo_veliki1.jpg.png\",\"width\":732,\"height\":706,\"caption\":\"SINDICOM d.o.o.\"},\"image\":{\"@id\":\"https:\/\/sindicom.hr\/en\/#\/schema\/logo\/image\/\"},\"sameAs\":[\"https:\/\/www.facebook.com\/Sindicom-doo-170277286366043\/\",\"https:\/\/instagram.com\/sindicomdoo\"]}]}<\/script>\n<!-- \/ Yoast SEO plugin. -->","yoast_head_json":{"title":"CIJEV VODE GLAVE KOMPRESORA ZRAKA VOITH MERCEDES EURO 6 VADEN ZAMJ. - Sindicom","robots":{"index":"index","follow":"follow","max-snippet":"max-snippet:-1","max-image-preview":"max-image-preview:large","max-video-preview":"max-video-preview:-1"},"canonical":"https:\/\/sindicom.hr\/en\/katalog\/set-serva-kvacila-kongsberg-100-mm-zamj-2\/","og_locale":"en_US","og_type":"article","og_title":"CIJEV VODE GLAVE KOMPRESORA ZRAKA VOITH MERCEDES EURO 6 VADEN ZAMJ. - Sindicom","og_url":"https:\/\/sindicom.hr\/en\/katalog\/set-serva-kvacila-kongsberg-100-mm-zamj-2\/","og_site_name":"Sindicom","article_publisher":"https:\/\/www.facebook.com\/Sindicom-doo-170277286366043\/","article_modified_time":"2025-10-27T11:47:05+00:00","og_image":[{"width":600,"height":600,"url":"https:\/\/sindicom.hr\/wp-content\/uploads\/2020\/05\/0101272-VADEN-4712000252.webp","type":"image\/webp"}],"twitter_card":"summary_large_image","twitter_misc":{"Est. reading time":"1 minute"},"schema":{"@context":"https:\/\/schema.org","@graph":[{"@type":"WebPage","@id":"https:\/\/sindicom.hr\/en\/katalog\/set-serva-kvacila-kongsberg-100-mm-zamj-2\/","url":"https:\/\/sindicom.hr\/en\/katalog\/set-serva-kvacila-kongsberg-100-mm-zamj-2\/","name":"CIJEV VODE GLAVE KOMPRESORA ZRAKA VOITH MERCEDES EURO 6 VADEN ZAMJ. - Sindicom","isPartOf":{"@id":"https:\/\/sindicom.hr\/en\/#website"},"primaryImageOfPage":{"@id":"https:\/\/sindicom.hr\/en\/katalog\/set-serva-kvacila-kongsberg-100-mm-zamj-2\/#primaryimage"},"image":{"@id":"https:\/\/sindicom.hr\/en\/katalog\/set-serva-kvacila-kongsberg-100-mm-zamj-2\/#primaryimage"},"thumbnailUrl":"https:\/\/sindicom.hr\/wp-content\/uploads\/2020\/05\/0101272-VADEN-4712000252.webp","datePublished":"2020-05-11T08:25:47+00:00","dateModified":"2025-10-27T11:47:05+00:00","breadcrumb":{"@id":"https:\/\/sindicom.hr\/en\/katalog\/set-serva-kvacila-kongsberg-100-mm-zamj-2\/#breadcrumb"},"inLanguage":"en-US","potentialAction":[{"@type":"ReadAction","target":["https:\/\/sindicom.hr\/en\/katalog\/set-serva-kvacila-kongsberg-100-mm-zamj-2\/"]}]},{"@type":"ImageObject","inLanguage":"en-US","@id":"https:\/\/sindicom.hr\/en\/katalog\/set-serva-kvacila-kongsberg-100-mm-zamj-2\/#primaryimage","url":"https:\/\/sindicom.hr\/wp-content\/uploads\/2020\/05\/0101272-VADEN-4712000252.webp","contentUrl":"https:\/\/sindicom.hr\/wp-content\/uploads\/2020\/05\/0101272-VADEN-4712000252.webp","width":600,"height":600},{"@type":"BreadcrumbList","@id":"https:\/\/sindicom.hr\/en\/katalog\/set-serva-kvacila-kongsberg-100-mm-zamj-2\/#breadcrumb","itemListElement":[{"@type":"ListItem","position":1,"name":"Po\u010detna stranica","item":"https:\/\/sindicom.hr\/en\/"},{"@type":"ListItem","position":2,"name":"Katalog dijelova","item":"https:\/\/sindicom.hr\/en\/catalog\/"},{"@type":"ListItem","position":3,"name":"CIJEV VODE GLAVE KOMPRESORA ZRAKA VOITH MERCEDES EURO 6 VADEN ZAMJ."}]},{"@type":"WebSite","@id":"https:\/\/sindicom.hr\/en\/#website","url":"https:\/\/sindicom.hr\/en\/","name":"SINDICOM","description":"Trade and repair of pneumatic brakes, air and hydraulic systems for trucks and buses","publisher":{"@id":"https:\/\/sindicom.hr\/en\/#organization"},"potentialAction":[{"@type":"SearchAction","target":{"@type":"EntryPoint","urlTemplate":"https:\/\/sindicom.hr\/en\/?s={search_term_string}"},"query-input":{"@type":"PropertyValueSpecification","valueRequired":true,"valueName":"search_term_string"}}],"inLanguage":"en-US"},{"@type":"Organization","@id":"https:\/\/sindicom.hr\/en\/#organization","name":"SINDICOM d.o.o.","url":"https:\/\/sindicom.hr\/en\/","logo":{"@type":"ImageObject","inLanguage":"en-US","@id":"https:\/\/sindicom.hr\/en\/#\/schema\/logo\/image\/","url":"https:\/\/sindicom.hr\/wp-content\/uploads\/2019\/11\/sindicom_logo_veliki1.jpg.png","contentUrl":"https:\/\/sindicom.hr\/wp-content\/uploads\/2019\/11\/sindicom_logo_veliki1.jpg.png","width":732,"height":706,"caption":"SINDICOM d.o.o."},"image":{"@id":"https:\/\/sindicom.hr\/en\/#\/schema\/logo\/image\/"},"sameAs":["https:\/\/www.facebook.com\/Sindicom-doo-170277286366043\/","https:\/\/instagram.com\/sindicomdoo"]}]}},"_links":{"self":[{"href":"https:\/\/sindicom.hr\/en\/wp-json\/wp\/v2\/product\/14294","targetHints":{"allow":["GET"]}}],"collection":[{"href":"https:\/\/sindicom.hr\/en\/wp-json\/wp\/v2\/product"}],"about":[{"href":"https:\/\/sindicom.hr\/en\/wp-json\/wp\/v2\/types\/product"}],"wp:featuredmedia":[{"embeddable":true,"href":"https:\/\/sindicom.hr\/en\/wp-json\/wp\/v2\/media\/39133"}],"wp:attachment":[{"href":"https:\/\/sindicom.hr\/en\/wp-json\/wp\/v2\/media?parent=14294"}],"wp:term":[{"taxonomy":"product_brand","embeddable":true,"href":"https:\/\/sindicom.hr\/en\/wp-json\/wp\/v2\/product_brand?post=14294"},{"taxonomy":"product_cat","embeddable":true,"href":"https:\/\/sindicom.hr\/en\/wp-json\/wp\/v2\/product_cat?post=14294"},{"taxonomy":"product_tag","embeddable":true,"href":"https:\/\/sindicom.hr\/en\/wp-json\/wp\/v2\/product_tag?post=14294"}],"curies":[{"name":"wp","href":"https:\/\/api.w.org\/{rel}","templated":true}]}}