{"id":14553,"date":"2020-05-11T08:26:37","date_gmt":"2020-05-11T08:26:37","guid":{"rendered":"https:\/\/sindicom.hr\/katalog\/set-glave-kompresora-knorr-zamj-5\/"},"modified":"2025-10-27T11:48:50","modified_gmt":"2025-10-27T11:48:50","slug":"set-glave-kompresora-knorr-zamj-5","status":"publish","type":"product","link":"https:\/\/sindicom.hr\/en\/katalog\/set-glave-kompresora-knorr-zamj-5\/","title":{"rendered":"KO\u010cIONA \u010cELJUST PRIKOLICE 19.5 LIJEVA BEZ NOSA\u010cA BEZ PLO\u010cICA BPW OE KAUCIJA"},"content":{"rendered":"<p>09.362.72.13.2 BPW  0936272132 BPW  09.362.72.13.0 BPW  0936272130 BPW  09.362.72.13.1 BPW  0936272131 BPW  0536272030 BPW  05.362.72.03.0 BPW  0936272030 BPW  09.362.72.03.0 BPW  0936272031 BPW  09.362.72.03.1 BPW  09.362.72.13.3 BPW  0936272133 BPW  0536272130 BPW  05.362.72.13.0 BPW  TSB4309 BPW  6354689 KOGEL  6354689 K\u00d6GEL  550017020 KRONE  550016330 KRONE  Air Disc Brake caliper  Luftscheibenbremse Bremssattel  Pinza del freno a disco pneumatico  \u00c9trier de frein a disque pneumatique<\/p>\n","protected":false},"excerpt":{"rendered":"<p><img decoding=\"async\" class=\"alignnone size-medium wp-image-17700\" src=\"https:\/\/sindicom.hr\/wp-content\/uploads\/2020\/05\/bpw-300x300.png\" alt=\"\" width=\"300\" height=\"300\" srcset=\"https:\/\/sindicom.hr\/wp-content\/uploads\/2020\/05\/bpw-64x64.png 64w, https:\/\/sindicom.hr\/wp-content\/uploads\/2020\/05\/bpw-66x66.png 66w, https:\/\/sindicom.hr\/wp-content\/uploads\/2020\/05\/bpw-100x100.png 100w, https:\/\/sindicom.hr\/wp-content\/uploads\/2020\/05\/bpw-150x150.png 150w, https:\/\/sindicom.hr\/wp-content\/uploads\/2020\/05\/bpw-200x200.png 200w, https:\/\/sindicom.hr\/wp-content\/uploads\/2020\/05\/bpw.png 300w\" sizes=\"(max-width: 300px) 100vw, 300px\" \/><\/p>\n","protected":false},"featured_media":45389,"template":"","meta":{"inline_featured_image":false},"product_brand":[],"product_cat":[15,59,116,117,114],"product_tag":[],"class_list":{"0":"post-14553","1":"product","2":"type-product","3":"status-publish","4":"has-post-thumbnail","6":"product_cat-all-products","7":"product_cat-kocione-celjusti","8":"product_cat-kogel","9":"product_cat-krone","10":"product_cat-prikolice","12":"first","13":"instock","14":"shipping-taxable","15":"purchasable","16":"product-type-simple"},"yoast_head":"<!-- This site is optimized with the Yoast SEO plugin v26.2 - https:\/\/yoast.com\/wordpress\/plugins\/seo\/ -->\n<title>KO\u010cIONA \u010cELJUST PRIKOLICE 19.5 LIJEVA BEZ NOSA\u010cA BEZ PLO\u010cICA BPW OE KAUCIJA - Sindicom<\/title>\n<meta name=\"robots\" content=\"index, follow, max-snippet:-1, max-image-preview:large, max-video-preview:-1\" \/>\n<link rel=\"canonical\" href=\"https:\/\/sindicom.hr\/en\/katalog\/set-glave-kompresora-knorr-zamj-5\/\" \/>\n<meta property=\"og:locale\" content=\"en_US\" \/>\n<meta property=\"og:type\" content=\"article\" \/>\n<meta property=\"og:title\" content=\"KO\u010cIONA \u010cELJUST PRIKOLICE 19.5 LIJEVA BEZ NOSA\u010cA BEZ PLO\u010cICA BPW OE KAUCIJA - Sindicom\" \/>\n<meta property=\"og:url\" content=\"https:\/\/sindicom.hr\/en\/katalog\/set-glave-kompresora-knorr-zamj-5\/\" \/>\n<meta property=\"og:site_name\" content=\"Sindicom\" \/>\n<meta property=\"article:publisher\" content=\"https:\/\/www.facebook.com\/Sindicom-doo-170277286366043\/\" \/>\n<meta property=\"article:modified_time\" content=\"2025-10-27T11:48:50+00:00\" \/>\n<meta property=\"og:image\" content=\"https:\/\/sindicom.hr\/wp-content\/uploads\/2020\/05\/09.362.72.13.2.webp\" \/>\n\t<meta property=\"og:image:width\" content=\"600\" \/>\n\t<meta property=\"og:image:height\" content=\"600\" \/>\n\t<meta property=\"og:image:type\" content=\"image\/webp\" \/>\n<meta name=\"twitter:card\" content=\"summary_large_image\" \/>\n<meta name=\"twitter:label1\" content=\"Est. reading time\" \/>\n\t<meta name=\"twitter:data1\" content=\"1 minute\" \/>\n<script type=\"application\/ld+json\" class=\"yoast-schema-graph\">{\"@context\":\"https:\/\/schema.org\",\"@graph\":[{\"@type\":\"WebPage\",\"@id\":\"https:\/\/sindicom.hr\/en\/katalog\/set-glave-kompresora-knorr-zamj-5\/\",\"url\":\"https:\/\/sindicom.hr\/en\/katalog\/set-glave-kompresora-knorr-zamj-5\/\",\"name\":\"KO\u010cIONA \u010cELJUST PRIKOLICE 19.5 LIJEVA BEZ NOSA\u010cA BEZ PLO\u010cICA BPW OE KAUCIJA - Sindicom\",\"isPartOf\":{\"@id\":\"https:\/\/sindicom.hr\/en\/#website\"},\"primaryImageOfPage\":{\"@id\":\"https:\/\/sindicom.hr\/en\/katalog\/set-glave-kompresora-knorr-zamj-5\/#primaryimage\"},\"image\":{\"@id\":\"https:\/\/sindicom.hr\/en\/katalog\/set-glave-kompresora-knorr-zamj-5\/#primaryimage\"},\"thumbnailUrl\":\"https:\/\/sindicom.hr\/wp-content\/uploads\/2020\/05\/09.362.72.13.2.webp\",\"datePublished\":\"2020-05-11T08:26:37+00:00\",\"dateModified\":\"2025-10-27T11:48:50+00:00\",\"breadcrumb\":{\"@id\":\"https:\/\/sindicom.hr\/en\/katalog\/set-glave-kompresora-knorr-zamj-5\/#breadcrumb\"},\"inLanguage\":\"en-US\",\"potentialAction\":[{\"@type\":\"ReadAction\",\"target\":[\"https:\/\/sindicom.hr\/en\/katalog\/set-glave-kompresora-knorr-zamj-5\/\"]}]},{\"@type\":\"ImageObject\",\"inLanguage\":\"en-US\",\"@id\":\"https:\/\/sindicom.hr\/en\/katalog\/set-glave-kompresora-knorr-zamj-5\/#primaryimage\",\"url\":\"https:\/\/sindicom.hr\/wp-content\/uploads\/2020\/05\/09.362.72.13.2.webp\",\"contentUrl\":\"https:\/\/sindicom.hr\/wp-content\/uploads\/2020\/05\/09.362.72.13.2.webp\",\"width\":600,\"height\":600},{\"@type\":\"BreadcrumbList\",\"@id\":\"https:\/\/sindicom.hr\/en\/katalog\/set-glave-kompresora-knorr-zamj-5\/#breadcrumb\",\"itemListElement\":[{\"@type\":\"ListItem\",\"position\":1,\"name\":\"Po\u010detna stranica\",\"item\":\"https:\/\/sindicom.hr\/en\/\"},{\"@type\":\"ListItem\",\"position\":2,\"name\":\"Katalog dijelova\",\"item\":\"https:\/\/sindicom.hr\/en\/catalog\/\"},{\"@type\":\"ListItem\",\"position\":3,\"name\":\"KO\u010cIONA \u010cELJUST PRIKOLICE 19,5 LIJEVA BEZ NOSA\u010cA BEZ PLO\u010cICA BPW OE KAUCIJA\"}]},{\"@type\":\"WebSite\",\"@id\":\"https:\/\/sindicom.hr\/en\/#website\",\"url\":\"https:\/\/sindicom.hr\/en\/\",\"name\":\"SINDICOM\",\"description\":\"Trade and repair of pneumatic brakes, air and hydraulic systems for trucks and buses\",\"publisher\":{\"@id\":\"https:\/\/sindicom.hr\/en\/#organization\"},\"potentialAction\":[{\"@type\":\"SearchAction\",\"target\":{\"@type\":\"EntryPoint\",\"urlTemplate\":\"https:\/\/sindicom.hr\/en\/?s={search_term_string}\"},\"query-input\":{\"@type\":\"PropertyValueSpecification\",\"valueRequired\":true,\"valueName\":\"search_term_string\"}}],\"inLanguage\":\"en-US\"},{\"@type\":\"Organization\",\"@id\":\"https:\/\/sindicom.hr\/en\/#organization\",\"name\":\"SINDICOM d.o.o.\",\"url\":\"https:\/\/sindicom.hr\/en\/\",\"logo\":{\"@type\":\"ImageObject\",\"inLanguage\":\"en-US\",\"@id\":\"https:\/\/sindicom.hr\/en\/#\/schema\/logo\/image\/\",\"url\":\"https:\/\/sindicom.hr\/wp-content\/uploads\/2019\/11\/sindicom_logo_veliki1.jpg.png\",\"contentUrl\":\"https:\/\/sindicom.hr\/wp-content\/uploads\/2019\/11\/sindicom_logo_veliki1.jpg.png\",\"width\":732,\"height\":706,\"caption\":\"SINDICOM d.o.o.\"},\"image\":{\"@id\":\"https:\/\/sindicom.hr\/en\/#\/schema\/logo\/image\/\"},\"sameAs\":[\"https:\/\/www.facebook.com\/Sindicom-doo-170277286366043\/\",\"https:\/\/instagram.com\/sindicomdoo\"]}]}<\/script>\n<!-- \/ Yoast SEO plugin. -->","yoast_head_json":{"title":"KO\u010cIONA \u010cELJUST PRIKOLICE 19.5 LIJEVA BEZ NOSA\u010cA BEZ PLO\u010cICA BPW OE KAUCIJA - Sindicom","robots":{"index":"index","follow":"follow","max-snippet":"max-snippet:-1","max-image-preview":"max-image-preview:large","max-video-preview":"max-video-preview:-1"},"canonical":"https:\/\/sindicom.hr\/en\/katalog\/set-glave-kompresora-knorr-zamj-5\/","og_locale":"en_US","og_type":"article","og_title":"KO\u010cIONA \u010cELJUST PRIKOLICE 19.5 LIJEVA BEZ NOSA\u010cA BEZ PLO\u010cICA BPW OE KAUCIJA - Sindicom","og_url":"https:\/\/sindicom.hr\/en\/katalog\/set-glave-kompresora-knorr-zamj-5\/","og_site_name":"Sindicom","article_publisher":"https:\/\/www.facebook.com\/Sindicom-doo-170277286366043\/","article_modified_time":"2025-10-27T11:48:50+00:00","og_image":[{"width":600,"height":600,"url":"https:\/\/sindicom.hr\/wp-content\/uploads\/2020\/05\/09.362.72.13.2.webp","type":"image\/webp"}],"twitter_card":"summary_large_image","twitter_misc":{"Est. reading time":"1 minute"},"schema":{"@context":"https:\/\/schema.org","@graph":[{"@type":"WebPage","@id":"https:\/\/sindicom.hr\/en\/katalog\/set-glave-kompresora-knorr-zamj-5\/","url":"https:\/\/sindicom.hr\/en\/katalog\/set-glave-kompresora-knorr-zamj-5\/","name":"KO\u010cIONA \u010cELJUST PRIKOLICE 19.5 LIJEVA BEZ NOSA\u010cA BEZ PLO\u010cICA BPW OE KAUCIJA - Sindicom","isPartOf":{"@id":"https:\/\/sindicom.hr\/en\/#website"},"primaryImageOfPage":{"@id":"https:\/\/sindicom.hr\/en\/katalog\/set-glave-kompresora-knorr-zamj-5\/#primaryimage"},"image":{"@id":"https:\/\/sindicom.hr\/en\/katalog\/set-glave-kompresora-knorr-zamj-5\/#primaryimage"},"thumbnailUrl":"https:\/\/sindicom.hr\/wp-content\/uploads\/2020\/05\/09.362.72.13.2.webp","datePublished":"2020-05-11T08:26:37+00:00","dateModified":"2025-10-27T11:48:50+00:00","breadcrumb":{"@id":"https:\/\/sindicom.hr\/en\/katalog\/set-glave-kompresora-knorr-zamj-5\/#breadcrumb"},"inLanguage":"en-US","potentialAction":[{"@type":"ReadAction","target":["https:\/\/sindicom.hr\/en\/katalog\/set-glave-kompresora-knorr-zamj-5\/"]}]},{"@type":"ImageObject","inLanguage":"en-US","@id":"https:\/\/sindicom.hr\/en\/katalog\/set-glave-kompresora-knorr-zamj-5\/#primaryimage","url":"https:\/\/sindicom.hr\/wp-content\/uploads\/2020\/05\/09.362.72.13.2.webp","contentUrl":"https:\/\/sindicom.hr\/wp-content\/uploads\/2020\/05\/09.362.72.13.2.webp","width":600,"height":600},{"@type":"BreadcrumbList","@id":"https:\/\/sindicom.hr\/en\/katalog\/set-glave-kompresora-knorr-zamj-5\/#breadcrumb","itemListElement":[{"@type":"ListItem","position":1,"name":"Po\u010detna stranica","item":"https:\/\/sindicom.hr\/en\/"},{"@type":"ListItem","position":2,"name":"Katalog dijelova","item":"https:\/\/sindicom.hr\/en\/catalog\/"},{"@type":"ListItem","position":3,"name":"KO\u010cIONA \u010cELJUST PRIKOLICE 19,5 LIJEVA BEZ NOSA\u010cA BEZ PLO\u010cICA BPW OE KAUCIJA"}]},{"@type":"WebSite","@id":"https:\/\/sindicom.hr\/en\/#website","url":"https:\/\/sindicom.hr\/en\/","name":"SINDICOM","description":"Trade and repair of pneumatic brakes, air and hydraulic systems for trucks and buses","publisher":{"@id":"https:\/\/sindicom.hr\/en\/#organization"},"potentialAction":[{"@type":"SearchAction","target":{"@type":"EntryPoint","urlTemplate":"https:\/\/sindicom.hr\/en\/?s={search_term_string}"},"query-input":{"@type":"PropertyValueSpecification","valueRequired":true,"valueName":"search_term_string"}}],"inLanguage":"en-US"},{"@type":"Organization","@id":"https:\/\/sindicom.hr\/en\/#organization","name":"SINDICOM d.o.o.","url":"https:\/\/sindicom.hr\/en\/","logo":{"@type":"ImageObject","inLanguage":"en-US","@id":"https:\/\/sindicom.hr\/en\/#\/schema\/logo\/image\/","url":"https:\/\/sindicom.hr\/wp-content\/uploads\/2019\/11\/sindicom_logo_veliki1.jpg.png","contentUrl":"https:\/\/sindicom.hr\/wp-content\/uploads\/2019\/11\/sindicom_logo_veliki1.jpg.png","width":732,"height":706,"caption":"SINDICOM d.o.o."},"image":{"@id":"https:\/\/sindicom.hr\/en\/#\/schema\/logo\/image\/"},"sameAs":["https:\/\/www.facebook.com\/Sindicom-doo-170277286366043\/","https:\/\/instagram.com\/sindicomdoo"]}]}},"_links":{"self":[{"href":"https:\/\/sindicom.hr\/en\/wp-json\/wp\/v2\/product\/14553","targetHints":{"allow":["GET"]}}],"collection":[{"href":"https:\/\/sindicom.hr\/en\/wp-json\/wp\/v2\/product"}],"about":[{"href":"https:\/\/sindicom.hr\/en\/wp-json\/wp\/v2\/types\/product"}],"wp:featuredmedia":[{"embeddable":true,"href":"https:\/\/sindicom.hr\/en\/wp-json\/wp\/v2\/media\/45389"}],"wp:attachment":[{"href":"https:\/\/sindicom.hr\/en\/wp-json\/wp\/v2\/media?parent=14553"}],"wp:term":[{"taxonomy":"product_brand","embeddable":true,"href":"https:\/\/sindicom.hr\/en\/wp-json\/wp\/v2\/product_brand?post=14553"},{"taxonomy":"product_cat","embeddable":true,"href":"https:\/\/sindicom.hr\/en\/wp-json\/wp\/v2\/product_cat?post=14553"},{"taxonomy":"product_tag","embeddable":true,"href":"https:\/\/sindicom.hr\/en\/wp-json\/wp\/v2\/product_tag?post=14553"}],"curies":[{"name":"wp","href":"https:\/\/api.w.org\/{rel}","templated":true}]}}