{"id":14561,"date":"2020-05-11T08:26:39","date_gmt":"2020-05-11T08:26:39","guid":{"rendered":"https:\/\/sindicom.hr\/katalog\/karike-kompresora-86-mm-2x2x3-mm-std\/"},"modified":"2025-10-27T11:48:53","modified_gmt":"2025-10-27T11:48:53","slug":"karike-kompresora-86-mm-2x2x3-mm-std","status":"publish","type":"product","link":"https:\/\/sindicom.hr\/en\/katalog\/karike-kompresora-86-mm-2x2x3-mm-std\/","title":{"rendered":"KO\u010cIONA \u010cELJUST PRIKOLICE 19.5 DESNA BEZ NOSA\u010cA BEZ PLO\u010cICA BPW OE KAUCIJA"},"content":{"rendered":"<p>09.362.72.14.2 BPW  0936272142 BPW  04.362.72.13.2 BPW  0436272132 BPW  0536272040 BPW  05.362.72.04.0 BPW  0936272040 BPW  09.362.72.14.0 BPW  0936272140 BPW  0936272041 BPW  09.362.72.04.1 BPW  0936272141 BPW  09.362.72.14.1 BPW  09.362.72.14.3 BPW  0936272143 BPW  TSB4309 BPW  0536272140 BPW  05.362.72.14.0 BPW  09.362.72.142 BPW  6354690 KOGEL  6354690 K\u00d6GEL  550016331 KRONE  Brake disc caliper<\/p>\n","protected":false},"excerpt":{"rendered":"<p>09.362.72.14.2 BPW 0936272142 BPW 04.362.72.13.2 BPW 0436272132 BPW 0536272040 BPW  [&#8230;]<\/p>\n","protected":false},"featured_media":0,"template":"","meta":{"inline_featured_image":false},"product_brand":[],"product_cat":[140],"product_tag":[],"class_list":{"0":"post-14561","1":"product","2":"type-product","3":"status-publish","5":"product_cat-radni-strojevi","7":"first","8":"instock","9":"shipping-taxable","10":"purchasable","11":"product-type-simple"},"yoast_head":"<!-- This site is optimized with the Yoast SEO plugin v26.2 - https:\/\/yoast.com\/wordpress\/plugins\/seo\/ -->\n<title>KO\u010cIONA \u010cELJUST PRIKOLICE 19.5 DESNA BEZ NOSA\u010cA BEZ PLO\u010cICA BPW OE KAUCIJA - Sindicom<\/title>\n<meta name=\"robots\" content=\"index, follow, max-snippet:-1, max-image-preview:large, max-video-preview:-1\" \/>\n<link rel=\"canonical\" href=\"https:\/\/sindicom.hr\/en\/katalog\/karike-kompresora-86-mm-2x2x3-mm-std\/\" \/>\n<meta property=\"og:locale\" content=\"en_US\" \/>\n<meta property=\"og:type\" content=\"article\" \/>\n<meta property=\"og:title\" content=\"KO\u010cIONA \u010cELJUST PRIKOLICE 19.5 DESNA BEZ NOSA\u010cA BEZ PLO\u010cICA BPW OE KAUCIJA - Sindicom\" \/>\n<meta property=\"og:description\" content=\"09.362.72.14.2 BPW 0936272142 BPW 04.362.72.13.2 BPW 0436272132 BPW 0536272040 BPW [...]\" \/>\n<meta property=\"og:url\" content=\"https:\/\/sindicom.hr\/en\/katalog\/karike-kompresora-86-mm-2x2x3-mm-std\/\" \/>\n<meta property=\"og:site_name\" content=\"Sindicom\" \/>\n<meta property=\"article:publisher\" content=\"https:\/\/www.facebook.com\/Sindicom-doo-170277286366043\/\" \/>\n<meta property=\"article:modified_time\" content=\"2025-10-27T11:48:53+00:00\" \/>\n<meta name=\"twitter:card\" content=\"summary_large_image\" \/>\n<script type=\"application\/ld+json\" class=\"yoast-schema-graph\">{\"@context\":\"https:\/\/schema.org\",\"@graph\":[{\"@type\":\"WebPage\",\"@id\":\"https:\/\/sindicom.hr\/en\/katalog\/karike-kompresora-86-mm-2x2x3-mm-std\/\",\"url\":\"https:\/\/sindicom.hr\/en\/katalog\/karike-kompresora-86-mm-2x2x3-mm-std\/\",\"name\":\"KO\u010cIONA \u010cELJUST PRIKOLICE 19.5 DESNA BEZ NOSA\u010cA BEZ PLO\u010cICA BPW OE KAUCIJA - Sindicom\",\"isPartOf\":{\"@id\":\"https:\/\/sindicom.hr\/en\/#website\"},\"datePublished\":\"2020-05-11T08:26:39+00:00\",\"dateModified\":\"2025-10-27T11:48:53+00:00\",\"breadcrumb\":{\"@id\":\"https:\/\/sindicom.hr\/en\/katalog\/karike-kompresora-86-mm-2x2x3-mm-std\/#breadcrumb\"},\"inLanguage\":\"en-US\",\"potentialAction\":[{\"@type\":\"ReadAction\",\"target\":[\"https:\/\/sindicom.hr\/en\/katalog\/karike-kompresora-86-mm-2x2x3-mm-std\/\"]}]},{\"@type\":\"BreadcrumbList\",\"@id\":\"https:\/\/sindicom.hr\/en\/katalog\/karike-kompresora-86-mm-2x2x3-mm-std\/#breadcrumb\",\"itemListElement\":[{\"@type\":\"ListItem\",\"position\":1,\"name\":\"Po\u010detna stranica\",\"item\":\"https:\/\/sindicom.hr\/en\/\"},{\"@type\":\"ListItem\",\"position\":2,\"name\":\"Katalog dijelova\",\"item\":\"https:\/\/sindicom.hr\/en\/catalog\/\"},{\"@type\":\"ListItem\",\"position\":3,\"name\":\"KO\u010cIONA \u010cELJUST PRIKOLICE 19.5 DESNA BEZ NOSA\u010cA BEZ PLO\u010cICA BPW ORG. KAUCIJA\"}]},{\"@type\":\"WebSite\",\"@id\":\"https:\/\/sindicom.hr\/en\/#website\",\"url\":\"https:\/\/sindicom.hr\/en\/\",\"name\":\"SINDICOM\",\"description\":\"Trade and repair of pneumatic brakes, air and hydraulic systems for trucks and buses\",\"publisher\":{\"@id\":\"https:\/\/sindicom.hr\/en\/#organization\"},\"potentialAction\":[{\"@type\":\"SearchAction\",\"target\":{\"@type\":\"EntryPoint\",\"urlTemplate\":\"https:\/\/sindicom.hr\/en\/?s={search_term_string}\"},\"query-input\":{\"@type\":\"PropertyValueSpecification\",\"valueRequired\":true,\"valueName\":\"search_term_string\"}}],\"inLanguage\":\"en-US\"},{\"@type\":\"Organization\",\"@id\":\"https:\/\/sindicom.hr\/en\/#organization\",\"name\":\"SINDICOM d.o.o.\",\"url\":\"https:\/\/sindicom.hr\/en\/\",\"logo\":{\"@type\":\"ImageObject\",\"inLanguage\":\"en-US\",\"@id\":\"https:\/\/sindicom.hr\/en\/#\/schema\/logo\/image\/\",\"url\":\"https:\/\/sindicom.hr\/wp-content\/uploads\/2019\/11\/sindicom_logo_veliki1.jpg.png\",\"contentUrl\":\"https:\/\/sindicom.hr\/wp-content\/uploads\/2019\/11\/sindicom_logo_veliki1.jpg.png\",\"width\":732,\"height\":706,\"caption\":\"SINDICOM d.o.o.\"},\"image\":{\"@id\":\"https:\/\/sindicom.hr\/en\/#\/schema\/logo\/image\/\"},\"sameAs\":[\"https:\/\/www.facebook.com\/Sindicom-doo-170277286366043\/\",\"https:\/\/instagram.com\/sindicomdoo\"]}]}<\/script>\n<!-- \/ Yoast SEO plugin. -->","yoast_head_json":{"title":"KO\u010cIONA \u010cELJUST PRIKOLICE 19.5 DESNA BEZ NOSA\u010cA BEZ PLO\u010cICA BPW OE KAUCIJA - Sindicom","robots":{"index":"index","follow":"follow","max-snippet":"max-snippet:-1","max-image-preview":"max-image-preview:large","max-video-preview":"max-video-preview:-1"},"canonical":"https:\/\/sindicom.hr\/en\/katalog\/karike-kompresora-86-mm-2x2x3-mm-std\/","og_locale":"en_US","og_type":"article","og_title":"KO\u010cIONA \u010cELJUST PRIKOLICE 19.5 DESNA BEZ NOSA\u010cA BEZ PLO\u010cICA BPW OE KAUCIJA - Sindicom","og_description":"09.362.72.14.2 BPW 0936272142 BPW 04.362.72.13.2 BPW 0436272132 BPW 0536272040 BPW [...]","og_url":"https:\/\/sindicom.hr\/en\/katalog\/karike-kompresora-86-mm-2x2x3-mm-std\/","og_site_name":"Sindicom","article_publisher":"https:\/\/www.facebook.com\/Sindicom-doo-170277286366043\/","article_modified_time":"2025-10-27T11:48:53+00:00","twitter_card":"summary_large_image","schema":{"@context":"https:\/\/schema.org","@graph":[{"@type":"WebPage","@id":"https:\/\/sindicom.hr\/en\/katalog\/karike-kompresora-86-mm-2x2x3-mm-std\/","url":"https:\/\/sindicom.hr\/en\/katalog\/karike-kompresora-86-mm-2x2x3-mm-std\/","name":"KO\u010cIONA \u010cELJUST PRIKOLICE 19.5 DESNA BEZ NOSA\u010cA BEZ PLO\u010cICA BPW OE KAUCIJA - Sindicom","isPartOf":{"@id":"https:\/\/sindicom.hr\/en\/#website"},"datePublished":"2020-05-11T08:26:39+00:00","dateModified":"2025-10-27T11:48:53+00:00","breadcrumb":{"@id":"https:\/\/sindicom.hr\/en\/katalog\/karike-kompresora-86-mm-2x2x3-mm-std\/#breadcrumb"},"inLanguage":"en-US","potentialAction":[{"@type":"ReadAction","target":["https:\/\/sindicom.hr\/en\/katalog\/karike-kompresora-86-mm-2x2x3-mm-std\/"]}]},{"@type":"BreadcrumbList","@id":"https:\/\/sindicom.hr\/en\/katalog\/karike-kompresora-86-mm-2x2x3-mm-std\/#breadcrumb","itemListElement":[{"@type":"ListItem","position":1,"name":"Po\u010detna stranica","item":"https:\/\/sindicom.hr\/en\/"},{"@type":"ListItem","position":2,"name":"Katalog dijelova","item":"https:\/\/sindicom.hr\/en\/catalog\/"},{"@type":"ListItem","position":3,"name":"KO\u010cIONA \u010cELJUST PRIKOLICE 19.5 DESNA BEZ NOSA\u010cA BEZ PLO\u010cICA BPW ORG. KAUCIJA"}]},{"@type":"WebSite","@id":"https:\/\/sindicom.hr\/en\/#website","url":"https:\/\/sindicom.hr\/en\/","name":"SINDICOM","description":"Trade and repair of pneumatic brakes, air and hydraulic systems for trucks and buses","publisher":{"@id":"https:\/\/sindicom.hr\/en\/#organization"},"potentialAction":[{"@type":"SearchAction","target":{"@type":"EntryPoint","urlTemplate":"https:\/\/sindicom.hr\/en\/?s={search_term_string}"},"query-input":{"@type":"PropertyValueSpecification","valueRequired":true,"valueName":"search_term_string"}}],"inLanguage":"en-US"},{"@type":"Organization","@id":"https:\/\/sindicom.hr\/en\/#organization","name":"SINDICOM d.o.o.","url":"https:\/\/sindicom.hr\/en\/","logo":{"@type":"ImageObject","inLanguage":"en-US","@id":"https:\/\/sindicom.hr\/en\/#\/schema\/logo\/image\/","url":"https:\/\/sindicom.hr\/wp-content\/uploads\/2019\/11\/sindicom_logo_veliki1.jpg.png","contentUrl":"https:\/\/sindicom.hr\/wp-content\/uploads\/2019\/11\/sindicom_logo_veliki1.jpg.png","width":732,"height":706,"caption":"SINDICOM d.o.o."},"image":{"@id":"https:\/\/sindicom.hr\/en\/#\/schema\/logo\/image\/"},"sameAs":["https:\/\/www.facebook.com\/Sindicom-doo-170277286366043\/","https:\/\/instagram.com\/sindicomdoo"]}]}},"_links":{"self":[{"href":"https:\/\/sindicom.hr\/en\/wp-json\/wp\/v2\/product\/14561","targetHints":{"allow":["GET"]}}],"collection":[{"href":"https:\/\/sindicom.hr\/en\/wp-json\/wp\/v2\/product"}],"about":[{"href":"https:\/\/sindicom.hr\/en\/wp-json\/wp\/v2\/types\/product"}],"wp:attachment":[{"href":"https:\/\/sindicom.hr\/en\/wp-json\/wp\/v2\/media?parent=14561"}],"wp:term":[{"taxonomy":"product_brand","embeddable":true,"href":"https:\/\/sindicom.hr\/en\/wp-json\/wp\/v2\/product_brand?post=14561"},{"taxonomy":"product_cat","embeddable":true,"href":"https:\/\/sindicom.hr\/en\/wp-json\/wp\/v2\/product_cat?post=14561"},{"taxonomy":"product_tag","embeddable":true,"href":"https:\/\/sindicom.hr\/en\/wp-json\/wp\/v2\/product_tag?post=14561"}],"curies":[{"name":"wp","href":"https:\/\/api.w.org\/{rel}","templated":true}]}}