{"id":14783,"date":"2020-05-11T08:27:39","date_gmt":"2020-05-11T08:27:39","guid":{"rendered":"https:\/\/sindicom.hr\/katalog\/grijac-isusivaca-zraka-knorr-m27x1-zamj\/"},"modified":"2025-10-27T11:50:10","modified_gmt":"2025-10-27T11:50:10","slug":"grijac-isusivaca-zraka-knorr-m27x1-zamj","status":"publish","type":"product","link":"https:\/\/sindicom.hr\/en\/katalog\/grijac-isusivaca-zraka-knorr-m27x1-zamj\/","title":{"rendered":"GRIJA\u010c ISU\u0160IVA\u010cA ZRAKA KNORR LA62 LA82 M27x1 ZAMJ."},"content":{"rendered":"<p>2811-G MAY  I87122004 KNORR  I87122004 KNORR-BREMSE  I87122K50 KNORR  LA52 KNORR  LA67 KNORR  LA60 KNORR  LA62 KNORR  LA82 KNORR  LA80 KNORR  LA8001 KNORR  LA8032 KNORR  1304793 DAF  5000804092 RVI  1699834 VOLVO  42096795 IVECO  503135555 IVECO  5000804092 IVECO  11017461 MAN  11017461 NEOPLAN  7C46 2179 AA FORD OTOSAN  0005480570 MERCEDES  A0005480570 MERCEDES  A 000 548 05 70 MERCEDES  2811-G MAY  2261119 COJALI  35110120110 SORL  Heater Plug  Heizstecker  Spina del riscaldatore<\/p>\n","protected":false},"excerpt":{"rendered":"<p>2811-G MAY I87122004 KNORR I87122004 KNORR-BREMSE I87122K50 KNORR LA52 KNORR  [&#8230;]<\/p>\n","protected":false},"featured_media":0,"template":"","meta":{"inline_featured_image":false},"product_brand":[],"product_cat":[140],"product_tag":[],"class_list":{"0":"post-14783","1":"product","2":"type-product","3":"status-publish","5":"product_cat-radni-strojevi","7":"first","8":"instock","9":"shipping-taxable","10":"purchasable","11":"product-type-simple"},"yoast_head":"<!-- This site is optimized with the Yoast SEO plugin v26.2 - https:\/\/yoast.com\/wordpress\/plugins\/seo\/ -->\n<title>GRIJA\u010c ISU\u0160IVA\u010cA ZRAKA KNORR LA62 LA82 M27x1 ZAMJ. - Sindicom<\/title>\n<meta name=\"robots\" content=\"index, follow, max-snippet:-1, max-image-preview:large, max-video-preview:-1\" \/>\n<link rel=\"canonical\" href=\"https:\/\/sindicom.hr\/en\/katalog\/grijac-isusivaca-zraka-knorr-m27x1-zamj\/\" \/>\n<meta property=\"og:locale\" content=\"en_US\" \/>\n<meta property=\"og:type\" content=\"article\" \/>\n<meta property=\"og:title\" content=\"GRIJA\u010c ISU\u0160IVA\u010cA ZRAKA KNORR LA62 LA82 M27x1 ZAMJ. - Sindicom\" \/>\n<meta property=\"og:description\" content=\"2811-G MAY I87122004 KNORR I87122004 KNORR-BREMSE I87122K50 KNORR LA52 KNORR [...]\" \/>\n<meta property=\"og:url\" content=\"https:\/\/sindicom.hr\/en\/katalog\/grijac-isusivaca-zraka-knorr-m27x1-zamj\/\" \/>\n<meta property=\"og:site_name\" content=\"Sindicom\" \/>\n<meta property=\"article:publisher\" content=\"https:\/\/www.facebook.com\/Sindicom-doo-170277286366043\/\" \/>\n<meta property=\"article:modified_time\" content=\"2025-10-27T11:50:10+00:00\" \/>\n<meta name=\"twitter:card\" content=\"summary_large_image\" \/>\n<script type=\"application\/ld+json\" class=\"yoast-schema-graph\">{\"@context\":\"https:\/\/schema.org\",\"@graph\":[{\"@type\":\"WebPage\",\"@id\":\"https:\/\/sindicom.hr\/en\/katalog\/grijac-isusivaca-zraka-knorr-m27x1-zamj\/\",\"url\":\"https:\/\/sindicom.hr\/en\/katalog\/grijac-isusivaca-zraka-knorr-m27x1-zamj\/\",\"name\":\"GRIJA\u010c ISU\u0160IVA\u010cA ZRAKA KNORR LA62 LA82 M27x1 ZAMJ. - Sindicom\",\"isPartOf\":{\"@id\":\"https:\/\/sindicom.hr\/en\/#website\"},\"datePublished\":\"2020-05-11T08:27:39+00:00\",\"dateModified\":\"2025-10-27T11:50:10+00:00\",\"breadcrumb\":{\"@id\":\"https:\/\/sindicom.hr\/en\/katalog\/grijac-isusivaca-zraka-knorr-m27x1-zamj\/#breadcrumb\"},\"inLanguage\":\"en-US\",\"potentialAction\":[{\"@type\":\"ReadAction\",\"target\":[\"https:\/\/sindicom.hr\/en\/katalog\/grijac-isusivaca-zraka-knorr-m27x1-zamj\/\"]}]},{\"@type\":\"BreadcrumbList\",\"@id\":\"https:\/\/sindicom.hr\/en\/katalog\/grijac-isusivaca-zraka-knorr-m27x1-zamj\/#breadcrumb\",\"itemListElement\":[{\"@type\":\"ListItem\",\"position\":1,\"name\":\"Po\u010detna stranica\",\"item\":\"https:\/\/sindicom.hr\/en\/\"},{\"@type\":\"ListItem\",\"position\":2,\"name\":\"Katalog dijelova\",\"item\":\"https:\/\/sindicom.hr\/en\/catalog\/\"},{\"@type\":\"ListItem\",\"position\":3,\"name\":\"GRIJA\u010c ISU\u0160IVA\u010cA ZRAKA KNORR M27x1 ZAMJ.\"}]},{\"@type\":\"WebSite\",\"@id\":\"https:\/\/sindicom.hr\/en\/#website\",\"url\":\"https:\/\/sindicom.hr\/en\/\",\"name\":\"SINDICOM\",\"description\":\"Trade and repair of pneumatic brakes, air and hydraulic systems for trucks and buses\",\"publisher\":{\"@id\":\"https:\/\/sindicom.hr\/en\/#organization\"},\"potentialAction\":[{\"@type\":\"SearchAction\",\"target\":{\"@type\":\"EntryPoint\",\"urlTemplate\":\"https:\/\/sindicom.hr\/en\/?s={search_term_string}\"},\"query-input\":{\"@type\":\"PropertyValueSpecification\",\"valueRequired\":true,\"valueName\":\"search_term_string\"}}],\"inLanguage\":\"en-US\"},{\"@type\":\"Organization\",\"@id\":\"https:\/\/sindicom.hr\/en\/#organization\",\"name\":\"SINDICOM d.o.o.\",\"url\":\"https:\/\/sindicom.hr\/en\/\",\"logo\":{\"@type\":\"ImageObject\",\"inLanguage\":\"en-US\",\"@id\":\"https:\/\/sindicom.hr\/en\/#\/schema\/logo\/image\/\",\"url\":\"https:\/\/sindicom.hr\/wp-content\/uploads\/2019\/11\/sindicom_logo_veliki1.jpg.png\",\"contentUrl\":\"https:\/\/sindicom.hr\/wp-content\/uploads\/2019\/11\/sindicom_logo_veliki1.jpg.png\",\"width\":732,\"height\":706,\"caption\":\"SINDICOM d.o.o.\"},\"image\":{\"@id\":\"https:\/\/sindicom.hr\/en\/#\/schema\/logo\/image\/\"},\"sameAs\":[\"https:\/\/www.facebook.com\/Sindicom-doo-170277286366043\/\",\"https:\/\/instagram.com\/sindicomdoo\"]}]}<\/script>\n<!-- \/ Yoast SEO plugin. -->","yoast_head_json":{"title":"GRIJA\u010c ISU\u0160IVA\u010cA ZRAKA KNORR LA62 LA82 M27x1 ZAMJ. - Sindicom","robots":{"index":"index","follow":"follow","max-snippet":"max-snippet:-1","max-image-preview":"max-image-preview:large","max-video-preview":"max-video-preview:-1"},"canonical":"https:\/\/sindicom.hr\/en\/katalog\/grijac-isusivaca-zraka-knorr-m27x1-zamj\/","og_locale":"en_US","og_type":"article","og_title":"GRIJA\u010c ISU\u0160IVA\u010cA ZRAKA KNORR LA62 LA82 M27x1 ZAMJ. - Sindicom","og_description":"2811-G MAY I87122004 KNORR I87122004 KNORR-BREMSE I87122K50 KNORR LA52 KNORR [...]","og_url":"https:\/\/sindicom.hr\/en\/katalog\/grijac-isusivaca-zraka-knorr-m27x1-zamj\/","og_site_name":"Sindicom","article_publisher":"https:\/\/www.facebook.com\/Sindicom-doo-170277286366043\/","article_modified_time":"2025-10-27T11:50:10+00:00","twitter_card":"summary_large_image","schema":{"@context":"https:\/\/schema.org","@graph":[{"@type":"WebPage","@id":"https:\/\/sindicom.hr\/en\/katalog\/grijac-isusivaca-zraka-knorr-m27x1-zamj\/","url":"https:\/\/sindicom.hr\/en\/katalog\/grijac-isusivaca-zraka-knorr-m27x1-zamj\/","name":"GRIJA\u010c ISU\u0160IVA\u010cA ZRAKA KNORR LA62 LA82 M27x1 ZAMJ. - Sindicom","isPartOf":{"@id":"https:\/\/sindicom.hr\/en\/#website"},"datePublished":"2020-05-11T08:27:39+00:00","dateModified":"2025-10-27T11:50:10+00:00","breadcrumb":{"@id":"https:\/\/sindicom.hr\/en\/katalog\/grijac-isusivaca-zraka-knorr-m27x1-zamj\/#breadcrumb"},"inLanguage":"en-US","potentialAction":[{"@type":"ReadAction","target":["https:\/\/sindicom.hr\/en\/katalog\/grijac-isusivaca-zraka-knorr-m27x1-zamj\/"]}]},{"@type":"BreadcrumbList","@id":"https:\/\/sindicom.hr\/en\/katalog\/grijac-isusivaca-zraka-knorr-m27x1-zamj\/#breadcrumb","itemListElement":[{"@type":"ListItem","position":1,"name":"Po\u010detna stranica","item":"https:\/\/sindicom.hr\/en\/"},{"@type":"ListItem","position":2,"name":"Katalog dijelova","item":"https:\/\/sindicom.hr\/en\/catalog\/"},{"@type":"ListItem","position":3,"name":"GRIJA\u010c ISU\u0160IVA\u010cA ZRAKA KNORR M27x1 ZAMJ."}]},{"@type":"WebSite","@id":"https:\/\/sindicom.hr\/en\/#website","url":"https:\/\/sindicom.hr\/en\/","name":"SINDICOM","description":"Trade and repair of pneumatic brakes, air and hydraulic systems for trucks and buses","publisher":{"@id":"https:\/\/sindicom.hr\/en\/#organization"},"potentialAction":[{"@type":"SearchAction","target":{"@type":"EntryPoint","urlTemplate":"https:\/\/sindicom.hr\/en\/?s={search_term_string}"},"query-input":{"@type":"PropertyValueSpecification","valueRequired":true,"valueName":"search_term_string"}}],"inLanguage":"en-US"},{"@type":"Organization","@id":"https:\/\/sindicom.hr\/en\/#organization","name":"SINDICOM d.o.o.","url":"https:\/\/sindicom.hr\/en\/","logo":{"@type":"ImageObject","inLanguage":"en-US","@id":"https:\/\/sindicom.hr\/en\/#\/schema\/logo\/image\/","url":"https:\/\/sindicom.hr\/wp-content\/uploads\/2019\/11\/sindicom_logo_veliki1.jpg.png","contentUrl":"https:\/\/sindicom.hr\/wp-content\/uploads\/2019\/11\/sindicom_logo_veliki1.jpg.png","width":732,"height":706,"caption":"SINDICOM d.o.o."},"image":{"@id":"https:\/\/sindicom.hr\/en\/#\/schema\/logo\/image\/"},"sameAs":["https:\/\/www.facebook.com\/Sindicom-doo-170277286366043\/","https:\/\/instagram.com\/sindicomdoo"]}]}},"_links":{"self":[{"href":"https:\/\/sindicom.hr\/en\/wp-json\/wp\/v2\/product\/14783","targetHints":{"allow":["GET"]}}],"collection":[{"href":"https:\/\/sindicom.hr\/en\/wp-json\/wp\/v2\/product"}],"about":[{"href":"https:\/\/sindicom.hr\/en\/wp-json\/wp\/v2\/types\/product"}],"wp:attachment":[{"href":"https:\/\/sindicom.hr\/en\/wp-json\/wp\/v2\/media?parent=14783"}],"wp:term":[{"taxonomy":"product_brand","embeddable":true,"href":"https:\/\/sindicom.hr\/en\/wp-json\/wp\/v2\/product_brand?post=14783"},{"taxonomy":"product_cat","embeddable":true,"href":"https:\/\/sindicom.hr\/en\/wp-json\/wp\/v2\/product_cat?post=14783"},{"taxonomy":"product_tag","embeddable":true,"href":"https:\/\/sindicom.hr\/en\/wp-json\/wp\/v2\/product_tag?post=14783"}],"curies":[{"name":"wp","href":"https:\/\/api.w.org\/{rel}","templated":true}]}}