{"id":15211,"date":"2020-05-11T08:29:42","date_gmt":"2020-05-11T08:29:42","guid":{"rendered":"https:\/\/sindicom.hr\/katalog\/guraci-kocione-celjusti-knorr-may-3\/"},"modified":"2025-10-27T11:52:39","modified_gmt":"2025-10-27T11:52:39","slug":"guraci-kocione-celjusti-knorr-may-3","status":"publish","type":"product","link":"https:\/\/sindicom.hr\/en\/katalog\/guraci-kocione-celjusti-knorr-may-3\/","title":{"rendered":"GURA\u010cI KO\u010cIONE \u010cELJUSTI KNORR MAY"},"content":{"rendered":"<p>6001-01 MAY  3031  0004201382 MERCEDES   K010604 KNORR  3.434.3804.00 SAF  3434380400 SAF  13333  0004200682 MERCEDES   0004203982 MERCEDES  02.0608.14.00  0206081400  0980102630  K00944 KNORR   K010604 KNORR  1390429  1448913  15003  15006  1759811  3434380400  42553530  54178 AUGER  81508226007 MAN   CRK-053  II370760065 KNORR  K000944 KNORR  K010604 KNORR  1623221  0004204882 MERCEDES   0004200682 MERCEDES  1743421  1756389  1759811  1723414  2121859  81508226022 MAN   81508226032 MAN<\/p>\n","protected":false},"excerpt":{"rendered":"<p><img decoding=\"async\" class=\"alignnone size-full wp-image-17708\" src=\"https:\/\/sindicom.hr\/wp-content\/uploads\/2020\/05\/may.png\" alt=\"\" width=\"300\" height=\"300\" srcset=\"https:\/\/sindicom.hr\/wp-content\/uploads\/2020\/05\/may-64x64.png 64w, https:\/\/sindicom.hr\/wp-content\/uploads\/2020\/05\/may-66x66.png 66w, https:\/\/sindicom.hr\/wp-content\/uploads\/2020\/05\/may-100x100.png 100w, https:\/\/sindicom.hr\/wp-content\/uploads\/2020\/05\/may-150x150.png 150w, https:\/\/sindicom.hr\/wp-content\/uploads\/2020\/05\/may-200x200.png 200w, https:\/\/sindicom.hr\/wp-content\/uploads\/2020\/05\/may.png 300w\" sizes=\"(max-width: 300px) 100vw, 300px\" \/><\/p>\n","protected":false},"featured_media":17878,"template":"","meta":{"inline_featured_image":false},"product_brand":[],"product_cat":[15,96,114,132,107],"product_tag":[],"class_list":{"0":"post-15211","1":"product","2":"type-product","3":"status-publish","4":"has-post-thumbnail","6":"product_cat-all-products","7":"product_cat-busevi","8":"product_cat-prikolice","9":"product_cat-reparaturni-setovi-kocionih-celjusti","10":"product_cat-teretna-vozila","12":"first","13":"instock","14":"shipping-taxable","15":"purchasable","16":"product-type-simple"},"yoast_head":"<!-- This site is optimized with the Yoast SEO plugin v26.2 - https:\/\/yoast.com\/wordpress\/plugins\/seo\/ -->\n<title>GURA\u010cI KO\u010cIONE \u010cELJUSTI KNORR MAY - Sindicom<\/title>\n<meta name=\"robots\" content=\"index, follow, max-snippet:-1, max-image-preview:large, max-video-preview:-1\" \/>\n<link rel=\"canonical\" href=\"https:\/\/sindicom.hr\/en\/katalog\/guraci-kocione-celjusti-knorr-may-3\/\" \/>\n<meta property=\"og:locale\" content=\"en_US\" \/>\n<meta property=\"og:type\" content=\"article\" \/>\n<meta property=\"og:title\" content=\"GURA\u010cI KO\u010cIONE \u010cELJUSTI KNORR MAY - Sindicom\" \/>\n<meta property=\"og:url\" content=\"https:\/\/sindicom.hr\/en\/katalog\/guraci-kocione-celjusti-knorr-may-3\/\" \/>\n<meta property=\"og:site_name\" content=\"Sindicom\" \/>\n<meta property=\"article:publisher\" content=\"https:\/\/www.facebook.com\/Sindicom-doo-170277286366043\/\" \/>\n<meta property=\"article:modified_time\" content=\"2025-10-27T11:52:39+00:00\" \/>\n<meta property=\"og:image\" content=\"https:\/\/sindicom.hr\/wp-content\/uploads\/2020\/05\/6001-01.jpg\" \/>\n\t<meta property=\"og:image:width\" content=\"550\" \/>\n\t<meta property=\"og:image:height\" content=\"301\" \/>\n\t<meta property=\"og:image:type\" content=\"image\/jpeg\" \/>\n<meta name=\"twitter:card\" content=\"summary_large_image\" \/>\n<script type=\"application\/ld+json\" class=\"yoast-schema-graph\">{\"@context\":\"https:\/\/schema.org\",\"@graph\":[{\"@type\":\"WebPage\",\"@id\":\"https:\/\/sindicom.hr\/en\/katalog\/guraci-kocione-celjusti-knorr-may-3\/\",\"url\":\"https:\/\/sindicom.hr\/en\/katalog\/guraci-kocione-celjusti-knorr-may-3\/\",\"name\":\"GURA\u010cI KO\u010cIONE \u010cELJUSTI KNORR MAY - Sindicom\",\"isPartOf\":{\"@id\":\"https:\/\/sindicom.hr\/en\/#website\"},\"primaryImageOfPage\":{\"@id\":\"https:\/\/sindicom.hr\/en\/katalog\/guraci-kocione-celjusti-knorr-may-3\/#primaryimage\"},\"image\":{\"@id\":\"https:\/\/sindicom.hr\/en\/katalog\/guraci-kocione-celjusti-knorr-may-3\/#primaryimage\"},\"thumbnailUrl\":\"https:\/\/sindicom.hr\/wp-content\/uploads\/2020\/05\/6001-01.jpg\",\"datePublished\":\"2020-05-11T08:29:42+00:00\",\"dateModified\":\"2025-10-27T11:52:39+00:00\",\"breadcrumb\":{\"@id\":\"https:\/\/sindicom.hr\/en\/katalog\/guraci-kocione-celjusti-knorr-may-3\/#breadcrumb\"},\"inLanguage\":\"en-US\",\"potentialAction\":[{\"@type\":\"ReadAction\",\"target\":[\"https:\/\/sindicom.hr\/en\/katalog\/guraci-kocione-celjusti-knorr-may-3\/\"]}]},{\"@type\":\"ImageObject\",\"inLanguage\":\"en-US\",\"@id\":\"https:\/\/sindicom.hr\/en\/katalog\/guraci-kocione-celjusti-knorr-may-3\/#primaryimage\",\"url\":\"https:\/\/sindicom.hr\/wp-content\/uploads\/2020\/05\/6001-01.jpg\",\"contentUrl\":\"https:\/\/sindicom.hr\/wp-content\/uploads\/2020\/05\/6001-01.jpg\",\"width\":550,\"height\":301},{\"@type\":\"BreadcrumbList\",\"@id\":\"https:\/\/sindicom.hr\/en\/katalog\/guraci-kocione-celjusti-knorr-may-3\/#breadcrumb\",\"itemListElement\":[{\"@type\":\"ListItem\",\"position\":1,\"name\":\"Po\u010detna stranica\",\"item\":\"https:\/\/sindicom.hr\/en\/\"},{\"@type\":\"ListItem\",\"position\":2,\"name\":\"Katalog dijelova\",\"item\":\"https:\/\/sindicom.hr\/en\/catalog\/\"},{\"@type\":\"ListItem\",\"position\":3,\"name\":\"GURA\u010cI KO\u010cIONE \u010cELJUSTI KNORR MAY\"}]},{\"@type\":\"WebSite\",\"@id\":\"https:\/\/sindicom.hr\/en\/#website\",\"url\":\"https:\/\/sindicom.hr\/en\/\",\"name\":\"SINDICOM\",\"description\":\"Trade and repair of pneumatic brakes, air and hydraulic systems for trucks and buses\",\"publisher\":{\"@id\":\"https:\/\/sindicom.hr\/en\/#organization\"},\"potentialAction\":[{\"@type\":\"SearchAction\",\"target\":{\"@type\":\"EntryPoint\",\"urlTemplate\":\"https:\/\/sindicom.hr\/en\/?s={search_term_string}\"},\"query-input\":{\"@type\":\"PropertyValueSpecification\",\"valueRequired\":true,\"valueName\":\"search_term_string\"}}],\"inLanguage\":\"en-US\"},{\"@type\":\"Organization\",\"@id\":\"https:\/\/sindicom.hr\/en\/#organization\",\"name\":\"SINDICOM d.o.o.\",\"url\":\"https:\/\/sindicom.hr\/en\/\",\"logo\":{\"@type\":\"ImageObject\",\"inLanguage\":\"en-US\",\"@id\":\"https:\/\/sindicom.hr\/en\/#\/schema\/logo\/image\/\",\"url\":\"https:\/\/sindicom.hr\/wp-content\/uploads\/2019\/11\/sindicom_logo_veliki1.jpg.png\",\"contentUrl\":\"https:\/\/sindicom.hr\/wp-content\/uploads\/2019\/11\/sindicom_logo_veliki1.jpg.png\",\"width\":732,\"height\":706,\"caption\":\"SINDICOM d.o.o.\"},\"image\":{\"@id\":\"https:\/\/sindicom.hr\/en\/#\/schema\/logo\/image\/\"},\"sameAs\":[\"https:\/\/www.facebook.com\/Sindicom-doo-170277286366043\/\",\"https:\/\/instagram.com\/sindicomdoo\"]}]}<\/script>\n<!-- \/ Yoast SEO plugin. -->","yoast_head_json":{"title":"GURA\u010cI KO\u010cIONE \u010cELJUSTI KNORR MAY - Sindicom","robots":{"index":"index","follow":"follow","max-snippet":"max-snippet:-1","max-image-preview":"max-image-preview:large","max-video-preview":"max-video-preview:-1"},"canonical":"https:\/\/sindicom.hr\/en\/katalog\/guraci-kocione-celjusti-knorr-may-3\/","og_locale":"en_US","og_type":"article","og_title":"GURA\u010cI KO\u010cIONE \u010cELJUSTI KNORR MAY - Sindicom","og_url":"https:\/\/sindicom.hr\/en\/katalog\/guraci-kocione-celjusti-knorr-may-3\/","og_site_name":"Sindicom","article_publisher":"https:\/\/www.facebook.com\/Sindicom-doo-170277286366043\/","article_modified_time":"2025-10-27T11:52:39+00:00","og_image":[{"width":550,"height":301,"url":"https:\/\/sindicom.hr\/wp-content\/uploads\/2020\/05\/6001-01.jpg","type":"image\/jpeg"}],"twitter_card":"summary_large_image","schema":{"@context":"https:\/\/schema.org","@graph":[{"@type":"WebPage","@id":"https:\/\/sindicom.hr\/en\/katalog\/guraci-kocione-celjusti-knorr-may-3\/","url":"https:\/\/sindicom.hr\/en\/katalog\/guraci-kocione-celjusti-knorr-may-3\/","name":"GURA\u010cI KO\u010cIONE \u010cELJUSTI KNORR MAY - Sindicom","isPartOf":{"@id":"https:\/\/sindicom.hr\/en\/#website"},"primaryImageOfPage":{"@id":"https:\/\/sindicom.hr\/en\/katalog\/guraci-kocione-celjusti-knorr-may-3\/#primaryimage"},"image":{"@id":"https:\/\/sindicom.hr\/en\/katalog\/guraci-kocione-celjusti-knorr-may-3\/#primaryimage"},"thumbnailUrl":"https:\/\/sindicom.hr\/wp-content\/uploads\/2020\/05\/6001-01.jpg","datePublished":"2020-05-11T08:29:42+00:00","dateModified":"2025-10-27T11:52:39+00:00","breadcrumb":{"@id":"https:\/\/sindicom.hr\/en\/katalog\/guraci-kocione-celjusti-knorr-may-3\/#breadcrumb"},"inLanguage":"en-US","potentialAction":[{"@type":"ReadAction","target":["https:\/\/sindicom.hr\/en\/katalog\/guraci-kocione-celjusti-knorr-may-3\/"]}]},{"@type":"ImageObject","inLanguage":"en-US","@id":"https:\/\/sindicom.hr\/en\/katalog\/guraci-kocione-celjusti-knorr-may-3\/#primaryimage","url":"https:\/\/sindicom.hr\/wp-content\/uploads\/2020\/05\/6001-01.jpg","contentUrl":"https:\/\/sindicom.hr\/wp-content\/uploads\/2020\/05\/6001-01.jpg","width":550,"height":301},{"@type":"BreadcrumbList","@id":"https:\/\/sindicom.hr\/en\/katalog\/guraci-kocione-celjusti-knorr-may-3\/#breadcrumb","itemListElement":[{"@type":"ListItem","position":1,"name":"Po\u010detna stranica","item":"https:\/\/sindicom.hr\/en\/"},{"@type":"ListItem","position":2,"name":"Katalog dijelova","item":"https:\/\/sindicom.hr\/en\/catalog\/"},{"@type":"ListItem","position":3,"name":"GURA\u010cI KO\u010cIONE \u010cELJUSTI KNORR MAY"}]},{"@type":"WebSite","@id":"https:\/\/sindicom.hr\/en\/#website","url":"https:\/\/sindicom.hr\/en\/","name":"SINDICOM","description":"Trade and repair of pneumatic brakes, air and hydraulic systems for trucks and buses","publisher":{"@id":"https:\/\/sindicom.hr\/en\/#organization"},"potentialAction":[{"@type":"SearchAction","target":{"@type":"EntryPoint","urlTemplate":"https:\/\/sindicom.hr\/en\/?s={search_term_string}"},"query-input":{"@type":"PropertyValueSpecification","valueRequired":true,"valueName":"search_term_string"}}],"inLanguage":"en-US"},{"@type":"Organization","@id":"https:\/\/sindicom.hr\/en\/#organization","name":"SINDICOM d.o.o.","url":"https:\/\/sindicom.hr\/en\/","logo":{"@type":"ImageObject","inLanguage":"en-US","@id":"https:\/\/sindicom.hr\/en\/#\/schema\/logo\/image\/","url":"https:\/\/sindicom.hr\/wp-content\/uploads\/2019\/11\/sindicom_logo_veliki1.jpg.png","contentUrl":"https:\/\/sindicom.hr\/wp-content\/uploads\/2019\/11\/sindicom_logo_veliki1.jpg.png","width":732,"height":706,"caption":"SINDICOM d.o.o."},"image":{"@id":"https:\/\/sindicom.hr\/en\/#\/schema\/logo\/image\/"},"sameAs":["https:\/\/www.facebook.com\/Sindicom-doo-170277286366043\/","https:\/\/instagram.com\/sindicomdoo"]}]}},"_links":{"self":[{"href":"https:\/\/sindicom.hr\/en\/wp-json\/wp\/v2\/product\/15211","targetHints":{"allow":["GET"]}}],"collection":[{"href":"https:\/\/sindicom.hr\/en\/wp-json\/wp\/v2\/product"}],"about":[{"href":"https:\/\/sindicom.hr\/en\/wp-json\/wp\/v2\/types\/product"}],"wp:featuredmedia":[{"embeddable":true,"href":"https:\/\/sindicom.hr\/en\/wp-json\/wp\/v2\/media\/17878"}],"wp:attachment":[{"href":"https:\/\/sindicom.hr\/en\/wp-json\/wp\/v2\/media?parent=15211"}],"wp:term":[{"taxonomy":"product_brand","embeddable":true,"href":"https:\/\/sindicom.hr\/en\/wp-json\/wp\/v2\/product_brand?post=15211"},{"taxonomy":"product_cat","embeddable":true,"href":"https:\/\/sindicom.hr\/en\/wp-json\/wp\/v2\/product_cat?post=15211"},{"taxonomy":"product_tag","embeddable":true,"href":"https:\/\/sindicom.hr\/en\/wp-json\/wp\/v2\/product_tag?post=15211"}],"curies":[{"name":"wp","href":"https:\/\/api.w.org\/{rel}","templated":true}]}}