{"id":15336,"date":"2020-05-11T08:30:45","date_gmt":"2020-05-11T08:30:45","guid":{"rendered":"https:\/\/sindicom.hr\/katalog\/guraci-kocione-celjusti-bpw-zamj\/"},"modified":"2025-10-27T11:53:33","modified_gmt":"2025-10-27T11:53:33","slug":"guraci-kocione-celjusti-bpw-zamj","status":"publish","type":"product","link":"https:\/\/sindicom.hr\/en\/katalog\/guraci-kocione-celjusti-bpw-zamj\/","title":{"rendered":"GURA\u010cI KO\u010cIONE \u010cELJUSTI BPW ZAMJ."},"content":{"rendered":"<p>9509 BENEFIT  09.801.07.63.1 BPW  0980107631 BPW  04.801.07.63.1 BPW  0480107631 BPW  03.127.18.03.0 BPW  0312718030 BPW  05.130.07.07.0 BPW  0513007070 BPW  09.362.72.13.2 BPW  0936272132 BPW  09.362.72.13.0 BPW  0936272130 BPW  09.362.72.13.1 BPW  0936272131 BPW  0536272030 BPW  05.362.72.03.0 BPW  0936272030 BPW  09.362.72.03.0 BPW  0936272031 BPW  09.362.72.03.1 BPW  09.362.72.13.3 BPW  0936272133 BPW  093.627.21.33 BPW  0536272130 BPW  05.362.72.13.0 BPW  9509 BENEFIT  RS5007 CHEEFT  6500-02 MAY  9204.001.5 5M  7001 ALCAN  5007 CHEEFT  19070 TTT  ECKB.4 EBS  UNB9006 UNIBRAKE  BPW Caliper repair kit  Brake Caliper repair kit  Bremssattel Reparatursatz  Kit de r\u00e9paration d&#8217;\u00e9trier de frein  Kit de reparaci\u00f3n de pinza de freno  Kit di riparazione della pinza del freno  Brake caliper bolt and boots<\/p>\n","protected":false},"excerpt":{"rendered":"<p><img decoding=\"async\" class=\"alignnone size-full wp-image-17741\" src=\"https:\/\/sindicom.hr\/wp-content\/uploads\/2020\/05\/5m.png\" alt=\"\" width=\"300\" height=\"300\" srcset=\"https:\/\/sindicom.hr\/wp-content\/uploads\/2020\/05\/5m-64x64.png 64w, https:\/\/sindicom.hr\/wp-content\/uploads\/2020\/05\/5m-66x66.png 66w, https:\/\/sindicom.hr\/wp-content\/uploads\/2020\/05\/5m-100x100.png 100w, https:\/\/sindicom.hr\/wp-content\/uploads\/2020\/05\/5m-150x150.png 150w, https:\/\/sindicom.hr\/wp-content\/uploads\/2020\/05\/5m-200x200.png 200w, https:\/\/sindicom.hr\/wp-content\/uploads\/2020\/05\/5m.png 300w\" sizes=\"(max-width: 300px) 100vw, 300px\" \/><\/p>\n","protected":false},"featured_media":17823,"template":"","meta":{"inline_featured_image":false},"product_brand":[],"product_cat":[15,96,114,132,107],"product_tag":[],"class_list":{"0":"post-15336","1":"product","2":"type-product","3":"status-publish","4":"has-post-thumbnail","6":"product_cat-all-products","7":"product_cat-busevi","8":"product_cat-prikolice","9":"product_cat-reparaturni-setovi-kocionih-celjusti","10":"product_cat-teretna-vozila","12":"first","13":"instock","14":"shipping-taxable","15":"purchasable","16":"product-type-simple"},"yoast_head":"<!-- This site is optimized with the Yoast SEO plugin v26.2 - https:\/\/yoast.com\/wordpress\/plugins\/seo\/ -->\n<title>GURA\u010cI KO\u010cIONE \u010cELJUSTI BPW ZAMJ. - Sindicom<\/title>\n<meta name=\"robots\" content=\"index, follow, max-snippet:-1, max-image-preview:large, max-video-preview:-1\" \/>\n<link rel=\"canonical\" href=\"https:\/\/sindicom.hr\/en\/katalog\/guraci-kocione-celjusti-bpw-zamj\/\" \/>\n<meta property=\"og:locale\" content=\"en_US\" \/>\n<meta property=\"og:type\" content=\"article\" \/>\n<meta property=\"og:title\" content=\"GURA\u010cI KO\u010cIONE \u010cELJUSTI BPW ZAMJ. - Sindicom\" \/>\n<meta property=\"og:url\" content=\"https:\/\/sindicom.hr\/en\/katalog\/guraci-kocione-celjusti-bpw-zamj\/\" \/>\n<meta property=\"og:site_name\" content=\"Sindicom\" \/>\n<meta property=\"article:publisher\" content=\"https:\/\/www.facebook.com\/Sindicom-doo-170277286366043\/\" \/>\n<meta property=\"article:modified_time\" content=\"2025-10-27T11:53:33+00:00\" \/>\n<meta property=\"og:image\" content=\"https:\/\/sindicom.hr\/wp-content\/uploads\/2020\/05\/6500-02.jpg\" \/>\n\t<meta property=\"og:image:width\" content=\"550\" \/>\n\t<meta property=\"og:image:height\" content=\"275\" \/>\n\t<meta property=\"og:image:type\" content=\"image\/jpeg\" \/>\n<meta name=\"twitter:card\" content=\"summary_large_image\" \/>\n<script type=\"application\/ld+json\" class=\"yoast-schema-graph\">{\"@context\":\"https:\/\/schema.org\",\"@graph\":[{\"@type\":\"WebPage\",\"@id\":\"https:\/\/sindicom.hr\/en\/katalog\/guraci-kocione-celjusti-bpw-zamj\/\",\"url\":\"https:\/\/sindicom.hr\/en\/katalog\/guraci-kocione-celjusti-bpw-zamj\/\",\"name\":\"GURA\u010cI KO\u010cIONE \u010cELJUSTI BPW ZAMJ. - Sindicom\",\"isPartOf\":{\"@id\":\"https:\/\/sindicom.hr\/en\/#website\"},\"primaryImageOfPage\":{\"@id\":\"https:\/\/sindicom.hr\/en\/katalog\/guraci-kocione-celjusti-bpw-zamj\/#primaryimage\"},\"image\":{\"@id\":\"https:\/\/sindicom.hr\/en\/katalog\/guraci-kocione-celjusti-bpw-zamj\/#primaryimage\"},\"thumbnailUrl\":\"https:\/\/sindicom.hr\/wp-content\/uploads\/2020\/05\/6500-02.jpg\",\"datePublished\":\"2020-05-11T08:30:45+00:00\",\"dateModified\":\"2025-10-27T11:53:33+00:00\",\"breadcrumb\":{\"@id\":\"https:\/\/sindicom.hr\/en\/katalog\/guraci-kocione-celjusti-bpw-zamj\/#breadcrumb\"},\"inLanguage\":\"en-US\",\"potentialAction\":[{\"@type\":\"ReadAction\",\"target\":[\"https:\/\/sindicom.hr\/en\/katalog\/guraci-kocione-celjusti-bpw-zamj\/\"]}]},{\"@type\":\"ImageObject\",\"inLanguage\":\"en-US\",\"@id\":\"https:\/\/sindicom.hr\/en\/katalog\/guraci-kocione-celjusti-bpw-zamj\/#primaryimage\",\"url\":\"https:\/\/sindicom.hr\/wp-content\/uploads\/2020\/05\/6500-02.jpg\",\"contentUrl\":\"https:\/\/sindicom.hr\/wp-content\/uploads\/2020\/05\/6500-02.jpg\",\"width\":550,\"height\":275},{\"@type\":\"BreadcrumbList\",\"@id\":\"https:\/\/sindicom.hr\/en\/katalog\/guraci-kocione-celjusti-bpw-zamj\/#breadcrumb\",\"itemListElement\":[{\"@type\":\"ListItem\",\"position\":1,\"name\":\"Po\u010detna stranica\",\"item\":\"https:\/\/sindicom.hr\/en\/\"},{\"@type\":\"ListItem\",\"position\":2,\"name\":\"Katalog dijelova\",\"item\":\"https:\/\/sindicom.hr\/en\/catalog\/\"},{\"@type\":\"ListItem\",\"position\":3,\"name\":\"GURA\u010cI KO\u010cIONE \u010cELJUSTI BPW ZAMJ.\"}]},{\"@type\":\"WebSite\",\"@id\":\"https:\/\/sindicom.hr\/en\/#website\",\"url\":\"https:\/\/sindicom.hr\/en\/\",\"name\":\"SINDICOM\",\"description\":\"Trade and repair of pneumatic brakes, air and hydraulic systems for trucks and buses\",\"publisher\":{\"@id\":\"https:\/\/sindicom.hr\/en\/#organization\"},\"potentialAction\":[{\"@type\":\"SearchAction\",\"target\":{\"@type\":\"EntryPoint\",\"urlTemplate\":\"https:\/\/sindicom.hr\/en\/?s={search_term_string}\"},\"query-input\":{\"@type\":\"PropertyValueSpecification\",\"valueRequired\":true,\"valueName\":\"search_term_string\"}}],\"inLanguage\":\"en-US\"},{\"@type\":\"Organization\",\"@id\":\"https:\/\/sindicom.hr\/en\/#organization\",\"name\":\"SINDICOM d.o.o.\",\"url\":\"https:\/\/sindicom.hr\/en\/\",\"logo\":{\"@type\":\"ImageObject\",\"inLanguage\":\"en-US\",\"@id\":\"https:\/\/sindicom.hr\/en\/#\/schema\/logo\/image\/\",\"url\":\"https:\/\/sindicom.hr\/wp-content\/uploads\/2019\/11\/sindicom_logo_veliki1.jpg.png\",\"contentUrl\":\"https:\/\/sindicom.hr\/wp-content\/uploads\/2019\/11\/sindicom_logo_veliki1.jpg.png\",\"width\":732,\"height\":706,\"caption\":\"SINDICOM d.o.o.\"},\"image\":{\"@id\":\"https:\/\/sindicom.hr\/en\/#\/schema\/logo\/image\/\"},\"sameAs\":[\"https:\/\/www.facebook.com\/Sindicom-doo-170277286366043\/\",\"https:\/\/instagram.com\/sindicomdoo\"]}]}<\/script>\n<!-- \/ Yoast SEO plugin. -->","yoast_head_json":{"title":"GURA\u010cI KO\u010cIONE \u010cELJUSTI BPW ZAMJ. - Sindicom","robots":{"index":"index","follow":"follow","max-snippet":"max-snippet:-1","max-image-preview":"max-image-preview:large","max-video-preview":"max-video-preview:-1"},"canonical":"https:\/\/sindicom.hr\/en\/katalog\/guraci-kocione-celjusti-bpw-zamj\/","og_locale":"en_US","og_type":"article","og_title":"GURA\u010cI KO\u010cIONE \u010cELJUSTI BPW ZAMJ. - Sindicom","og_url":"https:\/\/sindicom.hr\/en\/katalog\/guraci-kocione-celjusti-bpw-zamj\/","og_site_name":"Sindicom","article_publisher":"https:\/\/www.facebook.com\/Sindicom-doo-170277286366043\/","article_modified_time":"2025-10-27T11:53:33+00:00","og_image":[{"width":550,"height":275,"url":"https:\/\/sindicom.hr\/wp-content\/uploads\/2020\/05\/6500-02.jpg","type":"image\/jpeg"}],"twitter_card":"summary_large_image","schema":{"@context":"https:\/\/schema.org","@graph":[{"@type":"WebPage","@id":"https:\/\/sindicom.hr\/en\/katalog\/guraci-kocione-celjusti-bpw-zamj\/","url":"https:\/\/sindicom.hr\/en\/katalog\/guraci-kocione-celjusti-bpw-zamj\/","name":"GURA\u010cI KO\u010cIONE \u010cELJUSTI BPW ZAMJ. - Sindicom","isPartOf":{"@id":"https:\/\/sindicom.hr\/en\/#website"},"primaryImageOfPage":{"@id":"https:\/\/sindicom.hr\/en\/katalog\/guraci-kocione-celjusti-bpw-zamj\/#primaryimage"},"image":{"@id":"https:\/\/sindicom.hr\/en\/katalog\/guraci-kocione-celjusti-bpw-zamj\/#primaryimage"},"thumbnailUrl":"https:\/\/sindicom.hr\/wp-content\/uploads\/2020\/05\/6500-02.jpg","datePublished":"2020-05-11T08:30:45+00:00","dateModified":"2025-10-27T11:53:33+00:00","breadcrumb":{"@id":"https:\/\/sindicom.hr\/en\/katalog\/guraci-kocione-celjusti-bpw-zamj\/#breadcrumb"},"inLanguage":"en-US","potentialAction":[{"@type":"ReadAction","target":["https:\/\/sindicom.hr\/en\/katalog\/guraci-kocione-celjusti-bpw-zamj\/"]}]},{"@type":"ImageObject","inLanguage":"en-US","@id":"https:\/\/sindicom.hr\/en\/katalog\/guraci-kocione-celjusti-bpw-zamj\/#primaryimage","url":"https:\/\/sindicom.hr\/wp-content\/uploads\/2020\/05\/6500-02.jpg","contentUrl":"https:\/\/sindicom.hr\/wp-content\/uploads\/2020\/05\/6500-02.jpg","width":550,"height":275},{"@type":"BreadcrumbList","@id":"https:\/\/sindicom.hr\/en\/katalog\/guraci-kocione-celjusti-bpw-zamj\/#breadcrumb","itemListElement":[{"@type":"ListItem","position":1,"name":"Po\u010detna stranica","item":"https:\/\/sindicom.hr\/en\/"},{"@type":"ListItem","position":2,"name":"Katalog dijelova","item":"https:\/\/sindicom.hr\/en\/catalog\/"},{"@type":"ListItem","position":3,"name":"GURA\u010cI KO\u010cIONE \u010cELJUSTI BPW ZAMJ."}]},{"@type":"WebSite","@id":"https:\/\/sindicom.hr\/en\/#website","url":"https:\/\/sindicom.hr\/en\/","name":"SINDICOM","description":"Trade and repair of pneumatic brakes, air and hydraulic systems for trucks and buses","publisher":{"@id":"https:\/\/sindicom.hr\/en\/#organization"},"potentialAction":[{"@type":"SearchAction","target":{"@type":"EntryPoint","urlTemplate":"https:\/\/sindicom.hr\/en\/?s={search_term_string}"},"query-input":{"@type":"PropertyValueSpecification","valueRequired":true,"valueName":"search_term_string"}}],"inLanguage":"en-US"},{"@type":"Organization","@id":"https:\/\/sindicom.hr\/en\/#organization","name":"SINDICOM d.o.o.","url":"https:\/\/sindicom.hr\/en\/","logo":{"@type":"ImageObject","inLanguage":"en-US","@id":"https:\/\/sindicom.hr\/en\/#\/schema\/logo\/image\/","url":"https:\/\/sindicom.hr\/wp-content\/uploads\/2019\/11\/sindicom_logo_veliki1.jpg.png","contentUrl":"https:\/\/sindicom.hr\/wp-content\/uploads\/2019\/11\/sindicom_logo_veliki1.jpg.png","width":732,"height":706,"caption":"SINDICOM d.o.o."},"image":{"@id":"https:\/\/sindicom.hr\/en\/#\/schema\/logo\/image\/"},"sameAs":["https:\/\/www.facebook.com\/Sindicom-doo-170277286366043\/","https:\/\/instagram.com\/sindicomdoo"]}]}},"_links":{"self":[{"href":"https:\/\/sindicom.hr\/en\/wp-json\/wp\/v2\/product\/15336","targetHints":{"allow":["GET"]}}],"collection":[{"href":"https:\/\/sindicom.hr\/en\/wp-json\/wp\/v2\/product"}],"about":[{"href":"https:\/\/sindicom.hr\/en\/wp-json\/wp\/v2\/types\/product"}],"wp:featuredmedia":[{"embeddable":true,"href":"https:\/\/sindicom.hr\/en\/wp-json\/wp\/v2\/media\/17823"}],"wp:attachment":[{"href":"https:\/\/sindicom.hr\/en\/wp-json\/wp\/v2\/media?parent=15336"}],"wp:term":[{"taxonomy":"product_brand","embeddable":true,"href":"https:\/\/sindicom.hr\/en\/wp-json\/wp\/v2\/product_brand?post=15336"},{"taxonomy":"product_cat","embeddable":true,"href":"https:\/\/sindicom.hr\/en\/wp-json\/wp\/v2\/product_cat?post=15336"},{"taxonomy":"product_tag","embeddable":true,"href":"https:\/\/sindicom.hr\/en\/wp-json\/wp\/v2\/product_tag?post=15336"}],"curies":[{"name":"wp","href":"https:\/\/api.w.org\/{rel}","templated":true}]}}