{"id":15560,"date":"2020-05-11T08:32:29","date_gmt":"2020-05-11T08:32:29","guid":{"rendered":"https:\/\/sindicom.hr\/katalog\/ventil-kondenzata\/"},"modified":"2026-04-29T11:31:55","modified_gmt":"2026-04-29T11:31:55","slug":"ventil-kondenzata","status":"publish","type":"product","link":"https:\/\/sindicom.hr\/en\/katalog\/ventil-kondenzata\/","title":{"rendered":"REGULATOR PRITISKA ZRAKA 16 b 18 b MERCEDES UNIMOG FENDT BOSCH KNORR BREMSE OE"},"content":{"rendered":"<p>0481042212000 KNORR<br \/>\n0481042212 KNORR<br \/>\n9753032200 WABCO<br \/>\n9753032220 WABCO<br \/>\n0 481 042 212 KNORR<br \/>\n048104214 KNORR<br \/>\n048104214000 KNORR<br \/>\n0481042208 KNORR<br \/>\n0481042208000 KNORR<br \/>\n0481042208100 KNORR<br \/>\n048104212090 KNORR<br \/>\n048104214000 KNORR<br \/>\n048104214090 KNORR<br \/>\n0481042209 KNORR<br \/>\n0481042209000 KNORR<br \/>\n0481042222 KNORR<br \/>\n048104222200 KNORR<br \/>\n048104222000 KNORR<br \/>\n0481042212090 KNORR<br \/>\nDR3416 KNORR<br \/>\n0481042201 KNORR<br \/>\n0481042202 KNORR<br \/>\n0481042201000 KNORR<br \/>\n0481042202000 KNORR<br \/>\n0481042205-14 b WABCO<br \/>\n9753000950-14 b WABCO<br \/>\n9753032200 WABCO<br \/>\n9753032207 WABCO<br \/>\n689319 DAF<br \/>\n1519347 DAF<br \/>\n0689319 DAF<br \/>\n1505483R DAF<br \/>\n1519348R DAF<br \/>\n1935686 SCANIA<br \/>\n4804766 IVECO<br \/>\n04804766 IVECO<br \/>\n60113930 IVECO<br \/>\n1019610 SCHMITZ<br \/>\n81521016131 MAN<br \/>\n81521016175 MAN<br \/>\n81521016185 MAN<br \/>\n81521016186 MAN<br \/>\n81.52101-6131 MAN<br \/>\n81.52101-6175 MAN<br \/>\n81.52101-6185 MAN<br \/>\n81.52101-6186 MAN<br \/>\n5021170475 RENAULT<br \/>\nAL78941 JOHN DEERE<br \/>\n186880020040 FENDT<br \/>\nF186880020040 FENDT<br \/>\n0024319506 MERCEDES<br \/>\nA0024319506 MERCEDES<br \/>\nA 002 431 95 06 MERCEDES<br \/>\n0034311906 MERCEDES<br \/>\nA0034311906 MERCEDES<br \/>\nA 003 431 19 06 MERCEDES<br \/>\nA003431190680 MERCEDES<br \/>\n0014314806 MERCEDES<br \/>\n0014318106 MERCEDES<br \/>\n0014317906 MERCEDES<br \/>\n0024319506 MERCEDES<br \/>\nA0014314806 MERCEDES<br \/>\nA0014318106 MERCEDES<br \/>\nA0014317906 MERCEDES<br \/>\nA0024319506 MERCEDES<br \/>\nA 001 431 48 06 MERCEDES<br \/>\nA 001 431 81 06 MERCEDES<br \/>\nA 001 431 79 06 MERCEDES<br \/>\nA 002 431 95 06 MERCEDES<br \/>\n01.101.13.0 FSS<br \/>\n24317205 AYBERG<br \/>\nUnloader<br \/>\nDruckregler<br \/>\nValvola di scarico<br \/>\nV\u00e1lvula de descarga<br \/>\nOd\u013eah\u010dovac\u00ed ventil<br \/>\nSoupape de d\u00e9charge<br \/>\nPressure regulator<br \/>\nPressure control valve<br \/>\nDruckregler<br \/>\nDruckregelventil<br \/>\nRegolatore di pressione<br \/>\nValvola di controllo della pressione<br \/>\nRegulador de presi\u00f3n<br \/>\nV\u00e1lvula de control de presi\u00f3n<br \/>\nDrukregelaar<br \/>\nDrukregelventiel<br \/>\nUnloader valve mercedes unimog<\/p>\n","protected":false},"excerpt":{"rendered":"<p><img decoding=\"async\" class=\"alignnone size-medium wp-image-17705\" src=\"https:\/\/sindicom.hr\/wp-content\/uploads\/2020\/05\/knorr-bremse-300x300.png\" alt=\"\" width=\"300\" height=\"300\" srcset=\"https:\/\/sindicom.hr\/wp-content\/uploads\/2020\/05\/knorr-bremse-64x64.png 64w, https:\/\/sindicom.hr\/wp-content\/uploads\/2020\/05\/knorr-bremse-66x66.png 66w, https:\/\/sindicom.hr\/wp-content\/uploads\/2020\/05\/knorr-bremse-100x100.png 100w, https:\/\/sindicom.hr\/wp-content\/uploads\/2020\/05\/knorr-bremse-150x150.png 150w, https:\/\/sindicom.hr\/wp-content\/uploads\/2020\/05\/knorr-bremse-200x200.png 200w, https:\/\/sindicom.hr\/wp-content\/uploads\/2020\/05\/knorr-bremse.png 300w\" sizes=\"(max-width: 300px) 100vw, 300px\" \/><\/p>\n","protected":false},"featured_media":53854,"template":"","meta":{"inline_featured_image":false},"product_brand":[],"product_cat":[15,96,126,101,139,110,156,108,113,149,114,198,112,109,118,107,136,47],"product_tag":[],"class_list":{"0":"post-15560","1":"product","2":"type-product","3":"status-publish","4":"has-post-thumbnail","6":"product_cat-all-products","7":"product_cat-busevi","8":"product_cat-daf","9":"product_cat-evobus","10":"product_cat-fendt","11":"product_cat-iveco-teretna-vozila","12":"product_cat-john-deere","13":"product_cat-man-teretna-vozila","14":"product_cat-mercedes-teretna-vozila","15":"product_cat-unimog","16":"product_cat-prikolice","17":"product_cat-regulator-pritiska-zraka","18":"product_cat-renault","19":"product_cat-scania-teretna-vozila","20":"product_cat-schmitz","21":"product_cat-teretna-vozila","22":"product_cat-traktori","23":"product_cat-ventili-ogranicenja-pritiska","25":"first","26":"instock","27":"shipping-taxable","28":"purchasable","29":"product-type-simple"},"yoast_head":"<!-- This site is optimized with the Yoast SEO plugin v26.2 - https:\/\/yoast.com\/wordpress\/plugins\/seo\/ -->\n<title>REGULATOR PRITISKA ZRAKA 16 b 18 b MERCEDES UNIMOG FENDT BOSCH KNORR BREMSE OE - Sindicom<\/title>\n<meta name=\"robots\" content=\"index, follow, max-snippet:-1, max-image-preview:large, max-video-preview:-1\" \/>\n<link rel=\"canonical\" href=\"https:\/\/sindicom.hr\/en\/katalog\/ventil-kondenzata\/\" \/>\n<meta property=\"og:locale\" content=\"en_US\" \/>\n<meta property=\"og:type\" content=\"article\" \/>\n<meta property=\"og:title\" content=\"REGULATOR PRITISKA ZRAKA 16 b 18 b MERCEDES UNIMOG FENDT BOSCH KNORR BREMSE OE - Sindicom\" \/>\n<meta property=\"og:url\" content=\"https:\/\/sindicom.hr\/en\/katalog\/ventil-kondenzata\/\" \/>\n<meta property=\"og:site_name\" content=\"Sindicom\" \/>\n<meta property=\"article:publisher\" content=\"https:\/\/www.facebook.com\/Sindicom-doo-170277286366043\/\" \/>\n<meta property=\"article:modified_time\" content=\"2026-04-29T11:31:55+00:00\" \/>\n<meta property=\"og:image\" content=\"https:\/\/sindicom.hr\/wp-content\/uploads\/2020\/05\/0481042212000.webp\" \/>\n\t<meta property=\"og:image:width\" content=\"1600\" \/>\n\t<meta property=\"og:image:height\" content=\"900\" \/>\n\t<meta property=\"og:image:type\" content=\"image\/webp\" \/>\n<meta name=\"twitter:card\" content=\"summary_large_image\" \/>\n<meta name=\"twitter:label1\" content=\"Est. reading time\" \/>\n\t<meta name=\"twitter:data1\" content=\"2 minutes\" \/>\n<script type=\"application\/ld+json\" class=\"yoast-schema-graph\">{\"@context\":\"https:\/\/schema.org\",\"@graph\":[{\"@type\":\"WebPage\",\"@id\":\"https:\/\/sindicom.hr\/en\/katalog\/ventil-kondenzata\/\",\"url\":\"https:\/\/sindicom.hr\/en\/katalog\/ventil-kondenzata\/\",\"name\":\"REGULATOR PRITISKA ZRAKA 16 b 18 b MERCEDES UNIMOG FENDT BOSCH KNORR BREMSE OE - Sindicom\",\"isPartOf\":{\"@id\":\"https:\/\/sindicom.hr\/en\/#website\"},\"primaryImageOfPage\":{\"@id\":\"https:\/\/sindicom.hr\/en\/katalog\/ventil-kondenzata\/#primaryimage\"},\"image\":{\"@id\":\"https:\/\/sindicom.hr\/en\/katalog\/ventil-kondenzata\/#primaryimage\"},\"thumbnailUrl\":\"https:\/\/sindicom.hr\/wp-content\/uploads\/2020\/05\/0481042212000.webp\",\"datePublished\":\"2020-05-11T08:32:29+00:00\",\"dateModified\":\"2026-04-29T11:31:55+00:00\",\"breadcrumb\":{\"@id\":\"https:\/\/sindicom.hr\/en\/katalog\/ventil-kondenzata\/#breadcrumb\"},\"inLanguage\":\"en-US\",\"potentialAction\":[{\"@type\":\"ReadAction\",\"target\":[\"https:\/\/sindicom.hr\/en\/katalog\/ventil-kondenzata\/\"]}]},{\"@type\":\"ImageObject\",\"inLanguage\":\"en-US\",\"@id\":\"https:\/\/sindicom.hr\/en\/katalog\/ventil-kondenzata\/#primaryimage\",\"url\":\"https:\/\/sindicom.hr\/wp-content\/uploads\/2020\/05\/0481042212000.webp\",\"contentUrl\":\"https:\/\/sindicom.hr\/wp-content\/uploads\/2020\/05\/0481042212000.webp\",\"width\":1600,\"height\":900},{\"@type\":\"BreadcrumbList\",\"@id\":\"https:\/\/sindicom.hr\/en\/katalog\/ventil-kondenzata\/#breadcrumb\",\"itemListElement\":[{\"@type\":\"ListItem\",\"position\":1,\"name\":\"Po\u010detna stranica\",\"item\":\"https:\/\/sindicom.hr\/en\/\"},{\"@type\":\"ListItem\",\"position\":2,\"name\":\"Katalog dijelova\",\"item\":\"https:\/\/sindicom.hr\/en\/catalog\/\"},{\"@type\":\"ListItem\",\"position\":3,\"name\":\"REGULATOR PRITISKA ZRAKA 16 b 18 b MERCEDES UNIMOG FENDT BOSCH KNORR BREMSE OE\"}]},{\"@type\":\"WebSite\",\"@id\":\"https:\/\/sindicom.hr\/en\/#website\",\"url\":\"https:\/\/sindicom.hr\/en\/\",\"name\":\"SINDICOM\",\"description\":\"Trade and repair of pneumatic brakes, air and hydraulic systems for trucks and buses\",\"publisher\":{\"@id\":\"https:\/\/sindicom.hr\/en\/#organization\"},\"potentialAction\":[{\"@type\":\"SearchAction\",\"target\":{\"@type\":\"EntryPoint\",\"urlTemplate\":\"https:\/\/sindicom.hr\/en\/?s={search_term_string}\"},\"query-input\":{\"@type\":\"PropertyValueSpecification\",\"valueRequired\":true,\"valueName\":\"search_term_string\"}}],\"inLanguage\":\"en-US\"},{\"@type\":\"Organization\",\"@id\":\"https:\/\/sindicom.hr\/en\/#organization\",\"name\":\"SINDICOM d.o.o.\",\"url\":\"https:\/\/sindicom.hr\/en\/\",\"logo\":{\"@type\":\"ImageObject\",\"inLanguage\":\"en-US\",\"@id\":\"https:\/\/sindicom.hr\/en\/#\/schema\/logo\/image\/\",\"url\":\"https:\/\/sindicom.hr\/wp-content\/uploads\/2019\/11\/sindicom_logo_veliki1.jpg.png\",\"contentUrl\":\"https:\/\/sindicom.hr\/wp-content\/uploads\/2019\/11\/sindicom_logo_veliki1.jpg.png\",\"width\":732,\"height\":706,\"caption\":\"SINDICOM d.o.o.\"},\"image\":{\"@id\":\"https:\/\/sindicom.hr\/en\/#\/schema\/logo\/image\/\"},\"sameAs\":[\"https:\/\/www.facebook.com\/Sindicom-doo-170277286366043\/\",\"https:\/\/instagram.com\/sindicomdoo\"]}]}<\/script>\n<!-- \/ Yoast SEO plugin. -->","yoast_head_json":{"title":"REGULATOR PRITISKA ZRAKA 16 b 18 b MERCEDES UNIMOG FENDT BOSCH KNORR BREMSE OE - Sindicom","robots":{"index":"index","follow":"follow","max-snippet":"max-snippet:-1","max-image-preview":"max-image-preview:large","max-video-preview":"max-video-preview:-1"},"canonical":"https:\/\/sindicom.hr\/en\/katalog\/ventil-kondenzata\/","og_locale":"en_US","og_type":"article","og_title":"REGULATOR PRITISKA ZRAKA 16 b 18 b MERCEDES UNIMOG FENDT BOSCH KNORR BREMSE OE - Sindicom","og_url":"https:\/\/sindicom.hr\/en\/katalog\/ventil-kondenzata\/","og_site_name":"Sindicom","article_publisher":"https:\/\/www.facebook.com\/Sindicom-doo-170277286366043\/","article_modified_time":"2026-04-29T11:31:55+00:00","og_image":[{"width":1600,"height":900,"url":"https:\/\/sindicom.hr\/wp-content\/uploads\/2020\/05\/0481042212000.webp","type":"image\/webp"}],"twitter_card":"summary_large_image","twitter_misc":{"Est. reading time":"2 minutes"},"schema":{"@context":"https:\/\/schema.org","@graph":[{"@type":"WebPage","@id":"https:\/\/sindicom.hr\/en\/katalog\/ventil-kondenzata\/","url":"https:\/\/sindicom.hr\/en\/katalog\/ventil-kondenzata\/","name":"REGULATOR PRITISKA ZRAKA 16 b 18 b MERCEDES UNIMOG FENDT BOSCH KNORR BREMSE OE - Sindicom","isPartOf":{"@id":"https:\/\/sindicom.hr\/en\/#website"},"primaryImageOfPage":{"@id":"https:\/\/sindicom.hr\/en\/katalog\/ventil-kondenzata\/#primaryimage"},"image":{"@id":"https:\/\/sindicom.hr\/en\/katalog\/ventil-kondenzata\/#primaryimage"},"thumbnailUrl":"https:\/\/sindicom.hr\/wp-content\/uploads\/2020\/05\/0481042212000.webp","datePublished":"2020-05-11T08:32:29+00:00","dateModified":"2026-04-29T11:31:55+00:00","breadcrumb":{"@id":"https:\/\/sindicom.hr\/en\/katalog\/ventil-kondenzata\/#breadcrumb"},"inLanguage":"en-US","potentialAction":[{"@type":"ReadAction","target":["https:\/\/sindicom.hr\/en\/katalog\/ventil-kondenzata\/"]}]},{"@type":"ImageObject","inLanguage":"en-US","@id":"https:\/\/sindicom.hr\/en\/katalog\/ventil-kondenzata\/#primaryimage","url":"https:\/\/sindicom.hr\/wp-content\/uploads\/2020\/05\/0481042212000.webp","contentUrl":"https:\/\/sindicom.hr\/wp-content\/uploads\/2020\/05\/0481042212000.webp","width":1600,"height":900},{"@type":"BreadcrumbList","@id":"https:\/\/sindicom.hr\/en\/katalog\/ventil-kondenzata\/#breadcrumb","itemListElement":[{"@type":"ListItem","position":1,"name":"Po\u010detna stranica","item":"https:\/\/sindicom.hr\/en\/"},{"@type":"ListItem","position":2,"name":"Katalog dijelova","item":"https:\/\/sindicom.hr\/en\/catalog\/"},{"@type":"ListItem","position":3,"name":"REGULATOR PRITISKA ZRAKA 16 b 18 b MERCEDES UNIMOG FENDT BOSCH KNORR BREMSE OE"}]},{"@type":"WebSite","@id":"https:\/\/sindicom.hr\/en\/#website","url":"https:\/\/sindicom.hr\/en\/","name":"SINDICOM","description":"Trade and repair of pneumatic brakes, air and hydraulic systems for trucks and buses","publisher":{"@id":"https:\/\/sindicom.hr\/en\/#organization"},"potentialAction":[{"@type":"SearchAction","target":{"@type":"EntryPoint","urlTemplate":"https:\/\/sindicom.hr\/en\/?s={search_term_string}"},"query-input":{"@type":"PropertyValueSpecification","valueRequired":true,"valueName":"search_term_string"}}],"inLanguage":"en-US"},{"@type":"Organization","@id":"https:\/\/sindicom.hr\/en\/#organization","name":"SINDICOM d.o.o.","url":"https:\/\/sindicom.hr\/en\/","logo":{"@type":"ImageObject","inLanguage":"en-US","@id":"https:\/\/sindicom.hr\/en\/#\/schema\/logo\/image\/","url":"https:\/\/sindicom.hr\/wp-content\/uploads\/2019\/11\/sindicom_logo_veliki1.jpg.png","contentUrl":"https:\/\/sindicom.hr\/wp-content\/uploads\/2019\/11\/sindicom_logo_veliki1.jpg.png","width":732,"height":706,"caption":"SINDICOM d.o.o."},"image":{"@id":"https:\/\/sindicom.hr\/en\/#\/schema\/logo\/image\/"},"sameAs":["https:\/\/www.facebook.com\/Sindicom-doo-170277286366043\/","https:\/\/instagram.com\/sindicomdoo"]}]}},"_links":{"self":[{"href":"https:\/\/sindicom.hr\/en\/wp-json\/wp\/v2\/product\/15560","targetHints":{"allow":["GET"]}}],"collection":[{"href":"https:\/\/sindicom.hr\/en\/wp-json\/wp\/v2\/product"}],"about":[{"href":"https:\/\/sindicom.hr\/en\/wp-json\/wp\/v2\/types\/product"}],"wp:featuredmedia":[{"embeddable":true,"href":"https:\/\/sindicom.hr\/en\/wp-json\/wp\/v2\/media\/53854"}],"wp:attachment":[{"href":"https:\/\/sindicom.hr\/en\/wp-json\/wp\/v2\/media?parent=15560"}],"wp:term":[{"taxonomy":"product_brand","embeddable":true,"href":"https:\/\/sindicom.hr\/en\/wp-json\/wp\/v2\/product_brand?post=15560"},{"taxonomy":"product_cat","embeddable":true,"href":"https:\/\/sindicom.hr\/en\/wp-json\/wp\/v2\/product_cat?post=15560"},{"taxonomy":"product_tag","embeddable":true,"href":"https:\/\/sindicom.hr\/en\/wp-json\/wp\/v2\/product_tag?post=15560"}],"curies":[{"name":"wp","href":"https:\/\/api.w.org\/{rel}","templated":true}]}}