{"id":15578,"date":"2020-05-11T08:32:37","date_gmt":"2020-05-11T08:32:37","guid":{"rendered":"https:\/\/sindicom.hr\/katalog\/manzeta-duplog-isusivaca-zraka-wabco\/"},"modified":"2025-10-27T11:54:58","modified_gmt":"2025-10-27T11:54:58","slug":"manzeta-duplog-isusivaca-zraka-wabco","status":"publish","type":"product","link":"https:\/\/sindicom.hr\/en\/katalog\/manzeta-duplog-isusivaca-zraka-wabco\/","title":{"rendered":"MAN\u017dETA DUPLOG ISU\u0160IVA\u010cA ZRAKA WABCO"},"content":{"rendered":"<p>432432 WABCO  4324320002 WABCO  4324320000 WABCO  4324320010 WABCO  4324320020 WABCO  4324320030 WABCO  4324320060 WABCO  4324320070 WABCO  4324320100 WABCO  4324320120 WABCO  4324320160 WABCO  4324320170 WABCO  4324320180 WABCO  4324320190 WABCO  4324321980 WABCO  4324321990 WABCO  4324322780 WABCO  4324322790 WABCO<\/p>\n","protected":false},"excerpt":{"rendered":"<p><img decoding=\"async\" class=\"alignnone size-medium wp-image-17720\" src=\"https:\/\/sindicom.hr\/wp-content\/uploads\/2020\/05\/wabco-300x300.png\" alt=\"\" width=\"300\" height=\"300\" srcset=\"https:\/\/sindicom.hr\/wp-content\/uploads\/2020\/05\/wabco-64x64.png 64w, https:\/\/sindicom.hr\/wp-content\/uploads\/2020\/05\/wabco-66x66.png 66w, https:\/\/sindicom.hr\/wp-content\/uploads\/2020\/05\/wabco-100x100.png 100w, https:\/\/sindicom.hr\/wp-content\/uploads\/2020\/05\/wabco-150x150.png 150w, https:\/\/sindicom.hr\/wp-content\/uploads\/2020\/05\/wabco-200x200.png 200w, https:\/\/sindicom.hr\/wp-content\/uploads\/2020\/05\/wabco.png 300w\" sizes=\"(max-width: 300px) 100vw, 300px\" \/><\/p>\n","protected":false},"featured_media":27688,"template":"","meta":{"inline_featured_image":false},"product_brand":[],"product_cat":[15,120],"product_tag":[],"class_list":{"0":"post-15578","1":"product","2":"type-product","3":"status-publish","4":"has-post-thumbnail","6":"product_cat-all-products","7":"product_cat-reparaturni-setovi","9":"first","10":"instock","11":"shipping-taxable","12":"purchasable","13":"product-type-simple"},"yoast_head":"<!-- This site is optimized with the Yoast SEO plugin v26.2 - https:\/\/yoast.com\/wordpress\/plugins\/seo\/ -->\n<title>MAN\u017dETA DUPLOG ISU\u0160IVA\u010cA ZRAKA WABCO - Sindicom<\/title>\n<meta name=\"robots\" content=\"index, follow, max-snippet:-1, max-image-preview:large, max-video-preview:-1\" \/>\n<link rel=\"canonical\" href=\"https:\/\/sindicom.hr\/en\/katalog\/manzeta-duplog-isusivaca-zraka-wabco\/\" \/>\n<meta property=\"og:locale\" content=\"en_US\" \/>\n<meta property=\"og:type\" content=\"article\" \/>\n<meta property=\"og:title\" content=\"MAN\u017dETA DUPLOG ISU\u0160IVA\u010cA ZRAKA WABCO - Sindicom\" \/>\n<meta property=\"og:url\" content=\"https:\/\/sindicom.hr\/en\/katalog\/manzeta-duplog-isusivaca-zraka-wabco\/\" \/>\n<meta property=\"og:site_name\" content=\"Sindicom\" \/>\n<meta property=\"article:publisher\" content=\"https:\/\/www.facebook.com\/Sindicom-doo-170277286366043\/\" \/>\n<meta property=\"article:modified_time\" content=\"2025-10-27T11:54:58+00:00\" \/>\n<meta property=\"og:image\" content=\"https:\/\/sindicom.hr\/wp-content\/uploads\/2020\/05\/432432.webp\" \/>\n\t<meta property=\"og:image:width\" content=\"600\" \/>\n\t<meta property=\"og:image:height\" content=\"600\" \/>\n\t<meta property=\"og:image:type\" content=\"image\/webp\" \/>\n<meta name=\"twitter:card\" content=\"summary_large_image\" \/>\n<script type=\"application\/ld+json\" class=\"yoast-schema-graph\">{\"@context\":\"https:\/\/schema.org\",\"@graph\":[{\"@type\":\"WebPage\",\"@id\":\"https:\/\/sindicom.hr\/en\/katalog\/manzeta-duplog-isusivaca-zraka-wabco\/\",\"url\":\"https:\/\/sindicom.hr\/en\/katalog\/manzeta-duplog-isusivaca-zraka-wabco\/\",\"name\":\"MAN\u017dETA DUPLOG ISU\u0160IVA\u010cA ZRAKA WABCO - Sindicom\",\"isPartOf\":{\"@id\":\"https:\/\/sindicom.hr\/en\/#website\"},\"primaryImageOfPage\":{\"@id\":\"https:\/\/sindicom.hr\/en\/katalog\/manzeta-duplog-isusivaca-zraka-wabco\/#primaryimage\"},\"image\":{\"@id\":\"https:\/\/sindicom.hr\/en\/katalog\/manzeta-duplog-isusivaca-zraka-wabco\/#primaryimage\"},\"thumbnailUrl\":\"https:\/\/sindicom.hr\/wp-content\/uploads\/2020\/05\/432432.webp\",\"datePublished\":\"2020-05-11T08:32:37+00:00\",\"dateModified\":\"2025-10-27T11:54:58+00:00\",\"breadcrumb\":{\"@id\":\"https:\/\/sindicom.hr\/en\/katalog\/manzeta-duplog-isusivaca-zraka-wabco\/#breadcrumb\"},\"inLanguage\":\"en-US\",\"potentialAction\":[{\"@type\":\"ReadAction\",\"target\":[\"https:\/\/sindicom.hr\/en\/katalog\/manzeta-duplog-isusivaca-zraka-wabco\/\"]}]},{\"@type\":\"ImageObject\",\"inLanguage\":\"en-US\",\"@id\":\"https:\/\/sindicom.hr\/en\/katalog\/manzeta-duplog-isusivaca-zraka-wabco\/#primaryimage\",\"url\":\"https:\/\/sindicom.hr\/wp-content\/uploads\/2020\/05\/432432.webp\",\"contentUrl\":\"https:\/\/sindicom.hr\/wp-content\/uploads\/2020\/05\/432432.webp\",\"width\":600,\"height\":600},{\"@type\":\"BreadcrumbList\",\"@id\":\"https:\/\/sindicom.hr\/en\/katalog\/manzeta-duplog-isusivaca-zraka-wabco\/#breadcrumb\",\"itemListElement\":[{\"@type\":\"ListItem\",\"position\":1,\"name\":\"Po\u010detna stranica\",\"item\":\"https:\/\/sindicom.hr\/en\/\"},{\"@type\":\"ListItem\",\"position\":2,\"name\":\"Katalog dijelova\",\"item\":\"https:\/\/sindicom.hr\/en\/catalog\/\"},{\"@type\":\"ListItem\",\"position\":3,\"name\":\"MAN\u017dETA DUPLOG ISU\u0160IVA\u010cA ZRAKA WABCO\"}]},{\"@type\":\"WebSite\",\"@id\":\"https:\/\/sindicom.hr\/en\/#website\",\"url\":\"https:\/\/sindicom.hr\/en\/\",\"name\":\"SINDICOM\",\"description\":\"Trade and repair of pneumatic brakes, air and hydraulic systems for trucks and buses\",\"publisher\":{\"@id\":\"https:\/\/sindicom.hr\/en\/#organization\"},\"potentialAction\":[{\"@type\":\"SearchAction\",\"target\":{\"@type\":\"EntryPoint\",\"urlTemplate\":\"https:\/\/sindicom.hr\/en\/?s={search_term_string}\"},\"query-input\":{\"@type\":\"PropertyValueSpecification\",\"valueRequired\":true,\"valueName\":\"search_term_string\"}}],\"inLanguage\":\"en-US\"},{\"@type\":\"Organization\",\"@id\":\"https:\/\/sindicom.hr\/en\/#organization\",\"name\":\"SINDICOM d.o.o.\",\"url\":\"https:\/\/sindicom.hr\/en\/\",\"logo\":{\"@type\":\"ImageObject\",\"inLanguage\":\"en-US\",\"@id\":\"https:\/\/sindicom.hr\/en\/#\/schema\/logo\/image\/\",\"url\":\"https:\/\/sindicom.hr\/wp-content\/uploads\/2019\/11\/sindicom_logo_veliki1.jpg.png\",\"contentUrl\":\"https:\/\/sindicom.hr\/wp-content\/uploads\/2019\/11\/sindicom_logo_veliki1.jpg.png\",\"width\":732,\"height\":706,\"caption\":\"SINDICOM d.o.o.\"},\"image\":{\"@id\":\"https:\/\/sindicom.hr\/en\/#\/schema\/logo\/image\/\"},\"sameAs\":[\"https:\/\/www.facebook.com\/Sindicom-doo-170277286366043\/\",\"https:\/\/instagram.com\/sindicomdoo\"]}]}<\/script>\n<!-- \/ Yoast SEO plugin. -->","yoast_head_json":{"title":"MAN\u017dETA DUPLOG ISU\u0160IVA\u010cA ZRAKA WABCO - Sindicom","robots":{"index":"index","follow":"follow","max-snippet":"max-snippet:-1","max-image-preview":"max-image-preview:large","max-video-preview":"max-video-preview:-1"},"canonical":"https:\/\/sindicom.hr\/en\/katalog\/manzeta-duplog-isusivaca-zraka-wabco\/","og_locale":"en_US","og_type":"article","og_title":"MAN\u017dETA DUPLOG ISU\u0160IVA\u010cA ZRAKA WABCO - Sindicom","og_url":"https:\/\/sindicom.hr\/en\/katalog\/manzeta-duplog-isusivaca-zraka-wabco\/","og_site_name":"Sindicom","article_publisher":"https:\/\/www.facebook.com\/Sindicom-doo-170277286366043\/","article_modified_time":"2025-10-27T11:54:58+00:00","og_image":[{"width":600,"height":600,"url":"https:\/\/sindicom.hr\/wp-content\/uploads\/2020\/05\/432432.webp","type":"image\/webp"}],"twitter_card":"summary_large_image","schema":{"@context":"https:\/\/schema.org","@graph":[{"@type":"WebPage","@id":"https:\/\/sindicom.hr\/en\/katalog\/manzeta-duplog-isusivaca-zraka-wabco\/","url":"https:\/\/sindicom.hr\/en\/katalog\/manzeta-duplog-isusivaca-zraka-wabco\/","name":"MAN\u017dETA DUPLOG ISU\u0160IVA\u010cA ZRAKA WABCO - Sindicom","isPartOf":{"@id":"https:\/\/sindicom.hr\/en\/#website"},"primaryImageOfPage":{"@id":"https:\/\/sindicom.hr\/en\/katalog\/manzeta-duplog-isusivaca-zraka-wabco\/#primaryimage"},"image":{"@id":"https:\/\/sindicom.hr\/en\/katalog\/manzeta-duplog-isusivaca-zraka-wabco\/#primaryimage"},"thumbnailUrl":"https:\/\/sindicom.hr\/wp-content\/uploads\/2020\/05\/432432.webp","datePublished":"2020-05-11T08:32:37+00:00","dateModified":"2025-10-27T11:54:58+00:00","breadcrumb":{"@id":"https:\/\/sindicom.hr\/en\/katalog\/manzeta-duplog-isusivaca-zraka-wabco\/#breadcrumb"},"inLanguage":"en-US","potentialAction":[{"@type":"ReadAction","target":["https:\/\/sindicom.hr\/en\/katalog\/manzeta-duplog-isusivaca-zraka-wabco\/"]}]},{"@type":"ImageObject","inLanguage":"en-US","@id":"https:\/\/sindicom.hr\/en\/katalog\/manzeta-duplog-isusivaca-zraka-wabco\/#primaryimage","url":"https:\/\/sindicom.hr\/wp-content\/uploads\/2020\/05\/432432.webp","contentUrl":"https:\/\/sindicom.hr\/wp-content\/uploads\/2020\/05\/432432.webp","width":600,"height":600},{"@type":"BreadcrumbList","@id":"https:\/\/sindicom.hr\/en\/katalog\/manzeta-duplog-isusivaca-zraka-wabco\/#breadcrumb","itemListElement":[{"@type":"ListItem","position":1,"name":"Po\u010detna stranica","item":"https:\/\/sindicom.hr\/en\/"},{"@type":"ListItem","position":2,"name":"Katalog dijelova","item":"https:\/\/sindicom.hr\/en\/catalog\/"},{"@type":"ListItem","position":3,"name":"MAN\u017dETA DUPLOG ISU\u0160IVA\u010cA ZRAKA WABCO"}]},{"@type":"WebSite","@id":"https:\/\/sindicom.hr\/en\/#website","url":"https:\/\/sindicom.hr\/en\/","name":"SINDICOM","description":"Trade and repair of pneumatic brakes, air and hydraulic systems for trucks and buses","publisher":{"@id":"https:\/\/sindicom.hr\/en\/#organization"},"potentialAction":[{"@type":"SearchAction","target":{"@type":"EntryPoint","urlTemplate":"https:\/\/sindicom.hr\/en\/?s={search_term_string}"},"query-input":{"@type":"PropertyValueSpecification","valueRequired":true,"valueName":"search_term_string"}}],"inLanguage":"en-US"},{"@type":"Organization","@id":"https:\/\/sindicom.hr\/en\/#organization","name":"SINDICOM d.o.o.","url":"https:\/\/sindicom.hr\/en\/","logo":{"@type":"ImageObject","inLanguage":"en-US","@id":"https:\/\/sindicom.hr\/en\/#\/schema\/logo\/image\/","url":"https:\/\/sindicom.hr\/wp-content\/uploads\/2019\/11\/sindicom_logo_veliki1.jpg.png","contentUrl":"https:\/\/sindicom.hr\/wp-content\/uploads\/2019\/11\/sindicom_logo_veliki1.jpg.png","width":732,"height":706,"caption":"SINDICOM d.o.o."},"image":{"@id":"https:\/\/sindicom.hr\/en\/#\/schema\/logo\/image\/"},"sameAs":["https:\/\/www.facebook.com\/Sindicom-doo-170277286366043\/","https:\/\/instagram.com\/sindicomdoo"]}]}},"_links":{"self":[{"href":"https:\/\/sindicom.hr\/en\/wp-json\/wp\/v2\/product\/15578","targetHints":{"allow":["GET"]}}],"collection":[{"href":"https:\/\/sindicom.hr\/en\/wp-json\/wp\/v2\/product"}],"about":[{"href":"https:\/\/sindicom.hr\/en\/wp-json\/wp\/v2\/types\/product"}],"wp:featuredmedia":[{"embeddable":true,"href":"https:\/\/sindicom.hr\/en\/wp-json\/wp\/v2\/media\/27688"}],"wp:attachment":[{"href":"https:\/\/sindicom.hr\/en\/wp-json\/wp\/v2\/media?parent=15578"}],"wp:term":[{"taxonomy":"product_brand","embeddable":true,"href":"https:\/\/sindicom.hr\/en\/wp-json\/wp\/v2\/product_brand?post=15578"},{"taxonomy":"product_cat","embeddable":true,"href":"https:\/\/sindicom.hr\/en\/wp-json\/wp\/v2\/product_cat?post=15578"},{"taxonomy":"product_tag","embeddable":true,"href":"https:\/\/sindicom.hr\/en\/wp-json\/wp\/v2\/product_tag?post=15578"}],"curies":[{"name":"wp","href":"https:\/\/api.w.org\/{rel}","templated":true}]}}