{"id":15621,"date":"2020-05-11T08:32:47","date_gmt":"2020-05-11T08:32:47","guid":{"rendered":"https:\/\/sindicom.hr\/katalog\/ventil-na-mjenjacu-zf-man-daf-rvi-iveco-org\/"},"modified":"2025-10-27T11:55:15","modified_gmt":"2025-10-27T11:55:15","slug":"ventil-na-mjenjacu-zf-man-daf-rvi-iveco-org","status":"publish","type":"product","link":"https:\/\/sindicom.hr\/en\/katalog\/ventil-na-mjenjacu-zf-man-daf-rvi-iveco-org\/","title":{"rendered":"VENTIL BRZINA NA ZF MJENJA\u010cU MAN DAF RENAULT IVECO ZF OE"},"content":{"rendered":"<p>1356.298.001 ZF  1356298001009 ZF  1356 298 001 009 ZF  1356.298.001.009 ZF  1356298001 ZF  1356.298.001 ZF  1356 298 001 ZF  0501219847 ZF  0501.219.847 ZF  0501219310 ZF  0501.219.310 ZF  0501208630 ZF  0501.208.630 ZF  0501215359 ZF  0501.215.359 ZF  0501219847 ZF  0501.219.847 ZF  2129399 DAF  1300662 DAF  1374724 DAF  1786995 DAF  1897664 DAF  42576614 IVECO  42567285 IVECO  42567284 IVECO  93193501 IVECO  23033804 VOLVO  81521316041 MAN  81521316015 MAN  81521706139 MAN  81521316043 MAN  81.52131-6043 MAN  81.52131-6015 MAN  81.52170-6139 MAN  81.52131-6041 MAN  81.52131-6041 CASE  7421884350 RENAULT  7423033804 RENAULT  3.53002 DT  6.45003 DT  17823 FEBI  280.644 C.E.I  85421 AUGER  2880170 COJALI  17050580010 SORL  95531666 EURORICAMBI  084.607-00A PE AUTOMOTIVE  Manual transmission control valve  Brake master cylinder repair kit  Hauptbremszylinder Reparatursatz  Cilindro principale del freno Kit di riparazione  V\u00e1lvula de transmisi\u00f3n de la caja de cambios ZF  Soupape de transmission de bo\u00eete de vitesses ZF<\/p>\n","protected":false},"excerpt":{"rendered":"<p><img decoding=\"async\" class=\"alignnone size-medium wp-image-17722\" src=\"https:\/\/sindicom.hr\/wp-content\/uploads\/2020\/05\/zf-300x300.png\" alt=\"\" width=\"300\" height=\"300\" srcset=\"https:\/\/sindicom.hr\/wp-content\/uploads\/2020\/05\/zf-64x64.png 64w, https:\/\/sindicom.hr\/wp-content\/uploads\/2020\/05\/zf-66x66.png 66w, https:\/\/sindicom.hr\/wp-content\/uploads\/2020\/05\/zf-100x100.png 100w, https:\/\/sindicom.hr\/wp-content\/uploads\/2020\/05\/zf-150x150.png 150w, https:\/\/sindicom.hr\/wp-content\/uploads\/2020\/05\/zf-200x200.png 200w, https:\/\/sindicom.hr\/wp-content\/uploads\/2020\/05\/zf.png 300w\" sizes=\"(max-width: 300px) 100vw, 300px\" \/><\/p>\n","protected":false},"featured_media":46088,"template":"","meta":{"inline_featured_image":false},"product_brand":[],"product_cat":[15,222,126,110,108,112,107,136,131,111,272,64],"product_tag":[],"class_list":{"0":"post-15621","1":"product","2":"type-product","3":"status-publish","4":"has-post-thumbnail","6":"product_cat-all-products","7":"product_cat-case","8":"product_cat-daf","9":"product_cat-iveco-teretna-vozila","10":"product_cat-man-teretna-vozila","11":"product_cat-renault","12":"product_cat-teretna-vozila","13":"product_cat-traktori","14":"product_cat-ventili-mjenjaca","15":"product_cat-volvo","16":"product_cat-zf-astronic-rezervni-dijelovi-zf-amt-astronic-gearbox-actuator-spare-parts","17":"product_cat-zf-dijelovi-mjenjaca","19":"first","20":"instock","21":"shipping-taxable","22":"purchasable","23":"product-type-simple"},"yoast_head":"<!-- This site is optimized with the Yoast SEO plugin v26.2 - https:\/\/yoast.com\/wordpress\/plugins\/seo\/ -->\n<title>VENTIL BRZINA NA ZF MJENJA\u010cU MAN DAF RENAULT IVECO ZF OE - Sindicom<\/title>\n<meta name=\"robots\" content=\"index, follow, max-snippet:-1, max-image-preview:large, max-video-preview:-1\" \/>\n<link rel=\"canonical\" href=\"https:\/\/sindicom.hr\/en\/katalog\/ventil-na-mjenjacu-zf-man-daf-rvi-iveco-org\/\" \/>\n<meta property=\"og:locale\" content=\"en_US\" \/>\n<meta property=\"og:type\" content=\"article\" \/>\n<meta property=\"og:title\" content=\"VENTIL BRZINA NA ZF MJENJA\u010cU MAN DAF RENAULT IVECO ZF OE - Sindicom\" \/>\n<meta property=\"og:url\" content=\"https:\/\/sindicom.hr\/en\/katalog\/ventil-na-mjenjacu-zf-man-daf-rvi-iveco-org\/\" \/>\n<meta property=\"og:site_name\" content=\"Sindicom\" \/>\n<meta property=\"article:publisher\" content=\"https:\/\/www.facebook.com\/Sindicom-doo-170277286366043\/\" \/>\n<meta property=\"article:modified_time\" content=\"2025-10-27T11:55:15+00:00\" \/>\n<meta property=\"og:image\" content=\"https:\/\/sindicom.hr\/wp-content\/uploads\/2020\/05\/1356.298.001-ZF.webp\" \/>\n\t<meta property=\"og:image:width\" content=\"600\" \/>\n\t<meta property=\"og:image:height\" content=\"600\" \/>\n\t<meta property=\"og:image:type\" content=\"image\/webp\" \/>\n<meta name=\"twitter:card\" content=\"summary_large_image\" \/>\n<meta name=\"twitter:label1\" content=\"Est. reading time\" \/>\n\t<meta name=\"twitter:data1\" content=\"1 minute\" \/>\n<script type=\"application\/ld+json\" class=\"yoast-schema-graph\">{\"@context\":\"https:\/\/schema.org\",\"@graph\":[{\"@type\":\"WebPage\",\"@id\":\"https:\/\/sindicom.hr\/en\/katalog\/ventil-na-mjenjacu-zf-man-daf-rvi-iveco-org\/\",\"url\":\"https:\/\/sindicom.hr\/en\/katalog\/ventil-na-mjenjacu-zf-man-daf-rvi-iveco-org\/\",\"name\":\"VENTIL BRZINA NA ZF MJENJA\u010cU MAN DAF RENAULT IVECO ZF OE - Sindicom\",\"isPartOf\":{\"@id\":\"https:\/\/sindicom.hr\/en\/#website\"},\"primaryImageOfPage\":{\"@id\":\"https:\/\/sindicom.hr\/en\/katalog\/ventil-na-mjenjacu-zf-man-daf-rvi-iveco-org\/#primaryimage\"},\"image\":{\"@id\":\"https:\/\/sindicom.hr\/en\/katalog\/ventil-na-mjenjacu-zf-man-daf-rvi-iveco-org\/#primaryimage\"},\"thumbnailUrl\":\"https:\/\/sindicom.hr\/wp-content\/uploads\/2020\/05\/1356.298.001-ZF.webp\",\"datePublished\":\"2020-05-11T08:32:47+00:00\",\"dateModified\":\"2025-10-27T11:55:15+00:00\",\"breadcrumb\":{\"@id\":\"https:\/\/sindicom.hr\/en\/katalog\/ventil-na-mjenjacu-zf-man-daf-rvi-iveco-org\/#breadcrumb\"},\"inLanguage\":\"en-US\",\"potentialAction\":[{\"@type\":\"ReadAction\",\"target\":[\"https:\/\/sindicom.hr\/en\/katalog\/ventil-na-mjenjacu-zf-man-daf-rvi-iveco-org\/\"]}]},{\"@type\":\"ImageObject\",\"inLanguage\":\"en-US\",\"@id\":\"https:\/\/sindicom.hr\/en\/katalog\/ventil-na-mjenjacu-zf-man-daf-rvi-iveco-org\/#primaryimage\",\"url\":\"https:\/\/sindicom.hr\/wp-content\/uploads\/2020\/05\/1356.298.001-ZF.webp\",\"contentUrl\":\"https:\/\/sindicom.hr\/wp-content\/uploads\/2020\/05\/1356.298.001-ZF.webp\",\"width\":600,\"height\":600},{\"@type\":\"BreadcrumbList\",\"@id\":\"https:\/\/sindicom.hr\/en\/katalog\/ventil-na-mjenjacu-zf-man-daf-rvi-iveco-org\/#breadcrumb\",\"itemListElement\":[{\"@type\":\"ListItem\",\"position\":1,\"name\":\"Po\u010detna stranica\",\"item\":\"https:\/\/sindicom.hr\/en\/\"},{\"@type\":\"ListItem\",\"position\":2,\"name\":\"Katalog dijelova\",\"item\":\"https:\/\/sindicom.hr\/en\/catalog\/\"},{\"@type\":\"ListItem\",\"position\":3,\"name\":\"VENTIL NA MJENJA\u010cU MAN DAF RENAULT IVECO ZF OE\"}]},{\"@type\":\"WebSite\",\"@id\":\"https:\/\/sindicom.hr\/en\/#website\",\"url\":\"https:\/\/sindicom.hr\/en\/\",\"name\":\"SINDICOM\",\"description\":\"Trade and repair of pneumatic brakes, air and hydraulic systems for trucks and buses\",\"publisher\":{\"@id\":\"https:\/\/sindicom.hr\/en\/#organization\"},\"potentialAction\":[{\"@type\":\"SearchAction\",\"target\":{\"@type\":\"EntryPoint\",\"urlTemplate\":\"https:\/\/sindicom.hr\/en\/?s={search_term_string}\"},\"query-input\":{\"@type\":\"PropertyValueSpecification\",\"valueRequired\":true,\"valueName\":\"search_term_string\"}}],\"inLanguage\":\"en-US\"},{\"@type\":\"Organization\",\"@id\":\"https:\/\/sindicom.hr\/en\/#organization\",\"name\":\"SINDICOM d.o.o.\",\"url\":\"https:\/\/sindicom.hr\/en\/\",\"logo\":{\"@type\":\"ImageObject\",\"inLanguage\":\"en-US\",\"@id\":\"https:\/\/sindicom.hr\/en\/#\/schema\/logo\/image\/\",\"url\":\"https:\/\/sindicom.hr\/wp-content\/uploads\/2019\/11\/sindicom_logo_veliki1.jpg.png\",\"contentUrl\":\"https:\/\/sindicom.hr\/wp-content\/uploads\/2019\/11\/sindicom_logo_veliki1.jpg.png\",\"width\":732,\"height\":706,\"caption\":\"SINDICOM d.o.o.\"},\"image\":{\"@id\":\"https:\/\/sindicom.hr\/en\/#\/schema\/logo\/image\/\"},\"sameAs\":[\"https:\/\/www.facebook.com\/Sindicom-doo-170277286366043\/\",\"https:\/\/instagram.com\/sindicomdoo\"]}]}<\/script>\n<!-- \/ Yoast SEO plugin. -->","yoast_head_json":{"title":"VENTIL BRZINA NA ZF MJENJA\u010cU MAN DAF RENAULT IVECO ZF OE - Sindicom","robots":{"index":"index","follow":"follow","max-snippet":"max-snippet:-1","max-image-preview":"max-image-preview:large","max-video-preview":"max-video-preview:-1"},"canonical":"https:\/\/sindicom.hr\/en\/katalog\/ventil-na-mjenjacu-zf-man-daf-rvi-iveco-org\/","og_locale":"en_US","og_type":"article","og_title":"VENTIL BRZINA NA ZF MJENJA\u010cU MAN DAF RENAULT IVECO ZF OE - Sindicom","og_url":"https:\/\/sindicom.hr\/en\/katalog\/ventil-na-mjenjacu-zf-man-daf-rvi-iveco-org\/","og_site_name":"Sindicom","article_publisher":"https:\/\/www.facebook.com\/Sindicom-doo-170277286366043\/","article_modified_time":"2025-10-27T11:55:15+00:00","og_image":[{"width":600,"height":600,"url":"https:\/\/sindicom.hr\/wp-content\/uploads\/2020\/05\/1356.298.001-ZF.webp","type":"image\/webp"}],"twitter_card":"summary_large_image","twitter_misc":{"Est. reading time":"1 minute"},"schema":{"@context":"https:\/\/schema.org","@graph":[{"@type":"WebPage","@id":"https:\/\/sindicom.hr\/en\/katalog\/ventil-na-mjenjacu-zf-man-daf-rvi-iveco-org\/","url":"https:\/\/sindicom.hr\/en\/katalog\/ventil-na-mjenjacu-zf-man-daf-rvi-iveco-org\/","name":"VENTIL BRZINA NA ZF MJENJA\u010cU MAN DAF RENAULT IVECO ZF OE - Sindicom","isPartOf":{"@id":"https:\/\/sindicom.hr\/en\/#website"},"primaryImageOfPage":{"@id":"https:\/\/sindicom.hr\/en\/katalog\/ventil-na-mjenjacu-zf-man-daf-rvi-iveco-org\/#primaryimage"},"image":{"@id":"https:\/\/sindicom.hr\/en\/katalog\/ventil-na-mjenjacu-zf-man-daf-rvi-iveco-org\/#primaryimage"},"thumbnailUrl":"https:\/\/sindicom.hr\/wp-content\/uploads\/2020\/05\/1356.298.001-ZF.webp","datePublished":"2020-05-11T08:32:47+00:00","dateModified":"2025-10-27T11:55:15+00:00","breadcrumb":{"@id":"https:\/\/sindicom.hr\/en\/katalog\/ventil-na-mjenjacu-zf-man-daf-rvi-iveco-org\/#breadcrumb"},"inLanguage":"en-US","potentialAction":[{"@type":"ReadAction","target":["https:\/\/sindicom.hr\/en\/katalog\/ventil-na-mjenjacu-zf-man-daf-rvi-iveco-org\/"]}]},{"@type":"ImageObject","inLanguage":"en-US","@id":"https:\/\/sindicom.hr\/en\/katalog\/ventil-na-mjenjacu-zf-man-daf-rvi-iveco-org\/#primaryimage","url":"https:\/\/sindicom.hr\/wp-content\/uploads\/2020\/05\/1356.298.001-ZF.webp","contentUrl":"https:\/\/sindicom.hr\/wp-content\/uploads\/2020\/05\/1356.298.001-ZF.webp","width":600,"height":600},{"@type":"BreadcrumbList","@id":"https:\/\/sindicom.hr\/en\/katalog\/ventil-na-mjenjacu-zf-man-daf-rvi-iveco-org\/#breadcrumb","itemListElement":[{"@type":"ListItem","position":1,"name":"Po\u010detna stranica","item":"https:\/\/sindicom.hr\/en\/"},{"@type":"ListItem","position":2,"name":"Katalog dijelova","item":"https:\/\/sindicom.hr\/en\/catalog\/"},{"@type":"ListItem","position":3,"name":"VENTIL NA MJENJA\u010cU MAN DAF RENAULT IVECO ZF OE"}]},{"@type":"WebSite","@id":"https:\/\/sindicom.hr\/en\/#website","url":"https:\/\/sindicom.hr\/en\/","name":"SINDICOM","description":"Trade and repair of pneumatic brakes, air and hydraulic systems for trucks and buses","publisher":{"@id":"https:\/\/sindicom.hr\/en\/#organization"},"potentialAction":[{"@type":"SearchAction","target":{"@type":"EntryPoint","urlTemplate":"https:\/\/sindicom.hr\/en\/?s={search_term_string}"},"query-input":{"@type":"PropertyValueSpecification","valueRequired":true,"valueName":"search_term_string"}}],"inLanguage":"en-US"},{"@type":"Organization","@id":"https:\/\/sindicom.hr\/en\/#organization","name":"SINDICOM d.o.o.","url":"https:\/\/sindicom.hr\/en\/","logo":{"@type":"ImageObject","inLanguage":"en-US","@id":"https:\/\/sindicom.hr\/en\/#\/schema\/logo\/image\/","url":"https:\/\/sindicom.hr\/wp-content\/uploads\/2019\/11\/sindicom_logo_veliki1.jpg.png","contentUrl":"https:\/\/sindicom.hr\/wp-content\/uploads\/2019\/11\/sindicom_logo_veliki1.jpg.png","width":732,"height":706,"caption":"SINDICOM d.o.o."},"image":{"@id":"https:\/\/sindicom.hr\/en\/#\/schema\/logo\/image\/"},"sameAs":["https:\/\/www.facebook.com\/Sindicom-doo-170277286366043\/","https:\/\/instagram.com\/sindicomdoo"]}]}},"_links":{"self":[{"href":"https:\/\/sindicom.hr\/en\/wp-json\/wp\/v2\/product\/15621","targetHints":{"allow":["GET"]}}],"collection":[{"href":"https:\/\/sindicom.hr\/en\/wp-json\/wp\/v2\/product"}],"about":[{"href":"https:\/\/sindicom.hr\/en\/wp-json\/wp\/v2\/types\/product"}],"wp:featuredmedia":[{"embeddable":true,"href":"https:\/\/sindicom.hr\/en\/wp-json\/wp\/v2\/media\/46088"}],"wp:attachment":[{"href":"https:\/\/sindicom.hr\/en\/wp-json\/wp\/v2\/media?parent=15621"}],"wp:term":[{"taxonomy":"product_brand","embeddable":true,"href":"https:\/\/sindicom.hr\/en\/wp-json\/wp\/v2\/product_brand?post=15621"},{"taxonomy":"product_cat","embeddable":true,"href":"https:\/\/sindicom.hr\/en\/wp-json\/wp\/v2\/product_cat?post=15621"},{"taxonomy":"product_tag","embeddable":true,"href":"https:\/\/sindicom.hr\/en\/wp-json\/wp\/v2\/product_tag?post=15621"}],"curies":[{"name":"wp","href":"https:\/\/api.w.org\/{rel}","templated":true}]}}