{"id":15629,"date":"2020-05-11T08:32:49","date_gmt":"2020-05-11T08:32:49","guid":{"rendered":"https:\/\/sindicom.hr\/katalog\/evropa-ebs-ventil-prikolice-wabco-sorl-zamj\/"},"modified":"2025-10-27T11:55:18","modified_gmt":"2025-10-27T11:55:18","slug":"evropa-ebs-ventil-prikolice-wabco-sorl-zamj","status":"publish","type":"product","link":"https:\/\/sindicom.hr\/en\/katalog\/evropa-ebs-ventil-prikolice-wabco-sorl-zamj\/","title":{"rendered":"EVROPA EBS VENTIL PRIKOLICE WABCO SORL ZAMJ."},"content":{"rendered":"<p>35270040070 SORL  9710028050 WABCO  9710028020 WABCO  9710020250 WABCO  9710029212 WABCO  1664345 DAF  6500287 KOGEL  5870375 KRONE  AIF0988 OTOKAR  1738442 SCANIA  057230 SCHMITZ  5870375 KRONE  5816897 KRONE  58168970 KRONE  505870375 KRONE 5058703750 KRONE  505870375 KRONE  5058703750 KRONE  349842 KOGEL  6500287 KOGEL  N2.50999.0166 MAN  10976129 VAN HOOL  10868345 VAN HOOL  5021170448 RENAULT  62358 SCHWARZM\u00dcLLER  62358 SCHWARZMULLER  54789 SCHWARZM\u00dcLLER  62358 SCHWARZMULLER  54789 SCHWARZM\u00dcLLER  54789 SCHWARZMULLER  1042995 SCHMITZ CARGOBULL  4.63758 DT  Anh\u00e4nger-Bremsventil  EBS Emergency Valve  Relay Emergency Valve<\/p>\n","protected":false},"excerpt":{"rendered":"<p><img decoding=\"async\" class=\"alignnone size-medium wp-image-17694\" src=\"https:\/\/sindicom.hr\/wp-content\/uploads\/2020\/05\/aftermarket-300x300.png\" alt=\"\" width=\"300\" height=\"300\" srcset=\"https:\/\/sindicom.hr\/wp-content\/uploads\/2020\/05\/aftermarket-64x64.png 64w, https:\/\/sindicom.hr\/wp-content\/uploads\/2020\/05\/aftermarket-66x66.png 66w, https:\/\/sindicom.hr\/wp-content\/uploads\/2020\/05\/aftermarket-100x100.png 100w, https:\/\/sindicom.hr\/wp-content\/uploads\/2020\/05\/aftermarket-150x150.png 150w, https:\/\/sindicom.hr\/wp-content\/uploads\/2020\/05\/aftermarket-200x200.png 200w, https:\/\/sindicom.hr\/wp-content\/uploads\/2020\/05\/aftermarket.png 300w\" sizes=\"(max-width: 300px) 100vw, 300px\" \/><\/p>\n","protected":false},"featured_media":40342,"template":"","meta":{"inline_featured_image":false},"product_brand":[],"product_cat":[15,53,115,145,116,117,114,50,118,119],"product_tag":[],"class_list":{"0":"post-15629","1":"product","2":"type-product","3":"status-publish","4":"has-post-thumbnail","6":"product_cat-all-products","7":"product_cat-ebs-prikolicni-ventili","8":"product_cat-fliegl","9":"product_cat-kassbohrer","10":"product_cat-kogel","11":"product_cat-krone","12":"product_cat-prikolice","13":"product_cat-prikolicni-ventili","14":"product_cat-schmitz","15":"product_cat-schwarzmuller","17":"first","18":"instock","19":"shipping-taxable","20":"purchasable","21":"product-type-simple"},"yoast_head":"<!-- This site is optimized with the Yoast SEO plugin v26.2 - https:\/\/yoast.com\/wordpress\/plugins\/seo\/ -->\n<title>EVROPA EBS VENTIL PRIKOLICE WABCO SORL ZAMJ. - Sindicom<\/title>\n<meta name=\"robots\" content=\"index, follow, max-snippet:-1, max-image-preview:large, max-video-preview:-1\" \/>\n<link rel=\"canonical\" href=\"https:\/\/sindicom.hr\/en\/katalog\/evropa-ebs-ventil-prikolice-wabco-sorl-zamj\/\" \/>\n<meta property=\"og:locale\" content=\"en_US\" \/>\n<meta property=\"og:type\" content=\"article\" \/>\n<meta property=\"og:title\" content=\"EVROPA EBS VENTIL PRIKOLICE WABCO SORL ZAMJ. - Sindicom\" \/>\n<meta property=\"og:url\" content=\"https:\/\/sindicom.hr\/en\/katalog\/evropa-ebs-ventil-prikolice-wabco-sorl-zamj\/\" \/>\n<meta property=\"og:site_name\" content=\"Sindicom\" \/>\n<meta property=\"article:publisher\" content=\"https:\/\/www.facebook.com\/Sindicom-doo-170277286366043\/\" \/>\n<meta property=\"article:modified_time\" content=\"2025-10-27T11:55:18+00:00\" \/>\n<meta property=\"og:image\" content=\"https:\/\/sindicom.hr\/wp-content\/uploads\/2020\/05\/35270040070.webp\" \/>\n\t<meta property=\"og:image:width\" content=\"600\" \/>\n\t<meta property=\"og:image:height\" content=\"600\" \/>\n\t<meta property=\"og:image:type\" content=\"image\/webp\" \/>\n<meta name=\"twitter:card\" content=\"summary_large_image\" \/>\n<meta name=\"twitter:label1\" content=\"Est. reading time\" \/>\n\t<meta name=\"twitter:data1\" content=\"1 minute\" \/>\n<script type=\"application\/ld+json\" class=\"yoast-schema-graph\">{\"@context\":\"https:\/\/schema.org\",\"@graph\":[{\"@type\":\"WebPage\",\"@id\":\"https:\/\/sindicom.hr\/en\/katalog\/evropa-ebs-ventil-prikolice-wabco-sorl-zamj\/\",\"url\":\"https:\/\/sindicom.hr\/en\/katalog\/evropa-ebs-ventil-prikolice-wabco-sorl-zamj\/\",\"name\":\"EVROPA EBS VENTIL PRIKOLICE WABCO SORL ZAMJ. - Sindicom\",\"isPartOf\":{\"@id\":\"https:\/\/sindicom.hr\/en\/#website\"},\"primaryImageOfPage\":{\"@id\":\"https:\/\/sindicom.hr\/en\/katalog\/evropa-ebs-ventil-prikolice-wabco-sorl-zamj\/#primaryimage\"},\"image\":{\"@id\":\"https:\/\/sindicom.hr\/en\/katalog\/evropa-ebs-ventil-prikolice-wabco-sorl-zamj\/#primaryimage\"},\"thumbnailUrl\":\"https:\/\/sindicom.hr\/wp-content\/uploads\/2020\/05\/35270040070.webp\",\"datePublished\":\"2020-05-11T08:32:49+00:00\",\"dateModified\":\"2025-10-27T11:55:18+00:00\",\"breadcrumb\":{\"@id\":\"https:\/\/sindicom.hr\/en\/katalog\/evropa-ebs-ventil-prikolice-wabco-sorl-zamj\/#breadcrumb\"},\"inLanguage\":\"en-US\",\"potentialAction\":[{\"@type\":\"ReadAction\",\"target\":[\"https:\/\/sindicom.hr\/en\/katalog\/evropa-ebs-ventil-prikolice-wabco-sorl-zamj\/\"]}]},{\"@type\":\"ImageObject\",\"inLanguage\":\"en-US\",\"@id\":\"https:\/\/sindicom.hr\/en\/katalog\/evropa-ebs-ventil-prikolice-wabco-sorl-zamj\/#primaryimage\",\"url\":\"https:\/\/sindicom.hr\/wp-content\/uploads\/2020\/05\/35270040070.webp\",\"contentUrl\":\"https:\/\/sindicom.hr\/wp-content\/uploads\/2020\/05\/35270040070.webp\",\"width\":600,\"height\":600},{\"@type\":\"BreadcrumbList\",\"@id\":\"https:\/\/sindicom.hr\/en\/katalog\/evropa-ebs-ventil-prikolice-wabco-sorl-zamj\/#breadcrumb\",\"itemListElement\":[{\"@type\":\"ListItem\",\"position\":1,\"name\":\"Po\u010detna stranica\",\"item\":\"https:\/\/sindicom.hr\/en\/\"},{\"@type\":\"ListItem\",\"position\":2,\"name\":\"Katalog dijelova\",\"item\":\"https:\/\/sindicom.hr\/en\/catalog\/\"},{\"@type\":\"ListItem\",\"position\":3,\"name\":\"EVROPA EBS VENTIL PRIKOLICE WABCO SORL ZAMJ.\"}]},{\"@type\":\"WebSite\",\"@id\":\"https:\/\/sindicom.hr\/en\/#website\",\"url\":\"https:\/\/sindicom.hr\/en\/\",\"name\":\"SINDICOM\",\"description\":\"Trade and repair of pneumatic brakes, air and hydraulic systems for trucks and buses\",\"publisher\":{\"@id\":\"https:\/\/sindicom.hr\/en\/#organization\"},\"potentialAction\":[{\"@type\":\"SearchAction\",\"target\":{\"@type\":\"EntryPoint\",\"urlTemplate\":\"https:\/\/sindicom.hr\/en\/?s={search_term_string}\"},\"query-input\":{\"@type\":\"PropertyValueSpecification\",\"valueRequired\":true,\"valueName\":\"search_term_string\"}}],\"inLanguage\":\"en-US\"},{\"@type\":\"Organization\",\"@id\":\"https:\/\/sindicom.hr\/en\/#organization\",\"name\":\"SINDICOM d.o.o.\",\"url\":\"https:\/\/sindicom.hr\/en\/\",\"logo\":{\"@type\":\"ImageObject\",\"inLanguage\":\"en-US\",\"@id\":\"https:\/\/sindicom.hr\/en\/#\/schema\/logo\/image\/\",\"url\":\"https:\/\/sindicom.hr\/wp-content\/uploads\/2019\/11\/sindicom_logo_veliki1.jpg.png\",\"contentUrl\":\"https:\/\/sindicom.hr\/wp-content\/uploads\/2019\/11\/sindicom_logo_veliki1.jpg.png\",\"width\":732,\"height\":706,\"caption\":\"SINDICOM d.o.o.\"},\"image\":{\"@id\":\"https:\/\/sindicom.hr\/en\/#\/schema\/logo\/image\/\"},\"sameAs\":[\"https:\/\/www.facebook.com\/Sindicom-doo-170277286366043\/\",\"https:\/\/instagram.com\/sindicomdoo\"]}]}<\/script>\n<!-- \/ Yoast SEO plugin. -->","yoast_head_json":{"title":"EVROPA EBS VENTIL PRIKOLICE WABCO SORL ZAMJ. - Sindicom","robots":{"index":"index","follow":"follow","max-snippet":"max-snippet:-1","max-image-preview":"max-image-preview:large","max-video-preview":"max-video-preview:-1"},"canonical":"https:\/\/sindicom.hr\/en\/katalog\/evropa-ebs-ventil-prikolice-wabco-sorl-zamj\/","og_locale":"en_US","og_type":"article","og_title":"EVROPA EBS VENTIL PRIKOLICE WABCO SORL ZAMJ. - Sindicom","og_url":"https:\/\/sindicom.hr\/en\/katalog\/evropa-ebs-ventil-prikolice-wabco-sorl-zamj\/","og_site_name":"Sindicom","article_publisher":"https:\/\/www.facebook.com\/Sindicom-doo-170277286366043\/","article_modified_time":"2025-10-27T11:55:18+00:00","og_image":[{"width":600,"height":600,"url":"https:\/\/sindicom.hr\/wp-content\/uploads\/2020\/05\/35270040070.webp","type":"image\/webp"}],"twitter_card":"summary_large_image","twitter_misc":{"Est. reading time":"1 minute"},"schema":{"@context":"https:\/\/schema.org","@graph":[{"@type":"WebPage","@id":"https:\/\/sindicom.hr\/en\/katalog\/evropa-ebs-ventil-prikolice-wabco-sorl-zamj\/","url":"https:\/\/sindicom.hr\/en\/katalog\/evropa-ebs-ventil-prikolice-wabco-sorl-zamj\/","name":"EVROPA EBS VENTIL PRIKOLICE WABCO SORL ZAMJ. - Sindicom","isPartOf":{"@id":"https:\/\/sindicom.hr\/en\/#website"},"primaryImageOfPage":{"@id":"https:\/\/sindicom.hr\/en\/katalog\/evropa-ebs-ventil-prikolice-wabco-sorl-zamj\/#primaryimage"},"image":{"@id":"https:\/\/sindicom.hr\/en\/katalog\/evropa-ebs-ventil-prikolice-wabco-sorl-zamj\/#primaryimage"},"thumbnailUrl":"https:\/\/sindicom.hr\/wp-content\/uploads\/2020\/05\/35270040070.webp","datePublished":"2020-05-11T08:32:49+00:00","dateModified":"2025-10-27T11:55:18+00:00","breadcrumb":{"@id":"https:\/\/sindicom.hr\/en\/katalog\/evropa-ebs-ventil-prikolice-wabco-sorl-zamj\/#breadcrumb"},"inLanguage":"en-US","potentialAction":[{"@type":"ReadAction","target":["https:\/\/sindicom.hr\/en\/katalog\/evropa-ebs-ventil-prikolice-wabco-sorl-zamj\/"]}]},{"@type":"ImageObject","inLanguage":"en-US","@id":"https:\/\/sindicom.hr\/en\/katalog\/evropa-ebs-ventil-prikolice-wabco-sorl-zamj\/#primaryimage","url":"https:\/\/sindicom.hr\/wp-content\/uploads\/2020\/05\/35270040070.webp","contentUrl":"https:\/\/sindicom.hr\/wp-content\/uploads\/2020\/05\/35270040070.webp","width":600,"height":600},{"@type":"BreadcrumbList","@id":"https:\/\/sindicom.hr\/en\/katalog\/evropa-ebs-ventil-prikolice-wabco-sorl-zamj\/#breadcrumb","itemListElement":[{"@type":"ListItem","position":1,"name":"Po\u010detna stranica","item":"https:\/\/sindicom.hr\/en\/"},{"@type":"ListItem","position":2,"name":"Katalog dijelova","item":"https:\/\/sindicom.hr\/en\/catalog\/"},{"@type":"ListItem","position":3,"name":"EVROPA EBS VENTIL PRIKOLICE WABCO SORL ZAMJ."}]},{"@type":"WebSite","@id":"https:\/\/sindicom.hr\/en\/#website","url":"https:\/\/sindicom.hr\/en\/","name":"SINDICOM","description":"Trade and repair of pneumatic brakes, air and hydraulic systems for trucks and buses","publisher":{"@id":"https:\/\/sindicom.hr\/en\/#organization"},"potentialAction":[{"@type":"SearchAction","target":{"@type":"EntryPoint","urlTemplate":"https:\/\/sindicom.hr\/en\/?s={search_term_string}"},"query-input":{"@type":"PropertyValueSpecification","valueRequired":true,"valueName":"search_term_string"}}],"inLanguage":"en-US"},{"@type":"Organization","@id":"https:\/\/sindicom.hr\/en\/#organization","name":"SINDICOM d.o.o.","url":"https:\/\/sindicom.hr\/en\/","logo":{"@type":"ImageObject","inLanguage":"en-US","@id":"https:\/\/sindicom.hr\/en\/#\/schema\/logo\/image\/","url":"https:\/\/sindicom.hr\/wp-content\/uploads\/2019\/11\/sindicom_logo_veliki1.jpg.png","contentUrl":"https:\/\/sindicom.hr\/wp-content\/uploads\/2019\/11\/sindicom_logo_veliki1.jpg.png","width":732,"height":706,"caption":"SINDICOM d.o.o."},"image":{"@id":"https:\/\/sindicom.hr\/en\/#\/schema\/logo\/image\/"},"sameAs":["https:\/\/www.facebook.com\/Sindicom-doo-170277286366043\/","https:\/\/instagram.com\/sindicomdoo"]}]}},"_links":{"self":[{"href":"https:\/\/sindicom.hr\/en\/wp-json\/wp\/v2\/product\/15629","targetHints":{"allow":["GET"]}}],"collection":[{"href":"https:\/\/sindicom.hr\/en\/wp-json\/wp\/v2\/product"}],"about":[{"href":"https:\/\/sindicom.hr\/en\/wp-json\/wp\/v2\/types\/product"}],"wp:featuredmedia":[{"embeddable":true,"href":"https:\/\/sindicom.hr\/en\/wp-json\/wp\/v2\/media\/40342"}],"wp:attachment":[{"href":"https:\/\/sindicom.hr\/en\/wp-json\/wp\/v2\/media?parent=15629"}],"wp:term":[{"taxonomy":"product_brand","embeddable":true,"href":"https:\/\/sindicom.hr\/en\/wp-json\/wp\/v2\/product_brand?post=15629"},{"taxonomy":"product_cat","embeddable":true,"href":"https:\/\/sindicom.hr\/en\/wp-json\/wp\/v2\/product_cat?post=15629"},{"taxonomy":"product_tag","embeddable":true,"href":"https:\/\/sindicom.hr\/en\/wp-json\/wp\/v2\/product_tag?post=15629"}],"curies":[{"name":"wp","href":"https:\/\/api.w.org\/{rel}","templated":true}]}}