{"id":15777,"date":"2020-05-11T08:34:19","date_gmt":"2020-05-11T08:34:19","guid":{"rendered":"https:\/\/sindicom.hr\/katalog\/stelac-kocione-celjusti-iveco-man-zamj\/"},"modified":"2025-10-27T11:56:13","modified_gmt":"2025-10-27T11:56:13","slug":"stelac-kocione-celjusti-iveco-man-zamj","status":"publish","type":"product","link":"https:\/\/sindicom.hr\/en\/katalog\/stelac-kocione-celjusti-iveco-man-zamj\/","title":{"rendered":"\u0160TELA\u010c KO\u010cIONE \u010cELJUSTI IVECO MAN PERROT ZAMJ."},"content":{"rendered":"<p>6018 ALCAN  42480062 IVECO  93161353 IVECO  42101841 IVECO  42101842 IVECO  42102123 IVECO  7980407 IVECO  503472857 IVECO  RBSK0250 MERITOR ROR  RBSK1314-1 MERITOR ROR  RBSK13141 ROR  85-20309-SX IVECO  54276 AUGER  12739048VT WABCO  0501120624 ZF  1505364 DAF  1518462 DAF  08124029 IVECO  08190221 IVECO  7984099 IVECO  8124029 IVECO  8190221 IVECO  N1011014927 MAN  080131900 NEOPLAN  11014927 NEOPLAN  0801319000 SOLARIS  633103630 VAN HOOL  7.92441 DT  02855 FEBI  8500-16 MAY  MRT O 381\/394 DUPLEX  Caliper mechanism repair kit  Reparatursatz f\u00fcr Bremssattelmechanismus  Kit di riparazione del meccanismo della pinza freno<\/p>\n","protected":false},"excerpt":{"rendered":"<p><img decoding=\"async\" class=\"alignnone size-medium wp-image-17696\" src=\"https:\/\/sindicom.hr\/wp-content\/uploads\/2020\/05\/alcan-otomotiv-300x300.png\" alt=\"\" width=\"300\" height=\"300\" srcset=\"https:\/\/sindicom.hr\/wp-content\/uploads\/2020\/05\/alcan-otomotiv-64x64.png 64w, https:\/\/sindicom.hr\/wp-content\/uploads\/2020\/05\/alcan-otomotiv-66x66.png 66w, https:\/\/sindicom.hr\/wp-content\/uploads\/2020\/05\/alcan-otomotiv-100x100.png 100w, https:\/\/sindicom.hr\/wp-content\/uploads\/2020\/05\/alcan-otomotiv-150x150.png 150w, https:\/\/sindicom.hr\/wp-content\/uploads\/2020\/05\/alcan-otomotiv-200x200.png 200w, https:\/\/sindicom.hr\/wp-content\/uploads\/2020\/05\/alcan-otomotiv.png 300w\" sizes=\"(max-width: 300px) 100vw, 300px\" \/><\/p>\n","protected":false},"featured_media":42521,"template":"","meta":{"inline_featured_image":false},"product_brand":[],"product_cat":[15,59],"product_tag":[],"class_list":{"0":"post-15777","1":"product","2":"type-product","3":"status-publish","4":"has-post-thumbnail","6":"product_cat-all-products","7":"product_cat-kocione-celjusti","9":"first","10":"instock","11":"shipping-taxable","12":"purchasable","13":"product-type-simple"},"yoast_head":"<!-- This site is optimized with the Yoast SEO plugin v26.2 - https:\/\/yoast.com\/wordpress\/plugins\/seo\/ -->\n<title>\u0160TELA\u010c KO\u010cIONE \u010cELJUSTI IVECO MAN PERROT ZAMJ. - Sindicom<\/title>\n<meta name=\"robots\" content=\"index, follow, max-snippet:-1, max-image-preview:large, max-video-preview:-1\" \/>\n<link rel=\"canonical\" href=\"https:\/\/sindicom.hr\/en\/katalog\/stelac-kocione-celjusti-iveco-man-zamj\/\" \/>\n<meta property=\"og:locale\" content=\"en_US\" \/>\n<meta property=\"og:type\" content=\"article\" \/>\n<meta property=\"og:title\" content=\"\u0160TELA\u010c KO\u010cIONE \u010cELJUSTI IVECO MAN PERROT ZAMJ. - Sindicom\" \/>\n<meta property=\"og:url\" content=\"https:\/\/sindicom.hr\/en\/katalog\/stelac-kocione-celjusti-iveco-man-zamj\/\" \/>\n<meta property=\"og:site_name\" content=\"Sindicom\" \/>\n<meta property=\"article:publisher\" content=\"https:\/\/www.facebook.com\/Sindicom-doo-170277286366043\/\" \/>\n<meta property=\"article:modified_time\" content=\"2025-10-27T11:56:13+00:00\" \/>\n<meta property=\"og:image\" content=\"https:\/\/sindicom.hr\/wp-content\/uploads\/2020\/05\/6018-ALCAN-8500-16-MAY.webp\" \/>\n\t<meta property=\"og:image:width\" content=\"600\" \/>\n\t<meta property=\"og:image:height\" content=\"600\" \/>\n\t<meta property=\"og:image:type\" content=\"image\/webp\" \/>\n<meta name=\"twitter:card\" content=\"summary_large_image\" \/>\n<meta name=\"twitter:label1\" content=\"Est. reading time\" \/>\n\t<meta name=\"twitter:data1\" content=\"1 minute\" \/>\n<script type=\"application\/ld+json\" class=\"yoast-schema-graph\">{\"@context\":\"https:\/\/schema.org\",\"@graph\":[{\"@type\":\"WebPage\",\"@id\":\"https:\/\/sindicom.hr\/en\/katalog\/stelac-kocione-celjusti-iveco-man-zamj\/\",\"url\":\"https:\/\/sindicom.hr\/en\/katalog\/stelac-kocione-celjusti-iveco-man-zamj\/\",\"name\":\"\u0160TELA\u010c KO\u010cIONE \u010cELJUSTI IVECO MAN PERROT ZAMJ. - Sindicom\",\"isPartOf\":{\"@id\":\"https:\/\/sindicom.hr\/en\/#website\"},\"primaryImageOfPage\":{\"@id\":\"https:\/\/sindicom.hr\/en\/katalog\/stelac-kocione-celjusti-iveco-man-zamj\/#primaryimage\"},\"image\":{\"@id\":\"https:\/\/sindicom.hr\/en\/katalog\/stelac-kocione-celjusti-iveco-man-zamj\/#primaryimage\"},\"thumbnailUrl\":\"https:\/\/sindicom.hr\/wp-content\/uploads\/2020\/05\/6018-ALCAN-8500-16-MAY.webp\",\"datePublished\":\"2020-05-11T08:34:19+00:00\",\"dateModified\":\"2025-10-27T11:56:13+00:00\",\"breadcrumb\":{\"@id\":\"https:\/\/sindicom.hr\/en\/katalog\/stelac-kocione-celjusti-iveco-man-zamj\/#breadcrumb\"},\"inLanguage\":\"en-US\",\"potentialAction\":[{\"@type\":\"ReadAction\",\"target\":[\"https:\/\/sindicom.hr\/en\/katalog\/stelac-kocione-celjusti-iveco-man-zamj\/\"]}]},{\"@type\":\"ImageObject\",\"inLanguage\":\"en-US\",\"@id\":\"https:\/\/sindicom.hr\/en\/katalog\/stelac-kocione-celjusti-iveco-man-zamj\/#primaryimage\",\"url\":\"https:\/\/sindicom.hr\/wp-content\/uploads\/2020\/05\/6018-ALCAN-8500-16-MAY.webp\",\"contentUrl\":\"https:\/\/sindicom.hr\/wp-content\/uploads\/2020\/05\/6018-ALCAN-8500-16-MAY.webp\",\"width\":600,\"height\":600},{\"@type\":\"BreadcrumbList\",\"@id\":\"https:\/\/sindicom.hr\/en\/katalog\/stelac-kocione-celjusti-iveco-man-zamj\/#breadcrumb\",\"itemListElement\":[{\"@type\":\"ListItem\",\"position\":1,\"name\":\"Po\u010detna stranica\",\"item\":\"https:\/\/sindicom.hr\/en\/\"},{\"@type\":\"ListItem\",\"position\":2,\"name\":\"Katalog dijelova\",\"item\":\"https:\/\/sindicom.hr\/en\/catalog\/\"},{\"@type\":\"ListItem\",\"position\":3,\"name\":\"\u0160TELA\u010c KO\u010cIONE \u010cELJUSTI IVECO MAN PERROT ZAMJ.\"}]},{\"@type\":\"WebSite\",\"@id\":\"https:\/\/sindicom.hr\/en\/#website\",\"url\":\"https:\/\/sindicom.hr\/en\/\",\"name\":\"SINDICOM\",\"description\":\"Trade and repair of pneumatic brakes, air and hydraulic systems for trucks and buses\",\"publisher\":{\"@id\":\"https:\/\/sindicom.hr\/en\/#organization\"},\"potentialAction\":[{\"@type\":\"SearchAction\",\"target\":{\"@type\":\"EntryPoint\",\"urlTemplate\":\"https:\/\/sindicom.hr\/en\/?s={search_term_string}\"},\"query-input\":{\"@type\":\"PropertyValueSpecification\",\"valueRequired\":true,\"valueName\":\"search_term_string\"}}],\"inLanguage\":\"en-US\"},{\"@type\":\"Organization\",\"@id\":\"https:\/\/sindicom.hr\/en\/#organization\",\"name\":\"SINDICOM d.o.o.\",\"url\":\"https:\/\/sindicom.hr\/en\/\",\"logo\":{\"@type\":\"ImageObject\",\"inLanguage\":\"en-US\",\"@id\":\"https:\/\/sindicom.hr\/en\/#\/schema\/logo\/image\/\",\"url\":\"https:\/\/sindicom.hr\/wp-content\/uploads\/2019\/11\/sindicom_logo_veliki1.jpg.png\",\"contentUrl\":\"https:\/\/sindicom.hr\/wp-content\/uploads\/2019\/11\/sindicom_logo_veliki1.jpg.png\",\"width\":732,\"height\":706,\"caption\":\"SINDICOM d.o.o.\"},\"image\":{\"@id\":\"https:\/\/sindicom.hr\/en\/#\/schema\/logo\/image\/\"},\"sameAs\":[\"https:\/\/www.facebook.com\/Sindicom-doo-170277286366043\/\",\"https:\/\/instagram.com\/sindicomdoo\"]}]}<\/script>\n<!-- \/ Yoast SEO plugin. -->","yoast_head_json":{"title":"\u0160TELA\u010c KO\u010cIONE \u010cELJUSTI IVECO MAN PERROT ZAMJ. - Sindicom","robots":{"index":"index","follow":"follow","max-snippet":"max-snippet:-1","max-image-preview":"max-image-preview:large","max-video-preview":"max-video-preview:-1"},"canonical":"https:\/\/sindicom.hr\/en\/katalog\/stelac-kocione-celjusti-iveco-man-zamj\/","og_locale":"en_US","og_type":"article","og_title":"\u0160TELA\u010c KO\u010cIONE \u010cELJUSTI IVECO MAN PERROT ZAMJ. - Sindicom","og_url":"https:\/\/sindicom.hr\/en\/katalog\/stelac-kocione-celjusti-iveco-man-zamj\/","og_site_name":"Sindicom","article_publisher":"https:\/\/www.facebook.com\/Sindicom-doo-170277286366043\/","article_modified_time":"2025-10-27T11:56:13+00:00","og_image":[{"width":600,"height":600,"url":"https:\/\/sindicom.hr\/wp-content\/uploads\/2020\/05\/6018-ALCAN-8500-16-MAY.webp","type":"image\/webp"}],"twitter_card":"summary_large_image","twitter_misc":{"Est. reading time":"1 minute"},"schema":{"@context":"https:\/\/schema.org","@graph":[{"@type":"WebPage","@id":"https:\/\/sindicom.hr\/en\/katalog\/stelac-kocione-celjusti-iveco-man-zamj\/","url":"https:\/\/sindicom.hr\/en\/katalog\/stelac-kocione-celjusti-iveco-man-zamj\/","name":"\u0160TELA\u010c KO\u010cIONE \u010cELJUSTI IVECO MAN PERROT ZAMJ. - Sindicom","isPartOf":{"@id":"https:\/\/sindicom.hr\/en\/#website"},"primaryImageOfPage":{"@id":"https:\/\/sindicom.hr\/en\/katalog\/stelac-kocione-celjusti-iveco-man-zamj\/#primaryimage"},"image":{"@id":"https:\/\/sindicom.hr\/en\/katalog\/stelac-kocione-celjusti-iveco-man-zamj\/#primaryimage"},"thumbnailUrl":"https:\/\/sindicom.hr\/wp-content\/uploads\/2020\/05\/6018-ALCAN-8500-16-MAY.webp","datePublished":"2020-05-11T08:34:19+00:00","dateModified":"2025-10-27T11:56:13+00:00","breadcrumb":{"@id":"https:\/\/sindicom.hr\/en\/katalog\/stelac-kocione-celjusti-iveco-man-zamj\/#breadcrumb"},"inLanguage":"en-US","potentialAction":[{"@type":"ReadAction","target":["https:\/\/sindicom.hr\/en\/katalog\/stelac-kocione-celjusti-iveco-man-zamj\/"]}]},{"@type":"ImageObject","inLanguage":"en-US","@id":"https:\/\/sindicom.hr\/en\/katalog\/stelac-kocione-celjusti-iveco-man-zamj\/#primaryimage","url":"https:\/\/sindicom.hr\/wp-content\/uploads\/2020\/05\/6018-ALCAN-8500-16-MAY.webp","contentUrl":"https:\/\/sindicom.hr\/wp-content\/uploads\/2020\/05\/6018-ALCAN-8500-16-MAY.webp","width":600,"height":600},{"@type":"BreadcrumbList","@id":"https:\/\/sindicom.hr\/en\/katalog\/stelac-kocione-celjusti-iveco-man-zamj\/#breadcrumb","itemListElement":[{"@type":"ListItem","position":1,"name":"Po\u010detna stranica","item":"https:\/\/sindicom.hr\/en\/"},{"@type":"ListItem","position":2,"name":"Katalog dijelova","item":"https:\/\/sindicom.hr\/en\/catalog\/"},{"@type":"ListItem","position":3,"name":"\u0160TELA\u010c KO\u010cIONE \u010cELJUSTI IVECO MAN PERROT ZAMJ."}]},{"@type":"WebSite","@id":"https:\/\/sindicom.hr\/en\/#website","url":"https:\/\/sindicom.hr\/en\/","name":"SINDICOM","description":"Trade and repair of pneumatic brakes, air and hydraulic systems for trucks and buses","publisher":{"@id":"https:\/\/sindicom.hr\/en\/#organization"},"potentialAction":[{"@type":"SearchAction","target":{"@type":"EntryPoint","urlTemplate":"https:\/\/sindicom.hr\/en\/?s={search_term_string}"},"query-input":{"@type":"PropertyValueSpecification","valueRequired":true,"valueName":"search_term_string"}}],"inLanguage":"en-US"},{"@type":"Organization","@id":"https:\/\/sindicom.hr\/en\/#organization","name":"SINDICOM d.o.o.","url":"https:\/\/sindicom.hr\/en\/","logo":{"@type":"ImageObject","inLanguage":"en-US","@id":"https:\/\/sindicom.hr\/en\/#\/schema\/logo\/image\/","url":"https:\/\/sindicom.hr\/wp-content\/uploads\/2019\/11\/sindicom_logo_veliki1.jpg.png","contentUrl":"https:\/\/sindicom.hr\/wp-content\/uploads\/2019\/11\/sindicom_logo_veliki1.jpg.png","width":732,"height":706,"caption":"SINDICOM d.o.o."},"image":{"@id":"https:\/\/sindicom.hr\/en\/#\/schema\/logo\/image\/"},"sameAs":["https:\/\/www.facebook.com\/Sindicom-doo-170277286366043\/","https:\/\/instagram.com\/sindicomdoo"]}]}},"_links":{"self":[{"href":"https:\/\/sindicom.hr\/en\/wp-json\/wp\/v2\/product\/15777","targetHints":{"allow":["GET"]}}],"collection":[{"href":"https:\/\/sindicom.hr\/en\/wp-json\/wp\/v2\/product"}],"about":[{"href":"https:\/\/sindicom.hr\/en\/wp-json\/wp\/v2\/types\/product"}],"wp:featuredmedia":[{"embeddable":true,"href":"https:\/\/sindicom.hr\/en\/wp-json\/wp\/v2\/media\/42521"}],"wp:attachment":[{"href":"https:\/\/sindicom.hr\/en\/wp-json\/wp\/v2\/media?parent=15777"}],"wp:term":[{"taxonomy":"product_brand","embeddable":true,"href":"https:\/\/sindicom.hr\/en\/wp-json\/wp\/v2\/product_brand?post=15777"},{"taxonomy":"product_cat","embeddable":true,"href":"https:\/\/sindicom.hr\/en\/wp-json\/wp\/v2\/product_cat?post=15777"},{"taxonomy":"product_tag","embeddable":true,"href":"https:\/\/sindicom.hr\/en\/wp-json\/wp\/v2\/product_tag?post=15777"}],"curies":[{"name":"wp","href":"https:\/\/api.w.org\/{rel}","templated":true}]}}