{"id":16122,"date":"2020-05-11T08:37:17","date_gmt":"2020-05-11T08:37:17","guid":{"rendered":"https:\/\/sindicom.hr\/katalog\/set-sa-poklopcom-kocione-celjusti-iveco-60-mm-68-mm-zamj\/"},"modified":"2025-10-27T11:58:16","modified_gmt":"2025-10-27T11:58:16","slug":"set-sa-poklopcom-kocione-celjusti-iveco-60-mm-68-mm-zamj","status":"publish","type":"product","link":"https:\/\/sindicom.hr\/en\/katalog\/set-sa-poklopcom-kocione-celjusti-iveco-60-mm-68-mm-zamj\/","title":{"rendered":"SET SA POKLOPCOM 50 mm KO\u010cIONE \u010cELJUSTI 60 mm 68 mm IVECO ZAMJ."},"content":{"rendered":"<p>34602579 TRUCK EXPERT  93161977 IVECO  42559209 IVECO  500352572 IVECO  500352575 IVECO  500352574 IVECO  42533007 IVECO  42533008 IVECO  42534117 IVECO  42534118 IVECO  42559202 IVECO  504234209 IVECO  504234210 IVECO  42568971 IVECO  42533002 IVECO  42534121 IVECO  4832627 IVECO  98493243 IVECO  122577016 IVECO  500352568 IVECO  04832627 IVECO  42532306 IVECO  42532690 IVECO  4832627 IVECO  4832628 IVECO  42534122 IVECO  42568972 IVECO  42533004 IVECO  500352569 IVECO  LRG612 MERITOR  LRG613 MERITOR  255053 INCAR  Brake Caliper repair kit  Bremssattel Reparatursatz  Kit de r\u00e9paration d&#8217;\u00e9trier de frein  Kit de reparaci\u00f3n de pinza de freno  Kit di riparazione della pinza del freno<\/p>\n","protected":false},"excerpt":{"rendered":"<p><img decoding=\"async\" class=\"alignnone size-medium wp-image-17694\" src=\"https:\/\/sindicom.hr\/wp-content\/uploads\/2020\/05\/aftermarket-300x300.png\" alt=\"\" width=\"300\" height=\"300\" srcset=\"https:\/\/sindicom.hr\/wp-content\/uploads\/2020\/05\/aftermarket-64x64.png 64w, https:\/\/sindicom.hr\/wp-content\/uploads\/2020\/05\/aftermarket-66x66.png 66w, https:\/\/sindicom.hr\/wp-content\/uploads\/2020\/05\/aftermarket-100x100.png 100w, https:\/\/sindicom.hr\/wp-content\/uploads\/2020\/05\/aftermarket-150x150.png 150w, https:\/\/sindicom.hr\/wp-content\/uploads\/2020\/05\/aftermarket-200x200.png 200w, https:\/\/sindicom.hr\/wp-content\/uploads\/2020\/05\/aftermarket.png 300w\" sizes=\"(max-width: 300px) 100vw, 300px\" \/><\/p>\n","protected":false},"featured_media":49354,"template":"","meta":{"inline_featured_image":false},"product_brand":[],"product_cat":[15,110,120,132,107],"product_tag":[],"class_list":{"0":"post-16122","1":"product","2":"type-product","3":"status-publish","4":"has-post-thumbnail","6":"product_cat-all-products","7":"product_cat-iveco-teretna-vozila","8":"product_cat-reparaturni-setovi","9":"product_cat-reparaturni-setovi-kocionih-celjusti","10":"product_cat-teretna-vozila","12":"first","13":"instock","14":"shipping-taxable","15":"purchasable","16":"product-type-simple"},"yoast_head":"<!-- This site is optimized with the Yoast SEO plugin v26.2 - https:\/\/yoast.com\/wordpress\/plugins\/seo\/ -->\n<title>SET SA POKLOPCOM 50 mm KO\u010cIONE \u010cELJUSTI 60 mm 68 mm IVECO ZAMJ. - Sindicom<\/title>\n<meta name=\"robots\" content=\"index, follow, max-snippet:-1, max-image-preview:large, max-video-preview:-1\" \/>\n<link rel=\"canonical\" href=\"https:\/\/sindicom.hr\/en\/katalog\/set-sa-poklopcom-kocione-celjusti-iveco-60-mm-68-mm-zamj\/\" \/>\n<meta property=\"og:locale\" content=\"en_US\" \/>\n<meta property=\"og:type\" content=\"article\" \/>\n<meta property=\"og:title\" content=\"SET SA POKLOPCOM 50 mm KO\u010cIONE \u010cELJUSTI 60 mm 68 mm IVECO ZAMJ. - Sindicom\" \/>\n<meta property=\"og:url\" content=\"https:\/\/sindicom.hr\/en\/katalog\/set-sa-poklopcom-kocione-celjusti-iveco-60-mm-68-mm-zamj\/\" \/>\n<meta property=\"og:site_name\" content=\"Sindicom\" \/>\n<meta property=\"article:publisher\" content=\"https:\/\/www.facebook.com\/Sindicom-doo-170277286366043\/\" \/>\n<meta property=\"article:modified_time\" content=\"2025-10-27T11:58:16+00:00\" \/>\n<meta property=\"og:image\" content=\"https:\/\/sindicom.hr\/wp-content\/uploads\/2020\/05\/34602579-TRUCK.webp\" \/>\n\t<meta property=\"og:image:width\" content=\"1600\" \/>\n\t<meta property=\"og:image:height\" content=\"900\" \/>\n\t<meta property=\"og:image:type\" content=\"image\/webp\" \/>\n<meta name=\"twitter:card\" content=\"summary_large_image\" \/>\n<meta name=\"twitter:label1\" content=\"Est. reading time\" \/>\n\t<meta name=\"twitter:data1\" content=\"1 minute\" \/>\n<script type=\"application\/ld+json\" class=\"yoast-schema-graph\">{\"@context\":\"https:\/\/schema.org\",\"@graph\":[{\"@type\":\"WebPage\",\"@id\":\"https:\/\/sindicom.hr\/en\/katalog\/set-sa-poklopcom-kocione-celjusti-iveco-60-mm-68-mm-zamj\/\",\"url\":\"https:\/\/sindicom.hr\/en\/katalog\/set-sa-poklopcom-kocione-celjusti-iveco-60-mm-68-mm-zamj\/\",\"name\":\"SET SA POKLOPCOM 50 mm KO\u010cIONE \u010cELJUSTI 60 mm 68 mm IVECO ZAMJ. - Sindicom\",\"isPartOf\":{\"@id\":\"https:\/\/sindicom.hr\/en\/#website\"},\"primaryImageOfPage\":{\"@id\":\"https:\/\/sindicom.hr\/en\/katalog\/set-sa-poklopcom-kocione-celjusti-iveco-60-mm-68-mm-zamj\/#primaryimage\"},\"image\":{\"@id\":\"https:\/\/sindicom.hr\/en\/katalog\/set-sa-poklopcom-kocione-celjusti-iveco-60-mm-68-mm-zamj\/#primaryimage\"},\"thumbnailUrl\":\"https:\/\/sindicom.hr\/wp-content\/uploads\/2020\/05\/34602579-TRUCK.webp\",\"datePublished\":\"2020-05-11T08:37:17+00:00\",\"dateModified\":\"2025-10-27T11:58:16+00:00\",\"breadcrumb\":{\"@id\":\"https:\/\/sindicom.hr\/en\/katalog\/set-sa-poklopcom-kocione-celjusti-iveco-60-mm-68-mm-zamj\/#breadcrumb\"},\"inLanguage\":\"en-US\",\"potentialAction\":[{\"@type\":\"ReadAction\",\"target\":[\"https:\/\/sindicom.hr\/en\/katalog\/set-sa-poklopcom-kocione-celjusti-iveco-60-mm-68-mm-zamj\/\"]}]},{\"@type\":\"ImageObject\",\"inLanguage\":\"en-US\",\"@id\":\"https:\/\/sindicom.hr\/en\/katalog\/set-sa-poklopcom-kocione-celjusti-iveco-60-mm-68-mm-zamj\/#primaryimage\",\"url\":\"https:\/\/sindicom.hr\/wp-content\/uploads\/2020\/05\/34602579-TRUCK.webp\",\"contentUrl\":\"https:\/\/sindicom.hr\/wp-content\/uploads\/2020\/05\/34602579-TRUCK.webp\",\"width\":1600,\"height\":900},{\"@type\":\"BreadcrumbList\",\"@id\":\"https:\/\/sindicom.hr\/en\/katalog\/set-sa-poklopcom-kocione-celjusti-iveco-60-mm-68-mm-zamj\/#breadcrumb\",\"itemListElement\":[{\"@type\":\"ListItem\",\"position\":1,\"name\":\"Po\u010detna stranica\",\"item\":\"https:\/\/sindicom.hr\/en\/\"},{\"@type\":\"ListItem\",\"position\":2,\"name\":\"Katalog dijelova\",\"item\":\"https:\/\/sindicom.hr\/en\/catalog\/\"},{\"@type\":\"ListItem\",\"position\":3,\"name\":\"SET SA POKLOPCOM 50 mm KO\u010cIONE \u010cELJUSTI 60 mm 68 mm IVECO ZAMJ.\"}]},{\"@type\":\"WebSite\",\"@id\":\"https:\/\/sindicom.hr\/en\/#website\",\"url\":\"https:\/\/sindicom.hr\/en\/\",\"name\":\"SINDICOM\",\"description\":\"Trade and repair of pneumatic brakes, air and hydraulic systems for trucks and buses\",\"publisher\":{\"@id\":\"https:\/\/sindicom.hr\/en\/#organization\"},\"potentialAction\":[{\"@type\":\"SearchAction\",\"target\":{\"@type\":\"EntryPoint\",\"urlTemplate\":\"https:\/\/sindicom.hr\/en\/?s={search_term_string}\"},\"query-input\":{\"@type\":\"PropertyValueSpecification\",\"valueRequired\":true,\"valueName\":\"search_term_string\"}}],\"inLanguage\":\"en-US\"},{\"@type\":\"Organization\",\"@id\":\"https:\/\/sindicom.hr\/en\/#organization\",\"name\":\"SINDICOM d.o.o.\",\"url\":\"https:\/\/sindicom.hr\/en\/\",\"logo\":{\"@type\":\"ImageObject\",\"inLanguage\":\"en-US\",\"@id\":\"https:\/\/sindicom.hr\/en\/#\/schema\/logo\/image\/\",\"url\":\"https:\/\/sindicom.hr\/wp-content\/uploads\/2019\/11\/sindicom_logo_veliki1.jpg.png\",\"contentUrl\":\"https:\/\/sindicom.hr\/wp-content\/uploads\/2019\/11\/sindicom_logo_veliki1.jpg.png\",\"width\":732,\"height\":706,\"caption\":\"SINDICOM d.o.o.\"},\"image\":{\"@id\":\"https:\/\/sindicom.hr\/en\/#\/schema\/logo\/image\/\"},\"sameAs\":[\"https:\/\/www.facebook.com\/Sindicom-doo-170277286366043\/\",\"https:\/\/instagram.com\/sindicomdoo\"]}]}<\/script>\n<!-- \/ Yoast SEO plugin. -->","yoast_head_json":{"title":"SET SA POKLOPCOM 50 mm KO\u010cIONE \u010cELJUSTI 60 mm 68 mm IVECO ZAMJ. - Sindicom","robots":{"index":"index","follow":"follow","max-snippet":"max-snippet:-1","max-image-preview":"max-image-preview:large","max-video-preview":"max-video-preview:-1"},"canonical":"https:\/\/sindicom.hr\/en\/katalog\/set-sa-poklopcom-kocione-celjusti-iveco-60-mm-68-mm-zamj\/","og_locale":"en_US","og_type":"article","og_title":"SET SA POKLOPCOM 50 mm KO\u010cIONE \u010cELJUSTI 60 mm 68 mm IVECO ZAMJ. - Sindicom","og_url":"https:\/\/sindicom.hr\/en\/katalog\/set-sa-poklopcom-kocione-celjusti-iveco-60-mm-68-mm-zamj\/","og_site_name":"Sindicom","article_publisher":"https:\/\/www.facebook.com\/Sindicom-doo-170277286366043\/","article_modified_time":"2025-10-27T11:58:16+00:00","og_image":[{"width":1600,"height":900,"url":"https:\/\/sindicom.hr\/wp-content\/uploads\/2020\/05\/34602579-TRUCK.webp","type":"image\/webp"}],"twitter_card":"summary_large_image","twitter_misc":{"Est. reading time":"1 minute"},"schema":{"@context":"https:\/\/schema.org","@graph":[{"@type":"WebPage","@id":"https:\/\/sindicom.hr\/en\/katalog\/set-sa-poklopcom-kocione-celjusti-iveco-60-mm-68-mm-zamj\/","url":"https:\/\/sindicom.hr\/en\/katalog\/set-sa-poklopcom-kocione-celjusti-iveco-60-mm-68-mm-zamj\/","name":"SET SA POKLOPCOM 50 mm KO\u010cIONE \u010cELJUSTI 60 mm 68 mm IVECO ZAMJ. - Sindicom","isPartOf":{"@id":"https:\/\/sindicom.hr\/en\/#website"},"primaryImageOfPage":{"@id":"https:\/\/sindicom.hr\/en\/katalog\/set-sa-poklopcom-kocione-celjusti-iveco-60-mm-68-mm-zamj\/#primaryimage"},"image":{"@id":"https:\/\/sindicom.hr\/en\/katalog\/set-sa-poklopcom-kocione-celjusti-iveco-60-mm-68-mm-zamj\/#primaryimage"},"thumbnailUrl":"https:\/\/sindicom.hr\/wp-content\/uploads\/2020\/05\/34602579-TRUCK.webp","datePublished":"2020-05-11T08:37:17+00:00","dateModified":"2025-10-27T11:58:16+00:00","breadcrumb":{"@id":"https:\/\/sindicom.hr\/en\/katalog\/set-sa-poklopcom-kocione-celjusti-iveco-60-mm-68-mm-zamj\/#breadcrumb"},"inLanguage":"en-US","potentialAction":[{"@type":"ReadAction","target":["https:\/\/sindicom.hr\/en\/katalog\/set-sa-poklopcom-kocione-celjusti-iveco-60-mm-68-mm-zamj\/"]}]},{"@type":"ImageObject","inLanguage":"en-US","@id":"https:\/\/sindicom.hr\/en\/katalog\/set-sa-poklopcom-kocione-celjusti-iveco-60-mm-68-mm-zamj\/#primaryimage","url":"https:\/\/sindicom.hr\/wp-content\/uploads\/2020\/05\/34602579-TRUCK.webp","contentUrl":"https:\/\/sindicom.hr\/wp-content\/uploads\/2020\/05\/34602579-TRUCK.webp","width":1600,"height":900},{"@type":"BreadcrumbList","@id":"https:\/\/sindicom.hr\/en\/katalog\/set-sa-poklopcom-kocione-celjusti-iveco-60-mm-68-mm-zamj\/#breadcrumb","itemListElement":[{"@type":"ListItem","position":1,"name":"Po\u010detna stranica","item":"https:\/\/sindicom.hr\/en\/"},{"@type":"ListItem","position":2,"name":"Katalog dijelova","item":"https:\/\/sindicom.hr\/en\/catalog\/"},{"@type":"ListItem","position":3,"name":"SET SA POKLOPCOM 50 mm KO\u010cIONE \u010cELJUSTI 60 mm 68 mm IVECO ZAMJ."}]},{"@type":"WebSite","@id":"https:\/\/sindicom.hr\/en\/#website","url":"https:\/\/sindicom.hr\/en\/","name":"SINDICOM","description":"Trade and repair of pneumatic brakes, air and hydraulic systems for trucks and buses","publisher":{"@id":"https:\/\/sindicom.hr\/en\/#organization"},"potentialAction":[{"@type":"SearchAction","target":{"@type":"EntryPoint","urlTemplate":"https:\/\/sindicom.hr\/en\/?s={search_term_string}"},"query-input":{"@type":"PropertyValueSpecification","valueRequired":true,"valueName":"search_term_string"}}],"inLanguage":"en-US"},{"@type":"Organization","@id":"https:\/\/sindicom.hr\/en\/#organization","name":"SINDICOM d.o.o.","url":"https:\/\/sindicom.hr\/en\/","logo":{"@type":"ImageObject","inLanguage":"en-US","@id":"https:\/\/sindicom.hr\/en\/#\/schema\/logo\/image\/","url":"https:\/\/sindicom.hr\/wp-content\/uploads\/2019\/11\/sindicom_logo_veliki1.jpg.png","contentUrl":"https:\/\/sindicom.hr\/wp-content\/uploads\/2019\/11\/sindicom_logo_veliki1.jpg.png","width":732,"height":706,"caption":"SINDICOM d.o.o."},"image":{"@id":"https:\/\/sindicom.hr\/en\/#\/schema\/logo\/image\/"},"sameAs":["https:\/\/www.facebook.com\/Sindicom-doo-170277286366043\/","https:\/\/instagram.com\/sindicomdoo"]}]}},"_links":{"self":[{"href":"https:\/\/sindicom.hr\/en\/wp-json\/wp\/v2\/product\/16122","targetHints":{"allow":["GET"]}}],"collection":[{"href":"https:\/\/sindicom.hr\/en\/wp-json\/wp\/v2\/product"}],"about":[{"href":"https:\/\/sindicom.hr\/en\/wp-json\/wp\/v2\/types\/product"}],"wp:featuredmedia":[{"embeddable":true,"href":"https:\/\/sindicom.hr\/en\/wp-json\/wp\/v2\/media\/49354"}],"wp:attachment":[{"href":"https:\/\/sindicom.hr\/en\/wp-json\/wp\/v2\/media?parent=16122"}],"wp:term":[{"taxonomy":"product_brand","embeddable":true,"href":"https:\/\/sindicom.hr\/en\/wp-json\/wp\/v2\/product_brand?post=16122"},{"taxonomy":"product_cat","embeddable":true,"href":"https:\/\/sindicom.hr\/en\/wp-json\/wp\/v2\/product_cat?post=16122"},{"taxonomy":"product_tag","embeddable":true,"href":"https:\/\/sindicom.hr\/en\/wp-json\/wp\/v2\/product_tag?post=16122"}],"curies":[{"name":"wp","href":"https:\/\/api.w.org\/{rel}","templated":true}]}}