{"id":16132,"date":"2020-05-11T08:37:23","date_gmt":"2020-05-11T08:37:23","guid":{"rendered":"https:\/\/sindicom.hr\/katalog\/set-kocione-celjusti-knorr-zamj-21\/"},"modified":"2025-10-27T11:58:19","modified_gmt":"2025-10-27T11:58:19","slug":"set-kocione-celjusti-knorr-zamj-21","status":"publish","type":"product","link":"https:\/\/sindicom.hr\/en\/katalog\/set-kocione-celjusti-knorr-zamj-21\/","title":{"rendered":"SET KO\u010cIONE \u010cELJUSTI MERCEDES SAF BPW SCANIA KNORR ZAMJ."},"content":{"rendered":"<p>1673 BENEFIT  1571 BENEFIT  K067417K50 KNORR  II39769 KNORR  K002716 KNORR  II39769F0062 KNORR  09.801.06.31.0 SAF  09.801.06.33.0 SAF  3.434.38200.00 SAF   3434381200 SAF  3434382000 SAF  3434382001 SAF  09.801.06.31.0 BPW  09.801.06.33.0 BPW  0980106310 BPW  0980106330 BPW   3434381200 BPW  3434382001 BPW  1639100 DAF  1847716 DAF  17478 SCHMITZ  1477678 SCANIA  1472919 SCANIA  1477675 SCANIA  1527631 SCANIA  42537451 IVECO  42541412 IVECO  42562856 IVECO  81508226019 MAN  81508226023 MAN  81508226037 MAN  81508226044 MAN  K000375 KNORR  K000472 KNORR  K001470 KNORR  II369100062 KNORR  II39769F0062 KNORR  0004202982 MERCEDES  A0004200782 MERCEDES  A0004202982 MERCEDES  A 000 420 07 82 MERCEDES  A 000 420 29 82 MERCEDES  3.96474 DT  6002-62 MAY  3010 ALCAN  3011 ALCAN  3128 ALCAN  13433 TTT  14888 TTT  14888=14755 TTT  6002-62 MAY  54071 AUGER  096.546 SAMPA  CKSK.6 TRUCKTECHNIC  36330010700 WINKLER  Brake Caliper repair kit  Bremssattel Reparatursatz  Kit de r\u00e9paration d&#8217;\u00e9trier de frein  Kit de reparaci\u00f3n de pinza de freno  Kit di riparazione della pinza del freno<\/p>\n","protected":false},"excerpt":{"rendered":"<p><img decoding=\"async\" class=\"alignnone size-medium wp-image-17694\" src=\"https:\/\/sindicom.hr\/wp-content\/uploads\/2020\/05\/aftermarket-300x300.png\" alt=\"\" width=\"300\" height=\"300\" srcset=\"https:\/\/sindicom.hr\/wp-content\/uploads\/2020\/05\/aftermarket-64x64.png 64w, https:\/\/sindicom.hr\/wp-content\/uploads\/2020\/05\/aftermarket-66x66.png 66w, https:\/\/sindicom.hr\/wp-content\/uploads\/2020\/05\/aftermarket-100x100.png 100w, https:\/\/sindicom.hr\/wp-content\/uploads\/2020\/05\/aftermarket-150x150.png 150w, https:\/\/sindicom.hr\/wp-content\/uploads\/2020\/05\/aftermarket-200x200.png 200w, https:\/\/sindicom.hr\/wp-content\/uploads\/2020\/05\/aftermarket.png 300w\" sizes=\"(max-width: 300px) 100vw, 300px\" \/><\/p>\n","protected":false},"featured_media":46611,"template":"","meta":{"inline_featured_image":false},"product_brand":[],"product_cat":[15,126,110,108,113,114,132,109,118,107],"product_tag":[],"class_list":{"0":"post-16132","1":"product","2":"type-product","3":"status-publish","4":"has-post-thumbnail","6":"product_cat-all-products","7":"product_cat-daf","8":"product_cat-iveco-teretna-vozila","9":"product_cat-man-teretna-vozila","10":"product_cat-mercedes-teretna-vozila","11":"product_cat-prikolice","12":"product_cat-reparaturni-setovi-kocionih-celjusti","13":"product_cat-scania-teretna-vozila","14":"product_cat-schmitz","15":"product_cat-teretna-vozila","17":"first","18":"instock","19":"shipping-taxable","20":"purchasable","21":"product-type-simple"},"yoast_head":"<!-- This site is optimized with the Yoast SEO plugin v26.2 - https:\/\/yoast.com\/wordpress\/plugins\/seo\/ -->\n<title>SET KO\u010cIONE \u010cELJUSTI MERCEDES SAF BPW SCANIA KNORR ZAMJ. - Sindicom<\/title>\n<meta name=\"robots\" content=\"index, follow, max-snippet:-1, max-image-preview:large, max-video-preview:-1\" \/>\n<link rel=\"canonical\" href=\"https:\/\/sindicom.hr\/en\/katalog\/set-kocione-celjusti-knorr-zamj-21\/\" \/>\n<meta property=\"og:locale\" content=\"en_US\" \/>\n<meta property=\"og:type\" content=\"article\" \/>\n<meta property=\"og:title\" content=\"SET KO\u010cIONE \u010cELJUSTI MERCEDES SAF BPW SCANIA KNORR ZAMJ. - Sindicom\" \/>\n<meta property=\"og:url\" content=\"https:\/\/sindicom.hr\/en\/katalog\/set-kocione-celjusti-knorr-zamj-21\/\" \/>\n<meta property=\"og:site_name\" content=\"Sindicom\" \/>\n<meta property=\"article:publisher\" content=\"https:\/\/www.facebook.com\/Sindicom-doo-170277286366043\/\" \/>\n<meta property=\"article:modified_time\" content=\"2025-10-27T11:58:19+00:00\" \/>\n<meta property=\"og:image\" content=\"https:\/\/sindicom.hr\/wp-content\/uploads\/2020\/05\/1571.jpg\" \/>\n\t<meta property=\"og:image:width\" content=\"600\" \/>\n\t<meta property=\"og:image:height\" content=\"600\" \/>\n\t<meta property=\"og:image:type\" content=\"image\/jpeg\" \/>\n<meta name=\"twitter:card\" content=\"summary_large_image\" \/>\n<meta name=\"twitter:label1\" content=\"Est. reading time\" \/>\n\t<meta name=\"twitter:data1\" content=\"1 minute\" \/>\n<script type=\"application\/ld+json\" class=\"yoast-schema-graph\">{\"@context\":\"https:\/\/schema.org\",\"@graph\":[{\"@type\":\"WebPage\",\"@id\":\"https:\/\/sindicom.hr\/en\/katalog\/set-kocione-celjusti-knorr-zamj-21\/\",\"url\":\"https:\/\/sindicom.hr\/en\/katalog\/set-kocione-celjusti-knorr-zamj-21\/\",\"name\":\"SET KO\u010cIONE \u010cELJUSTI MERCEDES SAF BPW SCANIA KNORR ZAMJ. - Sindicom\",\"isPartOf\":{\"@id\":\"https:\/\/sindicom.hr\/en\/#website\"},\"primaryImageOfPage\":{\"@id\":\"https:\/\/sindicom.hr\/en\/katalog\/set-kocione-celjusti-knorr-zamj-21\/#primaryimage\"},\"image\":{\"@id\":\"https:\/\/sindicom.hr\/en\/katalog\/set-kocione-celjusti-knorr-zamj-21\/#primaryimage\"},\"thumbnailUrl\":\"https:\/\/sindicom.hr\/wp-content\/uploads\/2020\/05\/1571.jpg\",\"datePublished\":\"2020-05-11T08:37:23+00:00\",\"dateModified\":\"2025-10-27T11:58:19+00:00\",\"breadcrumb\":{\"@id\":\"https:\/\/sindicom.hr\/en\/katalog\/set-kocione-celjusti-knorr-zamj-21\/#breadcrumb\"},\"inLanguage\":\"en-US\",\"potentialAction\":[{\"@type\":\"ReadAction\",\"target\":[\"https:\/\/sindicom.hr\/en\/katalog\/set-kocione-celjusti-knorr-zamj-21\/\"]}]},{\"@type\":\"ImageObject\",\"inLanguage\":\"en-US\",\"@id\":\"https:\/\/sindicom.hr\/en\/katalog\/set-kocione-celjusti-knorr-zamj-21\/#primaryimage\",\"url\":\"https:\/\/sindicom.hr\/wp-content\/uploads\/2020\/05\/1571.jpg\",\"contentUrl\":\"https:\/\/sindicom.hr\/wp-content\/uploads\/2020\/05\/1571.jpg\",\"width\":600,\"height\":600},{\"@type\":\"BreadcrumbList\",\"@id\":\"https:\/\/sindicom.hr\/en\/katalog\/set-kocione-celjusti-knorr-zamj-21\/#breadcrumb\",\"itemListElement\":[{\"@type\":\"ListItem\",\"position\":1,\"name\":\"Po\u010detna stranica\",\"item\":\"https:\/\/sindicom.hr\/en\/\"},{\"@type\":\"ListItem\",\"position\":2,\"name\":\"Katalog dijelova\",\"item\":\"https:\/\/sindicom.hr\/en\/catalog\/\"},{\"@type\":\"ListItem\",\"position\":3,\"name\":\"SET KO\u010cIONE \u010cELJUSTI MERCEDES SAF BPW SCANIA KNORR ZAMJ.\"}]},{\"@type\":\"WebSite\",\"@id\":\"https:\/\/sindicom.hr\/en\/#website\",\"url\":\"https:\/\/sindicom.hr\/en\/\",\"name\":\"SINDICOM\",\"description\":\"Trade and repair of pneumatic brakes, air and hydraulic systems for trucks and buses\",\"publisher\":{\"@id\":\"https:\/\/sindicom.hr\/en\/#organization\"},\"potentialAction\":[{\"@type\":\"SearchAction\",\"target\":{\"@type\":\"EntryPoint\",\"urlTemplate\":\"https:\/\/sindicom.hr\/en\/?s={search_term_string}\"},\"query-input\":{\"@type\":\"PropertyValueSpecification\",\"valueRequired\":true,\"valueName\":\"search_term_string\"}}],\"inLanguage\":\"en-US\"},{\"@type\":\"Organization\",\"@id\":\"https:\/\/sindicom.hr\/en\/#organization\",\"name\":\"SINDICOM d.o.o.\",\"url\":\"https:\/\/sindicom.hr\/en\/\",\"logo\":{\"@type\":\"ImageObject\",\"inLanguage\":\"en-US\",\"@id\":\"https:\/\/sindicom.hr\/en\/#\/schema\/logo\/image\/\",\"url\":\"https:\/\/sindicom.hr\/wp-content\/uploads\/2019\/11\/sindicom_logo_veliki1.jpg.png\",\"contentUrl\":\"https:\/\/sindicom.hr\/wp-content\/uploads\/2019\/11\/sindicom_logo_veliki1.jpg.png\",\"width\":732,\"height\":706,\"caption\":\"SINDICOM d.o.o.\"},\"image\":{\"@id\":\"https:\/\/sindicom.hr\/en\/#\/schema\/logo\/image\/\"},\"sameAs\":[\"https:\/\/www.facebook.com\/Sindicom-doo-170277286366043\/\",\"https:\/\/instagram.com\/sindicomdoo\"]}]}<\/script>\n<!-- \/ Yoast SEO plugin. -->","yoast_head_json":{"title":"SET KO\u010cIONE \u010cELJUSTI MERCEDES SAF BPW SCANIA KNORR ZAMJ. - Sindicom","robots":{"index":"index","follow":"follow","max-snippet":"max-snippet:-1","max-image-preview":"max-image-preview:large","max-video-preview":"max-video-preview:-1"},"canonical":"https:\/\/sindicom.hr\/en\/katalog\/set-kocione-celjusti-knorr-zamj-21\/","og_locale":"en_US","og_type":"article","og_title":"SET KO\u010cIONE \u010cELJUSTI MERCEDES SAF BPW SCANIA KNORR ZAMJ. - Sindicom","og_url":"https:\/\/sindicom.hr\/en\/katalog\/set-kocione-celjusti-knorr-zamj-21\/","og_site_name":"Sindicom","article_publisher":"https:\/\/www.facebook.com\/Sindicom-doo-170277286366043\/","article_modified_time":"2025-10-27T11:58:19+00:00","og_image":[{"width":600,"height":600,"url":"https:\/\/sindicom.hr\/wp-content\/uploads\/2020\/05\/1571.jpg","type":"image\/jpeg"}],"twitter_card":"summary_large_image","twitter_misc":{"Est. reading time":"1 minute"},"schema":{"@context":"https:\/\/schema.org","@graph":[{"@type":"WebPage","@id":"https:\/\/sindicom.hr\/en\/katalog\/set-kocione-celjusti-knorr-zamj-21\/","url":"https:\/\/sindicom.hr\/en\/katalog\/set-kocione-celjusti-knorr-zamj-21\/","name":"SET KO\u010cIONE \u010cELJUSTI MERCEDES SAF BPW SCANIA KNORR ZAMJ. - Sindicom","isPartOf":{"@id":"https:\/\/sindicom.hr\/en\/#website"},"primaryImageOfPage":{"@id":"https:\/\/sindicom.hr\/en\/katalog\/set-kocione-celjusti-knorr-zamj-21\/#primaryimage"},"image":{"@id":"https:\/\/sindicom.hr\/en\/katalog\/set-kocione-celjusti-knorr-zamj-21\/#primaryimage"},"thumbnailUrl":"https:\/\/sindicom.hr\/wp-content\/uploads\/2020\/05\/1571.jpg","datePublished":"2020-05-11T08:37:23+00:00","dateModified":"2025-10-27T11:58:19+00:00","breadcrumb":{"@id":"https:\/\/sindicom.hr\/en\/katalog\/set-kocione-celjusti-knorr-zamj-21\/#breadcrumb"},"inLanguage":"en-US","potentialAction":[{"@type":"ReadAction","target":["https:\/\/sindicom.hr\/en\/katalog\/set-kocione-celjusti-knorr-zamj-21\/"]}]},{"@type":"ImageObject","inLanguage":"en-US","@id":"https:\/\/sindicom.hr\/en\/katalog\/set-kocione-celjusti-knorr-zamj-21\/#primaryimage","url":"https:\/\/sindicom.hr\/wp-content\/uploads\/2020\/05\/1571.jpg","contentUrl":"https:\/\/sindicom.hr\/wp-content\/uploads\/2020\/05\/1571.jpg","width":600,"height":600},{"@type":"BreadcrumbList","@id":"https:\/\/sindicom.hr\/en\/katalog\/set-kocione-celjusti-knorr-zamj-21\/#breadcrumb","itemListElement":[{"@type":"ListItem","position":1,"name":"Po\u010detna stranica","item":"https:\/\/sindicom.hr\/en\/"},{"@type":"ListItem","position":2,"name":"Katalog dijelova","item":"https:\/\/sindicom.hr\/en\/catalog\/"},{"@type":"ListItem","position":3,"name":"SET KO\u010cIONE \u010cELJUSTI MERCEDES SAF BPW SCANIA KNORR ZAMJ."}]},{"@type":"WebSite","@id":"https:\/\/sindicom.hr\/en\/#website","url":"https:\/\/sindicom.hr\/en\/","name":"SINDICOM","description":"Trade and repair of pneumatic brakes, air and hydraulic systems for trucks and buses","publisher":{"@id":"https:\/\/sindicom.hr\/en\/#organization"},"potentialAction":[{"@type":"SearchAction","target":{"@type":"EntryPoint","urlTemplate":"https:\/\/sindicom.hr\/en\/?s={search_term_string}"},"query-input":{"@type":"PropertyValueSpecification","valueRequired":true,"valueName":"search_term_string"}}],"inLanguage":"en-US"},{"@type":"Organization","@id":"https:\/\/sindicom.hr\/en\/#organization","name":"SINDICOM d.o.o.","url":"https:\/\/sindicom.hr\/en\/","logo":{"@type":"ImageObject","inLanguage":"en-US","@id":"https:\/\/sindicom.hr\/en\/#\/schema\/logo\/image\/","url":"https:\/\/sindicom.hr\/wp-content\/uploads\/2019\/11\/sindicom_logo_veliki1.jpg.png","contentUrl":"https:\/\/sindicom.hr\/wp-content\/uploads\/2019\/11\/sindicom_logo_veliki1.jpg.png","width":732,"height":706,"caption":"SINDICOM d.o.o."},"image":{"@id":"https:\/\/sindicom.hr\/en\/#\/schema\/logo\/image\/"},"sameAs":["https:\/\/www.facebook.com\/Sindicom-doo-170277286366043\/","https:\/\/instagram.com\/sindicomdoo"]}]}},"_links":{"self":[{"href":"https:\/\/sindicom.hr\/en\/wp-json\/wp\/v2\/product\/16132","targetHints":{"allow":["GET"]}}],"collection":[{"href":"https:\/\/sindicom.hr\/en\/wp-json\/wp\/v2\/product"}],"about":[{"href":"https:\/\/sindicom.hr\/en\/wp-json\/wp\/v2\/types\/product"}],"wp:featuredmedia":[{"embeddable":true,"href":"https:\/\/sindicom.hr\/en\/wp-json\/wp\/v2\/media\/46611"}],"wp:attachment":[{"href":"https:\/\/sindicom.hr\/en\/wp-json\/wp\/v2\/media?parent=16132"}],"wp:term":[{"taxonomy":"product_brand","embeddable":true,"href":"https:\/\/sindicom.hr\/en\/wp-json\/wp\/v2\/product_brand?post=16132"},{"taxonomy":"product_cat","embeddable":true,"href":"https:\/\/sindicom.hr\/en\/wp-json\/wp\/v2\/product_cat?post=16132"},{"taxonomy":"product_tag","embeddable":true,"href":"https:\/\/sindicom.hr\/en\/wp-json\/wp\/v2\/product_tag?post=16132"}],"curies":[{"name":"wp","href":"https:\/\/api.w.org\/{rel}","templated":true}]}}