{"id":16168,"date":"2020-05-11T08:37:39","date_gmt":"2020-05-11T08:37:39","guid":{"rendered":"https:\/\/sindicom.hr\/katalog\/regulator-pritiska-zraka-8-1-b-8-8-5-b-wabco-4-org\/"},"modified":"2025-10-30T13:31:07","modified_gmt":"2025-10-30T13:31:07","slug":"regulator-pritiska-zraka-8-1-b-8-8-5-b-wabco-4-org","status":"publish","type":"product","link":"https:\/\/sindicom.hr\/en\/katalog\/regulator-pritiska-zraka-8-1-b-8-8-5-b-wabco-4-org\/","title":{"rendered":"REGULATOR PRITISKA ZRAKA 8,1 b 8-8,5 b S \u010cETVORKOM WABCO OE"},"content":{"rendered":"<p>9753034740 WABCO<br \/>\n9753034747 WABCO<br \/>\n9753034910 WABCO<br \/>\n9753007500 WABCO<br \/>\n9753007000 WABCO<br \/>\n330300301 HALDEX<br \/>\n312030001 HALDEX<br \/>\nDR3502 KNORR<br \/>\nDR3531 KNORR<br \/>\n9753034720 WABCO<br \/>\n0481039241 KNORR<br \/>\n0481039209 KNORR BOSCH<br \/>\n0481039209000 KNORR BOSCH<br \/>\n0075038 DAF<br \/>\n0285768 DAF<br \/>\n110273201 NEOPLAN<br \/>\n11027325441 NEOPLAN<br \/>\n1102732544114 NEOPLAN<br \/>\n11027335441 NEOPLAN<br \/>\n1102733544130 NEOPLAN<br \/>\n1102733544131 NEOPLAN<br \/>\n991.00.36.0090 STEYR<br \/>\n637214100 VAN HOOL<br \/>\n84521016017 MAN<br \/>\n99708458257 FAUN<br \/>\n500002011 IRISBUS<br \/>\nU403004451 IRISBUS<br \/>\n500002011 IVECO<br \/>\nA0024315206 EVOBUS<br \/>\nA0034313806 EVOBUS<br \/>\nA8.285.106.000 EVOBUS<br \/>\n0024311506 MERCEDES<br \/>\n0024314606 MERCEDES<br \/>\n0024315206 MERCEDES<br \/>\n0024318706 MERCEDES<br \/>\n0034313606 MERCEDES<br \/>\n0034313806 MERCEDES<br \/>\nA0024311506 MERCEDES<br \/>\nA0024314606 MERCEDES<br \/>\nA0024315206 MERCEDES<br \/>\nA0024318706 MERCEDES<br \/>\nA0034313606 MERCEDES<br \/>\nA0034313806 MERCEDES<br \/>\nA 002 431 15 06 MERCEDES<br \/>\nA 002 431 46 06 MERCEDES<br \/>\nA 002 431 52 06 MERCEDES<br \/>\nA 002 431 87 06 MERCEDES<br \/>\nA 003 431 36 06 MERCEDES<br \/>\nA 003 431 38 06 MERCEDES<br \/>\nUnloader<br \/>\nDruckregler<br \/>\nValvola di scarico<br \/>\nV\u00e1lvula de descarga<br \/>\nOd\u013eah\u010dovac\u00ed ventil<br \/>\nSoupape de d\u00e9charge<br \/>\nPressure regulator<br \/>\nPressure control valve<br \/>\nDruckregler<br \/>\nDruckregelventil<br \/>\nRegolatore di pressione<br \/>\nValvola di controllo della pressione<br \/>\nRegulador de presi\u00f3n<br \/>\nV\u00e1lvula de control de presi\u00f3n<br \/>\nDrukregelaar<br \/>\nDrukregelventiel<\/p>\n","protected":false},"excerpt":{"rendered":"<p><img decoding=\"async\" class=\"alignnone size-medium wp-image-17720\" src=\"https:\/\/sindicom.hr\/wp-content\/uploads\/2020\/05\/wabco-300x300.png\" alt=\"\" width=\"300\" height=\"300\" srcset=\"https:\/\/sindicom.hr\/wp-content\/uploads\/2020\/05\/wabco-64x64.png 64w, https:\/\/sindicom.hr\/wp-content\/uploads\/2020\/05\/wabco-66x66.png 66w, https:\/\/sindicom.hr\/wp-content\/uploads\/2020\/05\/wabco-100x100.png 100w, https:\/\/sindicom.hr\/wp-content\/uploads\/2020\/05\/wabco-150x150.png 150w, https:\/\/sindicom.hr\/wp-content\/uploads\/2020\/05\/wabco-200x200.png 200w, https:\/\/sindicom.hr\/wp-content\/uploads\/2020\/05\/wabco.png 300w\" sizes=\"(max-width: 300px) 100vw, 300px\" \/><\/p>\n","protected":false},"featured_media":50475,"template":"","meta":{"inline_featured_image":false},"product_brand":[],"product_cat":[15,96,126,101,204,135,110,108,113,104,114,198,218,107,106],"product_tag":[],"class_list":{"0":"post-16168","1":"product","2":"type-product","3":"status-publish","4":"has-post-thumbnail","6":"product_cat-all-products","7":"product_cat-busevi","8":"product_cat-daf","9":"product_cat-evobus","10":"product_cat-faun","11":"product_cat-irisbus","12":"product_cat-iveco-teretna-vozila","13":"product_cat-man-teretna-vozila","14":"product_cat-mercedes-teretna-vozila","15":"product_cat-neoplan","16":"product_cat-prikolice","17":"product_cat-regulator-pritiska-zraka","18":"product_cat-steyr-teretna-vozila","19":"product_cat-teretna-vozila","20":"product_cat-van-hool-eos","22":"first","23":"instock","24":"shipping-taxable","25":"purchasable","26":"product-type-simple"},"yoast_head":"<!-- This site is optimized with the Yoast SEO plugin v26.2 - https:\/\/yoast.com\/wordpress\/plugins\/seo\/ -->\n<title>REGULATOR PRITISKA ZRAKA 8,1 b 8-8,5 b S \u010cETVORKOM WABCO OE - Sindicom<\/title>\n<meta name=\"robots\" content=\"index, follow, max-snippet:-1, max-image-preview:large, max-video-preview:-1\" \/>\n<link rel=\"canonical\" href=\"https:\/\/sindicom.hr\/en\/katalog\/regulator-pritiska-zraka-8-1-b-8-8-5-b-wabco-4-org\/\" \/>\n<meta property=\"og:locale\" content=\"en_US\" \/>\n<meta property=\"og:type\" content=\"article\" \/>\n<meta property=\"og:title\" content=\"REGULATOR PRITISKA ZRAKA 8,1 b 8-8,5 b S \u010cETVORKOM WABCO OE - Sindicom\" \/>\n<meta property=\"og:url\" content=\"https:\/\/sindicom.hr\/en\/katalog\/regulator-pritiska-zraka-8-1-b-8-8-5-b-wabco-4-org\/\" \/>\n<meta property=\"og:site_name\" content=\"Sindicom\" \/>\n<meta property=\"article:publisher\" content=\"https:\/\/www.facebook.com\/Sindicom-doo-170277286366043\/\" \/>\n<meta property=\"article:modified_time\" content=\"2025-10-30T13:31:07+00:00\" \/>\n<meta property=\"og:image\" content=\"https:\/\/sindicom.hr\/wp-content\/uploads\/2020\/05\/9753034740.webp\" \/>\n\t<meta property=\"og:image:width\" content=\"1600\" \/>\n\t<meta property=\"og:image:height\" content=\"900\" \/>\n\t<meta property=\"og:image:type\" content=\"image\/webp\" \/>\n<meta name=\"twitter:card\" content=\"summary_large_image\" \/>\n<meta name=\"twitter:label1\" content=\"Est. reading time\" \/>\n\t<meta name=\"twitter:data1\" content=\"2 minutes\" \/>\n<script type=\"application\/ld+json\" class=\"yoast-schema-graph\">{\"@context\":\"https:\/\/schema.org\",\"@graph\":[{\"@type\":\"WebPage\",\"@id\":\"https:\/\/sindicom.hr\/en\/katalog\/regulator-pritiska-zraka-8-1-b-8-8-5-b-wabco-4-org\/\",\"url\":\"https:\/\/sindicom.hr\/en\/katalog\/regulator-pritiska-zraka-8-1-b-8-8-5-b-wabco-4-org\/\",\"name\":\"REGULATOR PRITISKA ZRAKA 8,1 b 8-8,5 b S \u010cETVORKOM WABCO OE - Sindicom\",\"isPartOf\":{\"@id\":\"https:\/\/sindicom.hr\/en\/#website\"},\"primaryImageOfPage\":{\"@id\":\"https:\/\/sindicom.hr\/en\/katalog\/regulator-pritiska-zraka-8-1-b-8-8-5-b-wabco-4-org\/#primaryimage\"},\"image\":{\"@id\":\"https:\/\/sindicom.hr\/en\/katalog\/regulator-pritiska-zraka-8-1-b-8-8-5-b-wabco-4-org\/#primaryimage\"},\"thumbnailUrl\":\"https:\/\/sindicom.hr\/wp-content\/uploads\/2020\/05\/9753034740.webp\",\"datePublished\":\"2020-05-11T08:37:39+00:00\",\"dateModified\":\"2025-10-30T13:31:07+00:00\",\"breadcrumb\":{\"@id\":\"https:\/\/sindicom.hr\/en\/katalog\/regulator-pritiska-zraka-8-1-b-8-8-5-b-wabco-4-org\/#breadcrumb\"},\"inLanguage\":\"en-US\",\"potentialAction\":[{\"@type\":\"ReadAction\",\"target\":[\"https:\/\/sindicom.hr\/en\/katalog\/regulator-pritiska-zraka-8-1-b-8-8-5-b-wabco-4-org\/\"]}]},{\"@type\":\"ImageObject\",\"inLanguage\":\"en-US\",\"@id\":\"https:\/\/sindicom.hr\/en\/katalog\/regulator-pritiska-zraka-8-1-b-8-8-5-b-wabco-4-org\/#primaryimage\",\"url\":\"https:\/\/sindicom.hr\/wp-content\/uploads\/2020\/05\/9753034740.webp\",\"contentUrl\":\"https:\/\/sindicom.hr\/wp-content\/uploads\/2020\/05\/9753034740.webp\",\"width\":1600,\"height\":900},{\"@type\":\"BreadcrumbList\",\"@id\":\"https:\/\/sindicom.hr\/en\/katalog\/regulator-pritiska-zraka-8-1-b-8-8-5-b-wabco-4-org\/#breadcrumb\",\"itemListElement\":[{\"@type\":\"ListItem\",\"position\":1,\"name\":\"Po\u010detna stranica\",\"item\":\"https:\/\/sindicom.hr\/en\/\"},{\"@type\":\"ListItem\",\"position\":2,\"name\":\"Katalog dijelova\",\"item\":\"https:\/\/sindicom.hr\/en\/catalog\/\"},{\"@type\":\"ListItem\",\"position\":3,\"name\":\"REGULATOR PRITISKA ZRAKA 8,1 b 8-8,5 b S \u010cETVORKOM WABCO OE\"}]},{\"@type\":\"WebSite\",\"@id\":\"https:\/\/sindicom.hr\/en\/#website\",\"url\":\"https:\/\/sindicom.hr\/en\/\",\"name\":\"SINDICOM\",\"description\":\"Trade and repair of pneumatic brakes, air and hydraulic systems for trucks and buses\",\"publisher\":{\"@id\":\"https:\/\/sindicom.hr\/en\/#organization\"},\"potentialAction\":[{\"@type\":\"SearchAction\",\"target\":{\"@type\":\"EntryPoint\",\"urlTemplate\":\"https:\/\/sindicom.hr\/en\/?s={search_term_string}\"},\"query-input\":{\"@type\":\"PropertyValueSpecification\",\"valueRequired\":true,\"valueName\":\"search_term_string\"}}],\"inLanguage\":\"en-US\"},{\"@type\":\"Organization\",\"@id\":\"https:\/\/sindicom.hr\/en\/#organization\",\"name\":\"SINDICOM d.o.o.\",\"url\":\"https:\/\/sindicom.hr\/en\/\",\"logo\":{\"@type\":\"ImageObject\",\"inLanguage\":\"en-US\",\"@id\":\"https:\/\/sindicom.hr\/en\/#\/schema\/logo\/image\/\",\"url\":\"https:\/\/sindicom.hr\/wp-content\/uploads\/2019\/11\/sindicom_logo_veliki1.jpg.png\",\"contentUrl\":\"https:\/\/sindicom.hr\/wp-content\/uploads\/2019\/11\/sindicom_logo_veliki1.jpg.png\",\"width\":732,\"height\":706,\"caption\":\"SINDICOM d.o.o.\"},\"image\":{\"@id\":\"https:\/\/sindicom.hr\/en\/#\/schema\/logo\/image\/\"},\"sameAs\":[\"https:\/\/www.facebook.com\/Sindicom-doo-170277286366043\/\",\"https:\/\/instagram.com\/sindicomdoo\"]}]}<\/script>\n<!-- \/ Yoast SEO plugin. -->","yoast_head_json":{"title":"REGULATOR PRITISKA ZRAKA 8,1 b 8-8,5 b S \u010cETVORKOM WABCO OE - Sindicom","robots":{"index":"index","follow":"follow","max-snippet":"max-snippet:-1","max-image-preview":"max-image-preview:large","max-video-preview":"max-video-preview:-1"},"canonical":"https:\/\/sindicom.hr\/en\/katalog\/regulator-pritiska-zraka-8-1-b-8-8-5-b-wabco-4-org\/","og_locale":"en_US","og_type":"article","og_title":"REGULATOR PRITISKA ZRAKA 8,1 b 8-8,5 b S \u010cETVORKOM WABCO OE - Sindicom","og_url":"https:\/\/sindicom.hr\/en\/katalog\/regulator-pritiska-zraka-8-1-b-8-8-5-b-wabco-4-org\/","og_site_name":"Sindicom","article_publisher":"https:\/\/www.facebook.com\/Sindicom-doo-170277286366043\/","article_modified_time":"2025-10-30T13:31:07+00:00","og_image":[{"width":1600,"height":900,"url":"https:\/\/sindicom.hr\/wp-content\/uploads\/2020\/05\/9753034740.webp","type":"image\/webp"}],"twitter_card":"summary_large_image","twitter_misc":{"Est. reading time":"2 minutes"},"schema":{"@context":"https:\/\/schema.org","@graph":[{"@type":"WebPage","@id":"https:\/\/sindicom.hr\/en\/katalog\/regulator-pritiska-zraka-8-1-b-8-8-5-b-wabco-4-org\/","url":"https:\/\/sindicom.hr\/en\/katalog\/regulator-pritiska-zraka-8-1-b-8-8-5-b-wabco-4-org\/","name":"REGULATOR PRITISKA ZRAKA 8,1 b 8-8,5 b S \u010cETVORKOM WABCO OE - Sindicom","isPartOf":{"@id":"https:\/\/sindicom.hr\/en\/#website"},"primaryImageOfPage":{"@id":"https:\/\/sindicom.hr\/en\/katalog\/regulator-pritiska-zraka-8-1-b-8-8-5-b-wabco-4-org\/#primaryimage"},"image":{"@id":"https:\/\/sindicom.hr\/en\/katalog\/regulator-pritiska-zraka-8-1-b-8-8-5-b-wabco-4-org\/#primaryimage"},"thumbnailUrl":"https:\/\/sindicom.hr\/wp-content\/uploads\/2020\/05\/9753034740.webp","datePublished":"2020-05-11T08:37:39+00:00","dateModified":"2025-10-30T13:31:07+00:00","breadcrumb":{"@id":"https:\/\/sindicom.hr\/en\/katalog\/regulator-pritiska-zraka-8-1-b-8-8-5-b-wabco-4-org\/#breadcrumb"},"inLanguage":"en-US","potentialAction":[{"@type":"ReadAction","target":["https:\/\/sindicom.hr\/en\/katalog\/regulator-pritiska-zraka-8-1-b-8-8-5-b-wabco-4-org\/"]}]},{"@type":"ImageObject","inLanguage":"en-US","@id":"https:\/\/sindicom.hr\/en\/katalog\/regulator-pritiska-zraka-8-1-b-8-8-5-b-wabco-4-org\/#primaryimage","url":"https:\/\/sindicom.hr\/wp-content\/uploads\/2020\/05\/9753034740.webp","contentUrl":"https:\/\/sindicom.hr\/wp-content\/uploads\/2020\/05\/9753034740.webp","width":1600,"height":900},{"@type":"BreadcrumbList","@id":"https:\/\/sindicom.hr\/en\/katalog\/regulator-pritiska-zraka-8-1-b-8-8-5-b-wabco-4-org\/#breadcrumb","itemListElement":[{"@type":"ListItem","position":1,"name":"Po\u010detna stranica","item":"https:\/\/sindicom.hr\/en\/"},{"@type":"ListItem","position":2,"name":"Katalog dijelova","item":"https:\/\/sindicom.hr\/en\/catalog\/"},{"@type":"ListItem","position":3,"name":"REGULATOR PRITISKA ZRAKA 8,1 b 8-8,5 b S \u010cETVORKOM WABCO OE"}]},{"@type":"WebSite","@id":"https:\/\/sindicom.hr\/en\/#website","url":"https:\/\/sindicom.hr\/en\/","name":"SINDICOM","description":"Trade and repair of pneumatic brakes, air and hydraulic systems for trucks and buses","publisher":{"@id":"https:\/\/sindicom.hr\/en\/#organization"},"potentialAction":[{"@type":"SearchAction","target":{"@type":"EntryPoint","urlTemplate":"https:\/\/sindicom.hr\/en\/?s={search_term_string}"},"query-input":{"@type":"PropertyValueSpecification","valueRequired":true,"valueName":"search_term_string"}}],"inLanguage":"en-US"},{"@type":"Organization","@id":"https:\/\/sindicom.hr\/en\/#organization","name":"SINDICOM d.o.o.","url":"https:\/\/sindicom.hr\/en\/","logo":{"@type":"ImageObject","inLanguage":"en-US","@id":"https:\/\/sindicom.hr\/en\/#\/schema\/logo\/image\/","url":"https:\/\/sindicom.hr\/wp-content\/uploads\/2019\/11\/sindicom_logo_veliki1.jpg.png","contentUrl":"https:\/\/sindicom.hr\/wp-content\/uploads\/2019\/11\/sindicom_logo_veliki1.jpg.png","width":732,"height":706,"caption":"SINDICOM d.o.o."},"image":{"@id":"https:\/\/sindicom.hr\/en\/#\/schema\/logo\/image\/"},"sameAs":["https:\/\/www.facebook.com\/Sindicom-doo-170277286366043\/","https:\/\/instagram.com\/sindicomdoo"]}]}},"_links":{"self":[{"href":"https:\/\/sindicom.hr\/en\/wp-json\/wp\/v2\/product\/16168","targetHints":{"allow":["GET"]}}],"collection":[{"href":"https:\/\/sindicom.hr\/en\/wp-json\/wp\/v2\/product"}],"about":[{"href":"https:\/\/sindicom.hr\/en\/wp-json\/wp\/v2\/types\/product"}],"wp:featuredmedia":[{"embeddable":true,"href":"https:\/\/sindicom.hr\/en\/wp-json\/wp\/v2\/media\/50475"}],"wp:attachment":[{"href":"https:\/\/sindicom.hr\/en\/wp-json\/wp\/v2\/media?parent=16168"}],"wp:term":[{"taxonomy":"product_brand","embeddable":true,"href":"https:\/\/sindicom.hr\/en\/wp-json\/wp\/v2\/product_brand?post=16168"},{"taxonomy":"product_cat","embeddable":true,"href":"https:\/\/sindicom.hr\/en\/wp-json\/wp\/v2\/product_cat?post=16168"},{"taxonomy":"product_tag","embeddable":true,"href":"https:\/\/sindicom.hr\/en\/wp-json\/wp\/v2\/product_tag?post=16168"}],"curies":[{"name":"wp","href":"https:\/\/api.w.org\/{rel}","templated":true}]}}