{"id":16193,"date":"2020-05-11T08:37:56","date_gmt":"2020-05-11T08:37:56","guid":{"rendered":"https:\/\/sindicom.hr\/katalog\/regulator-pritiska-zraka-8-5-b-8-11-b-zamj\/"},"modified":"2025-11-19T13:41:01","modified_gmt":"2025-11-19T13:41:01","slug":"regulator-pritiska-zraka-8-5-b-8-11-b-zamj","status":"publish","type":"product","link":"https:\/\/sindicom.hr\/en\/katalog\/regulator-pritiska-zraka-8-5-b-8-11-b-zamj\/","title":{"rendered":"REGULATOR PRITISKA ZRAKA 8,1 b 8,5 b 8-11 b WABCO ZAMJ."},"content":{"rendered":"<p>35120070140 SORL<br \/>\n9753034730 WABCO<br \/>\n9753034737 WABCO<br \/>\n9753034650 WABCO<br \/>\n9753001100 WABCO<br \/>\n9753030600 WABCO<br \/>\n9753034470 WABCO<br \/>\n9753034430 WABCO<br \/>\n9753034600 WABCO<br \/>\n9753034410 WABCO<br \/>\nAC135BZ KNORR<br \/>\nDR3500 KNORR<br \/>\nDR3200 KNORR<br \/>\nDR3214 KNORR<br \/>\nDR3510 KNORR<br \/>\nDR3570 KNORR<br \/>\nDR3565 KNORR<br \/>\nDR3548 KNORR<br \/>\nDR3546 KNORR<br \/>\nII17239 KNORR<br \/>\n312013014 HALDEX<br \/>\n312013514 HALDEX<br \/>\n330300102 HALDEX<br \/>\n330350102 HALDEX<br \/>\n312041011 HALDEX<br \/>\n0481039201000 KNORR<br \/>\n0481039223000 KNORR<br \/>\n0481039235000 KNORR<br \/>\n0481039265000 KNORR<br \/>\n0481039264000 KNORR<br \/>\n0481039248000 KNORR<br \/>\n0481039247000 KNORR<br \/>\n0481622294000 KNORR<br \/>\n0481622292000 KNORR<br \/>\n312043001 HALDEX<br \/>\n330302801 HALDEX<br \/>\n330352801 HALDEX<br \/>\n312043021 HALDEX<br \/>\n820010150 CASE<br \/>\n1506504 DAF<br \/>\n4434820 DEUTZ<br \/>\n42085762 IVECO<br \/>\n32409540 TEREX<br \/>\n04398756 DEUTZ<br \/>\n4398756 DEUTZ<br \/>\n04784766 IVECO<br \/>\n04804764 IVECO<br \/>\n04831983 IVECO<br \/>\n04842612 IVECO<br \/>\n42007712 IVECO<br \/>\n42008234 IVECO<br \/>\n42009103 IVECO<br \/>\n42021855 IVECO<br \/>\n42085761 IVECO<br \/>\n4804764 IVECO<br \/>\n5026264 LIEBHERR<br \/>\n5029655 LIEBHERR<br \/>\n81521016083 MAN<br \/>\n81521016085 MAN<br \/>\n81521016112 MAN<br \/>\n81521016114 MAN<br \/>\n81.52101-6083 MAN<br \/>\n81.52101-6085 MAN<br \/>\n81.52101-6112 MAN<br \/>\n81.52101-6114 MAN<br \/>\n79100360070 STEYR<br \/>\n99100360002 STEYR<br \/>\n79100360002 STEYR<br \/>\n791.00.36.0002 STEYR<br \/>\n791.00.36.0070 STEYR<br \/>\n991.00.36.0002 STEYR<br \/>\nAL112538 JOHN DEERE<br \/>\nG822880020150 FENDT<br \/>\nG822.880.020.150 FENDT<br \/>\n8.283.657.000 EVOBUS<br \/>\nA0024314906 EVOBUS<br \/>\n0024314906 MERCEDES<br \/>\n0014310006 MERCEDES<br \/>\n0024313406 MERCEDES<br \/>\n0024314306 MERCEDES<br \/>\n0014311206 MERCEDES<br \/>\n0024318306 MERCEDES<br \/>\n0024315206 MERCEDES<br \/>\nA0024314906 MERCEDES<br \/>\nA0014310006 MERCEDES<br \/>\nA0024313406 MERCEDES<br \/>\nA0024314306 MERCEDES<br \/>\nA0014311206 MERCEDES<br \/>\nA0024318306 MERCEDES<br \/>\nA0024315206 MERCEDES<br \/>\n4.60858 DT<br \/>\n38124 FEBI<br \/>\nGovernor and Unloader<br \/>\nUnloader<br \/>\nDruckregler<br \/>\nValvola di scarico<br \/>\nV\u00e1lvula de descarga<br \/>\nOd\u013eah\u010dovac\u00ed ventil<br \/>\nSoupape de d\u00e9charge<br \/>\nPressure regulator<br \/>\nPressure control valve<br \/>\nDruckregler<br \/>\nDruckregelventil<br \/>\nRegolatore di pressione<br \/>\nValvola di controllo della pressione<br \/>\nRegulador de presi\u00f3n<br \/>\nV\u00e1lvula de control de presi\u00f3n<br \/>\nDrukregelaar<br \/>\nDrukregelventiel<\/p>\n","protected":false},"excerpt":{"rendered":"<p><img decoding=\"async\" class=\"alignnone size-medium wp-image-17694\" src=\"https:\/\/sindicom.hr\/wp-content\/uploads\/2020\/05\/aftermarket-300x300.png\" alt=\"\" width=\"300\" height=\"300\" srcset=\"https:\/\/sindicom.hr\/wp-content\/uploads\/2020\/05\/aftermarket-64x64.png 64w, https:\/\/sindicom.hr\/wp-content\/uploads\/2020\/05\/aftermarket-66x66.png 66w, https:\/\/sindicom.hr\/wp-content\/uploads\/2020\/05\/aftermarket-100x100.png 100w, https:\/\/sindicom.hr\/wp-content\/uploads\/2020\/05\/aftermarket-150x150.png 150w, https:\/\/sindicom.hr\/wp-content\/uploads\/2020\/05\/aftermarket-200x200.png 200w, https:\/\/sindicom.hr\/wp-content\/uploads\/2020\/05\/aftermarket.png 300w\" sizes=\"(max-width: 300px) 100vw, 300px\" \/><\/p>\n","protected":false},"featured_media":50963,"template":"","meta":{"inline_featured_image":false},"product_brand":[],"product_cat":[15,96,126,138,101,139,135,110,108,113,104,198,112,109,137,107,136,111],"product_tag":[],"class_list":{"0":"post-16193","1":"product","2":"type-product","3":"status-publish","4":"has-post-thumbnail","6":"product_cat-all-products","7":"product_cat-busevi","8":"product_cat-daf","9":"product_cat-deutz","10":"product_cat-evobus","11":"product_cat-fendt","12":"product_cat-irisbus","13":"product_cat-iveco-teretna-vozila","14":"product_cat-man-teretna-vozila","15":"product_cat-mercedes-teretna-vozila","16":"product_cat-neoplan","17":"product_cat-regulator-pritiska-zraka","18":"product_cat-renault","19":"product_cat-scania-teretna-vozila","20":"product_cat-steyr","21":"product_cat-teretna-vozila","22":"product_cat-traktori","23":"product_cat-volvo","25":"first","26":"instock","27":"shipping-taxable","28":"purchasable","29":"product-type-simple"},"yoast_head":"<!-- This site is optimized with the Yoast SEO plugin v26.2 - https:\/\/yoast.com\/wordpress\/plugins\/seo\/ -->\n<title>REGULATOR PRITISKA ZRAKA 8,1 b 8,5 b 8-11 b WABCO ZAMJ. - Sindicom<\/title>\n<meta name=\"robots\" content=\"index, follow, max-snippet:-1, max-image-preview:large, max-video-preview:-1\" \/>\n<link rel=\"canonical\" href=\"https:\/\/sindicom.hr\/en\/katalog\/regulator-pritiska-zraka-8-5-b-8-11-b-zamj\/\" \/>\n<meta property=\"og:locale\" content=\"en_US\" \/>\n<meta property=\"og:type\" content=\"article\" \/>\n<meta property=\"og:title\" content=\"REGULATOR PRITISKA ZRAKA 8,1 b 8,5 b 8-11 b WABCO ZAMJ. - Sindicom\" \/>\n<meta property=\"og:url\" content=\"https:\/\/sindicom.hr\/en\/katalog\/regulator-pritiska-zraka-8-5-b-8-11-b-zamj\/\" \/>\n<meta property=\"og:site_name\" content=\"Sindicom\" \/>\n<meta property=\"article:publisher\" content=\"https:\/\/www.facebook.com\/Sindicom-doo-170277286366043\/\" \/>\n<meta property=\"article:modified_time\" content=\"2025-11-19T13:41:01+00:00\" \/>\n<meta property=\"og:image\" content=\"https:\/\/sindicom.hr\/wp-content\/uploads\/2020\/05\/35120070140.webp\" \/>\n\t<meta property=\"og:image:width\" content=\"1600\" \/>\n\t<meta property=\"og:image:height\" content=\"900\" \/>\n\t<meta property=\"og:image:type\" content=\"image\/webp\" \/>\n<meta name=\"twitter:card\" content=\"summary_large_image\" \/>\n<meta name=\"twitter:label1\" content=\"Est. reading time\" \/>\n\t<meta name=\"twitter:data1\" content=\"2 minutes\" \/>\n<script type=\"application\/ld+json\" class=\"yoast-schema-graph\">{\"@context\":\"https:\/\/schema.org\",\"@graph\":[{\"@type\":\"WebPage\",\"@id\":\"https:\/\/sindicom.hr\/en\/katalog\/regulator-pritiska-zraka-8-5-b-8-11-b-zamj\/\",\"url\":\"https:\/\/sindicom.hr\/en\/katalog\/regulator-pritiska-zraka-8-5-b-8-11-b-zamj\/\",\"name\":\"REGULATOR PRITISKA ZRAKA 8,1 b 8,5 b 8-11 b WABCO ZAMJ. - Sindicom\",\"isPartOf\":{\"@id\":\"https:\/\/sindicom.hr\/en\/#website\"},\"primaryImageOfPage\":{\"@id\":\"https:\/\/sindicom.hr\/en\/katalog\/regulator-pritiska-zraka-8-5-b-8-11-b-zamj\/#primaryimage\"},\"image\":{\"@id\":\"https:\/\/sindicom.hr\/en\/katalog\/regulator-pritiska-zraka-8-5-b-8-11-b-zamj\/#primaryimage\"},\"thumbnailUrl\":\"https:\/\/sindicom.hr\/wp-content\/uploads\/2020\/05\/35120070140.webp\",\"datePublished\":\"2020-05-11T08:37:56+00:00\",\"dateModified\":\"2025-11-19T13:41:01+00:00\",\"breadcrumb\":{\"@id\":\"https:\/\/sindicom.hr\/en\/katalog\/regulator-pritiska-zraka-8-5-b-8-11-b-zamj\/#breadcrumb\"},\"inLanguage\":\"en-US\",\"potentialAction\":[{\"@type\":\"ReadAction\",\"target\":[\"https:\/\/sindicom.hr\/en\/katalog\/regulator-pritiska-zraka-8-5-b-8-11-b-zamj\/\"]}]},{\"@type\":\"ImageObject\",\"inLanguage\":\"en-US\",\"@id\":\"https:\/\/sindicom.hr\/en\/katalog\/regulator-pritiska-zraka-8-5-b-8-11-b-zamj\/#primaryimage\",\"url\":\"https:\/\/sindicom.hr\/wp-content\/uploads\/2020\/05\/35120070140.webp\",\"contentUrl\":\"https:\/\/sindicom.hr\/wp-content\/uploads\/2020\/05\/35120070140.webp\",\"width\":1600,\"height\":900},{\"@type\":\"BreadcrumbList\",\"@id\":\"https:\/\/sindicom.hr\/en\/katalog\/regulator-pritiska-zraka-8-5-b-8-11-b-zamj\/#breadcrumb\",\"itemListElement\":[{\"@type\":\"ListItem\",\"position\":1,\"name\":\"Po\u010detna stranica\",\"item\":\"https:\/\/sindicom.hr\/en\/\"},{\"@type\":\"ListItem\",\"position\":2,\"name\":\"Katalog dijelova\",\"item\":\"https:\/\/sindicom.hr\/en\/catalog\/\"},{\"@type\":\"ListItem\",\"position\":3,\"name\":\"REGULATOR PRITISKA ZRAKA 8,1 b 8,5 b 8-11 b WABCO ZAMJ.\"}]},{\"@type\":\"WebSite\",\"@id\":\"https:\/\/sindicom.hr\/en\/#website\",\"url\":\"https:\/\/sindicom.hr\/en\/\",\"name\":\"SINDICOM\",\"description\":\"Trade and repair of pneumatic brakes, air and hydraulic systems for trucks and buses\",\"publisher\":{\"@id\":\"https:\/\/sindicom.hr\/en\/#organization\"},\"potentialAction\":[{\"@type\":\"SearchAction\",\"target\":{\"@type\":\"EntryPoint\",\"urlTemplate\":\"https:\/\/sindicom.hr\/en\/?s={search_term_string}\"},\"query-input\":{\"@type\":\"PropertyValueSpecification\",\"valueRequired\":true,\"valueName\":\"search_term_string\"}}],\"inLanguage\":\"en-US\"},{\"@type\":\"Organization\",\"@id\":\"https:\/\/sindicom.hr\/en\/#organization\",\"name\":\"SINDICOM d.o.o.\",\"url\":\"https:\/\/sindicom.hr\/en\/\",\"logo\":{\"@type\":\"ImageObject\",\"inLanguage\":\"en-US\",\"@id\":\"https:\/\/sindicom.hr\/en\/#\/schema\/logo\/image\/\",\"url\":\"https:\/\/sindicom.hr\/wp-content\/uploads\/2019\/11\/sindicom_logo_veliki1.jpg.png\",\"contentUrl\":\"https:\/\/sindicom.hr\/wp-content\/uploads\/2019\/11\/sindicom_logo_veliki1.jpg.png\",\"width\":732,\"height\":706,\"caption\":\"SINDICOM d.o.o.\"},\"image\":{\"@id\":\"https:\/\/sindicom.hr\/en\/#\/schema\/logo\/image\/\"},\"sameAs\":[\"https:\/\/www.facebook.com\/Sindicom-doo-170277286366043\/\",\"https:\/\/instagram.com\/sindicomdoo\"]}]}<\/script>\n<!-- \/ Yoast SEO plugin. -->","yoast_head_json":{"title":"REGULATOR PRITISKA ZRAKA 8,1 b 8,5 b 8-11 b WABCO ZAMJ. - Sindicom","robots":{"index":"index","follow":"follow","max-snippet":"max-snippet:-1","max-image-preview":"max-image-preview:large","max-video-preview":"max-video-preview:-1"},"canonical":"https:\/\/sindicom.hr\/en\/katalog\/regulator-pritiska-zraka-8-5-b-8-11-b-zamj\/","og_locale":"en_US","og_type":"article","og_title":"REGULATOR PRITISKA ZRAKA 8,1 b 8,5 b 8-11 b WABCO ZAMJ. - Sindicom","og_url":"https:\/\/sindicom.hr\/en\/katalog\/regulator-pritiska-zraka-8-5-b-8-11-b-zamj\/","og_site_name":"Sindicom","article_publisher":"https:\/\/www.facebook.com\/Sindicom-doo-170277286366043\/","article_modified_time":"2025-11-19T13:41:01+00:00","og_image":[{"width":1600,"height":900,"url":"https:\/\/sindicom.hr\/wp-content\/uploads\/2020\/05\/35120070140.webp","type":"image\/webp"}],"twitter_card":"summary_large_image","twitter_misc":{"Est. reading time":"2 minutes"},"schema":{"@context":"https:\/\/schema.org","@graph":[{"@type":"WebPage","@id":"https:\/\/sindicom.hr\/en\/katalog\/regulator-pritiska-zraka-8-5-b-8-11-b-zamj\/","url":"https:\/\/sindicom.hr\/en\/katalog\/regulator-pritiska-zraka-8-5-b-8-11-b-zamj\/","name":"REGULATOR PRITISKA ZRAKA 8,1 b 8,5 b 8-11 b WABCO ZAMJ. - Sindicom","isPartOf":{"@id":"https:\/\/sindicom.hr\/en\/#website"},"primaryImageOfPage":{"@id":"https:\/\/sindicom.hr\/en\/katalog\/regulator-pritiska-zraka-8-5-b-8-11-b-zamj\/#primaryimage"},"image":{"@id":"https:\/\/sindicom.hr\/en\/katalog\/regulator-pritiska-zraka-8-5-b-8-11-b-zamj\/#primaryimage"},"thumbnailUrl":"https:\/\/sindicom.hr\/wp-content\/uploads\/2020\/05\/35120070140.webp","datePublished":"2020-05-11T08:37:56+00:00","dateModified":"2025-11-19T13:41:01+00:00","breadcrumb":{"@id":"https:\/\/sindicom.hr\/en\/katalog\/regulator-pritiska-zraka-8-5-b-8-11-b-zamj\/#breadcrumb"},"inLanguage":"en-US","potentialAction":[{"@type":"ReadAction","target":["https:\/\/sindicom.hr\/en\/katalog\/regulator-pritiska-zraka-8-5-b-8-11-b-zamj\/"]}]},{"@type":"ImageObject","inLanguage":"en-US","@id":"https:\/\/sindicom.hr\/en\/katalog\/regulator-pritiska-zraka-8-5-b-8-11-b-zamj\/#primaryimage","url":"https:\/\/sindicom.hr\/wp-content\/uploads\/2020\/05\/35120070140.webp","contentUrl":"https:\/\/sindicom.hr\/wp-content\/uploads\/2020\/05\/35120070140.webp","width":1600,"height":900},{"@type":"BreadcrumbList","@id":"https:\/\/sindicom.hr\/en\/katalog\/regulator-pritiska-zraka-8-5-b-8-11-b-zamj\/#breadcrumb","itemListElement":[{"@type":"ListItem","position":1,"name":"Po\u010detna stranica","item":"https:\/\/sindicom.hr\/en\/"},{"@type":"ListItem","position":2,"name":"Katalog dijelova","item":"https:\/\/sindicom.hr\/en\/catalog\/"},{"@type":"ListItem","position":3,"name":"REGULATOR PRITISKA ZRAKA 8,1 b 8,5 b 8-11 b WABCO ZAMJ."}]},{"@type":"WebSite","@id":"https:\/\/sindicom.hr\/en\/#website","url":"https:\/\/sindicom.hr\/en\/","name":"SINDICOM","description":"Trade and repair of pneumatic brakes, air and hydraulic systems for trucks and buses","publisher":{"@id":"https:\/\/sindicom.hr\/en\/#organization"},"potentialAction":[{"@type":"SearchAction","target":{"@type":"EntryPoint","urlTemplate":"https:\/\/sindicom.hr\/en\/?s={search_term_string}"},"query-input":{"@type":"PropertyValueSpecification","valueRequired":true,"valueName":"search_term_string"}}],"inLanguage":"en-US"},{"@type":"Organization","@id":"https:\/\/sindicom.hr\/en\/#organization","name":"SINDICOM d.o.o.","url":"https:\/\/sindicom.hr\/en\/","logo":{"@type":"ImageObject","inLanguage":"en-US","@id":"https:\/\/sindicom.hr\/en\/#\/schema\/logo\/image\/","url":"https:\/\/sindicom.hr\/wp-content\/uploads\/2019\/11\/sindicom_logo_veliki1.jpg.png","contentUrl":"https:\/\/sindicom.hr\/wp-content\/uploads\/2019\/11\/sindicom_logo_veliki1.jpg.png","width":732,"height":706,"caption":"SINDICOM d.o.o."},"image":{"@id":"https:\/\/sindicom.hr\/en\/#\/schema\/logo\/image\/"},"sameAs":["https:\/\/www.facebook.com\/Sindicom-doo-170277286366043\/","https:\/\/instagram.com\/sindicomdoo"]}]}},"_links":{"self":[{"href":"https:\/\/sindicom.hr\/en\/wp-json\/wp\/v2\/product\/16193","targetHints":{"allow":["GET"]}}],"collection":[{"href":"https:\/\/sindicom.hr\/en\/wp-json\/wp\/v2\/product"}],"about":[{"href":"https:\/\/sindicom.hr\/en\/wp-json\/wp\/v2\/types\/product"}],"wp:featuredmedia":[{"embeddable":true,"href":"https:\/\/sindicom.hr\/en\/wp-json\/wp\/v2\/media\/50963"}],"wp:attachment":[{"href":"https:\/\/sindicom.hr\/en\/wp-json\/wp\/v2\/media?parent=16193"}],"wp:term":[{"taxonomy":"product_brand","embeddable":true,"href":"https:\/\/sindicom.hr\/en\/wp-json\/wp\/v2\/product_brand?post=16193"},{"taxonomy":"product_cat","embeddable":true,"href":"https:\/\/sindicom.hr\/en\/wp-json\/wp\/v2\/product_cat?post=16193"},{"taxonomy":"product_tag","embeddable":true,"href":"https:\/\/sindicom.hr\/en\/wp-json\/wp\/v2\/product_tag?post=16193"}],"curies":[{"name":"wp","href":"https:\/\/api.w.org\/{rel}","templated":true}]}}