{"id":16538,"date":"2020-05-11T08:41:10","date_gmt":"2020-05-11T08:41:10","guid":{"rendered":"https:\/\/sindicom.hr\/katalog\/elektromagnetni-ventil-vrata-masats-org\/"},"modified":"2025-10-27T12:00:59","modified_gmt":"2025-10-27T12:00:59","slug":"elektromagnetni-ventil-vrata-masats-org","status":"publish","type":"product","link":"https:\/\/sindicom.hr\/en\/katalog\/elektromagnetni-ventil-vrata-masats-org\/","title":{"rendered":"ELEKTROMAGNETNI VENTIL VRATA 24V DC BUS SCANIA IRIZAR VOLVO MASATS OE"},"content":{"rendered":"<p>22114A24 MASATS  34938352900 MASATS  34 93 835 29 00 MASATS  22114A MASATS  2114A MASATS  2701716 MASATS  10R041727 PNEUMAX  10R-041727 PNEUMAX  0PXS213.B PNEUMAX ELEKTROMAGNET  OPXS213.B PNEUMAX ELEKTROMAGNET  0PXS213B PNEUMAX ELEKTROMAGNET  OPXS213B PNEUMAX ELEKTROMAGNET  0PXS213.B ELECTROMAGNET SOLENIOD  OPXS213.B ELECTROMAGNET SOLENOID  0PXS213B ELECTROMAGNET SOLENOID  OPXS213B ELECTROMAGNET SOLENOID  Bus-Magnett\u00fcrventil  Elettrovalvola porta bus  Bus solenoid door valve  Bus-solenoide deurklep  \u00c9lectrovanne de porte de busfit  V\u00e1lvula solenoide de puerta de autob\u00fas  Door opening solenoid valve 24 V DC<\/p>\n","protected":false},"excerpt":{"rendered":"<p><img decoding=\"async\" class=\"alignnone size-medium wp-image-20867\" src=\"https:\/\/sindicom.hr\/wp-content\/uploads\/2020\/05\/Masats-300x300.png\" alt=\"\" width=\"300\" height=\"300\" srcset=\"https:\/\/sindicom.hr\/wp-content\/uploads\/2020\/05\/Masats-64x64.png 64w, https:\/\/sindicom.hr\/wp-content\/uploads\/2020\/05\/Masats-66x66.png 66w, https:\/\/sindicom.hr\/wp-content\/uploads\/2020\/05\/Masats-100x100.png 100w, https:\/\/sindicom.hr\/wp-content\/uploads\/2020\/05\/Masats-150x150.png 150w, https:\/\/sindicom.hr\/wp-content\/uploads\/2020\/05\/Masats-200x200.png 200w, https:\/\/sindicom.hr\/wp-content\/uploads\/2020\/05\/Masats.png 300w\" sizes=\"(max-width: 300px) 100vw, 300px\" \/><\/p>\n","protected":false},"featured_media":39400,"template":"","meta":{"inline_featured_image":false},"product_brand":[],"product_cat":[15,100,96,128,88,101,148,135,158,98,133,97,105,205,104,214,142,103,99,102,129,106,186,127],"product_tag":[],"class_list":{"0":"post-16538","1":"product","2":"type-product","3":"status-publish","4":"has-post-thumbnail","6":"product_cat-all-products","7":"product_cat-bova-vdl","8":"product_cat-busevi","9":"product_cat-citaro","10":"product_cat-elektromagnetni-ventili","11":"product_cat-evobus","12":"product_cat-ikarus","13":"product_cat-irisbus","14":"product_cat-irizar","15":"product_cat-iveco","16":"product_cat-leyland-daf","17":"product_cat-man","18":"product_cat-mercedes","19":"product_cat-midliner","20":"product_cat-neoplan","21":"product_cat-optare","22":"product_cat-otokar","23":"product_cat-scania","24":"product_cat-setra","25":"product_cat-solaris","26":"product_cat-tourismo","27":"product_cat-van-hool-eos","28":"product_cat-ventili-vrata","29":"product_cat-volvo-busevi","31":"first","32":"instock","33":"shipping-taxable","34":"purchasable","35":"product-type-simple"},"yoast_head":"<!-- This site is optimized with the Yoast SEO plugin v26.2 - https:\/\/yoast.com\/wordpress\/plugins\/seo\/ -->\n<title>ELEKTROMAGNETNI VENTIL VRATA 24V DC BUS SCANIA IRIZAR VOLVO MASATS OE - Sindicom<\/title>\n<meta name=\"robots\" content=\"index, follow, max-snippet:-1, max-image-preview:large, max-video-preview:-1\" \/>\n<link rel=\"canonical\" href=\"https:\/\/sindicom.hr\/en\/katalog\/elektromagnetni-ventil-vrata-masats-org\/\" \/>\n<meta property=\"og:locale\" content=\"en_US\" \/>\n<meta property=\"og:type\" content=\"article\" \/>\n<meta property=\"og:title\" content=\"ELEKTROMAGNETNI VENTIL VRATA 24V DC BUS SCANIA IRIZAR VOLVO MASATS OE - Sindicom\" \/>\n<meta property=\"og:url\" content=\"https:\/\/sindicom.hr\/en\/katalog\/elektromagnetni-ventil-vrata-masats-org\/\" \/>\n<meta property=\"og:site_name\" content=\"Sindicom\" \/>\n<meta property=\"article:publisher\" content=\"https:\/\/www.facebook.com\/Sindicom-doo-170277286366043\/\" \/>\n<meta property=\"article:modified_time\" content=\"2025-10-27T12:00:59+00:00\" \/>\n<meta property=\"og:image\" content=\"https:\/\/sindicom.hr\/wp-content\/uploads\/2020\/05\/22114A24-1.webp\" \/>\n\t<meta property=\"og:image:width\" content=\"600\" \/>\n\t<meta property=\"og:image:height\" content=\"600\" \/>\n\t<meta property=\"og:image:type\" content=\"image\/webp\" \/>\n<meta name=\"twitter:card\" content=\"summary_large_image\" \/>\n<meta name=\"twitter:label1\" content=\"Est. reading time\" \/>\n\t<meta name=\"twitter:data1\" content=\"1 minute\" \/>\n<script type=\"application\/ld+json\" class=\"yoast-schema-graph\">{\"@context\":\"https:\/\/schema.org\",\"@graph\":[{\"@type\":\"WebPage\",\"@id\":\"https:\/\/sindicom.hr\/en\/katalog\/elektromagnetni-ventil-vrata-masats-org\/\",\"url\":\"https:\/\/sindicom.hr\/en\/katalog\/elektromagnetni-ventil-vrata-masats-org\/\",\"name\":\"ELEKTROMAGNETNI VENTIL VRATA 24V DC BUS SCANIA IRIZAR VOLVO MASATS OE - Sindicom\",\"isPartOf\":{\"@id\":\"https:\/\/sindicom.hr\/en\/#website\"},\"primaryImageOfPage\":{\"@id\":\"https:\/\/sindicom.hr\/en\/katalog\/elektromagnetni-ventil-vrata-masats-org\/#primaryimage\"},\"image\":{\"@id\":\"https:\/\/sindicom.hr\/en\/katalog\/elektromagnetni-ventil-vrata-masats-org\/#primaryimage\"},\"thumbnailUrl\":\"https:\/\/sindicom.hr\/wp-content\/uploads\/2020\/05\/22114A24-1.webp\",\"datePublished\":\"2020-05-11T08:41:10+00:00\",\"dateModified\":\"2025-10-27T12:00:59+00:00\",\"breadcrumb\":{\"@id\":\"https:\/\/sindicom.hr\/en\/katalog\/elektromagnetni-ventil-vrata-masats-org\/#breadcrumb\"},\"inLanguage\":\"en-US\",\"potentialAction\":[{\"@type\":\"ReadAction\",\"target\":[\"https:\/\/sindicom.hr\/en\/katalog\/elektromagnetni-ventil-vrata-masats-org\/\"]}]},{\"@type\":\"ImageObject\",\"inLanguage\":\"en-US\",\"@id\":\"https:\/\/sindicom.hr\/en\/katalog\/elektromagnetni-ventil-vrata-masats-org\/#primaryimage\",\"url\":\"https:\/\/sindicom.hr\/wp-content\/uploads\/2020\/05\/22114A24-1.webp\",\"contentUrl\":\"https:\/\/sindicom.hr\/wp-content\/uploads\/2020\/05\/22114A24-1.webp\",\"width\":600,\"height\":600},{\"@type\":\"BreadcrumbList\",\"@id\":\"https:\/\/sindicom.hr\/en\/katalog\/elektromagnetni-ventil-vrata-masats-org\/#breadcrumb\",\"itemListElement\":[{\"@type\":\"ListItem\",\"position\":1,\"name\":\"Po\u010detna stranica\",\"item\":\"https:\/\/sindicom.hr\/en\/\"},{\"@type\":\"ListItem\",\"position\":2,\"name\":\"Katalog dijelova\",\"item\":\"https:\/\/sindicom.hr\/en\/catalog\/\"},{\"@type\":\"ListItem\",\"position\":3,\"name\":\"ELEKTROMAGNETNI VENTIL VRATA 24V DC BUS SCANIA IRIZAR VOLVO MASATS OE\"}]},{\"@type\":\"WebSite\",\"@id\":\"https:\/\/sindicom.hr\/en\/#website\",\"url\":\"https:\/\/sindicom.hr\/en\/\",\"name\":\"SINDICOM\",\"description\":\"Trade and repair of pneumatic brakes, air and hydraulic systems for trucks and buses\",\"publisher\":{\"@id\":\"https:\/\/sindicom.hr\/en\/#organization\"},\"potentialAction\":[{\"@type\":\"SearchAction\",\"target\":{\"@type\":\"EntryPoint\",\"urlTemplate\":\"https:\/\/sindicom.hr\/en\/?s={search_term_string}\"},\"query-input\":{\"@type\":\"PropertyValueSpecification\",\"valueRequired\":true,\"valueName\":\"search_term_string\"}}],\"inLanguage\":\"en-US\"},{\"@type\":\"Organization\",\"@id\":\"https:\/\/sindicom.hr\/en\/#organization\",\"name\":\"SINDICOM d.o.o.\",\"url\":\"https:\/\/sindicom.hr\/en\/\",\"logo\":{\"@type\":\"ImageObject\",\"inLanguage\":\"en-US\",\"@id\":\"https:\/\/sindicom.hr\/en\/#\/schema\/logo\/image\/\",\"url\":\"https:\/\/sindicom.hr\/wp-content\/uploads\/2019\/11\/sindicom_logo_veliki1.jpg.png\",\"contentUrl\":\"https:\/\/sindicom.hr\/wp-content\/uploads\/2019\/11\/sindicom_logo_veliki1.jpg.png\",\"width\":732,\"height\":706,\"caption\":\"SINDICOM d.o.o.\"},\"image\":{\"@id\":\"https:\/\/sindicom.hr\/en\/#\/schema\/logo\/image\/\"},\"sameAs\":[\"https:\/\/www.facebook.com\/Sindicom-doo-170277286366043\/\",\"https:\/\/instagram.com\/sindicomdoo\"]}]}<\/script>\n<!-- \/ Yoast SEO plugin. -->","yoast_head_json":{"title":"ELEKTROMAGNETNI VENTIL VRATA 24V DC BUS SCANIA IRIZAR VOLVO MASATS OE - Sindicom","robots":{"index":"index","follow":"follow","max-snippet":"max-snippet:-1","max-image-preview":"max-image-preview:large","max-video-preview":"max-video-preview:-1"},"canonical":"https:\/\/sindicom.hr\/en\/katalog\/elektromagnetni-ventil-vrata-masats-org\/","og_locale":"en_US","og_type":"article","og_title":"ELEKTROMAGNETNI VENTIL VRATA 24V DC BUS SCANIA IRIZAR VOLVO MASATS OE - Sindicom","og_url":"https:\/\/sindicom.hr\/en\/katalog\/elektromagnetni-ventil-vrata-masats-org\/","og_site_name":"Sindicom","article_publisher":"https:\/\/www.facebook.com\/Sindicom-doo-170277286366043\/","article_modified_time":"2025-10-27T12:00:59+00:00","og_image":[{"width":600,"height":600,"url":"https:\/\/sindicom.hr\/wp-content\/uploads\/2020\/05\/22114A24-1.webp","type":"image\/webp"}],"twitter_card":"summary_large_image","twitter_misc":{"Est. reading time":"1 minute"},"schema":{"@context":"https:\/\/schema.org","@graph":[{"@type":"WebPage","@id":"https:\/\/sindicom.hr\/en\/katalog\/elektromagnetni-ventil-vrata-masats-org\/","url":"https:\/\/sindicom.hr\/en\/katalog\/elektromagnetni-ventil-vrata-masats-org\/","name":"ELEKTROMAGNETNI VENTIL VRATA 24V DC BUS SCANIA IRIZAR VOLVO MASATS OE - Sindicom","isPartOf":{"@id":"https:\/\/sindicom.hr\/en\/#website"},"primaryImageOfPage":{"@id":"https:\/\/sindicom.hr\/en\/katalog\/elektromagnetni-ventil-vrata-masats-org\/#primaryimage"},"image":{"@id":"https:\/\/sindicom.hr\/en\/katalog\/elektromagnetni-ventil-vrata-masats-org\/#primaryimage"},"thumbnailUrl":"https:\/\/sindicom.hr\/wp-content\/uploads\/2020\/05\/22114A24-1.webp","datePublished":"2020-05-11T08:41:10+00:00","dateModified":"2025-10-27T12:00:59+00:00","breadcrumb":{"@id":"https:\/\/sindicom.hr\/en\/katalog\/elektromagnetni-ventil-vrata-masats-org\/#breadcrumb"},"inLanguage":"en-US","potentialAction":[{"@type":"ReadAction","target":["https:\/\/sindicom.hr\/en\/katalog\/elektromagnetni-ventil-vrata-masats-org\/"]}]},{"@type":"ImageObject","inLanguage":"en-US","@id":"https:\/\/sindicom.hr\/en\/katalog\/elektromagnetni-ventil-vrata-masats-org\/#primaryimage","url":"https:\/\/sindicom.hr\/wp-content\/uploads\/2020\/05\/22114A24-1.webp","contentUrl":"https:\/\/sindicom.hr\/wp-content\/uploads\/2020\/05\/22114A24-1.webp","width":600,"height":600},{"@type":"BreadcrumbList","@id":"https:\/\/sindicom.hr\/en\/katalog\/elektromagnetni-ventil-vrata-masats-org\/#breadcrumb","itemListElement":[{"@type":"ListItem","position":1,"name":"Po\u010detna stranica","item":"https:\/\/sindicom.hr\/en\/"},{"@type":"ListItem","position":2,"name":"Katalog dijelova","item":"https:\/\/sindicom.hr\/en\/catalog\/"},{"@type":"ListItem","position":3,"name":"ELEKTROMAGNETNI VENTIL VRATA 24V DC BUS SCANIA IRIZAR VOLVO MASATS OE"}]},{"@type":"WebSite","@id":"https:\/\/sindicom.hr\/en\/#website","url":"https:\/\/sindicom.hr\/en\/","name":"SINDICOM","description":"Trade and repair of pneumatic brakes, air and hydraulic systems for trucks and buses","publisher":{"@id":"https:\/\/sindicom.hr\/en\/#organization"},"potentialAction":[{"@type":"SearchAction","target":{"@type":"EntryPoint","urlTemplate":"https:\/\/sindicom.hr\/en\/?s={search_term_string}"},"query-input":{"@type":"PropertyValueSpecification","valueRequired":true,"valueName":"search_term_string"}}],"inLanguage":"en-US"},{"@type":"Organization","@id":"https:\/\/sindicom.hr\/en\/#organization","name":"SINDICOM d.o.o.","url":"https:\/\/sindicom.hr\/en\/","logo":{"@type":"ImageObject","inLanguage":"en-US","@id":"https:\/\/sindicom.hr\/en\/#\/schema\/logo\/image\/","url":"https:\/\/sindicom.hr\/wp-content\/uploads\/2019\/11\/sindicom_logo_veliki1.jpg.png","contentUrl":"https:\/\/sindicom.hr\/wp-content\/uploads\/2019\/11\/sindicom_logo_veliki1.jpg.png","width":732,"height":706,"caption":"SINDICOM d.o.o."},"image":{"@id":"https:\/\/sindicom.hr\/en\/#\/schema\/logo\/image\/"},"sameAs":["https:\/\/www.facebook.com\/Sindicom-doo-170277286366043\/","https:\/\/instagram.com\/sindicomdoo"]}]}},"_links":{"self":[{"href":"https:\/\/sindicom.hr\/en\/wp-json\/wp\/v2\/product\/16538","targetHints":{"allow":["GET"]}}],"collection":[{"href":"https:\/\/sindicom.hr\/en\/wp-json\/wp\/v2\/product"}],"about":[{"href":"https:\/\/sindicom.hr\/en\/wp-json\/wp\/v2\/types\/product"}],"wp:featuredmedia":[{"embeddable":true,"href":"https:\/\/sindicom.hr\/en\/wp-json\/wp\/v2\/media\/39400"}],"wp:attachment":[{"href":"https:\/\/sindicom.hr\/en\/wp-json\/wp\/v2\/media?parent=16538"}],"wp:term":[{"taxonomy":"product_brand","embeddable":true,"href":"https:\/\/sindicom.hr\/en\/wp-json\/wp\/v2\/product_brand?post=16538"},{"taxonomy":"product_cat","embeddable":true,"href":"https:\/\/sindicom.hr\/en\/wp-json\/wp\/v2\/product_cat?post=16538"},{"taxonomy":"product_tag","embeddable":true,"href":"https:\/\/sindicom.hr\/en\/wp-json\/wp\/v2\/product_tag?post=16538"}],"curies":[{"name":"wp","href":"https:\/\/api.w.org\/{rel}","templated":true}]}}