{"id":16549,"date":"2020-05-11T08:41:16","date_gmt":"2020-05-11T08:41:16","guid":{"rendered":"https:\/\/sindicom.hr\/katalog\/kociona-celjust-haldex-saf-lijeva-org\/"},"modified":"2025-10-27T12:01:04","modified_gmt":"2025-10-27T12:01:04","slug":"kociona-celjust-haldex-saf-lijeva-org","status":"publish","type":"product","link":"https:\/\/sindicom.hr\/en\/katalog\/kociona-celjust-haldex-saf-lijeva-org\/","title":{"rendered":"KO\u010cIONA \u010cELJUST MODUL T LIJEVA BEZ NOSA\u010cA S PLO\u010cICAMA SAF HALDEX OE KAUCIJA"},"content":{"rendered":"<p>05400102500 SAF  96545 HALDEX  2305916 HALDEX  DBT22LT HALDEX  9285421 HALDEX  1511101531 HALDEX  JAS0210410101 HALDEX  SBS2220 SAF  SBS 2220 HO SAF  03080008700 SAF  5400102500 SAF  5400.1025.00 SAF  3080009750 SAF  3080.0097.50 SAF  3080008151 SAF  3080.0081.51 SAF  03.080.0087.00 SAF  05400102500 SAF  5400102500 SAF  5.400.1025.00 SAF  05.400.1025.00 SAF  05 400 1025 00 SAF  0 54 001 0250 0 SAF  3080009800 SAF  3.080.0098.00 SAF  3 080 0098 00 SAF  03080009800 SAF  03.080.0098.00 SAF  03 080 0098 00 SAF  03080009850 SAF  3.080.0098.50 SAF  03 080 0098 50 SAF  719001022 GIGANT  719001024 GIGANT  719001010 GIGANT  719001004 GIGANT  550017644 KRONE  550017647 KRONE  0719001022 KRONE  K132859 KNORR  K135686 KNORR  K069394 KNORR  K069396 KNORR  K097531K64 KNORR  K097531K50 KNORR  K097531K62 KNORR  ST7011 KNORR  ST7012 KNORR  ST7013RC KNORR  K090767N64 KNORR  1227597 SCHMITZ  1214886 SCHMITZ  Brake caliper  Bremssattel  Pinza freno<\/p>\n","protected":false},"excerpt":{"rendered":"<p><img decoding=\"async\" class=\"alignnone size-medium wp-image-17704\" src=\"https:\/\/sindicom.hr\/wp-content\/uploads\/2020\/05\/haldex-300x300.png\" alt=\"\" width=\"300\" height=\"300\" srcset=\"https:\/\/sindicom.hr\/wp-content\/uploads\/2020\/05\/haldex-64x64.png 64w, https:\/\/sindicom.hr\/wp-content\/uploads\/2020\/05\/haldex-66x66.png 66w, https:\/\/sindicom.hr\/wp-content\/uploads\/2020\/05\/haldex-100x100.png 100w, https:\/\/sindicom.hr\/wp-content\/uploads\/2020\/05\/haldex-150x150.png 150w, https:\/\/sindicom.hr\/wp-content\/uploads\/2020\/05\/haldex-200x200.png 200w, https:\/\/sindicom.hr\/wp-content\/uploads\/2020\/05\/haldex.png 300w\" sizes=\"(max-width: 300px) 100vw, 300px\" \/><\/p>\n","protected":false},"featured_media":37056,"template":"","meta":{"inline_featured_image":false},"product_brand":[],"product_cat":[15,59,117,114,118],"product_tag":[],"class_list":{"0":"post-16549","1":"product","2":"type-product","3":"status-publish","4":"has-post-thumbnail","6":"product_cat-all-products","7":"product_cat-kocione-celjusti","8":"product_cat-krone","9":"product_cat-prikolice","10":"product_cat-schmitz","12":"first","13":"instock","14":"shipping-taxable","15":"purchasable","16":"product-type-simple"},"yoast_head":"<!-- This site is optimized with the Yoast SEO plugin v26.2 - https:\/\/yoast.com\/wordpress\/plugins\/seo\/ -->\n<title>KO\u010cIONA \u010cELJUST MODUL T LIJEVA BEZ NOSA\u010cA S PLO\u010cICAMA SAF HALDEX OE KAUCIJA - Sindicom<\/title>\n<meta name=\"robots\" content=\"index, follow, max-snippet:-1, max-image-preview:large, max-video-preview:-1\" \/>\n<link rel=\"canonical\" href=\"https:\/\/sindicom.hr\/en\/katalog\/kociona-celjust-haldex-saf-lijeva-org\/\" \/>\n<meta property=\"og:locale\" content=\"en_US\" \/>\n<meta property=\"og:type\" content=\"article\" \/>\n<meta property=\"og:title\" content=\"KO\u010cIONA \u010cELJUST MODUL T LIJEVA BEZ NOSA\u010cA S PLO\u010cICAMA SAF HALDEX OE KAUCIJA - Sindicom\" \/>\n<meta property=\"og:url\" content=\"https:\/\/sindicom.hr\/en\/katalog\/kociona-celjust-haldex-saf-lijeva-org\/\" \/>\n<meta property=\"og:site_name\" content=\"Sindicom\" \/>\n<meta property=\"article:publisher\" content=\"https:\/\/www.facebook.com\/Sindicom-doo-170277286366043\/\" \/>\n<meta property=\"article:modified_time\" content=\"2025-10-27T12:01:04+00:00\" \/>\n<meta property=\"og:image\" content=\"https:\/\/sindicom.hr\/wp-content\/uploads\/2020\/05\/05400102500-SAF.webp\" \/>\n\t<meta property=\"og:image:width\" content=\"600\" \/>\n\t<meta property=\"og:image:height\" content=\"600\" \/>\n\t<meta property=\"og:image:type\" content=\"image\/webp\" \/>\n<meta name=\"twitter:card\" content=\"summary_large_image\" \/>\n<meta name=\"twitter:label1\" content=\"Est. reading time\" \/>\n\t<meta name=\"twitter:data1\" content=\"1 minute\" \/>\n<script type=\"application\/ld+json\" class=\"yoast-schema-graph\">{\"@context\":\"https:\/\/schema.org\",\"@graph\":[{\"@type\":\"WebPage\",\"@id\":\"https:\/\/sindicom.hr\/en\/katalog\/kociona-celjust-haldex-saf-lijeva-org\/\",\"url\":\"https:\/\/sindicom.hr\/en\/katalog\/kociona-celjust-haldex-saf-lijeva-org\/\",\"name\":\"KO\u010cIONA \u010cELJUST MODUL T LIJEVA BEZ NOSA\u010cA S PLO\u010cICAMA SAF HALDEX OE KAUCIJA - Sindicom\",\"isPartOf\":{\"@id\":\"https:\/\/sindicom.hr\/en\/#website\"},\"primaryImageOfPage\":{\"@id\":\"https:\/\/sindicom.hr\/en\/katalog\/kociona-celjust-haldex-saf-lijeva-org\/#primaryimage\"},\"image\":{\"@id\":\"https:\/\/sindicom.hr\/en\/katalog\/kociona-celjust-haldex-saf-lijeva-org\/#primaryimage\"},\"thumbnailUrl\":\"https:\/\/sindicom.hr\/wp-content\/uploads\/2020\/05\/05400102500-SAF.webp\",\"datePublished\":\"2020-05-11T08:41:16+00:00\",\"dateModified\":\"2025-10-27T12:01:04+00:00\",\"breadcrumb\":{\"@id\":\"https:\/\/sindicom.hr\/en\/katalog\/kociona-celjust-haldex-saf-lijeva-org\/#breadcrumb\"},\"inLanguage\":\"en-US\",\"potentialAction\":[{\"@type\":\"ReadAction\",\"target\":[\"https:\/\/sindicom.hr\/en\/katalog\/kociona-celjust-haldex-saf-lijeva-org\/\"]}]},{\"@type\":\"ImageObject\",\"inLanguage\":\"en-US\",\"@id\":\"https:\/\/sindicom.hr\/en\/katalog\/kociona-celjust-haldex-saf-lijeva-org\/#primaryimage\",\"url\":\"https:\/\/sindicom.hr\/wp-content\/uploads\/2020\/05\/05400102500-SAF.webp\",\"contentUrl\":\"https:\/\/sindicom.hr\/wp-content\/uploads\/2020\/05\/05400102500-SAF.webp\",\"width\":600,\"height\":600},{\"@type\":\"BreadcrumbList\",\"@id\":\"https:\/\/sindicom.hr\/en\/katalog\/kociona-celjust-haldex-saf-lijeva-org\/#breadcrumb\",\"itemListElement\":[{\"@type\":\"ListItem\",\"position\":1,\"name\":\"Po\u010detna stranica\",\"item\":\"https:\/\/sindicom.hr\/en\/\"},{\"@type\":\"ListItem\",\"position\":2,\"name\":\"Katalog dijelova\",\"item\":\"https:\/\/sindicom.hr\/en\/catalog\/\"},{\"@type\":\"ListItem\",\"position\":3,\"name\":\"KO\u010cIONA \u010cELJUST MODUL T LIJEVA BEZ NOSA\u010cA S PLO\u010cICAMA SAF HALDEX OE KAUCIJA\"}]},{\"@type\":\"WebSite\",\"@id\":\"https:\/\/sindicom.hr\/en\/#website\",\"url\":\"https:\/\/sindicom.hr\/en\/\",\"name\":\"SINDICOM\",\"description\":\"Trade and repair of pneumatic brakes, air and hydraulic systems for trucks and buses\",\"publisher\":{\"@id\":\"https:\/\/sindicom.hr\/en\/#organization\"},\"potentialAction\":[{\"@type\":\"SearchAction\",\"target\":{\"@type\":\"EntryPoint\",\"urlTemplate\":\"https:\/\/sindicom.hr\/en\/?s={search_term_string}\"},\"query-input\":{\"@type\":\"PropertyValueSpecification\",\"valueRequired\":true,\"valueName\":\"search_term_string\"}}],\"inLanguage\":\"en-US\"},{\"@type\":\"Organization\",\"@id\":\"https:\/\/sindicom.hr\/en\/#organization\",\"name\":\"SINDICOM d.o.o.\",\"url\":\"https:\/\/sindicom.hr\/en\/\",\"logo\":{\"@type\":\"ImageObject\",\"inLanguage\":\"en-US\",\"@id\":\"https:\/\/sindicom.hr\/en\/#\/schema\/logo\/image\/\",\"url\":\"https:\/\/sindicom.hr\/wp-content\/uploads\/2019\/11\/sindicom_logo_veliki1.jpg.png\",\"contentUrl\":\"https:\/\/sindicom.hr\/wp-content\/uploads\/2019\/11\/sindicom_logo_veliki1.jpg.png\",\"width\":732,\"height\":706,\"caption\":\"SINDICOM d.o.o.\"},\"image\":{\"@id\":\"https:\/\/sindicom.hr\/en\/#\/schema\/logo\/image\/\"},\"sameAs\":[\"https:\/\/www.facebook.com\/Sindicom-doo-170277286366043\/\",\"https:\/\/instagram.com\/sindicomdoo\"]}]}<\/script>\n<!-- \/ Yoast SEO plugin. -->","yoast_head_json":{"title":"KO\u010cIONA \u010cELJUST MODUL T LIJEVA BEZ NOSA\u010cA S PLO\u010cICAMA SAF HALDEX OE KAUCIJA - Sindicom","robots":{"index":"index","follow":"follow","max-snippet":"max-snippet:-1","max-image-preview":"max-image-preview:large","max-video-preview":"max-video-preview:-1"},"canonical":"https:\/\/sindicom.hr\/en\/katalog\/kociona-celjust-haldex-saf-lijeva-org\/","og_locale":"en_US","og_type":"article","og_title":"KO\u010cIONA \u010cELJUST MODUL T LIJEVA BEZ NOSA\u010cA S PLO\u010cICAMA SAF HALDEX OE KAUCIJA - Sindicom","og_url":"https:\/\/sindicom.hr\/en\/katalog\/kociona-celjust-haldex-saf-lijeva-org\/","og_site_name":"Sindicom","article_publisher":"https:\/\/www.facebook.com\/Sindicom-doo-170277286366043\/","article_modified_time":"2025-10-27T12:01:04+00:00","og_image":[{"width":600,"height":600,"url":"https:\/\/sindicom.hr\/wp-content\/uploads\/2020\/05\/05400102500-SAF.webp","type":"image\/webp"}],"twitter_card":"summary_large_image","twitter_misc":{"Est. reading time":"1 minute"},"schema":{"@context":"https:\/\/schema.org","@graph":[{"@type":"WebPage","@id":"https:\/\/sindicom.hr\/en\/katalog\/kociona-celjust-haldex-saf-lijeva-org\/","url":"https:\/\/sindicom.hr\/en\/katalog\/kociona-celjust-haldex-saf-lijeva-org\/","name":"KO\u010cIONA \u010cELJUST MODUL T LIJEVA BEZ NOSA\u010cA S PLO\u010cICAMA SAF HALDEX OE KAUCIJA - Sindicom","isPartOf":{"@id":"https:\/\/sindicom.hr\/en\/#website"},"primaryImageOfPage":{"@id":"https:\/\/sindicom.hr\/en\/katalog\/kociona-celjust-haldex-saf-lijeva-org\/#primaryimage"},"image":{"@id":"https:\/\/sindicom.hr\/en\/katalog\/kociona-celjust-haldex-saf-lijeva-org\/#primaryimage"},"thumbnailUrl":"https:\/\/sindicom.hr\/wp-content\/uploads\/2020\/05\/05400102500-SAF.webp","datePublished":"2020-05-11T08:41:16+00:00","dateModified":"2025-10-27T12:01:04+00:00","breadcrumb":{"@id":"https:\/\/sindicom.hr\/en\/katalog\/kociona-celjust-haldex-saf-lijeva-org\/#breadcrumb"},"inLanguage":"en-US","potentialAction":[{"@type":"ReadAction","target":["https:\/\/sindicom.hr\/en\/katalog\/kociona-celjust-haldex-saf-lijeva-org\/"]}]},{"@type":"ImageObject","inLanguage":"en-US","@id":"https:\/\/sindicom.hr\/en\/katalog\/kociona-celjust-haldex-saf-lijeva-org\/#primaryimage","url":"https:\/\/sindicom.hr\/wp-content\/uploads\/2020\/05\/05400102500-SAF.webp","contentUrl":"https:\/\/sindicom.hr\/wp-content\/uploads\/2020\/05\/05400102500-SAF.webp","width":600,"height":600},{"@type":"BreadcrumbList","@id":"https:\/\/sindicom.hr\/en\/katalog\/kociona-celjust-haldex-saf-lijeva-org\/#breadcrumb","itemListElement":[{"@type":"ListItem","position":1,"name":"Po\u010detna stranica","item":"https:\/\/sindicom.hr\/en\/"},{"@type":"ListItem","position":2,"name":"Katalog dijelova","item":"https:\/\/sindicom.hr\/en\/catalog\/"},{"@type":"ListItem","position":3,"name":"KO\u010cIONA \u010cELJUST MODUL T LIJEVA BEZ NOSA\u010cA S PLO\u010cICAMA SAF HALDEX OE KAUCIJA"}]},{"@type":"WebSite","@id":"https:\/\/sindicom.hr\/en\/#website","url":"https:\/\/sindicom.hr\/en\/","name":"SINDICOM","description":"Trade and repair of pneumatic brakes, air and hydraulic systems for trucks and buses","publisher":{"@id":"https:\/\/sindicom.hr\/en\/#organization"},"potentialAction":[{"@type":"SearchAction","target":{"@type":"EntryPoint","urlTemplate":"https:\/\/sindicom.hr\/en\/?s={search_term_string}"},"query-input":{"@type":"PropertyValueSpecification","valueRequired":true,"valueName":"search_term_string"}}],"inLanguage":"en-US"},{"@type":"Organization","@id":"https:\/\/sindicom.hr\/en\/#organization","name":"SINDICOM d.o.o.","url":"https:\/\/sindicom.hr\/en\/","logo":{"@type":"ImageObject","inLanguage":"en-US","@id":"https:\/\/sindicom.hr\/en\/#\/schema\/logo\/image\/","url":"https:\/\/sindicom.hr\/wp-content\/uploads\/2019\/11\/sindicom_logo_veliki1.jpg.png","contentUrl":"https:\/\/sindicom.hr\/wp-content\/uploads\/2019\/11\/sindicom_logo_veliki1.jpg.png","width":732,"height":706,"caption":"SINDICOM d.o.o."},"image":{"@id":"https:\/\/sindicom.hr\/en\/#\/schema\/logo\/image\/"},"sameAs":["https:\/\/www.facebook.com\/Sindicom-doo-170277286366043\/","https:\/\/instagram.com\/sindicomdoo"]}]}},"_links":{"self":[{"href":"https:\/\/sindicom.hr\/en\/wp-json\/wp\/v2\/product\/16549","targetHints":{"allow":["GET"]}}],"collection":[{"href":"https:\/\/sindicom.hr\/en\/wp-json\/wp\/v2\/product"}],"about":[{"href":"https:\/\/sindicom.hr\/en\/wp-json\/wp\/v2\/types\/product"}],"wp:featuredmedia":[{"embeddable":true,"href":"https:\/\/sindicom.hr\/en\/wp-json\/wp\/v2\/media\/37056"}],"wp:attachment":[{"href":"https:\/\/sindicom.hr\/en\/wp-json\/wp\/v2\/media?parent=16549"}],"wp:term":[{"taxonomy":"product_brand","embeddable":true,"href":"https:\/\/sindicom.hr\/en\/wp-json\/wp\/v2\/product_brand?post=16549"},{"taxonomy":"product_cat","embeddable":true,"href":"https:\/\/sindicom.hr\/en\/wp-json\/wp\/v2\/product_cat?post=16549"},{"taxonomy":"product_tag","embeddable":true,"href":"https:\/\/sindicom.hr\/en\/wp-json\/wp\/v2\/product_tag?post=16549"}],"curies":[{"name":"wp","href":"https:\/\/api.w.org\/{rel}","templated":true}]}}