{"id":16573,"date":"2020-05-11T08:41:33","date_gmt":"2020-05-11T08:41:33","guid":{"rendered":"https:\/\/sindicom.hr\/katalog\/kociona-celjust-fte-unimog-sa-rucnom-org\/"},"modified":"2025-10-27T12:01:15","modified_gmt":"2025-10-27T12:01:15","slug":"kociona-celjust-fte-unimog-sa-rucnom-org","status":"publish","type":"product","link":"https:\/\/sindicom.hr\/en\/katalog\/kociona-celjust-fte-unimog-sa-rucnom-org\/","title":{"rendered":"KO\u010cIONA \u010cELJUST S RU\u010cNOM 54 mm MERCEDES UNIMOG ATE OE"},"content":{"rendered":"<p>13.2544-0020.2 ATE  13254400202 ATE  24.2544-0020.5 ATE  24254400205 ATE  RS541425A0 FTE  RS 541425A0 FTE  0044204883 MERCEDES UNIMOG  4054210398 MERCEDES UNIMOG  4054210798 MERCEDES UNIMOG  4184210298 MERCEDES UNIMOG  4374212398 MERCEDES UNIMOG  4374212698 MERCEDES UNIMOG  A0044204883 MERCEDES UNIMOG  A4054210398 MERCEDES UNIMOG  A4054210798 MERCEDES UNIMOG  A4184210298 MERCEDES UNIMOG  A4374212398 MERCEDES UNIMOG  A4374212698 MERCEDES UNIMOG  A 004 420 48 83 MERCEDES UNIMOG  A 405 421 03 98 MERCEDES UNIMOG  A 405 421 07 98 MERCEDES UNIMOG  A 418 421 02 98 MERCEDES UNIMOG  A 437 421 23 98 MERCEDES UNIMOG  A 437 421 26 98 MERCEDES UNIMOG  38020300 TEXTAR  8AN355441-401 HELLA  8AN355441-401 HELLA PAGID  8AN 355 441-401 HELLA  8AN 355 441-401 HELLA PAGID  Air Disc Brake caliper  \u00c9trier de frein a disque pneumatique Luftscheibenbremse Bremssattel  Pinza del freno a disco pneumatico<\/p>\n","protected":false},"excerpt":{"rendered":"<p><img decoding=\"async\" class=\"alignnone size-medium wp-image-18024\" src=\"https:\/\/sindicom.hr\/wp-content\/uploads\/2020\/05\/ate-300x300.png\" alt=\"\" width=\"300\" height=\"300\" srcset=\"https:\/\/sindicom.hr\/wp-content\/uploads\/2020\/05\/ate-64x64.png 64w, https:\/\/sindicom.hr\/wp-content\/uploads\/2020\/05\/ate-66x66.png 66w, https:\/\/sindicom.hr\/wp-content\/uploads\/2020\/05\/ate-100x100.png 100w, https:\/\/sindicom.hr\/wp-content\/uploads\/2020\/05\/ate-150x150.png 150w, https:\/\/sindicom.hr\/wp-content\/uploads\/2020\/05\/ate-200x200.png 200w, https:\/\/sindicom.hr\/wp-content\/uploads\/2020\/05\/ate.png 300w\" sizes=\"(max-width: 300px) 100vw, 300px\" \/><\/p>\n","protected":false},"featured_media":44304,"template":"","meta":{"inline_featured_image":false},"product_brand":[],"product_cat":[15,59,113,149,107],"product_tag":[],"class_list":{"0":"post-16573","1":"product","2":"type-product","3":"status-publish","4":"has-post-thumbnail","6":"product_cat-all-products","7":"product_cat-kocione-celjusti","8":"product_cat-mercedes-teretna-vozila","9":"product_cat-unimog","10":"product_cat-teretna-vozila","12":"first","13":"instock","14":"shipping-taxable","15":"purchasable","16":"product-type-simple"},"yoast_head":"<!-- This site is optimized with the Yoast SEO plugin v26.2 - https:\/\/yoast.com\/wordpress\/plugins\/seo\/ -->\n<title>KO\u010cIONA \u010cELJUST S RU\u010cNOM 54 mm MERCEDES UNIMOG ATE OE - Sindicom<\/title>\n<meta name=\"robots\" content=\"index, follow, max-snippet:-1, max-image-preview:large, max-video-preview:-1\" \/>\n<link rel=\"canonical\" href=\"https:\/\/sindicom.hr\/en\/katalog\/kociona-celjust-fte-unimog-sa-rucnom-org\/\" \/>\n<meta property=\"og:locale\" content=\"en_US\" \/>\n<meta property=\"og:type\" content=\"article\" \/>\n<meta property=\"og:title\" content=\"KO\u010cIONA \u010cELJUST S RU\u010cNOM 54 mm MERCEDES UNIMOG ATE OE - Sindicom\" \/>\n<meta property=\"og:url\" content=\"https:\/\/sindicom.hr\/en\/katalog\/kociona-celjust-fte-unimog-sa-rucnom-org\/\" \/>\n<meta property=\"og:site_name\" content=\"Sindicom\" \/>\n<meta property=\"article:publisher\" content=\"https:\/\/www.facebook.com\/Sindicom-doo-170277286366043\/\" \/>\n<meta property=\"article:modified_time\" content=\"2025-10-27T12:01:15+00:00\" \/>\n<meta property=\"og:image\" content=\"https:\/\/sindicom.hr\/wp-content\/uploads\/2020\/05\/13.2544-0020.2-ATE-13254400202-ATE.webp\" \/>\n\t<meta property=\"og:image:width\" content=\"600\" \/>\n\t<meta property=\"og:image:height\" content=\"600\" \/>\n\t<meta property=\"og:image:type\" content=\"image\/webp\" \/>\n<meta name=\"twitter:card\" content=\"summary_large_image\" \/>\n<meta name=\"twitter:label1\" content=\"Est. reading time\" \/>\n\t<meta name=\"twitter:data1\" content=\"1 minute\" \/>\n<script type=\"application\/ld+json\" class=\"yoast-schema-graph\">{\"@context\":\"https:\/\/schema.org\",\"@graph\":[{\"@type\":\"WebPage\",\"@id\":\"https:\/\/sindicom.hr\/en\/katalog\/kociona-celjust-fte-unimog-sa-rucnom-org\/\",\"url\":\"https:\/\/sindicom.hr\/en\/katalog\/kociona-celjust-fte-unimog-sa-rucnom-org\/\",\"name\":\"KO\u010cIONA \u010cELJUST S RU\u010cNOM 54 mm MERCEDES UNIMOG ATE OE - Sindicom\",\"isPartOf\":{\"@id\":\"https:\/\/sindicom.hr\/en\/#website\"},\"primaryImageOfPage\":{\"@id\":\"https:\/\/sindicom.hr\/en\/katalog\/kociona-celjust-fte-unimog-sa-rucnom-org\/#primaryimage\"},\"image\":{\"@id\":\"https:\/\/sindicom.hr\/en\/katalog\/kociona-celjust-fte-unimog-sa-rucnom-org\/#primaryimage\"},\"thumbnailUrl\":\"https:\/\/sindicom.hr\/wp-content\/uploads\/2020\/05\/13.2544-0020.2-ATE-13254400202-ATE.webp\",\"datePublished\":\"2020-05-11T08:41:33+00:00\",\"dateModified\":\"2025-10-27T12:01:15+00:00\",\"breadcrumb\":{\"@id\":\"https:\/\/sindicom.hr\/en\/katalog\/kociona-celjust-fte-unimog-sa-rucnom-org\/#breadcrumb\"},\"inLanguage\":\"en-US\",\"potentialAction\":[{\"@type\":\"ReadAction\",\"target\":[\"https:\/\/sindicom.hr\/en\/katalog\/kociona-celjust-fte-unimog-sa-rucnom-org\/\"]}]},{\"@type\":\"ImageObject\",\"inLanguage\":\"en-US\",\"@id\":\"https:\/\/sindicom.hr\/en\/katalog\/kociona-celjust-fte-unimog-sa-rucnom-org\/#primaryimage\",\"url\":\"https:\/\/sindicom.hr\/wp-content\/uploads\/2020\/05\/13.2544-0020.2-ATE-13254400202-ATE.webp\",\"contentUrl\":\"https:\/\/sindicom.hr\/wp-content\/uploads\/2020\/05\/13.2544-0020.2-ATE-13254400202-ATE.webp\",\"width\":600,\"height\":600},{\"@type\":\"BreadcrumbList\",\"@id\":\"https:\/\/sindicom.hr\/en\/katalog\/kociona-celjust-fte-unimog-sa-rucnom-org\/#breadcrumb\",\"itemListElement\":[{\"@type\":\"ListItem\",\"position\":1,\"name\":\"Po\u010detna stranica\",\"item\":\"https:\/\/sindicom.hr\/en\/\"},{\"@type\":\"ListItem\",\"position\":2,\"name\":\"Katalog dijelova\",\"item\":\"https:\/\/sindicom.hr\/en\/catalog\/\"},{\"@type\":\"ListItem\",\"position\":3,\"name\":\"KO\u010cIONA \u010cELJUST S RU\u010cNOM 54 mm MERCEDES UNIMOG ATE OE\"}]},{\"@type\":\"WebSite\",\"@id\":\"https:\/\/sindicom.hr\/en\/#website\",\"url\":\"https:\/\/sindicom.hr\/en\/\",\"name\":\"SINDICOM\",\"description\":\"Trade and repair of pneumatic brakes, air and hydraulic systems for trucks and buses\",\"publisher\":{\"@id\":\"https:\/\/sindicom.hr\/en\/#organization\"},\"potentialAction\":[{\"@type\":\"SearchAction\",\"target\":{\"@type\":\"EntryPoint\",\"urlTemplate\":\"https:\/\/sindicom.hr\/en\/?s={search_term_string}\"},\"query-input\":{\"@type\":\"PropertyValueSpecification\",\"valueRequired\":true,\"valueName\":\"search_term_string\"}}],\"inLanguage\":\"en-US\"},{\"@type\":\"Organization\",\"@id\":\"https:\/\/sindicom.hr\/en\/#organization\",\"name\":\"SINDICOM d.o.o.\",\"url\":\"https:\/\/sindicom.hr\/en\/\",\"logo\":{\"@type\":\"ImageObject\",\"inLanguage\":\"en-US\",\"@id\":\"https:\/\/sindicom.hr\/en\/#\/schema\/logo\/image\/\",\"url\":\"https:\/\/sindicom.hr\/wp-content\/uploads\/2019\/11\/sindicom_logo_veliki1.jpg.png\",\"contentUrl\":\"https:\/\/sindicom.hr\/wp-content\/uploads\/2019\/11\/sindicom_logo_veliki1.jpg.png\",\"width\":732,\"height\":706,\"caption\":\"SINDICOM d.o.o.\"},\"image\":{\"@id\":\"https:\/\/sindicom.hr\/en\/#\/schema\/logo\/image\/\"},\"sameAs\":[\"https:\/\/www.facebook.com\/Sindicom-doo-170277286366043\/\",\"https:\/\/instagram.com\/sindicomdoo\"]}]}<\/script>\n<!-- \/ Yoast SEO plugin. -->","yoast_head_json":{"title":"KO\u010cIONA \u010cELJUST S RU\u010cNOM 54 mm MERCEDES UNIMOG ATE OE - Sindicom","robots":{"index":"index","follow":"follow","max-snippet":"max-snippet:-1","max-image-preview":"max-image-preview:large","max-video-preview":"max-video-preview:-1"},"canonical":"https:\/\/sindicom.hr\/en\/katalog\/kociona-celjust-fte-unimog-sa-rucnom-org\/","og_locale":"en_US","og_type":"article","og_title":"KO\u010cIONA \u010cELJUST S RU\u010cNOM 54 mm MERCEDES UNIMOG ATE OE - Sindicom","og_url":"https:\/\/sindicom.hr\/en\/katalog\/kociona-celjust-fte-unimog-sa-rucnom-org\/","og_site_name":"Sindicom","article_publisher":"https:\/\/www.facebook.com\/Sindicom-doo-170277286366043\/","article_modified_time":"2025-10-27T12:01:15+00:00","og_image":[{"width":600,"height":600,"url":"https:\/\/sindicom.hr\/wp-content\/uploads\/2020\/05\/13.2544-0020.2-ATE-13254400202-ATE.webp","type":"image\/webp"}],"twitter_card":"summary_large_image","twitter_misc":{"Est. reading time":"1 minute"},"schema":{"@context":"https:\/\/schema.org","@graph":[{"@type":"WebPage","@id":"https:\/\/sindicom.hr\/en\/katalog\/kociona-celjust-fte-unimog-sa-rucnom-org\/","url":"https:\/\/sindicom.hr\/en\/katalog\/kociona-celjust-fte-unimog-sa-rucnom-org\/","name":"KO\u010cIONA \u010cELJUST S RU\u010cNOM 54 mm MERCEDES UNIMOG ATE OE - Sindicom","isPartOf":{"@id":"https:\/\/sindicom.hr\/en\/#website"},"primaryImageOfPage":{"@id":"https:\/\/sindicom.hr\/en\/katalog\/kociona-celjust-fte-unimog-sa-rucnom-org\/#primaryimage"},"image":{"@id":"https:\/\/sindicom.hr\/en\/katalog\/kociona-celjust-fte-unimog-sa-rucnom-org\/#primaryimage"},"thumbnailUrl":"https:\/\/sindicom.hr\/wp-content\/uploads\/2020\/05\/13.2544-0020.2-ATE-13254400202-ATE.webp","datePublished":"2020-05-11T08:41:33+00:00","dateModified":"2025-10-27T12:01:15+00:00","breadcrumb":{"@id":"https:\/\/sindicom.hr\/en\/katalog\/kociona-celjust-fte-unimog-sa-rucnom-org\/#breadcrumb"},"inLanguage":"en-US","potentialAction":[{"@type":"ReadAction","target":["https:\/\/sindicom.hr\/en\/katalog\/kociona-celjust-fte-unimog-sa-rucnom-org\/"]}]},{"@type":"ImageObject","inLanguage":"en-US","@id":"https:\/\/sindicom.hr\/en\/katalog\/kociona-celjust-fte-unimog-sa-rucnom-org\/#primaryimage","url":"https:\/\/sindicom.hr\/wp-content\/uploads\/2020\/05\/13.2544-0020.2-ATE-13254400202-ATE.webp","contentUrl":"https:\/\/sindicom.hr\/wp-content\/uploads\/2020\/05\/13.2544-0020.2-ATE-13254400202-ATE.webp","width":600,"height":600},{"@type":"BreadcrumbList","@id":"https:\/\/sindicom.hr\/en\/katalog\/kociona-celjust-fte-unimog-sa-rucnom-org\/#breadcrumb","itemListElement":[{"@type":"ListItem","position":1,"name":"Po\u010detna stranica","item":"https:\/\/sindicom.hr\/en\/"},{"@type":"ListItem","position":2,"name":"Katalog dijelova","item":"https:\/\/sindicom.hr\/en\/catalog\/"},{"@type":"ListItem","position":3,"name":"KO\u010cIONA \u010cELJUST S RU\u010cNOM 54 mm MERCEDES UNIMOG ATE OE"}]},{"@type":"WebSite","@id":"https:\/\/sindicom.hr\/en\/#website","url":"https:\/\/sindicom.hr\/en\/","name":"SINDICOM","description":"Trade and repair of pneumatic brakes, air and hydraulic systems for trucks and buses","publisher":{"@id":"https:\/\/sindicom.hr\/en\/#organization"},"potentialAction":[{"@type":"SearchAction","target":{"@type":"EntryPoint","urlTemplate":"https:\/\/sindicom.hr\/en\/?s={search_term_string}"},"query-input":{"@type":"PropertyValueSpecification","valueRequired":true,"valueName":"search_term_string"}}],"inLanguage":"en-US"},{"@type":"Organization","@id":"https:\/\/sindicom.hr\/en\/#organization","name":"SINDICOM d.o.o.","url":"https:\/\/sindicom.hr\/en\/","logo":{"@type":"ImageObject","inLanguage":"en-US","@id":"https:\/\/sindicom.hr\/en\/#\/schema\/logo\/image\/","url":"https:\/\/sindicom.hr\/wp-content\/uploads\/2019\/11\/sindicom_logo_veliki1.jpg.png","contentUrl":"https:\/\/sindicom.hr\/wp-content\/uploads\/2019\/11\/sindicom_logo_veliki1.jpg.png","width":732,"height":706,"caption":"SINDICOM d.o.o."},"image":{"@id":"https:\/\/sindicom.hr\/en\/#\/schema\/logo\/image\/"},"sameAs":["https:\/\/www.facebook.com\/Sindicom-doo-170277286366043\/","https:\/\/instagram.com\/sindicomdoo"]}]}},"_links":{"self":[{"href":"https:\/\/sindicom.hr\/en\/wp-json\/wp\/v2\/product\/16573","targetHints":{"allow":["GET"]}}],"collection":[{"href":"https:\/\/sindicom.hr\/en\/wp-json\/wp\/v2\/product"}],"about":[{"href":"https:\/\/sindicom.hr\/en\/wp-json\/wp\/v2\/types\/product"}],"wp:featuredmedia":[{"embeddable":true,"href":"https:\/\/sindicom.hr\/en\/wp-json\/wp\/v2\/media\/44304"}],"wp:attachment":[{"href":"https:\/\/sindicom.hr\/en\/wp-json\/wp\/v2\/media?parent=16573"}],"wp:term":[{"taxonomy":"product_brand","embeddable":true,"href":"https:\/\/sindicom.hr\/en\/wp-json\/wp\/v2\/product_brand?post=16573"},{"taxonomy":"product_cat","embeddable":true,"href":"https:\/\/sindicom.hr\/en\/wp-json\/wp\/v2\/product_cat?post=16573"},{"taxonomy":"product_tag","embeddable":true,"href":"https:\/\/sindicom.hr\/en\/wp-json\/wp\/v2\/product_tag?post=16573"}],"curies":[{"name":"wp","href":"https:\/\/api.w.org\/{rel}","templated":true}]}}