{"id":16657,"date":"2020-05-11T08:42:10","date_gmt":"2020-05-11T08:42:10","guid":{"rendered":"https:\/\/sindicom.hr\/katalog\/brzoispusni-ventil-knorr-m22-org\/"},"modified":"2026-02-12T11:25:17","modified_gmt":"2026-02-12T11:25:17","slug":"brzoispusni-ventil-knorr-m22-org","status":"publish","type":"product","link":"https:\/\/sindicom.hr\/en\/katalog\/brzoispusni-ventil-knorr-m22-org\/","title":{"rendered":"BRZOISPUSNI VENTIL M22x1,5 KNORR BREMSE OE"},"content":{"rendered":"<p>KX2000\/1 KNORR<br \/>\nRE2118 KNORR<br \/>\n9735000000 WABCO<br \/>\n9735000390 WABCO<br \/>\n9735000450 WABCO<br \/>\n4735012030 WABCO<br \/>\n4735010040 WABCO<br \/>\n4735010010 WABCO<br \/>\n4735010000 WABCO<br \/>\n9750020710 WABCO<br \/>\nII36015 KNORR<br \/>\nRE2130 KNORR<br \/>\nRE2118 KNORR<br \/>\nKX2000 KNORR<br \/>\n356006011 HALDEX<br \/>\n356001001 HALDEX<br \/>\n0481025002 BOSCH<br \/>\n0004292544 MERCEDES<br \/>\n0004294144 MERCEDES<br \/>\n0034299844 MERCEDES<br \/>\n0004290644 MERCEDES<br \/>\nA0004292544 MERCEDES<br \/>\nA0004294144 MERCEDES<br \/>\nA0034299844 MERCEDES<br \/>\nA0004290644 MERCEDES<br \/>\nA 000 429 25 44 MERCEDES<br \/>\nA 000 429 41 44 MERCEDES<br \/>\nA 003 429 98 44 MERCEDES<br \/>\nA 000 429 06 44 MERCEDES<br \/>\n0871661 DAF<br \/>\nAJA02351 FRUEHAUF<br \/>\nCF3509333 FRUEHAUF<br \/>\n04689595 IVECO<br \/>\n04759933 IVECO<br \/>\n4689595 IVECO<br \/>\n500037158 IVECO<br \/>\n81521156023 MAN<br \/>\nN2509990246 MAN<br \/>\n24733003 RVI<br \/>\n5021133536 RVI<br \/>\n5021148854 RVI<br \/>\n2254751 SCANIA<br \/>\n1135002 VOLVO<br \/>\nAL209663 JOHN DEERE<br \/>\n8-286-148-100 KASSBOHRER<br \/>\n820333870 CASE<br \/>\n0711960 DAF<br \/>\n533880 DAF<br \/>\n711960 DAF<br \/>\n0004294144 EVOBUS<br \/>\n8283070000 EVOBUS<br \/>\nA0004294144 EVOBUS<br \/>\nA0004294144002 EVOBUS<br \/>\nA8.283.070.000 EVOBUS<br \/>\n1614107 FAUN<br \/>\nS3516010B4Z FAW<br \/>\n1031 FAYMONVILLE LOGISTICS LUX<br \/>\n3C462A095A1A FORD<br \/>\nTDAS9735000000 FREIGHTLINER<br \/>\nCF350933 FRUEHAUF<br \/>\nF001971 FRUEHAUF<br \/>\n4759933 IRISBUS<br \/>\n5000035902 IRISBUS<br \/>\nU403004442ANC IRISBUS<br \/>\n8981722130 ISUZU<br \/>\nCK001I90020896 ISUZU<br \/>\n0004294144 IVECO<br \/>\n01299031 IVECO<br \/>\n02401835 IVECO<br \/>\n02461835 IVECO<br \/>\n03410525 IVECO<br \/>\n04689595 IVECO<br \/>\n04706259 IVECO<br \/>\n04759933 IVECO<br \/>\n1299031 IVECO<br \/>\n2401835 IVECO<br \/>\n2461835 IVECO<br \/>\n31273 IVECO<br \/>\n3307731R1 IVECO<br \/>\n3410525 IVECO<br \/>\n42021334 IVECO<br \/>\n42542744 IVECO<br \/>\n4689595 IVECO<br \/>\n4706259 IVECO<br \/>\n4759933 IVECO<br \/>\n5000035902 IVECO<br \/>\n60153200 IVECO<br \/>\n81521156009 IVECO<br \/>\n2480027 JOHN DEERE<br \/>\nAL154951 JOHN DEERE<br \/>\nWZ2480027 JOHN DEERE<br \/>\n21151103290 KASSBOHRER<br \/>\n8.283.070.000.0 KASSBOHRER<br \/>\nS973-500-000-0 KENWORTH<br \/>\n235500140 KING LONG GROUP<br \/>\n35G42-16010 KING LONG GROUP<br \/>\n77 391 KOGEL<br \/>\n5009453780 KRONE<br \/>\n945378 KRONE<br \/>\n90250 LIEBHERR<br \/>\n81521156009 MAN<br \/>\n81521156017 MAN<br \/>\n81521156018 MAN<br \/>\n81521156021 MAN<br \/>\n90810114192 MAN<br \/>\n99000350057 MAN<br \/>\n07129000 NEOPLAN<br \/>\n110267600 NEOPLAN<br \/>\n81521156009 NEOPLAN<br \/>\n403119X601 NISSAN<br \/>\n40311LA40A NISSAN<br \/>\n4821966920 RENAULT<br \/>\n5000035902 RENAULT<br \/>\n5021170465 RENAULT<br \/>\n4821966920 RVI<br \/>\n5000035902 RVI<br \/>\n5021170465 RVI<br \/>\n1339907 SCANIA<br \/>\n1912353 SCANIA<br \/>\n050312 SCHMITZ<br \/>\n50312 SCHMITZ<br \/>\n82830700000 SCHMITZ<br \/>\nINS0120047 SCHMITZ<br \/>\n4650 SCHWARZMULLER<br \/>\n1102145100 SOLARIS<br \/>\n890.00.36.0386 STEYR<br \/>\n990.99.35.0057 STEYR<br \/>\n99000 350057 STEYR<br \/>\n637200690 VAN HOOL<br \/>\n197146 VDL<br \/>\n20197146 VDL<br \/>\n28210605000 VDL<br \/>\n1505043 VOLVO<br \/>\n1581929 VOLVO<br \/>\n520531220A00 VOLVO<br \/>\nWA9735000000 VOLVO<br \/>\nWAB9735000000 VOLVO<br \/>\n600 607 350 VW<br \/>\n1013060 ZORZI<br \/>\n6.65158 DT<br \/>\n2221200 COJALI<br \/>\nSchnellablassventil<br \/>\nQuick Release Valve<br \/>\nRychloup\u00ednac\u00ed ventil<br \/>\nValvola di rilascio rapido<br \/>\nValve a d\u00e9gagement rapide<br \/>\nV\u00e1lvula de liberaci\u00f3n r\u00e1pida<\/p>\n","protected":false},"excerpt":{"rendered":"<p><img decoding=\"async\" class=\"alignnone size-medium wp-image-17705\" src=\"https:\/\/sindicom.hr\/wp-content\/uploads\/2020\/05\/knorr-bremse-300x300.png\" alt=\"\" width=\"300\" height=\"300\" srcset=\"https:\/\/sindicom.hr\/wp-content\/uploads\/2020\/05\/knorr-bremse-64x64.png 64w, https:\/\/sindicom.hr\/wp-content\/uploads\/2020\/05\/knorr-bremse-66x66.png 66w, https:\/\/sindicom.hr\/wp-content\/uploads\/2020\/05\/knorr-bremse-100x100.png 100w, https:\/\/sindicom.hr\/wp-content\/uploads\/2020\/05\/knorr-bremse-150x150.png 150w, https:\/\/sindicom.hr\/wp-content\/uploads\/2020\/05\/knorr-bremse-200x200.png 200w, https:\/\/sindicom.hr\/wp-content\/uploads\/2020\/05\/knorr-bremse.png 300w\" sizes=\"(max-width: 300px) 100vw, 300px\" \/><\/p>\n","protected":false},"featured_media":52700,"template":"","meta":{"inline_featured_image":false},"product_brand":[],"product_cat":[15,100,76,96,126,224,110,156,145,116,117,141,108,113,104,114,140,112,109,118,119,102,218,107,136,106,111,143],"product_tag":[],"class_list":{"0":"post-16657","1":"product","2":"type-product","3":"status-publish","4":"has-post-thumbnail","6":"product_cat-all-products","7":"product_cat-bova-vdl","8":"product_cat-brzoispusni-ventili","9":"product_cat-busevi","10":"product_cat-daf","11":"product_cat-isuzu","12":"product_cat-iveco-teretna-vozila","13":"product_cat-john-deere","14":"product_cat-kassbohrer","15":"product_cat-kogel","16":"product_cat-krone","17":"product_cat-liebherr","18":"product_cat-man-teretna-vozila","19":"product_cat-mercedes-teretna-vozila","20":"product_cat-neoplan","21":"product_cat-prikolice","22":"product_cat-radni-strojevi","23":"product_cat-renault","24":"product_cat-scania-teretna-vozila","25":"product_cat-schmitz","26":"product_cat-schwarzmuller","27":"product_cat-solaris","28":"product_cat-steyr-teretna-vozila","29":"product_cat-teretna-vozila","30":"product_cat-traktori","31":"product_cat-van-hool-eos","32":"product_cat-volvo","33":"product_cat-zorzi","35":"first","36":"instock","37":"shipping-taxable","38":"purchasable","39":"product-type-simple"},"yoast_head":"<!-- This site is optimized with the Yoast SEO plugin v26.2 - https:\/\/yoast.com\/wordpress\/plugins\/seo\/ -->\n<title>BRZOISPUSNI VENTIL M22x1,5 KNORR BREMSE OE - Sindicom<\/title>\n<meta name=\"robots\" content=\"index, follow, max-snippet:-1, max-image-preview:large, max-video-preview:-1\" \/>\n<link rel=\"canonical\" href=\"https:\/\/sindicom.hr\/en\/katalog\/brzoispusni-ventil-knorr-m22-org\/\" \/>\n<meta property=\"og:locale\" content=\"en_US\" \/>\n<meta property=\"og:type\" content=\"article\" \/>\n<meta property=\"og:title\" content=\"BRZOISPUSNI VENTIL M22x1,5 KNORR BREMSE OE - Sindicom\" \/>\n<meta property=\"og:url\" content=\"https:\/\/sindicom.hr\/en\/katalog\/brzoispusni-ventil-knorr-m22-org\/\" \/>\n<meta property=\"og:site_name\" content=\"Sindicom\" \/>\n<meta property=\"article:publisher\" content=\"https:\/\/www.facebook.com\/Sindicom-doo-170277286366043\/\" \/>\n<meta property=\"article:modified_time\" content=\"2026-02-12T11:25:17+00:00\" \/>\n<meta property=\"og:image\" content=\"https:\/\/sindicom.hr\/wp-content\/uploads\/2020\/05\/KX2000-1.webp\" \/>\n\t<meta property=\"og:image:width\" content=\"1600\" \/>\n\t<meta property=\"og:image:height\" content=\"900\" \/>\n\t<meta property=\"og:image:type\" content=\"image\/webp\" \/>\n<meta name=\"twitter:card\" content=\"summary_large_image\" \/>\n<meta name=\"twitter:label1\" content=\"Est. reading time\" \/>\n\t<meta name=\"twitter:data1\" content=\"3 minutes\" \/>\n<script type=\"application\/ld+json\" class=\"yoast-schema-graph\">{\"@context\":\"https:\/\/schema.org\",\"@graph\":[{\"@type\":\"WebPage\",\"@id\":\"https:\/\/sindicom.hr\/en\/katalog\/brzoispusni-ventil-knorr-m22-org\/\",\"url\":\"https:\/\/sindicom.hr\/en\/katalog\/brzoispusni-ventil-knorr-m22-org\/\",\"name\":\"BRZOISPUSNI VENTIL M22x1,5 KNORR BREMSE OE - Sindicom\",\"isPartOf\":{\"@id\":\"https:\/\/sindicom.hr\/en\/#website\"},\"primaryImageOfPage\":{\"@id\":\"https:\/\/sindicom.hr\/en\/katalog\/brzoispusni-ventil-knorr-m22-org\/#primaryimage\"},\"image\":{\"@id\":\"https:\/\/sindicom.hr\/en\/katalog\/brzoispusni-ventil-knorr-m22-org\/#primaryimage\"},\"thumbnailUrl\":\"https:\/\/sindicom.hr\/wp-content\/uploads\/2020\/05\/KX2000-1.webp\",\"datePublished\":\"2020-05-11T08:42:10+00:00\",\"dateModified\":\"2026-02-12T11:25:17+00:00\",\"breadcrumb\":{\"@id\":\"https:\/\/sindicom.hr\/en\/katalog\/brzoispusni-ventil-knorr-m22-org\/#breadcrumb\"},\"inLanguage\":\"en-US\",\"potentialAction\":[{\"@type\":\"ReadAction\",\"target\":[\"https:\/\/sindicom.hr\/en\/katalog\/brzoispusni-ventil-knorr-m22-org\/\"]}]},{\"@type\":\"ImageObject\",\"inLanguage\":\"en-US\",\"@id\":\"https:\/\/sindicom.hr\/en\/katalog\/brzoispusni-ventil-knorr-m22-org\/#primaryimage\",\"url\":\"https:\/\/sindicom.hr\/wp-content\/uploads\/2020\/05\/KX2000-1.webp\",\"contentUrl\":\"https:\/\/sindicom.hr\/wp-content\/uploads\/2020\/05\/KX2000-1.webp\",\"width\":1600,\"height\":900},{\"@type\":\"BreadcrumbList\",\"@id\":\"https:\/\/sindicom.hr\/en\/katalog\/brzoispusni-ventil-knorr-m22-org\/#breadcrumb\",\"itemListElement\":[{\"@type\":\"ListItem\",\"position\":1,\"name\":\"Po\u010detna stranica\",\"item\":\"https:\/\/sindicom.hr\/en\/\"},{\"@type\":\"ListItem\",\"position\":2,\"name\":\"Katalog dijelova\",\"item\":\"https:\/\/sindicom.hr\/en\/catalog\/\"},{\"@type\":\"ListItem\",\"position\":3,\"name\":\"BRZOISPUSNI VENTIL M22x1,5 KNORR BREMSE OE\"}]},{\"@type\":\"WebSite\",\"@id\":\"https:\/\/sindicom.hr\/en\/#website\",\"url\":\"https:\/\/sindicom.hr\/en\/\",\"name\":\"SINDICOM\",\"description\":\"Trade and repair of pneumatic brakes, air and hydraulic systems for trucks and buses\",\"publisher\":{\"@id\":\"https:\/\/sindicom.hr\/en\/#organization\"},\"potentialAction\":[{\"@type\":\"SearchAction\",\"target\":{\"@type\":\"EntryPoint\",\"urlTemplate\":\"https:\/\/sindicom.hr\/en\/?s={search_term_string}\"},\"query-input\":{\"@type\":\"PropertyValueSpecification\",\"valueRequired\":true,\"valueName\":\"search_term_string\"}}],\"inLanguage\":\"en-US\"},{\"@type\":\"Organization\",\"@id\":\"https:\/\/sindicom.hr\/en\/#organization\",\"name\":\"SINDICOM d.o.o.\",\"url\":\"https:\/\/sindicom.hr\/en\/\",\"logo\":{\"@type\":\"ImageObject\",\"inLanguage\":\"en-US\",\"@id\":\"https:\/\/sindicom.hr\/en\/#\/schema\/logo\/image\/\",\"url\":\"https:\/\/sindicom.hr\/wp-content\/uploads\/2019\/11\/sindicom_logo_veliki1.jpg.png\",\"contentUrl\":\"https:\/\/sindicom.hr\/wp-content\/uploads\/2019\/11\/sindicom_logo_veliki1.jpg.png\",\"width\":732,\"height\":706,\"caption\":\"SINDICOM d.o.o.\"},\"image\":{\"@id\":\"https:\/\/sindicom.hr\/en\/#\/schema\/logo\/image\/\"},\"sameAs\":[\"https:\/\/www.facebook.com\/Sindicom-doo-170277286366043\/\",\"https:\/\/instagram.com\/sindicomdoo\"]}]}<\/script>\n<!-- \/ Yoast SEO plugin. -->","yoast_head_json":{"title":"BRZOISPUSNI VENTIL M22x1,5 KNORR BREMSE OE - Sindicom","robots":{"index":"index","follow":"follow","max-snippet":"max-snippet:-1","max-image-preview":"max-image-preview:large","max-video-preview":"max-video-preview:-1"},"canonical":"https:\/\/sindicom.hr\/en\/katalog\/brzoispusni-ventil-knorr-m22-org\/","og_locale":"en_US","og_type":"article","og_title":"BRZOISPUSNI VENTIL M22x1,5 KNORR BREMSE OE - Sindicom","og_url":"https:\/\/sindicom.hr\/en\/katalog\/brzoispusni-ventil-knorr-m22-org\/","og_site_name":"Sindicom","article_publisher":"https:\/\/www.facebook.com\/Sindicom-doo-170277286366043\/","article_modified_time":"2026-02-12T11:25:17+00:00","og_image":[{"width":1600,"height":900,"url":"https:\/\/sindicom.hr\/wp-content\/uploads\/2020\/05\/KX2000-1.webp","type":"image\/webp"}],"twitter_card":"summary_large_image","twitter_misc":{"Est. reading time":"3 minutes"},"schema":{"@context":"https:\/\/schema.org","@graph":[{"@type":"WebPage","@id":"https:\/\/sindicom.hr\/en\/katalog\/brzoispusni-ventil-knorr-m22-org\/","url":"https:\/\/sindicom.hr\/en\/katalog\/brzoispusni-ventil-knorr-m22-org\/","name":"BRZOISPUSNI VENTIL M22x1,5 KNORR BREMSE OE - Sindicom","isPartOf":{"@id":"https:\/\/sindicom.hr\/en\/#website"},"primaryImageOfPage":{"@id":"https:\/\/sindicom.hr\/en\/katalog\/brzoispusni-ventil-knorr-m22-org\/#primaryimage"},"image":{"@id":"https:\/\/sindicom.hr\/en\/katalog\/brzoispusni-ventil-knorr-m22-org\/#primaryimage"},"thumbnailUrl":"https:\/\/sindicom.hr\/wp-content\/uploads\/2020\/05\/KX2000-1.webp","datePublished":"2020-05-11T08:42:10+00:00","dateModified":"2026-02-12T11:25:17+00:00","breadcrumb":{"@id":"https:\/\/sindicom.hr\/en\/katalog\/brzoispusni-ventil-knorr-m22-org\/#breadcrumb"},"inLanguage":"en-US","potentialAction":[{"@type":"ReadAction","target":["https:\/\/sindicom.hr\/en\/katalog\/brzoispusni-ventil-knorr-m22-org\/"]}]},{"@type":"ImageObject","inLanguage":"en-US","@id":"https:\/\/sindicom.hr\/en\/katalog\/brzoispusni-ventil-knorr-m22-org\/#primaryimage","url":"https:\/\/sindicom.hr\/wp-content\/uploads\/2020\/05\/KX2000-1.webp","contentUrl":"https:\/\/sindicom.hr\/wp-content\/uploads\/2020\/05\/KX2000-1.webp","width":1600,"height":900},{"@type":"BreadcrumbList","@id":"https:\/\/sindicom.hr\/en\/katalog\/brzoispusni-ventil-knorr-m22-org\/#breadcrumb","itemListElement":[{"@type":"ListItem","position":1,"name":"Po\u010detna stranica","item":"https:\/\/sindicom.hr\/en\/"},{"@type":"ListItem","position":2,"name":"Katalog dijelova","item":"https:\/\/sindicom.hr\/en\/catalog\/"},{"@type":"ListItem","position":3,"name":"BRZOISPUSNI VENTIL M22x1,5 KNORR BREMSE OE"}]},{"@type":"WebSite","@id":"https:\/\/sindicom.hr\/en\/#website","url":"https:\/\/sindicom.hr\/en\/","name":"SINDICOM","description":"Trade and repair of pneumatic brakes, air and hydraulic systems for trucks and buses","publisher":{"@id":"https:\/\/sindicom.hr\/en\/#organization"},"potentialAction":[{"@type":"SearchAction","target":{"@type":"EntryPoint","urlTemplate":"https:\/\/sindicom.hr\/en\/?s={search_term_string}"},"query-input":{"@type":"PropertyValueSpecification","valueRequired":true,"valueName":"search_term_string"}}],"inLanguage":"en-US"},{"@type":"Organization","@id":"https:\/\/sindicom.hr\/en\/#organization","name":"SINDICOM d.o.o.","url":"https:\/\/sindicom.hr\/en\/","logo":{"@type":"ImageObject","inLanguage":"en-US","@id":"https:\/\/sindicom.hr\/en\/#\/schema\/logo\/image\/","url":"https:\/\/sindicom.hr\/wp-content\/uploads\/2019\/11\/sindicom_logo_veliki1.jpg.png","contentUrl":"https:\/\/sindicom.hr\/wp-content\/uploads\/2019\/11\/sindicom_logo_veliki1.jpg.png","width":732,"height":706,"caption":"SINDICOM d.o.o."},"image":{"@id":"https:\/\/sindicom.hr\/en\/#\/schema\/logo\/image\/"},"sameAs":["https:\/\/www.facebook.com\/Sindicom-doo-170277286366043\/","https:\/\/instagram.com\/sindicomdoo"]}]}},"_links":{"self":[{"href":"https:\/\/sindicom.hr\/en\/wp-json\/wp\/v2\/product\/16657","targetHints":{"allow":["GET"]}}],"collection":[{"href":"https:\/\/sindicom.hr\/en\/wp-json\/wp\/v2\/product"}],"about":[{"href":"https:\/\/sindicom.hr\/en\/wp-json\/wp\/v2\/types\/product"}],"wp:featuredmedia":[{"embeddable":true,"href":"https:\/\/sindicom.hr\/en\/wp-json\/wp\/v2\/media\/52700"}],"wp:attachment":[{"href":"https:\/\/sindicom.hr\/en\/wp-json\/wp\/v2\/media?parent=16657"}],"wp:term":[{"taxonomy":"product_brand","embeddable":true,"href":"https:\/\/sindicom.hr\/en\/wp-json\/wp\/v2\/product_brand?post=16657"},{"taxonomy":"product_cat","embeddable":true,"href":"https:\/\/sindicom.hr\/en\/wp-json\/wp\/v2\/product_cat?post=16657"},{"taxonomy":"product_tag","embeddable":true,"href":"https:\/\/sindicom.hr\/en\/wp-json\/wp\/v2\/product_tag?post=16657"}],"curies":[{"name":"wp","href":"https:\/\/api.w.org\/{rel}","templated":true}]}}