{"id":16726,"date":"2020-05-11T08:42:33","date_gmt":"2020-05-11T08:42:33","guid":{"rendered":"https:\/\/sindicom.hr\/katalog\/regulator-pritiska-zraka-8-1-8-11-b-agis-haldex-org\/"},"modified":"2025-10-27T12:02:13","modified_gmt":"2025-10-27T12:02:13","slug":"regulator-pritiska-zraka-8-1-8-11-b-agis-haldex-org","status":"publish","type":"product","link":"https:\/\/sindicom.hr\/en\/katalog\/regulator-pritiska-zraka-8-1-8-11-b-agis-haldex-org\/","title":{"rendered":"REGULATOR PRITISKA ZRAKA 8.1 b 8-11 b AGIS HALDEX OE"},"content":{"rendered":"<p>312029014 HALDEX  330300401 HALDEX  312041011 HALDEX  312029012 HALDEX  312029012 GRAU HALDEX  9753034730 WABCO  9753034737 WABCO  9753034650 WABCO  9753001100 WABCO  9753030600 WABCO  9753034470 WABCO  9753034430 WABCO  9753034600 WABCO  AC135BZ KNORR  DR3500 KNORR  DR3200 KNORR  DR3214 KNORR  DR3510 KNORR  DR3570 KNORR  DR3565 KNORR  DR3548 KNORR  DR3546 KNORR  II17239 KNORR  312013014 HALDEX  312013514 HALDEX  330300102 HALDEX  330350102 HALDEX  312041011 HALDEX  0481039201000 KNORR  0481039223000 KNORR  0481039235000 KNORR  0481039265000 KNORR  0481039264000 KNORR  0481039248000 KNORR  0481039247000 KNORR  0481622294000 KNORR  0481622292000 KNORR  312043001 HALDEX  330302801 HALDEX  330352801 HALDEX  312043021 HALDEX  820010150 CASE  1506504 DAF  4434820 DEUTZ  42085762 IVECO  32409540 TEREX  81521016083 MAN  81521016085 MAN  81521016112 MAN  81521016114 MAN  81.52101-6083 MAN  81.52101-6085 MAN  81.52101-6112 MAN  81.52101-6114 MAN  79100360070 STEYR  99100360002 STEYR  79100360002 STEYR  791.00.36.0002 STEYR  791.00.36.0070 STEYR  991.00.36.0002 STEYR  AL112538 JOHN DEERE  G822880020150 FENDT  G822.880.020.150 FENDT  8.283.657.000 EVOBUS  A0024314906 EVOBUS  0024314906 MERCEDES  0014310006 MERCEDES  0024313406 MERCEDES  0024314306 MERCEDES  0014311206 MERCEDES  0024318306 MERCEDES  0024315206 MERCEDES  A0024314906 MERCEDES  A0014310006 MERCEDES  A0024313406 MERCEDES  A0024314306 MERCEDES  A0014311206 MERCEDES  A0024318306 MERCEDES  A0024315206 MERCEDES  4.60858 DT  38124 FEBI  Governor and Unloader  Unloader  Druckregler  Valvola di scarico  V\u00e1lvula de descarga  Od\u013eah\u010dovac\u00ed ventil  Soupape de d\u00e9charge  Pressure regulator  Pressure control valve  Druckregler  Druckregelventil  Regolatore di pressione  Valvola di controllo della pressione  Regulador de presi\u00f3n  V\u00e1lvula de control de presi\u00f3n  Drukregelaar  Drukregelventiel<\/p>\n","protected":false},"excerpt":{"rendered":"<p><img decoding=\"async\" class=\"alignnone size-medium wp-image-17704\" src=\"https:\/\/sindicom.hr\/wp-content\/uploads\/2020\/05\/haldex-300x300.png\" alt=\"\" width=\"300\" height=\"300\" srcset=\"https:\/\/sindicom.hr\/wp-content\/uploads\/2020\/05\/haldex-64x64.png 64w, https:\/\/sindicom.hr\/wp-content\/uploads\/2020\/05\/haldex-66x66.png 66w, https:\/\/sindicom.hr\/wp-content\/uploads\/2020\/05\/haldex-100x100.png 100w, https:\/\/sindicom.hr\/wp-content\/uploads\/2020\/05\/haldex-150x150.png 150w, https:\/\/sindicom.hr\/wp-content\/uploads\/2020\/05\/haldex-200x200.png 200w, https:\/\/sindicom.hr\/wp-content\/uploads\/2020\/05\/haldex.png 300w\" sizes=\"(max-width: 300px) 100vw, 300px\" \/><\/p>\n","protected":false},"featured_media":33787,"template":"","meta":{"inline_featured_image":false},"product_brand":[],"product_cat":[15,198],"product_tag":[],"class_list":{"0":"post-16726","1":"product","2":"type-product","3":"status-publish","4":"has-post-thumbnail","6":"product_cat-all-products","7":"product_cat-regulator-pritiska-zraka","9":"first","10":"instock","11":"shipping-taxable","12":"purchasable","13":"product-type-simple"},"yoast_head":"<!-- This site is optimized with the Yoast SEO plugin v26.2 - https:\/\/yoast.com\/wordpress\/plugins\/seo\/ -->\n<title>REGULATOR PRITISKA ZRAKA 8.1 b 8-11 b AGIS HALDEX OE - Sindicom<\/title>\n<meta name=\"robots\" content=\"index, follow, max-snippet:-1, max-image-preview:large, max-video-preview:-1\" \/>\n<link rel=\"canonical\" href=\"https:\/\/sindicom.hr\/en\/katalog\/regulator-pritiska-zraka-8-1-8-11-b-agis-haldex-org\/\" \/>\n<meta property=\"og:locale\" content=\"en_US\" \/>\n<meta property=\"og:type\" content=\"article\" \/>\n<meta property=\"og:title\" content=\"REGULATOR PRITISKA ZRAKA 8.1 b 8-11 b AGIS HALDEX OE - Sindicom\" \/>\n<meta property=\"og:url\" content=\"https:\/\/sindicom.hr\/en\/katalog\/regulator-pritiska-zraka-8-1-8-11-b-agis-haldex-org\/\" \/>\n<meta property=\"og:site_name\" content=\"Sindicom\" \/>\n<meta property=\"article:publisher\" content=\"https:\/\/www.facebook.com\/Sindicom-doo-170277286366043\/\" \/>\n<meta property=\"article:modified_time\" content=\"2025-10-27T12:02:13+00:00\" \/>\n<meta property=\"og:image\" content=\"https:\/\/sindicom.hr\/wp-content\/uploads\/2020\/05\/312029014-HALDEX-330300401-3.webp\" \/>\n\t<meta property=\"og:image:width\" content=\"600\" \/>\n\t<meta property=\"og:image:height\" content=\"600\" \/>\n\t<meta property=\"og:image:type\" content=\"image\/webp\" \/>\n<meta name=\"twitter:card\" content=\"summary_large_image\" \/>\n<meta name=\"twitter:label1\" content=\"Est. reading time\" \/>\n\t<meta name=\"twitter:data1\" content=\"1 minute\" \/>\n<script type=\"application\/ld+json\" class=\"yoast-schema-graph\">{\"@context\":\"https:\/\/schema.org\",\"@graph\":[{\"@type\":\"WebPage\",\"@id\":\"https:\/\/sindicom.hr\/en\/katalog\/regulator-pritiska-zraka-8-1-8-11-b-agis-haldex-org\/\",\"url\":\"https:\/\/sindicom.hr\/en\/katalog\/regulator-pritiska-zraka-8-1-8-11-b-agis-haldex-org\/\",\"name\":\"REGULATOR PRITISKA ZRAKA 8.1 b 8-11 b AGIS HALDEX OE - Sindicom\",\"isPartOf\":{\"@id\":\"https:\/\/sindicom.hr\/en\/#website\"},\"primaryImageOfPage\":{\"@id\":\"https:\/\/sindicom.hr\/en\/katalog\/regulator-pritiska-zraka-8-1-8-11-b-agis-haldex-org\/#primaryimage\"},\"image\":{\"@id\":\"https:\/\/sindicom.hr\/en\/katalog\/regulator-pritiska-zraka-8-1-8-11-b-agis-haldex-org\/#primaryimage\"},\"thumbnailUrl\":\"https:\/\/sindicom.hr\/wp-content\/uploads\/2020\/05\/312029014-HALDEX-330300401-3.webp\",\"datePublished\":\"2020-05-11T08:42:33+00:00\",\"dateModified\":\"2025-10-27T12:02:13+00:00\",\"breadcrumb\":{\"@id\":\"https:\/\/sindicom.hr\/en\/katalog\/regulator-pritiska-zraka-8-1-8-11-b-agis-haldex-org\/#breadcrumb\"},\"inLanguage\":\"en-US\",\"potentialAction\":[{\"@type\":\"ReadAction\",\"target\":[\"https:\/\/sindicom.hr\/en\/katalog\/regulator-pritiska-zraka-8-1-8-11-b-agis-haldex-org\/\"]}]},{\"@type\":\"ImageObject\",\"inLanguage\":\"en-US\",\"@id\":\"https:\/\/sindicom.hr\/en\/katalog\/regulator-pritiska-zraka-8-1-8-11-b-agis-haldex-org\/#primaryimage\",\"url\":\"https:\/\/sindicom.hr\/wp-content\/uploads\/2020\/05\/312029014-HALDEX-330300401-3.webp\",\"contentUrl\":\"https:\/\/sindicom.hr\/wp-content\/uploads\/2020\/05\/312029014-HALDEX-330300401-3.webp\",\"width\":600,\"height\":600},{\"@type\":\"BreadcrumbList\",\"@id\":\"https:\/\/sindicom.hr\/en\/katalog\/regulator-pritiska-zraka-8-1-8-11-b-agis-haldex-org\/#breadcrumb\",\"itemListElement\":[{\"@type\":\"ListItem\",\"position\":1,\"name\":\"Po\u010detna stranica\",\"item\":\"https:\/\/sindicom.hr\/en\/\"},{\"@type\":\"ListItem\",\"position\":2,\"name\":\"Katalog dijelova\",\"item\":\"https:\/\/sindicom.hr\/en\/catalog\/\"},{\"@type\":\"ListItem\",\"position\":3,\"name\":\"REGULATOR PRITISKA ZRAKA 8.1 b 8-11 b AGIS HALDEX OE\"}]},{\"@type\":\"WebSite\",\"@id\":\"https:\/\/sindicom.hr\/en\/#website\",\"url\":\"https:\/\/sindicom.hr\/en\/\",\"name\":\"SINDICOM\",\"description\":\"Trade and repair of pneumatic brakes, air and hydraulic systems for trucks and buses\",\"publisher\":{\"@id\":\"https:\/\/sindicom.hr\/en\/#organization\"},\"potentialAction\":[{\"@type\":\"SearchAction\",\"target\":{\"@type\":\"EntryPoint\",\"urlTemplate\":\"https:\/\/sindicom.hr\/en\/?s={search_term_string}\"},\"query-input\":{\"@type\":\"PropertyValueSpecification\",\"valueRequired\":true,\"valueName\":\"search_term_string\"}}],\"inLanguage\":\"en-US\"},{\"@type\":\"Organization\",\"@id\":\"https:\/\/sindicom.hr\/en\/#organization\",\"name\":\"SINDICOM d.o.o.\",\"url\":\"https:\/\/sindicom.hr\/en\/\",\"logo\":{\"@type\":\"ImageObject\",\"inLanguage\":\"en-US\",\"@id\":\"https:\/\/sindicom.hr\/en\/#\/schema\/logo\/image\/\",\"url\":\"https:\/\/sindicom.hr\/wp-content\/uploads\/2019\/11\/sindicom_logo_veliki1.jpg.png\",\"contentUrl\":\"https:\/\/sindicom.hr\/wp-content\/uploads\/2019\/11\/sindicom_logo_veliki1.jpg.png\",\"width\":732,\"height\":706,\"caption\":\"SINDICOM d.o.o.\"},\"image\":{\"@id\":\"https:\/\/sindicom.hr\/en\/#\/schema\/logo\/image\/\"},\"sameAs\":[\"https:\/\/www.facebook.com\/Sindicom-doo-170277286366043\/\",\"https:\/\/instagram.com\/sindicomdoo\"]}]}<\/script>\n<!-- \/ Yoast SEO plugin. -->","yoast_head_json":{"title":"REGULATOR PRITISKA ZRAKA 8.1 b 8-11 b AGIS HALDEX OE - Sindicom","robots":{"index":"index","follow":"follow","max-snippet":"max-snippet:-1","max-image-preview":"max-image-preview:large","max-video-preview":"max-video-preview:-1"},"canonical":"https:\/\/sindicom.hr\/en\/katalog\/regulator-pritiska-zraka-8-1-8-11-b-agis-haldex-org\/","og_locale":"en_US","og_type":"article","og_title":"REGULATOR PRITISKA ZRAKA 8.1 b 8-11 b AGIS HALDEX OE - Sindicom","og_url":"https:\/\/sindicom.hr\/en\/katalog\/regulator-pritiska-zraka-8-1-8-11-b-agis-haldex-org\/","og_site_name":"Sindicom","article_publisher":"https:\/\/www.facebook.com\/Sindicom-doo-170277286366043\/","article_modified_time":"2025-10-27T12:02:13+00:00","og_image":[{"width":600,"height":600,"url":"https:\/\/sindicom.hr\/wp-content\/uploads\/2020\/05\/312029014-HALDEX-330300401-3.webp","type":"image\/webp"}],"twitter_card":"summary_large_image","twitter_misc":{"Est. reading time":"1 minute"},"schema":{"@context":"https:\/\/schema.org","@graph":[{"@type":"WebPage","@id":"https:\/\/sindicom.hr\/en\/katalog\/regulator-pritiska-zraka-8-1-8-11-b-agis-haldex-org\/","url":"https:\/\/sindicom.hr\/en\/katalog\/regulator-pritiska-zraka-8-1-8-11-b-agis-haldex-org\/","name":"REGULATOR PRITISKA ZRAKA 8.1 b 8-11 b AGIS HALDEX OE - Sindicom","isPartOf":{"@id":"https:\/\/sindicom.hr\/en\/#website"},"primaryImageOfPage":{"@id":"https:\/\/sindicom.hr\/en\/katalog\/regulator-pritiska-zraka-8-1-8-11-b-agis-haldex-org\/#primaryimage"},"image":{"@id":"https:\/\/sindicom.hr\/en\/katalog\/regulator-pritiska-zraka-8-1-8-11-b-agis-haldex-org\/#primaryimage"},"thumbnailUrl":"https:\/\/sindicom.hr\/wp-content\/uploads\/2020\/05\/312029014-HALDEX-330300401-3.webp","datePublished":"2020-05-11T08:42:33+00:00","dateModified":"2025-10-27T12:02:13+00:00","breadcrumb":{"@id":"https:\/\/sindicom.hr\/en\/katalog\/regulator-pritiska-zraka-8-1-8-11-b-agis-haldex-org\/#breadcrumb"},"inLanguage":"en-US","potentialAction":[{"@type":"ReadAction","target":["https:\/\/sindicom.hr\/en\/katalog\/regulator-pritiska-zraka-8-1-8-11-b-agis-haldex-org\/"]}]},{"@type":"ImageObject","inLanguage":"en-US","@id":"https:\/\/sindicom.hr\/en\/katalog\/regulator-pritiska-zraka-8-1-8-11-b-agis-haldex-org\/#primaryimage","url":"https:\/\/sindicom.hr\/wp-content\/uploads\/2020\/05\/312029014-HALDEX-330300401-3.webp","contentUrl":"https:\/\/sindicom.hr\/wp-content\/uploads\/2020\/05\/312029014-HALDEX-330300401-3.webp","width":600,"height":600},{"@type":"BreadcrumbList","@id":"https:\/\/sindicom.hr\/en\/katalog\/regulator-pritiska-zraka-8-1-8-11-b-agis-haldex-org\/#breadcrumb","itemListElement":[{"@type":"ListItem","position":1,"name":"Po\u010detna stranica","item":"https:\/\/sindicom.hr\/en\/"},{"@type":"ListItem","position":2,"name":"Katalog dijelova","item":"https:\/\/sindicom.hr\/en\/catalog\/"},{"@type":"ListItem","position":3,"name":"REGULATOR PRITISKA ZRAKA 8.1 b 8-11 b AGIS HALDEX OE"}]},{"@type":"WebSite","@id":"https:\/\/sindicom.hr\/en\/#website","url":"https:\/\/sindicom.hr\/en\/","name":"SINDICOM","description":"Trade and repair of pneumatic brakes, air and hydraulic systems for trucks and buses","publisher":{"@id":"https:\/\/sindicom.hr\/en\/#organization"},"potentialAction":[{"@type":"SearchAction","target":{"@type":"EntryPoint","urlTemplate":"https:\/\/sindicom.hr\/en\/?s={search_term_string}"},"query-input":{"@type":"PropertyValueSpecification","valueRequired":true,"valueName":"search_term_string"}}],"inLanguage":"en-US"},{"@type":"Organization","@id":"https:\/\/sindicom.hr\/en\/#organization","name":"SINDICOM d.o.o.","url":"https:\/\/sindicom.hr\/en\/","logo":{"@type":"ImageObject","inLanguage":"en-US","@id":"https:\/\/sindicom.hr\/en\/#\/schema\/logo\/image\/","url":"https:\/\/sindicom.hr\/wp-content\/uploads\/2019\/11\/sindicom_logo_veliki1.jpg.png","contentUrl":"https:\/\/sindicom.hr\/wp-content\/uploads\/2019\/11\/sindicom_logo_veliki1.jpg.png","width":732,"height":706,"caption":"SINDICOM d.o.o."},"image":{"@id":"https:\/\/sindicom.hr\/en\/#\/schema\/logo\/image\/"},"sameAs":["https:\/\/www.facebook.com\/Sindicom-doo-170277286366043\/","https:\/\/instagram.com\/sindicomdoo"]}]}},"_links":{"self":[{"href":"https:\/\/sindicom.hr\/en\/wp-json\/wp\/v2\/product\/16726","targetHints":{"allow":["GET"]}}],"collection":[{"href":"https:\/\/sindicom.hr\/en\/wp-json\/wp\/v2\/product"}],"about":[{"href":"https:\/\/sindicom.hr\/en\/wp-json\/wp\/v2\/types\/product"}],"wp:featuredmedia":[{"embeddable":true,"href":"https:\/\/sindicom.hr\/en\/wp-json\/wp\/v2\/media\/33787"}],"wp:attachment":[{"href":"https:\/\/sindicom.hr\/en\/wp-json\/wp\/v2\/media?parent=16726"}],"wp:term":[{"taxonomy":"product_brand","embeddable":true,"href":"https:\/\/sindicom.hr\/en\/wp-json\/wp\/v2\/product_brand?post=16726"},{"taxonomy":"product_cat","embeddable":true,"href":"https:\/\/sindicom.hr\/en\/wp-json\/wp\/v2\/product_cat?post=16726"},{"taxonomy":"product_tag","embeddable":true,"href":"https:\/\/sindicom.hr\/en\/wp-json\/wp\/v2\/product_tag?post=16726"}],"curies":[{"name":"wp","href":"https:\/\/api.w.org\/{rel}","templated":true}]}}