{"id":16727,"date":"2020-05-11T08:42:36","date_gmt":"2020-05-11T08:42:36","guid":{"rendered":"https:\/\/sindicom.hr\/katalog\/ventil-rucne-kocnice-agis-haldex-org\/"},"modified":"2025-10-27T12:02:13","modified_gmt":"2025-10-27T12:02:13","slug":"ventil-rucne-kocnice-agis-haldex-org","status":"publish","type":"product","link":"https:\/\/sindicom.hr\/en\/katalog\/ventil-rucne-kocnice-agis-haldex-org\/","title":{"rendered":"VENTIL RU\u010cNE KO\u010cNICE 4 PRIKLJU\u010cKA PPT AGIS HALDEX OE"},"content":{"rendered":"<p>328012031 HALDEX  9617020040 WABCO  9617020047 WABCO  9617020010 WABCO  9617020017 WABCO  9617020050 WABCO  9617020057 WABCO  9617020060 WABCO  328012031 HALDEX  328012531 HALDEX  330700901 HALDEX  330750901 HALDEX  1519235 DAF  0360774R DAF  1518213 DAF  360744 DAF  04464974 IVECO  42001796 IVECO  42070733 IVECO  4464974 IVECO  60108271 IVECO  09962450 IVECO  8157863 IVECO  8787592 IVECO  1935539 SCANIA  57621740 KOMATSU  5029657 LIEBHERR  5029 657 LIEBHERR  99100360010 STEYR  85500014331 MAN  99100360010 MAN  81523156211 MAN  5021170415 RENAULT  0004305781 MERCEDES  A0004305781 MERCEDES  A 000 430 57 81 MERCEDES  0014300581 MERCEDES  A0014300581 MERCEDES  A 001 430 05 81 MERCEDES  A00043085810080 MERCEDES  0176628 VOLVO  1509055 VOLVO  1593863 VOLVO  4695730 VOLVO  8157863 VOLVO  4.61788 DT  35260080020 SORL  35260080030 SORL  Hand brake valve<\/p>\n","protected":false},"excerpt":{"rendered":"<p><img decoding=\"async\" class=\"alignnone size-full wp-image-17695\" src=\"https:\/\/sindicom.hr\/wp-content\/uploads\/2020\/05\/agis-zavore.png\" alt=\"\" width=\"300\" height=\"300\" srcset=\"https:\/\/sindicom.hr\/wp-content\/uploads\/2020\/05\/agis-zavore-64x64.png 64w, https:\/\/sindicom.hr\/wp-content\/uploads\/2020\/05\/agis-zavore-66x66.png 66w, https:\/\/sindicom.hr\/wp-content\/uploads\/2020\/05\/agis-zavore-100x100.png 100w, https:\/\/sindicom.hr\/wp-content\/uploads\/2020\/05\/agis-zavore-150x150.png 150w, https:\/\/sindicom.hr\/wp-content\/uploads\/2020\/05\/agis-zavore-200x200.png 200w, https:\/\/sindicom.hr\/wp-content\/uploads\/2020\/05\/agis-zavore.png 300w\" sizes=\"(max-width: 300px) 100vw, 300px\" \/><\/p>\n","protected":false},"featured_media":12342,"template":"","meta":{"inline_featured_image":false},"product_brand":[],"product_cat":[15,96,126,101,110,108,113,105,112,109,144,107,70,111],"product_tag":[],"class_list":{"0":"post-16727","1":"product","2":"type-product","3":"status-publish","4":"has-post-thumbnail","6":"product_cat-all-products","7":"product_cat-busevi","8":"product_cat-daf","9":"product_cat-evobus","10":"product_cat-iveco-teretna-vozila","11":"product_cat-man-teretna-vozila","12":"product_cat-mercedes-teretna-vozila","13":"product_cat-mercedes","14":"product_cat-renault","15":"product_cat-scania-teretna-vozila","16":"product_cat-tam","17":"product_cat-teretna-vozila","18":"product_cat-ventili-rucne-kocnice","19":"product_cat-volvo","21":"first","22":"instock","23":"shipping-taxable","24":"purchasable","25":"product-type-simple"},"yoast_head":"<!-- This site is optimized with the Yoast SEO plugin v26.2 - https:\/\/yoast.com\/wordpress\/plugins\/seo\/ -->\n<title>VENTIL RU\u010cNE KO\u010cNICE 4 PRIKLJU\u010cKA PPT AGIS HALDEX OE - Sindicom<\/title>\n<meta name=\"robots\" content=\"index, follow, max-snippet:-1, max-image-preview:large, max-video-preview:-1\" \/>\n<link rel=\"canonical\" href=\"https:\/\/sindicom.hr\/en\/katalog\/ventil-rucne-kocnice-agis-haldex-org\/\" \/>\n<meta property=\"og:locale\" content=\"en_US\" \/>\n<meta property=\"og:type\" content=\"article\" \/>\n<meta property=\"og:title\" content=\"VENTIL RU\u010cNE KO\u010cNICE 4 PRIKLJU\u010cKA PPT AGIS HALDEX OE - Sindicom\" \/>\n<meta property=\"og:url\" content=\"https:\/\/sindicom.hr\/en\/katalog\/ventil-rucne-kocnice-agis-haldex-org\/\" \/>\n<meta property=\"og:site_name\" content=\"Sindicom\" \/>\n<meta property=\"article:publisher\" content=\"https:\/\/www.facebook.com\/Sindicom-doo-170277286366043\/\" \/>\n<meta property=\"article:modified_time\" content=\"2025-10-27T12:02:13+00:00\" \/>\n<meta property=\"og:image\" content=\"https:\/\/sindicom.hr\/wp-content\/uploads\/2019\/06\/328012031-1.jpg\" \/>\n\t<meta property=\"og:image:width\" content=\"500\" \/>\n\t<meta property=\"og:image:height\" content=\"500\" \/>\n\t<meta property=\"og:image:type\" content=\"image\/jpeg\" \/>\n<meta name=\"twitter:card\" content=\"summary_large_image\" \/>\n<meta name=\"twitter:label1\" content=\"Est. reading time\" \/>\n\t<meta name=\"twitter:data1\" content=\"1 minute\" \/>\n<script type=\"application\/ld+json\" class=\"yoast-schema-graph\">{\"@context\":\"https:\/\/schema.org\",\"@graph\":[{\"@type\":\"WebPage\",\"@id\":\"https:\/\/sindicom.hr\/en\/katalog\/ventil-rucne-kocnice-agis-haldex-org\/\",\"url\":\"https:\/\/sindicom.hr\/en\/katalog\/ventil-rucne-kocnice-agis-haldex-org\/\",\"name\":\"VENTIL RU\u010cNE KO\u010cNICE 4 PRIKLJU\u010cKA PPT AGIS HALDEX OE - Sindicom\",\"isPartOf\":{\"@id\":\"https:\/\/sindicom.hr\/en\/#website\"},\"primaryImageOfPage\":{\"@id\":\"https:\/\/sindicom.hr\/en\/katalog\/ventil-rucne-kocnice-agis-haldex-org\/#primaryimage\"},\"image\":{\"@id\":\"https:\/\/sindicom.hr\/en\/katalog\/ventil-rucne-kocnice-agis-haldex-org\/#primaryimage\"},\"thumbnailUrl\":\"https:\/\/sindicom.hr\/wp-content\/uploads\/2019\/06\/328012031-1.jpg\",\"datePublished\":\"2020-05-11T08:42:36+00:00\",\"dateModified\":\"2025-10-27T12:02:13+00:00\",\"breadcrumb\":{\"@id\":\"https:\/\/sindicom.hr\/en\/katalog\/ventil-rucne-kocnice-agis-haldex-org\/#breadcrumb\"},\"inLanguage\":\"en-US\",\"potentialAction\":[{\"@type\":\"ReadAction\",\"target\":[\"https:\/\/sindicom.hr\/en\/katalog\/ventil-rucne-kocnice-agis-haldex-org\/\"]}]},{\"@type\":\"ImageObject\",\"inLanguage\":\"en-US\",\"@id\":\"https:\/\/sindicom.hr\/en\/katalog\/ventil-rucne-kocnice-agis-haldex-org\/#primaryimage\",\"url\":\"https:\/\/sindicom.hr\/wp-content\/uploads\/2019\/06\/328012031-1.jpg\",\"contentUrl\":\"https:\/\/sindicom.hr\/wp-content\/uploads\/2019\/06\/328012031-1.jpg\",\"width\":500,\"height\":500},{\"@type\":\"BreadcrumbList\",\"@id\":\"https:\/\/sindicom.hr\/en\/katalog\/ventil-rucne-kocnice-agis-haldex-org\/#breadcrumb\",\"itemListElement\":[{\"@type\":\"ListItem\",\"position\":1,\"name\":\"Po\u010detna stranica\",\"item\":\"https:\/\/sindicom.hr\/en\/\"},{\"@type\":\"ListItem\",\"position\":2,\"name\":\"Katalog dijelova\",\"item\":\"https:\/\/sindicom.hr\/en\/catalog\/\"},{\"@type\":\"ListItem\",\"position\":3,\"name\":\"VENTIL RU\u010cNE KO\u010cNICE 4 PRIKLJU\u010cKA PPT AGIS HALDEX OE\"}]},{\"@type\":\"WebSite\",\"@id\":\"https:\/\/sindicom.hr\/en\/#website\",\"url\":\"https:\/\/sindicom.hr\/en\/\",\"name\":\"SINDICOM\",\"description\":\"Trade and repair of pneumatic brakes, air and hydraulic systems for trucks and buses\",\"publisher\":{\"@id\":\"https:\/\/sindicom.hr\/en\/#organization\"},\"potentialAction\":[{\"@type\":\"SearchAction\",\"target\":{\"@type\":\"EntryPoint\",\"urlTemplate\":\"https:\/\/sindicom.hr\/en\/?s={search_term_string}\"},\"query-input\":{\"@type\":\"PropertyValueSpecification\",\"valueRequired\":true,\"valueName\":\"search_term_string\"}}],\"inLanguage\":\"en-US\"},{\"@type\":\"Organization\",\"@id\":\"https:\/\/sindicom.hr\/en\/#organization\",\"name\":\"SINDICOM d.o.o.\",\"url\":\"https:\/\/sindicom.hr\/en\/\",\"logo\":{\"@type\":\"ImageObject\",\"inLanguage\":\"en-US\",\"@id\":\"https:\/\/sindicom.hr\/en\/#\/schema\/logo\/image\/\",\"url\":\"https:\/\/sindicom.hr\/wp-content\/uploads\/2019\/11\/sindicom_logo_veliki1.jpg.png\",\"contentUrl\":\"https:\/\/sindicom.hr\/wp-content\/uploads\/2019\/11\/sindicom_logo_veliki1.jpg.png\",\"width\":732,\"height\":706,\"caption\":\"SINDICOM d.o.o.\"},\"image\":{\"@id\":\"https:\/\/sindicom.hr\/en\/#\/schema\/logo\/image\/\"},\"sameAs\":[\"https:\/\/www.facebook.com\/Sindicom-doo-170277286366043\/\",\"https:\/\/instagram.com\/sindicomdoo\"]}]}<\/script>\n<!-- \/ Yoast SEO plugin. -->","yoast_head_json":{"title":"VENTIL RU\u010cNE KO\u010cNICE 4 PRIKLJU\u010cKA PPT AGIS HALDEX OE - Sindicom","robots":{"index":"index","follow":"follow","max-snippet":"max-snippet:-1","max-image-preview":"max-image-preview:large","max-video-preview":"max-video-preview:-1"},"canonical":"https:\/\/sindicom.hr\/en\/katalog\/ventil-rucne-kocnice-agis-haldex-org\/","og_locale":"en_US","og_type":"article","og_title":"VENTIL RU\u010cNE KO\u010cNICE 4 PRIKLJU\u010cKA PPT AGIS HALDEX OE - Sindicom","og_url":"https:\/\/sindicom.hr\/en\/katalog\/ventil-rucne-kocnice-agis-haldex-org\/","og_site_name":"Sindicom","article_publisher":"https:\/\/www.facebook.com\/Sindicom-doo-170277286366043\/","article_modified_time":"2025-10-27T12:02:13+00:00","og_image":[{"width":500,"height":500,"url":"https:\/\/sindicom.hr\/wp-content\/uploads\/2019\/06\/328012031-1.jpg","type":"image\/jpeg"}],"twitter_card":"summary_large_image","twitter_misc":{"Est. reading time":"1 minute"},"schema":{"@context":"https:\/\/schema.org","@graph":[{"@type":"WebPage","@id":"https:\/\/sindicom.hr\/en\/katalog\/ventil-rucne-kocnice-agis-haldex-org\/","url":"https:\/\/sindicom.hr\/en\/katalog\/ventil-rucne-kocnice-agis-haldex-org\/","name":"VENTIL RU\u010cNE KO\u010cNICE 4 PRIKLJU\u010cKA PPT AGIS HALDEX OE - Sindicom","isPartOf":{"@id":"https:\/\/sindicom.hr\/en\/#website"},"primaryImageOfPage":{"@id":"https:\/\/sindicom.hr\/en\/katalog\/ventil-rucne-kocnice-agis-haldex-org\/#primaryimage"},"image":{"@id":"https:\/\/sindicom.hr\/en\/katalog\/ventil-rucne-kocnice-agis-haldex-org\/#primaryimage"},"thumbnailUrl":"https:\/\/sindicom.hr\/wp-content\/uploads\/2019\/06\/328012031-1.jpg","datePublished":"2020-05-11T08:42:36+00:00","dateModified":"2025-10-27T12:02:13+00:00","breadcrumb":{"@id":"https:\/\/sindicom.hr\/en\/katalog\/ventil-rucne-kocnice-agis-haldex-org\/#breadcrumb"},"inLanguage":"en-US","potentialAction":[{"@type":"ReadAction","target":["https:\/\/sindicom.hr\/en\/katalog\/ventil-rucne-kocnice-agis-haldex-org\/"]}]},{"@type":"ImageObject","inLanguage":"en-US","@id":"https:\/\/sindicom.hr\/en\/katalog\/ventil-rucne-kocnice-agis-haldex-org\/#primaryimage","url":"https:\/\/sindicom.hr\/wp-content\/uploads\/2019\/06\/328012031-1.jpg","contentUrl":"https:\/\/sindicom.hr\/wp-content\/uploads\/2019\/06\/328012031-1.jpg","width":500,"height":500},{"@type":"BreadcrumbList","@id":"https:\/\/sindicom.hr\/en\/katalog\/ventil-rucne-kocnice-agis-haldex-org\/#breadcrumb","itemListElement":[{"@type":"ListItem","position":1,"name":"Po\u010detna stranica","item":"https:\/\/sindicom.hr\/en\/"},{"@type":"ListItem","position":2,"name":"Katalog dijelova","item":"https:\/\/sindicom.hr\/en\/catalog\/"},{"@type":"ListItem","position":3,"name":"VENTIL RU\u010cNE KO\u010cNICE 4 PRIKLJU\u010cKA PPT AGIS HALDEX OE"}]},{"@type":"WebSite","@id":"https:\/\/sindicom.hr\/en\/#website","url":"https:\/\/sindicom.hr\/en\/","name":"SINDICOM","description":"Trade and repair of pneumatic brakes, air and hydraulic systems for trucks and buses","publisher":{"@id":"https:\/\/sindicom.hr\/en\/#organization"},"potentialAction":[{"@type":"SearchAction","target":{"@type":"EntryPoint","urlTemplate":"https:\/\/sindicom.hr\/en\/?s={search_term_string}"},"query-input":{"@type":"PropertyValueSpecification","valueRequired":true,"valueName":"search_term_string"}}],"inLanguage":"en-US"},{"@type":"Organization","@id":"https:\/\/sindicom.hr\/en\/#organization","name":"SINDICOM d.o.o.","url":"https:\/\/sindicom.hr\/en\/","logo":{"@type":"ImageObject","inLanguage":"en-US","@id":"https:\/\/sindicom.hr\/en\/#\/schema\/logo\/image\/","url":"https:\/\/sindicom.hr\/wp-content\/uploads\/2019\/11\/sindicom_logo_veliki1.jpg.png","contentUrl":"https:\/\/sindicom.hr\/wp-content\/uploads\/2019\/11\/sindicom_logo_veliki1.jpg.png","width":732,"height":706,"caption":"SINDICOM d.o.o."},"image":{"@id":"https:\/\/sindicom.hr\/en\/#\/schema\/logo\/image\/"},"sameAs":["https:\/\/www.facebook.com\/Sindicom-doo-170277286366043\/","https:\/\/instagram.com\/sindicomdoo"]}]}},"_links":{"self":[{"href":"https:\/\/sindicom.hr\/en\/wp-json\/wp\/v2\/product\/16727","targetHints":{"allow":["GET"]}}],"collection":[{"href":"https:\/\/sindicom.hr\/en\/wp-json\/wp\/v2\/product"}],"about":[{"href":"https:\/\/sindicom.hr\/en\/wp-json\/wp\/v2\/types\/product"}],"wp:featuredmedia":[{"embeddable":true,"href":"https:\/\/sindicom.hr\/en\/wp-json\/wp\/v2\/media\/12342"}],"wp:attachment":[{"href":"https:\/\/sindicom.hr\/en\/wp-json\/wp\/v2\/media?parent=16727"}],"wp:term":[{"taxonomy":"product_brand","embeddable":true,"href":"https:\/\/sindicom.hr\/en\/wp-json\/wp\/v2\/product_brand?post=16727"},{"taxonomy":"product_cat","embeddable":true,"href":"https:\/\/sindicom.hr\/en\/wp-json\/wp\/v2\/product_cat?post=16727"},{"taxonomy":"product_tag","embeddable":true,"href":"https:\/\/sindicom.hr\/en\/wp-json\/wp\/v2\/product_tag?post=16727"}],"curies":[{"name":"wp","href":"https:\/\/api.w.org\/{rel}","templated":true}]}}