{"id":16795,"date":"2020-05-11T08:43:09","date_gmt":"2020-05-11T08:43:09","guid":{"rendered":"https:\/\/sindicom.hr\/katalog\/cijev-vode-bloka-kompresora-zraka-man-vaden\/"},"modified":"2025-10-27T12:02:37","modified_gmt":"2025-10-27T12:02:37","slug":"cijev-vode-bloka-kompresora-zraka-man-vaden","status":"publish","type":"product","link":"https:\/\/sindicom.hr\/en\/katalog\/cijev-vode-bloka-kompresora-zraka-man-vaden\/","title":{"rendered":"CIJEV VODE BLOKA BO\u010cNA KOMPRESORA ZRAKA KNORR MAN ZAMJ."},"content":{"rendered":"<p>0102010 VADEN  51063045457 MAN  51063035838 MAN  51063035457 MAN  51541007246 MAN  51.06303-5838 MAN  51.06304-5457 MAN  LP3997 KNORR  CIJEV SE MJENJA KAD SE UGRA\u0110UJE LP3997 UMJESTO LP3980  Cooling plastic hose for compressor MAN  Coolant pipe water supply compressor block MAN  K\u00fchlkunststoffschlauch f\u00fcr MAN Kompressor  MAN K\u00fchlwasserversorgung Kompressorblock  Tubo flessibile di raffreddamento in plastica per compressore MAN  Tubo refrigerante alimentazione acqua blocco compressore MAN<\/p>\n","protected":false},"excerpt":{"rendered":"<p><img decoding=\"async\" class=\"alignnone size-medium wp-image-17718\" src=\"https:\/\/sindicom.hr\/wp-content\/uploads\/2020\/05\/vaden-300x300.png\" alt=\"\" width=\"300\" height=\"300\" srcset=\"https:\/\/sindicom.hr\/wp-content\/uploads\/2020\/05\/vaden-64x64.png 64w, https:\/\/sindicom.hr\/wp-content\/uploads\/2020\/05\/vaden-66x66.png 66w, https:\/\/sindicom.hr\/wp-content\/uploads\/2020\/05\/vaden-100x100.png 100w, https:\/\/sindicom.hr\/wp-content\/uploads\/2020\/05\/vaden-150x150.png 150w, https:\/\/sindicom.hr\/wp-content\/uploads\/2020\/05\/vaden-200x200.png 200w, https:\/\/sindicom.hr\/wp-content\/uploads\/2020\/05\/vaden.png 300w\" sizes=\"(max-width: 300px) 100vw, 300px\" \/><\/p>\n","protected":false},"featured_media":39251,"template":"","meta":{"inline_featured_image":false},"product_brand":[],"product_cat":[15,182,108,146,107],"product_tag":[],"class_list":{"0":"post-16795","1":"product","2":"type-product","3":"status-publish","4":"has-post-thumbnail","6":"product_cat-all-products","7":"product_cat-cijevi","8":"product_cat-man-teretna-vozila","9":"product_cat-reparaturni-setovi-kompresora-zraka","10":"product_cat-teretna-vozila","12":"first","13":"instock","14":"shipping-taxable","15":"purchasable","16":"product-type-simple"},"yoast_head":"<!-- This site is optimized with the Yoast SEO plugin v26.2 - https:\/\/yoast.com\/wordpress\/plugins\/seo\/ -->\n<title>CIJEV VODE BLOKA BO\u010cNA KOMPRESORA ZRAKA KNORR MAN ZAMJ. - Sindicom<\/title>\n<meta name=\"robots\" content=\"index, follow, max-snippet:-1, max-image-preview:large, max-video-preview:-1\" \/>\n<link rel=\"canonical\" href=\"https:\/\/sindicom.hr\/en\/katalog\/cijev-vode-bloka-kompresora-zraka-man-vaden\/\" \/>\n<meta property=\"og:locale\" content=\"en_US\" \/>\n<meta property=\"og:type\" content=\"article\" \/>\n<meta property=\"og:title\" content=\"CIJEV VODE BLOKA BO\u010cNA KOMPRESORA ZRAKA KNORR MAN ZAMJ. - Sindicom\" \/>\n<meta property=\"og:url\" content=\"https:\/\/sindicom.hr\/en\/katalog\/cijev-vode-bloka-kompresora-zraka-man-vaden\/\" \/>\n<meta property=\"og:site_name\" content=\"Sindicom\" \/>\n<meta property=\"article:publisher\" content=\"https:\/\/www.facebook.com\/Sindicom-doo-170277286366043\/\" \/>\n<meta property=\"article:modified_time\" content=\"2025-10-27T12:02:37+00:00\" \/>\n<meta property=\"og:image\" content=\"https:\/\/sindicom.hr\/wp-content\/uploads\/2020\/05\/0102010-VADEN.webp\" \/>\n\t<meta property=\"og:image:width\" content=\"600\" \/>\n\t<meta property=\"og:image:height\" content=\"600\" \/>\n\t<meta property=\"og:image:type\" content=\"image\/webp\" \/>\n<meta name=\"twitter:card\" content=\"summary_large_image\" \/>\n<meta name=\"twitter:label1\" content=\"Est. reading time\" \/>\n\t<meta name=\"twitter:data1\" content=\"1 minute\" \/>\n<script type=\"application\/ld+json\" class=\"yoast-schema-graph\">{\"@context\":\"https:\/\/schema.org\",\"@graph\":[{\"@type\":\"WebPage\",\"@id\":\"https:\/\/sindicom.hr\/en\/katalog\/cijev-vode-bloka-kompresora-zraka-man-vaden\/\",\"url\":\"https:\/\/sindicom.hr\/en\/katalog\/cijev-vode-bloka-kompresora-zraka-man-vaden\/\",\"name\":\"CIJEV VODE BLOKA BO\u010cNA KOMPRESORA ZRAKA KNORR MAN ZAMJ. - Sindicom\",\"isPartOf\":{\"@id\":\"https:\/\/sindicom.hr\/en\/#website\"},\"primaryImageOfPage\":{\"@id\":\"https:\/\/sindicom.hr\/en\/katalog\/cijev-vode-bloka-kompresora-zraka-man-vaden\/#primaryimage\"},\"image\":{\"@id\":\"https:\/\/sindicom.hr\/en\/katalog\/cijev-vode-bloka-kompresora-zraka-man-vaden\/#primaryimage\"},\"thumbnailUrl\":\"https:\/\/sindicom.hr\/wp-content\/uploads\/2020\/05\/0102010-VADEN.webp\",\"datePublished\":\"2020-05-11T08:43:09+00:00\",\"dateModified\":\"2025-10-27T12:02:37+00:00\",\"breadcrumb\":{\"@id\":\"https:\/\/sindicom.hr\/en\/katalog\/cijev-vode-bloka-kompresora-zraka-man-vaden\/#breadcrumb\"},\"inLanguage\":\"en-US\",\"potentialAction\":[{\"@type\":\"ReadAction\",\"target\":[\"https:\/\/sindicom.hr\/en\/katalog\/cijev-vode-bloka-kompresora-zraka-man-vaden\/\"]}]},{\"@type\":\"ImageObject\",\"inLanguage\":\"en-US\",\"@id\":\"https:\/\/sindicom.hr\/en\/katalog\/cijev-vode-bloka-kompresora-zraka-man-vaden\/#primaryimage\",\"url\":\"https:\/\/sindicom.hr\/wp-content\/uploads\/2020\/05\/0102010-VADEN.webp\",\"contentUrl\":\"https:\/\/sindicom.hr\/wp-content\/uploads\/2020\/05\/0102010-VADEN.webp\",\"width\":600,\"height\":600},{\"@type\":\"BreadcrumbList\",\"@id\":\"https:\/\/sindicom.hr\/en\/katalog\/cijev-vode-bloka-kompresora-zraka-man-vaden\/#breadcrumb\",\"itemListElement\":[{\"@type\":\"ListItem\",\"position\":1,\"name\":\"Po\u010detna stranica\",\"item\":\"https:\/\/sindicom.hr\/en\/\"},{\"@type\":\"ListItem\",\"position\":2,\"name\":\"Katalog dijelova\",\"item\":\"https:\/\/sindicom.hr\/en\/catalog\/\"},{\"@type\":\"ListItem\",\"position\":3,\"name\":\"CIJEV VODE BLOKA BO\u010cNA KOMPRESORA ZRAKA KNORR MAN ZAMJ.\"}]},{\"@type\":\"WebSite\",\"@id\":\"https:\/\/sindicom.hr\/en\/#website\",\"url\":\"https:\/\/sindicom.hr\/en\/\",\"name\":\"SINDICOM\",\"description\":\"Trade and repair of pneumatic brakes, air and hydraulic systems for trucks and buses\",\"publisher\":{\"@id\":\"https:\/\/sindicom.hr\/en\/#organization\"},\"potentialAction\":[{\"@type\":\"SearchAction\",\"target\":{\"@type\":\"EntryPoint\",\"urlTemplate\":\"https:\/\/sindicom.hr\/en\/?s={search_term_string}\"},\"query-input\":{\"@type\":\"PropertyValueSpecification\",\"valueRequired\":true,\"valueName\":\"search_term_string\"}}],\"inLanguage\":\"en-US\"},{\"@type\":\"Organization\",\"@id\":\"https:\/\/sindicom.hr\/en\/#organization\",\"name\":\"SINDICOM d.o.o.\",\"url\":\"https:\/\/sindicom.hr\/en\/\",\"logo\":{\"@type\":\"ImageObject\",\"inLanguage\":\"en-US\",\"@id\":\"https:\/\/sindicom.hr\/en\/#\/schema\/logo\/image\/\",\"url\":\"https:\/\/sindicom.hr\/wp-content\/uploads\/2019\/11\/sindicom_logo_veliki1.jpg.png\",\"contentUrl\":\"https:\/\/sindicom.hr\/wp-content\/uploads\/2019\/11\/sindicom_logo_veliki1.jpg.png\",\"width\":732,\"height\":706,\"caption\":\"SINDICOM d.o.o.\"},\"image\":{\"@id\":\"https:\/\/sindicom.hr\/en\/#\/schema\/logo\/image\/\"},\"sameAs\":[\"https:\/\/www.facebook.com\/Sindicom-doo-170277286366043\/\",\"https:\/\/instagram.com\/sindicomdoo\"]}]}<\/script>\n<!-- \/ Yoast SEO plugin. -->","yoast_head_json":{"title":"CIJEV VODE BLOKA BO\u010cNA KOMPRESORA ZRAKA KNORR MAN ZAMJ. - Sindicom","robots":{"index":"index","follow":"follow","max-snippet":"max-snippet:-1","max-image-preview":"max-image-preview:large","max-video-preview":"max-video-preview:-1"},"canonical":"https:\/\/sindicom.hr\/en\/katalog\/cijev-vode-bloka-kompresora-zraka-man-vaden\/","og_locale":"en_US","og_type":"article","og_title":"CIJEV VODE BLOKA BO\u010cNA KOMPRESORA ZRAKA KNORR MAN ZAMJ. - Sindicom","og_url":"https:\/\/sindicom.hr\/en\/katalog\/cijev-vode-bloka-kompresora-zraka-man-vaden\/","og_site_name":"Sindicom","article_publisher":"https:\/\/www.facebook.com\/Sindicom-doo-170277286366043\/","article_modified_time":"2025-10-27T12:02:37+00:00","og_image":[{"width":600,"height":600,"url":"https:\/\/sindicom.hr\/wp-content\/uploads\/2020\/05\/0102010-VADEN.webp","type":"image\/webp"}],"twitter_card":"summary_large_image","twitter_misc":{"Est. reading time":"1 minute"},"schema":{"@context":"https:\/\/schema.org","@graph":[{"@type":"WebPage","@id":"https:\/\/sindicom.hr\/en\/katalog\/cijev-vode-bloka-kompresora-zraka-man-vaden\/","url":"https:\/\/sindicom.hr\/en\/katalog\/cijev-vode-bloka-kompresora-zraka-man-vaden\/","name":"CIJEV VODE BLOKA BO\u010cNA KOMPRESORA ZRAKA KNORR MAN ZAMJ. - Sindicom","isPartOf":{"@id":"https:\/\/sindicom.hr\/en\/#website"},"primaryImageOfPage":{"@id":"https:\/\/sindicom.hr\/en\/katalog\/cijev-vode-bloka-kompresora-zraka-man-vaden\/#primaryimage"},"image":{"@id":"https:\/\/sindicom.hr\/en\/katalog\/cijev-vode-bloka-kompresora-zraka-man-vaden\/#primaryimage"},"thumbnailUrl":"https:\/\/sindicom.hr\/wp-content\/uploads\/2020\/05\/0102010-VADEN.webp","datePublished":"2020-05-11T08:43:09+00:00","dateModified":"2025-10-27T12:02:37+00:00","breadcrumb":{"@id":"https:\/\/sindicom.hr\/en\/katalog\/cijev-vode-bloka-kompresora-zraka-man-vaden\/#breadcrumb"},"inLanguage":"en-US","potentialAction":[{"@type":"ReadAction","target":["https:\/\/sindicom.hr\/en\/katalog\/cijev-vode-bloka-kompresora-zraka-man-vaden\/"]}]},{"@type":"ImageObject","inLanguage":"en-US","@id":"https:\/\/sindicom.hr\/en\/katalog\/cijev-vode-bloka-kompresora-zraka-man-vaden\/#primaryimage","url":"https:\/\/sindicom.hr\/wp-content\/uploads\/2020\/05\/0102010-VADEN.webp","contentUrl":"https:\/\/sindicom.hr\/wp-content\/uploads\/2020\/05\/0102010-VADEN.webp","width":600,"height":600},{"@type":"BreadcrumbList","@id":"https:\/\/sindicom.hr\/en\/katalog\/cijev-vode-bloka-kompresora-zraka-man-vaden\/#breadcrumb","itemListElement":[{"@type":"ListItem","position":1,"name":"Po\u010detna stranica","item":"https:\/\/sindicom.hr\/en\/"},{"@type":"ListItem","position":2,"name":"Katalog dijelova","item":"https:\/\/sindicom.hr\/en\/catalog\/"},{"@type":"ListItem","position":3,"name":"CIJEV VODE BLOKA BO\u010cNA KOMPRESORA ZRAKA KNORR MAN ZAMJ."}]},{"@type":"WebSite","@id":"https:\/\/sindicom.hr\/en\/#website","url":"https:\/\/sindicom.hr\/en\/","name":"SINDICOM","description":"Trade and repair of pneumatic brakes, air and hydraulic systems for trucks and buses","publisher":{"@id":"https:\/\/sindicom.hr\/en\/#organization"},"potentialAction":[{"@type":"SearchAction","target":{"@type":"EntryPoint","urlTemplate":"https:\/\/sindicom.hr\/en\/?s={search_term_string}"},"query-input":{"@type":"PropertyValueSpecification","valueRequired":true,"valueName":"search_term_string"}}],"inLanguage":"en-US"},{"@type":"Organization","@id":"https:\/\/sindicom.hr\/en\/#organization","name":"SINDICOM d.o.o.","url":"https:\/\/sindicom.hr\/en\/","logo":{"@type":"ImageObject","inLanguage":"en-US","@id":"https:\/\/sindicom.hr\/en\/#\/schema\/logo\/image\/","url":"https:\/\/sindicom.hr\/wp-content\/uploads\/2019\/11\/sindicom_logo_veliki1.jpg.png","contentUrl":"https:\/\/sindicom.hr\/wp-content\/uploads\/2019\/11\/sindicom_logo_veliki1.jpg.png","width":732,"height":706,"caption":"SINDICOM d.o.o."},"image":{"@id":"https:\/\/sindicom.hr\/en\/#\/schema\/logo\/image\/"},"sameAs":["https:\/\/www.facebook.com\/Sindicom-doo-170277286366043\/","https:\/\/instagram.com\/sindicomdoo"]}]}},"_links":{"self":[{"href":"https:\/\/sindicom.hr\/en\/wp-json\/wp\/v2\/product\/16795","targetHints":{"allow":["GET"]}}],"collection":[{"href":"https:\/\/sindicom.hr\/en\/wp-json\/wp\/v2\/product"}],"about":[{"href":"https:\/\/sindicom.hr\/en\/wp-json\/wp\/v2\/types\/product"}],"wp:featuredmedia":[{"embeddable":true,"href":"https:\/\/sindicom.hr\/en\/wp-json\/wp\/v2\/media\/39251"}],"wp:attachment":[{"href":"https:\/\/sindicom.hr\/en\/wp-json\/wp\/v2\/media?parent=16795"}],"wp:term":[{"taxonomy":"product_brand","embeddable":true,"href":"https:\/\/sindicom.hr\/en\/wp-json\/wp\/v2\/product_brand?post=16795"},{"taxonomy":"product_cat","embeddable":true,"href":"https:\/\/sindicom.hr\/en\/wp-json\/wp\/v2\/product_cat?post=16795"},{"taxonomy":"product_tag","embeddable":true,"href":"https:\/\/sindicom.hr\/en\/wp-json\/wp\/v2\/product_tag?post=16795"}],"curies":[{"name":"wp","href":"https:\/\/api.w.org\/{rel}","templated":true}]}}