{"id":16796,"date":"2020-05-11T08:43:09","date_gmt":"2020-05-11T08:43:09","guid":{"rendered":"https:\/\/sindicom.hr\/katalog\/set-serva-kvacila-wabco-org\/"},"modified":"2025-10-27T12:02:37","modified_gmt":"2025-10-27T12:02:37","slug":"set-serva-kvacila-wabco-org","status":"publish","type":"product","link":"https:\/\/sindicom.hr\/en\/katalog\/set-serva-kvacila-wabco-org\/","title":{"rendered":"SET ZRA\u010cNO HIDRAULI\u010cNOG SERVA KVA\u010cILA JCB WABCO OE"},"content":{"rendered":"<p>9213999262 WABCO  9213990052 WABCO  9213990160 WABCO  9213990190 WABCO  9213990220 WABCO  9213990250 WABCO  9213990270 WABCO  1519101 DAF  276080 VOLVO  6792447 VOLVO  93161789 IVECO  97103374 IVECO  98490687 IVECO  4042248 DIMETAL  5000821929 IVECO  93161789 IRISBUS  5000821929 RENAULT  8971566414 WABCO  921 399 926 2 JCB  9213999262 JCB FASTRACK  Hydraulic Cylinder repair kit  Single Circuit Hydropneumatic Servo Unit repair kit  Einkammer-Bremsverst\u00e4rker  Teilesatz: Hydraulikzylinder<\/p>\n","protected":false},"excerpt":{"rendered":"<p><img decoding=\"async\" class=\"alignnone size-medium wp-image-17720\" src=\"https:\/\/sindicom.hr\/wp-content\/uploads\/2020\/05\/wabco-300x300.png\" alt=\"\" width=\"300\" height=\"300\" srcset=\"https:\/\/sindicom.hr\/wp-content\/uploads\/2020\/05\/wabco-64x64.png 64w, https:\/\/sindicom.hr\/wp-content\/uploads\/2020\/05\/wabco-66x66.png 66w, https:\/\/sindicom.hr\/wp-content\/uploads\/2020\/05\/wabco-100x100.png 100w, https:\/\/sindicom.hr\/wp-content\/uploads\/2020\/05\/wabco-150x150.png 150w, https:\/\/sindicom.hr\/wp-content\/uploads\/2020\/05\/wabco-200x200.png 200w, https:\/\/sindicom.hr\/wp-content\/uploads\/2020\/05\/wabco.png 300w\" sizes=\"(max-width: 300px) 100vw, 300px\" \/><\/p>\n","protected":false},"featured_media":36090,"template":"","meta":{"inline_featured_image":false},"product_brand":[],"product_cat":[15,96,221,151,126,226,211,135,110,163,203,141,140,112,120,43,107,225,127,111,215],"product_tag":[],"class_list":{"0":"post-16796","1":"product","2":"type-product","3":"status-publish","4":"has-post-thumbnail","6":"product_cat-all-products","7":"product_cat-busevi","8":"product_cat-caterpillar","9":"product_cat-claas","10":"product_cat-daf","11":"product_cat-demper","12":"product_cat-fastrack","13":"product_cat-irisbus","14":"product_cat-iveco-teretna-vozila","15":"product_cat-jcb","16":"product_cat-komatsu","17":"product_cat-liebherr","18":"product_cat-radni-strojevi","19":"product_cat-renault","20":"product_cat-reparaturni-setovi","21":"product_cat-serva-kvacila","22":"product_cat-teretna-vozila","23":"product_cat-terex","24":"product_cat-volvo-busevi","25":"product_cat-volvo","26":"product_cat-volvo-radni-strojevi","28":"first","29":"instock","30":"shipping-taxable","31":"purchasable","32":"product-type-simple"},"yoast_head":"<!-- This site is optimized with the Yoast SEO plugin v26.2 - https:\/\/yoast.com\/wordpress\/plugins\/seo\/ -->\n<title>SET ZRA\u010cNO HIDRAULI\u010cNOG SERVA KVA\u010cILA JCB WABCO OE - Sindicom<\/title>\n<meta name=\"robots\" content=\"index, follow, max-snippet:-1, max-image-preview:large, max-video-preview:-1\" \/>\n<link rel=\"canonical\" href=\"https:\/\/sindicom.hr\/en\/katalog\/set-serva-kvacila-wabco-org\/\" \/>\n<meta property=\"og:locale\" content=\"en_US\" \/>\n<meta property=\"og:type\" content=\"article\" \/>\n<meta property=\"og:title\" content=\"SET ZRA\u010cNO HIDRAULI\u010cNOG SERVA KVA\u010cILA JCB WABCO OE - Sindicom\" \/>\n<meta property=\"og:url\" content=\"https:\/\/sindicom.hr\/en\/katalog\/set-serva-kvacila-wabco-org\/\" \/>\n<meta property=\"og:site_name\" content=\"Sindicom\" \/>\n<meta property=\"article:publisher\" content=\"https:\/\/www.facebook.com\/Sindicom-doo-170277286366043\/\" \/>\n<meta property=\"article:modified_time\" content=\"2025-10-27T12:02:37+00:00\" \/>\n<meta property=\"og:image\" content=\"https:\/\/sindicom.hr\/wp-content\/uploads\/2020\/05\/9213999262-WABCO.webp\" \/>\n\t<meta property=\"og:image:width\" content=\"600\" \/>\n\t<meta property=\"og:image:height\" content=\"600\" \/>\n\t<meta property=\"og:image:type\" content=\"image\/webp\" \/>\n<meta name=\"twitter:card\" content=\"summary_large_image\" \/>\n<meta name=\"twitter:label1\" content=\"Est. reading time\" \/>\n\t<meta name=\"twitter:data1\" content=\"1 minute\" \/>\n<script type=\"application\/ld+json\" class=\"yoast-schema-graph\">{\"@context\":\"https:\/\/schema.org\",\"@graph\":[{\"@type\":\"WebPage\",\"@id\":\"https:\/\/sindicom.hr\/en\/katalog\/set-serva-kvacila-wabco-org\/\",\"url\":\"https:\/\/sindicom.hr\/en\/katalog\/set-serva-kvacila-wabco-org\/\",\"name\":\"SET ZRA\u010cNO HIDRAULI\u010cNOG SERVA KVA\u010cILA JCB WABCO OE - Sindicom\",\"isPartOf\":{\"@id\":\"https:\/\/sindicom.hr\/en\/#website\"},\"primaryImageOfPage\":{\"@id\":\"https:\/\/sindicom.hr\/en\/katalog\/set-serva-kvacila-wabco-org\/#primaryimage\"},\"image\":{\"@id\":\"https:\/\/sindicom.hr\/en\/katalog\/set-serva-kvacila-wabco-org\/#primaryimage\"},\"thumbnailUrl\":\"https:\/\/sindicom.hr\/wp-content\/uploads\/2020\/05\/9213999262-WABCO.webp\",\"datePublished\":\"2020-05-11T08:43:09+00:00\",\"dateModified\":\"2025-10-27T12:02:37+00:00\",\"breadcrumb\":{\"@id\":\"https:\/\/sindicom.hr\/en\/katalog\/set-serva-kvacila-wabco-org\/#breadcrumb\"},\"inLanguage\":\"en-US\",\"potentialAction\":[{\"@type\":\"ReadAction\",\"target\":[\"https:\/\/sindicom.hr\/en\/katalog\/set-serva-kvacila-wabco-org\/\"]}]},{\"@type\":\"ImageObject\",\"inLanguage\":\"en-US\",\"@id\":\"https:\/\/sindicom.hr\/en\/katalog\/set-serva-kvacila-wabco-org\/#primaryimage\",\"url\":\"https:\/\/sindicom.hr\/wp-content\/uploads\/2020\/05\/9213999262-WABCO.webp\",\"contentUrl\":\"https:\/\/sindicom.hr\/wp-content\/uploads\/2020\/05\/9213999262-WABCO.webp\",\"width\":600,\"height\":600},{\"@type\":\"BreadcrumbList\",\"@id\":\"https:\/\/sindicom.hr\/en\/katalog\/set-serva-kvacila-wabco-org\/#breadcrumb\",\"itemListElement\":[{\"@type\":\"ListItem\",\"position\":1,\"name\":\"Po\u010detna stranica\",\"item\":\"https:\/\/sindicom.hr\/en\/\"},{\"@type\":\"ListItem\",\"position\":2,\"name\":\"Katalog dijelova\",\"item\":\"https:\/\/sindicom.hr\/en\/catalog\/\"},{\"@type\":\"ListItem\",\"position\":3,\"name\":\"SET ZRA\u010cNO HIDRAULI\u010cNOG SERVA KVA\u010cILA JCB WABCO OE\"}]},{\"@type\":\"WebSite\",\"@id\":\"https:\/\/sindicom.hr\/en\/#website\",\"url\":\"https:\/\/sindicom.hr\/en\/\",\"name\":\"SINDICOM\",\"description\":\"Trade and repair of pneumatic brakes, air and hydraulic systems for trucks and buses\",\"publisher\":{\"@id\":\"https:\/\/sindicom.hr\/en\/#organization\"},\"potentialAction\":[{\"@type\":\"SearchAction\",\"target\":{\"@type\":\"EntryPoint\",\"urlTemplate\":\"https:\/\/sindicom.hr\/en\/?s={search_term_string}\"},\"query-input\":{\"@type\":\"PropertyValueSpecification\",\"valueRequired\":true,\"valueName\":\"search_term_string\"}}],\"inLanguage\":\"en-US\"},{\"@type\":\"Organization\",\"@id\":\"https:\/\/sindicom.hr\/en\/#organization\",\"name\":\"SINDICOM d.o.o.\",\"url\":\"https:\/\/sindicom.hr\/en\/\",\"logo\":{\"@type\":\"ImageObject\",\"inLanguage\":\"en-US\",\"@id\":\"https:\/\/sindicom.hr\/en\/#\/schema\/logo\/image\/\",\"url\":\"https:\/\/sindicom.hr\/wp-content\/uploads\/2019\/11\/sindicom_logo_veliki1.jpg.png\",\"contentUrl\":\"https:\/\/sindicom.hr\/wp-content\/uploads\/2019\/11\/sindicom_logo_veliki1.jpg.png\",\"width\":732,\"height\":706,\"caption\":\"SINDICOM d.o.o.\"},\"image\":{\"@id\":\"https:\/\/sindicom.hr\/en\/#\/schema\/logo\/image\/\"},\"sameAs\":[\"https:\/\/www.facebook.com\/Sindicom-doo-170277286366043\/\",\"https:\/\/instagram.com\/sindicomdoo\"]}]}<\/script>\n<!-- \/ Yoast SEO plugin. -->","yoast_head_json":{"title":"SET ZRA\u010cNO HIDRAULI\u010cNOG SERVA KVA\u010cILA JCB WABCO OE - Sindicom","robots":{"index":"index","follow":"follow","max-snippet":"max-snippet:-1","max-image-preview":"max-image-preview:large","max-video-preview":"max-video-preview:-1"},"canonical":"https:\/\/sindicom.hr\/en\/katalog\/set-serva-kvacila-wabco-org\/","og_locale":"en_US","og_type":"article","og_title":"SET ZRA\u010cNO HIDRAULI\u010cNOG SERVA KVA\u010cILA JCB WABCO OE - Sindicom","og_url":"https:\/\/sindicom.hr\/en\/katalog\/set-serva-kvacila-wabco-org\/","og_site_name":"Sindicom","article_publisher":"https:\/\/www.facebook.com\/Sindicom-doo-170277286366043\/","article_modified_time":"2025-10-27T12:02:37+00:00","og_image":[{"width":600,"height":600,"url":"https:\/\/sindicom.hr\/wp-content\/uploads\/2020\/05\/9213999262-WABCO.webp","type":"image\/webp"}],"twitter_card":"summary_large_image","twitter_misc":{"Est. reading time":"1 minute"},"schema":{"@context":"https:\/\/schema.org","@graph":[{"@type":"WebPage","@id":"https:\/\/sindicom.hr\/en\/katalog\/set-serva-kvacila-wabco-org\/","url":"https:\/\/sindicom.hr\/en\/katalog\/set-serva-kvacila-wabco-org\/","name":"SET ZRA\u010cNO HIDRAULI\u010cNOG SERVA KVA\u010cILA JCB WABCO OE - Sindicom","isPartOf":{"@id":"https:\/\/sindicom.hr\/en\/#website"},"primaryImageOfPage":{"@id":"https:\/\/sindicom.hr\/en\/katalog\/set-serva-kvacila-wabco-org\/#primaryimage"},"image":{"@id":"https:\/\/sindicom.hr\/en\/katalog\/set-serva-kvacila-wabco-org\/#primaryimage"},"thumbnailUrl":"https:\/\/sindicom.hr\/wp-content\/uploads\/2020\/05\/9213999262-WABCO.webp","datePublished":"2020-05-11T08:43:09+00:00","dateModified":"2025-10-27T12:02:37+00:00","breadcrumb":{"@id":"https:\/\/sindicom.hr\/en\/katalog\/set-serva-kvacila-wabco-org\/#breadcrumb"},"inLanguage":"en-US","potentialAction":[{"@type":"ReadAction","target":["https:\/\/sindicom.hr\/en\/katalog\/set-serva-kvacila-wabco-org\/"]}]},{"@type":"ImageObject","inLanguage":"en-US","@id":"https:\/\/sindicom.hr\/en\/katalog\/set-serva-kvacila-wabco-org\/#primaryimage","url":"https:\/\/sindicom.hr\/wp-content\/uploads\/2020\/05\/9213999262-WABCO.webp","contentUrl":"https:\/\/sindicom.hr\/wp-content\/uploads\/2020\/05\/9213999262-WABCO.webp","width":600,"height":600},{"@type":"BreadcrumbList","@id":"https:\/\/sindicom.hr\/en\/katalog\/set-serva-kvacila-wabco-org\/#breadcrumb","itemListElement":[{"@type":"ListItem","position":1,"name":"Po\u010detna stranica","item":"https:\/\/sindicom.hr\/en\/"},{"@type":"ListItem","position":2,"name":"Katalog dijelova","item":"https:\/\/sindicom.hr\/en\/catalog\/"},{"@type":"ListItem","position":3,"name":"SET ZRA\u010cNO HIDRAULI\u010cNOG SERVA KVA\u010cILA JCB WABCO OE"}]},{"@type":"WebSite","@id":"https:\/\/sindicom.hr\/en\/#website","url":"https:\/\/sindicom.hr\/en\/","name":"SINDICOM","description":"Trade and repair of pneumatic brakes, air and hydraulic systems for trucks and buses","publisher":{"@id":"https:\/\/sindicom.hr\/en\/#organization"},"potentialAction":[{"@type":"SearchAction","target":{"@type":"EntryPoint","urlTemplate":"https:\/\/sindicom.hr\/en\/?s={search_term_string}"},"query-input":{"@type":"PropertyValueSpecification","valueRequired":true,"valueName":"search_term_string"}}],"inLanguage":"en-US"},{"@type":"Organization","@id":"https:\/\/sindicom.hr\/en\/#organization","name":"SINDICOM d.o.o.","url":"https:\/\/sindicom.hr\/en\/","logo":{"@type":"ImageObject","inLanguage":"en-US","@id":"https:\/\/sindicom.hr\/en\/#\/schema\/logo\/image\/","url":"https:\/\/sindicom.hr\/wp-content\/uploads\/2019\/11\/sindicom_logo_veliki1.jpg.png","contentUrl":"https:\/\/sindicom.hr\/wp-content\/uploads\/2019\/11\/sindicom_logo_veliki1.jpg.png","width":732,"height":706,"caption":"SINDICOM d.o.o."},"image":{"@id":"https:\/\/sindicom.hr\/en\/#\/schema\/logo\/image\/"},"sameAs":["https:\/\/www.facebook.com\/Sindicom-doo-170277286366043\/","https:\/\/instagram.com\/sindicomdoo"]}]}},"_links":{"self":[{"href":"https:\/\/sindicom.hr\/en\/wp-json\/wp\/v2\/product\/16796","targetHints":{"allow":["GET"]}}],"collection":[{"href":"https:\/\/sindicom.hr\/en\/wp-json\/wp\/v2\/product"}],"about":[{"href":"https:\/\/sindicom.hr\/en\/wp-json\/wp\/v2\/types\/product"}],"wp:featuredmedia":[{"embeddable":true,"href":"https:\/\/sindicom.hr\/en\/wp-json\/wp\/v2\/media\/36090"}],"wp:attachment":[{"href":"https:\/\/sindicom.hr\/en\/wp-json\/wp\/v2\/media?parent=16796"}],"wp:term":[{"taxonomy":"product_brand","embeddable":true,"href":"https:\/\/sindicom.hr\/en\/wp-json\/wp\/v2\/product_brand?post=16796"},{"taxonomy":"product_cat","embeddable":true,"href":"https:\/\/sindicom.hr\/en\/wp-json\/wp\/v2\/product_cat?post=16796"},{"taxonomy":"product_tag","embeddable":true,"href":"https:\/\/sindicom.hr\/en\/wp-json\/wp\/v2\/product_tag?post=16796"}],"curies":[{"name":"wp","href":"https:\/\/api.w.org\/{rel}","templated":true}]}}