{"id":16816,"date":"2020-05-11T08:43:22","date_gmt":"2020-05-11T08:43:22","guid":{"rendered":"https:\/\/sindicom.hr\/katalog\/nosac-kocione-celjusti-saf-knorr-sn6-may\/"},"modified":"2025-10-27T12:02:44","modified_gmt":"2025-10-27T12:02:44","slug":"nosac-kocione-celjusti-saf-knorr-sn6-may","status":"publish","type":"product","link":"https:\/\/sindicom.hr\/en\/katalog\/nosac-kocione-celjusti-saf-knorr-sn6-may\/","title":{"rendered":"NOSA\u010c KO\u010cIONE \u010cELJUSTI KNORR SAF SN6 LIJEVI\/DESNI ZAMJ."},"content":{"rendered":"<p>6050-19 MAY  K015378 KNORR  K013173 KNORR  K012346 KNORR  SN6602 KNORR  ST6000 KNORR  SN6592 KNORR  ST6010 KNORR  K013174 KNORR  K012345 KNORR  Z019053 KNORR  K110230 KNORR  K160370 KNORR  K160371 KNORR  K1901 KNORR  Z0190053 KNORR  3080006120  SAF   3080006220  SAF  RS1233 CHEEFT  KR.60.305  KR60305  20208 TTT  UNB5834 UNIBRAKE  Portafreno  Bremstraeger  Brake caliper carrier<\/p>\n","protected":false},"excerpt":{"rendered":"<p><img decoding=\"async\" class=\"alignnone size-medium wp-image-17708\" src=\"https:\/\/sindicom.hr\/wp-content\/uploads\/2020\/05\/may-300x300.png\" alt=\"\" width=\"300\" height=\"300\" srcset=\"https:\/\/sindicom.hr\/wp-content\/uploads\/2020\/05\/may-64x64.png 64w, https:\/\/sindicom.hr\/wp-content\/uploads\/2020\/05\/may-66x66.png 66w, https:\/\/sindicom.hr\/wp-content\/uploads\/2020\/05\/may-100x100.png 100w, https:\/\/sindicom.hr\/wp-content\/uploads\/2020\/05\/may-150x150.png 150w, https:\/\/sindicom.hr\/wp-content\/uploads\/2020\/05\/may-200x200.png 200w, https:\/\/sindicom.hr\/wp-content\/uploads\/2020\/05\/may.png 300w\" sizes=\"(max-width: 300px) 100vw, 300px\" \/><\/p>\n","protected":false},"featured_media":0,"template":"","meta":{"inline_featured_image":false},"product_brand":[],"product_cat":[15,96,114,107],"product_tag":[],"class_list":{"0":"post-16816","1":"product","2":"type-product","3":"status-publish","5":"product_cat-all-products","6":"product_cat-busevi","7":"product_cat-prikolice","8":"product_cat-teretna-vozila","10":"first","11":"instock","12":"shipping-taxable","13":"purchasable","14":"product-type-simple"},"yoast_head":"<!-- This site is optimized with the Yoast SEO plugin v26.2 - https:\/\/yoast.com\/wordpress\/plugins\/seo\/ -->\n<title>NOSA\u010c KO\u010cIONE \u010cELJUSTI KNORR SAF SN6 LIJEVI\/DESNI ZAMJ. - Sindicom<\/title>\n<meta name=\"robots\" content=\"index, follow, max-snippet:-1, max-image-preview:large, max-video-preview:-1\" \/>\n<link rel=\"canonical\" href=\"https:\/\/sindicom.hr\/en\/katalog\/nosac-kocione-celjusti-saf-knorr-sn6-may\/\" \/>\n<meta property=\"og:locale\" content=\"en_US\" \/>\n<meta property=\"og:type\" content=\"article\" \/>\n<meta property=\"og:title\" content=\"NOSA\u010c KO\u010cIONE \u010cELJUSTI KNORR SAF SN6 LIJEVI\/DESNI ZAMJ. - Sindicom\" \/>\n<meta property=\"og:url\" content=\"https:\/\/sindicom.hr\/en\/katalog\/nosac-kocione-celjusti-saf-knorr-sn6-may\/\" \/>\n<meta property=\"og:site_name\" content=\"Sindicom\" \/>\n<meta property=\"article:publisher\" content=\"https:\/\/www.facebook.com\/Sindicom-doo-170277286366043\/\" \/>\n<meta property=\"article:modified_time\" content=\"2025-10-27T12:02:44+00:00\" \/>\n<meta name=\"twitter:card\" content=\"summary_large_image\" \/>\n<script type=\"application\/ld+json\" class=\"yoast-schema-graph\">{\"@context\":\"https:\/\/schema.org\",\"@graph\":[{\"@type\":\"WebPage\",\"@id\":\"https:\/\/sindicom.hr\/en\/katalog\/nosac-kocione-celjusti-saf-knorr-sn6-may\/\",\"url\":\"https:\/\/sindicom.hr\/en\/katalog\/nosac-kocione-celjusti-saf-knorr-sn6-may\/\",\"name\":\"NOSA\u010c KO\u010cIONE \u010cELJUSTI KNORR SAF SN6 LIJEVI\/DESNI ZAMJ. - Sindicom\",\"isPartOf\":{\"@id\":\"https:\/\/sindicom.hr\/en\/#website\"},\"datePublished\":\"2020-05-11T08:43:22+00:00\",\"dateModified\":\"2025-10-27T12:02:44+00:00\",\"breadcrumb\":{\"@id\":\"https:\/\/sindicom.hr\/en\/katalog\/nosac-kocione-celjusti-saf-knorr-sn6-may\/#breadcrumb\"},\"inLanguage\":\"en-US\",\"potentialAction\":[{\"@type\":\"ReadAction\",\"target\":[\"https:\/\/sindicom.hr\/en\/katalog\/nosac-kocione-celjusti-saf-knorr-sn6-may\/\"]}]},{\"@type\":\"BreadcrumbList\",\"@id\":\"https:\/\/sindicom.hr\/en\/katalog\/nosac-kocione-celjusti-saf-knorr-sn6-may\/#breadcrumb\",\"itemListElement\":[{\"@type\":\"ListItem\",\"position\":1,\"name\":\"Po\u010detna stranica\",\"item\":\"https:\/\/sindicom.hr\/en\/\"},{\"@type\":\"ListItem\",\"position\":2,\"name\":\"Katalog dijelova\",\"item\":\"https:\/\/sindicom.hr\/en\/catalog\/\"},{\"@type\":\"ListItem\",\"position\":3,\"name\":\"NOSA\u010c KO\u010cIONE \u010cELJUSTI SAF KNORR SN6 MAY\"}]},{\"@type\":\"WebSite\",\"@id\":\"https:\/\/sindicom.hr\/en\/#website\",\"url\":\"https:\/\/sindicom.hr\/en\/\",\"name\":\"SINDICOM\",\"description\":\"Trade and repair of pneumatic brakes, air and hydraulic systems for trucks and buses\",\"publisher\":{\"@id\":\"https:\/\/sindicom.hr\/en\/#organization\"},\"potentialAction\":[{\"@type\":\"SearchAction\",\"target\":{\"@type\":\"EntryPoint\",\"urlTemplate\":\"https:\/\/sindicom.hr\/en\/?s={search_term_string}\"},\"query-input\":{\"@type\":\"PropertyValueSpecification\",\"valueRequired\":true,\"valueName\":\"search_term_string\"}}],\"inLanguage\":\"en-US\"},{\"@type\":\"Organization\",\"@id\":\"https:\/\/sindicom.hr\/en\/#organization\",\"name\":\"SINDICOM d.o.o.\",\"url\":\"https:\/\/sindicom.hr\/en\/\",\"logo\":{\"@type\":\"ImageObject\",\"inLanguage\":\"en-US\",\"@id\":\"https:\/\/sindicom.hr\/en\/#\/schema\/logo\/image\/\",\"url\":\"https:\/\/sindicom.hr\/wp-content\/uploads\/2019\/11\/sindicom_logo_veliki1.jpg.png\",\"contentUrl\":\"https:\/\/sindicom.hr\/wp-content\/uploads\/2019\/11\/sindicom_logo_veliki1.jpg.png\",\"width\":732,\"height\":706,\"caption\":\"SINDICOM d.o.o.\"},\"image\":{\"@id\":\"https:\/\/sindicom.hr\/en\/#\/schema\/logo\/image\/\"},\"sameAs\":[\"https:\/\/www.facebook.com\/Sindicom-doo-170277286366043\/\",\"https:\/\/instagram.com\/sindicomdoo\"]}]}<\/script>\n<!-- \/ Yoast SEO plugin. -->","yoast_head_json":{"title":"NOSA\u010c KO\u010cIONE \u010cELJUSTI KNORR SAF SN6 LIJEVI\/DESNI ZAMJ. - Sindicom","robots":{"index":"index","follow":"follow","max-snippet":"max-snippet:-1","max-image-preview":"max-image-preview:large","max-video-preview":"max-video-preview:-1"},"canonical":"https:\/\/sindicom.hr\/en\/katalog\/nosac-kocione-celjusti-saf-knorr-sn6-may\/","og_locale":"en_US","og_type":"article","og_title":"NOSA\u010c KO\u010cIONE \u010cELJUSTI KNORR SAF SN6 LIJEVI\/DESNI ZAMJ. - Sindicom","og_url":"https:\/\/sindicom.hr\/en\/katalog\/nosac-kocione-celjusti-saf-knorr-sn6-may\/","og_site_name":"Sindicom","article_publisher":"https:\/\/www.facebook.com\/Sindicom-doo-170277286366043\/","article_modified_time":"2025-10-27T12:02:44+00:00","twitter_card":"summary_large_image","schema":{"@context":"https:\/\/schema.org","@graph":[{"@type":"WebPage","@id":"https:\/\/sindicom.hr\/en\/katalog\/nosac-kocione-celjusti-saf-knorr-sn6-may\/","url":"https:\/\/sindicom.hr\/en\/katalog\/nosac-kocione-celjusti-saf-knorr-sn6-may\/","name":"NOSA\u010c KO\u010cIONE \u010cELJUSTI KNORR SAF SN6 LIJEVI\/DESNI ZAMJ. - Sindicom","isPartOf":{"@id":"https:\/\/sindicom.hr\/en\/#website"},"datePublished":"2020-05-11T08:43:22+00:00","dateModified":"2025-10-27T12:02:44+00:00","breadcrumb":{"@id":"https:\/\/sindicom.hr\/en\/katalog\/nosac-kocione-celjusti-saf-knorr-sn6-may\/#breadcrumb"},"inLanguage":"en-US","potentialAction":[{"@type":"ReadAction","target":["https:\/\/sindicom.hr\/en\/katalog\/nosac-kocione-celjusti-saf-knorr-sn6-may\/"]}]},{"@type":"BreadcrumbList","@id":"https:\/\/sindicom.hr\/en\/katalog\/nosac-kocione-celjusti-saf-knorr-sn6-may\/#breadcrumb","itemListElement":[{"@type":"ListItem","position":1,"name":"Po\u010detna stranica","item":"https:\/\/sindicom.hr\/en\/"},{"@type":"ListItem","position":2,"name":"Katalog dijelova","item":"https:\/\/sindicom.hr\/en\/catalog\/"},{"@type":"ListItem","position":3,"name":"NOSA\u010c KO\u010cIONE \u010cELJUSTI SAF KNORR SN6 MAY"}]},{"@type":"WebSite","@id":"https:\/\/sindicom.hr\/en\/#website","url":"https:\/\/sindicom.hr\/en\/","name":"SINDICOM","description":"Trade and repair of pneumatic brakes, air and hydraulic systems for trucks and buses","publisher":{"@id":"https:\/\/sindicom.hr\/en\/#organization"},"potentialAction":[{"@type":"SearchAction","target":{"@type":"EntryPoint","urlTemplate":"https:\/\/sindicom.hr\/en\/?s={search_term_string}"},"query-input":{"@type":"PropertyValueSpecification","valueRequired":true,"valueName":"search_term_string"}}],"inLanguage":"en-US"},{"@type":"Organization","@id":"https:\/\/sindicom.hr\/en\/#organization","name":"SINDICOM d.o.o.","url":"https:\/\/sindicom.hr\/en\/","logo":{"@type":"ImageObject","inLanguage":"en-US","@id":"https:\/\/sindicom.hr\/en\/#\/schema\/logo\/image\/","url":"https:\/\/sindicom.hr\/wp-content\/uploads\/2019\/11\/sindicom_logo_veliki1.jpg.png","contentUrl":"https:\/\/sindicom.hr\/wp-content\/uploads\/2019\/11\/sindicom_logo_veliki1.jpg.png","width":732,"height":706,"caption":"SINDICOM d.o.o."},"image":{"@id":"https:\/\/sindicom.hr\/en\/#\/schema\/logo\/image\/"},"sameAs":["https:\/\/www.facebook.com\/Sindicom-doo-170277286366043\/","https:\/\/instagram.com\/sindicomdoo"]}]}},"_links":{"self":[{"href":"https:\/\/sindicom.hr\/en\/wp-json\/wp\/v2\/product\/16816","targetHints":{"allow":["GET"]}}],"collection":[{"href":"https:\/\/sindicom.hr\/en\/wp-json\/wp\/v2\/product"}],"about":[{"href":"https:\/\/sindicom.hr\/en\/wp-json\/wp\/v2\/types\/product"}],"wp:attachment":[{"href":"https:\/\/sindicom.hr\/en\/wp-json\/wp\/v2\/media?parent=16816"}],"wp:term":[{"taxonomy":"product_brand","embeddable":true,"href":"https:\/\/sindicom.hr\/en\/wp-json\/wp\/v2\/product_brand?post=16816"},{"taxonomy":"product_cat","embeddable":true,"href":"https:\/\/sindicom.hr\/en\/wp-json\/wp\/v2\/product_cat?post=16816"},{"taxonomy":"product_tag","embeddable":true,"href":"https:\/\/sindicom.hr\/en\/wp-json\/wp\/v2\/product_tag?post=16816"}],"curies":[{"name":"wp","href":"https:\/\/api.w.org\/{rel}","templated":true}]}}