{"id":16889,"date":"2020-05-11T08:43:50","date_gmt":"2020-05-11T08:43:50","guid":{"rendered":"https:\/\/sindicom.hr\/katalog\/set-klizaca-kocione-celjusti-iveco-22x98-mm-zamj\/"},"modified":"2025-10-27T12:03:10","modified_gmt":"2025-10-27T12:03:10","slug":"set-klizaca-kocione-celjusti-iveco-22x98-mm-zamj","status":"publish","type":"product","link":"https:\/\/sindicom.hr\/en\/katalog\/set-klizaca-kocione-celjusti-iveco-22x98-mm-zamj\/","title":{"rendered":"SET KLIZA\u010cA KO\u010cIONE \u010cELJUSTI 68 mm 22&#215;98 mm BREMBO IVECO ZAMJ."},"content":{"rendered":"<p>91380 AUGER  8024 ALCAN  8010 ALCAN  8100-05 MAY  960849 IVECO  4830046 IVECO  4830047 IVECO  22464662 IVECO  42533007 IVECO  42533008 IVECO  42534117 IVECO  42534118 IVECO  42534119 IVECO  42534120 IVECO  42534121 IVECO  42534122 IVECO  42555559 IVECO  42555560 IVECO  42568971 IVECO  42568972 IVECO  98468681 IVECO  98468683 IVECO  93161759 IVECO  93161028 IVECO  93161037 IVECO  93161759 IVECO  93161028 IVECO  504121785 IVECO  504121786 IVECO  500352571 IVECO  500352572 IVECO  500352575 IVECO  500352574 IVECO  42559195 IVECO  42559189 IVECO  42559190 IVECO  504234182 IVECO  504234183 IVECO  504234209 IVECO  504234210 IVECO  42533000 IVECO  42534119 IVECO  42533001 IVECO  42534120 IVECO  500352566 IVECO  500352565 IVECO  960741 IVECO  LRG507 MERITOR  LRG506 MERITOR  8100-06 MAY  822008 FRENKIT  Brake caliper repair kit 22&#215;98 mm<\/p>\n","protected":false},"excerpt":{"rendered":"<p>91380 AUGER 8024 ALCAN 8010 ALCAN 8100-05 MAY 960849 IVECO  [&#8230;]<\/p>\n","protected":false},"featured_media":0,"template":"","meta":{"inline_featured_image":false},"product_brand":[],"product_cat":[140],"product_tag":[],"class_list":{"0":"post-16889","1":"product","2":"type-product","3":"status-publish","5":"product_cat-radni-strojevi","7":"first","8":"instock","9":"shipping-taxable","10":"purchasable","11":"product-type-simple"},"yoast_head":"<!-- This site is optimized with the Yoast SEO plugin v26.2 - https:\/\/yoast.com\/wordpress\/plugins\/seo\/ -->\n<title>SET KLIZA\u010cA KO\u010cIONE \u010cELJUSTI 68 mm 22x98 mm BREMBO IVECO ZAMJ. - Sindicom<\/title>\n<meta name=\"robots\" content=\"index, follow, max-snippet:-1, max-image-preview:large, max-video-preview:-1\" \/>\n<link rel=\"canonical\" href=\"https:\/\/sindicom.hr\/en\/katalog\/set-klizaca-kocione-celjusti-iveco-22x98-mm-zamj\/\" \/>\n<meta property=\"og:locale\" content=\"en_US\" \/>\n<meta property=\"og:type\" content=\"article\" \/>\n<meta property=\"og:title\" content=\"SET KLIZA\u010cA KO\u010cIONE \u010cELJUSTI 68 mm 22x98 mm BREMBO IVECO ZAMJ. - Sindicom\" \/>\n<meta property=\"og:description\" content=\"91380 AUGER 8024 ALCAN 8010 ALCAN 8100-05 MAY 960849 IVECO [...]\" \/>\n<meta property=\"og:url\" content=\"https:\/\/sindicom.hr\/en\/katalog\/set-klizaca-kocione-celjusti-iveco-22x98-mm-zamj\/\" \/>\n<meta property=\"og:site_name\" content=\"Sindicom\" \/>\n<meta property=\"article:publisher\" content=\"https:\/\/www.facebook.com\/Sindicom-doo-170277286366043\/\" \/>\n<meta property=\"article:modified_time\" content=\"2025-10-27T12:03:10+00:00\" \/>\n<meta name=\"twitter:card\" content=\"summary_large_image\" \/>\n<script type=\"application\/ld+json\" class=\"yoast-schema-graph\">{\"@context\":\"https:\/\/schema.org\",\"@graph\":[{\"@type\":\"WebPage\",\"@id\":\"https:\/\/sindicom.hr\/en\/katalog\/set-klizaca-kocione-celjusti-iveco-22x98-mm-zamj\/\",\"url\":\"https:\/\/sindicom.hr\/en\/katalog\/set-klizaca-kocione-celjusti-iveco-22x98-mm-zamj\/\",\"name\":\"SET KLIZA\u010cA KO\u010cIONE \u010cELJUSTI 68 mm 22x98 mm BREMBO IVECO ZAMJ. - Sindicom\",\"isPartOf\":{\"@id\":\"https:\/\/sindicom.hr\/en\/#website\"},\"datePublished\":\"2020-05-11T08:43:50+00:00\",\"dateModified\":\"2025-10-27T12:03:10+00:00\",\"breadcrumb\":{\"@id\":\"https:\/\/sindicom.hr\/en\/katalog\/set-klizaca-kocione-celjusti-iveco-22x98-mm-zamj\/#breadcrumb\"},\"inLanguage\":\"en-US\",\"potentialAction\":[{\"@type\":\"ReadAction\",\"target\":[\"https:\/\/sindicom.hr\/en\/katalog\/set-klizaca-kocione-celjusti-iveco-22x98-mm-zamj\/\"]}]},{\"@type\":\"BreadcrumbList\",\"@id\":\"https:\/\/sindicom.hr\/en\/katalog\/set-klizaca-kocione-celjusti-iveco-22x98-mm-zamj\/#breadcrumb\",\"itemListElement\":[{\"@type\":\"ListItem\",\"position\":1,\"name\":\"Po\u010detna stranica\",\"item\":\"https:\/\/sindicom.hr\/en\/\"},{\"@type\":\"ListItem\",\"position\":2,\"name\":\"Katalog dijelova\",\"item\":\"https:\/\/sindicom.hr\/en\/catalog\/\"},{\"@type\":\"ListItem\",\"position\":3,\"name\":\"SET KLIZA\u010cA KO\u010cIONE \u010cELJUSTI 22&#215;98 mm IVECO ZAMJ.\"}]},{\"@type\":\"WebSite\",\"@id\":\"https:\/\/sindicom.hr\/en\/#website\",\"url\":\"https:\/\/sindicom.hr\/en\/\",\"name\":\"SINDICOM\",\"description\":\"Trade and repair of pneumatic brakes, air and hydraulic systems for trucks and buses\",\"publisher\":{\"@id\":\"https:\/\/sindicom.hr\/en\/#organization\"},\"potentialAction\":[{\"@type\":\"SearchAction\",\"target\":{\"@type\":\"EntryPoint\",\"urlTemplate\":\"https:\/\/sindicom.hr\/en\/?s={search_term_string}\"},\"query-input\":{\"@type\":\"PropertyValueSpecification\",\"valueRequired\":true,\"valueName\":\"search_term_string\"}}],\"inLanguage\":\"en-US\"},{\"@type\":\"Organization\",\"@id\":\"https:\/\/sindicom.hr\/en\/#organization\",\"name\":\"SINDICOM d.o.o.\",\"url\":\"https:\/\/sindicom.hr\/en\/\",\"logo\":{\"@type\":\"ImageObject\",\"inLanguage\":\"en-US\",\"@id\":\"https:\/\/sindicom.hr\/en\/#\/schema\/logo\/image\/\",\"url\":\"https:\/\/sindicom.hr\/wp-content\/uploads\/2019\/11\/sindicom_logo_veliki1.jpg.png\",\"contentUrl\":\"https:\/\/sindicom.hr\/wp-content\/uploads\/2019\/11\/sindicom_logo_veliki1.jpg.png\",\"width\":732,\"height\":706,\"caption\":\"SINDICOM d.o.o.\"},\"image\":{\"@id\":\"https:\/\/sindicom.hr\/en\/#\/schema\/logo\/image\/\"},\"sameAs\":[\"https:\/\/www.facebook.com\/Sindicom-doo-170277286366043\/\",\"https:\/\/instagram.com\/sindicomdoo\"]}]}<\/script>\n<!-- \/ Yoast SEO plugin. -->","yoast_head_json":{"title":"SET KLIZA\u010cA KO\u010cIONE \u010cELJUSTI 68 mm 22x98 mm BREMBO IVECO ZAMJ. - Sindicom","robots":{"index":"index","follow":"follow","max-snippet":"max-snippet:-1","max-image-preview":"max-image-preview:large","max-video-preview":"max-video-preview:-1"},"canonical":"https:\/\/sindicom.hr\/en\/katalog\/set-klizaca-kocione-celjusti-iveco-22x98-mm-zamj\/","og_locale":"en_US","og_type":"article","og_title":"SET KLIZA\u010cA KO\u010cIONE \u010cELJUSTI 68 mm 22x98 mm BREMBO IVECO ZAMJ. - Sindicom","og_description":"91380 AUGER 8024 ALCAN 8010 ALCAN 8100-05 MAY 960849 IVECO [...]","og_url":"https:\/\/sindicom.hr\/en\/katalog\/set-klizaca-kocione-celjusti-iveco-22x98-mm-zamj\/","og_site_name":"Sindicom","article_publisher":"https:\/\/www.facebook.com\/Sindicom-doo-170277286366043\/","article_modified_time":"2025-10-27T12:03:10+00:00","twitter_card":"summary_large_image","schema":{"@context":"https:\/\/schema.org","@graph":[{"@type":"WebPage","@id":"https:\/\/sindicom.hr\/en\/katalog\/set-klizaca-kocione-celjusti-iveco-22x98-mm-zamj\/","url":"https:\/\/sindicom.hr\/en\/katalog\/set-klizaca-kocione-celjusti-iveco-22x98-mm-zamj\/","name":"SET KLIZA\u010cA KO\u010cIONE \u010cELJUSTI 68 mm 22x98 mm BREMBO IVECO ZAMJ. - Sindicom","isPartOf":{"@id":"https:\/\/sindicom.hr\/en\/#website"},"datePublished":"2020-05-11T08:43:50+00:00","dateModified":"2025-10-27T12:03:10+00:00","breadcrumb":{"@id":"https:\/\/sindicom.hr\/en\/katalog\/set-klizaca-kocione-celjusti-iveco-22x98-mm-zamj\/#breadcrumb"},"inLanguage":"en-US","potentialAction":[{"@type":"ReadAction","target":["https:\/\/sindicom.hr\/en\/katalog\/set-klizaca-kocione-celjusti-iveco-22x98-mm-zamj\/"]}]},{"@type":"BreadcrumbList","@id":"https:\/\/sindicom.hr\/en\/katalog\/set-klizaca-kocione-celjusti-iveco-22x98-mm-zamj\/#breadcrumb","itemListElement":[{"@type":"ListItem","position":1,"name":"Po\u010detna stranica","item":"https:\/\/sindicom.hr\/en\/"},{"@type":"ListItem","position":2,"name":"Katalog dijelova","item":"https:\/\/sindicom.hr\/en\/catalog\/"},{"@type":"ListItem","position":3,"name":"SET KLIZA\u010cA KO\u010cIONE \u010cELJUSTI 22&#215;98 mm IVECO ZAMJ."}]},{"@type":"WebSite","@id":"https:\/\/sindicom.hr\/en\/#website","url":"https:\/\/sindicom.hr\/en\/","name":"SINDICOM","description":"Trade and repair of pneumatic brakes, air and hydraulic systems for trucks and buses","publisher":{"@id":"https:\/\/sindicom.hr\/en\/#organization"},"potentialAction":[{"@type":"SearchAction","target":{"@type":"EntryPoint","urlTemplate":"https:\/\/sindicom.hr\/en\/?s={search_term_string}"},"query-input":{"@type":"PropertyValueSpecification","valueRequired":true,"valueName":"search_term_string"}}],"inLanguage":"en-US"},{"@type":"Organization","@id":"https:\/\/sindicom.hr\/en\/#organization","name":"SINDICOM d.o.o.","url":"https:\/\/sindicom.hr\/en\/","logo":{"@type":"ImageObject","inLanguage":"en-US","@id":"https:\/\/sindicom.hr\/en\/#\/schema\/logo\/image\/","url":"https:\/\/sindicom.hr\/wp-content\/uploads\/2019\/11\/sindicom_logo_veliki1.jpg.png","contentUrl":"https:\/\/sindicom.hr\/wp-content\/uploads\/2019\/11\/sindicom_logo_veliki1.jpg.png","width":732,"height":706,"caption":"SINDICOM d.o.o."},"image":{"@id":"https:\/\/sindicom.hr\/en\/#\/schema\/logo\/image\/"},"sameAs":["https:\/\/www.facebook.com\/Sindicom-doo-170277286366043\/","https:\/\/instagram.com\/sindicomdoo"]}]}},"_links":{"self":[{"href":"https:\/\/sindicom.hr\/en\/wp-json\/wp\/v2\/product\/16889","targetHints":{"allow":["GET"]}}],"collection":[{"href":"https:\/\/sindicom.hr\/en\/wp-json\/wp\/v2\/product"}],"about":[{"href":"https:\/\/sindicom.hr\/en\/wp-json\/wp\/v2\/types\/product"}],"wp:attachment":[{"href":"https:\/\/sindicom.hr\/en\/wp-json\/wp\/v2\/media?parent=16889"}],"wp:term":[{"taxonomy":"product_brand","embeddable":true,"href":"https:\/\/sindicom.hr\/en\/wp-json\/wp\/v2\/product_brand?post=16889"},{"taxonomy":"product_cat","embeddable":true,"href":"https:\/\/sindicom.hr\/en\/wp-json\/wp\/v2\/product_cat?post=16889"},{"taxonomy":"product_tag","embeddable":true,"href":"https:\/\/sindicom.hr\/en\/wp-json\/wp\/v2\/product_tag?post=16889"}],"curies":[{"name":"wp","href":"https:\/\/api.w.org\/{rel}","templated":true}]}}