{"id":16911,"date":"2020-05-11T08:43:59","date_gmt":"2020-05-11T08:43:59","guid":{"rendered":"https:\/\/sindicom.hr\/katalog\/kociona-celjust-meritor-tvorn-reparirana-lijeva\/"},"modified":"2025-10-27T12:03:17","modified_gmt":"2025-10-27T12:03:17","slug":"kociona-celjust-meritor-tvorn-reparirana-lijeva","status":"publish","type":"product","link":"https:\/\/sindicom.hr\/en\/katalog\/kociona-celjust-meritor-tvorn-reparirana-lijeva\/","title":{"rendered":"KO\u010cIONA \u010cELJUST S RU\u010cNOM LIJEVA MERCEDES LUCAS MERITOR REP. KAUCIJA"},"content":{"rendered":"<p>LRG624 MERITOR  LRG626 MERITOR  0014203401 MERCEDES  6704206601 MERCEDES  6704206001 MERCEDES  6704204901 MERCEDES  6704206901 MERCEDES  6704205201 MERCEDES  6694205101 MERCEDES  6694204901 MERCEDES  6694205001 MERCEDES  6694206001 MERCEDES  6694206601 MERCEDES  A0014203401 MERCEDES  A6704206601 MERCEDES  A6704206001 MERCEDES  A6704204901 MERCEDES  A6704206901 MERCEDES  A6704205201 MERCEDES  A6694205101 MERCEDES  A6694204901 MERCEDES  A6694205001 MERCEDES  A6694206001 MERCEDES  A6694206601 MERCEDES  A 001 420 34 01 MERCEDES  A 670 420 66 01 MERCEDES  A 670 420 60 01 MERCEDES  A 670 420 49 01 MERCEDES  A 670 420 69 01 MERCEDES  A 670 420 52 01 MERCEDES  A 669 420 51 01 MERCEDES  A 669 420 49 01 MERCEDES  A 669 420 50 01 MERCEDES  A 669 420 60 01 MERCEDES  A 669 420 66 01 MERCEDES  Pinza freno  Bremssattel  Brake caliper  \u00c9trier de frein  Pinza de freno<\/p>\n","protected":false},"excerpt":{"rendered":"<p><img decoding=\"async\" class=\"alignnone size-medium wp-image-17710\" src=\"https:\/\/sindicom.hr\/wp-content\/uploads\/2020\/05\/meritor-300x300.png\" alt=\"\" width=\"300\" height=\"300\" srcset=\"https:\/\/sindicom.hr\/wp-content\/uploads\/2020\/05\/meritor-64x64.png 64w, https:\/\/sindicom.hr\/wp-content\/uploads\/2020\/05\/meritor-66x66.png 66w, https:\/\/sindicom.hr\/wp-content\/uploads\/2020\/05\/meritor-100x100.png 100w, https:\/\/sindicom.hr\/wp-content\/uploads\/2020\/05\/meritor-150x150.png 150w, https:\/\/sindicom.hr\/wp-content\/uploads\/2020\/05\/meritor-200x200.png 200w, https:\/\/sindicom.hr\/wp-content\/uploads\/2020\/05\/meritor.png 300w\" sizes=\"(max-width: 300px) 100vw, 300px\" \/><\/p>\n","protected":false},"featured_media":49640,"template":"","meta":{"inline_featured_image":false},"product_brand":[],"product_cat":[15,59,113,107],"product_tag":[],"class_list":{"0":"post-16911","1":"product","2":"type-product","3":"status-publish","4":"has-post-thumbnail","6":"product_cat-all-products","7":"product_cat-kocione-celjusti","8":"product_cat-mercedes-teretna-vozila","9":"product_cat-teretna-vozila","11":"first","12":"instock","13":"shipping-taxable","14":"purchasable","15":"product-type-simple"},"yoast_head":"<!-- This site is optimized with the Yoast SEO plugin v26.2 - https:\/\/yoast.com\/wordpress\/plugins\/seo\/ -->\n<title>KO\u010cIONA \u010cELJUST S RU\u010cNOM LIJEVA MERCEDES LUCAS MERITOR REP. KAUCIJA - Sindicom<\/title>\n<meta name=\"robots\" content=\"index, follow, max-snippet:-1, max-image-preview:large, max-video-preview:-1\" \/>\n<link rel=\"canonical\" href=\"https:\/\/sindicom.hr\/en\/katalog\/kociona-celjust-meritor-tvorn-reparirana-lijeva\/\" \/>\n<meta property=\"og:locale\" content=\"en_US\" \/>\n<meta property=\"og:type\" content=\"article\" \/>\n<meta property=\"og:title\" content=\"KO\u010cIONA \u010cELJUST S RU\u010cNOM LIJEVA MERCEDES LUCAS MERITOR REP. KAUCIJA - Sindicom\" \/>\n<meta property=\"og:url\" content=\"https:\/\/sindicom.hr\/en\/katalog\/kociona-celjust-meritor-tvorn-reparirana-lijeva\/\" \/>\n<meta property=\"og:site_name\" content=\"Sindicom\" \/>\n<meta property=\"article:publisher\" content=\"https:\/\/www.facebook.com\/Sindicom-doo-170277286366043\/\" \/>\n<meta property=\"article:modified_time\" content=\"2025-10-27T12:03:17+00:00\" \/>\n<meta property=\"og:image\" content=\"https:\/\/sindicom.hr\/wp-content\/uploads\/2020\/05\/LRG624.webp\" \/>\n\t<meta property=\"og:image:width\" content=\"1800\" \/>\n\t<meta property=\"og:image:height\" content=\"1013\" \/>\n\t<meta property=\"og:image:type\" content=\"image\/webp\" \/>\n<meta name=\"twitter:card\" content=\"summary_large_image\" \/>\n<meta name=\"twitter:label1\" content=\"Est. reading time\" \/>\n\t<meta name=\"twitter:data1\" content=\"1 minute\" \/>\n<script type=\"application\/ld+json\" class=\"yoast-schema-graph\">{\"@context\":\"https:\/\/schema.org\",\"@graph\":[{\"@type\":\"WebPage\",\"@id\":\"https:\/\/sindicom.hr\/en\/katalog\/kociona-celjust-meritor-tvorn-reparirana-lijeva\/\",\"url\":\"https:\/\/sindicom.hr\/en\/katalog\/kociona-celjust-meritor-tvorn-reparirana-lijeva\/\",\"name\":\"KO\u010cIONA \u010cELJUST S RU\u010cNOM LIJEVA MERCEDES LUCAS MERITOR REP. KAUCIJA - Sindicom\",\"isPartOf\":{\"@id\":\"https:\/\/sindicom.hr\/en\/#website\"},\"primaryImageOfPage\":{\"@id\":\"https:\/\/sindicom.hr\/en\/katalog\/kociona-celjust-meritor-tvorn-reparirana-lijeva\/#primaryimage\"},\"image\":{\"@id\":\"https:\/\/sindicom.hr\/en\/katalog\/kociona-celjust-meritor-tvorn-reparirana-lijeva\/#primaryimage\"},\"thumbnailUrl\":\"https:\/\/sindicom.hr\/wp-content\/uploads\/2020\/05\/LRG624.webp\",\"datePublished\":\"2020-05-11T08:43:59+00:00\",\"dateModified\":\"2025-10-27T12:03:17+00:00\",\"breadcrumb\":{\"@id\":\"https:\/\/sindicom.hr\/en\/katalog\/kociona-celjust-meritor-tvorn-reparirana-lijeva\/#breadcrumb\"},\"inLanguage\":\"en-US\",\"potentialAction\":[{\"@type\":\"ReadAction\",\"target\":[\"https:\/\/sindicom.hr\/en\/katalog\/kociona-celjust-meritor-tvorn-reparirana-lijeva\/\"]}]},{\"@type\":\"ImageObject\",\"inLanguage\":\"en-US\",\"@id\":\"https:\/\/sindicom.hr\/en\/katalog\/kociona-celjust-meritor-tvorn-reparirana-lijeva\/#primaryimage\",\"url\":\"https:\/\/sindicom.hr\/wp-content\/uploads\/2020\/05\/LRG624.webp\",\"contentUrl\":\"https:\/\/sindicom.hr\/wp-content\/uploads\/2020\/05\/LRG624.webp\",\"width\":1800,\"height\":1013},{\"@type\":\"BreadcrumbList\",\"@id\":\"https:\/\/sindicom.hr\/en\/katalog\/kociona-celjust-meritor-tvorn-reparirana-lijeva\/#breadcrumb\",\"itemListElement\":[{\"@type\":\"ListItem\",\"position\":1,\"name\":\"Po\u010detna stranica\",\"item\":\"https:\/\/sindicom.hr\/en\/\"},{\"@type\":\"ListItem\",\"position\":2,\"name\":\"Katalog dijelova\",\"item\":\"https:\/\/sindicom.hr\/en\/catalog\/\"},{\"@type\":\"ListItem\",\"position\":3,\"name\":\"KO\u010cIONA \u010cELJUST S RU\u010cNOM LIJEVA MERCEDES LUCAS MERITOR REP. KAUCIJA\"}]},{\"@type\":\"WebSite\",\"@id\":\"https:\/\/sindicom.hr\/en\/#website\",\"url\":\"https:\/\/sindicom.hr\/en\/\",\"name\":\"SINDICOM\",\"description\":\"Trade and repair of pneumatic brakes, air and hydraulic systems for trucks and buses\",\"publisher\":{\"@id\":\"https:\/\/sindicom.hr\/en\/#organization\"},\"potentialAction\":[{\"@type\":\"SearchAction\",\"target\":{\"@type\":\"EntryPoint\",\"urlTemplate\":\"https:\/\/sindicom.hr\/en\/?s={search_term_string}\"},\"query-input\":{\"@type\":\"PropertyValueSpecification\",\"valueRequired\":true,\"valueName\":\"search_term_string\"}}],\"inLanguage\":\"en-US\"},{\"@type\":\"Organization\",\"@id\":\"https:\/\/sindicom.hr\/en\/#organization\",\"name\":\"SINDICOM d.o.o.\",\"url\":\"https:\/\/sindicom.hr\/en\/\",\"logo\":{\"@type\":\"ImageObject\",\"inLanguage\":\"en-US\",\"@id\":\"https:\/\/sindicom.hr\/en\/#\/schema\/logo\/image\/\",\"url\":\"https:\/\/sindicom.hr\/wp-content\/uploads\/2019\/11\/sindicom_logo_veliki1.jpg.png\",\"contentUrl\":\"https:\/\/sindicom.hr\/wp-content\/uploads\/2019\/11\/sindicom_logo_veliki1.jpg.png\",\"width\":732,\"height\":706,\"caption\":\"SINDICOM d.o.o.\"},\"image\":{\"@id\":\"https:\/\/sindicom.hr\/en\/#\/schema\/logo\/image\/\"},\"sameAs\":[\"https:\/\/www.facebook.com\/Sindicom-doo-170277286366043\/\",\"https:\/\/instagram.com\/sindicomdoo\"]}]}<\/script>\n<!-- \/ Yoast SEO plugin. -->","yoast_head_json":{"title":"KO\u010cIONA \u010cELJUST S RU\u010cNOM LIJEVA MERCEDES LUCAS MERITOR REP. KAUCIJA - Sindicom","robots":{"index":"index","follow":"follow","max-snippet":"max-snippet:-1","max-image-preview":"max-image-preview:large","max-video-preview":"max-video-preview:-1"},"canonical":"https:\/\/sindicom.hr\/en\/katalog\/kociona-celjust-meritor-tvorn-reparirana-lijeva\/","og_locale":"en_US","og_type":"article","og_title":"KO\u010cIONA \u010cELJUST S RU\u010cNOM LIJEVA MERCEDES LUCAS MERITOR REP. KAUCIJA - Sindicom","og_url":"https:\/\/sindicom.hr\/en\/katalog\/kociona-celjust-meritor-tvorn-reparirana-lijeva\/","og_site_name":"Sindicom","article_publisher":"https:\/\/www.facebook.com\/Sindicom-doo-170277286366043\/","article_modified_time":"2025-10-27T12:03:17+00:00","og_image":[{"width":1800,"height":1013,"url":"https:\/\/sindicom.hr\/wp-content\/uploads\/2020\/05\/LRG624.webp","type":"image\/webp"}],"twitter_card":"summary_large_image","twitter_misc":{"Est. reading time":"1 minute"},"schema":{"@context":"https:\/\/schema.org","@graph":[{"@type":"WebPage","@id":"https:\/\/sindicom.hr\/en\/katalog\/kociona-celjust-meritor-tvorn-reparirana-lijeva\/","url":"https:\/\/sindicom.hr\/en\/katalog\/kociona-celjust-meritor-tvorn-reparirana-lijeva\/","name":"KO\u010cIONA \u010cELJUST S RU\u010cNOM LIJEVA MERCEDES LUCAS MERITOR REP. KAUCIJA - Sindicom","isPartOf":{"@id":"https:\/\/sindicom.hr\/en\/#website"},"primaryImageOfPage":{"@id":"https:\/\/sindicom.hr\/en\/katalog\/kociona-celjust-meritor-tvorn-reparirana-lijeva\/#primaryimage"},"image":{"@id":"https:\/\/sindicom.hr\/en\/katalog\/kociona-celjust-meritor-tvorn-reparirana-lijeva\/#primaryimage"},"thumbnailUrl":"https:\/\/sindicom.hr\/wp-content\/uploads\/2020\/05\/LRG624.webp","datePublished":"2020-05-11T08:43:59+00:00","dateModified":"2025-10-27T12:03:17+00:00","breadcrumb":{"@id":"https:\/\/sindicom.hr\/en\/katalog\/kociona-celjust-meritor-tvorn-reparirana-lijeva\/#breadcrumb"},"inLanguage":"en-US","potentialAction":[{"@type":"ReadAction","target":["https:\/\/sindicom.hr\/en\/katalog\/kociona-celjust-meritor-tvorn-reparirana-lijeva\/"]}]},{"@type":"ImageObject","inLanguage":"en-US","@id":"https:\/\/sindicom.hr\/en\/katalog\/kociona-celjust-meritor-tvorn-reparirana-lijeva\/#primaryimage","url":"https:\/\/sindicom.hr\/wp-content\/uploads\/2020\/05\/LRG624.webp","contentUrl":"https:\/\/sindicom.hr\/wp-content\/uploads\/2020\/05\/LRG624.webp","width":1800,"height":1013},{"@type":"BreadcrumbList","@id":"https:\/\/sindicom.hr\/en\/katalog\/kociona-celjust-meritor-tvorn-reparirana-lijeva\/#breadcrumb","itemListElement":[{"@type":"ListItem","position":1,"name":"Po\u010detna stranica","item":"https:\/\/sindicom.hr\/en\/"},{"@type":"ListItem","position":2,"name":"Katalog dijelova","item":"https:\/\/sindicom.hr\/en\/catalog\/"},{"@type":"ListItem","position":3,"name":"KO\u010cIONA \u010cELJUST S RU\u010cNOM LIJEVA MERCEDES LUCAS MERITOR REP. KAUCIJA"}]},{"@type":"WebSite","@id":"https:\/\/sindicom.hr\/en\/#website","url":"https:\/\/sindicom.hr\/en\/","name":"SINDICOM","description":"Trade and repair of pneumatic brakes, air and hydraulic systems for trucks and buses","publisher":{"@id":"https:\/\/sindicom.hr\/en\/#organization"},"potentialAction":[{"@type":"SearchAction","target":{"@type":"EntryPoint","urlTemplate":"https:\/\/sindicom.hr\/en\/?s={search_term_string}"},"query-input":{"@type":"PropertyValueSpecification","valueRequired":true,"valueName":"search_term_string"}}],"inLanguage":"en-US"},{"@type":"Organization","@id":"https:\/\/sindicom.hr\/en\/#organization","name":"SINDICOM d.o.o.","url":"https:\/\/sindicom.hr\/en\/","logo":{"@type":"ImageObject","inLanguage":"en-US","@id":"https:\/\/sindicom.hr\/en\/#\/schema\/logo\/image\/","url":"https:\/\/sindicom.hr\/wp-content\/uploads\/2019\/11\/sindicom_logo_veliki1.jpg.png","contentUrl":"https:\/\/sindicom.hr\/wp-content\/uploads\/2019\/11\/sindicom_logo_veliki1.jpg.png","width":732,"height":706,"caption":"SINDICOM d.o.o."},"image":{"@id":"https:\/\/sindicom.hr\/en\/#\/schema\/logo\/image\/"},"sameAs":["https:\/\/www.facebook.com\/Sindicom-doo-170277286366043\/","https:\/\/instagram.com\/sindicomdoo"]}]}},"_links":{"self":[{"href":"https:\/\/sindicom.hr\/en\/wp-json\/wp\/v2\/product\/16911","targetHints":{"allow":["GET"]}}],"collection":[{"href":"https:\/\/sindicom.hr\/en\/wp-json\/wp\/v2\/product"}],"about":[{"href":"https:\/\/sindicom.hr\/en\/wp-json\/wp\/v2\/types\/product"}],"wp:featuredmedia":[{"embeddable":true,"href":"https:\/\/sindicom.hr\/en\/wp-json\/wp\/v2\/media\/49640"}],"wp:attachment":[{"href":"https:\/\/sindicom.hr\/en\/wp-json\/wp\/v2\/media?parent=16911"}],"wp:term":[{"taxonomy":"product_brand","embeddable":true,"href":"https:\/\/sindicom.hr\/en\/wp-json\/wp\/v2\/product_brand?post=16911"},{"taxonomy":"product_cat","embeddable":true,"href":"https:\/\/sindicom.hr\/en\/wp-json\/wp\/v2\/product_cat?post=16911"},{"taxonomy":"product_tag","embeddable":true,"href":"https:\/\/sindicom.hr\/en\/wp-json\/wp\/v2\/product_tag?post=16911"}],"curies":[{"name":"wp","href":"https:\/\/api.w.org\/{rel}","templated":true}]}}