{"id":16946,"date":"2020-05-11T08:44:15","date_gmt":"2020-05-11T08:44:15","guid":{"rendered":"https:\/\/sindicom.hr\/katalog\/odusak-isusivaca-zraka-bosch-kutni-90-mercedes-org\/"},"modified":"2025-10-27T12:03:29","modified_gmt":"2025-10-27T12:03:29","slug":"odusak-isusivaca-zraka-bosch-kutni-90-mercedes-org","status":"publish","type":"product","link":"https:\/\/sindicom.hr\/en\/katalog\/odusak-isusivaca-zraka-bosch-kutni-90-mercedes-org\/","title":{"rendered":"ODU\u0160AK ISU\u0160IVA\u010cA ZRAKA KUTNI 90\u00b0 BOSCH KNORR MERCEDES OE"},"content":{"rendered":"<p>A0004291739 MERCEDES  0484210104 BOSCH KNORR  0484210104170 BOSCH KNORR  9324000010 WABCO  9324000020 WABCO  9324000050 WABCO  9324000060 WABCO  9324000230 WABCO  9325000050 WABCO  9324000230 WABCO  9324000140 WABCO  9324000160 WABCO  9324000240 WABCO  9324000020 WABCO  932400 WABCO  LA9000 KNORR  LA90 KNORR  EL22 KNORR  0004291739 MERCEDES  A 000 429 17 39 MERCEDES  Exhaust Port  Air dryer plastic vent  Auslass\u00f6ffnung  Kunststoffentl\u00fcftung f\u00fcr Lufttrockner  Porta di scarico  Sfiato in plastica per essiccatore d&#8217;aria<\/p>\n","protected":false},"excerpt":{"rendered":"<p><img decoding=\"async\" class=\"alignnone size-medium wp-image-17699\" src=\"https:\/\/sindicom.hr\/wp-content\/uploads\/2020\/05\/bosch-300x300.png\" alt=\"\" width=\"300\" height=\"300\" srcset=\"https:\/\/sindicom.hr\/wp-content\/uploads\/2020\/05\/bosch-64x64.png 64w, https:\/\/sindicom.hr\/wp-content\/uploads\/2020\/05\/bosch-66x66.png 66w, https:\/\/sindicom.hr\/wp-content\/uploads\/2020\/05\/bosch-100x100.png 100w, https:\/\/sindicom.hr\/wp-content\/uploads\/2020\/05\/bosch-150x150.png 150w, https:\/\/sindicom.hr\/wp-content\/uploads\/2020\/05\/bosch-200x200.png 200w, https:\/\/sindicom.hr\/wp-content\/uploads\/2020\/05\/bosch.png 300w\" sizes=\"(max-width: 300px) 100vw, 300px\" \/><\/p>\n","protected":false},"featured_media":34865,"template":"","meta":{"inline_featured_image":false},"product_brand":[],"product_cat":[15,113,120,107],"product_tag":[],"class_list":{"0":"post-16946","1":"product","2":"type-product","3":"status-publish","4":"has-post-thumbnail","6":"product_cat-all-products","7":"product_cat-mercedes-teretna-vozila","8":"product_cat-reparaturni-setovi","9":"product_cat-teretna-vozila","11":"first","12":"instock","13":"shipping-taxable","14":"purchasable","15":"product-type-simple"},"yoast_head":"<!-- This site is optimized with the Yoast SEO plugin v26.2 - https:\/\/yoast.com\/wordpress\/plugins\/seo\/ -->\n<title>ODU\u0160AK ISU\u0160IVA\u010cA ZRAKA KUTNI 90\u00b0 BOSCH KNORR MERCEDES OE - Sindicom<\/title>\n<meta name=\"robots\" content=\"index, follow, max-snippet:-1, max-image-preview:large, max-video-preview:-1\" \/>\n<link rel=\"canonical\" href=\"https:\/\/sindicom.hr\/en\/katalog\/odusak-isusivaca-zraka-bosch-kutni-90-mercedes-org\/\" \/>\n<meta property=\"og:locale\" content=\"en_US\" \/>\n<meta property=\"og:type\" content=\"article\" \/>\n<meta property=\"og:title\" content=\"ODU\u0160AK ISU\u0160IVA\u010cA ZRAKA KUTNI 90\u00b0 BOSCH KNORR MERCEDES OE - Sindicom\" \/>\n<meta property=\"og:url\" content=\"https:\/\/sindicom.hr\/en\/katalog\/odusak-isusivaca-zraka-bosch-kutni-90-mercedes-org\/\" \/>\n<meta property=\"og:site_name\" content=\"Sindicom\" \/>\n<meta property=\"article:publisher\" content=\"https:\/\/www.facebook.com\/Sindicom-doo-170277286366043\/\" \/>\n<meta property=\"article:modified_time\" content=\"2025-10-27T12:03:29+00:00\" \/>\n<meta property=\"og:image\" content=\"https:\/\/sindicom.hr\/wp-content\/uploads\/2020\/05\/A0004291739-MERCEDES.webp\" \/>\n\t<meta property=\"og:image:width\" content=\"600\" \/>\n\t<meta property=\"og:image:height\" content=\"600\" \/>\n\t<meta property=\"og:image:type\" content=\"image\/webp\" \/>\n<meta name=\"twitter:card\" content=\"summary_large_image\" \/>\n<meta name=\"twitter:label1\" content=\"Est. reading time\" \/>\n\t<meta name=\"twitter:data1\" content=\"1 minute\" \/>\n<script type=\"application\/ld+json\" class=\"yoast-schema-graph\">{\"@context\":\"https:\/\/schema.org\",\"@graph\":[{\"@type\":\"WebPage\",\"@id\":\"https:\/\/sindicom.hr\/en\/katalog\/odusak-isusivaca-zraka-bosch-kutni-90-mercedes-org\/\",\"url\":\"https:\/\/sindicom.hr\/en\/katalog\/odusak-isusivaca-zraka-bosch-kutni-90-mercedes-org\/\",\"name\":\"ODU\u0160AK ISU\u0160IVA\u010cA ZRAKA KUTNI 90\u00b0 BOSCH KNORR MERCEDES OE - Sindicom\",\"isPartOf\":{\"@id\":\"https:\/\/sindicom.hr\/en\/#website\"},\"primaryImageOfPage\":{\"@id\":\"https:\/\/sindicom.hr\/en\/katalog\/odusak-isusivaca-zraka-bosch-kutni-90-mercedes-org\/#primaryimage\"},\"image\":{\"@id\":\"https:\/\/sindicom.hr\/en\/katalog\/odusak-isusivaca-zraka-bosch-kutni-90-mercedes-org\/#primaryimage\"},\"thumbnailUrl\":\"https:\/\/sindicom.hr\/wp-content\/uploads\/2020\/05\/A0004291739-MERCEDES.webp\",\"datePublished\":\"2020-05-11T08:44:15+00:00\",\"dateModified\":\"2025-10-27T12:03:29+00:00\",\"breadcrumb\":{\"@id\":\"https:\/\/sindicom.hr\/en\/katalog\/odusak-isusivaca-zraka-bosch-kutni-90-mercedes-org\/#breadcrumb\"},\"inLanguage\":\"en-US\",\"potentialAction\":[{\"@type\":\"ReadAction\",\"target\":[\"https:\/\/sindicom.hr\/en\/katalog\/odusak-isusivaca-zraka-bosch-kutni-90-mercedes-org\/\"]}]},{\"@type\":\"ImageObject\",\"inLanguage\":\"en-US\",\"@id\":\"https:\/\/sindicom.hr\/en\/katalog\/odusak-isusivaca-zraka-bosch-kutni-90-mercedes-org\/#primaryimage\",\"url\":\"https:\/\/sindicom.hr\/wp-content\/uploads\/2020\/05\/A0004291739-MERCEDES.webp\",\"contentUrl\":\"https:\/\/sindicom.hr\/wp-content\/uploads\/2020\/05\/A0004291739-MERCEDES.webp\",\"width\":600,\"height\":600},{\"@type\":\"BreadcrumbList\",\"@id\":\"https:\/\/sindicom.hr\/en\/katalog\/odusak-isusivaca-zraka-bosch-kutni-90-mercedes-org\/#breadcrumb\",\"itemListElement\":[{\"@type\":\"ListItem\",\"position\":1,\"name\":\"Po\u010detna stranica\",\"item\":\"https:\/\/sindicom.hr\/en\/\"},{\"@type\":\"ListItem\",\"position\":2,\"name\":\"Katalog dijelova\",\"item\":\"https:\/\/sindicom.hr\/en\/catalog\/\"},{\"@type\":\"ListItem\",\"position\":3,\"name\":\"ODU\u0160AK ISU\u0160IVA\u010cA ZRAKA KUTNI 90\u00b0 BOSCH KNORR MERCEDES OE\"}]},{\"@type\":\"WebSite\",\"@id\":\"https:\/\/sindicom.hr\/en\/#website\",\"url\":\"https:\/\/sindicom.hr\/en\/\",\"name\":\"SINDICOM\",\"description\":\"Trade and repair of pneumatic brakes, air and hydraulic systems for trucks and buses\",\"publisher\":{\"@id\":\"https:\/\/sindicom.hr\/en\/#organization\"},\"potentialAction\":[{\"@type\":\"SearchAction\",\"target\":{\"@type\":\"EntryPoint\",\"urlTemplate\":\"https:\/\/sindicom.hr\/en\/?s={search_term_string}\"},\"query-input\":{\"@type\":\"PropertyValueSpecification\",\"valueRequired\":true,\"valueName\":\"search_term_string\"}}],\"inLanguage\":\"en-US\"},{\"@type\":\"Organization\",\"@id\":\"https:\/\/sindicom.hr\/en\/#organization\",\"name\":\"SINDICOM d.o.o.\",\"url\":\"https:\/\/sindicom.hr\/en\/\",\"logo\":{\"@type\":\"ImageObject\",\"inLanguage\":\"en-US\",\"@id\":\"https:\/\/sindicom.hr\/en\/#\/schema\/logo\/image\/\",\"url\":\"https:\/\/sindicom.hr\/wp-content\/uploads\/2019\/11\/sindicom_logo_veliki1.jpg.png\",\"contentUrl\":\"https:\/\/sindicom.hr\/wp-content\/uploads\/2019\/11\/sindicom_logo_veliki1.jpg.png\",\"width\":732,\"height\":706,\"caption\":\"SINDICOM d.o.o.\"},\"image\":{\"@id\":\"https:\/\/sindicom.hr\/en\/#\/schema\/logo\/image\/\"},\"sameAs\":[\"https:\/\/www.facebook.com\/Sindicom-doo-170277286366043\/\",\"https:\/\/instagram.com\/sindicomdoo\"]}]}<\/script>\n<!-- \/ Yoast SEO plugin. -->","yoast_head_json":{"title":"ODU\u0160AK ISU\u0160IVA\u010cA ZRAKA KUTNI 90\u00b0 BOSCH KNORR MERCEDES OE - Sindicom","robots":{"index":"index","follow":"follow","max-snippet":"max-snippet:-1","max-image-preview":"max-image-preview:large","max-video-preview":"max-video-preview:-1"},"canonical":"https:\/\/sindicom.hr\/en\/katalog\/odusak-isusivaca-zraka-bosch-kutni-90-mercedes-org\/","og_locale":"en_US","og_type":"article","og_title":"ODU\u0160AK ISU\u0160IVA\u010cA ZRAKA KUTNI 90\u00b0 BOSCH KNORR MERCEDES OE - Sindicom","og_url":"https:\/\/sindicom.hr\/en\/katalog\/odusak-isusivaca-zraka-bosch-kutni-90-mercedes-org\/","og_site_name":"Sindicom","article_publisher":"https:\/\/www.facebook.com\/Sindicom-doo-170277286366043\/","article_modified_time":"2025-10-27T12:03:29+00:00","og_image":[{"width":600,"height":600,"url":"https:\/\/sindicom.hr\/wp-content\/uploads\/2020\/05\/A0004291739-MERCEDES.webp","type":"image\/webp"}],"twitter_card":"summary_large_image","twitter_misc":{"Est. reading time":"1 minute"},"schema":{"@context":"https:\/\/schema.org","@graph":[{"@type":"WebPage","@id":"https:\/\/sindicom.hr\/en\/katalog\/odusak-isusivaca-zraka-bosch-kutni-90-mercedes-org\/","url":"https:\/\/sindicom.hr\/en\/katalog\/odusak-isusivaca-zraka-bosch-kutni-90-mercedes-org\/","name":"ODU\u0160AK ISU\u0160IVA\u010cA ZRAKA KUTNI 90\u00b0 BOSCH KNORR MERCEDES OE - Sindicom","isPartOf":{"@id":"https:\/\/sindicom.hr\/en\/#website"},"primaryImageOfPage":{"@id":"https:\/\/sindicom.hr\/en\/katalog\/odusak-isusivaca-zraka-bosch-kutni-90-mercedes-org\/#primaryimage"},"image":{"@id":"https:\/\/sindicom.hr\/en\/katalog\/odusak-isusivaca-zraka-bosch-kutni-90-mercedes-org\/#primaryimage"},"thumbnailUrl":"https:\/\/sindicom.hr\/wp-content\/uploads\/2020\/05\/A0004291739-MERCEDES.webp","datePublished":"2020-05-11T08:44:15+00:00","dateModified":"2025-10-27T12:03:29+00:00","breadcrumb":{"@id":"https:\/\/sindicom.hr\/en\/katalog\/odusak-isusivaca-zraka-bosch-kutni-90-mercedes-org\/#breadcrumb"},"inLanguage":"en-US","potentialAction":[{"@type":"ReadAction","target":["https:\/\/sindicom.hr\/en\/katalog\/odusak-isusivaca-zraka-bosch-kutni-90-mercedes-org\/"]}]},{"@type":"ImageObject","inLanguage":"en-US","@id":"https:\/\/sindicom.hr\/en\/katalog\/odusak-isusivaca-zraka-bosch-kutni-90-mercedes-org\/#primaryimage","url":"https:\/\/sindicom.hr\/wp-content\/uploads\/2020\/05\/A0004291739-MERCEDES.webp","contentUrl":"https:\/\/sindicom.hr\/wp-content\/uploads\/2020\/05\/A0004291739-MERCEDES.webp","width":600,"height":600},{"@type":"BreadcrumbList","@id":"https:\/\/sindicom.hr\/en\/katalog\/odusak-isusivaca-zraka-bosch-kutni-90-mercedes-org\/#breadcrumb","itemListElement":[{"@type":"ListItem","position":1,"name":"Po\u010detna stranica","item":"https:\/\/sindicom.hr\/en\/"},{"@type":"ListItem","position":2,"name":"Katalog dijelova","item":"https:\/\/sindicom.hr\/en\/catalog\/"},{"@type":"ListItem","position":3,"name":"ODU\u0160AK ISU\u0160IVA\u010cA ZRAKA KUTNI 90\u00b0 BOSCH KNORR MERCEDES OE"}]},{"@type":"WebSite","@id":"https:\/\/sindicom.hr\/en\/#website","url":"https:\/\/sindicom.hr\/en\/","name":"SINDICOM","description":"Trade and repair of pneumatic brakes, air and hydraulic systems for trucks and buses","publisher":{"@id":"https:\/\/sindicom.hr\/en\/#organization"},"potentialAction":[{"@type":"SearchAction","target":{"@type":"EntryPoint","urlTemplate":"https:\/\/sindicom.hr\/en\/?s={search_term_string}"},"query-input":{"@type":"PropertyValueSpecification","valueRequired":true,"valueName":"search_term_string"}}],"inLanguage":"en-US"},{"@type":"Organization","@id":"https:\/\/sindicom.hr\/en\/#organization","name":"SINDICOM d.o.o.","url":"https:\/\/sindicom.hr\/en\/","logo":{"@type":"ImageObject","inLanguage":"en-US","@id":"https:\/\/sindicom.hr\/en\/#\/schema\/logo\/image\/","url":"https:\/\/sindicom.hr\/wp-content\/uploads\/2019\/11\/sindicom_logo_veliki1.jpg.png","contentUrl":"https:\/\/sindicom.hr\/wp-content\/uploads\/2019\/11\/sindicom_logo_veliki1.jpg.png","width":732,"height":706,"caption":"SINDICOM d.o.o."},"image":{"@id":"https:\/\/sindicom.hr\/en\/#\/schema\/logo\/image\/"},"sameAs":["https:\/\/www.facebook.com\/Sindicom-doo-170277286366043\/","https:\/\/instagram.com\/sindicomdoo"]}]}},"_links":{"self":[{"href":"https:\/\/sindicom.hr\/en\/wp-json\/wp\/v2\/product\/16946","targetHints":{"allow":["GET"]}}],"collection":[{"href":"https:\/\/sindicom.hr\/en\/wp-json\/wp\/v2\/product"}],"about":[{"href":"https:\/\/sindicom.hr\/en\/wp-json\/wp\/v2\/types\/product"}],"wp:featuredmedia":[{"embeddable":true,"href":"https:\/\/sindicom.hr\/en\/wp-json\/wp\/v2\/media\/34865"}],"wp:attachment":[{"href":"https:\/\/sindicom.hr\/en\/wp-json\/wp\/v2\/media?parent=16946"}],"wp:term":[{"taxonomy":"product_brand","embeddable":true,"href":"https:\/\/sindicom.hr\/en\/wp-json\/wp\/v2\/product_brand?post=16946"},{"taxonomy":"product_cat","embeddable":true,"href":"https:\/\/sindicom.hr\/en\/wp-json\/wp\/v2\/product_cat?post=16946"},{"taxonomy":"product_tag","embeddable":true,"href":"https:\/\/sindicom.hr\/en\/wp-json\/wp\/v2\/product_tag?post=16946"}],"curies":[{"name":"wp","href":"https:\/\/api.w.org\/{rel}","templated":true}]}}