{"id":16989,"date":"2020-05-11T08:44:45","date_gmt":"2020-05-11T08:44:45","guid":{"rendered":"https:\/\/sindicom.hr\/katalog\/pumpa-za-dizanje-kabine-scania-4-r-zamj-2\/"},"modified":"2025-10-27T12:03:42","modified_gmt":"2025-10-27T12:03:42","slug":"pumpa-za-dizanje-kabine-scania-4-r-zamj-2","status":"publish","type":"product","link":"https:\/\/sindicom.hr\/en\/katalog\/pumpa-za-dizanje-kabine-scania-4-r-zamj-2\/","title":{"rendered":"SET BRTVA KU\u010cI\u0160TA CILINDRA BRZINA NA MJENJA\u010cU ZF KPL. OE"},"content":{"rendered":"<p>1325.298.011 ZF  1325298011 ZF  0634303629 ZF  0634306235 ZF  0634313018 ZF  0634313320 ZF  0634313805 ZF  0634801062 ZF  0634801249 ZF  0730008055 ZF  0730008604 ZF  0730008637 ZF  0730009515 ZF  0734307294 ZF  0750112066 ZF  0750112131 ZF  0750112177 ZF  0750112253 ZF  1325298011 ZF  0734307294 ZF  1325.298.011 000 ZF  1317285 DAF  42530451 IVECO  98347203 IVECO  81965030230 MAN  81.96503-0230 MAN  81964010163 MAN  81.96401-0163 MAN  5001843136 RENAULT  139659 DT  298923 CEI  49x91x7.4\/74 mm  ZF Gearbox Piston Rod repair kit  ZF Getriebe-Kolbenstangen-Reparatursatz  Kit di riparazione dello stelo del pistone del cambio ZF  Kit de r\u00e9paration de tige de piston de bo\u00eete de vitesses ZF<\/p>\n","protected":false},"excerpt":{"rendered":"<p><img decoding=\"async\" class=\"alignnone size-medium wp-image-17694\" src=\"https:\/\/sindicom.hr\/wp-content\/uploads\/2020\/05\/aftermarket-300x300.png\" alt=\"\" width=\"300\" height=\"300\" srcset=\"https:\/\/sindicom.hr\/wp-content\/uploads\/2020\/05\/aftermarket-64x64.png 64w, https:\/\/sindicom.hr\/wp-content\/uploads\/2020\/05\/aftermarket-66x66.png 66w, https:\/\/sindicom.hr\/wp-content\/uploads\/2020\/05\/aftermarket-100x100.png 100w, https:\/\/sindicom.hr\/wp-content\/uploads\/2020\/05\/aftermarket-150x150.png 150w, https:\/\/sindicom.hr\/wp-content\/uploads\/2020\/05\/aftermarket-200x200.png 200w, https:\/\/sindicom.hr\/wp-content\/uploads\/2020\/05\/aftermarket.png 300w\" sizes=\"(max-width: 300px) 100vw, 300px\" \/><\/p>\n","protected":false},"featured_media":48962,"template":"","meta":{"inline_featured_image":false},"product_brand":[],"product_cat":[15,126,110,108,112,120,109,107,64],"product_tag":[],"class_list":{"0":"post-16989","1":"product","2":"type-product","3":"status-publish","4":"has-post-thumbnail","6":"product_cat-all-products","7":"product_cat-daf","8":"product_cat-iveco-teretna-vozila","9":"product_cat-man-teretna-vozila","10":"product_cat-renault","11":"product_cat-reparaturni-setovi","12":"product_cat-scania-teretna-vozila","13":"product_cat-teretna-vozila","14":"product_cat-zf-dijelovi-mjenjaca","16":"first","17":"instock","18":"shipping-taxable","19":"purchasable","20":"product-type-simple"},"yoast_head":"<!-- This site is optimized with the Yoast SEO plugin v26.2 - https:\/\/yoast.com\/wordpress\/plugins\/seo\/ -->\n<title>SET BRTVA KU\u010cI\u0160TA CILINDRA BRZINA NA MJENJA\u010cU ZF KPL. OE - Sindicom<\/title>\n<meta name=\"robots\" content=\"index, follow, max-snippet:-1, max-image-preview:large, max-video-preview:-1\" \/>\n<link rel=\"canonical\" href=\"https:\/\/sindicom.hr\/en\/katalog\/pumpa-za-dizanje-kabine-scania-4-r-zamj-2\/\" \/>\n<meta property=\"og:locale\" content=\"en_US\" \/>\n<meta property=\"og:type\" content=\"article\" \/>\n<meta property=\"og:title\" content=\"SET BRTVA KU\u010cI\u0160TA CILINDRA BRZINA NA MJENJA\u010cU ZF KPL. OE - Sindicom\" \/>\n<meta property=\"og:url\" content=\"https:\/\/sindicom.hr\/en\/katalog\/pumpa-za-dizanje-kabine-scania-4-r-zamj-2\/\" \/>\n<meta property=\"og:site_name\" content=\"Sindicom\" \/>\n<meta property=\"article:publisher\" content=\"https:\/\/www.facebook.com\/Sindicom-doo-170277286366043\/\" \/>\n<meta property=\"article:modified_time\" content=\"2025-10-27T12:03:42+00:00\" \/>\n<meta property=\"og:image\" content=\"https:\/\/sindicom.hr\/wp-content\/uploads\/2020\/05\/1325298011.webp\" \/>\n\t<meta property=\"og:image:width\" content=\"1600\" \/>\n\t<meta property=\"og:image:height\" content=\"900\" \/>\n\t<meta property=\"og:image:type\" content=\"image\/webp\" \/>\n<meta name=\"twitter:card\" content=\"summary_large_image\" \/>\n<meta name=\"twitter:label1\" content=\"Est. reading time\" \/>\n\t<meta name=\"twitter:data1\" content=\"1 minute\" \/>\n<script type=\"application\/ld+json\" class=\"yoast-schema-graph\">{\"@context\":\"https:\/\/schema.org\",\"@graph\":[{\"@type\":\"WebPage\",\"@id\":\"https:\/\/sindicom.hr\/en\/katalog\/pumpa-za-dizanje-kabine-scania-4-r-zamj-2\/\",\"url\":\"https:\/\/sindicom.hr\/en\/katalog\/pumpa-za-dizanje-kabine-scania-4-r-zamj-2\/\",\"name\":\"SET BRTVA KU\u010cI\u0160TA CILINDRA BRZINA NA MJENJA\u010cU ZF KPL. OE - Sindicom\",\"isPartOf\":{\"@id\":\"https:\/\/sindicom.hr\/en\/#website\"},\"primaryImageOfPage\":{\"@id\":\"https:\/\/sindicom.hr\/en\/katalog\/pumpa-za-dizanje-kabine-scania-4-r-zamj-2\/#primaryimage\"},\"image\":{\"@id\":\"https:\/\/sindicom.hr\/en\/katalog\/pumpa-za-dizanje-kabine-scania-4-r-zamj-2\/#primaryimage\"},\"thumbnailUrl\":\"https:\/\/sindicom.hr\/wp-content\/uploads\/2020\/05\/1325298011.webp\",\"datePublished\":\"2020-05-11T08:44:45+00:00\",\"dateModified\":\"2025-10-27T12:03:42+00:00\",\"breadcrumb\":{\"@id\":\"https:\/\/sindicom.hr\/en\/katalog\/pumpa-za-dizanje-kabine-scania-4-r-zamj-2\/#breadcrumb\"},\"inLanguage\":\"en-US\",\"potentialAction\":[{\"@type\":\"ReadAction\",\"target\":[\"https:\/\/sindicom.hr\/en\/katalog\/pumpa-za-dizanje-kabine-scania-4-r-zamj-2\/\"]}]},{\"@type\":\"ImageObject\",\"inLanguage\":\"en-US\",\"@id\":\"https:\/\/sindicom.hr\/en\/katalog\/pumpa-za-dizanje-kabine-scania-4-r-zamj-2\/#primaryimage\",\"url\":\"https:\/\/sindicom.hr\/wp-content\/uploads\/2020\/05\/1325298011.webp\",\"contentUrl\":\"https:\/\/sindicom.hr\/wp-content\/uploads\/2020\/05\/1325298011.webp\",\"width\":1600,\"height\":900},{\"@type\":\"BreadcrumbList\",\"@id\":\"https:\/\/sindicom.hr\/en\/katalog\/pumpa-za-dizanje-kabine-scania-4-r-zamj-2\/#breadcrumb\",\"itemListElement\":[{\"@type\":\"ListItem\",\"position\":1,\"name\":\"Po\u010detna stranica\",\"item\":\"https:\/\/sindicom.hr\/en\/\"},{\"@type\":\"ListItem\",\"position\":2,\"name\":\"Katalog dijelova\",\"item\":\"https:\/\/sindicom.hr\/en\/catalog\/\"},{\"@type\":\"ListItem\",\"position\":3,\"name\":\"SET BRTVA KU\u010cI\u0160TA CILINDRA BRZINA NA MJENJA\u010cU ZF KPL. OE\"}]},{\"@type\":\"WebSite\",\"@id\":\"https:\/\/sindicom.hr\/en\/#website\",\"url\":\"https:\/\/sindicom.hr\/en\/\",\"name\":\"SINDICOM\",\"description\":\"Trade and repair of pneumatic brakes, air and hydraulic systems for trucks and buses\",\"publisher\":{\"@id\":\"https:\/\/sindicom.hr\/en\/#organization\"},\"potentialAction\":[{\"@type\":\"SearchAction\",\"target\":{\"@type\":\"EntryPoint\",\"urlTemplate\":\"https:\/\/sindicom.hr\/en\/?s={search_term_string}\"},\"query-input\":{\"@type\":\"PropertyValueSpecification\",\"valueRequired\":true,\"valueName\":\"search_term_string\"}}],\"inLanguage\":\"en-US\"},{\"@type\":\"Organization\",\"@id\":\"https:\/\/sindicom.hr\/en\/#organization\",\"name\":\"SINDICOM d.o.o.\",\"url\":\"https:\/\/sindicom.hr\/en\/\",\"logo\":{\"@type\":\"ImageObject\",\"inLanguage\":\"en-US\",\"@id\":\"https:\/\/sindicom.hr\/en\/#\/schema\/logo\/image\/\",\"url\":\"https:\/\/sindicom.hr\/wp-content\/uploads\/2019\/11\/sindicom_logo_veliki1.jpg.png\",\"contentUrl\":\"https:\/\/sindicom.hr\/wp-content\/uploads\/2019\/11\/sindicom_logo_veliki1.jpg.png\",\"width\":732,\"height\":706,\"caption\":\"SINDICOM d.o.o.\"},\"image\":{\"@id\":\"https:\/\/sindicom.hr\/en\/#\/schema\/logo\/image\/\"},\"sameAs\":[\"https:\/\/www.facebook.com\/Sindicom-doo-170277286366043\/\",\"https:\/\/instagram.com\/sindicomdoo\"]}]}<\/script>\n<!-- \/ Yoast SEO plugin. -->","yoast_head_json":{"title":"SET BRTVA KU\u010cI\u0160TA CILINDRA BRZINA NA MJENJA\u010cU ZF KPL. OE - Sindicom","robots":{"index":"index","follow":"follow","max-snippet":"max-snippet:-1","max-image-preview":"max-image-preview:large","max-video-preview":"max-video-preview:-1"},"canonical":"https:\/\/sindicom.hr\/en\/katalog\/pumpa-za-dizanje-kabine-scania-4-r-zamj-2\/","og_locale":"en_US","og_type":"article","og_title":"SET BRTVA KU\u010cI\u0160TA CILINDRA BRZINA NA MJENJA\u010cU ZF KPL. OE - Sindicom","og_url":"https:\/\/sindicom.hr\/en\/katalog\/pumpa-za-dizanje-kabine-scania-4-r-zamj-2\/","og_site_name":"Sindicom","article_publisher":"https:\/\/www.facebook.com\/Sindicom-doo-170277286366043\/","article_modified_time":"2025-10-27T12:03:42+00:00","og_image":[{"width":1600,"height":900,"url":"https:\/\/sindicom.hr\/wp-content\/uploads\/2020\/05\/1325298011.webp","type":"image\/webp"}],"twitter_card":"summary_large_image","twitter_misc":{"Est. reading time":"1 minute"},"schema":{"@context":"https:\/\/schema.org","@graph":[{"@type":"WebPage","@id":"https:\/\/sindicom.hr\/en\/katalog\/pumpa-za-dizanje-kabine-scania-4-r-zamj-2\/","url":"https:\/\/sindicom.hr\/en\/katalog\/pumpa-za-dizanje-kabine-scania-4-r-zamj-2\/","name":"SET BRTVA KU\u010cI\u0160TA CILINDRA BRZINA NA MJENJA\u010cU ZF KPL. OE - Sindicom","isPartOf":{"@id":"https:\/\/sindicom.hr\/en\/#website"},"primaryImageOfPage":{"@id":"https:\/\/sindicom.hr\/en\/katalog\/pumpa-za-dizanje-kabine-scania-4-r-zamj-2\/#primaryimage"},"image":{"@id":"https:\/\/sindicom.hr\/en\/katalog\/pumpa-za-dizanje-kabine-scania-4-r-zamj-2\/#primaryimage"},"thumbnailUrl":"https:\/\/sindicom.hr\/wp-content\/uploads\/2020\/05\/1325298011.webp","datePublished":"2020-05-11T08:44:45+00:00","dateModified":"2025-10-27T12:03:42+00:00","breadcrumb":{"@id":"https:\/\/sindicom.hr\/en\/katalog\/pumpa-za-dizanje-kabine-scania-4-r-zamj-2\/#breadcrumb"},"inLanguage":"en-US","potentialAction":[{"@type":"ReadAction","target":["https:\/\/sindicom.hr\/en\/katalog\/pumpa-za-dizanje-kabine-scania-4-r-zamj-2\/"]}]},{"@type":"ImageObject","inLanguage":"en-US","@id":"https:\/\/sindicom.hr\/en\/katalog\/pumpa-za-dizanje-kabine-scania-4-r-zamj-2\/#primaryimage","url":"https:\/\/sindicom.hr\/wp-content\/uploads\/2020\/05\/1325298011.webp","contentUrl":"https:\/\/sindicom.hr\/wp-content\/uploads\/2020\/05\/1325298011.webp","width":1600,"height":900},{"@type":"BreadcrumbList","@id":"https:\/\/sindicom.hr\/en\/katalog\/pumpa-za-dizanje-kabine-scania-4-r-zamj-2\/#breadcrumb","itemListElement":[{"@type":"ListItem","position":1,"name":"Po\u010detna stranica","item":"https:\/\/sindicom.hr\/en\/"},{"@type":"ListItem","position":2,"name":"Katalog dijelova","item":"https:\/\/sindicom.hr\/en\/catalog\/"},{"@type":"ListItem","position":3,"name":"SET BRTVA KU\u010cI\u0160TA CILINDRA BRZINA NA MJENJA\u010cU ZF KPL. OE"}]},{"@type":"WebSite","@id":"https:\/\/sindicom.hr\/en\/#website","url":"https:\/\/sindicom.hr\/en\/","name":"SINDICOM","description":"Trade and repair of pneumatic brakes, air and hydraulic systems for trucks and buses","publisher":{"@id":"https:\/\/sindicom.hr\/en\/#organization"},"potentialAction":[{"@type":"SearchAction","target":{"@type":"EntryPoint","urlTemplate":"https:\/\/sindicom.hr\/en\/?s={search_term_string}"},"query-input":{"@type":"PropertyValueSpecification","valueRequired":true,"valueName":"search_term_string"}}],"inLanguage":"en-US"},{"@type":"Organization","@id":"https:\/\/sindicom.hr\/en\/#organization","name":"SINDICOM d.o.o.","url":"https:\/\/sindicom.hr\/en\/","logo":{"@type":"ImageObject","inLanguage":"en-US","@id":"https:\/\/sindicom.hr\/en\/#\/schema\/logo\/image\/","url":"https:\/\/sindicom.hr\/wp-content\/uploads\/2019\/11\/sindicom_logo_veliki1.jpg.png","contentUrl":"https:\/\/sindicom.hr\/wp-content\/uploads\/2019\/11\/sindicom_logo_veliki1.jpg.png","width":732,"height":706,"caption":"SINDICOM d.o.o."},"image":{"@id":"https:\/\/sindicom.hr\/en\/#\/schema\/logo\/image\/"},"sameAs":["https:\/\/www.facebook.com\/Sindicom-doo-170277286366043\/","https:\/\/instagram.com\/sindicomdoo"]}]}},"_links":{"self":[{"href":"https:\/\/sindicom.hr\/en\/wp-json\/wp\/v2\/product\/16989","targetHints":{"allow":["GET"]}}],"collection":[{"href":"https:\/\/sindicom.hr\/en\/wp-json\/wp\/v2\/product"}],"about":[{"href":"https:\/\/sindicom.hr\/en\/wp-json\/wp\/v2\/types\/product"}],"wp:featuredmedia":[{"embeddable":true,"href":"https:\/\/sindicom.hr\/en\/wp-json\/wp\/v2\/media\/48962"}],"wp:attachment":[{"href":"https:\/\/sindicom.hr\/en\/wp-json\/wp\/v2\/media?parent=16989"}],"wp:term":[{"taxonomy":"product_brand","embeddable":true,"href":"https:\/\/sindicom.hr\/en\/wp-json\/wp\/v2\/product_brand?post=16989"},{"taxonomy":"product_cat","embeddable":true,"href":"https:\/\/sindicom.hr\/en\/wp-json\/wp\/v2\/product_cat?post=16989"},{"taxonomy":"product_tag","embeddable":true,"href":"https:\/\/sindicom.hr\/en\/wp-json\/wp\/v2\/product_tag?post=16989"}],"curies":[{"name":"wp","href":"https:\/\/api.w.org\/{rel}","templated":true}]}}