{"id":17103,"date":"2020-05-11T08:45:45","date_gmt":"2020-05-11T08:45:45","guid":{"rendered":"https:\/\/sindicom.hr\/katalog\/glavcina-kotaca-saf-sa-lezajem-org\/"},"modified":"2025-10-27T12:04:21","modified_gmt":"2025-10-27T12:04:21","slug":"glavcina-kotaca-saf-sa-lezajem-org","status":"publish","type":"product","link":"https:\/\/sindicom.hr\/en\/katalog\/glavcina-kotaca-saf-sa-lezajem-org\/","title":{"rendered":"GLAV\u010cINA KOTA\u010cA S LE\u017dAJEM I VIJENCOM SAF OE"},"content":{"rendered":"<p>3434365000 SAF  3.434.3650.00 SAF  03.434.3650.00 SAF  4200200100 SAF  4.200.2001.00 SAF  4200200101 SAF  4.200.2001.01 SAF  4029106300 SAF  4.029.1063.00 SAF  4343280110 SAF  4.343.2801.10 SAF  564734.H195 SAF  VKBA5549 SAF  017873 VIJCI SAF  6609975 KOGEL  6 609 975 KOGEL  016779 SCHMITZ  1002689 SCHMITZ  1003457 SCHMITZ  1262750 SCHMITZ  16100656 SCHMITZ  550018875 KRONE  550 018 875 KRONE  066.246-00 PE  066.246-10 PE  VKBA5549 SKF  SET1334 TIMKEN  564734.H195 FAG  57061 AUGER  57061F AUGER  10.30601 DT  Wheel hub fits SAF CT PU\/ROTOS\/SK NLB 9019WI\/SK NLB 9022W\/SK NLB 9022WI\/SK RLB 9019K\/SK RLB 9019KI\/SK RLB 9019W\/SK RLB 9019WI\/SK RLB 9022H\/SK RLB 9022K\/SK RLB 9022K 01\/SK RLB 9022W\/SKRB 10022 K\/SKRB SAF PU. SK. SKRB. SKRLB; SCHMITZ CARGOBULL ROTOS<\/p>\n","protected":false},"excerpt":{"rendered":"<p><img decoding=\"async\" class=\"alignnone size-medium wp-image-17715\" src=\"https:\/\/sindicom.hr\/wp-content\/uploads\/2020\/05\/saf-300x300.png\" alt=\"\" width=\"300\" height=\"300\" srcset=\"https:\/\/sindicom.hr\/wp-content\/uploads\/2020\/05\/saf-64x64.png 64w, https:\/\/sindicom.hr\/wp-content\/uploads\/2020\/05\/saf-66x66.png 66w, https:\/\/sindicom.hr\/wp-content\/uploads\/2020\/05\/saf-100x100.png 100w, https:\/\/sindicom.hr\/wp-content\/uploads\/2020\/05\/saf-150x150.png 150w, https:\/\/sindicom.hr\/wp-content\/uploads\/2020\/05\/saf-200x200.png 200w, https:\/\/sindicom.hr\/wp-content\/uploads\/2020\/05\/saf.png 300w\" sizes=\"(max-width: 300px) 100vw, 300px\" \/><\/p>\n","protected":false},"featured_media":35726,"template":"","meta":{"inline_featured_image":false},"product_brand":[],"product_cat":[15,229,116,117,120,264,118],"product_tag":[],"class_list":{"0":"post-17103","1":"product","2":"type-product","3":"status-publish","4":"has-post-thumbnail","6":"product_cat-all-products","7":"product_cat-kocioni-sistemi-u-kotacu-wheel-brake-systems","8":"product_cat-kogel","9":"product_cat-krone","10":"product_cat-reparaturni-setovi","11":"product_cat-saf-rezervni-dijelovi-saf-spare-parts","12":"product_cat-schmitz","14":"first","15":"instock","16":"shipping-taxable","17":"purchasable","18":"product-type-simple"},"yoast_head":"<!-- This site is optimized with the Yoast SEO plugin v26.2 - https:\/\/yoast.com\/wordpress\/plugins\/seo\/ -->\n<title>GLAV\u010cINA KOTA\u010cA S LE\u017dAJEM I VIJENCOM SAF OE - Sindicom<\/title>\n<meta name=\"robots\" content=\"index, follow, max-snippet:-1, max-image-preview:large, max-video-preview:-1\" \/>\n<link rel=\"canonical\" href=\"https:\/\/sindicom.hr\/en\/katalog\/glavcina-kotaca-saf-sa-lezajem-org\/\" \/>\n<meta property=\"og:locale\" content=\"en_US\" \/>\n<meta property=\"og:type\" content=\"article\" \/>\n<meta property=\"og:title\" content=\"GLAV\u010cINA KOTA\u010cA S LE\u017dAJEM I VIJENCOM SAF OE - Sindicom\" \/>\n<meta property=\"og:url\" content=\"https:\/\/sindicom.hr\/en\/katalog\/glavcina-kotaca-saf-sa-lezajem-org\/\" \/>\n<meta property=\"og:site_name\" content=\"Sindicom\" \/>\n<meta property=\"article:publisher\" content=\"https:\/\/www.facebook.com\/Sindicom-doo-170277286366043\/\" \/>\n<meta property=\"article:modified_time\" content=\"2025-10-27T12:04:21+00:00\" \/>\n<meta property=\"og:image\" content=\"https:\/\/sindicom.hr\/wp-content\/uploads\/2020\/05\/3434365000-SAF-016779-SCHMITZ-1002689-SCHMITZ.webp\" \/>\n\t<meta property=\"og:image:width\" content=\"600\" \/>\n\t<meta property=\"og:image:height\" content=\"600\" \/>\n\t<meta property=\"og:image:type\" content=\"image\/webp\" \/>\n<meta name=\"twitter:card\" content=\"summary_large_image\" \/>\n<meta name=\"twitter:label1\" content=\"Est. reading time\" \/>\n\t<meta name=\"twitter:data1\" content=\"1 minute\" \/>\n<script type=\"application\/ld+json\" class=\"yoast-schema-graph\">{\"@context\":\"https:\/\/schema.org\",\"@graph\":[{\"@type\":\"WebPage\",\"@id\":\"https:\/\/sindicom.hr\/en\/katalog\/glavcina-kotaca-saf-sa-lezajem-org\/\",\"url\":\"https:\/\/sindicom.hr\/en\/katalog\/glavcina-kotaca-saf-sa-lezajem-org\/\",\"name\":\"GLAV\u010cINA KOTA\u010cA S LE\u017dAJEM I VIJENCOM SAF OE - Sindicom\",\"isPartOf\":{\"@id\":\"https:\/\/sindicom.hr\/en\/#website\"},\"primaryImageOfPage\":{\"@id\":\"https:\/\/sindicom.hr\/en\/katalog\/glavcina-kotaca-saf-sa-lezajem-org\/#primaryimage\"},\"image\":{\"@id\":\"https:\/\/sindicom.hr\/en\/katalog\/glavcina-kotaca-saf-sa-lezajem-org\/#primaryimage\"},\"thumbnailUrl\":\"https:\/\/sindicom.hr\/wp-content\/uploads\/2020\/05\/3434365000-SAF-016779-SCHMITZ-1002689-SCHMITZ.webp\",\"datePublished\":\"2020-05-11T08:45:45+00:00\",\"dateModified\":\"2025-10-27T12:04:21+00:00\",\"breadcrumb\":{\"@id\":\"https:\/\/sindicom.hr\/en\/katalog\/glavcina-kotaca-saf-sa-lezajem-org\/#breadcrumb\"},\"inLanguage\":\"en-US\",\"potentialAction\":[{\"@type\":\"ReadAction\",\"target\":[\"https:\/\/sindicom.hr\/en\/katalog\/glavcina-kotaca-saf-sa-lezajem-org\/\"]}]},{\"@type\":\"ImageObject\",\"inLanguage\":\"en-US\",\"@id\":\"https:\/\/sindicom.hr\/en\/katalog\/glavcina-kotaca-saf-sa-lezajem-org\/#primaryimage\",\"url\":\"https:\/\/sindicom.hr\/wp-content\/uploads\/2020\/05\/3434365000-SAF-016779-SCHMITZ-1002689-SCHMITZ.webp\",\"contentUrl\":\"https:\/\/sindicom.hr\/wp-content\/uploads\/2020\/05\/3434365000-SAF-016779-SCHMITZ-1002689-SCHMITZ.webp\",\"width\":600,\"height\":600},{\"@type\":\"BreadcrumbList\",\"@id\":\"https:\/\/sindicom.hr\/en\/katalog\/glavcina-kotaca-saf-sa-lezajem-org\/#breadcrumb\",\"itemListElement\":[{\"@type\":\"ListItem\",\"position\":1,\"name\":\"Po\u010detna stranica\",\"item\":\"https:\/\/sindicom.hr\/en\/\"},{\"@type\":\"ListItem\",\"position\":2,\"name\":\"Katalog dijelova\",\"item\":\"https:\/\/sindicom.hr\/en\/catalog\/\"},{\"@type\":\"ListItem\",\"position\":3,\"name\":\"GLAV\u010cINA KOTA\u010cA S LE\u017dAJEM I VIJENCOM SAF OE\"}]},{\"@type\":\"WebSite\",\"@id\":\"https:\/\/sindicom.hr\/en\/#website\",\"url\":\"https:\/\/sindicom.hr\/en\/\",\"name\":\"SINDICOM\",\"description\":\"Trade and repair of pneumatic brakes, air and hydraulic systems for trucks and buses\",\"publisher\":{\"@id\":\"https:\/\/sindicom.hr\/en\/#organization\"},\"potentialAction\":[{\"@type\":\"SearchAction\",\"target\":{\"@type\":\"EntryPoint\",\"urlTemplate\":\"https:\/\/sindicom.hr\/en\/?s={search_term_string}\"},\"query-input\":{\"@type\":\"PropertyValueSpecification\",\"valueRequired\":true,\"valueName\":\"search_term_string\"}}],\"inLanguage\":\"en-US\"},{\"@type\":\"Organization\",\"@id\":\"https:\/\/sindicom.hr\/en\/#organization\",\"name\":\"SINDICOM d.o.o.\",\"url\":\"https:\/\/sindicom.hr\/en\/\",\"logo\":{\"@type\":\"ImageObject\",\"inLanguage\":\"en-US\",\"@id\":\"https:\/\/sindicom.hr\/en\/#\/schema\/logo\/image\/\",\"url\":\"https:\/\/sindicom.hr\/wp-content\/uploads\/2019\/11\/sindicom_logo_veliki1.jpg.png\",\"contentUrl\":\"https:\/\/sindicom.hr\/wp-content\/uploads\/2019\/11\/sindicom_logo_veliki1.jpg.png\",\"width\":732,\"height\":706,\"caption\":\"SINDICOM d.o.o.\"},\"image\":{\"@id\":\"https:\/\/sindicom.hr\/en\/#\/schema\/logo\/image\/\"},\"sameAs\":[\"https:\/\/www.facebook.com\/Sindicom-doo-170277286366043\/\",\"https:\/\/instagram.com\/sindicomdoo\"]}]}<\/script>\n<!-- \/ Yoast SEO plugin. -->","yoast_head_json":{"title":"GLAV\u010cINA KOTA\u010cA S LE\u017dAJEM I VIJENCOM SAF OE - Sindicom","robots":{"index":"index","follow":"follow","max-snippet":"max-snippet:-1","max-image-preview":"max-image-preview:large","max-video-preview":"max-video-preview:-1"},"canonical":"https:\/\/sindicom.hr\/en\/katalog\/glavcina-kotaca-saf-sa-lezajem-org\/","og_locale":"en_US","og_type":"article","og_title":"GLAV\u010cINA KOTA\u010cA S LE\u017dAJEM I VIJENCOM SAF OE - Sindicom","og_url":"https:\/\/sindicom.hr\/en\/katalog\/glavcina-kotaca-saf-sa-lezajem-org\/","og_site_name":"Sindicom","article_publisher":"https:\/\/www.facebook.com\/Sindicom-doo-170277286366043\/","article_modified_time":"2025-10-27T12:04:21+00:00","og_image":[{"width":600,"height":600,"url":"https:\/\/sindicom.hr\/wp-content\/uploads\/2020\/05\/3434365000-SAF-016779-SCHMITZ-1002689-SCHMITZ.webp","type":"image\/webp"}],"twitter_card":"summary_large_image","twitter_misc":{"Est. reading time":"1 minute"},"schema":{"@context":"https:\/\/schema.org","@graph":[{"@type":"WebPage","@id":"https:\/\/sindicom.hr\/en\/katalog\/glavcina-kotaca-saf-sa-lezajem-org\/","url":"https:\/\/sindicom.hr\/en\/katalog\/glavcina-kotaca-saf-sa-lezajem-org\/","name":"GLAV\u010cINA KOTA\u010cA S LE\u017dAJEM I VIJENCOM SAF OE - Sindicom","isPartOf":{"@id":"https:\/\/sindicom.hr\/en\/#website"},"primaryImageOfPage":{"@id":"https:\/\/sindicom.hr\/en\/katalog\/glavcina-kotaca-saf-sa-lezajem-org\/#primaryimage"},"image":{"@id":"https:\/\/sindicom.hr\/en\/katalog\/glavcina-kotaca-saf-sa-lezajem-org\/#primaryimage"},"thumbnailUrl":"https:\/\/sindicom.hr\/wp-content\/uploads\/2020\/05\/3434365000-SAF-016779-SCHMITZ-1002689-SCHMITZ.webp","datePublished":"2020-05-11T08:45:45+00:00","dateModified":"2025-10-27T12:04:21+00:00","breadcrumb":{"@id":"https:\/\/sindicom.hr\/en\/katalog\/glavcina-kotaca-saf-sa-lezajem-org\/#breadcrumb"},"inLanguage":"en-US","potentialAction":[{"@type":"ReadAction","target":["https:\/\/sindicom.hr\/en\/katalog\/glavcina-kotaca-saf-sa-lezajem-org\/"]}]},{"@type":"ImageObject","inLanguage":"en-US","@id":"https:\/\/sindicom.hr\/en\/katalog\/glavcina-kotaca-saf-sa-lezajem-org\/#primaryimage","url":"https:\/\/sindicom.hr\/wp-content\/uploads\/2020\/05\/3434365000-SAF-016779-SCHMITZ-1002689-SCHMITZ.webp","contentUrl":"https:\/\/sindicom.hr\/wp-content\/uploads\/2020\/05\/3434365000-SAF-016779-SCHMITZ-1002689-SCHMITZ.webp","width":600,"height":600},{"@type":"BreadcrumbList","@id":"https:\/\/sindicom.hr\/en\/katalog\/glavcina-kotaca-saf-sa-lezajem-org\/#breadcrumb","itemListElement":[{"@type":"ListItem","position":1,"name":"Po\u010detna stranica","item":"https:\/\/sindicom.hr\/en\/"},{"@type":"ListItem","position":2,"name":"Katalog dijelova","item":"https:\/\/sindicom.hr\/en\/catalog\/"},{"@type":"ListItem","position":3,"name":"GLAV\u010cINA KOTA\u010cA S LE\u017dAJEM I VIJENCOM SAF OE"}]},{"@type":"WebSite","@id":"https:\/\/sindicom.hr\/en\/#website","url":"https:\/\/sindicom.hr\/en\/","name":"SINDICOM","description":"Trade and repair of pneumatic brakes, air and hydraulic systems for trucks and buses","publisher":{"@id":"https:\/\/sindicom.hr\/en\/#organization"},"potentialAction":[{"@type":"SearchAction","target":{"@type":"EntryPoint","urlTemplate":"https:\/\/sindicom.hr\/en\/?s={search_term_string}"},"query-input":{"@type":"PropertyValueSpecification","valueRequired":true,"valueName":"search_term_string"}}],"inLanguage":"en-US"},{"@type":"Organization","@id":"https:\/\/sindicom.hr\/en\/#organization","name":"SINDICOM d.o.o.","url":"https:\/\/sindicom.hr\/en\/","logo":{"@type":"ImageObject","inLanguage":"en-US","@id":"https:\/\/sindicom.hr\/en\/#\/schema\/logo\/image\/","url":"https:\/\/sindicom.hr\/wp-content\/uploads\/2019\/11\/sindicom_logo_veliki1.jpg.png","contentUrl":"https:\/\/sindicom.hr\/wp-content\/uploads\/2019\/11\/sindicom_logo_veliki1.jpg.png","width":732,"height":706,"caption":"SINDICOM d.o.o."},"image":{"@id":"https:\/\/sindicom.hr\/en\/#\/schema\/logo\/image\/"},"sameAs":["https:\/\/www.facebook.com\/Sindicom-doo-170277286366043\/","https:\/\/instagram.com\/sindicomdoo"]}]}},"_links":{"self":[{"href":"https:\/\/sindicom.hr\/en\/wp-json\/wp\/v2\/product\/17103","targetHints":{"allow":["GET"]}}],"collection":[{"href":"https:\/\/sindicom.hr\/en\/wp-json\/wp\/v2\/product"}],"about":[{"href":"https:\/\/sindicom.hr\/en\/wp-json\/wp\/v2\/types\/product"}],"wp:featuredmedia":[{"embeddable":true,"href":"https:\/\/sindicom.hr\/en\/wp-json\/wp\/v2\/media\/35726"}],"wp:attachment":[{"href":"https:\/\/sindicom.hr\/en\/wp-json\/wp\/v2\/media?parent=17103"}],"wp:term":[{"taxonomy":"product_brand","embeddable":true,"href":"https:\/\/sindicom.hr\/en\/wp-json\/wp\/v2\/product_brand?post=17103"},{"taxonomy":"product_cat","embeddable":true,"href":"https:\/\/sindicom.hr\/en\/wp-json\/wp\/v2\/product_cat?post=17103"},{"taxonomy":"product_tag","embeddable":true,"href":"https:\/\/sindicom.hr\/en\/wp-json\/wp\/v2\/product_tag?post=17103"}],"curies":[{"name":"wp","href":"https:\/\/api.w.org\/{rel}","templated":true}]}}