{"id":17156,"date":"2020-05-11T08:46:05","date_gmt":"2020-05-11T08:46:05","guid":{"rendered":"https:\/\/sindicom.hr\/katalog\/ventil-za-vrata-autobusa-wabco-org-3\/"},"modified":"2026-04-24T11:50:09","modified_gmt":"2026-04-24T11:50:09","slug":"ventil-za-vrata-autobusa-wabco-org-3","status":"publish","type":"product","link":"https:\/\/sindicom.hr\/en\/katalog\/ventil-za-vrata-autobusa-wabco-org-3\/","title":{"rendered":"VENTIL ZA VRATA AUTOBUSA 4\/2 (EMERGENCY BUTTON) BUS NEOPLAN MAN MERCEDES SOLARIS WABCO OE"},"content":{"rendered":"<p>9520030320 WABCO<br \/>\n9520030290 WABCO<br \/>\n9520030330 WABCO<br \/>\n1518205 DAF<br \/>\n42546 IVECO<br \/>\n42546 VOLVO<br \/>\n24424493 IVECO<br \/>\n24424493 VOLVO<br \/>\n5006035651 IVECO<br \/>\n5006035651 MAN<br \/>\n81521706134 MAN<br \/>\n81521706137 MAN<br \/>\n81.52170-6134 MAN<br \/>\n81.52170-6137 MAN<br \/>\n2401174125 SOLARIS<br \/>\n8010000181MO IVECO<br \/>\n81521706134 NEOPLAN<br \/>\n13C0056070AB OTOKAR<br \/>\n0007602357 EVOBUS<br \/>\n0007602857 EVOBUS<br \/>\n8285376000 EVOBUS<br \/>\nA0007602357 EVOBUS<br \/>\nA0007602857 EVOBUS<br \/>\nA8285376000 EVOBUS<br \/>\n0007601657 MERCEDES<br \/>\n0007602357 MERCEDES<br \/>\n0007602857 MERCEDES<br \/>\nA0007601657 MERCEDES<br \/>\nA0007602357 MERCEDES<br \/>\nA0007602857 MERCEDES<br \/>\nA5006035651 MERCEDES<br \/>\nA 000 760 16 57 MERCEDES<br \/>\nA 000 760 23 57 MERCEDES<br \/>\nA 000 760 28 57 MERCEDES<br \/>\nA 500 603 56 51 MERCEDES<br \/>\n25-725-2002-301 BODE<br \/>\n4\/2 Noodcockpit wegklep<br \/>\n4\/2 Notcockpit Wegeventil<br \/>\n4\/2 Emergency cockpit valve<br \/>\nVentil nu\u017enog kokpita 4\/2<br \/>\nValve cockpit d\u2019urgence 4\/2 voies<br \/>\nValvola cockpit emergenza 4\/2 vie<br \/>\nV\u00e1lvula cockpit emergencia 4\/2 v\u00edas<br \/>\nZaw\u00f3r kokpitu awaryjny 4\/2 drogowy<br \/>\n4\/2 Nod cockpit retningsventil<br \/>\n4\/2 V\u00e9sz pil\u00f3taf\u00fclke ir\u00e1nyv\u00e1lt\u00f3 szelep<br \/>\nMulti-way valve (4\/2-way, emergency door opening)<\/p>\n","protected":false},"excerpt":{"rendered":"<p><img decoding=\"async\" class=\"alignnone size-medium wp-image-17720\" src=\"https:\/\/sindicom.hr\/wp-content\/uploads\/2020\/05\/wabco-300x300.png\" alt=\"\" width=\"300\" height=\"300\" srcset=\"https:\/\/sindicom.hr\/wp-content\/uploads\/2020\/05\/wabco-64x64.png 64w, https:\/\/sindicom.hr\/wp-content\/uploads\/2020\/05\/wabco-66x66.png 66w, https:\/\/sindicom.hr\/wp-content\/uploads\/2020\/05\/wabco-100x100.png 100w, https:\/\/sindicom.hr\/wp-content\/uploads\/2020\/05\/wabco-150x150.png 150w, https:\/\/sindicom.hr\/wp-content\/uploads\/2020\/05\/wabco-200x200.png 200w, https:\/\/sindicom.hr\/wp-content\/uploads\/2020\/05\/wabco.png 300w\" sizes=\"(max-width: 300px) 100vw, 300px\" \/><\/p>\n","protected":false},"featured_media":53803,"template":"","meta":{"inline_featured_image":false},"product_brand":[],"product_cat":[15,96,126,110,97,113,105,104,142,102,107,186,111],"product_tag":[],"class_list":{"0":"post-17156","1":"product","2":"type-product","3":"status-publish","4":"has-post-thumbnail","6":"product_cat-all-products","7":"product_cat-busevi","8":"product_cat-daf","9":"product_cat-iveco-teretna-vozila","10":"product_cat-man","11":"product_cat-mercedes-teretna-vozila","12":"product_cat-mercedes","13":"product_cat-neoplan","14":"product_cat-otokar","15":"product_cat-solaris","16":"product_cat-teretna-vozila","17":"product_cat-ventili-vrata","18":"product_cat-volvo","20":"first","21":"instock","22":"shipping-taxable","23":"purchasable","24":"product-type-simple"},"yoast_head":"<!-- This site is optimized with the Yoast SEO plugin v26.2 - https:\/\/yoast.com\/wordpress\/plugins\/seo\/ -->\n<title>VENTIL ZA VRATA AUTOBUSA 4\/2 (EMERGENCY BUTTON) BUS NEOPLAN MAN MERCEDES SOLARIS WABCO OE - Sindicom<\/title>\n<meta name=\"robots\" content=\"index, follow, max-snippet:-1, max-image-preview:large, max-video-preview:-1\" \/>\n<link rel=\"canonical\" href=\"https:\/\/sindicom.hr\/en\/katalog\/ventil-za-vrata-autobusa-wabco-org-3\/\" \/>\n<meta property=\"og:locale\" content=\"en_US\" \/>\n<meta property=\"og:type\" content=\"article\" \/>\n<meta property=\"og:title\" content=\"VENTIL ZA VRATA AUTOBUSA 4\/2 (EMERGENCY BUTTON) BUS NEOPLAN MAN MERCEDES SOLARIS WABCO OE - Sindicom\" \/>\n<meta property=\"og:url\" content=\"https:\/\/sindicom.hr\/en\/katalog\/ventil-za-vrata-autobusa-wabco-org-3\/\" \/>\n<meta property=\"og:site_name\" content=\"Sindicom\" \/>\n<meta property=\"article:publisher\" content=\"https:\/\/www.facebook.com\/Sindicom-doo-170277286366043\/\" \/>\n<meta property=\"article:modified_time\" content=\"2026-04-24T11:50:09+00:00\" \/>\n<meta property=\"og:image\" content=\"https:\/\/sindicom.hr\/wp-content\/uploads\/2020\/05\/9520030320.webp\" \/>\n\t<meta property=\"og:image:width\" content=\"1600\" \/>\n\t<meta property=\"og:image:height\" content=\"900\" \/>\n\t<meta property=\"og:image:type\" content=\"image\/webp\" \/>\n<meta name=\"twitter:card\" content=\"summary_large_image\" \/>\n<meta name=\"twitter:label1\" content=\"Est. reading time\" \/>\n\t<meta name=\"twitter:data1\" content=\"1 minute\" \/>\n<script type=\"application\/ld+json\" class=\"yoast-schema-graph\">{\"@context\":\"https:\/\/schema.org\",\"@graph\":[{\"@type\":\"WebPage\",\"@id\":\"https:\/\/sindicom.hr\/en\/katalog\/ventil-za-vrata-autobusa-wabco-org-3\/\",\"url\":\"https:\/\/sindicom.hr\/en\/katalog\/ventil-za-vrata-autobusa-wabco-org-3\/\",\"name\":\"VENTIL ZA VRATA AUTOBUSA 4\/2 (EMERGENCY BUTTON) BUS NEOPLAN MAN MERCEDES SOLARIS WABCO OE - Sindicom\",\"isPartOf\":{\"@id\":\"https:\/\/sindicom.hr\/en\/#website\"},\"primaryImageOfPage\":{\"@id\":\"https:\/\/sindicom.hr\/en\/katalog\/ventil-za-vrata-autobusa-wabco-org-3\/#primaryimage\"},\"image\":{\"@id\":\"https:\/\/sindicom.hr\/en\/katalog\/ventil-za-vrata-autobusa-wabco-org-3\/#primaryimage\"},\"thumbnailUrl\":\"https:\/\/sindicom.hr\/wp-content\/uploads\/2020\/05\/9520030320.webp\",\"datePublished\":\"2020-05-11T08:46:05+00:00\",\"dateModified\":\"2026-04-24T11:50:09+00:00\",\"breadcrumb\":{\"@id\":\"https:\/\/sindicom.hr\/en\/katalog\/ventil-za-vrata-autobusa-wabco-org-3\/#breadcrumb\"},\"inLanguage\":\"en-US\",\"potentialAction\":[{\"@type\":\"ReadAction\",\"target\":[\"https:\/\/sindicom.hr\/en\/katalog\/ventil-za-vrata-autobusa-wabco-org-3\/\"]}]},{\"@type\":\"ImageObject\",\"inLanguage\":\"en-US\",\"@id\":\"https:\/\/sindicom.hr\/en\/katalog\/ventil-za-vrata-autobusa-wabco-org-3\/#primaryimage\",\"url\":\"https:\/\/sindicom.hr\/wp-content\/uploads\/2020\/05\/9520030320.webp\",\"contentUrl\":\"https:\/\/sindicom.hr\/wp-content\/uploads\/2020\/05\/9520030320.webp\",\"width\":1600,\"height\":900},{\"@type\":\"BreadcrumbList\",\"@id\":\"https:\/\/sindicom.hr\/en\/katalog\/ventil-za-vrata-autobusa-wabco-org-3\/#breadcrumb\",\"itemListElement\":[{\"@type\":\"ListItem\",\"position\":1,\"name\":\"Po\u010detna stranica\",\"item\":\"https:\/\/sindicom.hr\/en\/\"},{\"@type\":\"ListItem\",\"position\":2,\"name\":\"Katalog dijelova\",\"item\":\"https:\/\/sindicom.hr\/en\/catalog\/\"},{\"@type\":\"ListItem\",\"position\":3,\"name\":\"VENTIL ZA VRATA AUTOBUSA 4\/2 (EMERGENCY BUTTON) BUS NEOPLAN MAN MERCEDES SOLARIS WABCO OE\"}]},{\"@type\":\"WebSite\",\"@id\":\"https:\/\/sindicom.hr\/en\/#website\",\"url\":\"https:\/\/sindicom.hr\/en\/\",\"name\":\"SINDICOM\",\"description\":\"Trade and repair of pneumatic brakes, air and hydraulic systems for trucks and buses\",\"publisher\":{\"@id\":\"https:\/\/sindicom.hr\/en\/#organization\"},\"potentialAction\":[{\"@type\":\"SearchAction\",\"target\":{\"@type\":\"EntryPoint\",\"urlTemplate\":\"https:\/\/sindicom.hr\/en\/?s={search_term_string}\"},\"query-input\":{\"@type\":\"PropertyValueSpecification\",\"valueRequired\":true,\"valueName\":\"search_term_string\"}}],\"inLanguage\":\"en-US\"},{\"@type\":\"Organization\",\"@id\":\"https:\/\/sindicom.hr\/en\/#organization\",\"name\":\"SINDICOM d.o.o.\",\"url\":\"https:\/\/sindicom.hr\/en\/\",\"logo\":{\"@type\":\"ImageObject\",\"inLanguage\":\"en-US\",\"@id\":\"https:\/\/sindicom.hr\/en\/#\/schema\/logo\/image\/\",\"url\":\"https:\/\/sindicom.hr\/wp-content\/uploads\/2019\/11\/sindicom_logo_veliki1.jpg.png\",\"contentUrl\":\"https:\/\/sindicom.hr\/wp-content\/uploads\/2019\/11\/sindicom_logo_veliki1.jpg.png\",\"width\":732,\"height\":706,\"caption\":\"SINDICOM d.o.o.\"},\"image\":{\"@id\":\"https:\/\/sindicom.hr\/en\/#\/schema\/logo\/image\/\"},\"sameAs\":[\"https:\/\/www.facebook.com\/Sindicom-doo-170277286366043\/\",\"https:\/\/instagram.com\/sindicomdoo\"]}]}<\/script>\n<!-- \/ Yoast SEO plugin. -->","yoast_head_json":{"title":"VENTIL ZA VRATA AUTOBUSA 4\/2 (EMERGENCY BUTTON) BUS NEOPLAN MAN MERCEDES SOLARIS WABCO OE - Sindicom","robots":{"index":"index","follow":"follow","max-snippet":"max-snippet:-1","max-image-preview":"max-image-preview:large","max-video-preview":"max-video-preview:-1"},"canonical":"https:\/\/sindicom.hr\/en\/katalog\/ventil-za-vrata-autobusa-wabco-org-3\/","og_locale":"en_US","og_type":"article","og_title":"VENTIL ZA VRATA AUTOBUSA 4\/2 (EMERGENCY BUTTON) BUS NEOPLAN MAN MERCEDES SOLARIS WABCO OE - Sindicom","og_url":"https:\/\/sindicom.hr\/en\/katalog\/ventil-za-vrata-autobusa-wabco-org-3\/","og_site_name":"Sindicom","article_publisher":"https:\/\/www.facebook.com\/Sindicom-doo-170277286366043\/","article_modified_time":"2026-04-24T11:50:09+00:00","og_image":[{"width":1600,"height":900,"url":"https:\/\/sindicom.hr\/wp-content\/uploads\/2020\/05\/9520030320.webp","type":"image\/webp"}],"twitter_card":"summary_large_image","twitter_misc":{"Est. reading time":"1 minute"},"schema":{"@context":"https:\/\/schema.org","@graph":[{"@type":"WebPage","@id":"https:\/\/sindicom.hr\/en\/katalog\/ventil-za-vrata-autobusa-wabco-org-3\/","url":"https:\/\/sindicom.hr\/en\/katalog\/ventil-za-vrata-autobusa-wabco-org-3\/","name":"VENTIL ZA VRATA AUTOBUSA 4\/2 (EMERGENCY BUTTON) BUS NEOPLAN MAN MERCEDES SOLARIS WABCO OE - Sindicom","isPartOf":{"@id":"https:\/\/sindicom.hr\/en\/#website"},"primaryImageOfPage":{"@id":"https:\/\/sindicom.hr\/en\/katalog\/ventil-za-vrata-autobusa-wabco-org-3\/#primaryimage"},"image":{"@id":"https:\/\/sindicom.hr\/en\/katalog\/ventil-za-vrata-autobusa-wabco-org-3\/#primaryimage"},"thumbnailUrl":"https:\/\/sindicom.hr\/wp-content\/uploads\/2020\/05\/9520030320.webp","datePublished":"2020-05-11T08:46:05+00:00","dateModified":"2026-04-24T11:50:09+00:00","breadcrumb":{"@id":"https:\/\/sindicom.hr\/en\/katalog\/ventil-za-vrata-autobusa-wabco-org-3\/#breadcrumb"},"inLanguage":"en-US","potentialAction":[{"@type":"ReadAction","target":["https:\/\/sindicom.hr\/en\/katalog\/ventil-za-vrata-autobusa-wabco-org-3\/"]}]},{"@type":"ImageObject","inLanguage":"en-US","@id":"https:\/\/sindicom.hr\/en\/katalog\/ventil-za-vrata-autobusa-wabco-org-3\/#primaryimage","url":"https:\/\/sindicom.hr\/wp-content\/uploads\/2020\/05\/9520030320.webp","contentUrl":"https:\/\/sindicom.hr\/wp-content\/uploads\/2020\/05\/9520030320.webp","width":1600,"height":900},{"@type":"BreadcrumbList","@id":"https:\/\/sindicom.hr\/en\/katalog\/ventil-za-vrata-autobusa-wabco-org-3\/#breadcrumb","itemListElement":[{"@type":"ListItem","position":1,"name":"Po\u010detna stranica","item":"https:\/\/sindicom.hr\/en\/"},{"@type":"ListItem","position":2,"name":"Katalog dijelova","item":"https:\/\/sindicom.hr\/en\/catalog\/"},{"@type":"ListItem","position":3,"name":"VENTIL ZA VRATA AUTOBUSA 4\/2 (EMERGENCY BUTTON) BUS NEOPLAN MAN MERCEDES SOLARIS WABCO OE"}]},{"@type":"WebSite","@id":"https:\/\/sindicom.hr\/en\/#website","url":"https:\/\/sindicom.hr\/en\/","name":"SINDICOM","description":"Trade and repair of pneumatic brakes, air and hydraulic systems for trucks and buses","publisher":{"@id":"https:\/\/sindicom.hr\/en\/#organization"},"potentialAction":[{"@type":"SearchAction","target":{"@type":"EntryPoint","urlTemplate":"https:\/\/sindicom.hr\/en\/?s={search_term_string}"},"query-input":{"@type":"PropertyValueSpecification","valueRequired":true,"valueName":"search_term_string"}}],"inLanguage":"en-US"},{"@type":"Organization","@id":"https:\/\/sindicom.hr\/en\/#organization","name":"SINDICOM d.o.o.","url":"https:\/\/sindicom.hr\/en\/","logo":{"@type":"ImageObject","inLanguage":"en-US","@id":"https:\/\/sindicom.hr\/en\/#\/schema\/logo\/image\/","url":"https:\/\/sindicom.hr\/wp-content\/uploads\/2019\/11\/sindicom_logo_veliki1.jpg.png","contentUrl":"https:\/\/sindicom.hr\/wp-content\/uploads\/2019\/11\/sindicom_logo_veliki1.jpg.png","width":732,"height":706,"caption":"SINDICOM d.o.o."},"image":{"@id":"https:\/\/sindicom.hr\/en\/#\/schema\/logo\/image\/"},"sameAs":["https:\/\/www.facebook.com\/Sindicom-doo-170277286366043\/","https:\/\/instagram.com\/sindicomdoo"]}]}},"_links":{"self":[{"href":"https:\/\/sindicom.hr\/en\/wp-json\/wp\/v2\/product\/17156","targetHints":{"allow":["GET"]}}],"collection":[{"href":"https:\/\/sindicom.hr\/en\/wp-json\/wp\/v2\/product"}],"about":[{"href":"https:\/\/sindicom.hr\/en\/wp-json\/wp\/v2\/types\/product"}],"wp:featuredmedia":[{"embeddable":true,"href":"https:\/\/sindicom.hr\/en\/wp-json\/wp\/v2\/media\/53803"}],"wp:attachment":[{"href":"https:\/\/sindicom.hr\/en\/wp-json\/wp\/v2\/media?parent=17156"}],"wp:term":[{"taxonomy":"product_brand","embeddable":true,"href":"https:\/\/sindicom.hr\/en\/wp-json\/wp\/v2\/product_brand?post=17156"},{"taxonomy":"product_cat","embeddable":true,"href":"https:\/\/sindicom.hr\/en\/wp-json\/wp\/v2\/product_cat?post=17156"},{"taxonomy":"product_tag","embeddable":true,"href":"https:\/\/sindicom.hr\/en\/wp-json\/wp\/v2\/product_tag?post=17156"}],"curies":[{"name":"wp","href":"https:\/\/api.w.org\/{rel}","templated":true}]}}