{"id":17261,"date":"2020-05-11T08:46:45","date_gmt":"2020-05-11T08:46:45","guid":{"rendered":"https:\/\/sindicom.hr\/katalog\/set-glave-kompresora-zraka-knorr-man-novi-tip-zamj\/"},"modified":"2025-10-27T12:05:20","modified_gmt":"2025-10-27T12:05:20","slug":"set-glave-kompresora-zraka-knorr-man-novi-tip-zamj","status":"publish","type":"product","link":"https:\/\/sindicom.hr\/en\/katalog\/set-glave-kompresora-zraka-knorr-man-novi-tip-zamj\/","title":{"rendered":"SET MAN\u017dETA KO\u010cIONE \u010cELJUSTI 60 mm TVRDE STRA\u017dNJE PREDNJE MERCEDES UNIMOG ATE OE"},"content":{"rendered":"<p>A0014200283 MERCEDES  13.8102-6008.2 ATE  13.2601-0146.2 ATE  24.4601-0145.5 ATE  24.4601-0146.5 ATE  BBV4-20501 ATE  RS601416A0 FTE  210248 ATE &#8211; TEVES  8AN 355 442-141 HELLA  8AN 355 442-141 HELLA PAGID  38030800 TEXTAR  0044204183 MERCEDES UNIMOG  0044204283 MERCEDES UNIMOG  4054210098 MERCEDES UNIMOG  4184211598 MERCEDES UNIMOG  4374212198 MERCEDES UNIMOG  4054210198 MERCEDES UNIMOG  4184211698 MERCEDES UNIMOG  4374212098 MERCEDES UNIMOG  0014200283 MERCEDES UNIMOG  A0044204183 MERCEDES UNIMOG  A4054210098 MERCEDES UNIMOG  A4184211598 MERCEDES UNIMOG  A4374212198 MERCEDES UNIMOG  A0044204283 MERCEDES UNIMOG  A4054210198 MERCEDES UNIMOG  A4184211698 MERCEDES UNIMOG  A4374212098 MERCEDES UNIMOG  A0014200283 MERCEDES UNIMOG  A001420028365 MERCEDES UNIMOG  A00142002830064 MERCEDES UNIMOG  A 004 420 41 83 MERCEDES UNIMOG  A 405 421 00 98 MERCEDES UNIMOG  A 418 421 15 98 MERCEDES UNIMOG  A 437 421 21 98 MERCEDES UNIMOG  A 004 420 42 83 MERCEDES UNIMOG  A 405 421 01 98 MERCEDES UNIMOG  A 418 421 16 98 MERCEDES UNIMOG  A 437 421 20 98 MERCEDES UNIMOG  A 001 420 02 83 MERCEDES UNIMOG  A 001 420 02 83 65 MERCEDES UNIMOG  A 001 420 02 83 00 64 MERCEDES UNIMOG  Brake Caliper repair kit  Bremssattel Reparatursatz  Kit de r\u00e9paration d&#8217;\u00e9trier de frein  Kit de reparaci\u00f3n de pinza de freno  Kit di riparazione della pinza del freno  Unimog U100L BM408.215. Unimog U100L Turbo BM408.216. Unimog U110 BM418.100. Unimog U110L BM418.115. Unimog U1200T BM427.000. Unimog U1250 BM427.110. Unimog U1250L BM427.111. Unimog U130 BM418.102. Unimog U130T BM418.000. Unimog U1400 BM427.102. Unimog U140L BM418.117. Unimog U140L BM418.217. Unimog U140L\/39 BM418.237. Unimog U1450 BM427.112. Unimog U1650L BM427.116. Unimog U20 BM405.050. Unimog U300 BM405.100. Unimog U300 BM405.101. Unimog U300 BM405.120. Unimog U300 BM405.121. Unimog U90 BM408.100. Unimog U90 Turbo BM 408.101<\/p>\n","protected":false},"excerpt":{"rendered":"<p><img decoding=\"async\" class=\"alignnone size-medium wp-image-17709\" src=\"https:\/\/sindicom.hr\/wp-content\/uploads\/2020\/05\/mercedes-300x300.png\" alt=\"\" width=\"300\" height=\"300\" srcset=\"https:\/\/sindicom.hr\/wp-content\/uploads\/2020\/05\/mercedes-64x64.png 64w, https:\/\/sindicom.hr\/wp-content\/uploads\/2020\/05\/mercedes-66x66.png 66w, https:\/\/sindicom.hr\/wp-content\/uploads\/2020\/05\/mercedes-100x100.png 100w, https:\/\/sindicom.hr\/wp-content\/uploads\/2020\/05\/mercedes-150x150.png 150w, https:\/\/sindicom.hr\/wp-content\/uploads\/2020\/05\/mercedes-200x200.png 200w, https:\/\/sindicom.hr\/wp-content\/uploads\/2020\/05\/mercedes.png 300w\" sizes=\"(max-width: 300px) 100vw, 300px\" \/><\/p>\n","protected":false},"featured_media":36773,"template":"","meta":{"inline_featured_image":false},"product_brand":[],"product_cat":[15,149,120,132,107],"product_tag":[],"class_list":{"0":"post-17261","1":"product","2":"type-product","3":"status-publish","4":"has-post-thumbnail","6":"product_cat-all-products","7":"product_cat-unimog","8":"product_cat-reparaturni-setovi","9":"product_cat-reparaturni-setovi-kocionih-celjusti","10":"product_cat-teretna-vozila","12":"first","13":"instock","14":"shipping-taxable","15":"purchasable","16":"product-type-simple"},"yoast_head":"<!-- This site is optimized with the Yoast SEO plugin v26.2 - https:\/\/yoast.com\/wordpress\/plugins\/seo\/ -->\n<title>SET MAN\u017dETA KO\u010cIONE \u010cELJUSTI 60 mm TVRDE STRA\u017dNJE PREDNJE MERCEDES UNIMOG ATE OE - Sindicom<\/title>\n<meta name=\"robots\" content=\"index, follow, max-snippet:-1, max-image-preview:large, max-video-preview:-1\" \/>\n<link rel=\"canonical\" href=\"https:\/\/sindicom.hr\/en\/katalog\/set-glave-kompresora-zraka-knorr-man-novi-tip-zamj\/\" \/>\n<meta property=\"og:locale\" content=\"en_US\" \/>\n<meta property=\"og:type\" content=\"article\" \/>\n<meta property=\"og:title\" content=\"SET MAN\u017dETA KO\u010cIONE \u010cELJUSTI 60 mm TVRDE STRA\u017dNJE PREDNJE MERCEDES UNIMOG ATE OE - Sindicom\" \/>\n<meta property=\"og:url\" content=\"https:\/\/sindicom.hr\/en\/katalog\/set-glave-kompresora-zraka-knorr-man-novi-tip-zamj\/\" \/>\n<meta property=\"og:site_name\" content=\"Sindicom\" \/>\n<meta property=\"article:publisher\" content=\"https:\/\/www.facebook.com\/Sindicom-doo-170277286366043\/\" \/>\n<meta property=\"article:modified_time\" content=\"2025-10-27T12:05:20+00:00\" \/>\n<meta property=\"og:image\" content=\"https:\/\/sindicom.hr\/wp-content\/uploads\/2020\/05\/A001420028365-MERCEDES-UNIMOG.webp\" \/>\n\t<meta property=\"og:image:width\" content=\"600\" \/>\n\t<meta property=\"og:image:height\" content=\"600\" \/>\n\t<meta property=\"og:image:type\" content=\"image\/webp\" \/>\n<meta name=\"twitter:card\" content=\"summary_large_image\" \/>\n<meta name=\"twitter:label1\" content=\"Est. reading time\" \/>\n\t<meta name=\"twitter:data1\" content=\"1 minute\" \/>\n<script type=\"application\/ld+json\" class=\"yoast-schema-graph\">{\"@context\":\"https:\/\/schema.org\",\"@graph\":[{\"@type\":\"WebPage\",\"@id\":\"https:\/\/sindicom.hr\/en\/katalog\/set-glave-kompresora-zraka-knorr-man-novi-tip-zamj\/\",\"url\":\"https:\/\/sindicom.hr\/en\/katalog\/set-glave-kompresora-zraka-knorr-man-novi-tip-zamj\/\",\"name\":\"SET MAN\u017dETA KO\u010cIONE \u010cELJUSTI 60 mm TVRDE STRA\u017dNJE PREDNJE MERCEDES UNIMOG ATE OE - Sindicom\",\"isPartOf\":{\"@id\":\"https:\/\/sindicom.hr\/en\/#website\"},\"primaryImageOfPage\":{\"@id\":\"https:\/\/sindicom.hr\/en\/katalog\/set-glave-kompresora-zraka-knorr-man-novi-tip-zamj\/#primaryimage\"},\"image\":{\"@id\":\"https:\/\/sindicom.hr\/en\/katalog\/set-glave-kompresora-zraka-knorr-man-novi-tip-zamj\/#primaryimage\"},\"thumbnailUrl\":\"https:\/\/sindicom.hr\/wp-content\/uploads\/2020\/05\/A001420028365-MERCEDES-UNIMOG.webp\",\"datePublished\":\"2020-05-11T08:46:45+00:00\",\"dateModified\":\"2025-10-27T12:05:20+00:00\",\"breadcrumb\":{\"@id\":\"https:\/\/sindicom.hr\/en\/katalog\/set-glave-kompresora-zraka-knorr-man-novi-tip-zamj\/#breadcrumb\"},\"inLanguage\":\"en-US\",\"potentialAction\":[{\"@type\":\"ReadAction\",\"target\":[\"https:\/\/sindicom.hr\/en\/katalog\/set-glave-kompresora-zraka-knorr-man-novi-tip-zamj\/\"]}]},{\"@type\":\"ImageObject\",\"inLanguage\":\"en-US\",\"@id\":\"https:\/\/sindicom.hr\/en\/katalog\/set-glave-kompresora-zraka-knorr-man-novi-tip-zamj\/#primaryimage\",\"url\":\"https:\/\/sindicom.hr\/wp-content\/uploads\/2020\/05\/A001420028365-MERCEDES-UNIMOG.webp\",\"contentUrl\":\"https:\/\/sindicom.hr\/wp-content\/uploads\/2020\/05\/A001420028365-MERCEDES-UNIMOG.webp\",\"width\":600,\"height\":600},{\"@type\":\"BreadcrumbList\",\"@id\":\"https:\/\/sindicom.hr\/en\/katalog\/set-glave-kompresora-zraka-knorr-man-novi-tip-zamj\/#breadcrumb\",\"itemListElement\":[{\"@type\":\"ListItem\",\"position\":1,\"name\":\"Po\u010detna stranica\",\"item\":\"https:\/\/sindicom.hr\/en\/\"},{\"@type\":\"ListItem\",\"position\":2,\"name\":\"Katalog dijelova\",\"item\":\"https:\/\/sindicom.hr\/en\/catalog\/\"},{\"@type\":\"ListItem\",\"position\":3,\"name\":\"SET MAN\u017dETA KO\u010cIONE \u010cELJUSTI 60 mm TVRDE STRA\u017dNJE PREDNJE MERCEDES UNIMOG ATE OE\"}]},{\"@type\":\"WebSite\",\"@id\":\"https:\/\/sindicom.hr\/en\/#website\",\"url\":\"https:\/\/sindicom.hr\/en\/\",\"name\":\"SINDICOM\",\"description\":\"Trade and repair of pneumatic brakes, air and hydraulic systems for trucks and buses\",\"publisher\":{\"@id\":\"https:\/\/sindicom.hr\/en\/#organization\"},\"potentialAction\":[{\"@type\":\"SearchAction\",\"target\":{\"@type\":\"EntryPoint\",\"urlTemplate\":\"https:\/\/sindicom.hr\/en\/?s={search_term_string}\"},\"query-input\":{\"@type\":\"PropertyValueSpecification\",\"valueRequired\":true,\"valueName\":\"search_term_string\"}}],\"inLanguage\":\"en-US\"},{\"@type\":\"Organization\",\"@id\":\"https:\/\/sindicom.hr\/en\/#organization\",\"name\":\"SINDICOM d.o.o.\",\"url\":\"https:\/\/sindicom.hr\/en\/\",\"logo\":{\"@type\":\"ImageObject\",\"inLanguage\":\"en-US\",\"@id\":\"https:\/\/sindicom.hr\/en\/#\/schema\/logo\/image\/\",\"url\":\"https:\/\/sindicom.hr\/wp-content\/uploads\/2019\/11\/sindicom_logo_veliki1.jpg.png\",\"contentUrl\":\"https:\/\/sindicom.hr\/wp-content\/uploads\/2019\/11\/sindicom_logo_veliki1.jpg.png\",\"width\":732,\"height\":706,\"caption\":\"SINDICOM d.o.o.\"},\"image\":{\"@id\":\"https:\/\/sindicom.hr\/en\/#\/schema\/logo\/image\/\"},\"sameAs\":[\"https:\/\/www.facebook.com\/Sindicom-doo-170277286366043\/\",\"https:\/\/instagram.com\/sindicomdoo\"]}]}<\/script>\n<!-- \/ Yoast SEO plugin. -->","yoast_head_json":{"title":"SET MAN\u017dETA KO\u010cIONE \u010cELJUSTI 60 mm TVRDE STRA\u017dNJE PREDNJE MERCEDES UNIMOG ATE OE - Sindicom","robots":{"index":"index","follow":"follow","max-snippet":"max-snippet:-1","max-image-preview":"max-image-preview:large","max-video-preview":"max-video-preview:-1"},"canonical":"https:\/\/sindicom.hr\/en\/katalog\/set-glave-kompresora-zraka-knorr-man-novi-tip-zamj\/","og_locale":"en_US","og_type":"article","og_title":"SET MAN\u017dETA KO\u010cIONE \u010cELJUSTI 60 mm TVRDE STRA\u017dNJE PREDNJE MERCEDES UNIMOG ATE OE - Sindicom","og_url":"https:\/\/sindicom.hr\/en\/katalog\/set-glave-kompresora-zraka-knorr-man-novi-tip-zamj\/","og_site_name":"Sindicom","article_publisher":"https:\/\/www.facebook.com\/Sindicom-doo-170277286366043\/","article_modified_time":"2025-10-27T12:05:20+00:00","og_image":[{"width":600,"height":600,"url":"https:\/\/sindicom.hr\/wp-content\/uploads\/2020\/05\/A001420028365-MERCEDES-UNIMOG.webp","type":"image\/webp"}],"twitter_card":"summary_large_image","twitter_misc":{"Est. reading time":"1 minute"},"schema":{"@context":"https:\/\/schema.org","@graph":[{"@type":"WebPage","@id":"https:\/\/sindicom.hr\/en\/katalog\/set-glave-kompresora-zraka-knorr-man-novi-tip-zamj\/","url":"https:\/\/sindicom.hr\/en\/katalog\/set-glave-kompresora-zraka-knorr-man-novi-tip-zamj\/","name":"SET MAN\u017dETA KO\u010cIONE \u010cELJUSTI 60 mm TVRDE STRA\u017dNJE PREDNJE MERCEDES UNIMOG ATE OE - Sindicom","isPartOf":{"@id":"https:\/\/sindicom.hr\/en\/#website"},"primaryImageOfPage":{"@id":"https:\/\/sindicom.hr\/en\/katalog\/set-glave-kompresora-zraka-knorr-man-novi-tip-zamj\/#primaryimage"},"image":{"@id":"https:\/\/sindicom.hr\/en\/katalog\/set-glave-kompresora-zraka-knorr-man-novi-tip-zamj\/#primaryimage"},"thumbnailUrl":"https:\/\/sindicom.hr\/wp-content\/uploads\/2020\/05\/A001420028365-MERCEDES-UNIMOG.webp","datePublished":"2020-05-11T08:46:45+00:00","dateModified":"2025-10-27T12:05:20+00:00","breadcrumb":{"@id":"https:\/\/sindicom.hr\/en\/katalog\/set-glave-kompresora-zraka-knorr-man-novi-tip-zamj\/#breadcrumb"},"inLanguage":"en-US","potentialAction":[{"@type":"ReadAction","target":["https:\/\/sindicom.hr\/en\/katalog\/set-glave-kompresora-zraka-knorr-man-novi-tip-zamj\/"]}]},{"@type":"ImageObject","inLanguage":"en-US","@id":"https:\/\/sindicom.hr\/en\/katalog\/set-glave-kompresora-zraka-knorr-man-novi-tip-zamj\/#primaryimage","url":"https:\/\/sindicom.hr\/wp-content\/uploads\/2020\/05\/A001420028365-MERCEDES-UNIMOG.webp","contentUrl":"https:\/\/sindicom.hr\/wp-content\/uploads\/2020\/05\/A001420028365-MERCEDES-UNIMOG.webp","width":600,"height":600},{"@type":"BreadcrumbList","@id":"https:\/\/sindicom.hr\/en\/katalog\/set-glave-kompresora-zraka-knorr-man-novi-tip-zamj\/#breadcrumb","itemListElement":[{"@type":"ListItem","position":1,"name":"Po\u010detna stranica","item":"https:\/\/sindicom.hr\/en\/"},{"@type":"ListItem","position":2,"name":"Katalog dijelova","item":"https:\/\/sindicom.hr\/en\/catalog\/"},{"@type":"ListItem","position":3,"name":"SET MAN\u017dETA KO\u010cIONE \u010cELJUSTI 60 mm TVRDE STRA\u017dNJE PREDNJE MERCEDES UNIMOG ATE OE"}]},{"@type":"WebSite","@id":"https:\/\/sindicom.hr\/en\/#website","url":"https:\/\/sindicom.hr\/en\/","name":"SINDICOM","description":"Trade and repair of pneumatic brakes, air and hydraulic systems for trucks and buses","publisher":{"@id":"https:\/\/sindicom.hr\/en\/#organization"},"potentialAction":[{"@type":"SearchAction","target":{"@type":"EntryPoint","urlTemplate":"https:\/\/sindicom.hr\/en\/?s={search_term_string}"},"query-input":{"@type":"PropertyValueSpecification","valueRequired":true,"valueName":"search_term_string"}}],"inLanguage":"en-US"},{"@type":"Organization","@id":"https:\/\/sindicom.hr\/en\/#organization","name":"SINDICOM d.o.o.","url":"https:\/\/sindicom.hr\/en\/","logo":{"@type":"ImageObject","inLanguage":"en-US","@id":"https:\/\/sindicom.hr\/en\/#\/schema\/logo\/image\/","url":"https:\/\/sindicom.hr\/wp-content\/uploads\/2019\/11\/sindicom_logo_veliki1.jpg.png","contentUrl":"https:\/\/sindicom.hr\/wp-content\/uploads\/2019\/11\/sindicom_logo_veliki1.jpg.png","width":732,"height":706,"caption":"SINDICOM d.o.o."},"image":{"@id":"https:\/\/sindicom.hr\/en\/#\/schema\/logo\/image\/"},"sameAs":["https:\/\/www.facebook.com\/Sindicom-doo-170277286366043\/","https:\/\/instagram.com\/sindicomdoo"]}]}},"_links":{"self":[{"href":"https:\/\/sindicom.hr\/en\/wp-json\/wp\/v2\/product\/17261","targetHints":{"allow":["GET"]}}],"collection":[{"href":"https:\/\/sindicom.hr\/en\/wp-json\/wp\/v2\/product"}],"about":[{"href":"https:\/\/sindicom.hr\/en\/wp-json\/wp\/v2\/types\/product"}],"wp:featuredmedia":[{"embeddable":true,"href":"https:\/\/sindicom.hr\/en\/wp-json\/wp\/v2\/media\/36773"}],"wp:attachment":[{"href":"https:\/\/sindicom.hr\/en\/wp-json\/wp\/v2\/media?parent=17261"}],"wp:term":[{"taxonomy":"product_brand","embeddable":true,"href":"https:\/\/sindicom.hr\/en\/wp-json\/wp\/v2\/product_brand?post=17261"},{"taxonomy":"product_cat","embeddable":true,"href":"https:\/\/sindicom.hr\/en\/wp-json\/wp\/v2\/product_cat?post=17261"},{"taxonomy":"product_tag","embeddable":true,"href":"https:\/\/sindicom.hr\/en\/wp-json\/wp\/v2\/product_tag?post=17261"}],"curies":[{"name":"wp","href":"https:\/\/api.w.org\/{rel}","templated":true}]}}