{"id":17314,"date":"2020-05-11T08:47:08","date_gmt":"2020-05-11T08:47:08","guid":{"rendered":"https:\/\/sindicom.hr\/katalog\/senzor-brzine-okretaja-mercedes-org\/"},"modified":"2025-10-27T12:05:39","modified_gmt":"2025-10-27T12:05:39","slug":"senzor-brzine-okretaja-mercedes-org","status":"publish","type":"product","link":"https:\/\/sindicom.hr\/en\/katalog\/senzor-brzine-okretaja-mercedes-org\/","title":{"rendered":"SENZOR BRZINE OKRETAJA MERCEDES G 281-12 KL; G 330-12 KLA OE"},"content":{"rendered":"<p>A007542231864 MERCEDES  0075422318 MERCEDES  A0075422318 MERCEDES  A 007 542 23 18 MERCEDES  A 007 542 23 18 64 MERCEDES  4410371020 WABCO  441 037 102 0 WABCO  30.01.10006 EBS  60532422 EURORICAMBI  Gearbox speed sensor  Getriebedrehzahlsensor  Sn\u00edma\u010d ot\u00e1\u010dok prevodovky  Sensore di velocita del cambio  Sebess\u00e9gv\u00e1lt\u00f3 sebess\u00e9g\u00e9rz\u00e9kel\u0151  Capteur de vitesse de bo\u00eete de vitesses  Sensor de velocidad de la caja de cambios<\/p>\n","protected":false},"excerpt":{"rendered":"<p><img decoding=\"async\" class=\"alignnone size-medium wp-image-17709\" src=\"https:\/\/sindicom.hr\/wp-content\/uploads\/2020\/05\/mercedes-300x300.png\" alt=\"\" width=\"300\" height=\"300\" srcset=\"https:\/\/sindicom.hr\/wp-content\/uploads\/2020\/05\/mercedes-64x64.png 64w, https:\/\/sindicom.hr\/wp-content\/uploads\/2020\/05\/mercedes-66x66.png 66w, https:\/\/sindicom.hr\/wp-content\/uploads\/2020\/05\/mercedes-100x100.png 100w, https:\/\/sindicom.hr\/wp-content\/uploads\/2020\/05\/mercedes-150x150.png 150w, https:\/\/sindicom.hr\/wp-content\/uploads\/2020\/05\/mercedes-200x200.png 200w, https:\/\/sindicom.hr\/wp-content\/uploads\/2020\/05\/mercedes.png 300w\" sizes=\"(max-width: 300px) 100vw, 300px\" \/><\/p>\n","protected":false},"featured_media":36907,"template":"","meta":{"inline_featured_image":false},"product_brand":[],"product_cat":[15,113,191,107],"product_tag":[],"class_list":{"0":"post-17314","1":"product","2":"type-product","3":"status-publish","4":"has-post-thumbnail","6":"product_cat-all-products","7":"product_cat-mercedes-teretna-vozila","8":"product_cat-senzori","9":"product_cat-teretna-vozila","11":"first","12":"instock","13":"shipping-taxable","14":"purchasable","15":"product-type-simple"},"yoast_head":"<!-- This site is optimized with the Yoast SEO plugin v26.2 - https:\/\/yoast.com\/wordpress\/plugins\/seo\/ -->\n<title>SENZOR BRZINE OKRETAJA MERCEDES G 281-12 KL; G 330-12 KLA OE - Sindicom<\/title>\n<meta name=\"robots\" content=\"index, follow, max-snippet:-1, max-image-preview:large, max-video-preview:-1\" \/>\n<link rel=\"canonical\" href=\"https:\/\/sindicom.hr\/en\/katalog\/senzor-brzine-okretaja-mercedes-org\/\" \/>\n<meta property=\"og:locale\" content=\"en_US\" \/>\n<meta property=\"og:type\" content=\"article\" \/>\n<meta property=\"og:title\" content=\"SENZOR BRZINE OKRETAJA MERCEDES G 281-12 KL; G 330-12 KLA OE - Sindicom\" \/>\n<meta property=\"og:url\" content=\"https:\/\/sindicom.hr\/en\/katalog\/senzor-brzine-okretaja-mercedes-org\/\" \/>\n<meta property=\"og:site_name\" content=\"Sindicom\" \/>\n<meta property=\"article:publisher\" content=\"https:\/\/www.facebook.com\/Sindicom-doo-170277286366043\/\" \/>\n<meta property=\"article:modified_time\" content=\"2025-10-27T12:05:39+00:00\" \/>\n<meta property=\"og:image\" content=\"https:\/\/sindicom.hr\/wp-content\/uploads\/2020\/05\/A007542231864-0075422318-007542231864.webp\" \/>\n\t<meta property=\"og:image:width\" content=\"600\" \/>\n\t<meta property=\"og:image:height\" content=\"600\" \/>\n\t<meta property=\"og:image:type\" content=\"image\/webp\" \/>\n<meta name=\"twitter:card\" content=\"summary_large_image\" \/>\n<meta name=\"twitter:label1\" content=\"Est. reading time\" \/>\n\t<meta name=\"twitter:data1\" content=\"1 minute\" \/>\n<script type=\"application\/ld+json\" class=\"yoast-schema-graph\">{\"@context\":\"https:\/\/schema.org\",\"@graph\":[{\"@type\":\"WebPage\",\"@id\":\"https:\/\/sindicom.hr\/en\/katalog\/senzor-brzine-okretaja-mercedes-org\/\",\"url\":\"https:\/\/sindicom.hr\/en\/katalog\/senzor-brzine-okretaja-mercedes-org\/\",\"name\":\"SENZOR BRZINE OKRETAJA MERCEDES G 281-12 KL; G 330-12 KLA OE - Sindicom\",\"isPartOf\":{\"@id\":\"https:\/\/sindicom.hr\/en\/#website\"},\"primaryImageOfPage\":{\"@id\":\"https:\/\/sindicom.hr\/en\/katalog\/senzor-brzine-okretaja-mercedes-org\/#primaryimage\"},\"image\":{\"@id\":\"https:\/\/sindicom.hr\/en\/katalog\/senzor-brzine-okretaja-mercedes-org\/#primaryimage\"},\"thumbnailUrl\":\"https:\/\/sindicom.hr\/wp-content\/uploads\/2020\/05\/A007542231864-0075422318-007542231864.webp\",\"datePublished\":\"2020-05-11T08:47:08+00:00\",\"dateModified\":\"2025-10-27T12:05:39+00:00\",\"breadcrumb\":{\"@id\":\"https:\/\/sindicom.hr\/en\/katalog\/senzor-brzine-okretaja-mercedes-org\/#breadcrumb\"},\"inLanguage\":\"en-US\",\"potentialAction\":[{\"@type\":\"ReadAction\",\"target\":[\"https:\/\/sindicom.hr\/en\/katalog\/senzor-brzine-okretaja-mercedes-org\/\"]}]},{\"@type\":\"ImageObject\",\"inLanguage\":\"en-US\",\"@id\":\"https:\/\/sindicom.hr\/en\/katalog\/senzor-brzine-okretaja-mercedes-org\/#primaryimage\",\"url\":\"https:\/\/sindicom.hr\/wp-content\/uploads\/2020\/05\/A007542231864-0075422318-007542231864.webp\",\"contentUrl\":\"https:\/\/sindicom.hr\/wp-content\/uploads\/2020\/05\/A007542231864-0075422318-007542231864.webp\",\"width\":600,\"height\":600},{\"@type\":\"BreadcrumbList\",\"@id\":\"https:\/\/sindicom.hr\/en\/katalog\/senzor-brzine-okretaja-mercedes-org\/#breadcrumb\",\"itemListElement\":[{\"@type\":\"ListItem\",\"position\":1,\"name\":\"Po\u010detna stranica\",\"item\":\"https:\/\/sindicom.hr\/en\/\"},{\"@type\":\"ListItem\",\"position\":2,\"name\":\"Katalog dijelova\",\"item\":\"https:\/\/sindicom.hr\/en\/catalog\/\"},{\"@type\":\"ListItem\",\"position\":3,\"name\":\"SENZOR BRZINE OKRETAJA MERCEDES G 281-12 KL; G 330-12 KLA OE\"}]},{\"@type\":\"WebSite\",\"@id\":\"https:\/\/sindicom.hr\/en\/#website\",\"url\":\"https:\/\/sindicom.hr\/en\/\",\"name\":\"SINDICOM\",\"description\":\"Trade and repair of pneumatic brakes, air and hydraulic systems for trucks and buses\",\"publisher\":{\"@id\":\"https:\/\/sindicom.hr\/en\/#organization\"},\"potentialAction\":[{\"@type\":\"SearchAction\",\"target\":{\"@type\":\"EntryPoint\",\"urlTemplate\":\"https:\/\/sindicom.hr\/en\/?s={search_term_string}\"},\"query-input\":{\"@type\":\"PropertyValueSpecification\",\"valueRequired\":true,\"valueName\":\"search_term_string\"}}],\"inLanguage\":\"en-US\"},{\"@type\":\"Organization\",\"@id\":\"https:\/\/sindicom.hr\/en\/#organization\",\"name\":\"SINDICOM d.o.o.\",\"url\":\"https:\/\/sindicom.hr\/en\/\",\"logo\":{\"@type\":\"ImageObject\",\"inLanguage\":\"en-US\",\"@id\":\"https:\/\/sindicom.hr\/en\/#\/schema\/logo\/image\/\",\"url\":\"https:\/\/sindicom.hr\/wp-content\/uploads\/2019\/11\/sindicom_logo_veliki1.jpg.png\",\"contentUrl\":\"https:\/\/sindicom.hr\/wp-content\/uploads\/2019\/11\/sindicom_logo_veliki1.jpg.png\",\"width\":732,\"height\":706,\"caption\":\"SINDICOM d.o.o.\"},\"image\":{\"@id\":\"https:\/\/sindicom.hr\/en\/#\/schema\/logo\/image\/\"},\"sameAs\":[\"https:\/\/www.facebook.com\/Sindicom-doo-170277286366043\/\",\"https:\/\/instagram.com\/sindicomdoo\"]}]}<\/script>\n<!-- \/ Yoast SEO plugin. -->","yoast_head_json":{"title":"SENZOR BRZINE OKRETAJA MERCEDES G 281-12 KL; G 330-12 KLA OE - Sindicom","robots":{"index":"index","follow":"follow","max-snippet":"max-snippet:-1","max-image-preview":"max-image-preview:large","max-video-preview":"max-video-preview:-1"},"canonical":"https:\/\/sindicom.hr\/en\/katalog\/senzor-brzine-okretaja-mercedes-org\/","og_locale":"en_US","og_type":"article","og_title":"SENZOR BRZINE OKRETAJA MERCEDES G 281-12 KL; G 330-12 KLA OE - Sindicom","og_url":"https:\/\/sindicom.hr\/en\/katalog\/senzor-brzine-okretaja-mercedes-org\/","og_site_name":"Sindicom","article_publisher":"https:\/\/www.facebook.com\/Sindicom-doo-170277286366043\/","article_modified_time":"2025-10-27T12:05:39+00:00","og_image":[{"width":600,"height":600,"url":"https:\/\/sindicom.hr\/wp-content\/uploads\/2020\/05\/A007542231864-0075422318-007542231864.webp","type":"image\/webp"}],"twitter_card":"summary_large_image","twitter_misc":{"Est. reading time":"1 minute"},"schema":{"@context":"https:\/\/schema.org","@graph":[{"@type":"WebPage","@id":"https:\/\/sindicom.hr\/en\/katalog\/senzor-brzine-okretaja-mercedes-org\/","url":"https:\/\/sindicom.hr\/en\/katalog\/senzor-brzine-okretaja-mercedes-org\/","name":"SENZOR BRZINE OKRETAJA MERCEDES G 281-12 KL; G 330-12 KLA OE - Sindicom","isPartOf":{"@id":"https:\/\/sindicom.hr\/en\/#website"},"primaryImageOfPage":{"@id":"https:\/\/sindicom.hr\/en\/katalog\/senzor-brzine-okretaja-mercedes-org\/#primaryimage"},"image":{"@id":"https:\/\/sindicom.hr\/en\/katalog\/senzor-brzine-okretaja-mercedes-org\/#primaryimage"},"thumbnailUrl":"https:\/\/sindicom.hr\/wp-content\/uploads\/2020\/05\/A007542231864-0075422318-007542231864.webp","datePublished":"2020-05-11T08:47:08+00:00","dateModified":"2025-10-27T12:05:39+00:00","breadcrumb":{"@id":"https:\/\/sindicom.hr\/en\/katalog\/senzor-brzine-okretaja-mercedes-org\/#breadcrumb"},"inLanguage":"en-US","potentialAction":[{"@type":"ReadAction","target":["https:\/\/sindicom.hr\/en\/katalog\/senzor-brzine-okretaja-mercedes-org\/"]}]},{"@type":"ImageObject","inLanguage":"en-US","@id":"https:\/\/sindicom.hr\/en\/katalog\/senzor-brzine-okretaja-mercedes-org\/#primaryimage","url":"https:\/\/sindicom.hr\/wp-content\/uploads\/2020\/05\/A007542231864-0075422318-007542231864.webp","contentUrl":"https:\/\/sindicom.hr\/wp-content\/uploads\/2020\/05\/A007542231864-0075422318-007542231864.webp","width":600,"height":600},{"@type":"BreadcrumbList","@id":"https:\/\/sindicom.hr\/en\/katalog\/senzor-brzine-okretaja-mercedes-org\/#breadcrumb","itemListElement":[{"@type":"ListItem","position":1,"name":"Po\u010detna stranica","item":"https:\/\/sindicom.hr\/en\/"},{"@type":"ListItem","position":2,"name":"Katalog dijelova","item":"https:\/\/sindicom.hr\/en\/catalog\/"},{"@type":"ListItem","position":3,"name":"SENZOR BRZINE OKRETAJA MERCEDES G 281-12 KL; G 330-12 KLA OE"}]},{"@type":"WebSite","@id":"https:\/\/sindicom.hr\/en\/#website","url":"https:\/\/sindicom.hr\/en\/","name":"SINDICOM","description":"Trade and repair of pneumatic brakes, air and hydraulic systems for trucks and buses","publisher":{"@id":"https:\/\/sindicom.hr\/en\/#organization"},"potentialAction":[{"@type":"SearchAction","target":{"@type":"EntryPoint","urlTemplate":"https:\/\/sindicom.hr\/en\/?s={search_term_string}"},"query-input":{"@type":"PropertyValueSpecification","valueRequired":true,"valueName":"search_term_string"}}],"inLanguage":"en-US"},{"@type":"Organization","@id":"https:\/\/sindicom.hr\/en\/#organization","name":"SINDICOM d.o.o.","url":"https:\/\/sindicom.hr\/en\/","logo":{"@type":"ImageObject","inLanguage":"en-US","@id":"https:\/\/sindicom.hr\/en\/#\/schema\/logo\/image\/","url":"https:\/\/sindicom.hr\/wp-content\/uploads\/2019\/11\/sindicom_logo_veliki1.jpg.png","contentUrl":"https:\/\/sindicom.hr\/wp-content\/uploads\/2019\/11\/sindicom_logo_veliki1.jpg.png","width":732,"height":706,"caption":"SINDICOM d.o.o."},"image":{"@id":"https:\/\/sindicom.hr\/en\/#\/schema\/logo\/image\/"},"sameAs":["https:\/\/www.facebook.com\/Sindicom-doo-170277286366043\/","https:\/\/instagram.com\/sindicomdoo"]}]}},"_links":{"self":[{"href":"https:\/\/sindicom.hr\/en\/wp-json\/wp\/v2\/product\/17314","targetHints":{"allow":["GET"]}}],"collection":[{"href":"https:\/\/sindicom.hr\/en\/wp-json\/wp\/v2\/product"}],"about":[{"href":"https:\/\/sindicom.hr\/en\/wp-json\/wp\/v2\/types\/product"}],"wp:featuredmedia":[{"embeddable":true,"href":"https:\/\/sindicom.hr\/en\/wp-json\/wp\/v2\/media\/36907"}],"wp:attachment":[{"href":"https:\/\/sindicom.hr\/en\/wp-json\/wp\/v2\/media?parent=17314"}],"wp:term":[{"taxonomy":"product_brand","embeddable":true,"href":"https:\/\/sindicom.hr\/en\/wp-json\/wp\/v2\/product_brand?post=17314"},{"taxonomy":"product_cat","embeddable":true,"href":"https:\/\/sindicom.hr\/en\/wp-json\/wp\/v2\/product_cat?post=17314"},{"taxonomy":"product_tag","embeddable":true,"href":"https:\/\/sindicom.hr\/en\/wp-json\/wp\/v2\/product_tag?post=17314"}],"curies":[{"name":"wp","href":"https:\/\/api.w.org\/{rel}","templated":true}]}}