{"id":17317,"date":"2020-05-11T08:47:12","date_gmt":"2020-05-11T08:47:12","guid":{"rendered":"https:\/\/sindicom.hr\/katalog\/kociona-celjust-meritor-ror-dx195-desna-tvornicki-reparirana\/"},"modified":"2025-10-27T12:05:40","modified_gmt":"2025-10-27T12:05:40","slug":"kociona-celjust-meritor-ror-dx195-desna-tvornicki-reparirana","status":"publish","type":"product","link":"https:\/\/sindicom.hr\/en\/katalog\/kociona-celjust-meritor-ror-dx195-desna-tvornicki-reparirana\/","title":{"rendered":"KO\u010cIONA \u010cELJUST MERITOR ROR DX195 LIJEVA TVORNI\u010cKI REPARIRANA"},"content":{"rendered":"<p>DX19551RC MERITOR  15224836 MERITOR  15224836SR ROR  15224836SR MERITOR  1051108603 MERITOR  MXC4836 MERITOR  LRT4836 MERITOR  LRT68323215 MERITOR  DX19525 MERITOR  DX19533 MERITOR  DX19547 MERITOR  DX19551 MERITOR  LRG654 MERITOR  MXC4836 MERITOR  CF104563E75 FRUEHAUF  CF104563E400 FRUEHAUF  68323215 CARRIER MERITOR  68323263 BRIDGE MERITOR  RX93.07.001 TRUCKTECHNIC  10.24205 DT  03.36.836 EBS  26.2070.01 AIR-FREN  Air Disc Brake caliper  Luftscheibenbremse Bremssattel  Pinza del freno a disco pneumatico  \u00c9trier de frein a disque pneumatique  Pinza de freno de disco de aire<\/p>\n","protected":false},"excerpt":{"rendered":"<p><img decoding=\"async\" class=\"alignnone size-medium wp-image-17710\" src=\"https:\/\/sindicom.hr\/wp-content\/uploads\/2020\/05\/meritor-300x300.png\" alt=\"\" width=\"300\" height=\"300\" srcset=\"https:\/\/sindicom.hr\/wp-content\/uploads\/2020\/05\/meritor-64x64.png 64w, https:\/\/sindicom.hr\/wp-content\/uploads\/2020\/05\/meritor-66x66.png 66w, https:\/\/sindicom.hr\/wp-content\/uploads\/2020\/05\/meritor-100x100.png 100w, https:\/\/sindicom.hr\/wp-content\/uploads\/2020\/05\/meritor-150x150.png 150w, https:\/\/sindicom.hr\/wp-content\/uploads\/2020\/05\/meritor-200x200.png 200w, https:\/\/sindicom.hr\/wp-content\/uploads\/2020\/05\/meritor.png 300w\" sizes=\"(max-width: 300px) 100vw, 300px\" \/><\/p>\n","protected":false},"featured_media":20314,"template":"","meta":{"inline_featured_image":false},"product_brand":[],"product_cat":[15,209,59,114],"product_tag":[],"class_list":{"0":"post-17317","1":"product","2":"type-product","3":"status-publish","4":"has-post-thumbnail","6":"product_cat-all-products","7":"product_cat-fruehauf","8":"product_cat-kocione-celjusti","9":"product_cat-prikolice","11":"first","12":"instock","13":"shipping-taxable","14":"purchasable","15":"product-type-simple"},"yoast_head":"<!-- This site is optimized with the Yoast SEO plugin v26.2 - https:\/\/yoast.com\/wordpress\/plugins\/seo\/ -->\n<title>KO\u010cIONA \u010cELJUST MERITOR ROR DX195 LIJEVA TVORNI\u010cKI REPARIRANA - Sindicom<\/title>\n<meta name=\"robots\" content=\"index, follow, max-snippet:-1, max-image-preview:large, max-video-preview:-1\" \/>\n<link rel=\"canonical\" href=\"https:\/\/sindicom.hr\/en\/katalog\/kociona-celjust-meritor-ror-dx195-desna-tvornicki-reparirana\/\" \/>\n<meta property=\"og:locale\" content=\"en_US\" \/>\n<meta property=\"og:type\" content=\"article\" \/>\n<meta property=\"og:title\" content=\"KO\u010cIONA \u010cELJUST MERITOR ROR DX195 LIJEVA TVORNI\u010cKI REPARIRANA - Sindicom\" \/>\n<meta property=\"og:url\" content=\"https:\/\/sindicom.hr\/en\/katalog\/kociona-celjust-meritor-ror-dx195-desna-tvornicki-reparirana\/\" \/>\n<meta property=\"og:site_name\" content=\"Sindicom\" \/>\n<meta property=\"article:publisher\" content=\"https:\/\/www.facebook.com\/Sindicom-doo-170277286366043\/\" \/>\n<meta property=\"article:modified_time\" content=\"2025-10-27T12:05:40+00:00\" \/>\n<meta property=\"og:image\" content=\"https:\/\/sindicom.hr\/wp-content\/uploads\/2020\/05\/15224836SR-MERITOR.png\" \/>\n\t<meta property=\"og:image:width\" content=\"600\" \/>\n\t<meta property=\"og:image:height\" content=\"600\" \/>\n\t<meta property=\"og:image:type\" content=\"image\/png\" \/>\n<meta name=\"twitter:card\" content=\"summary_large_image\" \/>\n<meta name=\"twitter:label1\" content=\"Est. reading time\" \/>\n\t<meta name=\"twitter:data1\" content=\"1 minute\" \/>\n<script type=\"application\/ld+json\" class=\"yoast-schema-graph\">{\"@context\":\"https:\/\/schema.org\",\"@graph\":[{\"@type\":\"WebPage\",\"@id\":\"https:\/\/sindicom.hr\/en\/katalog\/kociona-celjust-meritor-ror-dx195-desna-tvornicki-reparirana\/\",\"url\":\"https:\/\/sindicom.hr\/en\/katalog\/kociona-celjust-meritor-ror-dx195-desna-tvornicki-reparirana\/\",\"name\":\"KO\u010cIONA \u010cELJUST MERITOR ROR DX195 LIJEVA TVORNI\u010cKI REPARIRANA - Sindicom\",\"isPartOf\":{\"@id\":\"https:\/\/sindicom.hr\/en\/#website\"},\"primaryImageOfPage\":{\"@id\":\"https:\/\/sindicom.hr\/en\/katalog\/kociona-celjust-meritor-ror-dx195-desna-tvornicki-reparirana\/#primaryimage\"},\"image\":{\"@id\":\"https:\/\/sindicom.hr\/en\/katalog\/kociona-celjust-meritor-ror-dx195-desna-tvornicki-reparirana\/#primaryimage\"},\"thumbnailUrl\":\"https:\/\/sindicom.hr\/wp-content\/uploads\/2020\/05\/15224836SR-MERITOR.png\",\"datePublished\":\"2020-05-11T08:47:12+00:00\",\"dateModified\":\"2025-10-27T12:05:40+00:00\",\"breadcrumb\":{\"@id\":\"https:\/\/sindicom.hr\/en\/katalog\/kociona-celjust-meritor-ror-dx195-desna-tvornicki-reparirana\/#breadcrumb\"},\"inLanguage\":\"en-US\",\"potentialAction\":[{\"@type\":\"ReadAction\",\"target\":[\"https:\/\/sindicom.hr\/en\/katalog\/kociona-celjust-meritor-ror-dx195-desna-tvornicki-reparirana\/\"]}]},{\"@type\":\"ImageObject\",\"inLanguage\":\"en-US\",\"@id\":\"https:\/\/sindicom.hr\/en\/katalog\/kociona-celjust-meritor-ror-dx195-desna-tvornicki-reparirana\/#primaryimage\",\"url\":\"https:\/\/sindicom.hr\/wp-content\/uploads\/2020\/05\/15224836SR-MERITOR.png\",\"contentUrl\":\"https:\/\/sindicom.hr\/wp-content\/uploads\/2020\/05\/15224836SR-MERITOR.png\",\"width\":600,\"height\":600},{\"@type\":\"BreadcrumbList\",\"@id\":\"https:\/\/sindicom.hr\/en\/katalog\/kociona-celjust-meritor-ror-dx195-desna-tvornicki-reparirana\/#breadcrumb\",\"itemListElement\":[{\"@type\":\"ListItem\",\"position\":1,\"name\":\"Po\u010detna stranica\",\"item\":\"https:\/\/sindicom.hr\/en\/\"},{\"@type\":\"ListItem\",\"position\":2,\"name\":\"Katalog dijelova\",\"item\":\"https:\/\/sindicom.hr\/en\/catalog\/\"},{\"@type\":\"ListItem\",\"position\":3,\"name\":\"KO\u010cIONA \u010cELJUST MERITOR ROR DX195 DESNA TVORNI\u010cKI REPARIRANA\"}]},{\"@type\":\"WebSite\",\"@id\":\"https:\/\/sindicom.hr\/en\/#website\",\"url\":\"https:\/\/sindicom.hr\/en\/\",\"name\":\"SINDICOM\",\"description\":\"Trade and repair of pneumatic brakes, air and hydraulic systems for trucks and buses\",\"publisher\":{\"@id\":\"https:\/\/sindicom.hr\/en\/#organization\"},\"potentialAction\":[{\"@type\":\"SearchAction\",\"target\":{\"@type\":\"EntryPoint\",\"urlTemplate\":\"https:\/\/sindicom.hr\/en\/?s={search_term_string}\"},\"query-input\":{\"@type\":\"PropertyValueSpecification\",\"valueRequired\":true,\"valueName\":\"search_term_string\"}}],\"inLanguage\":\"en-US\"},{\"@type\":\"Organization\",\"@id\":\"https:\/\/sindicom.hr\/en\/#organization\",\"name\":\"SINDICOM d.o.o.\",\"url\":\"https:\/\/sindicom.hr\/en\/\",\"logo\":{\"@type\":\"ImageObject\",\"inLanguage\":\"en-US\",\"@id\":\"https:\/\/sindicom.hr\/en\/#\/schema\/logo\/image\/\",\"url\":\"https:\/\/sindicom.hr\/wp-content\/uploads\/2019\/11\/sindicom_logo_veliki1.jpg.png\",\"contentUrl\":\"https:\/\/sindicom.hr\/wp-content\/uploads\/2019\/11\/sindicom_logo_veliki1.jpg.png\",\"width\":732,\"height\":706,\"caption\":\"SINDICOM d.o.o.\"},\"image\":{\"@id\":\"https:\/\/sindicom.hr\/en\/#\/schema\/logo\/image\/\"},\"sameAs\":[\"https:\/\/www.facebook.com\/Sindicom-doo-170277286366043\/\",\"https:\/\/instagram.com\/sindicomdoo\"]}]}<\/script>\n<!-- \/ Yoast SEO plugin. -->","yoast_head_json":{"title":"KO\u010cIONA \u010cELJUST MERITOR ROR DX195 LIJEVA TVORNI\u010cKI REPARIRANA - Sindicom","robots":{"index":"index","follow":"follow","max-snippet":"max-snippet:-1","max-image-preview":"max-image-preview:large","max-video-preview":"max-video-preview:-1"},"canonical":"https:\/\/sindicom.hr\/en\/katalog\/kociona-celjust-meritor-ror-dx195-desna-tvornicki-reparirana\/","og_locale":"en_US","og_type":"article","og_title":"KO\u010cIONA \u010cELJUST MERITOR ROR DX195 LIJEVA TVORNI\u010cKI REPARIRANA - Sindicom","og_url":"https:\/\/sindicom.hr\/en\/katalog\/kociona-celjust-meritor-ror-dx195-desna-tvornicki-reparirana\/","og_site_name":"Sindicom","article_publisher":"https:\/\/www.facebook.com\/Sindicom-doo-170277286366043\/","article_modified_time":"2025-10-27T12:05:40+00:00","og_image":[{"width":600,"height":600,"url":"https:\/\/sindicom.hr\/wp-content\/uploads\/2020\/05\/15224836SR-MERITOR.png","type":"image\/png"}],"twitter_card":"summary_large_image","twitter_misc":{"Est. reading time":"1 minute"},"schema":{"@context":"https:\/\/schema.org","@graph":[{"@type":"WebPage","@id":"https:\/\/sindicom.hr\/en\/katalog\/kociona-celjust-meritor-ror-dx195-desna-tvornicki-reparirana\/","url":"https:\/\/sindicom.hr\/en\/katalog\/kociona-celjust-meritor-ror-dx195-desna-tvornicki-reparirana\/","name":"KO\u010cIONA \u010cELJUST MERITOR ROR DX195 LIJEVA TVORNI\u010cKI REPARIRANA - Sindicom","isPartOf":{"@id":"https:\/\/sindicom.hr\/en\/#website"},"primaryImageOfPage":{"@id":"https:\/\/sindicom.hr\/en\/katalog\/kociona-celjust-meritor-ror-dx195-desna-tvornicki-reparirana\/#primaryimage"},"image":{"@id":"https:\/\/sindicom.hr\/en\/katalog\/kociona-celjust-meritor-ror-dx195-desna-tvornicki-reparirana\/#primaryimage"},"thumbnailUrl":"https:\/\/sindicom.hr\/wp-content\/uploads\/2020\/05\/15224836SR-MERITOR.png","datePublished":"2020-05-11T08:47:12+00:00","dateModified":"2025-10-27T12:05:40+00:00","breadcrumb":{"@id":"https:\/\/sindicom.hr\/en\/katalog\/kociona-celjust-meritor-ror-dx195-desna-tvornicki-reparirana\/#breadcrumb"},"inLanguage":"en-US","potentialAction":[{"@type":"ReadAction","target":["https:\/\/sindicom.hr\/en\/katalog\/kociona-celjust-meritor-ror-dx195-desna-tvornicki-reparirana\/"]}]},{"@type":"ImageObject","inLanguage":"en-US","@id":"https:\/\/sindicom.hr\/en\/katalog\/kociona-celjust-meritor-ror-dx195-desna-tvornicki-reparirana\/#primaryimage","url":"https:\/\/sindicom.hr\/wp-content\/uploads\/2020\/05\/15224836SR-MERITOR.png","contentUrl":"https:\/\/sindicom.hr\/wp-content\/uploads\/2020\/05\/15224836SR-MERITOR.png","width":600,"height":600},{"@type":"BreadcrumbList","@id":"https:\/\/sindicom.hr\/en\/katalog\/kociona-celjust-meritor-ror-dx195-desna-tvornicki-reparirana\/#breadcrumb","itemListElement":[{"@type":"ListItem","position":1,"name":"Po\u010detna stranica","item":"https:\/\/sindicom.hr\/en\/"},{"@type":"ListItem","position":2,"name":"Katalog dijelova","item":"https:\/\/sindicom.hr\/en\/catalog\/"},{"@type":"ListItem","position":3,"name":"KO\u010cIONA \u010cELJUST MERITOR ROR DX195 DESNA TVORNI\u010cKI REPARIRANA"}]},{"@type":"WebSite","@id":"https:\/\/sindicom.hr\/en\/#website","url":"https:\/\/sindicom.hr\/en\/","name":"SINDICOM","description":"Trade and repair of pneumatic brakes, air and hydraulic systems for trucks and buses","publisher":{"@id":"https:\/\/sindicom.hr\/en\/#organization"},"potentialAction":[{"@type":"SearchAction","target":{"@type":"EntryPoint","urlTemplate":"https:\/\/sindicom.hr\/en\/?s={search_term_string}"},"query-input":{"@type":"PropertyValueSpecification","valueRequired":true,"valueName":"search_term_string"}}],"inLanguage":"en-US"},{"@type":"Organization","@id":"https:\/\/sindicom.hr\/en\/#organization","name":"SINDICOM d.o.o.","url":"https:\/\/sindicom.hr\/en\/","logo":{"@type":"ImageObject","inLanguage":"en-US","@id":"https:\/\/sindicom.hr\/en\/#\/schema\/logo\/image\/","url":"https:\/\/sindicom.hr\/wp-content\/uploads\/2019\/11\/sindicom_logo_veliki1.jpg.png","contentUrl":"https:\/\/sindicom.hr\/wp-content\/uploads\/2019\/11\/sindicom_logo_veliki1.jpg.png","width":732,"height":706,"caption":"SINDICOM d.o.o."},"image":{"@id":"https:\/\/sindicom.hr\/en\/#\/schema\/logo\/image\/"},"sameAs":["https:\/\/www.facebook.com\/Sindicom-doo-170277286366043\/","https:\/\/instagram.com\/sindicomdoo"]}]}},"_links":{"self":[{"href":"https:\/\/sindicom.hr\/en\/wp-json\/wp\/v2\/product\/17317","targetHints":{"allow":["GET"]}}],"collection":[{"href":"https:\/\/sindicom.hr\/en\/wp-json\/wp\/v2\/product"}],"about":[{"href":"https:\/\/sindicom.hr\/en\/wp-json\/wp\/v2\/types\/product"}],"wp:featuredmedia":[{"embeddable":true,"href":"https:\/\/sindicom.hr\/en\/wp-json\/wp\/v2\/media\/20314"}],"wp:attachment":[{"href":"https:\/\/sindicom.hr\/en\/wp-json\/wp\/v2\/media?parent=17317"}],"wp:term":[{"taxonomy":"product_brand","embeddable":true,"href":"https:\/\/sindicom.hr\/en\/wp-json\/wp\/v2\/product_brand?post=17317"},{"taxonomy":"product_cat","embeddable":true,"href":"https:\/\/sindicom.hr\/en\/wp-json\/wp\/v2\/product_cat?post=17317"},{"taxonomy":"product_tag","embeddable":true,"href":"https:\/\/sindicom.hr\/en\/wp-json\/wp\/v2\/product_tag?post=17317"}],"curies":[{"name":"wp","href":"https:\/\/api.w.org\/{rel}","templated":true}]}}